{"id":1052,"date":"2014-09-24T16:04:07","date_gmt":"2014-09-24T20:04:07","guid":{"rendered":"http:\/\/cpar.draconis.ufms.br\/?page_id=1052"},"modified":"2026-03-24T14:23:10","modified_gmt":"2026-03-24T18:23:10","slug":"empresa-junior","status":"publish","type":"page","link":"https:\/\/cpar.ufms.br\/en\/graduacao\/administracao\/empresa-junior\/","title":{"rendered":"Empresa J\u00fanior"},"content":{"rendered":"<h2>Diretoria Executiva &#8211; gest\u00e3o 2026<\/h2>\n<p><strong>Presidente<\/strong><br \/>\nLa\u00eds Prado Gon\u00e7alves Campos<\/p>\n<p><strong>Vice-presidente<\/strong><br \/>\nVanderley Monteiro dos Santos Junior<\/p>\n<p><strong>Diretora Financeira<\/strong><br \/>\nKasla Priscila Silva de Souza<\/p>\n<p><strong>Diretor de Marketing<\/strong><br \/>\nVanderley Monteiro dos Santos Junior<\/p>\n<p><strong>Diretor Fiscal<\/strong><br \/>\nMois\u00e9s Simpliciano Corr\u00eaa Lelis<\/p>\n<p><strong>Diretora de Recursos Humanos<\/strong><br \/>\nGisele Nunes Rosa Santos<\/p>\n<p><strong>Diretora Operacional<\/strong><br \/>\nLucas Vitor Euzebio de Oliveira<\/p>\n<p><strong>Diretora Administrativo<\/strong><br \/>\nCintia Cristina Rosa Nossa Ribeiro<\/p>\n<p>&nbsp;<\/p>\n<p><strong>Certificados de visitas t\u00e9cnicas e palestras:<\/strong><\/p>\n<p><strong><a href=\"https:\/\/drive.google.com\/drive\/folders\/1NbW2k1brmKqPPovdGzwgio_HWaQwPmGV?usp=sharing\">Ano de 2021<\/a><\/strong><\/p>\n<p><strong><a href=\"https:\/\/drive.google.com\/drive\/folders\/1sh4qj5ObEpLCHNjCzmeJFhGK1PXw3T0P?usp=sharing\">Ano de 2022<\/a><\/strong><\/p>\n<p>&nbsp;<\/p>\n<p><a href=\"https:\/\/cpar.ufms.br\/files\/2024\/03\/fotor-20240318155311.png\"><img fetchpriority=\"high\" decoding=\"async\" class=\"wp-image-15860 size-medium aligncenter\" src=\"https:\/\/cpar.ufms.br\/files\/2024\/03\/fotor-20240318155311-300x300.png\" alt=\"\" width=\"300\" height=\"300\" srcset=\"https:\/\/cpar.ufms.br\/files\/2024\/03\/fotor-20240318155311-300x300.png 300w, https:\/\/cpar.ufms.br\/files\/2024\/03\/fotor-20240318155311-150x150.png 150w, https:\/\/cpar.ufms.br\/files\/2024\/03\/fotor-20240318155311-768x768.png 768w, https:\/\/cpar.ufms.br\/files\/2024\/03\/fotor-20240318155311-320x320.png 320w, https:\/\/cpar.ufms.br\/files\/2024\/03\/fotor-20240318155311.png 860w\" sizes=\"(max-width: 300px) 100vw, 300px\" \/><\/a><\/p>\n<h3><\/h3>\n<p>&nbsp;<\/p>\n<p>&nbsp;","protected":false},"excerpt":{"rendered":"<p>Diretoria Executiva &#8211; gest\u00e3o 2026 Presidente La\u00eds Prado Gon\u00e7alves Campos Vice-presidente Vanderley Monteiro dos Santos Junior Diretora Financeira Kasla Priscila Silva de Souza Diretor de Marketing Vanderley Monteiro dos Santos Junior Diretor Fiscal Mois\u00e9s Simpliciano Corr\u00eaa Lelis Diretora de Recursos Humanos Gisele Nunes Rosa Santos Diretora Operacional Lucas Vitor Euzebio de Oliveira Diretora Administrativo Cintia [&hellip;]<\/p>\n","protected":false},"author":1582,"featured_media":0,"parent":83,"menu_order":0,"comment_status":"closed","ping_status":"open","template":"page-templates\/page-subcoordenadoria.php","meta":{"footnotes":""},"coauthors":[373],"class_list":["post-1052","page","type-page","status-publish","hentry"],"yoast_head":"<!-- This site is optimized with the Yoast SEO plugin v26.2 - https:\/\/yoast.com\/wordpress\/plugins\/seo\/ -->\n<title>Empresa J\u00fanior - CPAR - Campus de Parana\u00edba<\/title>\n<meta name=\"robots\" content=\"index, follow, max-snippet:-1, max-image-preview:large, max-video-preview:-1\" \/>\n<link rel=\"canonical\" href=\"https:\/\/cpar.ufms.br\/graduacao\/administracao\/empresa-junior\/\" \/>\n<meta property=\"og:locale\" content=\"en_US\" \/>\n<meta property=\"og:type\" content=\"article\" \/>\n<meta property=\"og:title\" content=\"Empresa J\u00fanior - CPAR - Campus de Parana\u00edba\" \/>\n<meta property=\"og:description\" content=\"Diretoria Executiva &#8211; gest\u00e3o 2026 Presidente La\u00eds Prado Gon\u00e7alves Campos Vice-presidente Vanderley Monteiro dos Santos Junior Diretora Financeira Kasla Priscila Silva de Souza Diretor de Marketing Vanderley Monteiro dos Santos Junior Diretor Fiscal Mois\u00e9s Simpliciano Corr\u00eaa Lelis Diretora de Recursos Humanos Gisele Nunes Rosa Santos Diretora Operacional Lucas Vitor Euzebio de Oliveira Diretora Administrativo Cintia [&hellip;]\" \/>\n<meta property=\"og:url\" content=\"https:\/\/cpar.ufms.br\/graduacao\/administracao\/empresa-junior\/\" \/>\n<meta property=\"og:site_name\" content=\"CPAR - Campus de Parana\u00edba\" \/>\n<meta property=\"article:modified_time\" content=\"2026-03-24T18:23:10+00:00\" \/>\n<meta property=\"og:image\" content=\"https:\/\/cpar.ufms.br\/files\/2024\/03\/fotor-20240318155311.png\" \/>\n\t<meta property=\"og:image:width\" content=\"860\" \/>\n\t<meta property=\"og:image:height\" content=\"860\" \/>\n\t<meta property=\"og:image:type\" content=\"image\/png\" \/>\n<meta name=\"twitter:label1\" content=\"Est. reading time\" \/>\n\t<meta name=\"twitter:data1\" content=\"1 minute\" \/>\n\t<meta name=\"twitter:label2\" content=\"Written by\" \/>\n\t<meta name=\"twitter:data2\" content=\"CPAR.UFMS\" \/>\n<script type=\"application\/ld+json\" class=\"yoast-schema-graph\">{\"@context\":\"https:\/\/schema.org\",\"@graph\":[{\"@type\":\"WebPage\",\"@id\":\"https:\/\/cpar.ufms.br\/graduacao\/administracao\/empresa-junior\/\",\"url\":\"https:\/\/cpar.ufms.br\/graduacao\/administracao\/empresa-junior\/\",\"name\":\"Empresa J\u00fanior - CPAR - Campus de Parana\u00edba\",\"isPartOf\":{\"@id\":\"https:\/\/cpar.ufms.br\/#website\"},\"primaryImageOfPage\":{\"@id\":\"https:\/\/cpar.ufms.br\/graduacao\/administracao\/empresa-junior\/#primaryimage\"},\"image\":{\"@id\":\"https:\/\/cpar.ufms.br\/graduacao\/administracao\/empresa-junior\/#primaryimage\"},\"thumbnailUrl\":\"https:\/\/cpar.ufms.br\/files\/2024\/03\/fotor-20240318155311-300x300.png\",\"datePublished\":\"2014-09-24T20:04:07+00:00\",\"dateModified\":\"2026-03-24T18:23:10+00:00\",\"breadcrumb\":{\"@id\":\"https:\/\/cpar.ufms.br\/graduacao\/administracao\/empresa-junior\/#breadcrumb\"},\"inLanguage\":\"en-US\",\"potentialAction\":[{\"@type\":\"ReadAction\",\"target\":[\"https:\/\/cpar.ufms.br\/graduacao\/administracao\/empresa-junior\/\"]}]},{\"@type\":\"ImageObject\",\"inLanguage\":\"en-US\",\"@id\":\"https:\/\/cpar.ufms.br\/graduacao\/administracao\/empresa-junior\/#primaryimage\",\"url\":\"https:\/\/cpar.ufms.br\/files\/2024\/03\/fotor-20240318155311-300x300.png\",\"contentUrl\":\"https:\/\/cpar.ufms.br\/files\/2024\/03\/fotor-20240318155311-300x300.png\"},{\"@type\":\"BreadcrumbList\",\"@id\":\"https:\/\/cpar.ufms.br\/graduacao\/administracao\/empresa-junior\/#breadcrumb\",\"itemListElement\":[{\"@type\":\"ListItem\",\"position\":1,\"name\":\"In\u00edcio\",\"item\":\"https:\/\/cpar.ufms.br\/\"},{\"@type\":\"ListItem\",\"position\":2,\"name\":\"Gradua\u00e7\u00e3o\",\"item\":\"https:\/\/cpar.ufms.br\/graduacao\/\"},{\"@type\":\"ListItem\",\"position\":3,\"name\":\"Administra\u00e7\u00e3o\",\"item\":\"https:\/\/cpar.ufms.br\/graduacao\/administracao\/\"},{\"@type\":\"ListItem\",\"position\":4,\"name\":\"Empresa J\u00fanior\"}]},{\"@type\":\"WebSite\",\"@id\":\"https:\/\/cpar.ufms.br\/#website\",\"url\":\"https:\/\/cpar.ufms.br\/\",\"name\":\"CPAR - Campus de Parana\u00edba\",\"description\":\"Universidade Federal de Mato Grosso do Sul\",\"potentialAction\":[{\"@type\":\"SearchAction\",\"target\":{\"@type\":\"EntryPoint\",\"urlTemplate\":\"https:\/\/cpar.ufms.br\/?s={search_term_string}\"},\"query-input\":{\"@type\":\"PropertyValueSpecification\",\"valueRequired\":true,\"valueName\":\"search_term_string\"}}],\"inLanguage\":\"en-US\"}]}<\/script>\n<!-- \/ Yoast SEO plugin. -->","yoast_head_json":{"title":"Empresa J\u00fanior - CPAR - Campus de Parana\u00edba","robots":{"index":"index","follow":"follow","max-snippet":"max-snippet:-1","max-image-preview":"max-image-preview:large","max-video-preview":"max-video-preview:-1"},"canonical":"https:\/\/cpar.ufms.br\/graduacao\/administracao\/empresa-junior\/","og_locale":"en_US","og_type":"article","og_title":"Empresa J\u00fanior - CPAR - Campus de Parana\u00edba","og_description":"Diretoria Executiva &#8211; gest\u00e3o 2026 Presidente La\u00eds Prado Gon\u00e7alves Campos Vice-presidente Vanderley Monteiro dos Santos Junior Diretora Financeira Kasla Priscila Silva de Souza Diretor de Marketing Vanderley Monteiro dos Santos Junior Diretor Fiscal Mois\u00e9s Simpliciano Corr\u00eaa Lelis Diretora de Recursos Humanos Gisele Nunes Rosa Santos Diretora Operacional Lucas Vitor Euzebio de Oliveira Diretora Administrativo Cintia [&hellip;]","og_url":"https:\/\/cpar.ufms.br\/graduacao\/administracao\/empresa-junior\/","og_site_name":"CPAR - Campus de Parana\u00edba","article_modified_time":"2026-03-24T18:23:10+00:00","og_image":[{"width":860,"height":860,"url":"https:\/\/cpar.ufms.br\/files\/2024\/03\/fotor-20240318155311.png","type":"image\/png"}],"twitter_misc":{"Est. reading time":"1 minute","Written by":"CPAR.UFMS"},"schema":{"@context":"https:\/\/schema.org","@graph":[{"@type":"WebPage","@id":"https:\/\/cpar.ufms.br\/graduacao\/administracao\/empresa-junior\/","url":"https:\/\/cpar.ufms.br\/graduacao\/administracao\/empresa-junior\/","name":"Empresa J\u00fanior - CPAR - Campus de Parana\u00edba","isPartOf":{"@id":"https:\/\/cpar.ufms.br\/#website"},"primaryImageOfPage":{"@id":"https:\/\/cpar.ufms.br\/graduacao\/administracao\/empresa-junior\/#primaryimage"},"image":{"@id":"https:\/\/cpar.ufms.br\/graduacao\/administracao\/empresa-junior\/#primaryimage"},"thumbnailUrl":"https:\/\/cpar.ufms.br\/files\/2024\/03\/fotor-20240318155311-300x300.png","datePublished":"2014-09-24T20:04:07+00:00","dateModified":"2026-03-24T18:23:10+00:00","breadcrumb":{"@id":"https:\/\/cpar.ufms.br\/graduacao\/administracao\/empresa-junior\/#breadcrumb"},"inLanguage":"en-US","potentialAction":[{"@type":"ReadAction","target":["https:\/\/cpar.ufms.br\/graduacao\/administracao\/empresa-junior\/"]}]},{"@type":"ImageObject","inLanguage":"en-US","@id":"https:\/\/cpar.ufms.br\/graduacao\/administracao\/empresa-junior\/#primaryimage","url":"https:\/\/cpar.ufms.br\/files\/2024\/03\/fotor-20240318155311-300x300.png","contentUrl":"https:\/\/cpar.ufms.br\/files\/2024\/03\/fotor-20240318155311-300x300.png"},{"@type":"BreadcrumbList","@id":"https:\/\/cpar.ufms.br\/graduacao\/administracao\/empresa-junior\/#breadcrumb","itemListElement":[{"@type":"ListItem","position":1,"name":"In\u00edcio","item":"https:\/\/cpar.ufms.br\/"},{"@type":"ListItem","position":2,"name":"Gradua\u00e7\u00e3o","item":"https:\/\/cpar.ufms.br\/graduacao\/"},{"@type":"ListItem","position":3,"name":"Administra\u00e7\u00e3o","item":"https:\/\/cpar.ufms.br\/graduacao\/administracao\/"},{"@type":"ListItem","position":4,"name":"Empresa J\u00fanior"}]},{"@type":"WebSite","@id":"https:\/\/cpar.ufms.br\/#website","url":"https:\/\/cpar.ufms.br\/","name":"CPAR - Campus de Parana\u00edba","description":"Universidade Federal de Mato Grosso do Sul","potentialAction":[{"@type":"SearchAction","target":{"@type":"EntryPoint","urlTemplate":"https:\/\/cpar.ufms.br\/?s={search_term_string}"},"query-input":{"@type":"PropertyValueSpecification","valueRequired":true,"valueName":"search_term_string"}}],"inLanguage":"en-US"}]}},"_links":{"self":[{"href":"https:\/\/cpar.ufms.br\/en\/wp-json\/wp\/v2\/pages\/1052","targetHints":{"allow":["GET"]}}],"collection":[{"href":"https:\/\/cpar.ufms.br\/en\/wp-json\/wp\/v2\/pages"}],"about":[{"href":"https:\/\/cpar.ufms.br\/en\/wp-json\/wp\/v2\/types\/page"}],"author":[{"embeddable":true,"href":"https:\/\/cpar.ufms.br\/en\/wp-json\/wp\/v2\/users\/1582"}],"replies":[{"embeddable":true,"href":"https:\/\/cpar.ufms.br\/en\/wp-json\/wp\/v2\/comments?post=1052"}],"version-history":[{"count":40,"href":"https:\/\/cpar.ufms.br\/en\/wp-json\/wp\/v2\/pages\/1052\/revisions"}],"predecessor-version":[{"id":17617,"href":"https:\/\/cpar.ufms.br\/en\/wp-json\/wp\/v2\/pages\/1052\/revisions\/17617"}],"up":[{"embeddable":true,"href":"https:\/\/cpar.ufms.br\/en\/wp-json\/wp\/v2\/pages\/83"}],"wp:attachment":[{"href":"https:\/\/cpar.ufms.br\/en\/wp-json\/wp\/v2\/media?parent=1052"}],"wp:term":[{"taxonomy":"author","embeddable":true,"href":"https:\/\/cpar.ufms.br\/en\/wp-json\/wp\/v2\/coauthors?post=1052"}],"curies":[{"name":"wp","href":"https:\/\/api.w.org\/{rel}","templated":true}]}}