{"id":10922,"date":"2021-02-08T16:50:23","date_gmt":"2021-02-08T20:50:23","guid":{"rendered":"https:\/\/cpar.ufms.br\/?page_id=10922"},"modified":"2021-07-29T15:52:56","modified_gmt":"2021-07-29T19:52:56","slug":"iv-simsad-simposio-sul-mato-grossense-de-administracao","status":"publish","type":"page","link":"https:\/\/cpar.ufms.br\/en\/graduacao\/administracao\/iv-simsad-simposio-sul-mato-grossense-de-administracao\/","title":{"rendered":"IV SIMSAD &#8211; Simp\u00f3sio Sul-Mato-Grossense de Administra\u00e7\u00e3o"},"content":{"rendered":"<p style=\"text-align: justify\">Vem a\u00ed o IV simp\u00f3sio Sul-Mato-Grossense de Administra\u00e7\u00e3o, com o tema:<\/p>\n<p style=\"text-align: center\"><strong>Administra\u00e7\u00e3o Inovadora e Sustent\u00e1vel: an\u00e1lise e perspectivas<\/strong><\/p>\n<h5>Participe da nossa Pesquisa de satisfa\u00e7\u00e3o! Responda o question\u00e1rio: <a href=\"https:\/\/forms.gle\/wUV8KwkyC9HTkATZ7\">https:\/\/forms.gle\/wUV8KwkyC9HTkATZ7<\/a><\/h5>\n<h5 style=\"text-align: center\"><a href=\"https:\/\/www.youtube.com\/playlist?list=PL9jyjQqpSTW2VkHQATTzoWlfjrwhS0GLy\"><span style=\"color: #ff0000\">Assista o evento completo pelo youtube AO VIVO!<\/span><\/a><\/h5>\n<h5 style=\"text-align: center\"><a href=\"https:\/\/cpar.ufms.br\/files\/2021\/05\/ARTIGOS-APROVADOS-IV-SIMSAD.pdf\"><strong><span style=\"color: #ff0000\">CONFIRA AQUI OS ARTIGOS APROVADOS PARA O EVENTO!<\/span><\/strong><\/a><\/h5>\n<p>&nbsp;<\/p>\n<p style=\"text-align: justify\">O evento ser\u00e1 totalmente on-line e contar\u00e1 com apresenta\u00e7\u00e3o de palestras, minicursos, visitas t\u00e9cnicas e profissionais e acad\u00eamicos poder\u00e3o submeter e apresentar trabalhos cient\u00edficos.<\/p>\n<p style=\"text-align: justify\">O evento ser\u00e1 realizado pelo curso de Administra\u00e7\u00e3o e pela Empresa J\u00fanior do campus de Parana\u00edba &#8211; CPAR.<\/p>\n<div style=\"text-align: justify\"><a href=\"https:\/\/cpar.ufms.br\/files\/2021\/05\/MELHOR-NOTA-POR-\u00c1REA-IV-SIMSAD.pdf\"><strong>ACESSE AQUI O MELHOR ARTIGO POR \u00c1REA<\/strong><\/a><\/div>\n<div><a href=\"https:\/\/cpar.ufms.br\/files\/2021\/05\/FAST-TRACK-MELHORES-ARTIGOS-SIMSAD-2021-1.pdf\"><strong>ACESSE AQUI OS ARTIGOS SELECIONADOS FAST TRACK\u00a0<\/strong><\/a><\/div>\n<div><\/div>\n<p>Acesse aqui as apresenta\u00e7\u00f5es de artigos cient\u00edficos nos grupos de trabalho!<\/p>\n<p>Dia 18 de Maio (ter\u00e7a-feira)<\/p>\n<p><a href=\"https:\/\/drive.google.com\/file\/d\/1eNLlarzt5-ycVieEjEjGmg8az-KdPs7Y\/view?usp=sharing\">\u00c1rea Administra\u00e7\u00e3o Financeira<\/a><\/p>\n<p><a href=\"https:\/\/drive.google.com\/file\/d\/1-Q9E8G1ryjfkSOg0OE3RZsX0g5s_Ww_N\/view?usp=sharing\">\u00c1rea Temas Transversais<\/a><\/p>\n<p><a href=\"https:\/\/drive.google.com\/file\/d\/1R2JjIDF1z6h2BTokboT-dalw6db7mVB_\/view?usp=sharing\">\u00c1rea Empreendedorismo, Inova\u00e7\u00e3o e Sustentabilidade<\/a><\/p>\n<p><a href=\"https:\/\/drive.google.com\/file\/d\/1ZkX6Gn0bFWNtJlcXkykzFetMuJxrnr4y\/view?usp=sharing\">\u00c1rea Recursos Humanos<\/a><\/p>\n<p><a href=\"https:\/\/drive.google.com\/file\/d\/1MH8gbNJSk-zvM86ortJPBtExnvHTlttN\/view?usp=sharing\">\u00c1rea Marketing<\/a><\/p>\n<p>Dia 21 de Maio: (quinta-feira)<\/p>\n<p><a href=\"https:\/\/drive.google.com\/file\/d\/1Nb_BZiNulTr4UrXPOBMZq2ChR1_q1uaw\/view?usp=sharing\">\u00c1rea Administra\u00e7\u00e3o Financeira<\/a><\/p>\n<p><a href=\"https:\/\/drive.google.com\/file\/d\/1vik2Y7Ilwh0VOazLu6uImsbIIufFgDOF\/view?usp=sharing\">\u00c1rea Temas Transversais<\/a><\/p>\n<p><a href=\"https:\/\/drive.google.com\/file\/d\/1XOldDRm-wr71BDYpvA4C-IMyCkRQvO5P\/view?usp=sharing\">\u00c1rea Empreendedorismo, Inova\u00e7\u00e3o e Sustentabilidade<\/a><\/p>\n<p><a href=\"https:\/\/drive.google.com\/file\/d\/1E4oYlp_gA6nkVA0jNINYlQ4_MWpnAOf1\/view?usp=sharing\">\u00c1rea Recursos Humanos<\/a><\/p>\n<p><a href=\"https:\/\/drive.google.com\/file\/d\/1M2-du7jBWlCkoAIfMGCOf4Q4TB3P8Grr\/view?usp=sharing\">\u00c1rea Marketing<\/a><\/p>\n<h6><a href=\"https:\/\/support.microsoft.com\/pt-br\/office\/treinamento-em-v%c3%addeo-do-microsoft-teams-4f108e54-240b-4351-8084-b1089f0d21d7?ui=pt-br&amp;rs=pt-br&amp;ad=br\">O evento est\u00e1 utilizando a plataforma Microsoft Teams. Voc\u00ea pode acessar um tutorial completo clicando aqui!<\/a><\/h6>\n<p style=\"text-align: justify\"><strong>Para mais informa\u00e7\u00f5es acesse o site: <\/strong><a href=\"https:\/\/doity.com.br\/simsad2021\"><strong>https:\/\/doity.com.br\/simsad2021<\/strong><\/a><\/p>\n<p style=\"text-align: justify\"><i><b>D\u00favidas, coment\u00e1rios ou sugest\u00f5es sobre o IV SIMSAD mandar via e-mail\u00a0<a href=\"mailto:simsad.cpar@ufms.br\" target=\"_blank\" rel=\"noopener noreferrer\">simsad.cpar@ufms.br<\/a>\u00a0<\/b><\/i><\/p>\n<p style=\"text-align: justify\"><a href=\"https:\/\/cpar.ufms.br\/files\/2021\/04\/SIMSAD-2.png\"><img fetchpriority=\"high\" decoding=\"async\" class=\"aligncenter size-medium wp-image-11252\" src=\"https:\/\/cpar.ufms.br\/files\/2021\/04\/SIMSAD-2-214x300.png\" alt=\"\" width=\"214\" height=\"300\" \/><\/a><\/p>\n","protected":false},"excerpt":{"rendered":"<p>Vem a\u00ed o IV simp\u00f3sio Sul-Mato-Grossense de Administra\u00e7\u00e3o, com o tema: Administra\u00e7\u00e3o Inovadora e Sustent\u00e1vel: an\u00e1lise e perspectivas Participe da nossa Pesquisa de satisfa\u00e7\u00e3o! Responda o question\u00e1rio: https:\/\/forms.gle\/wUV8KwkyC9HTkATZ7 Assista o evento completo pelo youtube AO VIVO! CONFIRA AQUI OS ARTIGOS APROVADOS PARA O EVENTO! &nbsp; O evento ser\u00e1 totalmente on-line e contar\u00e1 com apresenta\u00e7\u00e3o de [&hellip;]<\/p>\n","protected":false},"author":1381,"featured_media":0,"parent":83,"menu_order":0,"comment_status":"closed","ping_status":"closed","template":"page-templates\/page-coordenadorias.php","meta":{"footnotes":""},"coauthors":[],"class_list":["post-10922","page","type-page","status-publish","hentry"],"yoast_head":"<!-- This site is optimized with the Yoast SEO plugin v26.2 - https:\/\/yoast.com\/wordpress\/plugins\/seo\/ -->\n<title>IV SIMSAD - Simp\u00f3sio Sul-Mato-Grossense de Administra\u00e7\u00e3o - CPAR - Campus de Parana\u00edba<\/title>\n<meta name=\"robots\" content=\"index, follow, max-snippet:-1, max-image-preview:large, max-video-preview:-1\" \/>\n<link rel=\"canonical\" href=\"https:\/\/cpar.ufms.br\/graduacao\/administracao\/iv-simsad-simposio-sul-mato-grossense-de-administracao\/\" \/>\n<meta property=\"og:locale\" content=\"en_US\" \/>\n<meta property=\"og:type\" content=\"article\" \/>\n<meta property=\"og:title\" content=\"IV SIMSAD - Simp\u00f3sio Sul-Mato-Grossense de Administra\u00e7\u00e3o - CPAR - Campus de Parana\u00edba\" \/>\n<meta property=\"og:description\" content=\"Vem a\u00ed o IV simp\u00f3sio Sul-Mato-Grossense de Administra\u00e7\u00e3o, com o tema: Administra\u00e7\u00e3o Inovadora e Sustent\u00e1vel: an\u00e1lise e perspectivas Participe da nossa Pesquisa de satisfa\u00e7\u00e3o! Responda o question\u00e1rio: https:\/\/forms.gle\/wUV8KwkyC9HTkATZ7 Assista o evento completo pelo youtube AO VIVO! CONFIRA AQUI OS ARTIGOS APROVADOS PARA O EVENTO! &nbsp; O evento ser\u00e1 totalmente on-line e contar\u00e1 com apresenta\u00e7\u00e3o de [&hellip;]\" \/>\n<meta property=\"og:url\" content=\"https:\/\/cpar.ufms.br\/graduacao\/administracao\/iv-simsad-simposio-sul-mato-grossense-de-administracao\/\" \/>\n<meta property=\"og:site_name\" content=\"CPAR - Campus de Parana\u00edba\" \/>\n<meta property=\"article:modified_time\" content=\"2021-07-29T19:52:56+00:00\" \/>\n<meta property=\"og:image\" content=\"https:\/\/cpar.ufms.br\/files\/2021\/02\/simsad-4.jpg\" \/>\n\t<meta property=\"og:image:width\" content=\"700\" \/>\n\t<meta property=\"og:image:height\" content=\"300\" \/>\n\t<meta property=\"og:image:type\" content=\"image\/jpeg\" \/>\n<meta name=\"twitter:label1\" content=\"Est. reading time\" \/>\n\t<meta name=\"twitter:data1\" content=\"1 minute\" \/>\n\t<meta name=\"twitter:label2\" content=\"Written by\" \/>\n\t<meta name=\"twitter:data2\" content=\"dirceu.matos\" \/>\n<script type=\"application\/ld+json\" class=\"yoast-schema-graph\">{\"@context\":\"https:\/\/schema.org\",\"@graph\":[{\"@type\":\"WebPage\",\"@id\":\"https:\/\/cpar.ufms.br\/graduacao\/administracao\/iv-simsad-simposio-sul-mato-grossense-de-administracao\/\",\"url\":\"https:\/\/cpar.ufms.br\/graduacao\/administracao\/iv-simsad-simposio-sul-mato-grossense-de-administracao\/\",\"name\":\"IV SIMSAD - Simp\u00f3sio Sul-Mato-Grossense de Administra\u00e7\u00e3o - CPAR - Campus de Parana\u00edba\",\"isPartOf\":{\"@id\":\"https:\/\/cpar.ufms.br\/#website\"},\"primaryImageOfPage\":{\"@id\":\"https:\/\/cpar.ufms.br\/graduacao\/administracao\/iv-simsad-simposio-sul-mato-grossense-de-administracao\/#primaryimage\"},\"image\":{\"@id\":\"https:\/\/cpar.ufms.br\/graduacao\/administracao\/iv-simsad-simposio-sul-mato-grossense-de-administracao\/#primaryimage\"},\"thumbnailUrl\":\"https:\/\/cpar.ufms.br\/files\/2021\/04\/SIMSAD-2-214x300.png\",\"datePublished\":\"2021-02-08T20:50:23+00:00\",\"dateModified\":\"2021-07-29T19:52:56+00:00\",\"breadcrumb\":{\"@id\":\"https:\/\/cpar.ufms.br\/graduacao\/administracao\/iv-simsad-simposio-sul-mato-grossense-de-administracao\/#breadcrumb\"},\"inLanguage\":\"en-US\",\"potentialAction\":[{\"@type\":\"ReadAction\",\"target\":[\"https:\/\/cpar.ufms.br\/graduacao\/administracao\/iv-simsad-simposio-sul-mato-grossense-de-administracao\/\"]}]},{\"@type\":\"ImageObject\",\"inLanguage\":\"en-US\",\"@id\":\"https:\/\/cpar.ufms.br\/graduacao\/administracao\/iv-simsad-simposio-sul-mato-grossense-de-administracao\/#primaryimage\",\"url\":\"https:\/\/cpar.ufms.br\/files\/2021\/04\/SIMSAD-2-214x300.png\",\"contentUrl\":\"https:\/\/cpar.ufms.br\/files\/2021\/04\/SIMSAD-2-214x300.png\"},{\"@type\":\"BreadcrumbList\",\"@id\":\"https:\/\/cpar.ufms.br\/graduacao\/administracao\/iv-simsad-simposio-sul-mato-grossense-de-administracao\/#breadcrumb\",\"itemListElement\":[{\"@type\":\"ListItem\",\"position\":1,\"name\":\"In\u00edcio\",\"item\":\"https:\/\/cpar.ufms.br\/\"},{\"@type\":\"ListItem\",\"position\":2,\"name\":\"Gradua\u00e7\u00e3o\",\"item\":\"https:\/\/cpar.ufms.br\/graduacao\/\"},{\"@type\":\"ListItem\",\"position\":3,\"name\":\"Administra\u00e7\u00e3o\",\"item\":\"https:\/\/cpar.ufms.br\/graduacao\/administracao\/\"},{\"@type\":\"ListItem\",\"position\":4,\"name\":\"IV SIMSAD &#8211; Simp\u00f3sio Sul-Mato-Grossense de Administra\u00e7\u00e3o\"}]},{\"@type\":\"WebSite\",\"@id\":\"https:\/\/cpar.ufms.br\/#website\",\"url\":\"https:\/\/cpar.ufms.br\/\",\"name\":\"CPAR - Campus de Parana\u00edba\",\"description\":\"Universidade Federal de Mato Grosso do Sul\",\"potentialAction\":[{\"@type\":\"SearchAction\",\"target\":{\"@type\":\"EntryPoint\",\"urlTemplate\":\"https:\/\/cpar.ufms.br\/?s={search_term_string}\"},\"query-input\":{\"@type\":\"PropertyValueSpecification\",\"valueRequired\":true,\"valueName\":\"search_term_string\"}}],\"inLanguage\":\"en-US\"}]}<\/script>\n<!-- \/ Yoast SEO plugin. -->","yoast_head_json":{"title":"IV SIMSAD - Simp\u00f3sio Sul-Mato-Grossense de Administra\u00e7\u00e3o - CPAR - Campus de Parana\u00edba","robots":{"index":"index","follow":"follow","max-snippet":"max-snippet:-1","max-image-preview":"max-image-preview:large","max-video-preview":"max-video-preview:-1"},"canonical":"https:\/\/cpar.ufms.br\/graduacao\/administracao\/iv-simsad-simposio-sul-mato-grossense-de-administracao\/","og_locale":"en_US","og_type":"article","og_title":"IV SIMSAD - Simp\u00f3sio Sul-Mato-Grossense de Administra\u00e7\u00e3o - CPAR - Campus de Parana\u00edba","og_description":"Vem a\u00ed o IV simp\u00f3sio Sul-Mato-Grossense de Administra\u00e7\u00e3o, com o tema: Administra\u00e7\u00e3o Inovadora e Sustent\u00e1vel: an\u00e1lise e perspectivas Participe da nossa Pesquisa de satisfa\u00e7\u00e3o! Responda o question\u00e1rio: https:\/\/forms.gle\/wUV8KwkyC9HTkATZ7 Assista o evento completo pelo youtube AO VIVO! CONFIRA AQUI OS ARTIGOS APROVADOS PARA O EVENTO! &nbsp; O evento ser\u00e1 totalmente on-line e contar\u00e1 com apresenta\u00e7\u00e3o de [&hellip;]","og_url":"https:\/\/cpar.ufms.br\/graduacao\/administracao\/iv-simsad-simposio-sul-mato-grossense-de-administracao\/","og_site_name":"CPAR - Campus de Parana\u00edba","article_modified_time":"2021-07-29T19:52:56+00:00","og_image":[{"width":700,"height":300,"url":"https:\/\/cpar.ufms.br\/files\/2021\/02\/simsad-4.jpg","type":"image\/jpeg"}],"twitter_misc":{"Est. reading time":"1 minute","Written by":"dirceu.matos"},"schema":{"@context":"https:\/\/schema.org","@graph":[{"@type":"WebPage","@id":"https:\/\/cpar.ufms.br\/graduacao\/administracao\/iv-simsad-simposio-sul-mato-grossense-de-administracao\/","url":"https:\/\/cpar.ufms.br\/graduacao\/administracao\/iv-simsad-simposio-sul-mato-grossense-de-administracao\/","name":"IV SIMSAD - Simp\u00f3sio Sul-Mato-Grossense de Administra\u00e7\u00e3o - CPAR - Campus de Parana\u00edba","isPartOf":{"@id":"https:\/\/cpar.ufms.br\/#website"},"primaryImageOfPage":{"@id":"https:\/\/cpar.ufms.br\/graduacao\/administracao\/iv-simsad-simposio-sul-mato-grossense-de-administracao\/#primaryimage"},"image":{"@id":"https:\/\/cpar.ufms.br\/graduacao\/administracao\/iv-simsad-simposio-sul-mato-grossense-de-administracao\/#primaryimage"},"thumbnailUrl":"https:\/\/cpar.ufms.br\/files\/2021\/04\/SIMSAD-2-214x300.png","datePublished":"2021-02-08T20:50:23+00:00","dateModified":"2021-07-29T19:52:56+00:00","breadcrumb":{"@id":"https:\/\/cpar.ufms.br\/graduacao\/administracao\/iv-simsad-simposio-sul-mato-grossense-de-administracao\/#breadcrumb"},"inLanguage":"en-US","potentialAction":[{"@type":"ReadAction","target":["https:\/\/cpar.ufms.br\/graduacao\/administracao\/iv-simsad-simposio-sul-mato-grossense-de-administracao\/"]}]},{"@type":"ImageObject","inLanguage":"en-US","@id":"https:\/\/cpar.ufms.br\/graduacao\/administracao\/iv-simsad-simposio-sul-mato-grossense-de-administracao\/#primaryimage","url":"https:\/\/cpar.ufms.br\/files\/2021\/04\/SIMSAD-2-214x300.png","contentUrl":"https:\/\/cpar.ufms.br\/files\/2021\/04\/SIMSAD-2-214x300.png"},{"@type":"BreadcrumbList","@id":"https:\/\/cpar.ufms.br\/graduacao\/administracao\/iv-simsad-simposio-sul-mato-grossense-de-administracao\/#breadcrumb","itemListElement":[{"@type":"ListItem","position":1,"name":"In\u00edcio","item":"https:\/\/cpar.ufms.br\/"},{"@type":"ListItem","position":2,"name":"Gradua\u00e7\u00e3o","item":"https:\/\/cpar.ufms.br\/graduacao\/"},{"@type":"ListItem","position":3,"name":"Administra\u00e7\u00e3o","item":"https:\/\/cpar.ufms.br\/graduacao\/administracao\/"},{"@type":"ListItem","position":4,"name":"IV SIMSAD &#8211; Simp\u00f3sio Sul-Mato-Grossense de Administra\u00e7\u00e3o"}]},{"@type":"WebSite","@id":"https:\/\/cpar.ufms.br\/#website","url":"https:\/\/cpar.ufms.br\/","name":"CPAR - Campus de Parana\u00edba","description":"Universidade Federal de Mato Grosso do Sul","potentialAction":[{"@type":"SearchAction","target":{"@type":"EntryPoint","urlTemplate":"https:\/\/cpar.ufms.br\/?s={search_term_string}"},"query-input":{"@type":"PropertyValueSpecification","valueRequired":true,"valueName":"search_term_string"}}],"inLanguage":"en-US"}]}},"_links":{"self":[{"href":"https:\/\/cpar.ufms.br\/en\/wp-json\/wp\/v2\/pages\/10922","targetHints":{"allow":["GET"]}}],"collection":[{"href":"https:\/\/cpar.ufms.br\/en\/wp-json\/wp\/v2\/pages"}],"about":[{"href":"https:\/\/cpar.ufms.br\/en\/wp-json\/wp\/v2\/types\/page"}],"author":[{"embeddable":true,"href":"https:\/\/cpar.ufms.br\/en\/wp-json\/wp\/v2\/users\/1381"}],"replies":[{"embeddable":true,"href":"https:\/\/cpar.ufms.br\/en\/wp-json\/wp\/v2\/comments?post=10922"}],"version-history":[{"count":32,"href":"https:\/\/cpar.ufms.br\/en\/wp-json\/wp\/v2\/pages\/10922\/revisions"}],"predecessor-version":[{"id":11459,"href":"https:\/\/cpar.ufms.br\/en\/wp-json\/wp\/v2\/pages\/10922\/revisions\/11459"}],"up":[{"embeddable":true,"href":"https:\/\/cpar.ufms.br\/en\/wp-json\/wp\/v2\/pages\/83"}],"wp:attachment":[{"href":"https:\/\/cpar.ufms.br\/en\/wp-json\/wp\/v2\/media?parent=10922"}],"wp:term":[{"taxonomy":"author","embeddable":true,"href":"https:\/\/cpar.ufms.br\/en\/wp-json\/wp\/v2\/coauthors?post=10922"}],"curies":[{"name":"wp","href":"https:\/\/api.w.org\/{rel}","templated":true}]}}