{"id":11036,"date":"2021-03-12T15:54:48","date_gmt":"2021-03-12T19:54:48","guid":{"rendered":"https:\/\/cpar.ufms.br\/?page_id=11036"},"modified":"2021-04-20T09:07:41","modified_gmt":"2021-04-20T13:07:41","slug":"consulta-2021-2025","status":"publish","type":"page","link":"https:\/\/cpar.ufms.br\/en\/consulta-2021-2025\/","title":{"rendered":"Consulta \u00e0 comunidade Universit\u00e1ria para a Dire\u00e7\u00e3o do CPAR 2021-2025"},"content":{"rendered":"<p style=\"text-align: justify\">O CPAR deu in\u00edcio ao processo de Consulta \u00e0 comunidade Universit\u00e1ria para <span class=\"fontstyle0\"> subsidiar a escolha do Diretor(a) da Unidade, para o mandato referente ao quadri\u00eanio 2021-2025<\/span>.<\/p>\n<p>&nbsp;<\/p>\n<h4 style=\"text-align: justify\">Confira o edital aqui:<strong> <a href=\"https:\/\/cpar.ufms.br\/files\/2021\/03\/Edital-Comiss\u00e3o-Eleitoral-n.-01-de-12-03-21.pdf\">Edital &#8211; Comiss\u00e3o Eleitoral n. 01 de 12-03-21<\/a><\/strong><\/h4>\n<p>&nbsp;<\/p>\n<p style=\"text-align: justify\">Ata da 1\u00aa Reuni\u00e3o Ordin\u00e1ria da Comiss\u00e3o Eleitoral: <a href=\"https:\/\/cpar.ufms.br\/files\/2021\/03\/ATA-Comissao-Eleitoral_CPAR-Reuniao-Ordinaria-n-1-de-12-03-2021.pdf\"><strong>ATA (Comissao Eleitoral_CPAR) Reuniao Ordinaria n 1, de 12-03-2021<\/strong><\/a><\/p>\n<p style=\"text-align: justify\">Decreto presidencial que regulamenta o processo de escolha dos dirigentes das institui\u00e7\u00f5es federais de ensino superior: <a href=\"https:\/\/cpar.ufms.br\/files\/2021\/03\/Decreto_n__1.916__de_1996.pdf\"><strong>Decreto_n1.916_de_1996<\/strong><\/a><\/p>\n<p style=\"text-align: justify\">Portaria da Reitoria da UFMS que d<span class=\"fontstyle0\">isp\u00f5e sobre a organiza\u00e7\u00e3o da lista tr\u00edplice e do Processo de Consulta \u00e0 Comunidade Universit\u00e1ria para escolha e nomea\u00e7\u00e3o de Diretores de Unidades da Administra\u00e7\u00e3o Setorial \u2013 2021-2025 no \u00e2mbito da Funda\u00e7\u00e3o Universidade Federal de Mato Grosso do Sul: <a href=\"https:\/\/cpar.ufms.br\/files\/2021\/03\/Port.-n.1.236-d-26_02_2021.pdf\"><strong>Port. n.1.236 d 26_02_2021<\/strong><\/a><\/span><\/p>\n<p style=\"text-align: justify\">Resolu\u00e7\u00e3o do Conselho de C\u00e2mpus que e<span class=\"fontstyle0\">stabelece as Normas Regulamentadoras do Processo de Consulta \u00e0 Comunidade Universit\u00e1ria do C\u00e2mpus de Parana\u00edba e para organiza\u00e7\u00e3o da lista tr\u00edplice destinada \u00e0 escolha e nomea\u00e7\u00e3o do Diretor \u2013 mandato 2021-2025: <a href=\"https:\/\/cpar.ufms.br\/files\/2021\/03\/Res.-n.179-CAS_CPAR-11-03-21.pdf\"><strong>Res. n.179-CAS_CPAR 11-03-2<\/strong>1<\/a><\/span><\/p>\n<p style=\"text-align: justify\">Resolu\u00e7\u00e3o do Conselho de C\u00e2mpus que constitui a Comiss\u00e3o Eleitoral para <span class=\"fontstyle0\">coordenar o processo de consulta \u00e0 Comunidade Universit\u00e1ria do C\u00e2mpus de Parana\u00edba, visando \u00e0 escolha de Diretor (a) <\/span><span class=\"fontstyle0\">de C\u00e2mpus, mandato 2021-2025<\/span>: <strong><a href=\"https:\/\/cpar.ufms.br\/files\/2021\/03\/Res.-n.180-CAS_CPAR-11-03-21.pdf\">Res. n.180-CAS_CPAR 11-03-21<\/a><\/strong><\/p>\n<p><span class=\"fontstyle0\">Resolu\u00e7\u00e3o que complementa a Resolu\u00e7\u00e3o n\u00ba 179- CAS\/CPAR\/UFMS de 11 de mar\u00e7o de 2021 que estabelece as Normas Regulamentadoras do Processo de Consulta \u00e0 Comunidade Universit\u00e1ria do C\u00e2mpus de Parana\u00edba e para organiza\u00e7\u00e3o da lista tr\u00edplice destinada \u00e0 escolha e nomea\u00e7\u00e3o do Diretor \u2013 mandato 2021-2025: <strong><a href=\"https:\/\/cpar.ufms.br\/files\/2021\/03\/RESOLUCAO-N-182-CAS_CPAR_UFMS-DE-23-DE-MARCO-DE-2021.pdf\">RESOLUCAO N 182-CAS_CPAR<\/a><\/strong><\/span><\/p>\n<p>&nbsp;<\/p>\n<h6><span style=\"color: #ff0000\"><strong>Resultado das inscri\u00e7\u00f5es deferidas e indeferidas: <a style=\"color: #ff0000\" href=\"https:\/\/cpar.ufms.br\/files\/2021\/03\/EDITAL-COMISSAO-ELEITORA_CPAR-n-2-de-23-03-2021.pdf\">EDITAL (COMISSAO ELEITORA_CPAR) n 2, de 23-03-2021<\/a><\/strong><\/span><\/h6>\n<h6><strong><span style=\"color: #ff0000\">Resultado da homologa\u00e7\u00e3o das inscri\u00e7\u00f5es: <a style=\"color: #ff0000\" href=\"https:\/\/cpar.ufms.br\/files\/2021\/03\/Edital-n.-3-de-26-3-21.pdf\">EDITAL (COMISS\u00c3O ELEITORAL CPAR) n 2, de 26-03-21<\/a><\/span><\/strong><\/h6>\n<h6><span style=\"color: #ff0000\"><strong>Lista de eleitores aptos a votar: <span style=\"color: #ff0000\"><a style=\"color: #ff0000\" href=\"https:\/\/cpar.ufms.br\/files\/2021\/04\/EDITAL-Comissao-Eleitoral_CPAR-n-4-de-31-03-2021.pdf\">EDITAL (Comissao Eleitoral_CPAR) n 4, de 31-03-2021<\/a><\/span><\/strong><\/span><\/h6>\n<h6><span style=\"color: #ff0000\">Lista final de eleitores aptos a votar: <a style=\"color: #ff0000\" href=\"https:\/\/cpar.ufms.br\/files\/2021\/04\/EDITAL-n-5-lista-final-eleitores.pdf\">EDITAL n 5 &#8211; lista final eleitores<\/a><\/span><\/h6>\n<h6><span style=\"color: #ff0000\">Resultado do Processo de Consulta \u00e0 Comunidade Universit\u00e1ria do C\u00e2mpus de Parana\u00edba: <a style=\"color: #ff0000\" href=\"https:\/\/cpar.ufms.br\/files\/2021\/04\/Edital-n.6-de-14-04.pdf\">Edital n.6 de 14-04<\/a><\/span><\/h6>\n<h6><span style=\"color: #ff0000\"><strong>Resultado da Consulta \u00e0 Comunidade Universit\u00e1ria ap\u00f3s o prazo para impugna\u00e7\u00e3o: <a style=\"color: #ff0000\" href=\"https:\/\/cpar.ufms.br\/files\/2021\/04\/edital-rsultado-2-1.pdf\" target=\"_blank\" rel=\"noopener noreferrer\">Edital n.7, de 19-04.<\/a><\/strong><\/span><\/h6>\n<p>&nbsp;<\/p>\n","protected":false},"excerpt":{"rendered":"<p>O CPAR deu in\u00edcio ao processo de Consulta \u00e0 comunidade Universit\u00e1ria para subsidiar a escolha do Diretor(a) da Unidade, para o mandato referente ao quadri\u00eanio 2021-2025. &nbsp; Confira o edital aqui: Edital &#8211; Comiss\u00e3o Eleitoral n. 01 de 12-03-21 &nbsp; Ata da 1\u00aa Reuni\u00e3o Ordin\u00e1ria da Comiss\u00e3o Eleitoral: ATA (Comissao Eleitoral_CPAR) Reuniao Ordinaria n 1, [&hellip;]<\/p>\n","protected":false},"author":1381,"featured_media":11089,"parent":0,"menu_order":0,"comment_status":"closed","ping_status":"closed","template":"page-templates\/page-coordenadorias.php","meta":{"footnotes":""},"coauthors":[],"class_list":["post-11036","page","type-page","status-publish","has-post-thumbnail","hentry"],"yoast_head":"<!-- This site is optimized with the Yoast SEO plugin v26.2 - https:\/\/yoast.com\/wordpress\/plugins\/seo\/ -->\n<title>Consulta \u00e0 comunidade Universit\u00e1ria para a Dire\u00e7\u00e3o do CPAR 2021-2025 - CPAR - Campus de Parana\u00edba<\/title>\n<meta name=\"robots\" content=\"index, follow, max-snippet:-1, max-image-preview:large, max-video-preview:-1\" \/>\n<link rel=\"canonical\" href=\"https:\/\/cpar.ufms.br\/consulta-2021-2025\/\" \/>\n<meta property=\"og:locale\" content=\"en_US\" \/>\n<meta property=\"og:type\" content=\"article\" \/>\n<meta property=\"og:title\" content=\"Consulta \u00e0 comunidade Universit\u00e1ria para a Dire\u00e7\u00e3o do CPAR 2021-2025 - CPAR - Campus de Parana\u00edba\" \/>\n<meta property=\"og:description\" content=\"O CPAR deu in\u00edcio ao processo de Consulta \u00e0 comunidade Universit\u00e1ria para subsidiar a escolha do Diretor(a) da Unidade, para o mandato referente ao quadri\u00eanio 2021-2025. &nbsp; Confira o edital aqui: Edital &#8211; Comiss\u00e3o Eleitoral n. 01 de 12-03-21 &nbsp; Ata da 1\u00aa Reuni\u00e3o Ordin\u00e1ria da Comiss\u00e3o Eleitoral: ATA (Comissao Eleitoral_CPAR) Reuniao Ordinaria n 1, [&hellip;]\" \/>\n<meta property=\"og:url\" content=\"https:\/\/cpar.ufms.br\/consulta-2021-2025\/\" \/>\n<meta property=\"og:site_name\" content=\"CPAR - Campus de Parana\u00edba\" \/>\n<meta property=\"article:modified_time\" content=\"2021-04-20T13:07:41+00:00\" \/>\n<meta property=\"og:image\" content=\"https:\/\/cpar.ufms.br\/files\/2021\/03\/Consulta.jpg\" \/>\n\t<meta property=\"og:image:width\" content=\"1182\" \/>\n\t<meta property=\"og:image:height\" content=\"1182\" \/>\n\t<meta property=\"og:image:type\" content=\"image\/jpeg\" \/>\n<meta name=\"twitter:label1\" content=\"Est. reading time\" \/>\n\t<meta name=\"twitter:data1\" content=\"2 minutes\" \/>\n\t<meta name=\"twitter:label2\" content=\"Written by\" \/>\n\t<meta name=\"twitter:data2\" content=\"dirceu.matos\" \/>\n<script type=\"application\/ld+json\" class=\"yoast-schema-graph\">{\"@context\":\"https:\/\/schema.org\",\"@graph\":[{\"@type\":\"WebPage\",\"@id\":\"https:\/\/cpar.ufms.br\/consulta-2021-2025\/\",\"url\":\"https:\/\/cpar.ufms.br\/consulta-2021-2025\/\",\"name\":\"Consulta \u00e0 comunidade Universit\u00e1ria para a Dire\u00e7\u00e3o do CPAR 2021-2025 - CPAR - Campus de Parana\u00edba\",\"isPartOf\":{\"@id\":\"https:\/\/cpar.ufms.br\/#website\"},\"primaryImageOfPage\":{\"@id\":\"https:\/\/cpar.ufms.br\/consulta-2021-2025\/#primaryimage\"},\"image\":{\"@id\":\"https:\/\/cpar.ufms.br\/consulta-2021-2025\/#primaryimage\"},\"thumbnailUrl\":\"https:\/\/cpar.ufms.br\/files\/2021\/03\/Consulta.jpg\",\"datePublished\":\"2021-03-12T19:54:48+00:00\",\"dateModified\":\"2021-04-20T13:07:41+00:00\",\"breadcrumb\":{\"@id\":\"https:\/\/cpar.ufms.br\/consulta-2021-2025\/#breadcrumb\"},\"inLanguage\":\"en-US\",\"potentialAction\":[{\"@type\":\"ReadAction\",\"target\":[\"https:\/\/cpar.ufms.br\/consulta-2021-2025\/\"]}]},{\"@type\":\"ImageObject\",\"inLanguage\":\"en-US\",\"@id\":\"https:\/\/cpar.ufms.br\/consulta-2021-2025\/#primaryimage\",\"url\":\"https:\/\/cpar.ufms.br\/files\/2021\/03\/Consulta.jpg\",\"contentUrl\":\"https:\/\/cpar.ufms.br\/files\/2021\/03\/Consulta.jpg\",\"width\":1182,\"height\":1182},{\"@type\":\"BreadcrumbList\",\"@id\":\"https:\/\/cpar.ufms.br\/consulta-2021-2025\/#breadcrumb\",\"itemListElement\":[{\"@type\":\"ListItem\",\"position\":1,\"name\":\"In\u00edcio\",\"item\":\"https:\/\/cpar.ufms.br\/\"},{\"@type\":\"ListItem\",\"position\":2,\"name\":\"Consulta \u00e0 comunidade Universit\u00e1ria para a Dire\u00e7\u00e3o do CPAR 2021-2025\"}]},{\"@type\":\"WebSite\",\"@id\":\"https:\/\/cpar.ufms.br\/#website\",\"url\":\"https:\/\/cpar.ufms.br\/\",\"name\":\"CPAR - Campus de Parana\u00edba\",\"description\":\"Universidade Federal de Mato Grosso do Sul\",\"potentialAction\":[{\"@type\":\"SearchAction\",\"target\":{\"@type\":\"EntryPoint\",\"urlTemplate\":\"https:\/\/cpar.ufms.br\/?s={search_term_string}\"},\"query-input\":{\"@type\":\"PropertyValueSpecification\",\"valueRequired\":true,\"valueName\":\"search_term_string\"}}],\"inLanguage\":\"en-US\"}]}<\/script>\n<!-- \/ Yoast SEO plugin. -->","yoast_head_json":{"title":"Consulta \u00e0 comunidade Universit\u00e1ria para a Dire\u00e7\u00e3o do CPAR 2021-2025 - CPAR - Campus de Parana\u00edba","robots":{"index":"index","follow":"follow","max-snippet":"max-snippet:-1","max-image-preview":"max-image-preview:large","max-video-preview":"max-video-preview:-1"},"canonical":"https:\/\/cpar.ufms.br\/consulta-2021-2025\/","og_locale":"en_US","og_type":"article","og_title":"Consulta \u00e0 comunidade Universit\u00e1ria para a Dire\u00e7\u00e3o do CPAR 2021-2025 - CPAR - Campus de Parana\u00edba","og_description":"O CPAR deu in\u00edcio ao processo de Consulta \u00e0 comunidade Universit\u00e1ria para subsidiar a escolha do Diretor(a) da Unidade, para o mandato referente ao quadri\u00eanio 2021-2025. &nbsp; Confira o edital aqui: Edital &#8211; Comiss\u00e3o Eleitoral n. 01 de 12-03-21 &nbsp; Ata da 1\u00aa Reuni\u00e3o Ordin\u00e1ria da Comiss\u00e3o Eleitoral: ATA (Comissao Eleitoral_CPAR) Reuniao Ordinaria n 1, [&hellip;]","og_url":"https:\/\/cpar.ufms.br\/consulta-2021-2025\/","og_site_name":"CPAR - Campus de Parana\u00edba","article_modified_time":"2021-04-20T13:07:41+00:00","og_image":[{"width":1182,"height":1182,"url":"https:\/\/cpar.ufms.br\/files\/2021\/03\/Consulta.jpg","type":"image\/jpeg"}],"twitter_misc":{"Est. reading time":"2 minutes","Written by":"dirceu.matos"},"schema":{"@context":"https:\/\/schema.org","@graph":[{"@type":"WebPage","@id":"https:\/\/cpar.ufms.br\/consulta-2021-2025\/","url":"https:\/\/cpar.ufms.br\/consulta-2021-2025\/","name":"Consulta \u00e0 comunidade Universit\u00e1ria para a Dire\u00e7\u00e3o do CPAR 2021-2025 - CPAR - Campus de Parana\u00edba","isPartOf":{"@id":"https:\/\/cpar.ufms.br\/#website"},"primaryImageOfPage":{"@id":"https:\/\/cpar.ufms.br\/consulta-2021-2025\/#primaryimage"},"image":{"@id":"https:\/\/cpar.ufms.br\/consulta-2021-2025\/#primaryimage"},"thumbnailUrl":"https:\/\/cpar.ufms.br\/files\/2021\/03\/Consulta.jpg","datePublished":"2021-03-12T19:54:48+00:00","dateModified":"2021-04-20T13:07:41+00:00","breadcrumb":{"@id":"https:\/\/cpar.ufms.br\/consulta-2021-2025\/#breadcrumb"},"inLanguage":"en-US","potentialAction":[{"@type":"ReadAction","target":["https:\/\/cpar.ufms.br\/consulta-2021-2025\/"]}]},{"@type":"ImageObject","inLanguage":"en-US","@id":"https:\/\/cpar.ufms.br\/consulta-2021-2025\/#primaryimage","url":"https:\/\/cpar.ufms.br\/files\/2021\/03\/Consulta.jpg","contentUrl":"https:\/\/cpar.ufms.br\/files\/2021\/03\/Consulta.jpg","width":1182,"height":1182},{"@type":"BreadcrumbList","@id":"https:\/\/cpar.ufms.br\/consulta-2021-2025\/#breadcrumb","itemListElement":[{"@type":"ListItem","position":1,"name":"In\u00edcio","item":"https:\/\/cpar.ufms.br\/"},{"@type":"ListItem","position":2,"name":"Consulta \u00e0 comunidade Universit\u00e1ria para a Dire\u00e7\u00e3o do CPAR 2021-2025"}]},{"@type":"WebSite","@id":"https:\/\/cpar.ufms.br\/#website","url":"https:\/\/cpar.ufms.br\/","name":"CPAR - Campus de Parana\u00edba","description":"Universidade Federal de Mato Grosso do Sul","potentialAction":[{"@type":"SearchAction","target":{"@type":"EntryPoint","urlTemplate":"https:\/\/cpar.ufms.br\/?s={search_term_string}"},"query-input":{"@type":"PropertyValueSpecification","valueRequired":true,"valueName":"search_term_string"}}],"inLanguage":"en-US"}]}},"_links":{"self":[{"href":"https:\/\/cpar.ufms.br\/en\/wp-json\/wp\/v2\/pages\/11036","targetHints":{"allow":["GET"]}}],"collection":[{"href":"https:\/\/cpar.ufms.br\/en\/wp-json\/wp\/v2\/pages"}],"about":[{"href":"https:\/\/cpar.ufms.br\/en\/wp-json\/wp\/v2\/types\/page"}],"author":[{"embeddable":true,"href":"https:\/\/cpar.ufms.br\/en\/wp-json\/wp\/v2\/users\/1381"}],"replies":[{"embeddable":true,"href":"https:\/\/cpar.ufms.br\/en\/wp-json\/wp\/v2\/comments?post=11036"}],"version-history":[{"count":30,"href":"https:\/\/cpar.ufms.br\/en\/wp-json\/wp\/v2\/pages\/11036\/revisions"}],"predecessor-version":[{"id":11254,"href":"https:\/\/cpar.ufms.br\/en\/wp-json\/wp\/v2\/pages\/11036\/revisions\/11254"}],"wp:featuredmedia":[{"embeddable":true,"href":"https:\/\/cpar.ufms.br\/en\/wp-json\/wp\/v2\/media\/11089"}],"wp:attachment":[{"href":"https:\/\/cpar.ufms.br\/en\/wp-json\/wp\/v2\/media?parent=11036"}],"wp:term":[{"taxonomy":"author","embeddable":true,"href":"https:\/\/cpar.ufms.br\/en\/wp-json\/wp\/v2\/coauthors?post=11036"}],"curies":[{"name":"wp","href":"https:\/\/api.w.org\/{rel}","templated":true}]}}