{"id":11098,"date":"2021-03-19T11:23:41","date_gmt":"2021-03-19T15:23:41","guid":{"rendered":"https:\/\/cpar.ufms.br\/?page_id=11098"},"modified":"2026-02-11T09:55:22","modified_gmt":"2026-02-11T13:55:22","slug":"guia-do-calouro","status":"publish","type":"page","link":"https:\/\/cpar.ufms.br\/en\/guia-do-calouro\/","title":{"rendered":"Guia do Calouro 2026"},"content":{"rendered":"<p><a href=\"https:\/\/cpar.ufms.br\/files\/2021\/03\/1.jpg\"><img fetchpriority=\"high\" decoding=\"async\" class=\"aligncenter wp-image-11099\" src=\"https:\/\/cpar.ufms.br\/files\/2021\/03\/1-300x144.jpg\" alt=\"\" width=\"710\" height=\"341\" srcset=\"https:\/\/cpar.ufms.br\/files\/2021\/03\/1-300x144.jpg 300w, https:\/\/cpar.ufms.br\/files\/2021\/03\/1-768x370.jpg 768w, https:\/\/cpar.ufms.br\/files\/2021\/03\/1-1024x493.jpg 1024w, https:\/\/cpar.ufms.br\/files\/2021\/03\/1-665x320.jpg 665w, https:\/\/cpar.ufms.br\/files\/2021\/03\/1.jpg 1350w\" sizes=\"(max-width: 710px) 100vw, 710px\" \/><\/a><\/p>\n<p style=\"text-align: justify\">Sejam bem-vindos ao Campus de Parana\u00edba!!<\/p>\n<p style=\"text-align: justify\">Sabemos que essa fase \u00e9 cheia de novidades e novas obriga\u00e7\u00f5es que podem te deixar um pouco confuso, j\u00e1 que s\u00e3o muitos detalhes para pensar e organizar. Pensando nisso, preparamos um guia com as principais informa\u00e7\u00f5es da vida universit\u00e1ria na UFMS. Aproveite cada informa\u00e7\u00e3o e saiba que estamos \u00e0 disposi\u00e7\u00e3o para ajuda-los nesse momento.<\/p>\n<p><strong>IN\u00cdCIO DAS AULAS<\/strong><\/p>\n<p>As aulas come\u00e7am no dia <strong>02 de mar\u00e7o<\/strong>, conforme Calend\u00e1rio Acad\u00eamico 2026.<br \/>\nA semana de recep\u00e7\u00e3o dos calouros acontecer\u00e1 de <strong>2 a 6 de mar\u00e7o.<\/strong><br \/>\nO quadro de hor\u00e1rios das disciplinas ficar\u00e1 dispon\u00edvel no site do CPAR (<a href=\"https:\/\/sites.google.com\/ufms.br\/quadro-de-horarios\">https:\/\/sites.google.com\/ufms.br\/quadro-de-horarios<\/a>) e tamb\u00e9m poder\u00e1 ser acessado no Siscad Acad\u00eamico.<br \/>\nSISCAD<\/p>\n<p>&nbsp;<\/p>\n<p style=\"text-align: justify\"><a href=\"https:\/\/cpar.ufms.br\/files\/2021\/03\/2.jpg\"><img decoding=\"async\" class=\"aligncenter wp-image-11100\" src=\"https:\/\/cpar.ufms.br\/files\/2021\/03\/2-300x144.jpg\" alt=\"\" width=\"709\" height=\"340\" srcset=\"https:\/\/cpar.ufms.br\/files\/2021\/03\/2-300x144.jpg 300w, https:\/\/cpar.ufms.br\/files\/2021\/03\/2-1024x493.jpg 1024w, https:\/\/cpar.ufms.br\/files\/2021\/03\/2-665x320.jpg 665w, https:\/\/cpar.ufms.br\/files\/2021\/03\/2.jpg 1350w\" sizes=\"(max-width: 709px) 100vw, 709px\" \/><\/a><\/p>\n<p>&nbsp;<\/p>\n<p>&nbsp;<\/p>\n<p>&nbsp;<\/p>\n<p style=\"text-align: justify\"><strong><a href=\"https:\/\/cpar.ufms.br\/files\/2021\/03\/WhatsApp-Image-2021-03-19-at-15.17.16-1.jpeg\"><img decoding=\"async\" class=\" wp-image-11122 alignleft\" src=\"https:\/\/cpar.ufms.br\/files\/2021\/03\/WhatsApp-Image-2021-03-19-at-15.17.16-1-300x300.jpeg\" alt=\"\" width=\"258\" height=\"258\" srcset=\"https:\/\/cpar.ufms.br\/files\/2021\/03\/WhatsApp-Image-2021-03-19-at-15.17.16-1-300x300.jpeg 300w, https:\/\/cpar.ufms.br\/files\/2021\/03\/WhatsApp-Image-2021-03-19-at-15.17.16-1-150x150.jpeg 150w, https:\/\/cpar.ufms.br\/files\/2021\/03\/WhatsApp-Image-2021-03-19-at-15.17.16-1-768x768.jpeg 768w, https:\/\/cpar.ufms.br\/files\/2021\/03\/WhatsApp-Image-2021-03-19-at-15.17.16-1-1024x1024.jpeg 1024w, https:\/\/cpar.ufms.br\/files\/2021\/03\/WhatsApp-Image-2021-03-19-at-15.17.16-1-320x320.jpeg 320w, https:\/\/cpar.ufms.br\/files\/2021\/03\/WhatsApp-Image-2021-03-19-at-15.17.16-1.jpeg 1126w\" sizes=\"(max-width: 258px) 100vw, 258px\" \/><\/a>Passaporte UFMS<\/strong><\/p>\n<p>O Passaporte UFMS \u00e9 o sistema desenvolvido pela AGETIC para que voc\u00ea tenha acesso aos servi\u00e7os on-line disponibilizados pela UFMS, como:<\/p>\n<p>&#8211; Acesso ao AVA e SISCAD<br \/>\n&#8211; Rede Wireless no campus<br \/>\n&#8211; Acesso aos computadores do laborat\u00f3rio de inform\u00e1tica e da biblioteca<br \/>\n&#8211; Realiza\u00e7\u00e3o de empr\u00e9stimo de livros<br \/>\n&#8211; Inscri\u00e7\u00e3o nos processos seletivos<br \/>\n&#8211; Envio de Requerimento Acad\u00eamico<\/p>\n<p>Ap\u00f3s o cadastro, o estudante dever\u00e1 aguardar at\u00e9 24 horas para fazer login nos sistemas da UFMS.<br \/>\nAcesse em: <a href=\"https:\/\/passaporte.ufms.br\/\">https:\/\/passaporte.ufms.br\/<\/a><\/p>\n<p>&nbsp;<\/p>\n<p><a href=\"https:\/\/cpar.ufms.br\/files\/2021\/03\/WhatsApp-Image-2021-03-19-at-15.17.15.jpeg\"><img loading=\"lazy\" decoding=\"async\" class=\" wp-image-11123 alignleft\" src=\"https:\/\/cpar.ufms.br\/files\/2021\/03\/WhatsApp-Image-2021-03-19-at-15.17.15-300x242.jpeg\" alt=\"\" width=\"250\" height=\"202\" srcset=\"https:\/\/cpar.ufms.br\/files\/2021\/03\/WhatsApp-Image-2021-03-19-at-15.17.15-300x242.jpeg 300w, https:\/\/cpar.ufms.br\/files\/2021\/03\/WhatsApp-Image-2021-03-19-at-15.17.15.jpeg 391w\" sizes=\"(max-width: 250px) 100vw, 250px\" \/><\/a><strong>Identidade Estudantil <\/strong><\/p>\n<p style=\"text-align: justify\">A\u00a0Identidade Estudantil \u00e9 um documento pessoal fornecido pela UFMS em formato digital, podendo ser impresso, ele \u00e9 utilizado para a sua identifica\u00e7\u00e3o dentro da universidade.<\/p>\n<p>&nbsp;<\/p>\n<p>&nbsp;<\/p>\n<p>&nbsp;<\/p>\n<p>&nbsp;<\/p>\n<p style=\"text-align: justify\"><strong>Como solicitar?<\/strong><\/p>\n<ol>\n<li>Acesse o link:\u00a0<u><a href=\"https:\/\/proaes.ufms.br\/identidade\/identidade-estudantil-1a-via\/\">Identidade Estudantil<\/a><\/u>;<\/li>\n<li>Confira as informa\u00e7\u00f5es pessoais antes de solicitar. Essas informa\u00e7\u00f5es n\u00e3o s\u00e3o edit\u00e1veis. Caso haja erro nas informa\u00e7\u00f5es, procure a Secretaria Acad\u00eamica do seu curso para fazer as corre\u00e7\u00f5es antes de enviar a solicita\u00e7\u00e3o;<\/li>\n<li>Fa\u00e7a o <strong>upload\u00a0da fotografia<\/strong> e envie o formul\u00e1rio com a fotografia, aguarde a confirma\u00e7\u00e3o no\u00a0site\u00a0de que a solicita\u00e7\u00e3o foi feita \u201copera\u00e7\u00e3o realizada com sucesso\u201d;<\/li>\n<\/ol>\n<p>Ap\u00f3s a solicita\u00e7\u00e3o, aguarde o prazo de 3 (tr\u00eas) dias \u00fateis para o recebimento do\u00a0e-mail\u00a0confirmando a aprova\u00e7\u00e3o da foto. Caso n\u00e3o receba a notifica\u00e7\u00e3o, entre em contato pelo\u00a0e-mail: seae.proaes@ufms.br.<\/p>\n<p style=\"text-align: justify\">Assim que aprovada a sua solicita\u00e7\u00e3o, voc\u00ea pode acessar sua identidade de forma virtual pelos seguintes meios:<\/p>\n<ol>\n<li style=\"text-align: justify\">Aplicativo\u00a0<strong>Sou UFMS\u00a0<\/strong>(dispon\u00edvel tanto para Android quanto para IOS);<\/li>\n<li style=\"text-align: justify\">Pode ser acessada pelo App Sou UFMS ou pelo site<a href=\"https:\/\/identidadeestudantil.ufms.br\/\">\u00a0https:\/\/identidadeestudantil.ufms.br\/<\/a>\u00a0local tamb\u00e9m que pode ser validada por estabelecimentos.<\/li>\n<\/ol>\n<p>&nbsp;<\/p>\n<p>&nbsp;<\/p>\n<p>&nbsp;<\/p>\n<p><a href=\"https:\/\/cpar.ufms.br\/files\/2021\/03\/WhatsApp-Image-2021-03-19-at-15.17.16.jpeg\"><img loading=\"lazy\" decoding=\"async\" class=\"wp-image-11124 alignleft\" src=\"https:\/\/cpar.ufms.br\/files\/2021\/03\/WhatsApp-Image-2021-03-19-at-15.17.16-264x300.jpeg\" alt=\"\" width=\"239\" height=\"272\" srcset=\"https:\/\/cpar.ufms.br\/files\/2021\/03\/WhatsApp-Image-2021-03-19-at-15.17.16-264x300.jpeg 264w, https:\/\/cpar.ufms.br\/files\/2021\/03\/WhatsApp-Image-2021-03-19-at-15.17.16-281x320.jpeg 281w, https:\/\/cpar.ufms.br\/files\/2021\/03\/WhatsApp-Image-2021-03-19-at-15.17.16.jpeg 406w\" sizes=\"(max-width: 239px) 100vw, 239px\" \/><\/a><strong>SISCAD<\/strong><\/p>\n<p style=\"text-align: justify\">O SISCAD \u00e9 o sistema acad\u00eamico online, nele diversas informa\u00e7\u00f5es est\u00e3o dispon\u00edveis e as atividades b\u00e1sicas da vida universit\u00e1ria podem ser acompanhadas.<\/p>\n<p style=\"text-align: justify\">No sistema voc\u00ea poder\u00e1 acompanhar o lan\u00e7amento de notas e faltas, al\u00e9m das disciplinas em que est\u00e1 matriculado(a), ter\u00e1 acesso ao Hist\u00f3rico Escolar e Estrutura Curricular do curso, poder\u00e1 emitir documentos, como a Declara\u00e7\u00e3o de matr\u00edculas e outros\u2026<\/p>\n<p>&nbsp;<\/p>\n<p>&nbsp;<\/p>\n<p>&nbsp;<\/p>\n<p>&nbsp;<\/p>\n<p>&nbsp;<\/p>\n<p><a href=\"https:\/\/cpar.ufms.br\/files\/2021\/03\/email.png\"><img loading=\"lazy\" decoding=\"async\" class=\"wp-image-11104 alignleft\" src=\"https:\/\/cpar.ufms.br\/files\/2021\/03\/email-300x300.png\" alt=\"\" width=\"239\" height=\"239\" srcset=\"https:\/\/cpar.ufms.br\/files\/2021\/03\/email-300x300.png 300w, https:\/\/cpar.ufms.br\/files\/2021\/03\/email-150x150.png 150w, https:\/\/cpar.ufms.br\/files\/2021\/03\/email-320x320.png 320w, https:\/\/cpar.ufms.br\/files\/2021\/03\/email.png 600w\" sizes=\"(max-width: 239px) 100vw, 239px\" \/><\/a><strong>E-mail Institucional <\/strong><\/p>\n<p style=\"text-align: justify\">Para entender qual a import\u00e2ncia do e-mail instrucional e aprender como solicita-lo \u00e9 s\u00f3 conferir o Tutorial criado pela UFMS clicando aqui (<a href=\"https:\/\/youtu.be\/gQEgVXCpZz8\">https:\/\/youtu.be\/gQEgVXCpZz8<\/a>)<\/p>\n<p>&nbsp;<\/p>\n<p>&nbsp;<\/p>\n<p>&nbsp;<\/p>\n<p>&nbsp;<\/p>\n<p>&nbsp;<\/p>\n<p><a href=\"https:\/\/cpar.ufms.br\/files\/2021\/03\/3.jpg\"><img loading=\"lazy\" decoding=\"async\" class=\"aligncenter wp-image-11106\" src=\"https:\/\/cpar.ufms.br\/files\/2021\/03\/3-300x144.jpg\" alt=\"\" width=\"709\" height=\"340\" srcset=\"https:\/\/cpar.ufms.br\/files\/2021\/03\/3-300x144.jpg 300w, https:\/\/cpar.ufms.br\/files\/2021\/03\/3-1024x493.jpg 1024w, https:\/\/cpar.ufms.br\/files\/2021\/03\/3-665x320.jpg 665w, https:\/\/cpar.ufms.br\/files\/2021\/03\/3.jpg 1350w\" sizes=\"(max-width: 709px) 100vw, 709px\" \/><\/a><\/p>\n<p style=\"text-align: justify\"><strong>Setor de Assist\u00eancia Estudantil &#8211; Setaes<\/strong><\/p>\n<p style=\"text-align: justify\">Essa \u00e9 a secretaria respons\u00e1vel por orientar, acompanhar e executar as atividades referente ao Apoio Estudantil vinculadas \u00e0 Pr\u00f3-Reitoria de Assuntos Estudantis (PROAES). Suas atividades est\u00e3o relacionadas a:<\/p>\n<ul style=\"text-align: justify\">\n<li>Acompanhamento do aproveitamento dos benefici\u00e1rios dos aux\u00edlios de Assist\u00eancia Estudantil<\/li>\n<li>Apoio para acad\u00eamicos com defici\u00eancia<\/li>\n<li>Servi\u00e7o social<\/li>\n<li>Aux\u00edlio apoio pedag\u00f3gico<\/li>\n<li>Aux\u00edlio emergencial<\/li>\n<li>Aux\u00edlio para participa\u00e7\u00e3o de estudantes em eventos<\/li>\n<li>Eu respeito<\/li>\n<li>Processo de concess\u00e3o de aux\u00edlios<\/li>\n<li>Renova\u00e7\u00e3o dos aux\u00edlios de assist\u00eancia estudantil<\/li>\n<\/ul>\n<p style=\"text-align: justify\"><strong>Para mais informa\u00e7\u00f5es clique aqui (adicionar esse link no \u201cclique aqui\u201d &#8211; <a href=\"https:\/\/cpar.ufms.br\/academico\/setor-assistencia-estutantil\/\">https:\/\/cpar.ufms.br\/academico\/setor-assistencia-estutantil\/<\/a><\/strong><\/p>\n<p>&nbsp;<\/p>\n<p style=\"text-align: justify\"><strong>Setor de Apoio Acad\u00eamico\u00a0 \u2013 <a href=\"https:\/\/cpar.ufms.br\/academico\/setor-apoio-academico\/\">Setac<\/a><\/strong><\/p>\n<p style=\"text-align: justify\">A Secretaria de Acompanhamento Acad\u00eamico (SEACAC) e respons\u00e1vel pelos assuntos de natureza acad\u00eamica como: controle de matr\u00edcula, movimenta\u00e7\u00e3o e transfer\u00eancia de alunos, emiss\u00e3o de documentos relativos \u00e0 vida acad\u00eamica, confer\u00eancia de processos de formandos, recebimento e encaminhamento de requerimentos, al\u00e9m de todo atendimento presencial e n\u00e3o presencial aos alunos e \u00e0 comunidade em geral.<\/p>\n<p style=\"text-align: justify\"><strong>Para mais informa\u00e7\u00f5es clique aqui (adicionar esse link no \u201cclique aqui\u201d &#8211; <\/strong><a href=\"https:\/\/cpar.ufms.br\/academico\/setor-apoio-academico\/\">https:\/\/cpar.ufms.br\/academico\/uap-academico\/ <\/a>)<\/p>\n<p>&nbsp;<\/p>\n<p style=\"text-align: justify\"><a href=\"https:\/\/cpar.ufms.br\/files\/2021\/03\/4.jpg\"><img loading=\"lazy\" decoding=\"async\" class=\"aligncenter wp-image-11107\" src=\"https:\/\/cpar.ufms.br\/files\/2021\/03\/4-300x144.jpg\" alt=\"\" width=\"709\" height=\"340\" srcset=\"https:\/\/cpar.ufms.br\/files\/2021\/03\/4-300x144.jpg 300w, https:\/\/cpar.ufms.br\/files\/2021\/03\/4-1024x493.jpg 1024w, https:\/\/cpar.ufms.br\/files\/2021\/03\/4-665x320.jpg 665w, https:\/\/cpar.ufms.br\/files\/2021\/03\/4.jpg 1350w\" sizes=\"(max-width: 709px) 100vw, 709px\" \/><\/a><\/p>\n<p>&nbsp;<\/p>\n<p><strong>Biblioteca<\/strong><\/p>\n<p>A Biblioteca do c\u00e2mpus de Parana\u00edba tem trabalhado para atender a comunidade acad\u00eamica da melhor e mais segura forma poss\u00edvel.<\/p>\n<p>Para cadastro no Sistema de bilblioteca: <a href=\"https:\/\/bibliotecas.ufms.br\/cadastro-de-usuarios\/\">https:\/\/bibliotecas.ufms.br\/cadastro-de-usuarios\/<\/a><br \/>\nPara mais informa\u00e7\u00f5es: bibliotecas.ufms.br<\/p>\n<p style=\"text-align: justify\"><strong>\u00a0<\/strong><\/p>\n<p><strong>LINKS E CONTATOS IMPORTANTES<br \/>\n<\/strong><br \/>\n<strong>Portal do Calouro CPAR:<\/strong>\u00a0https:\/\/cpar.ufms.br\/guia-do-calouro\/<br \/>\n<strong>Redes Sociais CPAR:<\/strong>\u00a0Instagram\u00a0e\u00a0Facebook.<br \/>\n<strong>Calend\u00e1rio Acad\u00eamico:<\/strong>\u00a0https:\/\/prograd.ufms.br\/calendario-academico\/<\/p>\n<p>Em caso de d\u00favidas sobre as aulas, procure pela coordena\u00e7\u00e3o do seu curso:<\/p>\n<p><strong>Coordena\u00e7\u00e3o Administra\u00e7\u00e3o:\u00a0<\/strong><br \/>\nE-mail:\u00a0adm.cpar@ufms.br<br \/>\nP\u00e1gina:\u00a0https:\/\/cpar.ufms.br\/graduacao\/administracao\/<\/p>\n<p><strong>Coordena\u00e7\u00e3o Matem\u00e1tica:\u00a0<\/strong><br \/>\nE-mail:\u00a0mat.cpar@ufms.br<br \/>\nP\u00e1gina:\u00a0https:\/\/cpar.ufms.br\/graduacao\/matematica-licenciatura\/<\/p>\n<p><strong>Coordena\u00e7\u00e3o Psicologia:<\/strong><br \/>\nE-mail:\u00a0psico.cpar@ufms.br<br \/>\nP\u00e1gina:\u00a0https:\/\/cpar.ufms.br\/graduacao\/psicologia-2\/<\/p>\n<p><strong>Coordena\u00e7\u00e3o Medicina Veterin\u00e1ria:<\/strong><br \/>\nE-mail: medvet.cpar@ufms.br<br \/>\nP\u00e1gina: https:\/\/cpar.ufms.br\/graduacao\/medicina-veterinaria\/<\/p>\n<p style=\"text-align: justify\">\n","protected":false},"excerpt":{"rendered":"<p>Sejam bem-vindos ao Campus de Parana\u00edba!! Sabemos que essa fase \u00e9 cheia de novidades e novas obriga\u00e7\u00f5es que podem te deixar um pouco confuso, j\u00e1 que s\u00e3o muitos detalhes para pensar e organizar. Pensando nisso, preparamos um guia com as principais informa\u00e7\u00f5es da vida universit\u00e1ria na UFMS. Aproveite cada informa\u00e7\u00e3o e saiba que estamos \u00e0 [&hellip;]<\/p>\n","protected":false},"author":1381,"featured_media":0,"parent":0,"menu_order":0,"comment_status":"closed","ping_status":"closed","template":"","meta":{"footnotes":""},"coauthors":[372],"class_list":["post-11098","page","type-page","status-publish","hentry"],"yoast_head":"<!-- This site is optimized with the Yoast SEO plugin v26.2 - https:\/\/yoast.com\/wordpress\/plugins\/seo\/ -->\n<title>Guia do Calouro 2026 - CPAR - Campus de Parana\u00edba<\/title>\n<meta name=\"robots\" content=\"index, follow, max-snippet:-1, max-image-preview:large, max-video-preview:-1\" \/>\n<link rel=\"canonical\" href=\"https:\/\/cpar.ufms.br\/guia-do-calouro\/\" \/>\n<meta property=\"og:locale\" content=\"en_US\" \/>\n<meta property=\"og:type\" content=\"article\" \/>\n<meta property=\"og:title\" content=\"Guia do Calouro 2026 - CPAR - Campus de Parana\u00edba\" \/>\n<meta property=\"og:description\" content=\"Sejam bem-vindos ao Campus de Parana\u00edba!! Sabemos que essa fase \u00e9 cheia de novidades e novas obriga\u00e7\u00f5es que podem te deixar um pouco confuso, j\u00e1 que s\u00e3o muitos detalhes para pensar e organizar. Pensando nisso, preparamos um guia com as principais informa\u00e7\u00f5es da vida universit\u00e1ria na UFMS. Aproveite cada informa\u00e7\u00e3o e saiba que estamos \u00e0 [&hellip;]\" \/>\n<meta property=\"og:url\" content=\"https:\/\/cpar.ufms.br\/guia-do-calouro\/\" \/>\n<meta property=\"og:site_name\" content=\"CPAR - Campus de Parana\u00edba\" \/>\n<meta property=\"article:modified_time\" content=\"2026-02-11T13:55:22+00:00\" \/>\n<meta property=\"og:image\" content=\"https:\/\/cpar.ufms.br\/files\/2021\/03\/1.jpg\" \/>\n\t<meta property=\"og:image:width\" content=\"1350\" \/>\n\t<meta property=\"og:image:height\" content=\"650\" \/>\n\t<meta property=\"og:image:type\" content=\"image\/jpeg\" \/>\n<meta name=\"twitter:label1\" content=\"Est. reading time\" \/>\n\t<meta name=\"twitter:data1\" content=\"6 minutes\" \/>\n\t<meta name=\"twitter:label2\" content=\"Written by\" \/>\n\t<meta name=\"twitter:data2\" content=\"dirceu.matos\" \/>\n<script type=\"application\/ld+json\" class=\"yoast-schema-graph\">{\"@context\":\"https:\/\/schema.org\",\"@graph\":[{\"@type\":\"WebPage\",\"@id\":\"https:\/\/cpar.ufms.br\/guia-do-calouro\/\",\"url\":\"https:\/\/cpar.ufms.br\/guia-do-calouro\/\",\"name\":\"Guia do Calouro 2026 - CPAR - Campus de Parana\u00edba\",\"isPartOf\":{\"@id\":\"https:\/\/cpar.ufms.br\/#website\"},\"primaryImageOfPage\":{\"@id\":\"https:\/\/cpar.ufms.br\/guia-do-calouro\/#primaryimage\"},\"image\":{\"@id\":\"https:\/\/cpar.ufms.br\/guia-do-calouro\/#primaryimage\"},\"thumbnailUrl\":\"https:\/\/cpar.ufms.br\/files\/2021\/03\/1-300x144.jpg\",\"datePublished\":\"2021-03-19T15:23:41+00:00\",\"dateModified\":\"2026-02-11T13:55:22+00:00\",\"breadcrumb\":{\"@id\":\"https:\/\/cpar.ufms.br\/guia-do-calouro\/#breadcrumb\"},\"inLanguage\":\"en-US\",\"potentialAction\":[{\"@type\":\"ReadAction\",\"target\":[\"https:\/\/cpar.ufms.br\/guia-do-calouro\/\"]}]},{\"@type\":\"ImageObject\",\"inLanguage\":\"en-US\",\"@id\":\"https:\/\/cpar.ufms.br\/guia-do-calouro\/#primaryimage\",\"url\":\"https:\/\/cpar.ufms.br\/files\/2021\/03\/1-300x144.jpg\",\"contentUrl\":\"https:\/\/cpar.ufms.br\/files\/2021\/03\/1-300x144.jpg\"},{\"@type\":\"BreadcrumbList\",\"@id\":\"https:\/\/cpar.ufms.br\/guia-do-calouro\/#breadcrumb\",\"itemListElement\":[{\"@type\":\"ListItem\",\"position\":1,\"name\":\"In\u00edcio\",\"item\":\"https:\/\/cpar.ufms.br\/\"},{\"@type\":\"ListItem\",\"position\":2,\"name\":\"Guia do Calouro 2026\"}]},{\"@type\":\"WebSite\",\"@id\":\"https:\/\/cpar.ufms.br\/#website\",\"url\":\"https:\/\/cpar.ufms.br\/\",\"name\":\"CPAR - Campus de Parana\u00edba\",\"description\":\"Universidade Federal de Mato Grosso do Sul\",\"potentialAction\":[{\"@type\":\"SearchAction\",\"target\":{\"@type\":\"EntryPoint\",\"urlTemplate\":\"https:\/\/cpar.ufms.br\/?s={search_term_string}\"},\"query-input\":{\"@type\":\"PropertyValueSpecification\",\"valueRequired\":true,\"valueName\":\"search_term_string\"}}],\"inLanguage\":\"en-US\"}]}<\/script>\n<!-- \/ Yoast SEO plugin. -->","yoast_head_json":{"title":"Guia do Calouro 2026 - CPAR - Campus de Parana\u00edba","robots":{"index":"index","follow":"follow","max-snippet":"max-snippet:-1","max-image-preview":"max-image-preview:large","max-video-preview":"max-video-preview:-1"},"canonical":"https:\/\/cpar.ufms.br\/guia-do-calouro\/","og_locale":"en_US","og_type":"article","og_title":"Guia do Calouro 2026 - CPAR - Campus de Parana\u00edba","og_description":"Sejam bem-vindos ao Campus de Parana\u00edba!! Sabemos que essa fase \u00e9 cheia de novidades e novas obriga\u00e7\u00f5es que podem te deixar um pouco confuso, j\u00e1 que s\u00e3o muitos detalhes para pensar e organizar. Pensando nisso, preparamos um guia com as principais informa\u00e7\u00f5es da vida universit\u00e1ria na UFMS. Aproveite cada informa\u00e7\u00e3o e saiba que estamos \u00e0 [&hellip;]","og_url":"https:\/\/cpar.ufms.br\/guia-do-calouro\/","og_site_name":"CPAR - Campus de Parana\u00edba","article_modified_time":"2026-02-11T13:55:22+00:00","og_image":[{"width":1350,"height":650,"url":"https:\/\/cpar.ufms.br\/files\/2021\/03\/1.jpg","type":"image\/jpeg"}],"twitter_misc":{"Est. reading time":"6 minutes","Written by":"dirceu.matos"},"schema":{"@context":"https:\/\/schema.org","@graph":[{"@type":"WebPage","@id":"https:\/\/cpar.ufms.br\/guia-do-calouro\/","url":"https:\/\/cpar.ufms.br\/guia-do-calouro\/","name":"Guia do Calouro 2026 - CPAR - Campus de Parana\u00edba","isPartOf":{"@id":"https:\/\/cpar.ufms.br\/#website"},"primaryImageOfPage":{"@id":"https:\/\/cpar.ufms.br\/guia-do-calouro\/#primaryimage"},"image":{"@id":"https:\/\/cpar.ufms.br\/guia-do-calouro\/#primaryimage"},"thumbnailUrl":"https:\/\/cpar.ufms.br\/files\/2021\/03\/1-300x144.jpg","datePublished":"2021-03-19T15:23:41+00:00","dateModified":"2026-02-11T13:55:22+00:00","breadcrumb":{"@id":"https:\/\/cpar.ufms.br\/guia-do-calouro\/#breadcrumb"},"inLanguage":"en-US","potentialAction":[{"@type":"ReadAction","target":["https:\/\/cpar.ufms.br\/guia-do-calouro\/"]}]},{"@type":"ImageObject","inLanguage":"en-US","@id":"https:\/\/cpar.ufms.br\/guia-do-calouro\/#primaryimage","url":"https:\/\/cpar.ufms.br\/files\/2021\/03\/1-300x144.jpg","contentUrl":"https:\/\/cpar.ufms.br\/files\/2021\/03\/1-300x144.jpg"},{"@type":"BreadcrumbList","@id":"https:\/\/cpar.ufms.br\/guia-do-calouro\/#breadcrumb","itemListElement":[{"@type":"ListItem","position":1,"name":"In\u00edcio","item":"https:\/\/cpar.ufms.br\/"},{"@type":"ListItem","position":2,"name":"Guia do Calouro 2026"}]},{"@type":"WebSite","@id":"https:\/\/cpar.ufms.br\/#website","url":"https:\/\/cpar.ufms.br\/","name":"CPAR - Campus de Parana\u00edba","description":"Universidade Federal de Mato Grosso do Sul","potentialAction":[{"@type":"SearchAction","target":{"@type":"EntryPoint","urlTemplate":"https:\/\/cpar.ufms.br\/?s={search_term_string}"},"query-input":{"@type":"PropertyValueSpecification","valueRequired":true,"valueName":"search_term_string"}}],"inLanguage":"en-US"}]}},"_links":{"self":[{"href":"https:\/\/cpar.ufms.br\/en\/wp-json\/wp\/v2\/pages\/11098","targetHints":{"allow":["GET"]}}],"collection":[{"href":"https:\/\/cpar.ufms.br\/en\/wp-json\/wp\/v2\/pages"}],"about":[{"href":"https:\/\/cpar.ufms.br\/en\/wp-json\/wp\/v2\/types\/page"}],"author":[{"embeddable":true,"href":"https:\/\/cpar.ufms.br\/en\/wp-json\/wp\/v2\/users\/1381"}],"replies":[{"embeddable":true,"href":"https:\/\/cpar.ufms.br\/en\/wp-json\/wp\/v2\/comments?post=11098"}],"version-history":[{"count":18,"href":"https:\/\/cpar.ufms.br\/en\/wp-json\/wp\/v2\/pages\/11098\/revisions"}],"predecessor-version":[{"id":17480,"href":"https:\/\/cpar.ufms.br\/en\/wp-json\/wp\/v2\/pages\/11098\/revisions\/17480"}],"wp:attachment":[{"href":"https:\/\/cpar.ufms.br\/en\/wp-json\/wp\/v2\/media?parent=11098"}],"wp:term":[{"taxonomy":"author","embeddable":true,"href":"https:\/\/cpar.ufms.br\/en\/wp-json\/wp\/v2\/coauthors?post=11098"}],"curies":[{"name":"wp","href":"https:\/\/api.w.org\/{rel}","templated":true}]}}