{"id":11632,"date":"2021-07-14T14:19:49","date_gmt":"2021-07-14T18:19:49","guid":{"rendered":"https:\/\/cpar.ufms.br\/?page_id=11632"},"modified":"2023-08-09T16:03:01","modified_gmt":"2023-08-09T20:03:01","slug":"grupos-de-pesquisa","status":"publish","type":"page","link":"https:\/\/cpar.ufms.br\/en\/grupos-de-pesquisa\/","title":{"rendered":"Grupos de Pesquisa"},"content":{"rendered":"<h5 style=\"text-align: justify\"><span style=\"color: #ff0000\">Administra\u00e7\u00e3o<\/span><\/h5>\n<p>&nbsp;<\/p>\n<h6><strong>GEPAS &#8211; Gest\u00e3o de Pessoas, Gest\u00e3o Ambiental, Sustentabilidade e Economia Circular<\/strong><\/h6>\n<p style=\"text-align: justify\"><span class=\"\">O grupo realiza suas pesquisas sobre Gest\u00e3o de Pessoas, Gest\u00e3o Ambiental, Sustentabilidade e Economia Circular \u00e0 partir da interface com outras \u00e1reas funcionais da Administra\u00e7\u00e3o (Marketing, Manufatura, Cadeia de Suprimentos, Gest\u00e3o da Qualidade) \u00e0 luz de uma perspectiva estrat\u00e9gica. <\/span><\/p>\n<p style=\"text-align: justify\">Coordenador(a): <strong>Prof. Dr. Wesley Ricardo de Souza Freitas<\/strong><\/p>\n<p style=\"text-align: justify\">Para mais informa\u00e7\u00f5es: <a href=\"http:\/\/dgp.cnpq.br\/dgp\/espelhogrupo\/5689887964477941\">dgp.cnpq.br\/dgp\/espelhogrupo\/5689887964477941<\/a><\/p>\n<p>&nbsp;<\/p>\n<h5 style=\"text-align: justify\"><span style=\"color: #ff0000\">Psicologia<\/span><\/h5>\n<h5><\/h5>\n<h5 style=\"text-align: justify\"><span style=\"color: #ff0000\">Matem\u00e1tica<\/span><\/h5>\n","protected":false},"excerpt":{"rendered":"<p>Administra\u00e7\u00e3o &nbsp; GEPAS &#8211; Gest\u00e3o de Pessoas, Gest\u00e3o Ambiental, Sustentabilidade e Economia Circular O grupo realiza suas pesquisas sobre Gest\u00e3o de Pessoas, Gest\u00e3o Ambiental, Sustentabilidade e Economia Circular \u00e0 partir da interface com outras \u00e1reas funcionais da Administra\u00e7\u00e3o (Marketing, Manufatura, Cadeia de Suprimentos, Gest\u00e3o da Qualidade) \u00e0 luz de uma perspectiva estrat\u00e9gica. Coordenador(a): Prof. Dr. [&hellip;]<\/p>\n","protected":false},"author":1381,"featured_media":11633,"parent":0,"menu_order":0,"comment_status":"closed","ping_status":"closed","template":"page-templates\/page-coordenadorias.php","meta":{"footnotes":""},"coauthors":[],"class_list":["post-11632","page","type-page","status-publish","has-post-thumbnail","hentry"],"yoast_head":"<!-- This site is optimized with the Yoast SEO plugin v26.2 - https:\/\/yoast.com\/wordpress\/plugins\/seo\/ -->\n<title>Grupos de Pesquisa - CPAR - Campus de Parana\u00edba<\/title>\n<meta name=\"robots\" content=\"index, follow, max-snippet:-1, max-image-preview:large, max-video-preview:-1\" \/>\n<link rel=\"canonical\" href=\"https:\/\/cpar.ufms.br\/grupos-de-pesquisa\/\" \/>\n<meta property=\"og:locale\" content=\"en_US\" \/>\n<meta property=\"og:type\" content=\"article\" \/>\n<meta property=\"og:title\" content=\"Grupos de Pesquisa - CPAR - Campus de Parana\u00edba\" \/>\n<meta property=\"og:description\" content=\"Administra\u00e7\u00e3o &nbsp; GEPAS &#8211; Gest\u00e3o de Pessoas, Gest\u00e3o Ambiental, Sustentabilidade e Economia Circular O grupo realiza suas pesquisas sobre Gest\u00e3o de Pessoas, Gest\u00e3o Ambiental, Sustentabilidade e Economia Circular \u00e0 partir da interface com outras \u00e1reas funcionais da Administra\u00e7\u00e3o (Marketing, Manufatura, Cadeia de Suprimentos, Gest\u00e3o da Qualidade) \u00e0 luz de uma perspectiva estrat\u00e9gica. Coordenador(a): Prof. Dr. [&hellip;]\" \/>\n<meta property=\"og:url\" content=\"https:\/\/cpar.ufms.br\/grupos-de-pesquisa\/\" \/>\n<meta property=\"og:site_name\" content=\"CPAR - Campus de Parana\u00edba\" \/>\n<meta property=\"article:modified_time\" content=\"2023-08-09T20:03:01+00:00\" \/>\n<meta property=\"og:image\" content=\"https:\/\/cpar.ufms.br\/files\/2021\/07\/pesquisa.png\" \/>\n\t<meta property=\"og:image:width\" content=\"798\" \/>\n\t<meta property=\"og:image:height\" content=\"336\" \/>\n\t<meta property=\"og:image:type\" content=\"image\/png\" \/>\n<meta name=\"twitter:label1\" content=\"Est. reading time\" \/>\n\t<meta name=\"twitter:data1\" content=\"1 minute\" \/>\n\t<meta name=\"twitter:label2\" content=\"Written by\" \/>\n\t<meta name=\"twitter:data2\" content=\"dirceu.matos\" \/>\n<script type=\"application\/ld+json\" class=\"yoast-schema-graph\">{\"@context\":\"https:\/\/schema.org\",\"@graph\":[{\"@type\":\"WebPage\",\"@id\":\"https:\/\/cpar.ufms.br\/grupos-de-pesquisa\/\",\"url\":\"https:\/\/cpar.ufms.br\/grupos-de-pesquisa\/\",\"name\":\"Grupos de Pesquisa - CPAR - Campus de Parana\u00edba\",\"isPartOf\":{\"@id\":\"https:\/\/cpar.ufms.br\/#website\"},\"primaryImageOfPage\":{\"@id\":\"https:\/\/cpar.ufms.br\/grupos-de-pesquisa\/#primaryimage\"},\"image\":{\"@id\":\"https:\/\/cpar.ufms.br\/grupos-de-pesquisa\/#primaryimage\"},\"thumbnailUrl\":\"https:\/\/cpar.ufms.br\/files\/2021\/07\/pesquisa.png\",\"datePublished\":\"2021-07-14T18:19:49+00:00\",\"dateModified\":\"2023-08-09T20:03:01+00:00\",\"breadcrumb\":{\"@id\":\"https:\/\/cpar.ufms.br\/grupos-de-pesquisa\/#breadcrumb\"},\"inLanguage\":\"en-US\",\"potentialAction\":[{\"@type\":\"ReadAction\",\"target\":[\"https:\/\/cpar.ufms.br\/grupos-de-pesquisa\/\"]}]},{\"@type\":\"ImageObject\",\"inLanguage\":\"en-US\",\"@id\":\"https:\/\/cpar.ufms.br\/grupos-de-pesquisa\/#primaryimage\",\"url\":\"https:\/\/cpar.ufms.br\/files\/2021\/07\/pesquisa.png\",\"contentUrl\":\"https:\/\/cpar.ufms.br\/files\/2021\/07\/pesquisa.png\",\"width\":798,\"height\":336},{\"@type\":\"BreadcrumbList\",\"@id\":\"https:\/\/cpar.ufms.br\/grupos-de-pesquisa\/#breadcrumb\",\"itemListElement\":[{\"@type\":\"ListItem\",\"position\":1,\"name\":\"In\u00edcio\",\"item\":\"https:\/\/cpar.ufms.br\/\"},{\"@type\":\"ListItem\",\"position\":2,\"name\":\"Grupos de Pesquisa\"}]},{\"@type\":\"WebSite\",\"@id\":\"https:\/\/cpar.ufms.br\/#website\",\"url\":\"https:\/\/cpar.ufms.br\/\",\"name\":\"CPAR - Campus de Parana\u00edba\",\"description\":\"Universidade Federal de Mato Grosso do Sul\",\"potentialAction\":[{\"@type\":\"SearchAction\",\"target\":{\"@type\":\"EntryPoint\",\"urlTemplate\":\"https:\/\/cpar.ufms.br\/?s={search_term_string}\"},\"query-input\":{\"@type\":\"PropertyValueSpecification\",\"valueRequired\":true,\"valueName\":\"search_term_string\"}}],\"inLanguage\":\"en-US\"}]}<\/script>\n<!-- \/ Yoast SEO plugin. -->","yoast_head_json":{"title":"Grupos de Pesquisa - CPAR - Campus de Parana\u00edba","robots":{"index":"index","follow":"follow","max-snippet":"max-snippet:-1","max-image-preview":"max-image-preview:large","max-video-preview":"max-video-preview:-1"},"canonical":"https:\/\/cpar.ufms.br\/grupos-de-pesquisa\/","og_locale":"en_US","og_type":"article","og_title":"Grupos de Pesquisa - CPAR - Campus de Parana\u00edba","og_description":"Administra\u00e7\u00e3o &nbsp; GEPAS &#8211; Gest\u00e3o de Pessoas, Gest\u00e3o Ambiental, Sustentabilidade e Economia Circular O grupo realiza suas pesquisas sobre Gest\u00e3o de Pessoas, Gest\u00e3o Ambiental, Sustentabilidade e Economia Circular \u00e0 partir da interface com outras \u00e1reas funcionais da Administra\u00e7\u00e3o (Marketing, Manufatura, Cadeia de Suprimentos, Gest\u00e3o da Qualidade) \u00e0 luz de uma perspectiva estrat\u00e9gica. Coordenador(a): Prof. Dr. [&hellip;]","og_url":"https:\/\/cpar.ufms.br\/grupos-de-pesquisa\/","og_site_name":"CPAR - Campus de Parana\u00edba","article_modified_time":"2023-08-09T20:03:01+00:00","og_image":[{"width":798,"height":336,"url":"https:\/\/cpar.ufms.br\/files\/2021\/07\/pesquisa.png","type":"image\/png"}],"twitter_misc":{"Est. reading time":"1 minute","Written by":"dirceu.matos"},"schema":{"@context":"https:\/\/schema.org","@graph":[{"@type":"WebPage","@id":"https:\/\/cpar.ufms.br\/grupos-de-pesquisa\/","url":"https:\/\/cpar.ufms.br\/grupos-de-pesquisa\/","name":"Grupos de Pesquisa - CPAR - Campus de Parana\u00edba","isPartOf":{"@id":"https:\/\/cpar.ufms.br\/#website"},"primaryImageOfPage":{"@id":"https:\/\/cpar.ufms.br\/grupos-de-pesquisa\/#primaryimage"},"image":{"@id":"https:\/\/cpar.ufms.br\/grupos-de-pesquisa\/#primaryimage"},"thumbnailUrl":"https:\/\/cpar.ufms.br\/files\/2021\/07\/pesquisa.png","datePublished":"2021-07-14T18:19:49+00:00","dateModified":"2023-08-09T20:03:01+00:00","breadcrumb":{"@id":"https:\/\/cpar.ufms.br\/grupos-de-pesquisa\/#breadcrumb"},"inLanguage":"en-US","potentialAction":[{"@type":"ReadAction","target":["https:\/\/cpar.ufms.br\/grupos-de-pesquisa\/"]}]},{"@type":"ImageObject","inLanguage":"en-US","@id":"https:\/\/cpar.ufms.br\/grupos-de-pesquisa\/#primaryimage","url":"https:\/\/cpar.ufms.br\/files\/2021\/07\/pesquisa.png","contentUrl":"https:\/\/cpar.ufms.br\/files\/2021\/07\/pesquisa.png","width":798,"height":336},{"@type":"BreadcrumbList","@id":"https:\/\/cpar.ufms.br\/grupos-de-pesquisa\/#breadcrumb","itemListElement":[{"@type":"ListItem","position":1,"name":"In\u00edcio","item":"https:\/\/cpar.ufms.br\/"},{"@type":"ListItem","position":2,"name":"Grupos de Pesquisa"}]},{"@type":"WebSite","@id":"https:\/\/cpar.ufms.br\/#website","url":"https:\/\/cpar.ufms.br\/","name":"CPAR - Campus de Parana\u00edba","description":"Universidade Federal de Mato Grosso do Sul","potentialAction":[{"@type":"SearchAction","target":{"@type":"EntryPoint","urlTemplate":"https:\/\/cpar.ufms.br\/?s={search_term_string}"},"query-input":{"@type":"PropertyValueSpecification","valueRequired":true,"valueName":"search_term_string"}}],"inLanguage":"en-US"}]}},"_links":{"self":[{"href":"https:\/\/cpar.ufms.br\/en\/wp-json\/wp\/v2\/pages\/11632","targetHints":{"allow":["GET"]}}],"collection":[{"href":"https:\/\/cpar.ufms.br\/en\/wp-json\/wp\/v2\/pages"}],"about":[{"href":"https:\/\/cpar.ufms.br\/en\/wp-json\/wp\/v2\/types\/page"}],"author":[{"embeddable":true,"href":"https:\/\/cpar.ufms.br\/en\/wp-json\/wp\/v2\/users\/1381"}],"replies":[{"embeddable":true,"href":"https:\/\/cpar.ufms.br\/en\/wp-json\/wp\/v2\/comments?post=11632"}],"version-history":[{"count":8,"href":"https:\/\/cpar.ufms.br\/en\/wp-json\/wp\/v2\/pages\/11632\/revisions"}],"predecessor-version":[{"id":15308,"href":"https:\/\/cpar.ufms.br\/en\/wp-json\/wp\/v2\/pages\/11632\/revisions\/15308"}],"wp:featuredmedia":[{"embeddable":true,"href":"https:\/\/cpar.ufms.br\/en\/wp-json\/wp\/v2\/media\/11633"}],"wp:attachment":[{"href":"https:\/\/cpar.ufms.br\/en\/wp-json\/wp\/v2\/media?parent=11632"}],"wp:term":[{"taxonomy":"author","embeddable":true,"href":"https:\/\/cpar.ufms.br\/en\/wp-json\/wp\/v2\/coauthors?post=11632"}],"curies":[{"name":"wp","href":"https:\/\/api.w.org\/{rel}","templated":true}]}}