{"id":11718,"date":"2021-07-27T15:59:36","date_gmt":"2021-07-27T19:59:36","guid":{"rendered":"https:\/\/cpar.ufms.br\/?page_id=11718"},"modified":"2025-12-12T14:58:19","modified_gmt":"2025-12-12T18:58:19","slug":"direcao","status":"publish","type":"page","link":"https:\/\/cpar.ufms.br\/en\/direcao\/","title":{"rendered":"Dire\u00e7\u00e3o"},"content":{"rendered":"<p align=\"justify\"><img fetchpriority=\"high\" decoding=\"async\" class=\"alignnone size-full wp-image-17246\" src=\"https:\/\/cpar.ufms.br\/files\/2025\/12\/andreia-ribeiro.png\" alt=\"\" width=\"1920\" height=\"604\" srcset=\"https:\/\/cpar.ufms.br\/files\/2025\/12\/andreia-ribeiro.png 1920w, https:\/\/cpar.ufms.br\/files\/2025\/12\/andreia-ribeiro-300x94.png 300w, https:\/\/cpar.ufms.br\/files\/2025\/12\/andreia-ribeiro-1024x322.png 1024w, https:\/\/cpar.ufms.br\/files\/2025\/12\/andreia-ribeiro-768x242.png 768w, https:\/\/cpar.ufms.br\/files\/2025\/12\/andreia-ribeiro-1536x483.png 1536w, https:\/\/cpar.ufms.br\/files\/2025\/12\/andreia-ribeiro-730x230.png 730w\" sizes=\"(max-width: 1920px) 100vw, 1920px\" \/><\/p>\n<p align=\"justify\"><strong>Diretora:<br \/>\n<\/strong>Prof\u00aa. Dr\u00aa. Andr\u00e9ia Cristina Ribeiro<\/p>\n<p align=\"justify\"><strong>Gest\u00e3o:<br \/>\n<\/strong>2024-2028<\/p>\n<p align=\"justify\"><strong>E-mail:<br \/>\n<\/strong><\/p>\n<p align=\"justify\">gab.cpar@ufms.br<br \/>\nandreia.ribeiro@ufms.br<\/p>\n<p align=\"justify\"><strong>Telefone:<\/strong><\/p>\n<p>&nbsp;<\/p>\n<p align=\"justify\">\n","protected":false},"excerpt":{"rendered":"<p>Diretora: Prof\u00aa. Dr\u00aa. Andr\u00e9ia Cristina Ribeiro Gest\u00e3o: 2024-2028 E-mail: gab.cpar@ufms.br andreia.ribeiro@ufms.br Telefone: &nbsp;<\/p>\n","protected":false},"author":1381,"featured_media":0,"parent":0,"menu_order":0,"comment_status":"closed","ping_status":"closed","template":"page-templates\/page-coordenadorias.php","meta":{"footnotes":""},"coauthors":[372],"class_list":["post-11718","page","type-page","status-publish","hentry"],"yoast_head":"<!-- This site is optimized with the Yoast SEO plugin v26.2 - https:\/\/yoast.com\/wordpress\/plugins\/seo\/ -->\n<title>Dire\u00e7\u00e3o - CPAR - Campus de Parana\u00edba<\/title>\n<meta name=\"robots\" content=\"index, follow, max-snippet:-1, max-image-preview:large, max-video-preview:-1\" \/>\n<link rel=\"canonical\" href=\"https:\/\/cpar.ufms.br\/direcao\/\" \/>\n<meta property=\"og:locale\" content=\"en_US\" \/>\n<meta property=\"og:type\" content=\"article\" \/>\n<meta property=\"og:title\" content=\"Dire\u00e7\u00e3o - CPAR - Campus de Parana\u00edba\" \/>\n<meta property=\"og:description\" content=\"Diretora: Prof\u00aa. Dr\u00aa. Andr\u00e9ia Cristina Ribeiro Gest\u00e3o: 2024-2028 E-mail: gab.cpar@ufms.br andreia.ribeiro@ufms.br Telefone: &nbsp;\" \/>\n<meta property=\"og:url\" content=\"https:\/\/cpar.ufms.br\/direcao\/\" \/>\n<meta property=\"og:site_name\" content=\"CPAR - Campus de Parana\u00edba\" \/>\n<meta property=\"article:modified_time\" content=\"2025-12-12T18:58:19+00:00\" \/>\n<meta property=\"og:image\" content=\"https:\/\/cpar.ufms.br\/files\/2025\/12\/andreia-ribeiro.png\" \/>\n\t<meta property=\"og:image:width\" content=\"1920\" \/>\n\t<meta property=\"og:image:height\" content=\"604\" \/>\n\t<meta property=\"og:image:type\" content=\"image\/png\" \/>\n<meta name=\"twitter:label1\" content=\"Est. reading time\" \/>\n\t<meta name=\"twitter:data1\" content=\"1 minute\" \/>\n\t<meta name=\"twitter:label2\" content=\"Written by\" \/>\n\t<meta name=\"twitter:data2\" content=\"dirceu.matos\" \/>\n<script type=\"application\/ld+json\" class=\"yoast-schema-graph\">{\"@context\":\"https:\/\/schema.org\",\"@graph\":[{\"@type\":\"WebPage\",\"@id\":\"https:\/\/cpar.ufms.br\/direcao\/\",\"url\":\"https:\/\/cpar.ufms.br\/direcao\/\",\"name\":\"Dire\u00e7\u00e3o - CPAR - Campus de Parana\u00edba\",\"isPartOf\":{\"@id\":\"https:\/\/cpar.ufms.br\/#website\"},\"primaryImageOfPage\":{\"@id\":\"https:\/\/cpar.ufms.br\/direcao\/#primaryimage\"},\"image\":{\"@id\":\"https:\/\/cpar.ufms.br\/direcao\/#primaryimage\"},\"thumbnailUrl\":\"https:\/\/cpar.ufms.br\/files\/2025\/12\/andreia-ribeiro.png\",\"datePublished\":\"2021-07-27T19:59:36+00:00\",\"dateModified\":\"2025-12-12T18:58:19+00:00\",\"breadcrumb\":{\"@id\":\"https:\/\/cpar.ufms.br\/direcao\/#breadcrumb\"},\"inLanguage\":\"en-US\",\"potentialAction\":[{\"@type\":\"ReadAction\",\"target\":[\"https:\/\/cpar.ufms.br\/direcao\/\"]}]},{\"@type\":\"ImageObject\",\"inLanguage\":\"en-US\",\"@id\":\"https:\/\/cpar.ufms.br\/direcao\/#primaryimage\",\"url\":\"https:\/\/cpar.ufms.br\/files\/2025\/12\/andreia-ribeiro.png\",\"contentUrl\":\"https:\/\/cpar.ufms.br\/files\/2025\/12\/andreia-ribeiro.png\"},{\"@type\":\"BreadcrumbList\",\"@id\":\"https:\/\/cpar.ufms.br\/direcao\/#breadcrumb\",\"itemListElement\":[{\"@type\":\"ListItem\",\"position\":1,\"name\":\"In\u00edcio\",\"item\":\"https:\/\/cpar.ufms.br\/\"},{\"@type\":\"ListItem\",\"position\":2,\"name\":\"Dire\u00e7\u00e3o\"}]},{\"@type\":\"WebSite\",\"@id\":\"https:\/\/cpar.ufms.br\/#website\",\"url\":\"https:\/\/cpar.ufms.br\/\",\"name\":\"CPAR - Campus de Parana\u00edba\",\"description\":\"Universidade Federal de Mato Grosso do Sul\",\"potentialAction\":[{\"@type\":\"SearchAction\",\"target\":{\"@type\":\"EntryPoint\",\"urlTemplate\":\"https:\/\/cpar.ufms.br\/?s={search_term_string}\"},\"query-input\":{\"@type\":\"PropertyValueSpecification\",\"valueRequired\":true,\"valueName\":\"search_term_string\"}}],\"inLanguage\":\"en-US\"}]}<\/script>\n<!-- \/ Yoast SEO plugin. -->","yoast_head_json":{"title":"Dire\u00e7\u00e3o - CPAR - Campus de Parana\u00edba","robots":{"index":"index","follow":"follow","max-snippet":"max-snippet:-1","max-image-preview":"max-image-preview:large","max-video-preview":"max-video-preview:-1"},"canonical":"https:\/\/cpar.ufms.br\/direcao\/","og_locale":"en_US","og_type":"article","og_title":"Dire\u00e7\u00e3o - CPAR - Campus de Parana\u00edba","og_description":"Diretora: Prof\u00aa. Dr\u00aa. Andr\u00e9ia Cristina Ribeiro Gest\u00e3o: 2024-2028 E-mail: gab.cpar@ufms.br andreia.ribeiro@ufms.br Telefone: &nbsp;","og_url":"https:\/\/cpar.ufms.br\/direcao\/","og_site_name":"CPAR - Campus de Parana\u00edba","article_modified_time":"2025-12-12T18:58:19+00:00","og_image":[{"width":1920,"height":604,"url":"https:\/\/cpar.ufms.br\/files\/2025\/12\/andreia-ribeiro.png","type":"image\/png"}],"twitter_misc":{"Est. reading time":"1 minute","Written by":"dirceu.matos"},"schema":{"@context":"https:\/\/schema.org","@graph":[{"@type":"WebPage","@id":"https:\/\/cpar.ufms.br\/direcao\/","url":"https:\/\/cpar.ufms.br\/direcao\/","name":"Dire\u00e7\u00e3o - CPAR - Campus de Parana\u00edba","isPartOf":{"@id":"https:\/\/cpar.ufms.br\/#website"},"primaryImageOfPage":{"@id":"https:\/\/cpar.ufms.br\/direcao\/#primaryimage"},"image":{"@id":"https:\/\/cpar.ufms.br\/direcao\/#primaryimage"},"thumbnailUrl":"https:\/\/cpar.ufms.br\/files\/2025\/12\/andreia-ribeiro.png","datePublished":"2021-07-27T19:59:36+00:00","dateModified":"2025-12-12T18:58:19+00:00","breadcrumb":{"@id":"https:\/\/cpar.ufms.br\/direcao\/#breadcrumb"},"inLanguage":"en-US","potentialAction":[{"@type":"ReadAction","target":["https:\/\/cpar.ufms.br\/direcao\/"]}]},{"@type":"ImageObject","inLanguage":"en-US","@id":"https:\/\/cpar.ufms.br\/direcao\/#primaryimage","url":"https:\/\/cpar.ufms.br\/files\/2025\/12\/andreia-ribeiro.png","contentUrl":"https:\/\/cpar.ufms.br\/files\/2025\/12\/andreia-ribeiro.png"},{"@type":"BreadcrumbList","@id":"https:\/\/cpar.ufms.br\/direcao\/#breadcrumb","itemListElement":[{"@type":"ListItem","position":1,"name":"In\u00edcio","item":"https:\/\/cpar.ufms.br\/"},{"@type":"ListItem","position":2,"name":"Dire\u00e7\u00e3o"}]},{"@type":"WebSite","@id":"https:\/\/cpar.ufms.br\/#website","url":"https:\/\/cpar.ufms.br\/","name":"CPAR - Campus de Parana\u00edba","description":"Universidade Federal de Mato Grosso do Sul","potentialAction":[{"@type":"SearchAction","target":{"@type":"EntryPoint","urlTemplate":"https:\/\/cpar.ufms.br\/?s={search_term_string}"},"query-input":{"@type":"PropertyValueSpecification","valueRequired":true,"valueName":"search_term_string"}}],"inLanguage":"en-US"}]}},"_links":{"self":[{"href":"https:\/\/cpar.ufms.br\/en\/wp-json\/wp\/v2\/pages\/11718","targetHints":{"allow":["GET"]}}],"collection":[{"href":"https:\/\/cpar.ufms.br\/en\/wp-json\/wp\/v2\/pages"}],"about":[{"href":"https:\/\/cpar.ufms.br\/en\/wp-json\/wp\/v2\/types\/page"}],"author":[{"embeddable":true,"href":"https:\/\/cpar.ufms.br\/en\/wp-json\/wp\/v2\/users\/1381"}],"replies":[{"embeddable":true,"href":"https:\/\/cpar.ufms.br\/en\/wp-json\/wp\/v2\/comments?post=11718"}],"version-history":[{"count":11,"href":"https:\/\/cpar.ufms.br\/en\/wp-json\/wp\/v2\/pages\/11718\/revisions"}],"predecessor-version":[{"id":17248,"href":"https:\/\/cpar.ufms.br\/en\/wp-json\/wp\/v2\/pages\/11718\/revisions\/17248"}],"wp:attachment":[{"href":"https:\/\/cpar.ufms.br\/en\/wp-json\/wp\/v2\/media?parent=11718"}],"wp:term":[{"taxonomy":"author","embeddable":true,"href":"https:\/\/cpar.ufms.br\/en\/wp-json\/wp\/v2\/coauthors?post=11718"}],"curies":[{"name":"wp","href":"https:\/\/api.w.org\/{rel}","templated":true}]}}