{"id":11723,"date":"2021-07-27T16:04:41","date_gmt":"2021-07-27T20:04:41","guid":{"rendered":"https:\/\/cpar.ufms.br\/?page_id=11723"},"modified":"2025-11-07T07:09:53","modified_gmt":"2025-11-07T11:09:53","slug":"comissoes","status":"publish","type":"page","link":"https:\/\/cpar.ufms.br\/en\/institucional\/comissoes\/","title":{"rendered":"Comiss\u00f5es"},"content":{"rendered":"<h2><b>Comiss\u00e3o Setorial de Ensino e Acompanhamento Discente<br \/>\n<\/b><\/h2>\n<p>Compete \u00e0\u00a0Comiss\u00e3o Setorial de Ensino do C\u00e2mpus de Parana\u00edba, conforme o art. 15 da Resolu\u00e7\u00e3o n\u00ba 294-COGRAD\/UFMS, de 21 de maio de 2021: subsidiar a avalia\u00e7\u00e3o das propostas das A\u00e7\u00f5es de Ensino pelo Conselho da Unidade, quanto \u00e0s diretrizes, estrutura dispon\u00edvel e as parcerias institucionais previstas; divulgar as modalidades das A\u00e7\u00f5es de Ensino e orientar os professores, coordenadores, t\u00e9cnicos e estudantes quanto \u00e0s A\u00e7\u00f5es de Ensino na Unidade e na UFMS; e manter permanente contato com a PROGRAD para fomento das a\u00e7\u00f5es de ensino na Unidade.<\/p>\n<p>Membros:<\/p>\n<p>RAPHAEL ANTONIO DE OLIVEIRA SILVA &#8211; Presidente;<br \/>\nFAB\u00cdOLA CRISTINA DE FREITAS;<br \/>\nC\u00cdNTIA CARVALHO;<br \/>\nJOCELY GOMES DE SOUZA;<br \/>\nSABRINA HELENA BONFIM; e<br \/>\nS\u00c9RGIO PAIVA.<\/p>\n<p>PORTARIA No 36-CPAR\/UFMS, DE 5 DE MAIO DE 2025.<\/p>\n<p><a href=\"https:\/\/cpar.ufms.br\/files\/2023\/10\/PORTARIA_N_65_CPAR_UFMS__DE_28_DE_JUNHO_DE_2023.pdf\"><strong>Portaria CPAR\/UFMS, n. 65 de junho de 2023<\/strong><\/a><\/p>\n<p><a href=\"https:\/\/cpar.ufms.br\/files\/2023\/10\/RESOLUCAO-COGRAD-n-732-de-06-01-2023.pdf\"><strong>RESOLU\u00c7\u00c3O N\u00ba 732-COGRAD\/UFMS, Normas de A\u00e7\u00f5es de Ensino<\/strong><\/a><\/p>\n<p>&nbsp;<\/p>\n<h2><b>Comiss\u00e3o Setorial de Extens\u00e3o<\/b><\/h2>\n<p>Compete \u00e0\u00a0<b>Comiss\u00e3o Setorial de Extens\u00e3o<\/b>\u00a0<b>do C\u00e2mpus de Parana\u00edba<\/b>\u00a0analisar as a\u00e7\u00f5es de extens\u00e3o propostas no C\u00e2mpus de Parana\u00edba quanto \u00e0 sua compatibilidade\u00a0 com as diretrizes da Unidade, estrutura dispon\u00edvel para a realiza\u00e7\u00e3o da a\u00e7\u00e3o, compatibilidade\u00a0 da carga hor\u00e1ria com o alcance dos objetivos propostos, al\u00e9m de outros aspectos que se relacionem com a Unidade.<\/p>\n<p>Membros:<\/p>\n<p>RAPHAEL ANTONIO DE OLIVEIRA SILVA &#8211; Presidente;<br \/>\nTATIANA BERTOLDI CARLOS;<br \/>\nFRANCISCO ROSA;<br \/>\nSILVIA MARIA BONASSI;<br \/>\nCRISLEN DANIELE DOS SANTOS RODRIGUES DA SILVA;<br \/>\nS\u00c9RGIO PAIVA.<\/p>\n<p>PORTARIA No 37-CPAR\/UFMS, DE 5 DE MAIO DE 2025.<br \/>\nPORTARIA No 8-CPAR\/UFMS, DE 18 DE FEVEREIRO DE 2025.<br \/>\nPORTARIA No 103-CPAR\/UFMS, DE 10 DE SETEMBRO DE 2024.<br \/>\n<a href=\"https:\/\/cpar.ufms.br\/files\/2023\/10\/PORTARIA_N_64_CPAR_UFMS__DE_3_DE_JULHO_DE_2023.pdf\"><strong>Portaria CPAR\/UFMS, n. 64 de junho de 2023<\/strong><\/a><\/p>\n<p>&nbsp;<\/p>\n<h2><b>Comiss\u00e3o Setorial de Pesquisa<\/b><\/h2>\n<p>Compete \u00e0\u00a0<b>Comiss\u00e3o Setorial de Pesquisa do C\u00e2mpus de Parana\u00edba,<\/b>\u00a0apreciar, em primeira inst\u00e2ncia,\u00a0as\u00a0propostas de a\u00e7\u00e3o de pesquisa no C\u00e2mpus de Parana\u00edba e, ap\u00f3s emiss\u00e3o de parecer, encaminh\u00e1-las para aprecia\u00e7\u00e3o do Conselho da Unidade.<\/p>\n<p>Membros:<\/p>\n<p>&#8211; ELTON GEAN ARA\u00daJO &#8211; (Presidente)<br \/>\n&#8211; CAMILA BELLINI COLUSSI MACEDO<br \/>\n&#8211; RAILDO SANTOS DE LIMA<\/p>\n<p><a href=\"https:\/\/cpar.ufms.br\/files\/2023\/03\/PORTARIA-N-16-GAB_CPAR-DE-16-DE-MARCO-DE-2022.pdf\" target=\"_blank\" rel=\"noopener\"><strong>Portaria n\u00b0 16 &#8211; GAB\/CPAR, de 16\/03\/2022<\/strong><\/a><\/p>\n<p><span style=\"font-size: 10pt\"><a href=\"https:\/\/boletimoficial.ufms.br\/bse\/ato-conteudo-normativo?pid=477135\">INSTRU\u00c7\u00c3O NORMATIVA N\u00ba 21-GAB\/PROPP\/UFMS, DE 27 DE DEZEMBRO DE 2022.<\/a> &#8211; Estabelece as normas e os procedimentos de submiss\u00e3o, an\u00e1lise, vig\u00eancia e prorroga\u00e7\u00e3o de projetos de pesquisa e inova\u00e7\u00e3o e de cadastro de projetos de disserta\u00e7\u00e3o e tese desenvolvidos no \u00e2mbito da Funda\u00e7\u00e3o Universidade Federal de Mato Grosso do Sul.<br \/>\n<\/span><span style=\"font-size: 10pt\"><a href=\"https:\/\/boletimoficial.ufms.br\/bse\/ato-conteudo-normativo?pid=416767\">INSTRU\u00c7\u00c3O NORMATIVA N\u00ba 9-GAB\/PROPP\/UFMS, DE 25 DE FEVEREIRO DE 2021<\/a> &#8211; Disp\u00f5e sobre as normas regulamentadoras dos procedimentos de cria\u00e7\u00e3o, certifica\u00e7\u00e3o e manuten\u00e7\u00e3o de Grupos de Pesquisa no \u00e2mbito da Funda\u00e7\u00e3o Universidade Federal de Mato Grosso do Sul.<br \/>\n<\/span><span style=\"font-size: 10pt\"><a href=\"https:\/\/boletimoficial.ufms.br\/bse\/ato-conteudo-normativo?pid=415632\">INSTRU\u00c7\u00c3O NORMATIVA N\u00ba 6-GAB\/PROPP\/UFMS, DE 9 DE FEVEREIRO DE 2021<\/a> &#8211; Estabelece as normas regulamentadoras de cadastro e certifica\u00e7\u00e3o de laborat\u00f3rios de pesquisa e de inova\u00e7\u00e3o, e de equipamentos multiusu\u00e1rios da Universidade Federal de Mato Grosso do Sul na Plataforma Nacional de Infraestrutura de Pesquisa MCTI.<\/span><\/p>\n","protected":false},"excerpt":{"rendered":"<p>Comiss\u00e3o Setorial de Ensino e Acompanhamento Discente Compete \u00e0\u00a0Comiss\u00e3o Setorial de Ensino do C\u00e2mpus de Parana\u00edba, conforme o art. 15 da Resolu\u00e7\u00e3o n\u00ba 294-COGRAD\/UFMS, de 21 de maio de 2021: subsidiar a avalia\u00e7\u00e3o das propostas das A\u00e7\u00f5es de Ensino pelo Conselho da Unidade, quanto \u00e0s diretrizes, estrutura dispon\u00edvel e as parcerias institucionais previstas; divulgar as [&hellip;]<\/p>\n","protected":false},"author":1381,"featured_media":0,"parent":346,"menu_order":0,"comment_status":"closed","ping_status":"closed","template":"page-templates\/page-coordenadorias.php","meta":{"footnotes":""},"coauthors":[372],"class_list":["post-11723","page","type-page","status-publish","hentry"],"yoast_head":"<!-- This site is optimized with the Yoast SEO plugin v26.2 - https:\/\/yoast.com\/wordpress\/plugins\/seo\/ -->\n<title>Comiss\u00f5es - CPAR - Campus de Parana\u00edba<\/title>\n<meta name=\"robots\" content=\"index, follow, max-snippet:-1, max-image-preview:large, max-video-preview:-1\" \/>\n<link rel=\"canonical\" href=\"https:\/\/cpar.ufms.br\/institucional\/comissoes\/\" \/>\n<meta property=\"og:locale\" content=\"en_US\" \/>\n<meta property=\"og:type\" content=\"article\" \/>\n<meta property=\"og:title\" content=\"Comiss\u00f5es - CPAR - Campus de Parana\u00edba\" \/>\n<meta property=\"og:description\" content=\"Comiss\u00e3o Setorial de Ensino e Acompanhamento Discente Compete \u00e0\u00a0Comiss\u00e3o Setorial de Ensino do C\u00e2mpus de Parana\u00edba, conforme o art. 15 da Resolu\u00e7\u00e3o n\u00ba 294-COGRAD\/UFMS, de 21 de maio de 2021: subsidiar a avalia\u00e7\u00e3o das propostas das A\u00e7\u00f5es de Ensino pelo Conselho da Unidade, quanto \u00e0s diretrizes, estrutura dispon\u00edvel e as parcerias institucionais previstas; divulgar as [&hellip;]\" \/>\n<meta property=\"og:url\" content=\"https:\/\/cpar.ufms.br\/institucional\/comissoes\/\" \/>\n<meta property=\"og:site_name\" content=\"CPAR - Campus de Parana\u00edba\" \/>\n<meta property=\"article:modified_time\" content=\"2025-11-07T11:09:53+00:00\" \/>\n<meta name=\"twitter:label1\" content=\"Est. reading time\" \/>\n\t<meta name=\"twitter:data1\" content=\"3 minutes\" \/>\n\t<meta name=\"twitter:label2\" content=\"Written by\" \/>\n\t<meta name=\"twitter:data2\" content=\"dirceu.matos\" \/>\n<script type=\"application\/ld+json\" class=\"yoast-schema-graph\">{\"@context\":\"https:\/\/schema.org\",\"@graph\":[{\"@type\":\"WebPage\",\"@id\":\"https:\/\/cpar.ufms.br\/institucional\/comissoes\/\",\"url\":\"https:\/\/cpar.ufms.br\/institucional\/comissoes\/\",\"name\":\"Comiss\u00f5es - CPAR - Campus de Parana\u00edba\",\"isPartOf\":{\"@id\":\"https:\/\/cpar.ufms.br\/#website\"},\"datePublished\":\"2021-07-27T20:04:41+00:00\",\"dateModified\":\"2025-11-07T11:09:53+00:00\",\"breadcrumb\":{\"@id\":\"https:\/\/cpar.ufms.br\/institucional\/comissoes\/#breadcrumb\"},\"inLanguage\":\"en-US\",\"potentialAction\":[{\"@type\":\"ReadAction\",\"target\":[\"https:\/\/cpar.ufms.br\/institucional\/comissoes\/\"]}]},{\"@type\":\"BreadcrumbList\",\"@id\":\"https:\/\/cpar.ufms.br\/institucional\/comissoes\/#breadcrumb\",\"itemListElement\":[{\"@type\":\"ListItem\",\"position\":1,\"name\":\"In\u00edcio\",\"item\":\"https:\/\/cpar.ufms.br\/\"},{\"@type\":\"ListItem\",\"position\":2,\"name\":\"Institucional\",\"item\":\"https:\/\/cpar.ufms.br\/institucional\/\"},{\"@type\":\"ListItem\",\"position\":3,\"name\":\"Comiss\u00f5es\"}]},{\"@type\":\"WebSite\",\"@id\":\"https:\/\/cpar.ufms.br\/#website\",\"url\":\"https:\/\/cpar.ufms.br\/\",\"name\":\"CPAR - Campus de Parana\u00edba\",\"description\":\"Universidade Federal de Mato Grosso do Sul\",\"potentialAction\":[{\"@type\":\"SearchAction\",\"target\":{\"@type\":\"EntryPoint\",\"urlTemplate\":\"https:\/\/cpar.ufms.br\/?s={search_term_string}\"},\"query-input\":{\"@type\":\"PropertyValueSpecification\",\"valueRequired\":true,\"valueName\":\"search_term_string\"}}],\"inLanguage\":\"en-US\"}]}<\/script>\n<!-- \/ Yoast SEO plugin. -->","yoast_head_json":{"title":"Comiss\u00f5es - CPAR - Campus de Parana\u00edba","robots":{"index":"index","follow":"follow","max-snippet":"max-snippet:-1","max-image-preview":"max-image-preview:large","max-video-preview":"max-video-preview:-1"},"canonical":"https:\/\/cpar.ufms.br\/institucional\/comissoes\/","og_locale":"en_US","og_type":"article","og_title":"Comiss\u00f5es - CPAR - Campus de Parana\u00edba","og_description":"Comiss\u00e3o Setorial de Ensino e Acompanhamento Discente Compete \u00e0\u00a0Comiss\u00e3o Setorial de Ensino do C\u00e2mpus de Parana\u00edba, conforme o art. 15 da Resolu\u00e7\u00e3o n\u00ba 294-COGRAD\/UFMS, de 21 de maio de 2021: subsidiar a avalia\u00e7\u00e3o das propostas das A\u00e7\u00f5es de Ensino pelo Conselho da Unidade, quanto \u00e0s diretrizes, estrutura dispon\u00edvel e as parcerias institucionais previstas; divulgar as [&hellip;]","og_url":"https:\/\/cpar.ufms.br\/institucional\/comissoes\/","og_site_name":"CPAR - Campus de Parana\u00edba","article_modified_time":"2025-11-07T11:09:53+00:00","twitter_misc":{"Est. reading time":"3 minutes","Written by":"dirceu.matos"},"schema":{"@context":"https:\/\/schema.org","@graph":[{"@type":"WebPage","@id":"https:\/\/cpar.ufms.br\/institucional\/comissoes\/","url":"https:\/\/cpar.ufms.br\/institucional\/comissoes\/","name":"Comiss\u00f5es - CPAR - Campus de Parana\u00edba","isPartOf":{"@id":"https:\/\/cpar.ufms.br\/#website"},"datePublished":"2021-07-27T20:04:41+00:00","dateModified":"2025-11-07T11:09:53+00:00","breadcrumb":{"@id":"https:\/\/cpar.ufms.br\/institucional\/comissoes\/#breadcrumb"},"inLanguage":"en-US","potentialAction":[{"@type":"ReadAction","target":["https:\/\/cpar.ufms.br\/institucional\/comissoes\/"]}]},{"@type":"BreadcrumbList","@id":"https:\/\/cpar.ufms.br\/institucional\/comissoes\/#breadcrumb","itemListElement":[{"@type":"ListItem","position":1,"name":"In\u00edcio","item":"https:\/\/cpar.ufms.br\/"},{"@type":"ListItem","position":2,"name":"Institucional","item":"https:\/\/cpar.ufms.br\/institucional\/"},{"@type":"ListItem","position":3,"name":"Comiss\u00f5es"}]},{"@type":"WebSite","@id":"https:\/\/cpar.ufms.br\/#website","url":"https:\/\/cpar.ufms.br\/","name":"CPAR - Campus de Parana\u00edba","description":"Universidade Federal de Mato Grosso do Sul","potentialAction":[{"@type":"SearchAction","target":{"@type":"EntryPoint","urlTemplate":"https:\/\/cpar.ufms.br\/?s={search_term_string}"},"query-input":{"@type":"PropertyValueSpecification","valueRequired":true,"valueName":"search_term_string"}}],"inLanguage":"en-US"}]}},"_links":{"self":[{"href":"https:\/\/cpar.ufms.br\/en\/wp-json\/wp\/v2\/pages\/11723","targetHints":{"allow":["GET"]}}],"collection":[{"href":"https:\/\/cpar.ufms.br\/en\/wp-json\/wp\/v2\/pages"}],"about":[{"href":"https:\/\/cpar.ufms.br\/en\/wp-json\/wp\/v2\/types\/page"}],"author":[{"embeddable":true,"href":"https:\/\/cpar.ufms.br\/en\/wp-json\/wp\/v2\/users\/1381"}],"replies":[{"embeddable":true,"href":"https:\/\/cpar.ufms.br\/en\/wp-json\/wp\/v2\/comments?post=11723"}],"version-history":[{"count":14,"href":"https:\/\/cpar.ufms.br\/en\/wp-json\/wp\/v2\/pages\/11723\/revisions"}],"predecessor-version":[{"id":17172,"href":"https:\/\/cpar.ufms.br\/en\/wp-json\/wp\/v2\/pages\/11723\/revisions\/17172"}],"up":[{"embeddable":true,"href":"https:\/\/cpar.ufms.br\/en\/wp-json\/wp\/v2\/pages\/346"}],"wp:attachment":[{"href":"https:\/\/cpar.ufms.br\/en\/wp-json\/wp\/v2\/media?parent=11723"}],"wp:term":[{"taxonomy":"author","embeddable":true,"href":"https:\/\/cpar.ufms.br\/en\/wp-json\/wp\/v2\/coauthors?post=11723"}],"curies":[{"name":"wp","href":"https:\/\/api.w.org\/{rel}","templated":true}]}}