{"id":11929,"date":"2021-08-17T17:31:28","date_gmt":"2021-08-17T21:31:28","guid":{"rendered":"https:\/\/cpar.ufms.br\/?page_id=11929"},"modified":"2026-01-07T17:05:21","modified_gmt":"2026-01-07T21:05:21","slug":"setor-apoio-academico","status":"publish","type":"page","link":"https:\/\/cpar.ufms.br\/en\/academico\/setor-apoio-academico\/","title":{"rendered":"Setor de Apoio Acad\u00eamico &#8211; Setac"},"content":{"rendered":"<h4><strong>Descri\u00e7\u00e3o<\/strong><\/h4>\n<p>\u00c9 a Unidade respons\u00e1vel pela orienta\u00e7\u00e3o, acompanhamento e execu\u00e7\u00e3o das atividades de controle escolar, bem como de apoio \u00e0 administra\u00e7\u00e3o acad\u00eamica, da Universidade Federal de Mato Grosso do Sul no C\u00e2mpus de Parana\u00edba.<\/p>\n<h4><strong>Equipe<\/strong><\/h4>\n<p>Patricia Queiroz Peli &#8211; respons\u00e1vel<br \/>\nAriane Ta\u00edsa de Lima<strong><br \/>\n<\/strong><\/p>\n<h4><strong>Contato<\/strong><\/h4>\n<p>Email: secac.cpar@ufms.br<br \/>\nTelefone: (67) 3669-0100\u00a0 ou (67)3669-0101<br \/>\nWhatsApp: <a href=\"https:\/\/wa.me\/556736690100\">(Iniciar Conversa)<\/a><\/p>\n<p><a href=\"https:\/\/cpar.ufms.br\/academico\/uap-academico\/2-via-de-diploma-de-graduacao\/\"><strong>Segunda Via de Diploma<\/strong><\/a><\/p>\n<p>&nbsp;<\/p>\n<hr \/>\n<h3 data-uw-styling-context=\"true\">Servi\u00e7os<\/h3>\n<hr \/>\n<h5><a href=\"https:\/\/prograd.ufms.br\/calendario-academico\/\"><img decoding=\"async\" class=\"alignnone wp-image-12092\" src=\"https:\/\/cpar.ufms.br\/files\/2021\/09\/Teste.jpg\" alt=\"\" width=\"69\" height=\"68\" \/><\/a><a href=\"https:\/\/boletimoficial.ufms.br\/bse\/publicacao?id=440106\">Calend\u00e1rio Acad\u00eamico<\/a>\u00a0 \u00a0 <a href=\"https:\/\/prograd.ufms.br\/requerimento-academico\/\"><img decoding=\"async\" class=\"alignnone wp-image-12143 \" src=\"https:\/\/cpar.ufms.br\/files\/2021\/09\/Requerimento-Academico.jpg\" alt=\"\" width=\"69\" height=\"68\" \/><\/a><a href=\"https:\/\/prograd.ufms.br\/requerimento-academico\/\">Requerimento Acad\u00eamico<\/a><\/h5>\n<h5 class=\"media-heading\"><a href=\"https:\/\/prograd.ufms.br\/legislacao\/normas\/\"><img decoding=\"async\" class=\"alignnone wp-image-12147\" src=\"https:\/\/cpar.ufms.br\/files\/2021\/09\/Legislacao.png\" alt=\"\" width=\"69\" height=\"67\" \/><\/a><a href=\"https:\/\/prograd.ufms.br\/legislacao\/\">Legisla\u00e7\u00e3o e Normas<\/a>\u00a0 \u00a0 \u00a0 \u00a0 \u00a0 <a href=\"https:\/\/cpar.ufms.br\/academico\/uap-academico\/\"><img loading=\"lazy\" decoding=\"async\" class=\"alignnone wp-image-12150 \" src=\"https:\/\/cpar.ufms.br\/files\/2021\/09\/formularios.jpg\" alt=\"\" width=\"69\" height=\"70\" \/><\/a><a href=\"https:\/\/cpar.ufms.br\/academico\/uap-academico\/modelos-de-documentos\">Modelo de Documentos<\/a><\/h5>\n<h5><a href=\"https:\/\/cpar.ufms.br\/academico\/uap-academico\/\"><img loading=\"lazy\" decoding=\"async\" class=\"alignnone wp-image-12151 \" src=\"https:\/\/cpar.ufms.br\/files\/2021\/09\/Tutoriais.jpg\" alt=\"\" width=\"69\" height=\"68\" \/><\/a><a href=\"https:\/\/sites.google.com\/view\/tutoriaisemanuais\">Manuais e Tutoriais<\/a>\u00a0 \u00a0 \u00a0 \u00a0 \u00a0 \u00a0<a href=\"https:\/\/cpar.ufms.br\/academico\/uap-academico\/\"><img loading=\"lazy\" decoding=\"async\" class=\"alignnone wp-image-12146\" src=\"https:\/\/cpar.ufms.br\/files\/2021\/09\/Duvidas-Frequentes.jpg\" alt=\"\" width=\"69\" height=\"66\" \/><\/a><a href=\"https:\/\/sites.google.com\/view\/perguntas-frequentes\/p%C3%A1gina-inicial\">Perguntas Frequentes<\/a><\/h5>\n<p>&nbsp;<\/p>\n","protected":false},"excerpt":{"rendered":"<p>Descri\u00e7\u00e3o \u00c9 a Unidade respons\u00e1vel pela orienta\u00e7\u00e3o, acompanhamento e execu\u00e7\u00e3o das atividades de controle escolar, bem como de apoio \u00e0 administra\u00e7\u00e3o acad\u00eamica, da Universidade Federal de Mato Grosso do Sul no C\u00e2mpus de Parana\u00edba. Equipe Patricia Queiroz Peli &#8211; respons\u00e1vel Ariane Ta\u00edsa de Lima Contato Email: secac.cpar@ufms.br Telefone: (67) 3669-0100\u00a0 ou (67)3669-0101 WhatsApp: (Iniciar Conversa) [&hellip;]<\/p>\n","protected":false},"author":1381,"featured_media":0,"parent":611,"menu_order":0,"comment_status":"closed","ping_status":"closed","template":"page-templates\/page-coordenadorias.php","meta":{"footnotes":""},"coauthors":[372],"class_list":["post-11929","page","type-page","status-publish","hentry"],"yoast_head":"<!-- This site is optimized with the Yoast SEO plugin v26.2 - https:\/\/yoast.com\/wordpress\/plugins\/seo\/ -->\n<title>Setor de Apoio Acad\u00eamico - Setac - CPAR - Campus de Parana\u00edba<\/title>\n<meta name=\"robots\" content=\"index, follow, max-snippet:-1, max-image-preview:large, max-video-preview:-1\" \/>\n<link rel=\"canonical\" href=\"https:\/\/cpar.ufms.br\/academico\/setor-apoio-academico\/\" \/>\n<meta property=\"og:locale\" content=\"en_US\" \/>\n<meta property=\"og:type\" content=\"article\" \/>\n<meta property=\"og:title\" content=\"Setor de Apoio Acad\u00eamico - Setac - CPAR - Campus de Parana\u00edba\" \/>\n<meta property=\"og:description\" content=\"Descri\u00e7\u00e3o \u00c9 a Unidade respons\u00e1vel pela orienta\u00e7\u00e3o, acompanhamento e execu\u00e7\u00e3o das atividades de controle escolar, bem como de apoio \u00e0 administra\u00e7\u00e3o acad\u00eamica, da Universidade Federal de Mato Grosso do Sul no C\u00e2mpus de Parana\u00edba. Equipe Patricia Queiroz Peli &#8211; respons\u00e1vel Ariane Ta\u00edsa de Lima Contato Email: secac.cpar@ufms.br Telefone: (67) 3669-0100\u00a0 ou (67)3669-0101 WhatsApp: (Iniciar Conversa) [&hellip;]\" \/>\n<meta property=\"og:url\" content=\"https:\/\/cpar.ufms.br\/academico\/setor-apoio-academico\/\" \/>\n<meta property=\"og:site_name\" content=\"CPAR - Campus de Parana\u00edba\" \/>\n<meta property=\"article:modified_time\" content=\"2026-01-07T21:05:21+00:00\" \/>\n<meta property=\"og:image\" content=\"https:\/\/cpar.ufms.br\/files\/2021\/09\/Teste.jpg\" \/>\n\t<meta property=\"og:image:width\" content=\"68\" \/>\n\t<meta property=\"og:image:height\" content=\"67\" \/>\n\t<meta property=\"og:image:type\" content=\"image\/jpeg\" \/>\n<meta name=\"twitter:label1\" content=\"Est. reading time\" \/>\n\t<meta name=\"twitter:data1\" content=\"2 minutes\" \/>\n\t<meta name=\"twitter:label2\" content=\"Written by\" \/>\n\t<meta name=\"twitter:data2\" content=\"dirceu.matos\" \/>\n<script type=\"application\/ld+json\" class=\"yoast-schema-graph\">{\"@context\":\"https:\/\/schema.org\",\"@graph\":[{\"@type\":\"WebPage\",\"@id\":\"https:\/\/cpar.ufms.br\/academico\/setor-apoio-academico\/\",\"url\":\"https:\/\/cpar.ufms.br\/academico\/setor-apoio-academico\/\",\"name\":\"Setor de Apoio Acad\u00eamico - Setac - CPAR - Campus de Parana\u00edba\",\"isPartOf\":{\"@id\":\"https:\/\/cpar.ufms.br\/#website\"},\"primaryImageOfPage\":{\"@id\":\"https:\/\/cpar.ufms.br\/academico\/setor-apoio-academico\/#primaryimage\"},\"image\":{\"@id\":\"https:\/\/cpar.ufms.br\/academico\/setor-apoio-academico\/#primaryimage\"},\"thumbnailUrl\":\"https:\/\/cpar.ufms.br\/files\/2021\/09\/Teste.jpg\",\"datePublished\":\"2021-08-17T21:31:28+00:00\",\"dateModified\":\"2026-01-07T21:05:21+00:00\",\"breadcrumb\":{\"@id\":\"https:\/\/cpar.ufms.br\/academico\/setor-apoio-academico\/#breadcrumb\"},\"inLanguage\":\"en-US\",\"potentialAction\":[{\"@type\":\"ReadAction\",\"target\":[\"https:\/\/cpar.ufms.br\/academico\/setor-apoio-academico\/\"]}]},{\"@type\":\"ImageObject\",\"inLanguage\":\"en-US\",\"@id\":\"https:\/\/cpar.ufms.br\/academico\/setor-apoio-academico\/#primaryimage\",\"url\":\"https:\/\/cpar.ufms.br\/files\/2021\/09\/Teste.jpg\",\"contentUrl\":\"https:\/\/cpar.ufms.br\/files\/2021\/09\/Teste.jpg\"},{\"@type\":\"BreadcrumbList\",\"@id\":\"https:\/\/cpar.ufms.br\/academico\/setor-apoio-academico\/#breadcrumb\",\"itemListElement\":[{\"@type\":\"ListItem\",\"position\":1,\"name\":\"In\u00edcio\",\"item\":\"https:\/\/cpar.ufms.br\/\"},{\"@type\":\"ListItem\",\"position\":2,\"name\":\"Acad\u00eamico\",\"item\":\"https:\/\/cpar.ufms.br\/academico\/\"},{\"@type\":\"ListItem\",\"position\":3,\"name\":\"Setor de Apoio Acad\u00eamico &#8211; Setac\"}]},{\"@type\":\"WebSite\",\"@id\":\"https:\/\/cpar.ufms.br\/#website\",\"url\":\"https:\/\/cpar.ufms.br\/\",\"name\":\"CPAR - Campus de Parana\u00edba\",\"description\":\"Universidade Federal de Mato Grosso do Sul\",\"potentialAction\":[{\"@type\":\"SearchAction\",\"target\":{\"@type\":\"EntryPoint\",\"urlTemplate\":\"https:\/\/cpar.ufms.br\/?s={search_term_string}\"},\"query-input\":{\"@type\":\"PropertyValueSpecification\",\"valueRequired\":true,\"valueName\":\"search_term_string\"}}],\"inLanguage\":\"en-US\"}]}<\/script>\n<!-- \/ Yoast SEO plugin. -->","yoast_head_json":{"title":"Setor de Apoio Acad\u00eamico - Setac - CPAR - Campus de Parana\u00edba","robots":{"index":"index","follow":"follow","max-snippet":"max-snippet:-1","max-image-preview":"max-image-preview:large","max-video-preview":"max-video-preview:-1"},"canonical":"https:\/\/cpar.ufms.br\/academico\/setor-apoio-academico\/","og_locale":"en_US","og_type":"article","og_title":"Setor de Apoio Acad\u00eamico - Setac - CPAR - Campus de Parana\u00edba","og_description":"Descri\u00e7\u00e3o \u00c9 a Unidade respons\u00e1vel pela orienta\u00e7\u00e3o, acompanhamento e execu\u00e7\u00e3o das atividades de controle escolar, bem como de apoio \u00e0 administra\u00e7\u00e3o acad\u00eamica, da Universidade Federal de Mato Grosso do Sul no C\u00e2mpus de Parana\u00edba. Equipe Patricia Queiroz Peli &#8211; respons\u00e1vel Ariane Ta\u00edsa de Lima Contato Email: secac.cpar@ufms.br Telefone: (67) 3669-0100\u00a0 ou (67)3669-0101 WhatsApp: (Iniciar Conversa) [&hellip;]","og_url":"https:\/\/cpar.ufms.br\/academico\/setor-apoio-academico\/","og_site_name":"CPAR - Campus de Parana\u00edba","article_modified_time":"2026-01-07T21:05:21+00:00","og_image":[{"width":68,"height":67,"url":"https:\/\/cpar.ufms.br\/files\/2021\/09\/Teste.jpg","type":"image\/jpeg"}],"twitter_misc":{"Est. reading time":"2 minutes","Written by":"dirceu.matos"},"schema":{"@context":"https:\/\/schema.org","@graph":[{"@type":"WebPage","@id":"https:\/\/cpar.ufms.br\/academico\/setor-apoio-academico\/","url":"https:\/\/cpar.ufms.br\/academico\/setor-apoio-academico\/","name":"Setor de Apoio Acad\u00eamico - Setac - CPAR - Campus de Parana\u00edba","isPartOf":{"@id":"https:\/\/cpar.ufms.br\/#website"},"primaryImageOfPage":{"@id":"https:\/\/cpar.ufms.br\/academico\/setor-apoio-academico\/#primaryimage"},"image":{"@id":"https:\/\/cpar.ufms.br\/academico\/setor-apoio-academico\/#primaryimage"},"thumbnailUrl":"https:\/\/cpar.ufms.br\/files\/2021\/09\/Teste.jpg","datePublished":"2021-08-17T21:31:28+00:00","dateModified":"2026-01-07T21:05:21+00:00","breadcrumb":{"@id":"https:\/\/cpar.ufms.br\/academico\/setor-apoio-academico\/#breadcrumb"},"inLanguage":"en-US","potentialAction":[{"@type":"ReadAction","target":["https:\/\/cpar.ufms.br\/academico\/setor-apoio-academico\/"]}]},{"@type":"ImageObject","inLanguage":"en-US","@id":"https:\/\/cpar.ufms.br\/academico\/setor-apoio-academico\/#primaryimage","url":"https:\/\/cpar.ufms.br\/files\/2021\/09\/Teste.jpg","contentUrl":"https:\/\/cpar.ufms.br\/files\/2021\/09\/Teste.jpg"},{"@type":"BreadcrumbList","@id":"https:\/\/cpar.ufms.br\/academico\/setor-apoio-academico\/#breadcrumb","itemListElement":[{"@type":"ListItem","position":1,"name":"In\u00edcio","item":"https:\/\/cpar.ufms.br\/"},{"@type":"ListItem","position":2,"name":"Acad\u00eamico","item":"https:\/\/cpar.ufms.br\/academico\/"},{"@type":"ListItem","position":3,"name":"Setor de Apoio Acad\u00eamico &#8211; Setac"}]},{"@type":"WebSite","@id":"https:\/\/cpar.ufms.br\/#website","url":"https:\/\/cpar.ufms.br\/","name":"CPAR - Campus de Parana\u00edba","description":"Universidade Federal de Mato Grosso do Sul","potentialAction":[{"@type":"SearchAction","target":{"@type":"EntryPoint","urlTemplate":"https:\/\/cpar.ufms.br\/?s={search_term_string}"},"query-input":{"@type":"PropertyValueSpecification","valueRequired":true,"valueName":"search_term_string"}}],"inLanguage":"en-US"}]}},"_links":{"self":[{"href":"https:\/\/cpar.ufms.br\/en\/wp-json\/wp\/v2\/pages\/11929","targetHints":{"allow":["GET"]}}],"collection":[{"href":"https:\/\/cpar.ufms.br\/en\/wp-json\/wp\/v2\/pages"}],"about":[{"href":"https:\/\/cpar.ufms.br\/en\/wp-json\/wp\/v2\/types\/page"}],"author":[{"embeddable":true,"href":"https:\/\/cpar.ufms.br\/en\/wp-json\/wp\/v2\/users\/1381"}],"replies":[{"embeddable":true,"href":"https:\/\/cpar.ufms.br\/en\/wp-json\/wp\/v2\/comments?post=11929"}],"version-history":[{"count":37,"href":"https:\/\/cpar.ufms.br\/en\/wp-json\/wp\/v2\/pages\/11929\/revisions"}],"predecessor-version":[{"id":17360,"href":"https:\/\/cpar.ufms.br\/en\/wp-json\/wp\/v2\/pages\/11929\/revisions\/17360"}],"up":[{"embeddable":true,"href":"https:\/\/cpar.ufms.br\/en\/wp-json\/wp\/v2\/pages\/611"}],"wp:attachment":[{"href":"https:\/\/cpar.ufms.br\/en\/wp-json\/wp\/v2\/media?parent=11929"}],"wp:term":[{"taxonomy":"author","embeddable":true,"href":"https:\/\/cpar.ufms.br\/en\/wp-json\/wp\/v2\/coauthors?post=11929"}],"curies":[{"name":"wp","href":"https:\/\/api.w.org\/{rel}","templated":true}]}}