{"id":12827,"date":"2022-02-02T17:45:25","date_gmt":"2022-02-02T21:45:25","guid":{"rendered":"https:\/\/cpar.ufms.br\/?page_id=12827"},"modified":"2026-01-06T08:08:35","modified_gmt":"2026-01-06T12:08:35","slug":"documentos-importantes","status":"publish","type":"page","link":"https:\/\/cpar.ufms.br\/en\/graduacao\/administracao\/documentos-importantes\/","title":{"rendered":"Regulamento CCNDs e Est\u00e1gio"},"content":{"rendered":"<h1 class=\"big_title\">Regulamentos de Componentes Curriculares N\u00e3o Disciplinares (CCND) e Est\u00e1gio<\/h1>\n<div class=\"underlinebg\"><\/div>\n<p>Seguem os links para os regulamentos de Componentes Curriculares N\u00e3o Disciplinares dos cursos de gradua\u00e7\u00e3o v\u00e1lidos a partir de 2023\/1 conforme art. 8. da\u00a0<a href=\"https:\/\/inisa.ufms.br\/files\/2022\/02\/RESOLUCAO-COGRAD-n-430-de-16-12-2021-Aprova-o-Regulamento-dos-Cursos-de-Graduacao-da-UFMS.pdf\">RESOLU\u00c7\u00c3O N\u00ba 430-COGRAD\/UFMS, DE 16 DE DEZEMBRO DE 2021<\/a>:<\/p>\n<ul>\n<li style=\"list-style-type: none\">\n<ul>\n<li><strong>Atividades Orientadas de Ensino (AOE):<\/strong>\n<ul>\n<li><a href=\"https:\/\/boletimoficial.ufms.br\/bse\/publicacao?id=460873\" target=\"_blank\" rel=\"noopener\">RESOLU\u00c7\u00c3O N\u00ba 594-COGRAD\/UFMS, DE 22 DE JUNHO DE 2022<\/a><\/li>\n<\/ul>\n<\/li>\n<\/ul>\n<ul>\n<li><strong>Trabalho de Conclus\u00e3o de Curso (TCC):<\/strong>\n<ul>\n<li><a href=\"https:\/\/boletimoficial.ufms.br\/bse\/publicacao?id=460874\" target=\"_blank\" rel=\"noopener\">RESOLU\u00c7\u00c3O N\u00ba 595-COGRAD\/UFMS, DE 22 DE JUNHO DE 2022<\/a><\/li>\n<\/ul>\n<\/li>\n<\/ul>\n<ul>\n<li><strong>Atividades Complementares (AC)<\/strong>:\n<ul>\n<li><a href=\"https:\/\/boletimoficial.ufms.br\/bse\/publicacao?id=481502\" target=\"_blank\" rel=\"noopener\">RESOLU\u00c7\u00c3O N\u00ba 830-COGRAD\/UFMS, DE 1\u00ba DE MAR\u00c7O DE 2023<\/a><\/li>\n<li><a href=\"https:\/\/boletimoficial.ufms.br\/bse\/publicacao?id=548890\">Tabela de Pontua\u00e7\u00e3o do curso de Administra\u00e7\u00e3o Bacharelado<\/a><\/li>\n<\/ul>\n<\/li>\n<\/ul>\n<ul>\n<li><strong>Atividades de Extens\u00e3o:<\/strong>\n<ul>\n<li><a href=\"https:\/\/boletimoficial.ufms.br\/bse\/publicacao?id=427614\" target=\"_blank\" rel=\"noopener\">RESOLU\u00c7\u00c3O N\u00ba 304-COGRAD\/UFMS, DE 17 DE JUNHO DE 2021<\/a><\/li>\n<li><a href=\"https:\/\/boletimoficial.ufms.br\/bse\/publicacao?id=492228\" target=\"_blank\" rel=\"noopener\">INSTRU\u00c7\u00c3O NORMATIVA CONJUNTA N\u00ba 4 \u2013 PROGRAD\/PROECE\/UFMS, DE 19 DE JUNHO DE 2023.(*)\u00a0<\/a><\/li>\n<\/ul>\n<\/li>\n<\/ul>\n<ul>\n<li><strong>Est\u00e1gio:<\/strong>\n<ul>\n<li><a href=\"https:\/\/boletimoficial.ufms.br\/bse\/publicacao?id=476540\" target=\"_blank\" rel=\"noopener\">RESOLU\u00c7\u00c3O N\u00ba 706-COGRAD\/UFMS, DE 8 DE DEZEMBRO DE 2022<\/a><\/li>\n<li><a href=\"https:\/\/boletimoficial.ufms.br\/bse\/publicacao?id=518235\">RESOLU\u00c7\u00c3O N\u00ba 1.052-COGRAD\/UFMS, DE 15 DE MAR\u00c7O DE 2024<\/a><\/li>\n<\/ul>\n<\/li>\n<\/ul>\n<\/li>\n<\/ul>\n<p>&nbsp;<\/p>\n<p><strong>Manual Esquematizado:<\/strong> <a href=\"https:\/\/docs.google.com\/document\/d\/1WaFEetCaSqRYrNGfJUGLLNKSwMj0nDiI\/edit?usp=sharing&amp;ouid=113069723745334144331&amp;rtpof=true&amp;sd=true\">&#8220;Voc\u00ea Sabe Como Funciona as CCNDs?&#8221;<\/a><\/p>\n<p>&nbsp;<\/p>\n<h1><\/h1>\n","protected":false},"excerpt":{"rendered":"<p>Regulamentos de Componentes Curriculares N\u00e3o Disciplinares (CCND) e Est\u00e1gio Seguem os links para os regulamentos de Componentes Curriculares N\u00e3o Disciplinares dos cursos de gradua\u00e7\u00e3o v\u00e1lidos a partir de 2023\/1 conforme art. 8. da\u00a0RESOLU\u00c7\u00c3O N\u00ba 430-COGRAD\/UFMS, DE 16 DE DEZEMBRO DE 2021: Atividades Orientadas de Ensino (AOE): RESOLU\u00c7\u00c3O N\u00ba 594-COGRAD\/UFMS, DE 22 DE JUNHO DE 2022 [&hellip;]<\/p>\n","protected":false},"author":6362,"featured_media":0,"parent":83,"menu_order":0,"comment_status":"closed","ping_status":"closed","template":"","meta":{"footnotes":""},"coauthors":[371],"class_list":["post-12827","page","type-page","status-publish","hentry"],"yoast_head":"<!-- This site is optimized with the Yoast SEO plugin v26.2 - https:\/\/yoast.com\/wordpress\/plugins\/seo\/ -->\n<title>Regulamento CCNDs e Est\u00e1gio - CPAR - Campus de Parana\u00edba<\/title>\n<meta name=\"robots\" content=\"index, follow, max-snippet:-1, max-image-preview:large, max-video-preview:-1\" \/>\n<link rel=\"canonical\" href=\"https:\/\/cpar.ufms.br\/graduacao\/administracao\/documentos-importantes\/\" \/>\n<meta property=\"og:locale\" content=\"en_US\" \/>\n<meta property=\"og:type\" content=\"article\" \/>\n<meta property=\"og:title\" content=\"Regulamento CCNDs e Est\u00e1gio - CPAR - Campus de Parana\u00edba\" \/>\n<meta property=\"og:description\" content=\"Regulamentos de Componentes Curriculares N\u00e3o Disciplinares (CCND) e Est\u00e1gio Seguem os links para os regulamentos de Componentes Curriculares N\u00e3o Disciplinares dos cursos de gradua\u00e7\u00e3o v\u00e1lidos a partir de 2023\/1 conforme art. 8. da\u00a0RESOLU\u00c7\u00c3O N\u00ba 430-COGRAD\/UFMS, DE 16 DE DEZEMBRO DE 2021: Atividades Orientadas de Ensino (AOE): RESOLU\u00c7\u00c3O N\u00ba 594-COGRAD\/UFMS, DE 22 DE JUNHO DE 2022 [&hellip;]\" \/>\n<meta property=\"og:url\" content=\"https:\/\/cpar.ufms.br\/graduacao\/administracao\/documentos-importantes\/\" \/>\n<meta property=\"og:site_name\" content=\"CPAR - Campus de Parana\u00edba\" \/>\n<meta property=\"article:modified_time\" content=\"2026-01-06T12:08:35+00:00\" \/>\n<meta name=\"twitter:label1\" content=\"Est. reading time\" \/>\n\t<meta name=\"twitter:data1\" content=\"1 minute\" \/>\n\t<meta name=\"twitter:label2\" content=\"Written by\" \/>\n\t<meta name=\"twitter:data2\" content=\"Ailton Junior\" \/>\n<script type=\"application\/ld+json\" class=\"yoast-schema-graph\">{\"@context\":\"https:\/\/schema.org\",\"@graph\":[{\"@type\":\"WebPage\",\"@id\":\"https:\/\/cpar.ufms.br\/graduacao\/administracao\/documentos-importantes\/\",\"url\":\"https:\/\/cpar.ufms.br\/graduacao\/administracao\/documentos-importantes\/\",\"name\":\"Regulamento CCNDs e Est\u00e1gio - CPAR - Campus de Parana\u00edba\",\"isPartOf\":{\"@id\":\"https:\/\/cpar.ufms.br\/#website\"},\"datePublished\":\"2022-02-02T21:45:25+00:00\",\"dateModified\":\"2026-01-06T12:08:35+00:00\",\"breadcrumb\":{\"@id\":\"https:\/\/cpar.ufms.br\/graduacao\/administracao\/documentos-importantes\/#breadcrumb\"},\"inLanguage\":\"en-US\",\"potentialAction\":[{\"@type\":\"ReadAction\",\"target\":[\"https:\/\/cpar.ufms.br\/graduacao\/administracao\/documentos-importantes\/\"]}]},{\"@type\":\"BreadcrumbList\",\"@id\":\"https:\/\/cpar.ufms.br\/graduacao\/administracao\/documentos-importantes\/#breadcrumb\",\"itemListElement\":[{\"@type\":\"ListItem\",\"position\":1,\"name\":\"In\u00edcio\",\"item\":\"https:\/\/cpar.ufms.br\/\"},{\"@type\":\"ListItem\",\"position\":2,\"name\":\"Gradua\u00e7\u00e3o\",\"item\":\"https:\/\/cpar.ufms.br\/graduacao\/\"},{\"@type\":\"ListItem\",\"position\":3,\"name\":\"Administra\u00e7\u00e3o\",\"item\":\"https:\/\/cpar.ufms.br\/graduacao\/administracao\/\"},{\"@type\":\"ListItem\",\"position\":4,\"name\":\"Regulamento CCNDs e Est\u00e1gio\"}]},{\"@type\":\"WebSite\",\"@id\":\"https:\/\/cpar.ufms.br\/#website\",\"url\":\"https:\/\/cpar.ufms.br\/\",\"name\":\"CPAR - Campus de Parana\u00edba\",\"description\":\"Universidade Federal de Mato Grosso do Sul\",\"potentialAction\":[{\"@type\":\"SearchAction\",\"target\":{\"@type\":\"EntryPoint\",\"urlTemplate\":\"https:\/\/cpar.ufms.br\/?s={search_term_string}\"},\"query-input\":{\"@type\":\"PropertyValueSpecification\",\"valueRequired\":true,\"valueName\":\"search_term_string\"}}],\"inLanguage\":\"en-US\"}]}<\/script>\n<!-- \/ Yoast SEO plugin. -->","yoast_head_json":{"title":"Regulamento CCNDs e Est\u00e1gio - CPAR - Campus de Parana\u00edba","robots":{"index":"index","follow":"follow","max-snippet":"max-snippet:-1","max-image-preview":"max-image-preview:large","max-video-preview":"max-video-preview:-1"},"canonical":"https:\/\/cpar.ufms.br\/graduacao\/administracao\/documentos-importantes\/","og_locale":"en_US","og_type":"article","og_title":"Regulamento CCNDs e Est\u00e1gio - CPAR - Campus de Parana\u00edba","og_description":"Regulamentos de Componentes Curriculares N\u00e3o Disciplinares (CCND) e Est\u00e1gio Seguem os links para os regulamentos de Componentes Curriculares N\u00e3o Disciplinares dos cursos de gradua\u00e7\u00e3o v\u00e1lidos a partir de 2023\/1 conforme art. 8. da\u00a0RESOLU\u00c7\u00c3O N\u00ba 430-COGRAD\/UFMS, DE 16 DE DEZEMBRO DE 2021: Atividades Orientadas de Ensino (AOE): RESOLU\u00c7\u00c3O N\u00ba 594-COGRAD\/UFMS, DE 22 DE JUNHO DE 2022 [&hellip;]","og_url":"https:\/\/cpar.ufms.br\/graduacao\/administracao\/documentos-importantes\/","og_site_name":"CPAR - Campus de Parana\u00edba","article_modified_time":"2026-01-06T12:08:35+00:00","twitter_misc":{"Est. reading time":"1 minute","Written by":"Ailton Junior"},"schema":{"@context":"https:\/\/schema.org","@graph":[{"@type":"WebPage","@id":"https:\/\/cpar.ufms.br\/graduacao\/administracao\/documentos-importantes\/","url":"https:\/\/cpar.ufms.br\/graduacao\/administracao\/documentos-importantes\/","name":"Regulamento CCNDs e Est\u00e1gio - CPAR - Campus de Parana\u00edba","isPartOf":{"@id":"https:\/\/cpar.ufms.br\/#website"},"datePublished":"2022-02-02T21:45:25+00:00","dateModified":"2026-01-06T12:08:35+00:00","breadcrumb":{"@id":"https:\/\/cpar.ufms.br\/graduacao\/administracao\/documentos-importantes\/#breadcrumb"},"inLanguage":"en-US","potentialAction":[{"@type":"ReadAction","target":["https:\/\/cpar.ufms.br\/graduacao\/administracao\/documentos-importantes\/"]}]},{"@type":"BreadcrumbList","@id":"https:\/\/cpar.ufms.br\/graduacao\/administracao\/documentos-importantes\/#breadcrumb","itemListElement":[{"@type":"ListItem","position":1,"name":"In\u00edcio","item":"https:\/\/cpar.ufms.br\/"},{"@type":"ListItem","position":2,"name":"Gradua\u00e7\u00e3o","item":"https:\/\/cpar.ufms.br\/graduacao\/"},{"@type":"ListItem","position":3,"name":"Administra\u00e7\u00e3o","item":"https:\/\/cpar.ufms.br\/graduacao\/administracao\/"},{"@type":"ListItem","position":4,"name":"Regulamento CCNDs e Est\u00e1gio"}]},{"@type":"WebSite","@id":"https:\/\/cpar.ufms.br\/#website","url":"https:\/\/cpar.ufms.br\/","name":"CPAR - Campus de Parana\u00edba","description":"Universidade Federal de Mato Grosso do Sul","potentialAction":[{"@type":"SearchAction","target":{"@type":"EntryPoint","urlTemplate":"https:\/\/cpar.ufms.br\/?s={search_term_string}"},"query-input":{"@type":"PropertyValueSpecification","valueRequired":true,"valueName":"search_term_string"}}],"inLanguage":"en-US"}]}},"_links":{"self":[{"href":"https:\/\/cpar.ufms.br\/en\/wp-json\/wp\/v2\/pages\/12827","targetHints":{"allow":["GET"]}}],"collection":[{"href":"https:\/\/cpar.ufms.br\/en\/wp-json\/wp\/v2\/pages"}],"about":[{"href":"https:\/\/cpar.ufms.br\/en\/wp-json\/wp\/v2\/types\/page"}],"author":[{"embeddable":true,"href":"https:\/\/cpar.ufms.br\/en\/wp-json\/wp\/v2\/users\/6362"}],"replies":[{"embeddable":true,"href":"https:\/\/cpar.ufms.br\/en\/wp-json\/wp\/v2\/comments?post=12827"}],"version-history":[{"count":26,"href":"https:\/\/cpar.ufms.br\/en\/wp-json\/wp\/v2\/pages\/12827\/revisions"}],"predecessor-version":[{"id":17304,"href":"https:\/\/cpar.ufms.br\/en\/wp-json\/wp\/v2\/pages\/12827\/revisions\/17304"}],"up":[{"embeddable":true,"href":"https:\/\/cpar.ufms.br\/en\/wp-json\/wp\/v2\/pages\/83"}],"wp:attachment":[{"href":"https:\/\/cpar.ufms.br\/en\/wp-json\/wp\/v2\/media?parent=12827"}],"wp:term":[{"taxonomy":"author","embeddable":true,"href":"https:\/\/cpar.ufms.br\/en\/wp-json\/wp\/v2\/coauthors?post=12827"}],"curies":[{"name":"wp","href":"https:\/\/api.w.org\/{rel}","templated":true}]}}