{"id":13005,"date":"2022-02-25T14:43:40","date_gmt":"2022-02-25T18:43:40","guid":{"rendered":"https:\/\/cpar.ufms.br\/?page_id=13005"},"modified":"2024-12-06T16:03:25","modified_gmt":"2024-12-06T20:03:25","slug":"aconteceu-no-cpar","status":"publish","type":"page","link":"https:\/\/cpar.ufms.br\/en\/aconteceu-no-cpar\/","title":{"rendered":"Aconteceu no CPAR"},"content":{"rendered":"<h3>Mensalmente, o Campus de Parana\u00edba re\u00fane informa\u00e7\u00f5es sobre os principais acontecimentos.<\/h3>\n<h4>Envie sua sugest\u00e3o por meio do <a href=\"https:\/\/docs.google.com\/forms\/d\/1OHXsucBqBwDfebOmejASedn-uO6833nUY0SYAirGAxk\/prefill\" target=\"_blank\" rel=\"noopener\">FORMUL\u00c1RIO<\/a><\/h4>\n<h2><img decoding=\"async\" class=\"alignnone size-medium wp-image-11827\" src=\"https:\/\/cpar.ufms.br\/files\/2021\/08\/aconteceu-300x75.png\" alt=\"\" width=\"300\" height=\"75\" srcset=\"https:\/\/cpar.ufms.br\/files\/2021\/08\/aconteceu-300x75.png 300w, https:\/\/cpar.ufms.br\/files\/2021\/08\/aconteceu-1024x256.png 1024w, https:\/\/cpar.ufms.br\/files\/2021\/08\/aconteceu-768x192.png 768w, https:\/\/cpar.ufms.br\/files\/2021\/08\/aconteceu-730x183.png 730w, https:\/\/cpar.ufms.br\/files\/2021\/08\/aconteceu.png 1280w\" sizes=\"(max-width: 300px) 100vw, 300px\" \/><\/h2>\n<ul>\n<li>\n<h4><a href=\"https:\/\/cpar.ufms.br\/files\/2024\/12\/Aconteceu-no-CPAR-XXIII.pdf\" target=\"_blank\" rel=\"noopener\">Novembro\/2024<\/a><\/h4>\n<\/li>\n<li>\n<h4><a href=\"https:\/\/cpar.ufms.br\/files\/2024\/06\/Aconteceu-no-CPAR-XXII.pdf\" target=\"_blank\" rel=\"noopener\">Abr\/Mai\/Jun\/2024<\/a><\/h4>\n<\/li>\n<li>\n<h4><a href=\"https:\/\/cpar.ufms.br\/files\/2024\/04\/Aconteceu-no-CPAR-XXI-3.pdf\" target=\"_blank\" rel=\"noopener\"><strong>Dez\/23-Jan\/Fev\/Mar\/2024<\/strong><\/a><\/h4>\n<\/li>\n<li>\n<h4><a href=\"https:\/\/cpar.ufms.br\/files\/2023\/12\/Aconteceu-no-CPAR-XX.pdf\" target=\"_blank\" rel=\"noopener\">Novembro\/2023<\/a><\/h4>\n<\/li>\n<li>\n<h4><a href=\"https:\/\/cpar.ufms.br\/files\/2023\/11\/Aconteceu-no-CPAR-XIX-1.pdf\" target=\"_blank\" rel=\"noopener\">Setembro\/Outubro\/2023<\/a><\/h4>\n<\/li>\n<li>\n<h4><a href=\"https:\/\/cpar.ufms.br\/files\/2023\/09\/Aconteceu-no-CPAR-XVIII.pdf\" target=\"_blank\" rel=\"noopener\">Julho\/Agosto\/2023<\/a><\/h4>\n<\/li>\n<li>\n<h4><a href=\"https:\/\/cpar.ufms.br\/files\/2023\/07\/Aconteceu-no-CPAR-XVII.pdf\" target=\"_blank\" rel=\"noopener\">Junho\/2023<\/a><\/h4>\n<\/li>\n<li>\n<h4><a href=\"https:\/\/cpar.ufms.br\/files\/2023\/06\/Aconteceu-no-CPAR-XVI.pdf\" target=\"_blank\" rel=\"noopener\">Maio\/2023<\/a><\/h4>\n<\/li>\n<li>\n<h4><a href=\"https:\/\/cpar.ufms.br\/files\/2023\/05\/Aconteceu-no-CPAR-XV.pdf\" target=\"_blank\" rel=\"noopener\">Abril\/2023<\/a><\/h4>\n<\/li>\n<li>\n<h4><a href=\"https:\/\/cpar.ufms.br\/files\/2023\/04\/Aconteceu-no-CPAR-XIV-5.pdf\" target=\"_blank\" rel=\"noopener\">Mar\u00e7o\/2023<\/a><\/h4>\n<\/li>\n<li>\n<h4><a href=\"https:\/\/cpar.ufms.br\/files\/2023\/02\/Aconteceu-no-CPAR-XIII.pdf\" target=\"_blank\" rel=\"noopener\">Dez\/22, Jan\/23 e Fev\/23<\/a><\/h4>\n<\/li>\n<li>\n<h4><strong><a href=\"https:\/\/cpar.ufms.br\/files\/2022\/12\/Aconteceu-no-CPAR-XI-1.pdf\" target=\"_blank\" rel=\"noopener\">Novembro\/2022<\/a><\/strong><\/h4>\n<\/li>\n<li>\n<h4><a href=\"https:\/\/cpar.ufms.br\/files\/2022\/11\/Aconteceu-no-CPAR-X-4.pdf\" target=\"_blank\" rel=\"noopener\"><strong>Outubro\/2022<\/strong><\/a><\/h4>\n<\/li>\n<li>\n<h4><a href=\"https:\/\/cpar.ufms.br\/files\/2022\/10\/Aconteceu-no-CPAR-IX-1.pdf\" target=\"_blank\" rel=\"noopener\"><strong>Setembro\/2022<\/strong><\/a><\/h4>\n<\/li>\n<li>\n<h4><a href=\"https:\/\/cpar.ufms.br\/files\/2022\/09\/Aconteceu-no-CPAR-VIII-1.pdf\" target=\"_blank\" rel=\"noopener\"><strong>Agosto\/2022<\/strong><\/a><\/h4>\n<\/li>\n<li>\n<h4><a href=\"https:\/\/cpar.ufms.br\/files\/2022\/08\/Aconteceu-no-CPAR-VII-1-1.pdf\" target=\"_blank\" rel=\"noopener\"><strong>Julho\/2022<\/strong><\/a><\/h4>\n<\/li>\n<li>\n<h4><strong><a href=\"https:\/\/cpar.ufms.br\/files\/2022\/07\/Aconteceu-no-CPAR-VI-.pdf\" target=\"_blank\" rel=\"noopener\">Junho\/2022<\/a><\/strong><\/h4>\n<\/li>\n<li>\n<h4><strong><a href=\"https:\/\/cpar.ufms.br\/files\/2022\/06\/Aconteceu-no-CPAR-V-.pdf\" target=\"_blank\" rel=\"noopener\">Maio\/2022<\/a><\/strong><\/h4>\n<\/li>\n<li>\n<h4><strong><a href=\"https:\/\/cpar.ufms.br\/files\/2022\/05\/Aconteceu-no-CPAR-IV-.pdf\" target=\"_blank\" rel=\"noopener\">Abril\/2022<\/a><\/strong><\/h4>\n<\/li>\n<li>\n<h4><strong><a href=\"https:\/\/cpar.ufms.br\/files\/2022\/04\/Aconteceu-no-CPAR-III.pdf\" target=\"_blank\" rel=\"noopener\">Mar\u00e7o\/2022<\/a><\/strong><\/h4>\n<\/li>\n<li>\n<h4><strong><a href=\"https:\/\/cpar.ufms.br\/files\/2022\/04\/Aconteceu-II.pdf\" target=\"_blank\" rel=\"noopener\">Fevereiro\/2022<\/a><\/strong><\/h4>\n<\/li>\n<li>\n<h4><a href=\"https:\/\/cpar.ufms.br\/files\/2022\/03\/Aconteceu-II.pdf\" target=\"_blank\" rel=\"noopener\">Janeiro\/2022<\/a><\/h4>\n<\/li>\n<li>\n<h4><a href=\"https:\/\/cpar.ufms.br\/files\/2022\/01\/Aconteceu-I-1-corrigido.pdf\" target=\"_blank\" rel=\"noopener\">Dezembro\/2021<\/a><\/h4>\n<\/li>\n<li>\n<h4><a href=\"https:\/\/cpar.ufms.br\/aconteceu-no-cpar-resultados-durante-o-mes-de-novembro-de-2021\/\">Novembro\/2021<\/a><\/h4>\n<\/li>\n<li>\n<h4><a href=\"https:\/\/cpar.ufms.br\/aconteceu-no-cpar-resultados-durante-o-mes-de-outubro-de-2021\/\" target=\"_blank\" rel=\"noopener\">Outubro\/2021<\/a><\/h4>\n<\/li>\n<li>\n<h4><a href=\"https:\/\/cpar.ufms.br\/aconteceu-no-cpar-resultados-do-mes-de-setembro\/\" target=\"_blank\" rel=\"noopener\">Setembro\/2021<\/a><\/h4>\n<\/li>\n<li>\n<h4><a href=\"https:\/\/cpar.ufms.br\/aconteceu-no-cpar-resultados-durante-o-mes-de-agosto-de-2021\/\" target=\"_blank\" rel=\"noopener\">Agosto\/2021<\/a><\/h4>\n<\/li>\n<li>\n<h4><a href=\"https:\/\/cpar.ufms.br\/aconteceu-no-cpar-resultados-durante-o-mes-de-julho-2021\/\" target=\"_blank\" rel=\"noopener\">Julho\/2021<\/a><\/h4>\n<\/li>\n<\/ul>\n","protected":false},"excerpt":{"rendered":"<p>Mensalmente, o Campus de Parana\u00edba re\u00fane informa\u00e7\u00f5es sobre os principais acontecimentos. Envie sua sugest\u00e3o por meio do FORMUL\u00c1RIO Novembro\/2024 Abr\/Mai\/Jun\/2024 Dez\/23-Jan\/Fev\/Mar\/2024 Novembro\/2023 Setembro\/Outubro\/2023 Julho\/Agosto\/2023 Junho\/2023 Maio\/2023 Abril\/2023 Mar\u00e7o\/2023 Dez\/22, Jan\/23 e Fev\/23 Novembro\/2022 Outubro\/2022 Setembro\/2022 Agosto\/2022 Julho\/2022 Junho\/2022 Maio\/2022 Abril\/2022 Mar\u00e7o\/2022 Fevereiro\/2022 Janeiro\/2022 Dezembro\/2021 Novembro\/2021 Outubro\/2021 Setembro\/2021 Agosto\/2021 Julho\/2021<\/p>\n","protected":false},"author":6362,"featured_media":11827,"parent":0,"menu_order":0,"comment_status":"closed","ping_status":"closed","template":"","meta":{"footnotes":""},"coauthors":[],"class_list":["post-13005","page","type-page","status-publish","has-post-thumbnail","hentry"],"yoast_head":"<!-- This site is optimized with the Yoast SEO plugin v26.2 - https:\/\/yoast.com\/wordpress\/plugins\/seo\/ -->\n<title>Aconteceu no CPAR - CPAR - Campus de Parana\u00edba<\/title>\n<meta name=\"robots\" content=\"index, follow, max-snippet:-1, max-image-preview:large, max-video-preview:-1\" \/>\n<link rel=\"canonical\" href=\"https:\/\/cpar.ufms.br\/aconteceu-no-cpar\/\" \/>\n<meta property=\"og:locale\" content=\"en_US\" \/>\n<meta property=\"og:type\" content=\"article\" \/>\n<meta property=\"og:title\" content=\"Aconteceu no CPAR - CPAR - Campus de Parana\u00edba\" \/>\n<meta property=\"og:description\" content=\"Mensalmente, o Campus de Parana\u00edba re\u00fane informa\u00e7\u00f5es sobre os principais acontecimentos. Envie sua sugest\u00e3o por meio do FORMUL\u00c1RIO Novembro\/2024 Abr\/Mai\/Jun\/2024 Dez\/23-Jan\/Fev\/Mar\/2024 Novembro\/2023 Setembro\/Outubro\/2023 Julho\/Agosto\/2023 Junho\/2023 Maio\/2023 Abril\/2023 Mar\u00e7o\/2023 Dez\/22, Jan\/23 e Fev\/23 Novembro\/2022 Outubro\/2022 Setembro\/2022 Agosto\/2022 Julho\/2022 Junho\/2022 Maio\/2022 Abril\/2022 Mar\u00e7o\/2022 Fevereiro\/2022 Janeiro\/2022 Dezembro\/2021 Novembro\/2021 Outubro\/2021 Setembro\/2021 Agosto\/2021 Julho\/2021\" \/>\n<meta property=\"og:url\" content=\"https:\/\/cpar.ufms.br\/aconteceu-no-cpar\/\" \/>\n<meta property=\"og:site_name\" content=\"CPAR - Campus de Parana\u00edba\" \/>\n<meta property=\"article:modified_time\" content=\"2024-12-06T20:03:25+00:00\" \/>\n<meta property=\"og:image\" content=\"https:\/\/cpar.ufms.br\/files\/2021\/08\/aconteceu.png\" \/>\n\t<meta property=\"og:image:width\" content=\"1280\" \/>\n\t<meta property=\"og:image:height\" content=\"320\" \/>\n\t<meta property=\"og:image:type\" content=\"image\/png\" \/>\n<meta name=\"twitter:label1\" content=\"Est. reading time\" \/>\n\t<meta name=\"twitter:data1\" content=\"1 minute\" \/>\n\t<meta name=\"twitter:label2\" content=\"Written by\" \/>\n\t<meta name=\"twitter:data2\" content=\"Ailton Junior\" \/>\n<script type=\"application\/ld+json\" class=\"yoast-schema-graph\">{\"@context\":\"https:\/\/schema.org\",\"@graph\":[{\"@type\":\"WebPage\",\"@id\":\"https:\/\/cpar.ufms.br\/aconteceu-no-cpar\/\",\"url\":\"https:\/\/cpar.ufms.br\/aconteceu-no-cpar\/\",\"name\":\"Aconteceu no CPAR - CPAR - Campus de Parana\u00edba\",\"isPartOf\":{\"@id\":\"https:\/\/cpar.ufms.br\/#website\"},\"primaryImageOfPage\":{\"@id\":\"https:\/\/cpar.ufms.br\/aconteceu-no-cpar\/#primaryimage\"},\"image\":{\"@id\":\"https:\/\/cpar.ufms.br\/aconteceu-no-cpar\/#primaryimage\"},\"thumbnailUrl\":\"https:\/\/cpar.ufms.br\/files\/2021\/08\/aconteceu.png\",\"datePublished\":\"2022-02-25T18:43:40+00:00\",\"dateModified\":\"2024-12-06T20:03:25+00:00\",\"breadcrumb\":{\"@id\":\"https:\/\/cpar.ufms.br\/aconteceu-no-cpar\/#breadcrumb\"},\"inLanguage\":\"en-US\",\"potentialAction\":[{\"@type\":\"ReadAction\",\"target\":[\"https:\/\/cpar.ufms.br\/aconteceu-no-cpar\/\"]}]},{\"@type\":\"ImageObject\",\"inLanguage\":\"en-US\",\"@id\":\"https:\/\/cpar.ufms.br\/aconteceu-no-cpar\/#primaryimage\",\"url\":\"https:\/\/cpar.ufms.br\/files\/2021\/08\/aconteceu.png\",\"contentUrl\":\"https:\/\/cpar.ufms.br\/files\/2021\/08\/aconteceu.png\",\"width\":1280,\"height\":320},{\"@type\":\"BreadcrumbList\",\"@id\":\"https:\/\/cpar.ufms.br\/aconteceu-no-cpar\/#breadcrumb\",\"itemListElement\":[{\"@type\":\"ListItem\",\"position\":1,\"name\":\"In\u00edcio\",\"item\":\"https:\/\/cpar.ufms.br\/\"},{\"@type\":\"ListItem\",\"position\":2,\"name\":\"Aconteceu no CPAR\"}]},{\"@type\":\"WebSite\",\"@id\":\"https:\/\/cpar.ufms.br\/#website\",\"url\":\"https:\/\/cpar.ufms.br\/\",\"name\":\"CPAR - Campus de Parana\u00edba\",\"description\":\"Universidade Federal de Mato Grosso do Sul\",\"potentialAction\":[{\"@type\":\"SearchAction\",\"target\":{\"@type\":\"EntryPoint\",\"urlTemplate\":\"https:\/\/cpar.ufms.br\/?s={search_term_string}\"},\"query-input\":{\"@type\":\"PropertyValueSpecification\",\"valueRequired\":true,\"valueName\":\"search_term_string\"}}],\"inLanguage\":\"en-US\"}]}<\/script>\n<!-- \/ Yoast SEO plugin. -->","yoast_head_json":{"title":"Aconteceu no CPAR - CPAR - Campus de Parana\u00edba","robots":{"index":"index","follow":"follow","max-snippet":"max-snippet:-1","max-image-preview":"max-image-preview:large","max-video-preview":"max-video-preview:-1"},"canonical":"https:\/\/cpar.ufms.br\/aconteceu-no-cpar\/","og_locale":"en_US","og_type":"article","og_title":"Aconteceu no CPAR - CPAR - Campus de Parana\u00edba","og_description":"Mensalmente, o Campus de Parana\u00edba re\u00fane informa\u00e7\u00f5es sobre os principais acontecimentos. Envie sua sugest\u00e3o por meio do FORMUL\u00c1RIO Novembro\/2024 Abr\/Mai\/Jun\/2024 Dez\/23-Jan\/Fev\/Mar\/2024 Novembro\/2023 Setembro\/Outubro\/2023 Julho\/Agosto\/2023 Junho\/2023 Maio\/2023 Abril\/2023 Mar\u00e7o\/2023 Dez\/22, Jan\/23 e Fev\/23 Novembro\/2022 Outubro\/2022 Setembro\/2022 Agosto\/2022 Julho\/2022 Junho\/2022 Maio\/2022 Abril\/2022 Mar\u00e7o\/2022 Fevereiro\/2022 Janeiro\/2022 Dezembro\/2021 Novembro\/2021 Outubro\/2021 Setembro\/2021 Agosto\/2021 Julho\/2021","og_url":"https:\/\/cpar.ufms.br\/aconteceu-no-cpar\/","og_site_name":"CPAR - Campus de Parana\u00edba","article_modified_time":"2024-12-06T20:03:25+00:00","og_image":[{"width":1280,"height":320,"url":"https:\/\/cpar.ufms.br\/files\/2021\/08\/aconteceu.png","type":"image\/png"}],"twitter_misc":{"Est. reading time":"1 minute","Written by":"Ailton Junior"},"schema":{"@context":"https:\/\/schema.org","@graph":[{"@type":"WebPage","@id":"https:\/\/cpar.ufms.br\/aconteceu-no-cpar\/","url":"https:\/\/cpar.ufms.br\/aconteceu-no-cpar\/","name":"Aconteceu no CPAR - CPAR - Campus de Parana\u00edba","isPartOf":{"@id":"https:\/\/cpar.ufms.br\/#website"},"primaryImageOfPage":{"@id":"https:\/\/cpar.ufms.br\/aconteceu-no-cpar\/#primaryimage"},"image":{"@id":"https:\/\/cpar.ufms.br\/aconteceu-no-cpar\/#primaryimage"},"thumbnailUrl":"https:\/\/cpar.ufms.br\/files\/2021\/08\/aconteceu.png","datePublished":"2022-02-25T18:43:40+00:00","dateModified":"2024-12-06T20:03:25+00:00","breadcrumb":{"@id":"https:\/\/cpar.ufms.br\/aconteceu-no-cpar\/#breadcrumb"},"inLanguage":"en-US","potentialAction":[{"@type":"ReadAction","target":["https:\/\/cpar.ufms.br\/aconteceu-no-cpar\/"]}]},{"@type":"ImageObject","inLanguage":"en-US","@id":"https:\/\/cpar.ufms.br\/aconteceu-no-cpar\/#primaryimage","url":"https:\/\/cpar.ufms.br\/files\/2021\/08\/aconteceu.png","contentUrl":"https:\/\/cpar.ufms.br\/files\/2021\/08\/aconteceu.png","width":1280,"height":320},{"@type":"BreadcrumbList","@id":"https:\/\/cpar.ufms.br\/aconteceu-no-cpar\/#breadcrumb","itemListElement":[{"@type":"ListItem","position":1,"name":"In\u00edcio","item":"https:\/\/cpar.ufms.br\/"},{"@type":"ListItem","position":2,"name":"Aconteceu no CPAR"}]},{"@type":"WebSite","@id":"https:\/\/cpar.ufms.br\/#website","url":"https:\/\/cpar.ufms.br\/","name":"CPAR - Campus de Parana\u00edba","description":"Universidade Federal de Mato Grosso do Sul","potentialAction":[{"@type":"SearchAction","target":{"@type":"EntryPoint","urlTemplate":"https:\/\/cpar.ufms.br\/?s={search_term_string}"},"query-input":{"@type":"PropertyValueSpecification","valueRequired":true,"valueName":"search_term_string"}}],"inLanguage":"en-US"}]}},"_links":{"self":[{"href":"https:\/\/cpar.ufms.br\/en\/wp-json\/wp\/v2\/pages\/13005","targetHints":{"allow":["GET"]}}],"collection":[{"href":"https:\/\/cpar.ufms.br\/en\/wp-json\/wp\/v2\/pages"}],"about":[{"href":"https:\/\/cpar.ufms.br\/en\/wp-json\/wp\/v2\/types\/page"}],"author":[{"embeddable":true,"href":"https:\/\/cpar.ufms.br\/en\/wp-json\/wp\/v2\/users\/6362"}],"replies":[{"embeddable":true,"href":"https:\/\/cpar.ufms.br\/en\/wp-json\/wp\/v2\/comments?post=13005"}],"version-history":[{"count":43,"href":"https:\/\/cpar.ufms.br\/en\/wp-json\/wp\/v2\/pages\/13005\/revisions"}],"predecessor-version":[{"id":16458,"href":"https:\/\/cpar.ufms.br\/en\/wp-json\/wp\/v2\/pages\/13005\/revisions\/16458"}],"wp:featuredmedia":[{"embeddable":true,"href":"https:\/\/cpar.ufms.br\/en\/wp-json\/wp\/v2\/media\/11827"}],"wp:attachment":[{"href":"https:\/\/cpar.ufms.br\/en\/wp-json\/wp\/v2\/media?parent=13005"}],"wp:term":[{"taxonomy":"author","embeddable":true,"href":"https:\/\/cpar.ufms.br\/en\/wp-json\/wp\/v2\/coauthors?post=13005"}],"curies":[{"name":"wp","href":"https:\/\/api.w.org\/{rel}","templated":true}]}}