{"id":13614,"date":"2022-07-06T16:16:13","date_gmt":"2022-07-06T20:16:13","guid":{"rendered":"https:\/\/cpar.ufms.br\/?page_id=13614"},"modified":"2026-01-06T10:15:59","modified_gmt":"2026-01-06T14:15:59","slug":"medicina-veterinaria","status":"publish","type":"page","link":"https:\/\/cpar.ufms.br\/en\/graduacao\/medicina-veterinaria\/","title":{"rendered":"Medicina Veterin\u00e1ria"},"content":{"rendered":"<p>Coordenador: <a title=\"Prof. Dr. Dyego Goncalves Lino Borges\" href=\"https:\/\/cpar.ufms.br\/prof-dr-dyego-goncalves-lino-borges\/\"><strong>Prof. Dr. Dyego Gon\u00e7alves Lino Borges\u00a0<\/strong><\/a><\/p>\n<p>Coordenador substituto: <strong><a href=\"https:\/\/cpar.ufms.br\/graduacao\/medicina-veterinaria\/docentes-de-medicina-veterinaria\/prof-dr-gustavo-gomes-de-oliveira\/\" target=\"_blank\" rel=\"noopener\">Prof. Dr. Gustavo Gomes de Oliveira<\/a><\/strong><\/p>\n<p>E-mail: mvet.cpar@ufms.br<\/p>\n<p>Telefone: 3669-0156<\/p>\n<p>Acesse aqui o <a href=\"https:\/\/cpar.ufms.br\/files\/2023\/05\/PLANO-DE-ACAO-COORDENADOR-DE-CURSO.pdf\"><strong>Plano de A\u00e7\u00e3o do(a) Coordenador(a) de Curso 2022\/2023<\/strong><\/a><\/p>\n<p><strong><a href=\"https:\/\/boletimoficial.ufms.br\/bse\/publicacao?id=548889\">Tabela de Atividades Complementares do Curso<\/a><\/strong><\/p>\n<p><a href=\"https:\/\/prograd.ufms.br\/legislacao\/regulamentos-de-ccnd-da-graduacao\/\">Regulamento das CCNDs e Est\u00e1gio<\/a><\/p>\n","protected":false},"excerpt":{"rendered":"<p>Coordenador: Prof. Dr. Dyego Gon\u00e7alves Lino Borges\u00a0 Coordenador substituto: Prof. Dr. Gustavo Gomes de Oliveira E-mail: mvet.cpar@ufms.br Telefone: 3669-0156 Acesse aqui o Plano de A\u00e7\u00e3o do(a) Coordenador(a) de Curso 2022\/2023 Tabela de Atividades Complementares do Curso Regulamento das CCNDs e Est\u00e1gio<\/p>\n","protected":false},"author":1381,"featured_media":14360,"parent":1211,"menu_order":1,"comment_status":"closed","ping_status":"closed","template":"page-templates\/page-coordenadorias.php","meta":{"footnotes":""},"coauthors":[372],"class_list":["post-13614","page","type-page","status-publish","has-post-thumbnail","hentry"],"yoast_head":"<!-- This site is optimized with the Yoast SEO plugin v26.2 - https:\/\/yoast.com\/wordpress\/plugins\/seo\/ -->\n<title>Medicina Veterin\u00e1ria - CPAR - Campus de Parana\u00edba<\/title>\n<meta name=\"robots\" content=\"index, follow, max-snippet:-1, max-image-preview:large, max-video-preview:-1\" \/>\n<link rel=\"canonical\" href=\"https:\/\/cpar.ufms.br\/graduacao\/medicina-veterinaria\/\" \/>\n<meta property=\"og:locale\" content=\"en_US\" \/>\n<meta property=\"og:type\" content=\"article\" \/>\n<meta property=\"og:title\" content=\"Medicina Veterin\u00e1ria - CPAR - Campus de Parana\u00edba\" \/>\n<meta property=\"og:description\" content=\"Coordenador: Prof. Dr. Dyego Gon\u00e7alves Lino Borges\u00a0 Coordenador substituto: Prof. Dr. Gustavo Gomes de Oliveira E-mail: mvet.cpar@ufms.br Telefone: 3669-0156 Acesse aqui o Plano de A\u00e7\u00e3o do(a) Coordenador(a) de Curso 2022\/2023 Tabela de Atividades Complementares do Curso Regulamento das CCNDs e Est\u00e1gio\" \/>\n<meta property=\"og:url\" content=\"https:\/\/cpar.ufms.br\/graduacao\/medicina-veterinaria\/\" \/>\n<meta property=\"og:site_name\" content=\"CPAR - Campus de Parana\u00edba\" \/>\n<meta property=\"article:modified_time\" content=\"2026-01-06T14:15:59+00:00\" \/>\n<meta property=\"og:image\" content=\"https:\/\/cpar.ufms.br\/files\/2023\/02\/Medicina-Veterinaria-UFMS-Paranaiba-4.png\" \/>\n\t<meta property=\"og:image:width\" content=\"1000\" \/>\n\t<meta property=\"og:image:height\" content=\"420\" \/>\n\t<meta property=\"og:image:type\" content=\"image\/png\" \/>\n<meta name=\"twitter:label1\" content=\"Est. reading time\" \/>\n\t<meta name=\"twitter:data1\" content=\"1 minute\" \/>\n\t<meta name=\"twitter:label2\" content=\"Written by\" \/>\n\t<meta name=\"twitter:data2\" content=\"dirceu.matos\" \/>\n<script type=\"application\/ld+json\" class=\"yoast-schema-graph\">{\"@context\":\"https:\/\/schema.org\",\"@graph\":[{\"@type\":\"WebPage\",\"@id\":\"https:\/\/cpar.ufms.br\/graduacao\/medicina-veterinaria\/\",\"url\":\"https:\/\/cpar.ufms.br\/graduacao\/medicina-veterinaria\/\",\"name\":\"Medicina Veterin\u00e1ria - CPAR - Campus de Parana\u00edba\",\"isPartOf\":{\"@id\":\"https:\/\/cpar.ufms.br\/#website\"},\"primaryImageOfPage\":{\"@id\":\"https:\/\/cpar.ufms.br\/graduacao\/medicina-veterinaria\/#primaryimage\"},\"image\":{\"@id\":\"https:\/\/cpar.ufms.br\/graduacao\/medicina-veterinaria\/#primaryimage\"},\"thumbnailUrl\":\"https:\/\/cpar.ufms.br\/files\/2023\/02\/Medicina-Veterinaria-UFMS-Paranaiba-4.png\",\"datePublished\":\"2022-07-06T20:16:13+00:00\",\"dateModified\":\"2026-01-06T14:15:59+00:00\",\"breadcrumb\":{\"@id\":\"https:\/\/cpar.ufms.br\/graduacao\/medicina-veterinaria\/#breadcrumb\"},\"inLanguage\":\"en-US\",\"potentialAction\":[{\"@type\":\"ReadAction\",\"target\":[\"https:\/\/cpar.ufms.br\/graduacao\/medicina-veterinaria\/\"]}]},{\"@type\":\"ImageObject\",\"inLanguage\":\"en-US\",\"@id\":\"https:\/\/cpar.ufms.br\/graduacao\/medicina-veterinaria\/#primaryimage\",\"url\":\"https:\/\/cpar.ufms.br\/files\/2023\/02\/Medicina-Veterinaria-UFMS-Paranaiba-4.png\",\"contentUrl\":\"https:\/\/cpar.ufms.br\/files\/2023\/02\/Medicina-Veterinaria-UFMS-Paranaiba-4.png\",\"width\":1000,\"height\":420},{\"@type\":\"BreadcrumbList\",\"@id\":\"https:\/\/cpar.ufms.br\/graduacao\/medicina-veterinaria\/#breadcrumb\",\"itemListElement\":[{\"@type\":\"ListItem\",\"position\":1,\"name\":\"In\u00edcio\",\"item\":\"https:\/\/cpar.ufms.br\/\"},{\"@type\":\"ListItem\",\"position\":2,\"name\":\"Gradua\u00e7\u00e3o\",\"item\":\"https:\/\/cpar.ufms.br\/graduacao\/\"},{\"@type\":\"ListItem\",\"position\":3,\"name\":\"Medicina Veterin\u00e1ria\"}]},{\"@type\":\"WebSite\",\"@id\":\"https:\/\/cpar.ufms.br\/#website\",\"url\":\"https:\/\/cpar.ufms.br\/\",\"name\":\"CPAR - Campus de Parana\u00edba\",\"description\":\"Universidade Federal de Mato Grosso do Sul\",\"potentialAction\":[{\"@type\":\"SearchAction\",\"target\":{\"@type\":\"EntryPoint\",\"urlTemplate\":\"https:\/\/cpar.ufms.br\/?s={search_term_string}\"},\"query-input\":{\"@type\":\"PropertyValueSpecification\",\"valueRequired\":true,\"valueName\":\"search_term_string\"}}],\"inLanguage\":\"en-US\"}]}<\/script>\n<!-- \/ Yoast SEO plugin. -->","yoast_head_json":{"title":"Medicina Veterin\u00e1ria - CPAR - Campus de Parana\u00edba","robots":{"index":"index","follow":"follow","max-snippet":"max-snippet:-1","max-image-preview":"max-image-preview:large","max-video-preview":"max-video-preview:-1"},"canonical":"https:\/\/cpar.ufms.br\/graduacao\/medicina-veterinaria\/","og_locale":"en_US","og_type":"article","og_title":"Medicina Veterin\u00e1ria - CPAR - Campus de Parana\u00edba","og_description":"Coordenador: Prof. Dr. Dyego Gon\u00e7alves Lino Borges\u00a0 Coordenador substituto: Prof. Dr. Gustavo Gomes de Oliveira E-mail: mvet.cpar@ufms.br Telefone: 3669-0156 Acesse aqui o Plano de A\u00e7\u00e3o do(a) Coordenador(a) de Curso 2022\/2023 Tabela de Atividades Complementares do Curso Regulamento das CCNDs e Est\u00e1gio","og_url":"https:\/\/cpar.ufms.br\/graduacao\/medicina-veterinaria\/","og_site_name":"CPAR - Campus de Parana\u00edba","article_modified_time":"2026-01-06T14:15:59+00:00","og_image":[{"width":1000,"height":420,"url":"https:\/\/cpar.ufms.br\/files\/2023\/02\/Medicina-Veterinaria-UFMS-Paranaiba-4.png","type":"image\/png"}],"twitter_misc":{"Est. reading time":"1 minute","Written by":"dirceu.matos"},"schema":{"@context":"https:\/\/schema.org","@graph":[{"@type":"WebPage","@id":"https:\/\/cpar.ufms.br\/graduacao\/medicina-veterinaria\/","url":"https:\/\/cpar.ufms.br\/graduacao\/medicina-veterinaria\/","name":"Medicina Veterin\u00e1ria - CPAR - Campus de Parana\u00edba","isPartOf":{"@id":"https:\/\/cpar.ufms.br\/#website"},"primaryImageOfPage":{"@id":"https:\/\/cpar.ufms.br\/graduacao\/medicina-veterinaria\/#primaryimage"},"image":{"@id":"https:\/\/cpar.ufms.br\/graduacao\/medicina-veterinaria\/#primaryimage"},"thumbnailUrl":"https:\/\/cpar.ufms.br\/files\/2023\/02\/Medicina-Veterinaria-UFMS-Paranaiba-4.png","datePublished":"2022-07-06T20:16:13+00:00","dateModified":"2026-01-06T14:15:59+00:00","breadcrumb":{"@id":"https:\/\/cpar.ufms.br\/graduacao\/medicina-veterinaria\/#breadcrumb"},"inLanguage":"en-US","potentialAction":[{"@type":"ReadAction","target":["https:\/\/cpar.ufms.br\/graduacao\/medicina-veterinaria\/"]}]},{"@type":"ImageObject","inLanguage":"en-US","@id":"https:\/\/cpar.ufms.br\/graduacao\/medicina-veterinaria\/#primaryimage","url":"https:\/\/cpar.ufms.br\/files\/2023\/02\/Medicina-Veterinaria-UFMS-Paranaiba-4.png","contentUrl":"https:\/\/cpar.ufms.br\/files\/2023\/02\/Medicina-Veterinaria-UFMS-Paranaiba-4.png","width":1000,"height":420},{"@type":"BreadcrumbList","@id":"https:\/\/cpar.ufms.br\/graduacao\/medicina-veterinaria\/#breadcrumb","itemListElement":[{"@type":"ListItem","position":1,"name":"In\u00edcio","item":"https:\/\/cpar.ufms.br\/"},{"@type":"ListItem","position":2,"name":"Gradua\u00e7\u00e3o","item":"https:\/\/cpar.ufms.br\/graduacao\/"},{"@type":"ListItem","position":3,"name":"Medicina Veterin\u00e1ria"}]},{"@type":"WebSite","@id":"https:\/\/cpar.ufms.br\/#website","url":"https:\/\/cpar.ufms.br\/","name":"CPAR - Campus de Parana\u00edba","description":"Universidade Federal de Mato Grosso do Sul","potentialAction":[{"@type":"SearchAction","target":{"@type":"EntryPoint","urlTemplate":"https:\/\/cpar.ufms.br\/?s={search_term_string}"},"query-input":{"@type":"PropertyValueSpecification","valueRequired":true,"valueName":"search_term_string"}}],"inLanguage":"en-US"}]}},"_links":{"self":[{"href":"https:\/\/cpar.ufms.br\/en\/wp-json\/wp\/v2\/pages\/13614","targetHints":{"allow":["GET"]}}],"collection":[{"href":"https:\/\/cpar.ufms.br\/en\/wp-json\/wp\/v2\/pages"}],"about":[{"href":"https:\/\/cpar.ufms.br\/en\/wp-json\/wp\/v2\/types\/page"}],"author":[{"embeddable":true,"href":"https:\/\/cpar.ufms.br\/en\/wp-json\/wp\/v2\/users\/1381"}],"replies":[{"embeddable":true,"href":"https:\/\/cpar.ufms.br\/en\/wp-json\/wp\/v2\/comments?post=13614"}],"version-history":[{"count":36,"href":"https:\/\/cpar.ufms.br\/en\/wp-json\/wp\/v2\/pages\/13614\/revisions"}],"predecessor-version":[{"id":17325,"href":"https:\/\/cpar.ufms.br\/en\/wp-json\/wp\/v2\/pages\/13614\/revisions\/17325"}],"up":[{"embeddable":true,"href":"https:\/\/cpar.ufms.br\/en\/wp-json\/wp\/v2\/pages\/1211"}],"wp:featuredmedia":[{"embeddable":true,"href":"https:\/\/cpar.ufms.br\/en\/wp-json\/wp\/v2\/media\/14360"}],"wp:attachment":[{"href":"https:\/\/cpar.ufms.br\/en\/wp-json\/wp\/v2\/media?parent=13614"}],"wp:term":[{"taxonomy":"author","embeddable":true,"href":"https:\/\/cpar.ufms.br\/en\/wp-json\/wp\/v2\/coauthors?post=13614"}],"curies":[{"name":"wp","href":"https:\/\/api.w.org\/{rel}","templated":true}]}}