{"id":13628,"date":"2022-07-06T16:34:17","date_gmt":"2022-07-06T20:34:17","guid":{"rendered":"https:\/\/cpar.ufms.br\/?page_id=13628"},"modified":"2025-06-11T07:39:08","modified_gmt":"2025-06-11T11:39:08","slug":"comissao-de-estagio","status":"publish","type":"page","link":"https:\/\/cpar.ufms.br\/en\/graduacao\/medicina-veterinaria\/comissao-de-estagio\/","title":{"rendered":"Comiss\u00e3o de Est\u00e1gio"},"content":{"rendered":"<p style=\"text-align: justify\"><strong>Compete \u00e0 Comiss\u00e3o de Est\u00e1gio:<\/strong><\/p>\n<p style=\"text-align: justify\">Art. 40. Compete \u00e0 Comiss\u00e3o de Est\u00e1gio &#8211; COE:<br \/>\nI &#8211; apresentar juscava devidamente comprovada e fundamentada sobre a concess\u00e3o de atribui\u00e7\u00e3o docente para a fun\u00e7\u00e3o de Orientador e\/ou Supervisor de Est\u00e1gio, conforme o art. 27, e encaminhar para manifesta\u00e7\u00e3o do Colegiado de Curso.<br \/>\nII &#8211; avaliar a coer\u00eancia entre os Planos de Est\u00e1gio, o Supervisor de Est\u00e1gio indicado pela concedente, vericando a sua forma\u00e7\u00e3o ou experi\u00eancia prossional na \u00e1rea de conhecimento desenvolvida no curso do estagi\u00e1rio e os respecvos campos de est\u00e1gio;<br \/>\nIII &#8211; solicitar ao setor competente na UFMS, a formaliza\u00e7\u00e3o de Acordos de Coopera\u00e7\u00e3o\/Conv\u00eanios de Est\u00e1gio para a realiza\u00e7\u00e3o de est\u00e1gios, quando necess\u00e1rio;<br \/>\nIV &#8211; analisar e manifestar favoravelmente sobre o condo no Termo de Compromisso de Est\u00e1gio, sejam eles gerados na UFMS ou provenientes de outras instui\u00e7\u00f5es;<br \/>\nV &#8211; cercar-se de que o estagi\u00e1rio est\u00e1 segurado contra acidentes pessoais;<br \/>\nVI &#8211; divulgar os nomes dos Professores Orientadores e as poss\u00edveis concedentes para os estagi\u00e1rios;<br \/>\nVII &#8211; coordenar o planejamento, a execu\u00e7\u00e3o e a avalia\u00e7\u00e3o das avidades pernentes aos est\u00e1gios, apoiando e orientando o trabalho dos Professores Orientadores de<br \/>\nest\u00e1gio;<br \/>\nVIII &#8211; zelar, juntamente com o Orientador, pelo cumprimento do Termo de Compromisso, reorientando o estagi\u00e1rio para outro local em caso de descumprimento de suas normas; e<br \/>\nIX &#8211; zelar pelo cumprimento das normas e legisla\u00e7\u00f5es estabelecidas para est\u00e1gios.<\/p>\n<p style=\"text-align: justify\">(Artigo 40\u00ba do Regulamento de Est\u00e1gio &#8211; <a href=\"https:\/\/prograd.ufms.br\/legislacao\/legislacao-estagio\/\">Resolu\u00e7\u00e3o\u00a0 n\u00ba 706-COGRAD\/UFMS, DE 8 DE DEZEMBRO DE 2022.<\/a><\/p>\n<p>&nbsp;<\/p>\n<p><strong>Membros da Comiss\u00e3o:<\/strong><\/p>\n<p style=\"margin: 0cm\">Jocely Gomes de Souza &#8211; Presidente;<br \/>\nAdriana Caroprezo Morini;<br \/>\nDyego Gon\u00e7alves Lino Borges;<br \/>\nFrancisco Rosa;<br \/>\nMaria Eduarda More; e<br \/>\nPaulo Vin\u00edcius da Costa Mendes.<\/p>\n<p><a href=\"https:\/\/boletimoficial.ufms.br\/bse\/publicacao?id=561736\">PORTARIA N\u00ba 52- CPAR\/UFMS, DE 10 DE JUNHO DE 2025.<\/a><\/p>\n<p>E-mail: <a href=\"mailto:coe.medvet.cpar@ufms.br\" target=\"_blank\" rel=\"noopener\">coe.medvet.cpar@ufms.br<\/a><\/p>\n<p>&nbsp;<\/p>\n<p>Os membros docentes da Comiss\u00e3o de Est\u00e1gio, ter\u00e3o mandato de 10 de<br \/>\njunho de 2025 at\u00e9 10 de junho de 2027, conforme o art. 32 do Regulamento de Est\u00e1gio dos<br \/>\nCursos de Gradua\u00e7\u00e3o da UFMS.<\/p>\n<p>O membro discente ter\u00e1 mandato de 10 de junho de 2025 at\u00e9 10 de junho de<br \/>\n2026.<\/p>\n<div><\/div>\n<div><\/div>\n","protected":false},"excerpt":{"rendered":"<p>Compete \u00e0 Comiss\u00e3o de Est\u00e1gio: Art. 40. Compete \u00e0 Comiss\u00e3o de Est\u00e1gio &#8211; COE: I &#8211; apresentar juscava devidamente comprovada e fundamentada sobre a concess\u00e3o de atribui\u00e7\u00e3o docente para a fun\u00e7\u00e3o de Orientador e\/ou Supervisor de Est\u00e1gio, conforme o art. 27, e encaminhar para manifesta\u00e7\u00e3o do Colegiado de Curso. II &#8211; avaliar a coer\u00eancia entre [&hellip;]<\/p>\n","protected":false},"author":1381,"featured_media":0,"parent":13614,"menu_order":2,"comment_status":"closed","ping_status":"closed","template":"page-templates\/page-subcoordenadoria.php","meta":{"footnotes":""},"coauthors":[372],"class_list":["post-13628","page","type-page","status-publish","hentry"],"yoast_head":"<!-- This site is optimized with the Yoast SEO plugin v26.2 - https:\/\/yoast.com\/wordpress\/plugins\/seo\/ -->\n<title>Comiss\u00e3o de Est\u00e1gio - CPAR - Campus de Parana\u00edba<\/title>\n<meta name=\"robots\" content=\"index, follow, max-snippet:-1, max-image-preview:large, max-video-preview:-1\" \/>\n<link rel=\"canonical\" href=\"https:\/\/cpar.ufms.br\/graduacao\/medicina-veterinaria\/comissao-de-estagio\/\" \/>\n<meta property=\"og:locale\" content=\"en_US\" \/>\n<meta property=\"og:type\" content=\"article\" \/>\n<meta property=\"og:title\" content=\"Comiss\u00e3o de Est\u00e1gio - CPAR - Campus de Parana\u00edba\" \/>\n<meta property=\"og:description\" content=\"Compete \u00e0 Comiss\u00e3o de Est\u00e1gio: Art. 40. Compete \u00e0 Comiss\u00e3o de Est\u00e1gio &#8211; COE: I &#8211; apresentar juscava devidamente comprovada e fundamentada sobre a concess\u00e3o de atribui\u00e7\u00e3o docente para a fun\u00e7\u00e3o de Orientador e\/ou Supervisor de Est\u00e1gio, conforme o art. 27, e encaminhar para manifesta\u00e7\u00e3o do Colegiado de Curso. II &#8211; avaliar a coer\u00eancia entre [&hellip;]\" \/>\n<meta property=\"og:url\" content=\"https:\/\/cpar.ufms.br\/graduacao\/medicina-veterinaria\/comissao-de-estagio\/\" \/>\n<meta property=\"og:site_name\" content=\"CPAR - Campus de Parana\u00edba\" \/>\n<meta property=\"article:modified_time\" content=\"2025-06-11T11:39:08+00:00\" \/>\n<meta name=\"twitter:label1\" content=\"Est. reading time\" \/>\n\t<meta name=\"twitter:data1\" content=\"2 minutes\" \/>\n\t<meta name=\"twitter:label2\" content=\"Written by\" \/>\n\t<meta name=\"twitter:data2\" content=\"dirceu.matos\" \/>\n<script type=\"application\/ld+json\" class=\"yoast-schema-graph\">{\"@context\":\"https:\/\/schema.org\",\"@graph\":[{\"@type\":\"WebPage\",\"@id\":\"https:\/\/cpar.ufms.br\/graduacao\/medicina-veterinaria\/comissao-de-estagio\/\",\"url\":\"https:\/\/cpar.ufms.br\/graduacao\/medicina-veterinaria\/comissao-de-estagio\/\",\"name\":\"Comiss\u00e3o de Est\u00e1gio - CPAR - Campus de Parana\u00edba\",\"isPartOf\":{\"@id\":\"https:\/\/cpar.ufms.br\/#website\"},\"datePublished\":\"2022-07-06T20:34:17+00:00\",\"dateModified\":\"2025-06-11T11:39:08+00:00\",\"breadcrumb\":{\"@id\":\"https:\/\/cpar.ufms.br\/graduacao\/medicina-veterinaria\/comissao-de-estagio\/#breadcrumb\"},\"inLanguage\":\"en-US\",\"potentialAction\":[{\"@type\":\"ReadAction\",\"target\":[\"https:\/\/cpar.ufms.br\/graduacao\/medicina-veterinaria\/comissao-de-estagio\/\"]}]},{\"@type\":\"BreadcrumbList\",\"@id\":\"https:\/\/cpar.ufms.br\/graduacao\/medicina-veterinaria\/comissao-de-estagio\/#breadcrumb\",\"itemListElement\":[{\"@type\":\"ListItem\",\"position\":1,\"name\":\"In\u00edcio\",\"item\":\"https:\/\/cpar.ufms.br\/\"},{\"@type\":\"ListItem\",\"position\":2,\"name\":\"Gradua\u00e7\u00e3o\",\"item\":\"https:\/\/cpar.ufms.br\/graduacao\/\"},{\"@type\":\"ListItem\",\"position\":3,\"name\":\"Medicina Veterin\u00e1ria\",\"item\":\"https:\/\/cpar.ufms.br\/graduacao\/medicina-veterinaria\/\"},{\"@type\":\"ListItem\",\"position\":4,\"name\":\"Comiss\u00e3o de Est\u00e1gio\"}]},{\"@type\":\"WebSite\",\"@id\":\"https:\/\/cpar.ufms.br\/#website\",\"url\":\"https:\/\/cpar.ufms.br\/\",\"name\":\"CPAR - Campus de Parana\u00edba\",\"description\":\"Universidade Federal de Mato Grosso do Sul\",\"potentialAction\":[{\"@type\":\"SearchAction\",\"target\":{\"@type\":\"EntryPoint\",\"urlTemplate\":\"https:\/\/cpar.ufms.br\/?s={search_term_string}\"},\"query-input\":{\"@type\":\"PropertyValueSpecification\",\"valueRequired\":true,\"valueName\":\"search_term_string\"}}],\"inLanguage\":\"en-US\"}]}<\/script>\n<!-- \/ Yoast SEO plugin. -->","yoast_head_json":{"title":"Comiss\u00e3o de Est\u00e1gio - CPAR - Campus de Parana\u00edba","robots":{"index":"index","follow":"follow","max-snippet":"max-snippet:-1","max-image-preview":"max-image-preview:large","max-video-preview":"max-video-preview:-1"},"canonical":"https:\/\/cpar.ufms.br\/graduacao\/medicina-veterinaria\/comissao-de-estagio\/","og_locale":"en_US","og_type":"article","og_title":"Comiss\u00e3o de Est\u00e1gio - CPAR - Campus de Parana\u00edba","og_description":"Compete \u00e0 Comiss\u00e3o de Est\u00e1gio: Art. 40. Compete \u00e0 Comiss\u00e3o de Est\u00e1gio &#8211; COE: I &#8211; apresentar juscava devidamente comprovada e fundamentada sobre a concess\u00e3o de atribui\u00e7\u00e3o docente para a fun\u00e7\u00e3o de Orientador e\/ou Supervisor de Est\u00e1gio, conforme o art. 27, e encaminhar para manifesta\u00e7\u00e3o do Colegiado de Curso. II &#8211; avaliar a coer\u00eancia entre [&hellip;]","og_url":"https:\/\/cpar.ufms.br\/graduacao\/medicina-veterinaria\/comissao-de-estagio\/","og_site_name":"CPAR - Campus de Parana\u00edba","article_modified_time":"2025-06-11T11:39:08+00:00","twitter_misc":{"Est. reading time":"2 minutes","Written by":"dirceu.matos"},"schema":{"@context":"https:\/\/schema.org","@graph":[{"@type":"WebPage","@id":"https:\/\/cpar.ufms.br\/graduacao\/medicina-veterinaria\/comissao-de-estagio\/","url":"https:\/\/cpar.ufms.br\/graduacao\/medicina-veterinaria\/comissao-de-estagio\/","name":"Comiss\u00e3o de Est\u00e1gio - CPAR - Campus de Parana\u00edba","isPartOf":{"@id":"https:\/\/cpar.ufms.br\/#website"},"datePublished":"2022-07-06T20:34:17+00:00","dateModified":"2025-06-11T11:39:08+00:00","breadcrumb":{"@id":"https:\/\/cpar.ufms.br\/graduacao\/medicina-veterinaria\/comissao-de-estagio\/#breadcrumb"},"inLanguage":"en-US","potentialAction":[{"@type":"ReadAction","target":["https:\/\/cpar.ufms.br\/graduacao\/medicina-veterinaria\/comissao-de-estagio\/"]}]},{"@type":"BreadcrumbList","@id":"https:\/\/cpar.ufms.br\/graduacao\/medicina-veterinaria\/comissao-de-estagio\/#breadcrumb","itemListElement":[{"@type":"ListItem","position":1,"name":"In\u00edcio","item":"https:\/\/cpar.ufms.br\/"},{"@type":"ListItem","position":2,"name":"Gradua\u00e7\u00e3o","item":"https:\/\/cpar.ufms.br\/graduacao\/"},{"@type":"ListItem","position":3,"name":"Medicina Veterin\u00e1ria","item":"https:\/\/cpar.ufms.br\/graduacao\/medicina-veterinaria\/"},{"@type":"ListItem","position":4,"name":"Comiss\u00e3o de Est\u00e1gio"}]},{"@type":"WebSite","@id":"https:\/\/cpar.ufms.br\/#website","url":"https:\/\/cpar.ufms.br\/","name":"CPAR - Campus de Parana\u00edba","description":"Universidade Federal de Mato Grosso do Sul","potentialAction":[{"@type":"SearchAction","target":{"@type":"EntryPoint","urlTemplate":"https:\/\/cpar.ufms.br\/?s={search_term_string}"},"query-input":{"@type":"PropertyValueSpecification","valueRequired":true,"valueName":"search_term_string"}}],"inLanguage":"en-US"}]}},"_links":{"self":[{"href":"https:\/\/cpar.ufms.br\/en\/wp-json\/wp\/v2\/pages\/13628","targetHints":{"allow":["GET"]}}],"collection":[{"href":"https:\/\/cpar.ufms.br\/en\/wp-json\/wp\/v2\/pages"}],"about":[{"href":"https:\/\/cpar.ufms.br\/en\/wp-json\/wp\/v2\/types\/page"}],"author":[{"embeddable":true,"href":"https:\/\/cpar.ufms.br\/en\/wp-json\/wp\/v2\/users\/1381"}],"replies":[{"embeddable":true,"href":"https:\/\/cpar.ufms.br\/en\/wp-json\/wp\/v2\/comments?post=13628"}],"version-history":[{"count":10,"href":"https:\/\/cpar.ufms.br\/en\/wp-json\/wp\/v2\/pages\/13628\/revisions"}],"predecessor-version":[{"id":16815,"href":"https:\/\/cpar.ufms.br\/en\/wp-json\/wp\/v2\/pages\/13628\/revisions\/16815"}],"up":[{"embeddable":true,"href":"https:\/\/cpar.ufms.br\/en\/wp-json\/wp\/v2\/pages\/13614"}],"wp:attachment":[{"href":"https:\/\/cpar.ufms.br\/en\/wp-json\/wp\/v2\/media?parent=13628"}],"wp:term":[{"taxonomy":"author","embeddable":true,"href":"https:\/\/cpar.ufms.br\/en\/wp-json\/wp\/v2\/coauthors?post=13628"}],"curies":[{"name":"wp","href":"https:\/\/api.w.org\/{rel}","templated":true}]}}