{"id":13692,"date":"2022-07-15T14:01:07","date_gmt":"2022-07-15T18:01:07","guid":{"rendered":"https:\/\/cpar.ufms.br\/?page_id=13692"},"modified":"2022-08-23T13:55:46","modified_gmt":"2022-08-23T17:55:46","slug":"comissao-de-implantacao-do-curso","status":"publish","type":"page","link":"https:\/\/cpar.ufms.br\/en\/graduacao\/medicina-veterinaria\/comissao-de-implantacao-do-curso\/","title":{"rendered":"Comiss\u00e3o de Implanta\u00e7\u00e3o do Curso"},"content":{"rendered":"<p>E-mail do curso de medicina veterin\u00e1ria: <a href=\"mailto:mvet.cpar@ufms.br\" target=\"_blank\" rel=\"noopener\">mvet.cpar@ufms.br<\/a><\/p>\n<div><\/div>\n<p>Em 14 de julho de 2022, foi constitu\u00edda a comiss\u00e3o para operacionaliza\u00e7\u00e3o da implanta\u00e7\u00e3o do curso de Medicina Veterin\u00e1ria no Campus de Parana\u00edba e elabora\u00e7\u00e3o do Projeto Pedag\u00f3gico de Curso. Cconfira o documento abaixo:<\/p>\n<a href=\"https:\/\/cpar.ufms.br\/files\/2022\/07\/PORTARIA-PROGRAD_RTR-n-65-de-14-07-2022.pdf\" class=\"pdfemb-viewer\" style=\"\" data-width=\"max\" data-height=\"max\" data-toolbar=\"bottom\" data-toolbar-fixed=\"off\">PORTARIA (PROGRAD_RTR) n 65, de 14-07-2022<\/a>\n<p>&nbsp;<\/p>\n","protected":false},"excerpt":{"rendered":"<p>E-mail do curso de medicina veterin\u00e1ria: mvet.cpar@ufms.br Em 14 de julho de 2022, foi constitu\u00edda a comiss\u00e3o para operacionaliza\u00e7\u00e3o da implanta\u00e7\u00e3o do curso de Medicina Veterin\u00e1ria no Campus de Parana\u00edba e elabora\u00e7\u00e3o do Projeto Pedag\u00f3gico de Curso. Cconfira o documento abaixo: &nbsp;<\/p>\n","protected":false},"author":1381,"featured_media":0,"parent":13614,"menu_order":2,"comment_status":"closed","ping_status":"closed","template":"page-templates\/page-subcoordenadoria.php","meta":{"footnotes":""},"coauthors":[],"class_list":["post-13692","page","type-page","status-publish","hentry"],"yoast_head":"<!-- This site is optimized with the Yoast SEO plugin v26.2 - https:\/\/yoast.com\/wordpress\/plugins\/seo\/ -->\n<title>Comiss\u00e3o de Implanta\u00e7\u00e3o do Curso - CPAR - Campus de Parana\u00edba<\/title>\n<meta name=\"robots\" content=\"index, follow, max-snippet:-1, max-image-preview:large, max-video-preview:-1\" \/>\n<link rel=\"canonical\" href=\"https:\/\/cpar.ufms.br\/graduacao\/medicina-veterinaria\/comissao-de-implantacao-do-curso\/\" \/>\n<meta property=\"og:locale\" content=\"en_US\" \/>\n<meta property=\"og:type\" content=\"article\" \/>\n<meta property=\"og:title\" content=\"Comiss\u00e3o de Implanta\u00e7\u00e3o do Curso - CPAR - Campus de Parana\u00edba\" \/>\n<meta property=\"og:description\" content=\"E-mail do curso de medicina veterin\u00e1ria: mvet.cpar@ufms.br Em 14 de julho de 2022, foi constitu\u00edda a comiss\u00e3o para operacionaliza\u00e7\u00e3o da implanta\u00e7\u00e3o do curso de Medicina Veterin\u00e1ria no Campus de Parana\u00edba e elabora\u00e7\u00e3o do Projeto Pedag\u00f3gico de Curso. Cconfira o documento abaixo: &nbsp;\" \/>\n<meta property=\"og:url\" content=\"https:\/\/cpar.ufms.br\/graduacao\/medicina-veterinaria\/comissao-de-implantacao-do-curso\/\" \/>\n<meta property=\"og:site_name\" content=\"CPAR - Campus de Parana\u00edba\" \/>\n<meta property=\"article:modified_time\" content=\"2022-08-23T17:55:46+00:00\" \/>\n<meta name=\"twitter:label1\" content=\"Written by\" \/>\n\t<meta name=\"twitter:data1\" content=\"dirceu.matos\" \/>\n<script type=\"application\/ld+json\" class=\"yoast-schema-graph\">{\"@context\":\"https:\/\/schema.org\",\"@graph\":[{\"@type\":\"WebPage\",\"@id\":\"https:\/\/cpar.ufms.br\/graduacao\/medicina-veterinaria\/comissao-de-implantacao-do-curso\/\",\"url\":\"https:\/\/cpar.ufms.br\/graduacao\/medicina-veterinaria\/comissao-de-implantacao-do-curso\/\",\"name\":\"Comiss\u00e3o de Implanta\u00e7\u00e3o do Curso - CPAR - Campus de Parana\u00edba\",\"isPartOf\":{\"@id\":\"https:\/\/cpar.ufms.br\/#website\"},\"datePublished\":\"2022-07-15T18:01:07+00:00\",\"dateModified\":\"2022-08-23T17:55:46+00:00\",\"breadcrumb\":{\"@id\":\"https:\/\/cpar.ufms.br\/graduacao\/medicina-veterinaria\/comissao-de-implantacao-do-curso\/#breadcrumb\"},\"inLanguage\":\"en-US\",\"potentialAction\":[{\"@type\":\"ReadAction\",\"target\":[\"https:\/\/cpar.ufms.br\/graduacao\/medicina-veterinaria\/comissao-de-implantacao-do-curso\/\"]}]},{\"@type\":\"BreadcrumbList\",\"@id\":\"https:\/\/cpar.ufms.br\/graduacao\/medicina-veterinaria\/comissao-de-implantacao-do-curso\/#breadcrumb\",\"itemListElement\":[{\"@type\":\"ListItem\",\"position\":1,\"name\":\"In\u00edcio\",\"item\":\"https:\/\/cpar.ufms.br\/\"},{\"@type\":\"ListItem\",\"position\":2,\"name\":\"Gradua\u00e7\u00e3o\",\"item\":\"https:\/\/cpar.ufms.br\/graduacao\/\"},{\"@type\":\"ListItem\",\"position\":3,\"name\":\"Medicina Veterin\u00e1ria\",\"item\":\"https:\/\/cpar.ufms.br\/graduacao\/medicina-veterinaria\/\"},{\"@type\":\"ListItem\",\"position\":4,\"name\":\"Comiss\u00e3o de Implanta\u00e7\u00e3o do Curso\"}]},{\"@type\":\"WebSite\",\"@id\":\"https:\/\/cpar.ufms.br\/#website\",\"url\":\"https:\/\/cpar.ufms.br\/\",\"name\":\"CPAR - Campus de Parana\u00edba\",\"description\":\"Universidade Federal de Mato Grosso do Sul\",\"potentialAction\":[{\"@type\":\"SearchAction\",\"target\":{\"@type\":\"EntryPoint\",\"urlTemplate\":\"https:\/\/cpar.ufms.br\/?s={search_term_string}\"},\"query-input\":{\"@type\":\"PropertyValueSpecification\",\"valueRequired\":true,\"valueName\":\"search_term_string\"}}],\"inLanguage\":\"en-US\"}]}<\/script>\n<!-- \/ Yoast SEO plugin. -->","yoast_head_json":{"title":"Comiss\u00e3o de Implanta\u00e7\u00e3o do Curso - CPAR - Campus de Parana\u00edba","robots":{"index":"index","follow":"follow","max-snippet":"max-snippet:-1","max-image-preview":"max-image-preview:large","max-video-preview":"max-video-preview:-1"},"canonical":"https:\/\/cpar.ufms.br\/graduacao\/medicina-veterinaria\/comissao-de-implantacao-do-curso\/","og_locale":"en_US","og_type":"article","og_title":"Comiss\u00e3o de Implanta\u00e7\u00e3o do Curso - CPAR - Campus de Parana\u00edba","og_description":"E-mail do curso de medicina veterin\u00e1ria: mvet.cpar@ufms.br Em 14 de julho de 2022, foi constitu\u00edda a comiss\u00e3o para operacionaliza\u00e7\u00e3o da implanta\u00e7\u00e3o do curso de Medicina Veterin\u00e1ria no Campus de Parana\u00edba e elabora\u00e7\u00e3o do Projeto Pedag\u00f3gico de Curso. Cconfira o documento abaixo: &nbsp;","og_url":"https:\/\/cpar.ufms.br\/graduacao\/medicina-veterinaria\/comissao-de-implantacao-do-curso\/","og_site_name":"CPAR - Campus de Parana\u00edba","article_modified_time":"2022-08-23T17:55:46+00:00","twitter_misc":{"Written by":"dirceu.matos"},"schema":{"@context":"https:\/\/schema.org","@graph":[{"@type":"WebPage","@id":"https:\/\/cpar.ufms.br\/graduacao\/medicina-veterinaria\/comissao-de-implantacao-do-curso\/","url":"https:\/\/cpar.ufms.br\/graduacao\/medicina-veterinaria\/comissao-de-implantacao-do-curso\/","name":"Comiss\u00e3o de Implanta\u00e7\u00e3o do Curso - CPAR - Campus de Parana\u00edba","isPartOf":{"@id":"https:\/\/cpar.ufms.br\/#website"},"datePublished":"2022-07-15T18:01:07+00:00","dateModified":"2022-08-23T17:55:46+00:00","breadcrumb":{"@id":"https:\/\/cpar.ufms.br\/graduacao\/medicina-veterinaria\/comissao-de-implantacao-do-curso\/#breadcrumb"},"inLanguage":"en-US","potentialAction":[{"@type":"ReadAction","target":["https:\/\/cpar.ufms.br\/graduacao\/medicina-veterinaria\/comissao-de-implantacao-do-curso\/"]}]},{"@type":"BreadcrumbList","@id":"https:\/\/cpar.ufms.br\/graduacao\/medicina-veterinaria\/comissao-de-implantacao-do-curso\/#breadcrumb","itemListElement":[{"@type":"ListItem","position":1,"name":"In\u00edcio","item":"https:\/\/cpar.ufms.br\/"},{"@type":"ListItem","position":2,"name":"Gradua\u00e7\u00e3o","item":"https:\/\/cpar.ufms.br\/graduacao\/"},{"@type":"ListItem","position":3,"name":"Medicina Veterin\u00e1ria","item":"https:\/\/cpar.ufms.br\/graduacao\/medicina-veterinaria\/"},{"@type":"ListItem","position":4,"name":"Comiss\u00e3o de Implanta\u00e7\u00e3o do Curso"}]},{"@type":"WebSite","@id":"https:\/\/cpar.ufms.br\/#website","url":"https:\/\/cpar.ufms.br\/","name":"CPAR - Campus de Parana\u00edba","description":"Universidade Federal de Mato Grosso do Sul","potentialAction":[{"@type":"SearchAction","target":{"@type":"EntryPoint","urlTemplate":"https:\/\/cpar.ufms.br\/?s={search_term_string}"},"query-input":{"@type":"PropertyValueSpecification","valueRequired":true,"valueName":"search_term_string"}}],"inLanguage":"en-US"}]}},"_links":{"self":[{"href":"https:\/\/cpar.ufms.br\/en\/wp-json\/wp\/v2\/pages\/13692","targetHints":{"allow":["GET"]}}],"collection":[{"href":"https:\/\/cpar.ufms.br\/en\/wp-json\/wp\/v2\/pages"}],"about":[{"href":"https:\/\/cpar.ufms.br\/en\/wp-json\/wp\/v2\/types\/page"}],"author":[{"embeddable":true,"href":"https:\/\/cpar.ufms.br\/en\/wp-json\/wp\/v2\/users\/1381"}],"replies":[{"embeddable":true,"href":"https:\/\/cpar.ufms.br\/en\/wp-json\/wp\/v2\/comments?post=13692"}],"version-history":[{"count":2,"href":"https:\/\/cpar.ufms.br\/en\/wp-json\/wp\/v2\/pages\/13692\/revisions"}],"predecessor-version":[{"id":13830,"href":"https:\/\/cpar.ufms.br\/en\/wp-json\/wp\/v2\/pages\/13692\/revisions\/13830"}],"up":[{"embeddable":true,"href":"https:\/\/cpar.ufms.br\/en\/wp-json\/wp\/v2\/pages\/13614"}],"wp:attachment":[{"href":"https:\/\/cpar.ufms.br\/en\/wp-json\/wp\/v2\/media?parent=13692"}],"wp:term":[{"taxonomy":"author","embeddable":true,"href":"https:\/\/cpar.ufms.br\/en\/wp-json\/wp\/v2\/coauthors?post=13692"}],"curies":[{"name":"wp","href":"https:\/\/api.w.org\/{rel}","templated":true}]}}