{"id":13804,"date":"2022-08-15T20:38:34","date_gmt":"2022-08-16T00:38:34","guid":{"rendered":"https:\/\/cpar.ufms.br\/?page_id=13804"},"modified":"2026-03-27T14:03:38","modified_gmt":"2026-03-27T18:03:38","slug":"servico-de-psicologia-cpar-ufms-academicos","status":"publish","type":"page","link":"https:\/\/cpar.ufms.br\/en\/servico-de-psicologia-cpar-ufms-academicos\/","title":{"rendered":"Servi\u00e7o de Psicologia para Acad\u00eamicos"},"content":{"rendered":"<p style=\"text-align: justify\">O Servi\u00e7o de Psicologia tem o objetivo de oferecer assist\u00eancia psicol\u00f3gica \u00e0 comunidade CPAR, ou seja, aos alunos e servidores vinculados ao Campus de Parana\u00edba da Universidade Federal de Mato Grosso do Sul.<br \/>\nPara a assist\u00eancia psicol\u00f3gica aos alunos, observamos a pol\u00edtica de aten\u00e7\u00e3o \u00e0 sa\u00fade dos estudantes UFMS, institu\u00edda pela Resolu\u00e7\u00e3o N\u00ba 126-COUN\/UFMS, de 31 de agosto de 2021.<\/p>\n<p style=\"text-align: justify\">Nossa agenda de servi\u00e7os inclui a\u00e7\u00f5es coletivas e individuais para o acolhimento, a orienta\u00e7\u00e3o e o suporte psicol\u00f3gico aos acad\u00eamicos CPAR.<\/p>\n<p style=\"text-align: justify\">Respons\u00e1vel: Psic\u00f3loga Lorannoelly Vargas Costa Paz. CRP-MS 14\/05371-9 (Mestre em Psicologia pela UFMS)<\/p>\n<p style=\"text-align: justify\"><strong>Local:<\/strong> <em>a sala do Servi\u00e7o de Psicologia CPAR fica no pr\u00e9dio do Servi\u00e7o-Escola de Psicologia CPAR\/UFMS<\/em><\/p>\n<p style=\"text-align: justify\"><em><strong>Contato:<\/strong><\/em><em> psicologia.cpar@ufms.br \/ Telefone: (67) 3669-0119 Ramal: 2119<\/em><\/p>\n<p style=\"text-align: justify\">Hor\u00e1rios de funcionamento:<\/p>\n<p><a href=\"https:\/\/cpar.ufms.br\/files\/2025\/08\/horario-Loran2.png\"><img decoding=\"async\" class=\"aligncenter size-full wp-image-16930\" src=\"https:\/\/cpar.ufms.br\/files\/2025\/08\/horario-Loran2.png\" alt=\"\" width=\"542\" height=\"77\" srcset=\"https:\/\/cpar.ufms.br\/files\/2025\/08\/horario-Loran2.png 542w, https:\/\/cpar.ufms.br\/files\/2025\/08\/horario-Loran2-300x43.png 300w\" sizes=\"(max-width: 542px) 100vw, 542px\" \/><\/a>","protected":false},"excerpt":{"rendered":"<p>O Servi\u00e7o de Psicologia tem o objetivo de oferecer assist\u00eancia psicol\u00f3gica \u00e0 comunidade CPAR, ou seja, aos alunos e servidores vinculados ao Campus de Parana\u00edba da Universidade Federal de Mato Grosso do Sul. Para a assist\u00eancia psicol\u00f3gica aos alunos, observamos a pol\u00edtica de aten\u00e7\u00e3o \u00e0 sa\u00fade dos estudantes UFMS, institu\u00edda pela Resolu\u00e7\u00e3o N\u00ba 126-COUN\/UFMS, de [&hellip;]<\/p>\n","protected":false},"author":1381,"featured_media":0,"parent":0,"menu_order":2,"comment_status":"closed","ping_status":"closed","template":"","meta":{"footnotes":""},"coauthors":[372],"class_list":["post-13804","page","type-page","status-publish","hentry"],"yoast_head":"<!-- This site is optimized with the Yoast SEO plugin v26.2 - https:\/\/yoast.com\/wordpress\/plugins\/seo\/ -->\n<title>Servi\u00e7o de Psicologia para Acad\u00eamicos - CPAR - Campus de Parana\u00edba<\/title>\n<meta name=\"robots\" content=\"index, follow, max-snippet:-1, max-image-preview:large, max-video-preview:-1\" \/>\n<link rel=\"canonical\" href=\"https:\/\/cpar.ufms.br\/servico-de-psicologia-cpar-ufms-academicos\/\" \/>\n<meta property=\"og:locale\" content=\"en_US\" \/>\n<meta property=\"og:type\" content=\"article\" \/>\n<meta property=\"og:title\" content=\"Servi\u00e7o de Psicologia para Acad\u00eamicos - CPAR - Campus de Parana\u00edba\" \/>\n<meta property=\"og:description\" content=\"O Servi\u00e7o de Psicologia tem o objetivo de oferecer assist\u00eancia psicol\u00f3gica \u00e0 comunidade CPAR, ou seja, aos alunos e servidores vinculados ao Campus de Parana\u00edba da Universidade Federal de Mato Grosso do Sul. Para a assist\u00eancia psicol\u00f3gica aos alunos, observamos a pol\u00edtica de aten\u00e7\u00e3o \u00e0 sa\u00fade dos estudantes UFMS, institu\u00edda pela Resolu\u00e7\u00e3o N\u00ba 126-COUN\/UFMS, de [&hellip;]\" \/>\n<meta property=\"og:url\" content=\"https:\/\/cpar.ufms.br\/servico-de-psicologia-cpar-ufms-academicos\/\" \/>\n<meta property=\"og:site_name\" content=\"CPAR - Campus de Parana\u00edba\" \/>\n<meta property=\"article:modified_time\" content=\"2026-03-27T18:03:38+00:00\" \/>\n<meta property=\"og:image\" content=\"https:\/\/cpar.ufms.br\/files\/2025\/08\/horario-Loran2.png\" \/>\n\t<meta property=\"og:image:width\" content=\"542\" \/>\n\t<meta property=\"og:image:height\" content=\"77\" \/>\n\t<meta property=\"og:image:type\" content=\"image\/png\" \/>\n<meta name=\"twitter:label1\" content=\"Est. reading time\" \/>\n\t<meta name=\"twitter:data1\" content=\"1 minute\" \/>\n\t<meta name=\"twitter:label2\" content=\"Written by\" \/>\n\t<meta name=\"twitter:data2\" content=\"dirceu.matos\" \/>\n<script type=\"application\/ld+json\" class=\"yoast-schema-graph\">{\"@context\":\"https:\/\/schema.org\",\"@graph\":[{\"@type\":\"WebPage\",\"@id\":\"https:\/\/cpar.ufms.br\/servico-de-psicologia-cpar-ufms-academicos\/\",\"url\":\"https:\/\/cpar.ufms.br\/servico-de-psicologia-cpar-ufms-academicos\/\",\"name\":\"Servi\u00e7o de Psicologia para Acad\u00eamicos - CPAR - Campus de Parana\u00edba\",\"isPartOf\":{\"@id\":\"https:\/\/cpar.ufms.br\/#website\"},\"primaryImageOfPage\":{\"@id\":\"https:\/\/cpar.ufms.br\/servico-de-psicologia-cpar-ufms-academicos\/#primaryimage\"},\"image\":{\"@id\":\"https:\/\/cpar.ufms.br\/servico-de-psicologia-cpar-ufms-academicos\/#primaryimage\"},\"thumbnailUrl\":\"https:\/\/cpar.ufms.br\/files\/2025\/08\/horario-Loran2.png\",\"datePublished\":\"2022-08-16T00:38:34+00:00\",\"dateModified\":\"2026-03-27T18:03:38+00:00\",\"breadcrumb\":{\"@id\":\"https:\/\/cpar.ufms.br\/servico-de-psicologia-cpar-ufms-academicos\/#breadcrumb\"},\"inLanguage\":\"en-US\",\"potentialAction\":[{\"@type\":\"ReadAction\",\"target\":[\"https:\/\/cpar.ufms.br\/servico-de-psicologia-cpar-ufms-academicos\/\"]}]},{\"@type\":\"ImageObject\",\"inLanguage\":\"en-US\",\"@id\":\"https:\/\/cpar.ufms.br\/servico-de-psicologia-cpar-ufms-academicos\/#primaryimage\",\"url\":\"https:\/\/cpar.ufms.br\/files\/2025\/08\/horario-Loran2.png\",\"contentUrl\":\"https:\/\/cpar.ufms.br\/files\/2025\/08\/horario-Loran2.png\"},{\"@type\":\"BreadcrumbList\",\"@id\":\"https:\/\/cpar.ufms.br\/servico-de-psicologia-cpar-ufms-academicos\/#breadcrumb\",\"itemListElement\":[{\"@type\":\"ListItem\",\"position\":1,\"name\":\"In\u00edcio\",\"item\":\"https:\/\/cpar.ufms.br\/\"},{\"@type\":\"ListItem\",\"position\":2,\"name\":\"Servi\u00e7o de Psicologia para Acad\u00eamicos\"}]},{\"@type\":\"WebSite\",\"@id\":\"https:\/\/cpar.ufms.br\/#website\",\"url\":\"https:\/\/cpar.ufms.br\/\",\"name\":\"CPAR - Campus de Parana\u00edba\",\"description\":\"Universidade Federal de Mato Grosso do Sul\",\"potentialAction\":[{\"@type\":\"SearchAction\",\"target\":{\"@type\":\"EntryPoint\",\"urlTemplate\":\"https:\/\/cpar.ufms.br\/?s={search_term_string}\"},\"query-input\":{\"@type\":\"PropertyValueSpecification\",\"valueRequired\":true,\"valueName\":\"search_term_string\"}}],\"inLanguage\":\"en-US\"}]}<\/script>\n<!-- \/ Yoast SEO plugin. -->","yoast_head_json":{"title":"Servi\u00e7o de Psicologia para Acad\u00eamicos - CPAR - Campus de Parana\u00edba","robots":{"index":"index","follow":"follow","max-snippet":"max-snippet:-1","max-image-preview":"max-image-preview:large","max-video-preview":"max-video-preview:-1"},"canonical":"https:\/\/cpar.ufms.br\/servico-de-psicologia-cpar-ufms-academicos\/","og_locale":"en_US","og_type":"article","og_title":"Servi\u00e7o de Psicologia para Acad\u00eamicos - CPAR - Campus de Parana\u00edba","og_description":"O Servi\u00e7o de Psicologia tem o objetivo de oferecer assist\u00eancia psicol\u00f3gica \u00e0 comunidade CPAR, ou seja, aos alunos e servidores vinculados ao Campus de Parana\u00edba da Universidade Federal de Mato Grosso do Sul. Para a assist\u00eancia psicol\u00f3gica aos alunos, observamos a pol\u00edtica de aten\u00e7\u00e3o \u00e0 sa\u00fade dos estudantes UFMS, institu\u00edda pela Resolu\u00e7\u00e3o N\u00ba 126-COUN\/UFMS, de [&hellip;]","og_url":"https:\/\/cpar.ufms.br\/servico-de-psicologia-cpar-ufms-academicos\/","og_site_name":"CPAR - Campus de Parana\u00edba","article_modified_time":"2026-03-27T18:03:38+00:00","og_image":[{"width":542,"height":77,"url":"https:\/\/cpar.ufms.br\/files\/2025\/08\/horario-Loran2.png","type":"image\/png"}],"twitter_misc":{"Est. reading time":"1 minute","Written by":"dirceu.matos"},"schema":{"@context":"https:\/\/schema.org","@graph":[{"@type":"WebPage","@id":"https:\/\/cpar.ufms.br\/servico-de-psicologia-cpar-ufms-academicos\/","url":"https:\/\/cpar.ufms.br\/servico-de-psicologia-cpar-ufms-academicos\/","name":"Servi\u00e7o de Psicologia para Acad\u00eamicos - CPAR - Campus de Parana\u00edba","isPartOf":{"@id":"https:\/\/cpar.ufms.br\/#website"},"primaryImageOfPage":{"@id":"https:\/\/cpar.ufms.br\/servico-de-psicologia-cpar-ufms-academicos\/#primaryimage"},"image":{"@id":"https:\/\/cpar.ufms.br\/servico-de-psicologia-cpar-ufms-academicos\/#primaryimage"},"thumbnailUrl":"https:\/\/cpar.ufms.br\/files\/2025\/08\/horario-Loran2.png","datePublished":"2022-08-16T00:38:34+00:00","dateModified":"2026-03-27T18:03:38+00:00","breadcrumb":{"@id":"https:\/\/cpar.ufms.br\/servico-de-psicologia-cpar-ufms-academicos\/#breadcrumb"},"inLanguage":"en-US","potentialAction":[{"@type":"ReadAction","target":["https:\/\/cpar.ufms.br\/servico-de-psicologia-cpar-ufms-academicos\/"]}]},{"@type":"ImageObject","inLanguage":"en-US","@id":"https:\/\/cpar.ufms.br\/servico-de-psicologia-cpar-ufms-academicos\/#primaryimage","url":"https:\/\/cpar.ufms.br\/files\/2025\/08\/horario-Loran2.png","contentUrl":"https:\/\/cpar.ufms.br\/files\/2025\/08\/horario-Loran2.png"},{"@type":"BreadcrumbList","@id":"https:\/\/cpar.ufms.br\/servico-de-psicologia-cpar-ufms-academicos\/#breadcrumb","itemListElement":[{"@type":"ListItem","position":1,"name":"In\u00edcio","item":"https:\/\/cpar.ufms.br\/"},{"@type":"ListItem","position":2,"name":"Servi\u00e7o de Psicologia para Acad\u00eamicos"}]},{"@type":"WebSite","@id":"https:\/\/cpar.ufms.br\/#website","url":"https:\/\/cpar.ufms.br\/","name":"CPAR - Campus de Parana\u00edba","description":"Universidade Federal de Mato Grosso do Sul","potentialAction":[{"@type":"SearchAction","target":{"@type":"EntryPoint","urlTemplate":"https:\/\/cpar.ufms.br\/?s={search_term_string}"},"query-input":{"@type":"PropertyValueSpecification","valueRequired":true,"valueName":"search_term_string"}}],"inLanguage":"en-US"}]}},"_links":{"self":[{"href":"https:\/\/cpar.ufms.br\/en\/wp-json\/wp\/v2\/pages\/13804","targetHints":{"allow":["GET"]}}],"collection":[{"href":"https:\/\/cpar.ufms.br\/en\/wp-json\/wp\/v2\/pages"}],"about":[{"href":"https:\/\/cpar.ufms.br\/en\/wp-json\/wp\/v2\/types\/page"}],"author":[{"embeddable":true,"href":"https:\/\/cpar.ufms.br\/en\/wp-json\/wp\/v2\/users\/1381"}],"replies":[{"embeddable":true,"href":"https:\/\/cpar.ufms.br\/en\/wp-json\/wp\/v2\/comments?post=13804"}],"version-history":[{"count":17,"href":"https:\/\/cpar.ufms.br\/en\/wp-json\/wp\/v2\/pages\/13804\/revisions"}],"predecessor-version":[{"id":17657,"href":"https:\/\/cpar.ufms.br\/en\/wp-json\/wp\/v2\/pages\/13804\/revisions\/17657"}],"wp:attachment":[{"href":"https:\/\/cpar.ufms.br\/en\/wp-json\/wp\/v2\/media?parent=13804"}],"wp:term":[{"taxonomy":"author","embeddable":true,"href":"https:\/\/cpar.ufms.br\/en\/wp-json\/wp\/v2\/coauthors?post=13804"}],"curies":[{"name":"wp","href":"https:\/\/api.w.org\/{rel}","templated":true}]}}