{"id":13837,"date":"2022-08-24T16:05:35","date_gmt":"2022-08-24T20:05:35","guid":{"rendered":"https:\/\/cpar.ufms.br\/?page_id=13837"},"modified":"2025-09-05T15:41:25","modified_gmt":"2025-09-05T19:41:25","slug":"grupos-operativos-desenvolvimento-de-equipes","status":"publish","type":"page","link":"https:\/\/cpar.ufms.br\/en\/institucional\/servico-de-psicologia-para-servidores\/grupos-operativos-desenvolvimento-de-equipes\/","title":{"rendered":"Grupos Operativos \u2013 desenvolvimento de equipes"},"content":{"rendered":"<p><em><strong>O que \u00e9? <\/strong><\/em><em>Grupos focados em trabalhar temas espec\u00edficos para o desenvolvimento das equipes, a partir de avalia\u00e7\u00e3o da solicita\u00e7\u00e3o do setor.<\/em><\/p>\n<p><strong>Objetivo:<\/strong> Realizar avalia\u00e7\u00e3o diagn\u00f3stica das demandas das equipes e trabalhar os temas emergentes, favorecendo os processos de sa\u00fade mental no trabalho, o v\u00ednculo interpessoal e o atendimento aos usu\u00e1rios do Campus.<\/p>\n<p><strong>P\u00fablico-alvo:<\/strong> Servidores do CPAR (docentes e t\u00e9cnicos).<\/p>\n<p>&nbsp;<\/p>\n<p style=\"text-align: justify\">Respons\u00e1vel: Psic\u00f3loga Lorannoelly Vargas Costa Paz. CRP-MS 14\/05371-9 (Mestre em Psicologia pela UFMS)<\/p>\n<p style=\"text-align: justify\"><strong>Local:<\/strong> <em>a sala do Servi\u00e7o de Psicologia CPAR fica no pr\u00e9dio do Servi\u00e7o-Escola de Psicologia CPAR\/UFMS<\/em><\/p>\n<p style=\"text-align: justify\"><em><strong>Contato:<\/strong><\/em><em> psicologia.cpar@ufms.br \/ Telefone: (67) 3669-0119 Ramal: 2119<\/em><\/p>\n<p style=\"text-align: justify\">Hor\u00e1rios de funcionamento:<\/p>\n<p><a href=\"https:\/\/cpar.ufms.br\/files\/2025\/08\/horario-Loran2.png\"><img decoding=\"async\" class=\"aligncenter size-full wp-image-16930\" src=\"https:\/\/cpar.ufms.br\/files\/2025\/08\/horario-Loran2.png\" alt=\"\" width=\"542\" height=\"77\" srcset=\"https:\/\/cpar.ufms.br\/files\/2025\/08\/horario-Loran2.png 542w, https:\/\/cpar.ufms.br\/files\/2025\/08\/horario-Loran2-300x43.png 300w\" sizes=\"(max-width: 542px) 100vw, 542px\" \/><\/a><\/p>\n","protected":false},"excerpt":{"rendered":"<p>O que \u00e9? Grupos focados em trabalhar temas espec\u00edficos para o desenvolvimento das equipes, a partir de avalia\u00e7\u00e3o da solicita\u00e7\u00e3o do setor. Objetivo: Realizar avalia\u00e7\u00e3o diagn\u00f3stica das demandas das equipes e trabalhar os temas emergentes, favorecendo os processos de sa\u00fade mental no trabalho, o v\u00ednculo interpessoal e o atendimento aos usu\u00e1rios do Campus. P\u00fablico-alvo: Servidores [&hellip;]<\/p>\n","protected":false},"author":1381,"featured_media":0,"parent":13750,"menu_order":0,"comment_status":"closed","ping_status":"closed","template":"page-templates\/page-coordenadorias.php","meta":{"footnotes":""},"coauthors":[372],"class_list":["post-13837","page","type-page","status-publish","hentry"],"yoast_head":"<!-- This site is optimized with the Yoast SEO plugin v26.2 - https:\/\/yoast.com\/wordpress\/plugins\/seo\/ -->\n<title>Grupos Operativos \u2013 desenvolvimento de equipes - CPAR - Campus de Parana\u00edba<\/title>\n<meta name=\"robots\" content=\"index, follow, max-snippet:-1, max-image-preview:large, max-video-preview:-1\" \/>\n<link rel=\"canonical\" href=\"https:\/\/cpar.ufms.br\/institucional\/servico-de-psicologia-para-servidores\/grupos-operativos-desenvolvimento-de-equipes\/\" \/>\n<meta property=\"og:locale\" content=\"en_US\" \/>\n<meta property=\"og:type\" content=\"article\" \/>\n<meta property=\"og:title\" content=\"Grupos Operativos \u2013 desenvolvimento de equipes - CPAR - Campus de Parana\u00edba\" \/>\n<meta property=\"og:description\" content=\"O que \u00e9? Grupos focados em trabalhar temas espec\u00edficos para o desenvolvimento das equipes, a partir de avalia\u00e7\u00e3o da solicita\u00e7\u00e3o do setor. Objetivo: Realizar avalia\u00e7\u00e3o diagn\u00f3stica das demandas das equipes e trabalhar os temas emergentes, favorecendo os processos de sa\u00fade mental no trabalho, o v\u00ednculo interpessoal e o atendimento aos usu\u00e1rios do Campus. P\u00fablico-alvo: Servidores [&hellip;]\" \/>\n<meta property=\"og:url\" content=\"https:\/\/cpar.ufms.br\/institucional\/servico-de-psicologia-para-servidores\/grupos-operativos-desenvolvimento-de-equipes\/\" \/>\n<meta property=\"og:site_name\" content=\"CPAR - Campus de Parana\u00edba\" \/>\n<meta property=\"article:modified_time\" content=\"2025-09-05T19:41:25+00:00\" \/>\n<meta name=\"twitter:label1\" content=\"Est. reading time\" \/>\n\t<meta name=\"twitter:data1\" content=\"1 minute\" \/>\n\t<meta name=\"twitter:label2\" content=\"Written by\" \/>\n\t<meta name=\"twitter:data2\" content=\"dirceu.matos\" \/>\n<script type=\"application\/ld+json\" class=\"yoast-schema-graph\">{\"@context\":\"https:\/\/schema.org\",\"@graph\":[{\"@type\":\"WebPage\",\"@id\":\"https:\/\/cpar.ufms.br\/institucional\/servico-de-psicologia-para-servidores\/grupos-operativos-desenvolvimento-de-equipes\/\",\"url\":\"https:\/\/cpar.ufms.br\/institucional\/servico-de-psicologia-para-servidores\/grupos-operativos-desenvolvimento-de-equipes\/\",\"name\":\"Grupos Operativos \u2013 desenvolvimento de equipes - CPAR - Campus de Parana\u00edba\",\"isPartOf\":{\"@id\":\"https:\/\/cpar.ufms.br\/#website\"},\"primaryImageOfPage\":{\"@id\":\"https:\/\/cpar.ufms.br\/institucional\/servico-de-psicologia-para-servidores\/grupos-operativos-desenvolvimento-de-equipes\/#primaryimage\"},\"image\":{\"@id\":\"https:\/\/cpar.ufms.br\/institucional\/servico-de-psicologia-para-servidores\/grupos-operativos-desenvolvimento-de-equipes\/#primaryimage\"},\"thumbnailUrl\":\"https:\/\/cpar.ufms.br\/files\/2025\/08\/horario-Loran2.png\",\"datePublished\":\"2022-08-24T20:05:35+00:00\",\"dateModified\":\"2025-09-05T19:41:25+00:00\",\"breadcrumb\":{\"@id\":\"https:\/\/cpar.ufms.br\/institucional\/servico-de-psicologia-para-servidores\/grupos-operativos-desenvolvimento-de-equipes\/#breadcrumb\"},\"inLanguage\":\"en-US\",\"potentialAction\":[{\"@type\":\"ReadAction\",\"target\":[\"https:\/\/cpar.ufms.br\/institucional\/servico-de-psicologia-para-servidores\/grupos-operativos-desenvolvimento-de-equipes\/\"]}]},{\"@type\":\"ImageObject\",\"inLanguage\":\"en-US\",\"@id\":\"https:\/\/cpar.ufms.br\/institucional\/servico-de-psicologia-para-servidores\/grupos-operativos-desenvolvimento-de-equipes\/#primaryimage\",\"url\":\"https:\/\/cpar.ufms.br\/files\/2025\/08\/horario-Loran2.png\",\"contentUrl\":\"https:\/\/cpar.ufms.br\/files\/2025\/08\/horario-Loran2.png\"},{\"@type\":\"BreadcrumbList\",\"@id\":\"https:\/\/cpar.ufms.br\/institucional\/servico-de-psicologia-para-servidores\/grupos-operativos-desenvolvimento-de-equipes\/#breadcrumb\",\"itemListElement\":[{\"@type\":\"ListItem\",\"position\":1,\"name\":\"In\u00edcio\",\"item\":\"https:\/\/cpar.ufms.br\/\"},{\"@type\":\"ListItem\",\"position\":2,\"name\":\"Institucional\",\"item\":\"https:\/\/cpar.ufms.br\/institucional\/\"},{\"@type\":\"ListItem\",\"position\":3,\"name\":\"Servi\u00e7o de Psicologia UFMS\/CPAR &#8211; Servidores\",\"item\":\"https:\/\/cpar.ufms.br\/institucional\/servico-de-psicologia-para-servidores\/\"},{\"@type\":\"ListItem\",\"position\":4,\"name\":\"Grupos Operativos \u2013 desenvolvimento de equipes\"}]},{\"@type\":\"WebSite\",\"@id\":\"https:\/\/cpar.ufms.br\/#website\",\"url\":\"https:\/\/cpar.ufms.br\/\",\"name\":\"CPAR - Campus de Parana\u00edba\",\"description\":\"Universidade Federal de Mato Grosso do Sul\",\"potentialAction\":[{\"@type\":\"SearchAction\",\"target\":{\"@type\":\"EntryPoint\",\"urlTemplate\":\"https:\/\/cpar.ufms.br\/?s={search_term_string}\"},\"query-input\":{\"@type\":\"PropertyValueSpecification\",\"valueRequired\":true,\"valueName\":\"search_term_string\"}}],\"inLanguage\":\"en-US\"}]}<\/script>\n<!-- \/ Yoast SEO plugin. -->","yoast_head_json":{"title":"Grupos Operativos \u2013 desenvolvimento de equipes - CPAR - Campus de Parana\u00edba","robots":{"index":"index","follow":"follow","max-snippet":"max-snippet:-1","max-image-preview":"max-image-preview:large","max-video-preview":"max-video-preview:-1"},"canonical":"https:\/\/cpar.ufms.br\/institucional\/servico-de-psicologia-para-servidores\/grupos-operativos-desenvolvimento-de-equipes\/","og_locale":"en_US","og_type":"article","og_title":"Grupos Operativos \u2013 desenvolvimento de equipes - CPAR - Campus de Parana\u00edba","og_description":"O que \u00e9? Grupos focados em trabalhar temas espec\u00edficos para o desenvolvimento das equipes, a partir de avalia\u00e7\u00e3o da solicita\u00e7\u00e3o do setor. Objetivo: Realizar avalia\u00e7\u00e3o diagn\u00f3stica das demandas das equipes e trabalhar os temas emergentes, favorecendo os processos de sa\u00fade mental no trabalho, o v\u00ednculo interpessoal e o atendimento aos usu\u00e1rios do Campus. P\u00fablico-alvo: Servidores [&hellip;]","og_url":"https:\/\/cpar.ufms.br\/institucional\/servico-de-psicologia-para-servidores\/grupos-operativos-desenvolvimento-de-equipes\/","og_site_name":"CPAR - Campus de Parana\u00edba","article_modified_time":"2025-09-05T19:41:25+00:00","twitter_misc":{"Est. reading time":"1 minute","Written by":"dirceu.matos"},"schema":{"@context":"https:\/\/schema.org","@graph":[{"@type":"WebPage","@id":"https:\/\/cpar.ufms.br\/institucional\/servico-de-psicologia-para-servidores\/grupos-operativos-desenvolvimento-de-equipes\/","url":"https:\/\/cpar.ufms.br\/institucional\/servico-de-psicologia-para-servidores\/grupos-operativos-desenvolvimento-de-equipes\/","name":"Grupos Operativos \u2013 desenvolvimento de equipes - CPAR - Campus de Parana\u00edba","isPartOf":{"@id":"https:\/\/cpar.ufms.br\/#website"},"primaryImageOfPage":{"@id":"https:\/\/cpar.ufms.br\/institucional\/servico-de-psicologia-para-servidores\/grupos-operativos-desenvolvimento-de-equipes\/#primaryimage"},"image":{"@id":"https:\/\/cpar.ufms.br\/institucional\/servico-de-psicologia-para-servidores\/grupos-operativos-desenvolvimento-de-equipes\/#primaryimage"},"thumbnailUrl":"https:\/\/cpar.ufms.br\/files\/2025\/08\/horario-Loran2.png","datePublished":"2022-08-24T20:05:35+00:00","dateModified":"2025-09-05T19:41:25+00:00","breadcrumb":{"@id":"https:\/\/cpar.ufms.br\/institucional\/servico-de-psicologia-para-servidores\/grupos-operativos-desenvolvimento-de-equipes\/#breadcrumb"},"inLanguage":"en-US","potentialAction":[{"@type":"ReadAction","target":["https:\/\/cpar.ufms.br\/institucional\/servico-de-psicologia-para-servidores\/grupos-operativos-desenvolvimento-de-equipes\/"]}]},{"@type":"ImageObject","inLanguage":"en-US","@id":"https:\/\/cpar.ufms.br\/institucional\/servico-de-psicologia-para-servidores\/grupos-operativos-desenvolvimento-de-equipes\/#primaryimage","url":"https:\/\/cpar.ufms.br\/files\/2025\/08\/horario-Loran2.png","contentUrl":"https:\/\/cpar.ufms.br\/files\/2025\/08\/horario-Loran2.png"},{"@type":"BreadcrumbList","@id":"https:\/\/cpar.ufms.br\/institucional\/servico-de-psicologia-para-servidores\/grupos-operativos-desenvolvimento-de-equipes\/#breadcrumb","itemListElement":[{"@type":"ListItem","position":1,"name":"In\u00edcio","item":"https:\/\/cpar.ufms.br\/"},{"@type":"ListItem","position":2,"name":"Institucional","item":"https:\/\/cpar.ufms.br\/institucional\/"},{"@type":"ListItem","position":3,"name":"Servi\u00e7o de Psicologia UFMS\/CPAR &#8211; Servidores","item":"https:\/\/cpar.ufms.br\/institucional\/servico-de-psicologia-para-servidores\/"},{"@type":"ListItem","position":4,"name":"Grupos Operativos \u2013 desenvolvimento de equipes"}]},{"@type":"WebSite","@id":"https:\/\/cpar.ufms.br\/#website","url":"https:\/\/cpar.ufms.br\/","name":"CPAR - Campus de Parana\u00edba","description":"Universidade Federal de Mato Grosso do Sul","potentialAction":[{"@type":"SearchAction","target":{"@type":"EntryPoint","urlTemplate":"https:\/\/cpar.ufms.br\/?s={search_term_string}"},"query-input":{"@type":"PropertyValueSpecification","valueRequired":true,"valueName":"search_term_string"}}],"inLanguage":"en-US"}]}},"_links":{"self":[{"href":"https:\/\/cpar.ufms.br\/en\/wp-json\/wp\/v2\/pages\/13837","targetHints":{"allow":["GET"]}}],"collection":[{"href":"https:\/\/cpar.ufms.br\/en\/wp-json\/wp\/v2\/pages"}],"about":[{"href":"https:\/\/cpar.ufms.br\/en\/wp-json\/wp\/v2\/types\/page"}],"author":[{"embeddable":true,"href":"https:\/\/cpar.ufms.br\/en\/wp-json\/wp\/v2\/users\/1381"}],"replies":[{"embeddable":true,"href":"https:\/\/cpar.ufms.br\/en\/wp-json\/wp\/v2\/comments?post=13837"}],"version-history":[{"count":6,"href":"https:\/\/cpar.ufms.br\/en\/wp-json\/wp\/v2\/pages\/13837\/revisions"}],"predecessor-version":[{"id":16983,"href":"https:\/\/cpar.ufms.br\/en\/wp-json\/wp\/v2\/pages\/13837\/revisions\/16983"}],"up":[{"embeddable":true,"href":"https:\/\/cpar.ufms.br\/en\/wp-json\/wp\/v2\/pages\/13750"}],"wp:attachment":[{"href":"https:\/\/cpar.ufms.br\/en\/wp-json\/wp\/v2\/media?parent=13837"}],"wp:term":[{"taxonomy":"author","embeddable":true,"href":"https:\/\/cpar.ufms.br\/en\/wp-json\/wp\/v2\/coauthors?post=13837"}],"curies":[{"name":"wp","href":"https:\/\/api.w.org\/{rel}","templated":true}]}}