{"id":1384,"date":"2014-12-02T15:21:29","date_gmt":"2014-12-02T19:21:29","guid":{"rendered":"http:\/\/cpar.draconis.ufms.br\/?page_id=1384"},"modified":"2025-04-16T13:28:01","modified_gmt":"2025-04-16T17:28:01","slug":"clinica-de-psicologia","status":"publish","type":"page","link":"https:\/\/cpar.ufms.br\/en\/clinica-de-psicologia\/","title":{"rendered":"Cl\u00ednica-Escola de Psicologia"},"content":{"rendered":"<h4><strong>SERVI\u00c7O-ESCOLA<br \/>\n<\/strong><\/h4>\n<p>A Se\u00e7\u00e3o de Psicologia da Universidade Federal de Mato Grosso do Sul, C\u00e2mpus de Parana\u00edba (UFMS\/CPAR\/SEPS), um Servi\u00e7o-Escola, \u00e9 a inst\u00e2ncia administrativa e pedag\u00f3gica de gerenciamento dos projetos de est\u00e1gios e extens\u00e3o do Curso de Gradua\u00e7\u00e3o em Psicologia.<\/p>\n<p style=\"text-align: justify\">A Se\u00e7\u00e3o de Psicologia \u00e9 constitu\u00edda pela Cl\u00ednica-Escola de Psicologia &#8220;Carolina Martuscelli Bori&#8221; e pelo Laborat\u00f3rio de An\u00e1lise Experimental do Comportamento.<\/p>\n<p>O Curso de Psicologia da Universidade Federal de Mato Grosso do Sul (UFMS), por meio da Se\u00e7\u00e3o de Psicologia (SEPS), busca contribuir com o desenvolvimento humano e a melhora da qualidade de vida da popula\u00e7\u00e3o de Parana\u00edba e da regi\u00e3o. Esta, por sua vez, ao nos procurar, colabora, tamb\u00e9m, com o desenvolvimento profissional de nossos acad\u00eamicos, os psic\u00f3logos em forma\u00e7\u00e3o, a partir da confian\u00e7a depositada. Por fim, empenhamos nossos esfor\u00e7os, conhecimentos e sensibilidade para que esse encontro seja humanizado e de crescimento para os envolvidos.<\/p>\n<p style=\"text-align: justify\">Para informa\u00e7\u00f5es sobre ACOLHIMENTO, <a href=\"https:\/\/cpar.ufms.br\/acolhimento-psicologico-comunidade-externa\/\">CLIQUE AQUI.<\/a><\/p>\n<hr \/>\n<p>&nbsp;<\/p>\n<h3><strong>Hor\u00e1rio de funcionamento da Secretaria e Contato<\/strong><\/h3>\n<div>\n<div><\/div>\n<div><b>Segunda a\u00a0<\/b><b>quinta<\/b><br \/>\n08h00 \u2013 20h00<\/div>\n<div><b>\u00a0<\/b><\/div>\n<div><b>Sexta<\/b><\/div>\n<div>07h00 \u2013 11h00<\/div>\n<div>13h00 \u2013 17h00<\/div>\n<\/div>\n<p>&nbsp;<\/p>\n<p><strong>Endere\u00e7o: Avenida Pedro Pedrossian, N\u00b0 725, Bairro Universit\u00e1rio &#8211; UFMS<\/strong><\/p>\n<p><strong>Telefone: (67) 3669-0117 ou 3669-0100<\/strong><\/p>\n","protected":false},"excerpt":{"rendered":"<p>SERVI\u00c7O-ESCOLA A Se\u00e7\u00e3o de Psicologia da Universidade Federal de Mato Grosso do Sul, C\u00e2mpus de Parana\u00edba (UFMS\/CPAR\/SEPS), um Servi\u00e7o-Escola, \u00e9 a inst\u00e2ncia administrativa e pedag\u00f3gica de gerenciamento dos projetos de est\u00e1gios e extens\u00e3o do Curso de Gradua\u00e7\u00e3o em Psicologia. A Se\u00e7\u00e3o de Psicologia \u00e9 constitu\u00edda pela Cl\u00ednica-Escola de Psicologia &#8220;Carolina Martuscelli Bori&#8221; e pelo Laborat\u00f3rio [&hellip;]<\/p>\n","protected":false},"author":1381,"featured_media":0,"parent":0,"menu_order":0,"comment_status":"closed","ping_status":"open","template":"page-templates\/page-coordenadorias.php","meta":{"footnotes":""},"coauthors":[],"class_list":["post-1384","page","type-page","status-publish","hentry"],"yoast_head":"<!-- This site is optimized with the Yoast SEO plugin v26.2 - https:\/\/yoast.com\/wordpress\/plugins\/seo\/ -->\n<title>Cl\u00ednica-Escola de Psicologia - CPAR - Campus de Parana\u00edba<\/title>\n<meta name=\"robots\" content=\"index, follow, max-snippet:-1, max-image-preview:large, max-video-preview:-1\" \/>\n<link rel=\"canonical\" href=\"https:\/\/cpar.ufms.br\/clinica-de-psicologia\/\" \/>\n<meta property=\"og:locale\" content=\"en_US\" \/>\n<meta property=\"og:type\" content=\"article\" \/>\n<meta property=\"og:title\" content=\"Cl\u00ednica-Escola de Psicologia - CPAR - Campus de Parana\u00edba\" \/>\n<meta property=\"og:description\" content=\"SERVI\u00c7O-ESCOLA A Se\u00e7\u00e3o de Psicologia da Universidade Federal de Mato Grosso do Sul, C\u00e2mpus de Parana\u00edba (UFMS\/CPAR\/SEPS), um Servi\u00e7o-Escola, \u00e9 a inst\u00e2ncia administrativa e pedag\u00f3gica de gerenciamento dos projetos de est\u00e1gios e extens\u00e3o do Curso de Gradua\u00e7\u00e3o em Psicologia. A Se\u00e7\u00e3o de Psicologia \u00e9 constitu\u00edda pela Cl\u00ednica-Escola de Psicologia &#8220;Carolina Martuscelli Bori&#8221; e pelo Laborat\u00f3rio [&hellip;]\" \/>\n<meta property=\"og:url\" content=\"https:\/\/cpar.ufms.br\/clinica-de-psicologia\/\" \/>\n<meta property=\"og:site_name\" content=\"CPAR - Campus de Parana\u00edba\" \/>\n<meta property=\"article:modified_time\" content=\"2025-04-16T17:28:01+00:00\" \/>\n<meta name=\"twitter:label1\" content=\"Est. reading time\" \/>\n\t<meta name=\"twitter:data1\" content=\"2 minutes\" \/>\n\t<meta name=\"twitter:label2\" content=\"Written by\" \/>\n\t<meta name=\"twitter:data2\" content=\"dirceu.matos\" \/>\n<script type=\"application\/ld+json\" class=\"yoast-schema-graph\">{\"@context\":\"https:\/\/schema.org\",\"@graph\":[{\"@type\":\"WebPage\",\"@id\":\"https:\/\/cpar.ufms.br\/clinica-de-psicologia\/\",\"url\":\"https:\/\/cpar.ufms.br\/clinica-de-psicologia\/\",\"name\":\"Cl\u00ednica-Escola de Psicologia - CPAR - Campus de Parana\u00edba\",\"isPartOf\":{\"@id\":\"https:\/\/cpar.ufms.br\/#website\"},\"datePublished\":\"2014-12-02T19:21:29+00:00\",\"dateModified\":\"2025-04-16T17:28:01+00:00\",\"breadcrumb\":{\"@id\":\"https:\/\/cpar.ufms.br\/clinica-de-psicologia\/#breadcrumb\"},\"inLanguage\":\"en-US\",\"potentialAction\":[{\"@type\":\"ReadAction\",\"target\":[\"https:\/\/cpar.ufms.br\/clinica-de-psicologia\/\"]}]},{\"@type\":\"BreadcrumbList\",\"@id\":\"https:\/\/cpar.ufms.br\/clinica-de-psicologia\/#breadcrumb\",\"itemListElement\":[{\"@type\":\"ListItem\",\"position\":1,\"name\":\"In\u00edcio\",\"item\":\"https:\/\/cpar.ufms.br\/\"},{\"@type\":\"ListItem\",\"position\":2,\"name\":\"Cl\u00ednica-Escola de Psicologia\"}]},{\"@type\":\"WebSite\",\"@id\":\"https:\/\/cpar.ufms.br\/#website\",\"url\":\"https:\/\/cpar.ufms.br\/\",\"name\":\"CPAR - Campus de Parana\u00edba\",\"description\":\"Universidade Federal de Mato Grosso do Sul\",\"potentialAction\":[{\"@type\":\"SearchAction\",\"target\":{\"@type\":\"EntryPoint\",\"urlTemplate\":\"https:\/\/cpar.ufms.br\/?s={search_term_string}\"},\"query-input\":{\"@type\":\"PropertyValueSpecification\",\"valueRequired\":true,\"valueName\":\"search_term_string\"}}],\"inLanguage\":\"en-US\"}]}<\/script>\n<!-- \/ Yoast SEO plugin. -->","yoast_head_json":{"title":"Cl\u00ednica-Escola de Psicologia - CPAR - Campus de Parana\u00edba","robots":{"index":"index","follow":"follow","max-snippet":"max-snippet:-1","max-image-preview":"max-image-preview:large","max-video-preview":"max-video-preview:-1"},"canonical":"https:\/\/cpar.ufms.br\/clinica-de-psicologia\/","og_locale":"en_US","og_type":"article","og_title":"Cl\u00ednica-Escola de Psicologia - CPAR - Campus de Parana\u00edba","og_description":"SERVI\u00c7O-ESCOLA A Se\u00e7\u00e3o de Psicologia da Universidade Federal de Mato Grosso do Sul, C\u00e2mpus de Parana\u00edba (UFMS\/CPAR\/SEPS), um Servi\u00e7o-Escola, \u00e9 a inst\u00e2ncia administrativa e pedag\u00f3gica de gerenciamento dos projetos de est\u00e1gios e extens\u00e3o do Curso de Gradua\u00e7\u00e3o em Psicologia. A Se\u00e7\u00e3o de Psicologia \u00e9 constitu\u00edda pela Cl\u00ednica-Escola de Psicologia &#8220;Carolina Martuscelli Bori&#8221; e pelo Laborat\u00f3rio [&hellip;]","og_url":"https:\/\/cpar.ufms.br\/clinica-de-psicologia\/","og_site_name":"CPAR - Campus de Parana\u00edba","article_modified_time":"2025-04-16T17:28:01+00:00","twitter_misc":{"Est. reading time":"2 minutes","Written by":"dirceu.matos"},"schema":{"@context":"https:\/\/schema.org","@graph":[{"@type":"WebPage","@id":"https:\/\/cpar.ufms.br\/clinica-de-psicologia\/","url":"https:\/\/cpar.ufms.br\/clinica-de-psicologia\/","name":"Cl\u00ednica-Escola de Psicologia - CPAR - Campus de Parana\u00edba","isPartOf":{"@id":"https:\/\/cpar.ufms.br\/#website"},"datePublished":"2014-12-02T19:21:29+00:00","dateModified":"2025-04-16T17:28:01+00:00","breadcrumb":{"@id":"https:\/\/cpar.ufms.br\/clinica-de-psicologia\/#breadcrumb"},"inLanguage":"en-US","potentialAction":[{"@type":"ReadAction","target":["https:\/\/cpar.ufms.br\/clinica-de-psicologia\/"]}]},{"@type":"BreadcrumbList","@id":"https:\/\/cpar.ufms.br\/clinica-de-psicologia\/#breadcrumb","itemListElement":[{"@type":"ListItem","position":1,"name":"In\u00edcio","item":"https:\/\/cpar.ufms.br\/"},{"@type":"ListItem","position":2,"name":"Cl\u00ednica-Escola de Psicologia"}]},{"@type":"WebSite","@id":"https:\/\/cpar.ufms.br\/#website","url":"https:\/\/cpar.ufms.br\/","name":"CPAR - Campus de Parana\u00edba","description":"Universidade Federal de Mato Grosso do Sul","potentialAction":[{"@type":"SearchAction","target":{"@type":"EntryPoint","urlTemplate":"https:\/\/cpar.ufms.br\/?s={search_term_string}"},"query-input":{"@type":"PropertyValueSpecification","valueRequired":true,"valueName":"search_term_string"}}],"inLanguage":"en-US"}]}},"_links":{"self":[{"href":"https:\/\/cpar.ufms.br\/en\/wp-json\/wp\/v2\/pages\/1384","targetHints":{"allow":["GET"]}}],"collection":[{"href":"https:\/\/cpar.ufms.br\/en\/wp-json\/wp\/v2\/pages"}],"about":[{"href":"https:\/\/cpar.ufms.br\/en\/wp-json\/wp\/v2\/types\/page"}],"author":[{"embeddable":true,"href":"https:\/\/cpar.ufms.br\/en\/wp-json\/wp\/v2\/users\/1381"}],"replies":[{"embeddable":true,"href":"https:\/\/cpar.ufms.br\/en\/wp-json\/wp\/v2\/comments?post=1384"}],"version-history":[{"count":55,"href":"https:\/\/cpar.ufms.br\/en\/wp-json\/wp\/v2\/pages\/1384\/revisions"}],"predecessor-version":[{"id":16714,"href":"https:\/\/cpar.ufms.br\/en\/wp-json\/wp\/v2\/pages\/1384\/revisions\/16714"}],"wp:attachment":[{"href":"https:\/\/cpar.ufms.br\/en\/wp-json\/wp\/v2\/media?parent=1384"}],"wp:term":[{"taxonomy":"author","embeddable":true,"href":"https:\/\/cpar.ufms.br\/en\/wp-json\/wp\/v2\/coauthors?post=1384"}],"curies":[{"name":"wp","href":"https:\/\/api.w.org\/{rel}","templated":true}]}}