{"id":13845,"date":"2022-08-24T16:08:36","date_gmt":"2022-08-24T20:08:36","guid":{"rendered":"https:\/\/cpar.ufms.br\/?page_id=13845"},"modified":"2025-09-05T15:39:43","modified_gmt":"2025-09-05T19:39:43","slug":"grupos","status":"publish","type":"page","link":"https:\/\/cpar.ufms.br\/en\/servico-de-psicologia-cpar-ufms-academicos\/grupos\/","title":{"rendered":"Grupos"},"content":{"rendered":"<p style=\"text-align: justify\">Estar na Universidade \u00e9 o in\u00edcio de uma travessia entre uma situa\u00e7\u00e3o de vida e outra, que foi sonhada. Nessa travessia, o confronto entre o que se imaginou sobre a vida universit\u00e1ria e a realidade encontrada pode gerar ang\u00fastias e at\u00e9 mesmo um estado de crise.<\/p>\n<p style=\"text-align: justify\">Nessa hora, encontrar apoio em outras pessoas pode ajudar a lidar com as demandas da Universidade e a entender seus c\u00f3digos e regras.<\/p>\n<p style=\"text-align: justify\">Os grupos t\u00eam a fun\u00e7\u00e3o de promover esse espa\u00e7o de apoio m\u00fatuo, compartilhar viv\u00eancias, fortalecer v\u00ednculos e transformar a crise em pot\u00eancia de transforma\u00e7\u00e3o.<\/p>\n<p style=\"text-align: justify\">S\u00e3o espa\u00e7os em que os participantes podem conversar livremente sobre como est\u00e3o se sentindo neste momento de travessia universit\u00e1ria ou sobre temas espec\u00edficos.<\/p>\n<p style=\"text-align: justify\"><strong>RODA DE CONVERSA MENSAL<\/strong><\/p>\n<p style=\"text-align: justify\"><strong>O que \u00e9:<\/strong> Espa\u00e7o de discuss\u00e3o grupal centrado em um tema espec\u00edfico (acompanhar programa\u00e7\u00e3o nas redes sociais do CPAR)<\/p>\n<p><strong>Quando?<\/strong> \u00faltima segunda de cada m\u00eas<\/p>\n<p><strong>Hor\u00e1rio<\/strong>: 17h30min \u00e0s 19h<\/p>\n<p><strong>Local:<\/strong> SALA de aula 08<\/p>\n<p style=\"text-align: justify\"><em><strong>P\u00fablico-alvo:\u00a0<\/strong><\/em><em>Estudantes da gradua\u00e7\u00e3o CPAR\/UFMS <\/em><\/p>\n<p style=\"text-align: justify\"><strong>Coordena\u00e7\u00e3o do grupo:<\/strong> Psic\u00f3loga Lorannoelly Vargas Costa Paz CRP 14\/05371-9.<\/p>\n<p style=\"text-align: justify\"><em><strong>Como ter acesso: <\/strong><\/em><a href=\"https:\/\/forms.gle\/fYGjrkcjxTusDX5X9\"><strong>Clique aqui para preencher o formul\u00e1rio!<\/strong><\/a><\/p>\n<p style=\"text-align: justify\"><em><strong>Contato do Servi\u00e7o de Psicologia CPAR\/UFMS:<\/strong><\/em><\/p>\n<p><strong>E-mail:<\/strong> psicologia.cpar@ufms.br<\/p>\n<p style=\"text-align: justify\"><strong>Telefone:<\/strong> (67) 3669-0119<\/p>\n<p style=\"text-align: justify\"><em><strong>\u00a0<\/strong><\/em><\/p>\n<p style=\"text-align: justify\">\n","protected":false},"excerpt":{"rendered":"<p>Estar na Universidade \u00e9 o in\u00edcio de uma travessia entre uma situa\u00e7\u00e3o de vida e outra, que foi sonhada. Nessa travessia, o confronto entre o que se imaginou sobre a vida universit\u00e1ria e a realidade encontrada pode gerar ang\u00fastias e at\u00e9 mesmo um estado de crise. Nessa hora, encontrar apoio em outras pessoas pode ajudar [&hellip;]<\/p>\n","protected":false},"author":1381,"featured_media":0,"parent":13804,"menu_order":0,"comment_status":"closed","ping_status":"closed","template":"page-templates\/page-coordenadorias.php","meta":{"footnotes":""},"coauthors":[372],"class_list":["post-13845","page","type-page","status-publish","hentry"],"yoast_head":"<!-- This site is optimized with the Yoast SEO plugin v26.2 - https:\/\/yoast.com\/wordpress\/plugins\/seo\/ -->\n<title>Grupos - CPAR - Campus de Parana\u00edba<\/title>\n<meta name=\"robots\" content=\"index, follow, max-snippet:-1, max-image-preview:large, max-video-preview:-1\" \/>\n<link rel=\"canonical\" href=\"https:\/\/cpar.ufms.br\/servico-de-psicologia-cpar-ufms-academicos\/grupos\/\" \/>\n<meta property=\"og:locale\" content=\"en_US\" \/>\n<meta property=\"og:type\" content=\"article\" \/>\n<meta property=\"og:title\" content=\"Grupos - CPAR - Campus de Parana\u00edba\" \/>\n<meta property=\"og:description\" content=\"Estar na Universidade \u00e9 o in\u00edcio de uma travessia entre uma situa\u00e7\u00e3o de vida e outra, que foi sonhada. Nessa travessia, o confronto entre o que se imaginou sobre a vida universit\u00e1ria e a realidade encontrada pode gerar ang\u00fastias e at\u00e9 mesmo um estado de crise. Nessa hora, encontrar apoio em outras pessoas pode ajudar [&hellip;]\" \/>\n<meta property=\"og:url\" content=\"https:\/\/cpar.ufms.br\/servico-de-psicologia-cpar-ufms-academicos\/grupos\/\" \/>\n<meta property=\"og:site_name\" content=\"CPAR - Campus de Parana\u00edba\" \/>\n<meta property=\"article:modified_time\" content=\"2025-09-05T19:39:43+00:00\" \/>\n<meta name=\"twitter:label1\" content=\"Est. reading time\" \/>\n\t<meta name=\"twitter:data1\" content=\"2 minutes\" \/>\n\t<meta name=\"twitter:label2\" content=\"Written by\" \/>\n\t<meta name=\"twitter:data2\" content=\"dirceu.matos\" \/>\n<script type=\"application\/ld+json\" class=\"yoast-schema-graph\">{\"@context\":\"https:\/\/schema.org\",\"@graph\":[{\"@type\":\"WebPage\",\"@id\":\"https:\/\/cpar.ufms.br\/servico-de-psicologia-cpar-ufms-academicos\/grupos\/\",\"url\":\"https:\/\/cpar.ufms.br\/servico-de-psicologia-cpar-ufms-academicos\/grupos\/\",\"name\":\"Grupos - CPAR - Campus de Parana\u00edba\",\"isPartOf\":{\"@id\":\"https:\/\/cpar.ufms.br\/#website\"},\"datePublished\":\"2022-08-24T20:08:36+00:00\",\"dateModified\":\"2025-09-05T19:39:43+00:00\",\"breadcrumb\":{\"@id\":\"https:\/\/cpar.ufms.br\/servico-de-psicologia-cpar-ufms-academicos\/grupos\/#breadcrumb\"},\"inLanguage\":\"en-US\",\"potentialAction\":[{\"@type\":\"ReadAction\",\"target\":[\"https:\/\/cpar.ufms.br\/servico-de-psicologia-cpar-ufms-academicos\/grupos\/\"]}]},{\"@type\":\"BreadcrumbList\",\"@id\":\"https:\/\/cpar.ufms.br\/servico-de-psicologia-cpar-ufms-academicos\/grupos\/#breadcrumb\",\"itemListElement\":[{\"@type\":\"ListItem\",\"position\":1,\"name\":\"In\u00edcio\",\"item\":\"https:\/\/cpar.ufms.br\/\"},{\"@type\":\"ListItem\",\"position\":2,\"name\":\"Servi\u00e7o de Psicologia para Acad\u00eamicos\",\"item\":\"https:\/\/cpar.ufms.br\/servico-de-psicologia-cpar-ufms-academicos\/\"},{\"@type\":\"ListItem\",\"position\":3,\"name\":\"Grupos\"}]},{\"@type\":\"WebSite\",\"@id\":\"https:\/\/cpar.ufms.br\/#website\",\"url\":\"https:\/\/cpar.ufms.br\/\",\"name\":\"CPAR - Campus de Parana\u00edba\",\"description\":\"Universidade Federal de Mato Grosso do Sul\",\"potentialAction\":[{\"@type\":\"SearchAction\",\"target\":{\"@type\":\"EntryPoint\",\"urlTemplate\":\"https:\/\/cpar.ufms.br\/?s={search_term_string}\"},\"query-input\":{\"@type\":\"PropertyValueSpecification\",\"valueRequired\":true,\"valueName\":\"search_term_string\"}}],\"inLanguage\":\"en-US\"}]}<\/script>\n<!-- \/ Yoast SEO plugin. -->","yoast_head_json":{"title":"Grupos - CPAR - Campus de Parana\u00edba","robots":{"index":"index","follow":"follow","max-snippet":"max-snippet:-1","max-image-preview":"max-image-preview:large","max-video-preview":"max-video-preview:-1"},"canonical":"https:\/\/cpar.ufms.br\/servico-de-psicologia-cpar-ufms-academicos\/grupos\/","og_locale":"en_US","og_type":"article","og_title":"Grupos - CPAR - Campus de Parana\u00edba","og_description":"Estar na Universidade \u00e9 o in\u00edcio de uma travessia entre uma situa\u00e7\u00e3o de vida e outra, que foi sonhada. Nessa travessia, o confronto entre o que se imaginou sobre a vida universit\u00e1ria e a realidade encontrada pode gerar ang\u00fastias e at\u00e9 mesmo um estado de crise. Nessa hora, encontrar apoio em outras pessoas pode ajudar [&hellip;]","og_url":"https:\/\/cpar.ufms.br\/servico-de-psicologia-cpar-ufms-academicos\/grupos\/","og_site_name":"CPAR - Campus de Parana\u00edba","article_modified_time":"2025-09-05T19:39:43+00:00","twitter_misc":{"Est. reading time":"2 minutes","Written by":"dirceu.matos"},"schema":{"@context":"https:\/\/schema.org","@graph":[{"@type":"WebPage","@id":"https:\/\/cpar.ufms.br\/servico-de-psicologia-cpar-ufms-academicos\/grupos\/","url":"https:\/\/cpar.ufms.br\/servico-de-psicologia-cpar-ufms-academicos\/grupos\/","name":"Grupos - CPAR - Campus de Parana\u00edba","isPartOf":{"@id":"https:\/\/cpar.ufms.br\/#website"},"datePublished":"2022-08-24T20:08:36+00:00","dateModified":"2025-09-05T19:39:43+00:00","breadcrumb":{"@id":"https:\/\/cpar.ufms.br\/servico-de-psicologia-cpar-ufms-academicos\/grupos\/#breadcrumb"},"inLanguage":"en-US","potentialAction":[{"@type":"ReadAction","target":["https:\/\/cpar.ufms.br\/servico-de-psicologia-cpar-ufms-academicos\/grupos\/"]}]},{"@type":"BreadcrumbList","@id":"https:\/\/cpar.ufms.br\/servico-de-psicologia-cpar-ufms-academicos\/grupos\/#breadcrumb","itemListElement":[{"@type":"ListItem","position":1,"name":"In\u00edcio","item":"https:\/\/cpar.ufms.br\/"},{"@type":"ListItem","position":2,"name":"Servi\u00e7o de Psicologia para Acad\u00eamicos","item":"https:\/\/cpar.ufms.br\/servico-de-psicologia-cpar-ufms-academicos\/"},{"@type":"ListItem","position":3,"name":"Grupos"}]},{"@type":"WebSite","@id":"https:\/\/cpar.ufms.br\/#website","url":"https:\/\/cpar.ufms.br\/","name":"CPAR - Campus de Parana\u00edba","description":"Universidade Federal de Mato Grosso do Sul","potentialAction":[{"@type":"SearchAction","target":{"@type":"EntryPoint","urlTemplate":"https:\/\/cpar.ufms.br\/?s={search_term_string}"},"query-input":{"@type":"PropertyValueSpecification","valueRequired":true,"valueName":"search_term_string"}}],"inLanguage":"en-US"}]}},"_links":{"self":[{"href":"https:\/\/cpar.ufms.br\/en\/wp-json\/wp\/v2\/pages\/13845","targetHints":{"allow":["GET"]}}],"collection":[{"href":"https:\/\/cpar.ufms.br\/en\/wp-json\/wp\/v2\/pages"}],"about":[{"href":"https:\/\/cpar.ufms.br\/en\/wp-json\/wp\/v2\/types\/page"}],"author":[{"embeddable":true,"href":"https:\/\/cpar.ufms.br\/en\/wp-json\/wp\/v2\/users\/1381"}],"replies":[{"embeddable":true,"href":"https:\/\/cpar.ufms.br\/en\/wp-json\/wp\/v2\/comments?post=13845"}],"version-history":[{"count":9,"href":"https:\/\/cpar.ufms.br\/en\/wp-json\/wp\/v2\/pages\/13845\/revisions"}],"predecessor-version":[{"id":16980,"href":"https:\/\/cpar.ufms.br\/en\/wp-json\/wp\/v2\/pages\/13845\/revisions\/16980"}],"up":[{"embeddable":true,"href":"https:\/\/cpar.ufms.br\/en\/wp-json\/wp\/v2\/pages\/13804"}],"wp:attachment":[{"href":"https:\/\/cpar.ufms.br\/en\/wp-json\/wp\/v2\/media?parent=13845"}],"wp:term":[{"taxonomy":"author","embeddable":true,"href":"https:\/\/cpar.ufms.br\/en\/wp-json\/wp\/v2\/coauthors?post=13845"}],"curies":[{"name":"wp","href":"https:\/\/api.w.org\/{rel}","templated":true}]}}