{"id":13852,"date":"2022-08-24T16:12:54","date_gmt":"2022-08-24T20:12:54","guid":{"rendered":"https:\/\/cpar.ufms.br\/?page_id=13852"},"modified":"2025-09-05T15:41:10","modified_gmt":"2025-09-05T19:41:10","slug":"acolhimento-psicologico-para-servidores-cpar-ufms","status":"publish","type":"page","link":"https:\/\/cpar.ufms.br\/en\/institucional\/servico-de-psicologia-para-servidores\/acolhimento-psicologico-para-servidores-cpar-ufms\/","title":{"rendered":"Acolhimento Psicol\u00f3gico para Servidores UFMS\/CPAR"},"content":{"rendered":"<p><em><strong>O que \u00e9?\u00a0<\/strong><\/em><em>Espa\u00e7o de acolhimento e orienta\u00e7\u00e3o pontual para servidores(as) do Campus de Parana\u00edba, <\/em>observando as disposi\u00e7\u00f5es da Pr\u00f3-Reitoria de Gest\u00e3o de Pessoas.<\/p>\n<p><em><strong>Objetivo:\u00a0<\/strong><\/em><em>Oferecer escuta qualificada, orienta\u00e7\u00e3o e\/ou suporte psicol\u00f3gico para os servidores, com o objetivo de preven\u00e7\u00e3o e promo\u00e7\u00e3o de sa\u00fade mental com foco nas rela\u00e7\u00f5es institucionais.<\/em><\/p>\n<p><em><strong>P\u00fablico-Alvo:\u00a0<\/strong><\/em><em>Servidores CPAR (Docentes e T\u00e9cnicos).<\/em><\/p>\n<p>&nbsp;<\/p>\n<p><em><strong>Observa\u00e7\u00e3o:<\/strong><\/em><em> Caso se verifique alguma restri\u00e7\u00e3o \u00e9tica no atendimento ao colega servidor devido ao v\u00ednculo estabelecido previamente com a respons\u00e1vel pelo Servi\u00e7o de Psicologia CPAR\/UFMS, o colega ser\u00e1 encaminhado para profissional de Psicologia da PROGEP\/UFMS, seguindo a normatiza\u00e7\u00e3o do C\u00f3digo de \u00c9tica Profissional do Psic\u00f3logo (Art. 1\u00ba, b, k; Art. 2\u00ba j, k).<\/em><\/p>\n<p style=\"text-align: justify\">Respons\u00e1vel: Psic\u00f3loga Lorannoelly Vargas Costa Paz. CRP-MS 14\/05371-9 (Mestre em Psicologia pela UFMS)<\/p>\n<p style=\"text-align: justify\"><strong>Local:<\/strong> <em>a sala do Servi\u00e7o de Psicologia CPAR fica no pr\u00e9dio do Servi\u00e7o-Escola de Psicologia CPAR\/UFMS<\/em><\/p>\n<p style=\"text-align: justify\"><em><strong>Contato:<\/strong><\/em><em> psicologia.cpar@ufms.br \/ Telefone: (67) 3669-0119 Ramal: 2119<\/em><\/p>\n<p style=\"text-align: justify\">Hor\u00e1rios de funcionamento:<\/p>\n<p><a href=\"https:\/\/cpar.ufms.br\/files\/2025\/08\/horario-Loran2.png\"><img decoding=\"async\" class=\"aligncenter size-full wp-image-16930\" src=\"https:\/\/cpar.ufms.br\/files\/2025\/08\/horario-Loran2.png\" alt=\"\" width=\"542\" height=\"77\" srcset=\"https:\/\/cpar.ufms.br\/files\/2025\/08\/horario-Loran2.png 542w, https:\/\/cpar.ufms.br\/files\/2025\/08\/horario-Loran2-300x43.png 300w\" sizes=\"(max-width: 542px) 100vw, 542px\" \/><\/a><\/p>\n","protected":false},"excerpt":{"rendered":"<p>O que \u00e9?\u00a0Espa\u00e7o de acolhimento e orienta\u00e7\u00e3o pontual para servidores(as) do Campus de Parana\u00edba, observando as disposi\u00e7\u00f5es da Pr\u00f3-Reitoria de Gest\u00e3o de Pessoas. Objetivo:\u00a0Oferecer escuta qualificada, orienta\u00e7\u00e3o e\/ou suporte psicol\u00f3gico para os servidores, com o objetivo de preven\u00e7\u00e3o e promo\u00e7\u00e3o de sa\u00fade mental com foco nas rela\u00e7\u00f5es institucionais. P\u00fablico-Alvo:\u00a0Servidores CPAR (Docentes e T\u00e9cnicos). &nbsp; Observa\u00e7\u00e3o: [&hellip;]<\/p>\n","protected":false},"author":1381,"featured_media":0,"parent":13750,"menu_order":0,"comment_status":"closed","ping_status":"closed","template":"","meta":{"footnotes":""},"coauthors":[372],"class_list":["post-13852","page","type-page","status-publish","hentry"],"yoast_head":"<!-- This site is optimized with the Yoast SEO plugin v26.2 - https:\/\/yoast.com\/wordpress\/plugins\/seo\/ -->\n<title>Acolhimento Psicol\u00f3gico para Servidores UFMS\/CPAR - CPAR - Campus de Parana\u00edba<\/title>\n<meta name=\"robots\" content=\"index, follow, max-snippet:-1, max-image-preview:large, max-video-preview:-1\" \/>\n<link rel=\"canonical\" href=\"https:\/\/cpar.ufms.br\/institucional\/servico-de-psicologia-para-servidores\/acolhimento-psicologico-para-servidores-cpar-ufms\/\" \/>\n<meta property=\"og:locale\" content=\"en_US\" \/>\n<meta property=\"og:type\" content=\"article\" \/>\n<meta property=\"og:title\" content=\"Acolhimento Psicol\u00f3gico para Servidores UFMS\/CPAR - CPAR - Campus de Parana\u00edba\" \/>\n<meta property=\"og:description\" content=\"O que \u00e9?\u00a0Espa\u00e7o de acolhimento e orienta\u00e7\u00e3o pontual para servidores(as) do Campus de Parana\u00edba, observando as disposi\u00e7\u00f5es da Pr\u00f3-Reitoria de Gest\u00e3o de Pessoas. Objetivo:\u00a0Oferecer escuta qualificada, orienta\u00e7\u00e3o e\/ou suporte psicol\u00f3gico para os servidores, com o objetivo de preven\u00e7\u00e3o e promo\u00e7\u00e3o de sa\u00fade mental com foco nas rela\u00e7\u00f5es institucionais. P\u00fablico-Alvo:\u00a0Servidores CPAR (Docentes e T\u00e9cnicos). &nbsp; Observa\u00e7\u00e3o: [&hellip;]\" \/>\n<meta property=\"og:url\" content=\"https:\/\/cpar.ufms.br\/institucional\/servico-de-psicologia-para-servidores\/acolhimento-psicologico-para-servidores-cpar-ufms\/\" \/>\n<meta property=\"og:site_name\" content=\"CPAR - Campus de Parana\u00edba\" \/>\n<meta property=\"article:modified_time\" content=\"2025-09-05T19:41:10+00:00\" \/>\n<meta name=\"twitter:label1\" content=\"Est. reading time\" \/>\n\t<meta name=\"twitter:data1\" content=\"1 minute\" \/>\n\t<meta name=\"twitter:label2\" content=\"Written by\" \/>\n\t<meta name=\"twitter:data2\" content=\"dirceu.matos\" \/>\n<script type=\"application\/ld+json\" class=\"yoast-schema-graph\">{\"@context\":\"https:\/\/schema.org\",\"@graph\":[{\"@type\":\"WebPage\",\"@id\":\"https:\/\/cpar.ufms.br\/institucional\/servico-de-psicologia-para-servidores\/acolhimento-psicologico-para-servidores-cpar-ufms\/\",\"url\":\"https:\/\/cpar.ufms.br\/institucional\/servico-de-psicologia-para-servidores\/acolhimento-psicologico-para-servidores-cpar-ufms\/\",\"name\":\"Acolhimento Psicol\u00f3gico para Servidores UFMS\/CPAR - CPAR - Campus de Parana\u00edba\",\"isPartOf\":{\"@id\":\"https:\/\/cpar.ufms.br\/#website\"},\"primaryImageOfPage\":{\"@id\":\"https:\/\/cpar.ufms.br\/institucional\/servico-de-psicologia-para-servidores\/acolhimento-psicologico-para-servidores-cpar-ufms\/#primaryimage\"},\"image\":{\"@id\":\"https:\/\/cpar.ufms.br\/institucional\/servico-de-psicologia-para-servidores\/acolhimento-psicologico-para-servidores-cpar-ufms\/#primaryimage\"},\"thumbnailUrl\":\"https:\/\/cpar.ufms.br\/files\/2025\/08\/horario-Loran2.png\",\"datePublished\":\"2022-08-24T20:12:54+00:00\",\"dateModified\":\"2025-09-05T19:41:10+00:00\",\"breadcrumb\":{\"@id\":\"https:\/\/cpar.ufms.br\/institucional\/servico-de-psicologia-para-servidores\/acolhimento-psicologico-para-servidores-cpar-ufms\/#breadcrumb\"},\"inLanguage\":\"en-US\",\"potentialAction\":[{\"@type\":\"ReadAction\",\"target\":[\"https:\/\/cpar.ufms.br\/institucional\/servico-de-psicologia-para-servidores\/acolhimento-psicologico-para-servidores-cpar-ufms\/\"]}]},{\"@type\":\"ImageObject\",\"inLanguage\":\"en-US\",\"@id\":\"https:\/\/cpar.ufms.br\/institucional\/servico-de-psicologia-para-servidores\/acolhimento-psicologico-para-servidores-cpar-ufms\/#primaryimage\",\"url\":\"https:\/\/cpar.ufms.br\/files\/2025\/08\/horario-Loran2.png\",\"contentUrl\":\"https:\/\/cpar.ufms.br\/files\/2025\/08\/horario-Loran2.png\"},{\"@type\":\"BreadcrumbList\",\"@id\":\"https:\/\/cpar.ufms.br\/institucional\/servico-de-psicologia-para-servidores\/acolhimento-psicologico-para-servidores-cpar-ufms\/#breadcrumb\",\"itemListElement\":[{\"@type\":\"ListItem\",\"position\":1,\"name\":\"In\u00edcio\",\"item\":\"https:\/\/cpar.ufms.br\/\"},{\"@type\":\"ListItem\",\"position\":2,\"name\":\"Institucional\",\"item\":\"https:\/\/cpar.ufms.br\/institucional\/\"},{\"@type\":\"ListItem\",\"position\":3,\"name\":\"Servi\u00e7o de Psicologia UFMS\/CPAR &#8211; Servidores\",\"item\":\"https:\/\/cpar.ufms.br\/institucional\/servico-de-psicologia-para-servidores\/\"},{\"@type\":\"ListItem\",\"position\":4,\"name\":\"Acolhimento Psicol\u00f3gico para Servidores UFMS\/CPAR\"}]},{\"@type\":\"WebSite\",\"@id\":\"https:\/\/cpar.ufms.br\/#website\",\"url\":\"https:\/\/cpar.ufms.br\/\",\"name\":\"CPAR - Campus de Parana\u00edba\",\"description\":\"Universidade Federal de Mato Grosso do Sul\",\"potentialAction\":[{\"@type\":\"SearchAction\",\"target\":{\"@type\":\"EntryPoint\",\"urlTemplate\":\"https:\/\/cpar.ufms.br\/?s={search_term_string}\"},\"query-input\":{\"@type\":\"PropertyValueSpecification\",\"valueRequired\":true,\"valueName\":\"search_term_string\"}}],\"inLanguage\":\"en-US\"}]}<\/script>\n<!-- \/ Yoast SEO plugin. -->","yoast_head_json":{"title":"Acolhimento Psicol\u00f3gico para Servidores UFMS\/CPAR - CPAR - Campus de Parana\u00edba","robots":{"index":"index","follow":"follow","max-snippet":"max-snippet:-1","max-image-preview":"max-image-preview:large","max-video-preview":"max-video-preview:-1"},"canonical":"https:\/\/cpar.ufms.br\/institucional\/servico-de-psicologia-para-servidores\/acolhimento-psicologico-para-servidores-cpar-ufms\/","og_locale":"en_US","og_type":"article","og_title":"Acolhimento Psicol\u00f3gico para Servidores UFMS\/CPAR - CPAR - Campus de Parana\u00edba","og_description":"O que \u00e9?\u00a0Espa\u00e7o de acolhimento e orienta\u00e7\u00e3o pontual para servidores(as) do Campus de Parana\u00edba, observando as disposi\u00e7\u00f5es da Pr\u00f3-Reitoria de Gest\u00e3o de Pessoas. Objetivo:\u00a0Oferecer escuta qualificada, orienta\u00e7\u00e3o e\/ou suporte psicol\u00f3gico para os servidores, com o objetivo de preven\u00e7\u00e3o e promo\u00e7\u00e3o de sa\u00fade mental com foco nas rela\u00e7\u00f5es institucionais. P\u00fablico-Alvo:\u00a0Servidores CPAR (Docentes e T\u00e9cnicos). &nbsp; Observa\u00e7\u00e3o: [&hellip;]","og_url":"https:\/\/cpar.ufms.br\/institucional\/servico-de-psicologia-para-servidores\/acolhimento-psicologico-para-servidores-cpar-ufms\/","og_site_name":"CPAR - Campus de Parana\u00edba","article_modified_time":"2025-09-05T19:41:10+00:00","twitter_misc":{"Est. reading time":"1 minute","Written by":"dirceu.matos"},"schema":{"@context":"https:\/\/schema.org","@graph":[{"@type":"WebPage","@id":"https:\/\/cpar.ufms.br\/institucional\/servico-de-psicologia-para-servidores\/acolhimento-psicologico-para-servidores-cpar-ufms\/","url":"https:\/\/cpar.ufms.br\/institucional\/servico-de-psicologia-para-servidores\/acolhimento-psicologico-para-servidores-cpar-ufms\/","name":"Acolhimento Psicol\u00f3gico para Servidores UFMS\/CPAR - CPAR - Campus de Parana\u00edba","isPartOf":{"@id":"https:\/\/cpar.ufms.br\/#website"},"primaryImageOfPage":{"@id":"https:\/\/cpar.ufms.br\/institucional\/servico-de-psicologia-para-servidores\/acolhimento-psicologico-para-servidores-cpar-ufms\/#primaryimage"},"image":{"@id":"https:\/\/cpar.ufms.br\/institucional\/servico-de-psicologia-para-servidores\/acolhimento-psicologico-para-servidores-cpar-ufms\/#primaryimage"},"thumbnailUrl":"https:\/\/cpar.ufms.br\/files\/2025\/08\/horario-Loran2.png","datePublished":"2022-08-24T20:12:54+00:00","dateModified":"2025-09-05T19:41:10+00:00","breadcrumb":{"@id":"https:\/\/cpar.ufms.br\/institucional\/servico-de-psicologia-para-servidores\/acolhimento-psicologico-para-servidores-cpar-ufms\/#breadcrumb"},"inLanguage":"en-US","potentialAction":[{"@type":"ReadAction","target":["https:\/\/cpar.ufms.br\/institucional\/servico-de-psicologia-para-servidores\/acolhimento-psicologico-para-servidores-cpar-ufms\/"]}]},{"@type":"ImageObject","inLanguage":"en-US","@id":"https:\/\/cpar.ufms.br\/institucional\/servico-de-psicologia-para-servidores\/acolhimento-psicologico-para-servidores-cpar-ufms\/#primaryimage","url":"https:\/\/cpar.ufms.br\/files\/2025\/08\/horario-Loran2.png","contentUrl":"https:\/\/cpar.ufms.br\/files\/2025\/08\/horario-Loran2.png"},{"@type":"BreadcrumbList","@id":"https:\/\/cpar.ufms.br\/institucional\/servico-de-psicologia-para-servidores\/acolhimento-psicologico-para-servidores-cpar-ufms\/#breadcrumb","itemListElement":[{"@type":"ListItem","position":1,"name":"In\u00edcio","item":"https:\/\/cpar.ufms.br\/"},{"@type":"ListItem","position":2,"name":"Institucional","item":"https:\/\/cpar.ufms.br\/institucional\/"},{"@type":"ListItem","position":3,"name":"Servi\u00e7o de Psicologia UFMS\/CPAR &#8211; Servidores","item":"https:\/\/cpar.ufms.br\/institucional\/servico-de-psicologia-para-servidores\/"},{"@type":"ListItem","position":4,"name":"Acolhimento Psicol\u00f3gico para Servidores UFMS\/CPAR"}]},{"@type":"WebSite","@id":"https:\/\/cpar.ufms.br\/#website","url":"https:\/\/cpar.ufms.br\/","name":"CPAR - Campus de Parana\u00edba","description":"Universidade Federal de Mato Grosso do Sul","potentialAction":[{"@type":"SearchAction","target":{"@type":"EntryPoint","urlTemplate":"https:\/\/cpar.ufms.br\/?s={search_term_string}"},"query-input":{"@type":"PropertyValueSpecification","valueRequired":true,"valueName":"search_term_string"}}],"inLanguage":"en-US"}]}},"_links":{"self":[{"href":"https:\/\/cpar.ufms.br\/en\/wp-json\/wp\/v2\/pages\/13852","targetHints":{"allow":["GET"]}}],"collection":[{"href":"https:\/\/cpar.ufms.br\/en\/wp-json\/wp\/v2\/pages"}],"about":[{"href":"https:\/\/cpar.ufms.br\/en\/wp-json\/wp\/v2\/types\/page"}],"author":[{"embeddable":true,"href":"https:\/\/cpar.ufms.br\/en\/wp-json\/wp\/v2\/users\/1381"}],"replies":[{"embeddable":true,"href":"https:\/\/cpar.ufms.br\/en\/wp-json\/wp\/v2\/comments?post=13852"}],"version-history":[{"count":8,"href":"https:\/\/cpar.ufms.br\/en\/wp-json\/wp\/v2\/pages\/13852\/revisions"}],"predecessor-version":[{"id":16982,"href":"https:\/\/cpar.ufms.br\/en\/wp-json\/wp\/v2\/pages\/13852\/revisions\/16982"}],"up":[{"embeddable":true,"href":"https:\/\/cpar.ufms.br\/en\/wp-json\/wp\/v2\/pages\/13750"}],"wp:attachment":[{"href":"https:\/\/cpar.ufms.br\/en\/wp-json\/wp\/v2\/media?parent=13852"}],"wp:term":[{"taxonomy":"author","embeddable":true,"href":"https:\/\/cpar.ufms.br\/en\/wp-json\/wp\/v2\/coauthors?post=13852"}],"curies":[{"name":"wp","href":"https:\/\/api.w.org\/{rel}","templated":true}]}}