{"id":14809,"date":"2023-04-28T14:42:42","date_gmt":"2023-04-28T18:42:42","guid":{"rendered":"https:\/\/cpar.ufms.br\/?page_id=14809"},"modified":"2025-12-11T16:35:15","modified_gmt":"2025-12-11T20:35:15","slug":"ppc-do-curso-de-administracao","status":"publish","type":"page","link":"https:\/\/cpar.ufms.br\/en\/graduacao\/administracao\/ppc-do-curso-de-administracao\/","title":{"rendered":"PPC do Curso de Administra\u00e7\u00e3o"},"content":{"rendered":"<p><strong><span style=\"color: #008000\">VIGENTE<\/span><br \/>\n<\/strong><\/p>\n<p><strong><a href=\"https:\/\/boletimoficial.ufms.br\/bse\/publicacao?id=582184\">Resolu\u00e7\u00e3o 1.321-COGRAD\/UFMS\/2025 <\/a><\/strong><a href=\"https:\/\/cpar.ufms.br\/files\/2022\/11\/PPC-Adm-a-partir-de-2023.1-RESOLUCAO-COGRAD-n-639-de-25-11-2022.pdf\">&#8211;\u00a0 <\/a>Altera a Resolu\u00e7\u00e3o n\u00ba 639, de 25 de novembro de 2022, que aprova o Projeto Pedag\u00f3gico do Curso de Administra\u00e7\u00e3o \u2013 Bacharelado do C\u00e2mpus de Parana\u00edba.<\/p>\n<p><strong><a href=\"https:\/\/cpar.ufms.br\/files\/2022\/11\/PPC-Adm-a-partir-de-2023.1-RESOLUCAO-COGRAD-n-639-de-25-11-2022.pdf\">Resolu\u00e7\u00e3o 639-COGRAD\/UFMS\/2022 <\/a>&#8211; <\/strong>Aprova o Projeto Pedag\u00f3gico do Curso de Administra\u00e7\u00e3o \u2013 Bacharelado, do C\u00e2mpus de Parana\u00edba.<\/p>\n<p>&nbsp;<\/p>\n<p><strong><span style=\"color: #ff0000\">ANTERIORES<\/span><br \/>\n<\/strong><\/p>\n<p><strong><a href=\"https:\/\/cpar.ufms.br\/files\/2019\/07\/PPC-2019-ADM.pdf\">Projeto Pedag\u00f3gico a partir de 2019<\/a><\/strong><\/p>\n<p><strong><a href=\"https:\/\/cpar.ufms.br\/files\/2018\/02\/Projeto_ADM_CPAR-2014.pdf\">Projeto Pedag\u00f3gico v\u00e1lido at\u00e9 2018<\/a><\/strong><\/p>\n<p>&nbsp;<\/p>\n<p>&nbsp;<\/p>\n","protected":false},"excerpt":{"rendered":"<p>VIGENTE Resolu\u00e7\u00e3o 1.321-COGRAD\/UFMS\/2025 &#8211;\u00a0 Altera a Resolu\u00e7\u00e3o n\u00ba 639, de 25 de novembro de 2022, que aprova o Projeto Pedag\u00f3gico do Curso de Administra\u00e7\u00e3o \u2013 Bacharelado do C\u00e2mpus de Parana\u00edba. Resolu\u00e7\u00e3o 639-COGRAD\/UFMS\/2022 &#8211; Aprova o Projeto Pedag\u00f3gico do Curso de Administra\u00e7\u00e3o \u2013 Bacharelado, do C\u00e2mpus de Parana\u00edba. &nbsp; ANTERIORES Projeto Pedag\u00f3gico a partir de 2019 [&hellip;]<\/p>\n","protected":false},"author":1381,"featured_media":0,"parent":83,"menu_order":0,"comment_status":"closed","ping_status":"closed","template":"","meta":{"footnotes":""},"coauthors":[372],"class_list":["post-14809","page","type-page","status-publish","hentry"],"yoast_head":"<!-- This site is optimized with the Yoast SEO plugin v26.2 - https:\/\/yoast.com\/wordpress\/plugins\/seo\/ -->\n<title>PPC do Curso de Administra\u00e7\u00e3o - CPAR - Campus de Parana\u00edba<\/title>\n<meta name=\"robots\" content=\"index, follow, max-snippet:-1, max-image-preview:large, max-video-preview:-1\" \/>\n<link rel=\"canonical\" href=\"https:\/\/cpar.ufms.br\/graduacao\/administracao\/ppc-do-curso-de-administracao\/\" \/>\n<meta property=\"og:locale\" content=\"en_US\" \/>\n<meta property=\"og:type\" content=\"article\" \/>\n<meta property=\"og:title\" content=\"PPC do Curso de Administra\u00e7\u00e3o - CPAR - Campus de Parana\u00edba\" \/>\n<meta property=\"og:description\" content=\"VIGENTE Resolu\u00e7\u00e3o 1.321-COGRAD\/UFMS\/2025 &#8211;\u00a0 Altera a Resolu\u00e7\u00e3o n\u00ba 639, de 25 de novembro de 2022, que aprova o Projeto Pedag\u00f3gico do Curso de Administra\u00e7\u00e3o \u2013 Bacharelado do C\u00e2mpus de Parana\u00edba. Resolu\u00e7\u00e3o 639-COGRAD\/UFMS\/2022 &#8211; Aprova o Projeto Pedag\u00f3gico do Curso de Administra\u00e7\u00e3o \u2013 Bacharelado, do C\u00e2mpus de Parana\u00edba. &nbsp; ANTERIORES Projeto Pedag\u00f3gico a partir de 2019 [&hellip;]\" \/>\n<meta property=\"og:url\" content=\"https:\/\/cpar.ufms.br\/graduacao\/administracao\/ppc-do-curso-de-administracao\/\" \/>\n<meta property=\"og:site_name\" content=\"CPAR - Campus de Parana\u00edba\" \/>\n<meta property=\"article:modified_time\" content=\"2025-12-11T20:35:15+00:00\" \/>\n<meta name=\"twitter:label1\" content=\"Est. reading time\" \/>\n\t<meta name=\"twitter:data1\" content=\"1 minute\" \/>\n\t<meta name=\"twitter:label2\" content=\"Written by\" \/>\n\t<meta name=\"twitter:data2\" content=\"dirceu.matos\" \/>\n<script type=\"application\/ld+json\" class=\"yoast-schema-graph\">{\"@context\":\"https:\/\/schema.org\",\"@graph\":[{\"@type\":\"WebPage\",\"@id\":\"https:\/\/cpar.ufms.br\/graduacao\/administracao\/ppc-do-curso-de-administracao\/\",\"url\":\"https:\/\/cpar.ufms.br\/graduacao\/administracao\/ppc-do-curso-de-administracao\/\",\"name\":\"PPC do Curso de Administra\u00e7\u00e3o - CPAR - Campus de Parana\u00edba\",\"isPartOf\":{\"@id\":\"https:\/\/cpar.ufms.br\/#website\"},\"datePublished\":\"2023-04-28T18:42:42+00:00\",\"dateModified\":\"2025-12-11T20:35:15+00:00\",\"breadcrumb\":{\"@id\":\"https:\/\/cpar.ufms.br\/graduacao\/administracao\/ppc-do-curso-de-administracao\/#breadcrumb\"},\"inLanguage\":\"en-US\",\"potentialAction\":[{\"@type\":\"ReadAction\",\"target\":[\"https:\/\/cpar.ufms.br\/graduacao\/administracao\/ppc-do-curso-de-administracao\/\"]}]},{\"@type\":\"BreadcrumbList\",\"@id\":\"https:\/\/cpar.ufms.br\/graduacao\/administracao\/ppc-do-curso-de-administracao\/#breadcrumb\",\"itemListElement\":[{\"@type\":\"ListItem\",\"position\":1,\"name\":\"In\u00edcio\",\"item\":\"https:\/\/cpar.ufms.br\/\"},{\"@type\":\"ListItem\",\"position\":2,\"name\":\"Gradua\u00e7\u00e3o\",\"item\":\"https:\/\/cpar.ufms.br\/graduacao\/\"},{\"@type\":\"ListItem\",\"position\":3,\"name\":\"Administra\u00e7\u00e3o\",\"item\":\"https:\/\/cpar.ufms.br\/graduacao\/administracao\/\"},{\"@type\":\"ListItem\",\"position\":4,\"name\":\"PPC do Curso de Administra\u00e7\u00e3o\"}]},{\"@type\":\"WebSite\",\"@id\":\"https:\/\/cpar.ufms.br\/#website\",\"url\":\"https:\/\/cpar.ufms.br\/\",\"name\":\"CPAR - Campus de Parana\u00edba\",\"description\":\"Universidade Federal de Mato Grosso do Sul\",\"potentialAction\":[{\"@type\":\"SearchAction\",\"target\":{\"@type\":\"EntryPoint\",\"urlTemplate\":\"https:\/\/cpar.ufms.br\/?s={search_term_string}\"},\"query-input\":{\"@type\":\"PropertyValueSpecification\",\"valueRequired\":true,\"valueName\":\"search_term_string\"}}],\"inLanguage\":\"en-US\"}]}<\/script>\n<!-- \/ Yoast SEO plugin. -->","yoast_head_json":{"title":"PPC do Curso de Administra\u00e7\u00e3o - CPAR - Campus de Parana\u00edba","robots":{"index":"index","follow":"follow","max-snippet":"max-snippet:-1","max-image-preview":"max-image-preview:large","max-video-preview":"max-video-preview:-1"},"canonical":"https:\/\/cpar.ufms.br\/graduacao\/administracao\/ppc-do-curso-de-administracao\/","og_locale":"en_US","og_type":"article","og_title":"PPC do Curso de Administra\u00e7\u00e3o - CPAR - Campus de Parana\u00edba","og_description":"VIGENTE Resolu\u00e7\u00e3o 1.321-COGRAD\/UFMS\/2025 &#8211;\u00a0 Altera a Resolu\u00e7\u00e3o n\u00ba 639, de 25 de novembro de 2022, que aprova o Projeto Pedag\u00f3gico do Curso de Administra\u00e7\u00e3o \u2013 Bacharelado do C\u00e2mpus de Parana\u00edba. Resolu\u00e7\u00e3o 639-COGRAD\/UFMS\/2022 &#8211; Aprova o Projeto Pedag\u00f3gico do Curso de Administra\u00e7\u00e3o \u2013 Bacharelado, do C\u00e2mpus de Parana\u00edba. &nbsp; ANTERIORES Projeto Pedag\u00f3gico a partir de 2019 [&hellip;]","og_url":"https:\/\/cpar.ufms.br\/graduacao\/administracao\/ppc-do-curso-de-administracao\/","og_site_name":"CPAR - Campus de Parana\u00edba","article_modified_time":"2025-12-11T20:35:15+00:00","twitter_misc":{"Est. reading time":"1 minute","Written by":"dirceu.matos"},"schema":{"@context":"https:\/\/schema.org","@graph":[{"@type":"WebPage","@id":"https:\/\/cpar.ufms.br\/graduacao\/administracao\/ppc-do-curso-de-administracao\/","url":"https:\/\/cpar.ufms.br\/graduacao\/administracao\/ppc-do-curso-de-administracao\/","name":"PPC do Curso de Administra\u00e7\u00e3o - CPAR - Campus de Parana\u00edba","isPartOf":{"@id":"https:\/\/cpar.ufms.br\/#website"},"datePublished":"2023-04-28T18:42:42+00:00","dateModified":"2025-12-11T20:35:15+00:00","breadcrumb":{"@id":"https:\/\/cpar.ufms.br\/graduacao\/administracao\/ppc-do-curso-de-administracao\/#breadcrumb"},"inLanguage":"en-US","potentialAction":[{"@type":"ReadAction","target":["https:\/\/cpar.ufms.br\/graduacao\/administracao\/ppc-do-curso-de-administracao\/"]}]},{"@type":"BreadcrumbList","@id":"https:\/\/cpar.ufms.br\/graduacao\/administracao\/ppc-do-curso-de-administracao\/#breadcrumb","itemListElement":[{"@type":"ListItem","position":1,"name":"In\u00edcio","item":"https:\/\/cpar.ufms.br\/"},{"@type":"ListItem","position":2,"name":"Gradua\u00e7\u00e3o","item":"https:\/\/cpar.ufms.br\/graduacao\/"},{"@type":"ListItem","position":3,"name":"Administra\u00e7\u00e3o","item":"https:\/\/cpar.ufms.br\/graduacao\/administracao\/"},{"@type":"ListItem","position":4,"name":"PPC do Curso de Administra\u00e7\u00e3o"}]},{"@type":"WebSite","@id":"https:\/\/cpar.ufms.br\/#website","url":"https:\/\/cpar.ufms.br\/","name":"CPAR - Campus de Parana\u00edba","description":"Universidade Federal de Mato Grosso do Sul","potentialAction":[{"@type":"SearchAction","target":{"@type":"EntryPoint","urlTemplate":"https:\/\/cpar.ufms.br\/?s={search_term_string}"},"query-input":{"@type":"PropertyValueSpecification","valueRequired":true,"valueName":"search_term_string"}}],"inLanguage":"en-US"}]}},"_links":{"self":[{"href":"https:\/\/cpar.ufms.br\/en\/wp-json\/wp\/v2\/pages\/14809","targetHints":{"allow":["GET"]}}],"collection":[{"href":"https:\/\/cpar.ufms.br\/en\/wp-json\/wp\/v2\/pages"}],"about":[{"href":"https:\/\/cpar.ufms.br\/en\/wp-json\/wp\/v2\/types\/page"}],"author":[{"embeddable":true,"href":"https:\/\/cpar.ufms.br\/en\/wp-json\/wp\/v2\/users\/1381"}],"replies":[{"embeddable":true,"href":"https:\/\/cpar.ufms.br\/en\/wp-json\/wp\/v2\/comments?post=14809"}],"version-history":[{"count":4,"href":"https:\/\/cpar.ufms.br\/en\/wp-json\/wp\/v2\/pages\/14809\/revisions"}],"predecessor-version":[{"id":17245,"href":"https:\/\/cpar.ufms.br\/en\/wp-json\/wp\/v2\/pages\/14809\/revisions\/17245"}],"up":[{"embeddable":true,"href":"https:\/\/cpar.ufms.br\/en\/wp-json\/wp\/v2\/pages\/83"}],"wp:attachment":[{"href":"https:\/\/cpar.ufms.br\/en\/wp-json\/wp\/v2\/media?parent=14809"}],"wp:term":[{"taxonomy":"author","embeddable":true,"href":"https:\/\/cpar.ufms.br\/en\/wp-json\/wp\/v2\/coauthors?post=14809"}],"curies":[{"name":"wp","href":"https:\/\/api.w.org\/{rel}","templated":true}]}}