{"id":14854,"date":"2023-05-05T21:57:21","date_gmt":"2023-05-06T01:57:21","guid":{"rendered":"https:\/\/cpar.ufms.br\/?page_id=14854"},"modified":"2025-08-26T13:31:32","modified_gmt":"2025-08-26T17:31:32","slug":"projetos-de-pesquisa-medicina-veterinaria","status":"publish","type":"page","link":"https:\/\/cpar.ufms.br\/en\/graduacao\/medicina-veterinaria\/projetos-de-pesquisa-medicina-veterinaria\/","title":{"rendered":"Projetos de Pesquisa &#8211; Medicina Veterin\u00e1ria"},"content":{"rendered":"<p><strong>Prof\u00aa Dr\u00aa Anah\u00ed Souto Vieira<\/strong><\/p>\n<p>Impacto da mudan\u00e7a ambiental na preval\u00eancia de doen\u00e7as infecciosas em bovinos na regi\u00e3o do Bols\u00e3o Sul-Mato-Grossense.<\/p>\n<p>&nbsp;<\/p>\n<p><strong>Prof\u00aa Dra. Ana Izabel Passarella Teixeira <\/strong><\/p>\n<p style=\"text-align: justify\"><strong>Inqu\u00e9rito soroepidemiol\u00f3gico de leishmaniose visceral canina no munic\u00edpio de Parana\u00edba, MS<\/strong><\/p>\n<p style=\"text-align: justify\">A leishmaniose visceral (LV) \u00e9 uma doen\u00e7a potencialmente fatal, de dif\u00edcil tratamento e extremamente onerosa para o sistema p\u00fablico de sa\u00fade. O c\u00e3o \u00e9 a principal esp\u00e9cie parasitada pelo protozo\u00e1rio Leishmania sp. e pode ser utilizado como sentinela para os casos em humanos. A presen\u00e7a de muitos c\u00e3es doentes mostra que existe o vetor e o protozo\u00e1rio na regi\u00e3o. Logo conhecer o quadro epidemiol\u00f3gico da LV em c\u00e3es em determinada regi\u00e3o\/cidade auxilia na forma\u00e7\u00e3o de estrat\u00e9gias de controle da doen\u00e7a podendo assim diminuir os casos nos animais e no homem. Logo o objetivo com esse projeto ser\u00e1 de realizar um levantamento epidemiol\u00f3gico de LV canina no munic\u00edpio de Parana\u00edba- MS. Para isso ser\u00e3o coletadas amostras de sangue de 298 c\u00e3es domiciliados com idade superior a 6 meses de ambos os sexos e sem distin\u00e7\u00e3o de ra\u00e7a no munic\u00edpio. As amostras de sangue ser\u00e3o realizadas por pun\u00e7\u00e3o da veia jugular ou cef\u00e1lica. As amostras ser\u00e3o utilizadas para realiza\u00e7\u00e3o de teste r\u00e1pido (TRDPP) com confirma\u00e7\u00e3o dos casos positivos pela t\u00e9cnica de ELISA. Posteriormente ser\u00e1 calculado a preval\u00eancia da doen\u00e7a na cidade.<\/p>\n<p>&nbsp;<\/p>\n<p><strong>Avalia\u00e7\u00e3o da situa\u00e7\u00e3o vacinal dos alunos da comunidade acad\u00eamica CPAR\/UFMS<\/strong><\/p>\n<div>O Brasil \u00e9 l\u00edder global em vacina\u00e7\u00e3o, com 300 milh\u00f5es de doses dispon\u00edveis anualmente para combater 19 doen\u00e7as por meio do Programa Nacional de Imuniza\u00e7\u00f5es (PNI). Apesar da import\u00e2ncia da vacina\u00e7\u00e3o na comunidade cient\u00edfica, uma percentagem crescente de pessoas acredita que \u00e9 perigosa e desnecess\u00e1ria. O termo \u201chesita\u00e7\u00e3o em rela\u00e7\u00e3o \u00e0 vacina\u00e7\u00e3o\u201d refere-se aos v\u00e1rios n\u00edveis de hesita\u00e7\u00e3o em rela\u00e7\u00e3o a vacinas e imuniza\u00e7\u00e3o espec\u00edficas, que t\u00eam recebido maior aten\u00e7\u00e3o. As universidades desempenham um papel crucial na difus\u00e3o do conhecimento cient\u00edfico sobre sa\u00fade coletiva, que pode ser aplicado em futuras pr\u00e1ticas profissionais. Portanto, \u00e9 de extrema import\u00e2ncia conhecer o status vacinal dos estudantes universit\u00e1rios e suas cren\u00e7as a respeito das vacinas.<\/div>\n<div><\/div>\n<div><\/div>\n<div><strong>Prof\u00aa Dra. Adriana Caroprezo Morini<\/strong><\/div>\n<div><\/div>\n<div>\n<div><strong>Desenvolvimento e valida\u00e7\u00e3o de modelos esquel\u00e9ticos 3D de fauna silvestre a partir de pe\u00e7as naturais para fins did\u00e1ticos e de conserva\u00e7\u00e3o<\/strong><\/div>\n<div><\/div>\n<div>Este projeto prop\u00f5e o desenvolvimento de um protocolo otimizado para a cria\u00e7\u00e3o de modelos esquel\u00e9ticos tridimensionais (3D) de animais da fauna silvestre, a partir do escaneamento de pe\u00e7as anat\u00f4micas naturais. O objetivo principal \u00e9 validar a fidelidade morfom\u00e9trica desses modelos impressos em 3D em compara\u00e7\u00e3o com os esqueletos reais, al\u00e9m de avaliar seu potencial como ferramenta did\u00e1tica no ensino da Anatomia Veterin\u00e1ria e como recurso para pesquisa e conserva\u00e7\u00e3o de esp\u00e9cies silvestres. A pesquisa busca contribuir para a democratiza\u00e7\u00e3o do acesso a esses materiais valiosos, minimizando a necessidade de manipula\u00e7\u00e3o de esp\u00e9cimes reais de alto valor biol\u00f3gico e conservacionista.<\/div>\n<\/div>\n<div><\/div>\n","protected":false},"excerpt":{"rendered":"<p>Prof\u00aa Dr\u00aa Anah\u00ed Souto Vieira Impacto da mudan\u00e7a ambiental na preval\u00eancia de doen\u00e7as infecciosas em bovinos na regi\u00e3o do Bols\u00e3o Sul-Mato-Grossense. &nbsp; Prof\u00aa Dra. Ana Izabel Passarella Teixeira Inqu\u00e9rito soroepidemiol\u00f3gico de leishmaniose visceral canina no munic\u00edpio de Parana\u00edba, MS A leishmaniose visceral (LV) \u00e9 uma doen\u00e7a potencialmente fatal, de dif\u00edcil tratamento e extremamente onerosa para [&hellip;]<\/p>\n","protected":false},"author":1381,"featured_media":0,"parent":13614,"menu_order":0,"comment_status":"closed","ping_status":"closed","template":"page-templates\/page-coordenadorias.php","meta":{"footnotes":""},"coauthors":[372],"class_list":["post-14854","page","type-page","status-publish","hentry"],"yoast_head":"<!-- This site is optimized with the Yoast SEO plugin v26.2 - https:\/\/yoast.com\/wordpress\/plugins\/seo\/ -->\n<title>Projetos de Pesquisa - Medicina Veterin\u00e1ria - CPAR - Campus de Parana\u00edba<\/title>\n<meta name=\"robots\" content=\"index, follow, max-snippet:-1, max-image-preview:large, max-video-preview:-1\" \/>\n<link rel=\"canonical\" href=\"https:\/\/cpar.ufms.br\/graduacao\/medicina-veterinaria\/projetos-de-pesquisa-medicina-veterinaria\/\" \/>\n<meta property=\"og:locale\" content=\"en_US\" \/>\n<meta property=\"og:type\" content=\"article\" \/>\n<meta property=\"og:title\" content=\"Projetos de Pesquisa - Medicina Veterin\u00e1ria - CPAR - Campus de Parana\u00edba\" \/>\n<meta property=\"og:description\" content=\"Prof\u00aa Dr\u00aa Anah\u00ed Souto Vieira Impacto da mudan\u00e7a ambiental na preval\u00eancia de doen\u00e7as infecciosas em bovinos na regi\u00e3o do Bols\u00e3o Sul-Mato-Grossense. &nbsp; Prof\u00aa Dra. Ana Izabel Passarella Teixeira Inqu\u00e9rito soroepidemiol\u00f3gico de leishmaniose visceral canina no munic\u00edpio de Parana\u00edba, MS A leishmaniose visceral (LV) \u00e9 uma doen\u00e7a potencialmente fatal, de dif\u00edcil tratamento e extremamente onerosa para [&hellip;]\" \/>\n<meta property=\"og:url\" content=\"https:\/\/cpar.ufms.br\/graduacao\/medicina-veterinaria\/projetos-de-pesquisa-medicina-veterinaria\/\" \/>\n<meta property=\"og:site_name\" content=\"CPAR - Campus de Parana\u00edba\" \/>\n<meta property=\"article:modified_time\" content=\"2025-08-26T17:31:32+00:00\" \/>\n<meta name=\"twitter:label1\" content=\"Est. reading time\" \/>\n\t<meta name=\"twitter:data1\" content=\"2 minutes\" \/>\n\t<meta name=\"twitter:label2\" content=\"Written by\" \/>\n\t<meta name=\"twitter:data2\" content=\"dirceu.matos\" \/>\n<script type=\"application\/ld+json\" class=\"yoast-schema-graph\">{\"@context\":\"https:\/\/schema.org\",\"@graph\":[{\"@type\":\"WebPage\",\"@id\":\"https:\/\/cpar.ufms.br\/graduacao\/medicina-veterinaria\/projetos-de-pesquisa-medicina-veterinaria\/\",\"url\":\"https:\/\/cpar.ufms.br\/graduacao\/medicina-veterinaria\/projetos-de-pesquisa-medicina-veterinaria\/\",\"name\":\"Projetos de Pesquisa - Medicina Veterin\u00e1ria - CPAR - Campus de Parana\u00edba\",\"isPartOf\":{\"@id\":\"https:\/\/cpar.ufms.br\/#website\"},\"datePublished\":\"2023-05-06T01:57:21+00:00\",\"dateModified\":\"2025-08-26T17:31:32+00:00\",\"breadcrumb\":{\"@id\":\"https:\/\/cpar.ufms.br\/graduacao\/medicina-veterinaria\/projetos-de-pesquisa-medicina-veterinaria\/#breadcrumb\"},\"inLanguage\":\"en-US\",\"potentialAction\":[{\"@type\":\"ReadAction\",\"target\":[\"https:\/\/cpar.ufms.br\/graduacao\/medicina-veterinaria\/projetos-de-pesquisa-medicina-veterinaria\/\"]}]},{\"@type\":\"BreadcrumbList\",\"@id\":\"https:\/\/cpar.ufms.br\/graduacao\/medicina-veterinaria\/projetos-de-pesquisa-medicina-veterinaria\/#breadcrumb\",\"itemListElement\":[{\"@type\":\"ListItem\",\"position\":1,\"name\":\"In\u00edcio\",\"item\":\"https:\/\/cpar.ufms.br\/\"},{\"@type\":\"ListItem\",\"position\":2,\"name\":\"Gradua\u00e7\u00e3o\",\"item\":\"https:\/\/cpar.ufms.br\/graduacao\/\"},{\"@type\":\"ListItem\",\"position\":3,\"name\":\"Medicina Veterin\u00e1ria\",\"item\":\"https:\/\/cpar.ufms.br\/graduacao\/medicina-veterinaria\/\"},{\"@type\":\"ListItem\",\"position\":4,\"name\":\"Projetos de Pesquisa &#8211; Medicina Veterin\u00e1ria\"}]},{\"@type\":\"WebSite\",\"@id\":\"https:\/\/cpar.ufms.br\/#website\",\"url\":\"https:\/\/cpar.ufms.br\/\",\"name\":\"CPAR - Campus de Parana\u00edba\",\"description\":\"Universidade Federal de Mato Grosso do Sul\",\"potentialAction\":[{\"@type\":\"SearchAction\",\"target\":{\"@type\":\"EntryPoint\",\"urlTemplate\":\"https:\/\/cpar.ufms.br\/?s={search_term_string}\"},\"query-input\":{\"@type\":\"PropertyValueSpecification\",\"valueRequired\":true,\"valueName\":\"search_term_string\"}}],\"inLanguage\":\"en-US\"}]}<\/script>\n<!-- \/ Yoast SEO plugin. -->","yoast_head_json":{"title":"Projetos de Pesquisa - Medicina Veterin\u00e1ria - CPAR - Campus de Parana\u00edba","robots":{"index":"index","follow":"follow","max-snippet":"max-snippet:-1","max-image-preview":"max-image-preview:large","max-video-preview":"max-video-preview:-1"},"canonical":"https:\/\/cpar.ufms.br\/graduacao\/medicina-veterinaria\/projetos-de-pesquisa-medicina-veterinaria\/","og_locale":"en_US","og_type":"article","og_title":"Projetos de Pesquisa - Medicina Veterin\u00e1ria - CPAR - Campus de Parana\u00edba","og_description":"Prof\u00aa Dr\u00aa Anah\u00ed Souto Vieira Impacto da mudan\u00e7a ambiental na preval\u00eancia de doen\u00e7as infecciosas em bovinos na regi\u00e3o do Bols\u00e3o Sul-Mato-Grossense. &nbsp; Prof\u00aa Dra. Ana Izabel Passarella Teixeira Inqu\u00e9rito soroepidemiol\u00f3gico de leishmaniose visceral canina no munic\u00edpio de Parana\u00edba, MS A leishmaniose visceral (LV) \u00e9 uma doen\u00e7a potencialmente fatal, de dif\u00edcil tratamento e extremamente onerosa para [&hellip;]","og_url":"https:\/\/cpar.ufms.br\/graduacao\/medicina-veterinaria\/projetos-de-pesquisa-medicina-veterinaria\/","og_site_name":"CPAR - Campus de Parana\u00edba","article_modified_time":"2025-08-26T17:31:32+00:00","twitter_misc":{"Est. reading time":"2 minutes","Written by":"dirceu.matos"},"schema":{"@context":"https:\/\/schema.org","@graph":[{"@type":"WebPage","@id":"https:\/\/cpar.ufms.br\/graduacao\/medicina-veterinaria\/projetos-de-pesquisa-medicina-veterinaria\/","url":"https:\/\/cpar.ufms.br\/graduacao\/medicina-veterinaria\/projetos-de-pesquisa-medicina-veterinaria\/","name":"Projetos de Pesquisa - Medicina Veterin\u00e1ria - CPAR - Campus de Parana\u00edba","isPartOf":{"@id":"https:\/\/cpar.ufms.br\/#website"},"datePublished":"2023-05-06T01:57:21+00:00","dateModified":"2025-08-26T17:31:32+00:00","breadcrumb":{"@id":"https:\/\/cpar.ufms.br\/graduacao\/medicina-veterinaria\/projetos-de-pesquisa-medicina-veterinaria\/#breadcrumb"},"inLanguage":"en-US","potentialAction":[{"@type":"ReadAction","target":["https:\/\/cpar.ufms.br\/graduacao\/medicina-veterinaria\/projetos-de-pesquisa-medicina-veterinaria\/"]}]},{"@type":"BreadcrumbList","@id":"https:\/\/cpar.ufms.br\/graduacao\/medicina-veterinaria\/projetos-de-pesquisa-medicina-veterinaria\/#breadcrumb","itemListElement":[{"@type":"ListItem","position":1,"name":"In\u00edcio","item":"https:\/\/cpar.ufms.br\/"},{"@type":"ListItem","position":2,"name":"Gradua\u00e7\u00e3o","item":"https:\/\/cpar.ufms.br\/graduacao\/"},{"@type":"ListItem","position":3,"name":"Medicina Veterin\u00e1ria","item":"https:\/\/cpar.ufms.br\/graduacao\/medicina-veterinaria\/"},{"@type":"ListItem","position":4,"name":"Projetos de Pesquisa &#8211; Medicina Veterin\u00e1ria"}]},{"@type":"WebSite","@id":"https:\/\/cpar.ufms.br\/#website","url":"https:\/\/cpar.ufms.br\/","name":"CPAR - Campus de Parana\u00edba","description":"Universidade Federal de Mato Grosso do Sul","potentialAction":[{"@type":"SearchAction","target":{"@type":"EntryPoint","urlTemplate":"https:\/\/cpar.ufms.br\/?s={search_term_string}"},"query-input":{"@type":"PropertyValueSpecification","valueRequired":true,"valueName":"search_term_string"}}],"inLanguage":"en-US"}]}},"_links":{"self":[{"href":"https:\/\/cpar.ufms.br\/en\/wp-json\/wp\/v2\/pages\/14854","targetHints":{"allow":["GET"]}}],"collection":[{"href":"https:\/\/cpar.ufms.br\/en\/wp-json\/wp\/v2\/pages"}],"about":[{"href":"https:\/\/cpar.ufms.br\/en\/wp-json\/wp\/v2\/types\/page"}],"author":[{"embeddable":true,"href":"https:\/\/cpar.ufms.br\/en\/wp-json\/wp\/v2\/users\/1381"}],"replies":[{"embeddable":true,"href":"https:\/\/cpar.ufms.br\/en\/wp-json\/wp\/v2\/comments?post=14854"}],"version-history":[{"count":6,"href":"https:\/\/cpar.ufms.br\/en\/wp-json\/wp\/v2\/pages\/14854\/revisions"}],"predecessor-version":[{"id":16943,"href":"https:\/\/cpar.ufms.br\/en\/wp-json\/wp\/v2\/pages\/14854\/revisions\/16943"}],"up":[{"embeddable":true,"href":"https:\/\/cpar.ufms.br\/en\/wp-json\/wp\/v2\/pages\/13614"}],"wp:attachment":[{"href":"https:\/\/cpar.ufms.br\/en\/wp-json\/wp\/v2\/media?parent=14854"}],"wp:term":[{"taxonomy":"author","embeddable":true,"href":"https:\/\/cpar.ufms.br\/en\/wp-json\/wp\/v2\/coauthors?post=14854"}],"curies":[{"name":"wp","href":"https:\/\/api.w.org\/{rel}","templated":true}]}}