{"id":14856,"date":"2023-05-05T21:58:10","date_gmt":"2023-05-06T01:58:10","guid":{"rendered":"https:\/\/cpar.ufms.br\/?page_id=14856"},"modified":"2025-03-17T13:59:30","modified_gmt":"2025-03-17T17:59:30","slug":"artigos-publicados-medicina-veterinaria","status":"publish","type":"page","link":"https:\/\/cpar.ufms.br\/en\/graduacao\/medicina-veterinaria\/artigos-publicados-medicina-veterinaria\/","title":{"rendered":"Artigos Publicados &#8211; Medicina Veterin\u00e1ria"},"content":{"rendered":"<h3>Publica\u00e7\u00f5es 2024<\/h3>\n<div>Genetic Characterization and Zoonotic Potential of Leptospira<\/div>\n<p>interrogans Identified in Small Non-Flying Mammals from<br \/>\nSoutheastern Atlantic Forest, Brazil<\/p>\n<div>Maria Isabel Nogueira Di Azevedo 1,* , Ana Clara dos Reis Soares 1 , Camila Ezepha 1,<br \/>\nFilipe Anibal Carvalho-Costa 2, Anahi Souto Vieira 3 and Walter Lilenbaum 1<\/div>\n<div><a href=\"https:\/\/www.mdpi.com\/2414-6366\/10\/3\/62\" target=\"_blank\" rel=\"noopener\" data-saferedirecturl=\"https:\/\/www.google.com\/url?q=https:\/\/www.mdpi.com\/2414-6366\/10\/3\/62&amp;source=gmail&amp;ust=1741733505014000&amp;usg=AOvVaw1YDYWjR_MBChzgINH1zi00\">https:\/\/www.mdpi.com\/2414-6366\/10\/3\/62<\/a><\/div>\n<p>&nbsp;<\/p>\n<p>LIMA, JAQUELINE COSTA ; GARCIA, \u00c9RICA MARVILA ; OLIVEIRA, SANDRA MARIA DO VALLE LEONE DE ; ARA\u00daJO, WILDO NAVEGANTES DE ; LOPES, EMMANUELA MARIA DE FREITAS ; TELES, SHEILA ARA\u00daJO ; CAETANO, KARLLA ANTONIETA AMORIM ; Teixeira, Ana Izabel Passarela ; ALVES, B\u00c1RBARA MANUELLA CARDOSO SODR\u00c9 ; FRAN\u00c7A, ANA PAULA ; MORAES, JOS\u00c9 C\u00c1SSIO DE ; DOMINGUES, CARLA MAGDA ALLAN SANTOS ; SILVA, ADRIANA ILHA DA ; RAMOS JR., ALBERTO NOVAES ; OLIVEIRA, ANDREA DE NAZAR\u00c9 MARV\u00c3O ; BOING, ANTONIO FERNANDO ; OLIVEIRA, CONSUELO SILVA DE ; MACIEL, ETHEL LEONOR NOIA ;\u00a0<a href=\"http:\/\/et.al\/\" target=\"_blank\" rel=\"noopener\" data-saferedirecturl=\"https:\/\/www.google.com\/url?q=http:\/\/et.al&amp;source=gmail&amp;ust=1741987156674000&amp;usg=AOvVaw0Egsy31hte24wWyQ5uVsoH\">et.al<\/a>\u00a0. <strong>Vaccine coverage by social strata in state capitals in the Brazilian Midwest region: a household survey of children born in 2017 and 2018<\/strong>. EPIDEMIOLOGIA E SERVI\u00c7OS DE SA\u00daDE, v. 33, p. 1-15, 2024.<\/p>\n<p>&nbsp;<\/p>\n<p>TORRES, ANA CL\u00c1UDIA PINHEIRO ; DE BRITO, RAISSA NOGUEIRA ; DE ARA\u00daJO, WILDO NAVEGANTES ; PEDRETTE, PRISCILLA ; ALVES, DAIANI CRISTINA CILI\u00c3O ; TEIXEIRA, ANA IZABEL PASSARELLA ; GONTIJO, CAROLINA CARVALHO ; ROMERO, Gustavo Adolfo Sierra ; GURGEL-GON\u00c7ALVES, RODRIGO ; RAMALHO, WALTER MASSA . <strong>Surveillance of SARS-CoV-2 in Healthcare Workers Before and After COVID-19 Vaccination: A Cohort Study in a Primary Care Unit of Brazil<\/strong>. Healthcare, v. 12, p. 2298, 2024.<\/p>\n<p>&nbsp;<\/p>\n<p>PASSARELLA TEIXEIRA, ANA IZABEL; PEREIRA DA SILVA FILHO, ALUISIO ; BACH KMETIUK, LOUISE ; DE CARVALHO, OT\u00c1VIO VAL\u00c9RIO ; RISTOW, LUIZ EDUARDO ; FRIGUGLIETTI BRANDESPIM, DANIEL ; PETTAN-BREWER, CHRISTINA ; AUTRAN DE MORAIS, H\u00c9LIO ; PIRES DOS SANTOS, ANDREA ; GARABET AGOPIAN, RAFAEL ; ARENA GALHARDO, JULIANA ; WELKER BIONDO, ALEXANDER ; SOEIRO BARBOSA, DAVID . <strong>Coronavirus disease 2019, hand hygiene, and pets. Community Acquired Infection<\/strong>, v. 11, p. 1-3, 2024.<\/p>\n<p>&nbsp;<\/p>\n<p>RICARTE, SUELEN ANDRADE ; LIMA, MISAEL BRITO DE ; OLIVEIRA, CLEBERSON EDUARDO SANTOS DE ; NUNES NETO, OSVALDO GATO ; MINERVINO, ANT\u00d4NIO HUMBERTO HAMAD ; SOUSA, REJANE SANTOS ; GOUV\u00caA, LU\u00cdS FERNANDO ; LIMA DA SILVA, ALANNA DO SOCORRO ; TEIXEIRA, ANA IZABEL PASSARELLA ; MORINI, ADRIANA CAROPREZO. Hormonal, biochemical, and hematological study of horses used in police patrol in an equatorial climate. <strong>Estudo hormonal, bioqu\u00edmico e hematol\u00f3gico de cavalos utilizados em patrulhamento policial em clima equatorial.<\/strong> PUBVET (LONDRINA), v. 19, p. 1-8, 2024.<\/p>\n<p>&nbsp;<\/p>\n<p>TEIXEIRA, Ana Izabel Passarella; ARAUJO, E. G. ; MORINI, A. C. . <strong>MODELOS DE REGRESS\u00c3O MULTIVARIADOS APLICADOS EM EPIDEMIOLOGIA, MEDICINA VETERIN\u00c1RIA, E SA\u00daDE P\u00daBLICA<\/strong>. Estudos Contempor\u00e2neos em Medicina Veterin\u00e1ria e Zootecnia. 1ed.S\u00e3o Jose dos Pinhais: Editora Brazilian Journals, 2024, v. 1, p. 1-105. (Cap\u00edtulo de livro)<\/p>\n<p>&nbsp;<\/p>\n<h3>Publica\u00e7\u00f5es 2023<\/h3>\n<p>TEIXEIRA, ANA IZABEL PASSARELLA ;\u00a0<b>VIEIRA, ANAHI SOUTO<\/b>\u00a0; BORGES, DYEGO GON\u00c7ALVES LINO ; MORINI, ADRIANA CAROPREZO . Sa\u00fade animal: com\u00e9rcio e sociedade. Brazilian Journal of Health Review, v. 6, p. 32332-32345, 2023.<\/p>\n<p>Brito RN, Teixeira AIP, Gontijo CC, Faria RS, Ramalho WM, Romero GAS. et al. Seroprevalence of SARS-CoV-2 and Vaccination Coverage among Residents of a Lower-Middle-Class Population in the Federal District, Brazil. Vaccines 2023, 11, 916. <a href=\"https:\/\/doi.org\/10.3390\/vaccines11050916\" target=\"_blank\" rel=\"noopener\">https:\/\/doi.org\/10.3390\/vaccines11050916<\/a><\/p>\n<p>&nbsp;<\/p>\n<p>Morini AC, Santos GC, Oliveira RT, Farias TS, Batista AAL, SILVA ASL. Embryonic development of quail eggs (Coturnix coturnix japonica) in a homemade incubator. BJVM 2023, 45:e004322 <a href=\"https:\/\/bjvm.org.br\/BJVM\/article\/view\/1276\/1298\" target=\"_blank\" rel=\"noopener\">https:\/\/bjvm.org.br\/BJVM\/article\/view\/1276\/1298<\/a><\/p>\n<p>&nbsp;<\/p>\n<p>MORINI, Adriana Caroprezo; SANTOS, GRACIENE CONCEI\u00c7\u00c3O DOS ; OLIVEIRA, ROSANA TAPAJOS DE ; FARIAS, THAIZA SANTOS ; BATISTA, \u00c2NGELO ABAAL LISBOA ; SILVA, ALANNA DO SOCORRO LIMA DA . Embryonic development of quail eggs (Coturnix coturnix japonica) in a homemade incubator. REVISTA BRASILEIRA DE MEDICINA VETERIN\u00c1RIA , v. 45, p. e004322, 2023.<\/p>\n<p><a href=\"http:\/\/dx.doi.org\/10.29374\/2527-2179.bjvm004322\" target=\"_blank\" rel=\"noopener\">http:\/\/dx.doi.org\/10.29374\/2527-2179.bjvm004322<\/a><\/p>\n<h3><\/h3>\n<h3>Publica\u00e7\u00f5es 2022<\/h3>\n<p>Gontijo CC, Brito RN, Teixeira AIP, Romero GAS, Pedrette P, Ramalho WM et al. Accuracy of point-of-care Panbio SARS-CoV-2 antigen-detection test in a socioeconomically vulnerable population in Brazil. Front. Trop. Dis. 2022, 3:929524. <a href=\"https:\/\/www.frontiersin.org\/articles\/10.3389\/fitd.2022.929524\/full\" target=\"_blank\" rel=\"noopener\">https:\/\/www.frontiersin.org\/articles\/10.3389\/fitd.2022.929524\/full<\/a><\/p>\n<p>Souza DA, Silva FB, Pereira I, &#8230; Teixeira AIP. A import\u00e2ncia da \u00e1gua dentro do conceito de sa\u00fade \u00fanica. Brazilian Journal of Health Review 2022, 5(6):24012-24029 <a href=\"https:\/\/ojs.brazilianjournals.com.br\/ojs\/index.php\/BJHR\/article\/view\/55210\/40693\" target=\"_blank\" rel=\"noopener\">https:\/\/ojs.brazilianjournals.com.br\/ojs\/index.php\/BJHR\/article\/view\/55210\/40693<\/a><\/p>\n","protected":false},"excerpt":{"rendered":"<p>Publica\u00e7\u00f5es 2024 Genetic Characterization and Zoonotic Potential of Leptospira interrogans Identified in Small Non-Flying Mammals from Southeastern Atlantic Forest, Brazil Maria Isabel Nogueira Di Azevedo 1,* , Ana Clara dos Reis Soares 1 , Camila Ezepha 1, Filipe Anibal Carvalho-Costa 2, Anahi Souto Vieira 3 and Walter Lilenbaum 1 https:\/\/www.mdpi.com\/2414-6366\/10\/3\/62 &nbsp; LIMA, JAQUELINE COSTA ; [&hellip;]<\/p>\n","protected":false},"author":1381,"featured_media":0,"parent":13614,"menu_order":0,"comment_status":"closed","ping_status":"closed","template":"page-templates\/page-coordenadorias.php","meta":{"footnotes":""},"coauthors":[],"class_list":["post-14856","page","type-page","status-publish","hentry"],"yoast_head":"<!-- This site is optimized with the Yoast SEO plugin v26.2 - https:\/\/yoast.com\/wordpress\/plugins\/seo\/ -->\n<title>Artigos Publicados - Medicina Veterin\u00e1ria - CPAR - Campus de Parana\u00edba<\/title>\n<meta name=\"robots\" content=\"index, follow, max-snippet:-1, max-image-preview:large, max-video-preview:-1\" \/>\n<link rel=\"canonical\" href=\"https:\/\/cpar.ufms.br\/graduacao\/medicina-veterinaria\/artigos-publicados-medicina-veterinaria\/\" \/>\n<meta property=\"og:locale\" content=\"en_US\" \/>\n<meta property=\"og:type\" content=\"article\" \/>\n<meta property=\"og:title\" content=\"Artigos Publicados - Medicina Veterin\u00e1ria - CPAR - Campus de Parana\u00edba\" \/>\n<meta property=\"og:description\" content=\"Publica\u00e7\u00f5es 2024 Genetic Characterization and Zoonotic Potential of Leptospira interrogans Identified in Small Non-Flying Mammals from Southeastern Atlantic Forest, Brazil Maria Isabel Nogueira Di Azevedo 1,* , Ana Clara dos Reis Soares 1 , Camila Ezepha 1, Filipe Anibal Carvalho-Costa 2, Anahi Souto Vieira 3 and Walter Lilenbaum 1 https:\/\/www.mdpi.com\/2414-6366\/10\/3\/62 &nbsp; LIMA, JAQUELINE COSTA ; [&hellip;]\" \/>\n<meta property=\"og:url\" content=\"https:\/\/cpar.ufms.br\/graduacao\/medicina-veterinaria\/artigos-publicados-medicina-veterinaria\/\" \/>\n<meta property=\"og:site_name\" content=\"CPAR - Campus de Parana\u00edba\" \/>\n<meta property=\"article:modified_time\" content=\"2025-03-17T17:59:30+00:00\" \/>\n<meta name=\"twitter:label1\" content=\"Est. reading time\" \/>\n\t<meta name=\"twitter:data1\" content=\"4 minutes\" \/>\n\t<meta name=\"twitter:label2\" content=\"Written by\" \/>\n\t<meta name=\"twitter:data2\" content=\"dirceu.matos\" \/>\n<script type=\"application\/ld+json\" class=\"yoast-schema-graph\">{\"@context\":\"https:\/\/schema.org\",\"@graph\":[{\"@type\":\"WebPage\",\"@id\":\"https:\/\/cpar.ufms.br\/graduacao\/medicina-veterinaria\/artigos-publicados-medicina-veterinaria\/\",\"url\":\"https:\/\/cpar.ufms.br\/graduacao\/medicina-veterinaria\/artigos-publicados-medicina-veterinaria\/\",\"name\":\"Artigos Publicados - Medicina Veterin\u00e1ria - CPAR - Campus de Parana\u00edba\",\"isPartOf\":{\"@id\":\"https:\/\/cpar.ufms.br\/#website\"},\"datePublished\":\"2023-05-06T01:58:10+00:00\",\"dateModified\":\"2025-03-17T17:59:30+00:00\",\"breadcrumb\":{\"@id\":\"https:\/\/cpar.ufms.br\/graduacao\/medicina-veterinaria\/artigos-publicados-medicina-veterinaria\/#breadcrumb\"},\"inLanguage\":\"en-US\",\"potentialAction\":[{\"@type\":\"ReadAction\",\"target\":[\"https:\/\/cpar.ufms.br\/graduacao\/medicina-veterinaria\/artigos-publicados-medicina-veterinaria\/\"]}]},{\"@type\":\"BreadcrumbList\",\"@id\":\"https:\/\/cpar.ufms.br\/graduacao\/medicina-veterinaria\/artigos-publicados-medicina-veterinaria\/#breadcrumb\",\"itemListElement\":[{\"@type\":\"ListItem\",\"position\":1,\"name\":\"In\u00edcio\",\"item\":\"https:\/\/cpar.ufms.br\/\"},{\"@type\":\"ListItem\",\"position\":2,\"name\":\"Gradua\u00e7\u00e3o\",\"item\":\"https:\/\/cpar.ufms.br\/graduacao\/\"},{\"@type\":\"ListItem\",\"position\":3,\"name\":\"Medicina Veterin\u00e1ria\",\"item\":\"https:\/\/cpar.ufms.br\/graduacao\/medicina-veterinaria\/\"},{\"@type\":\"ListItem\",\"position\":4,\"name\":\"Artigos Publicados &#8211; Medicina Veterin\u00e1ria\"}]},{\"@type\":\"WebSite\",\"@id\":\"https:\/\/cpar.ufms.br\/#website\",\"url\":\"https:\/\/cpar.ufms.br\/\",\"name\":\"CPAR - Campus de Parana\u00edba\",\"description\":\"Universidade Federal de Mato Grosso do Sul\",\"potentialAction\":[{\"@type\":\"SearchAction\",\"target\":{\"@type\":\"EntryPoint\",\"urlTemplate\":\"https:\/\/cpar.ufms.br\/?s={search_term_string}\"},\"query-input\":{\"@type\":\"PropertyValueSpecification\",\"valueRequired\":true,\"valueName\":\"search_term_string\"}}],\"inLanguage\":\"en-US\"}]}<\/script>\n<!-- \/ Yoast SEO plugin. -->","yoast_head_json":{"title":"Artigos Publicados - Medicina Veterin\u00e1ria - CPAR - Campus de Parana\u00edba","robots":{"index":"index","follow":"follow","max-snippet":"max-snippet:-1","max-image-preview":"max-image-preview:large","max-video-preview":"max-video-preview:-1"},"canonical":"https:\/\/cpar.ufms.br\/graduacao\/medicina-veterinaria\/artigos-publicados-medicina-veterinaria\/","og_locale":"en_US","og_type":"article","og_title":"Artigos Publicados - Medicina Veterin\u00e1ria - CPAR - Campus de Parana\u00edba","og_description":"Publica\u00e7\u00f5es 2024 Genetic Characterization and Zoonotic Potential of Leptospira interrogans Identified in Small Non-Flying Mammals from Southeastern Atlantic Forest, Brazil Maria Isabel Nogueira Di Azevedo 1,* , Ana Clara dos Reis Soares 1 , Camila Ezepha 1, Filipe Anibal Carvalho-Costa 2, Anahi Souto Vieira 3 and Walter Lilenbaum 1 https:\/\/www.mdpi.com\/2414-6366\/10\/3\/62 &nbsp; LIMA, JAQUELINE COSTA ; [&hellip;]","og_url":"https:\/\/cpar.ufms.br\/graduacao\/medicina-veterinaria\/artigos-publicados-medicina-veterinaria\/","og_site_name":"CPAR - Campus de Parana\u00edba","article_modified_time":"2025-03-17T17:59:30+00:00","twitter_misc":{"Est. reading time":"4 minutes","Written by":"dirceu.matos"},"schema":{"@context":"https:\/\/schema.org","@graph":[{"@type":"WebPage","@id":"https:\/\/cpar.ufms.br\/graduacao\/medicina-veterinaria\/artigos-publicados-medicina-veterinaria\/","url":"https:\/\/cpar.ufms.br\/graduacao\/medicina-veterinaria\/artigos-publicados-medicina-veterinaria\/","name":"Artigos Publicados - Medicina Veterin\u00e1ria - CPAR - Campus de Parana\u00edba","isPartOf":{"@id":"https:\/\/cpar.ufms.br\/#website"},"datePublished":"2023-05-06T01:58:10+00:00","dateModified":"2025-03-17T17:59:30+00:00","breadcrumb":{"@id":"https:\/\/cpar.ufms.br\/graduacao\/medicina-veterinaria\/artigos-publicados-medicina-veterinaria\/#breadcrumb"},"inLanguage":"en-US","potentialAction":[{"@type":"ReadAction","target":["https:\/\/cpar.ufms.br\/graduacao\/medicina-veterinaria\/artigos-publicados-medicina-veterinaria\/"]}]},{"@type":"BreadcrumbList","@id":"https:\/\/cpar.ufms.br\/graduacao\/medicina-veterinaria\/artigos-publicados-medicina-veterinaria\/#breadcrumb","itemListElement":[{"@type":"ListItem","position":1,"name":"In\u00edcio","item":"https:\/\/cpar.ufms.br\/"},{"@type":"ListItem","position":2,"name":"Gradua\u00e7\u00e3o","item":"https:\/\/cpar.ufms.br\/graduacao\/"},{"@type":"ListItem","position":3,"name":"Medicina Veterin\u00e1ria","item":"https:\/\/cpar.ufms.br\/graduacao\/medicina-veterinaria\/"},{"@type":"ListItem","position":4,"name":"Artigos Publicados &#8211; Medicina Veterin\u00e1ria"}]},{"@type":"WebSite","@id":"https:\/\/cpar.ufms.br\/#website","url":"https:\/\/cpar.ufms.br\/","name":"CPAR - Campus de Parana\u00edba","description":"Universidade Federal de Mato Grosso do Sul","potentialAction":[{"@type":"SearchAction","target":{"@type":"EntryPoint","urlTemplate":"https:\/\/cpar.ufms.br\/?s={search_term_string}"},"query-input":{"@type":"PropertyValueSpecification","valueRequired":true,"valueName":"search_term_string"}}],"inLanguage":"en-US"}]}},"_links":{"self":[{"href":"https:\/\/cpar.ufms.br\/en\/wp-json\/wp\/v2\/pages\/14856","targetHints":{"allow":["GET"]}}],"collection":[{"href":"https:\/\/cpar.ufms.br\/en\/wp-json\/wp\/v2\/pages"}],"about":[{"href":"https:\/\/cpar.ufms.br\/en\/wp-json\/wp\/v2\/types\/page"}],"author":[{"embeddable":true,"href":"https:\/\/cpar.ufms.br\/en\/wp-json\/wp\/v2\/users\/1381"}],"replies":[{"embeddable":true,"href":"https:\/\/cpar.ufms.br\/en\/wp-json\/wp\/v2\/comments?post=14856"}],"version-history":[{"count":7,"href":"https:\/\/cpar.ufms.br\/en\/wp-json\/wp\/v2\/pages\/14856\/revisions"}],"predecessor-version":[{"id":16601,"href":"https:\/\/cpar.ufms.br\/en\/wp-json\/wp\/v2\/pages\/14856\/revisions\/16601"}],"up":[{"embeddable":true,"href":"https:\/\/cpar.ufms.br\/en\/wp-json\/wp\/v2\/pages\/13614"}],"wp:attachment":[{"href":"https:\/\/cpar.ufms.br\/en\/wp-json\/wp\/v2\/media?parent=14856"}],"wp:term":[{"taxonomy":"author","embeddable":true,"href":"https:\/\/cpar.ufms.br\/en\/wp-json\/wp\/v2\/coauthors?post=14856"}],"curies":[{"name":"wp","href":"https:\/\/api.w.org\/{rel}","templated":true}]}}