{"id":14863,"date":"2023-05-05T22:02:01","date_gmt":"2023-05-06T02:02:01","guid":{"rendered":"https:\/\/cpar.ufms.br\/?page_id=14863"},"modified":"2025-08-26T13:33:59","modified_gmt":"2025-08-26T17:33:59","slug":"projetos-de-ensino-medicina-veterinaria","status":"publish","type":"page","link":"https:\/\/cpar.ufms.br\/en\/graduacao\/medicina-veterinaria\/projetos-de-ensino-medicina-veterinaria\/","title":{"rendered":"Projetos de Ensino &#8211; Medicina Veterin\u00e1ria"},"content":{"rendered":"<div><strong>Prof\u00aa. Dr\u00aa. Adriana Caroprezo Morini<\/strong><\/div>\n<div><\/div>\n<div><strong>ENSINO PR\u00c1TICO DE ANATOMIA DOS ANIMAIS DOM\u00c9STICOS<\/strong><\/div>\n<div><\/div>\n<div>O projeto foi elaborado para confec\u00e7\u00e3o de material did\u00e1tico para ensino das pr\u00e1ticas de anatomia dos animais dom\u00e9sticos no primeiro e segundo semestres do curso de Medicina Veterin\u00e1ria do campus de Parana\u00edba. Ovinos, c\u00e3es, bovinos su\u00ednos ou outras esp\u00e9cies doados pelo CCZ, por laborat\u00f3rios da UFMS e de outras Institui\u00e7\u00f5es, \u00f3rg\u00e3os p\u00fablicos ou particulares como empresas que gerenciam rodovias ou ainda por tutores cujos animais vieram a \u00f3bito e querem doar o corpo para estudo, ser\u00e3o, se ainda vivos, ap\u00f3s aprova\u00e7\u00e3o do comit\u00ea de \u00e9tica de uso de animais (CEUA), encaminhados ao laborat\u00f3rio de anatomia dos animais dom\u00e9sticos do InBio UFMS para ent\u00e3o serem eutanasiados, canulados pela art\u00e9ria car\u00f3tida e ap\u00f3s lavagem do sistema circulat\u00f3rio receber\u00e3o o fixador formalde\u00eddo a 10%, ser\u00e3o ent\u00e3o encaminhados ao campus de Parana\u00edba e alojados em tanques com o mesmo fixador (formalde\u00eddo). Animais que chegarem as dependencias do CPAR j\u00e1 mortos ser\u00e3o congelados ou formolizados com a mesma t\u00e9cnica, sem a necessidade dos f\u00e1rmacos para eutan\u00e1sia e ser\u00e3o de responsabilidade de grupos de alunos do primeiro ano do curso de medicina veterin\u00e1ria e esses ir\u00e3o ao longo de toda a disciplina anatomia I e no sendo semestre anatomia II, realizar a disseca\u00e7\u00e3o do animal identificando cada estrutura anat\u00f4mica presente com aux\u00edlio do docente e de um roteiro de disseca\u00e7\u00e3o guiando passo a passo suas a\u00e7\u00f5es.<\/div>\n","protected":false},"excerpt":{"rendered":"<p>Prof\u00aa. Dr\u00aa. Adriana Caroprezo Morini ENSINO PR\u00c1TICO DE ANATOMIA DOS ANIMAIS DOM\u00c9STICOS O projeto foi elaborado para confec\u00e7\u00e3o de material did\u00e1tico para ensino das pr\u00e1ticas de anatomia dos animais dom\u00e9sticos no primeiro e segundo semestres do curso de Medicina Veterin\u00e1ria do campus de Parana\u00edba. Ovinos, c\u00e3es, bovinos su\u00ednos ou outras esp\u00e9cies doados pelo CCZ, por [&hellip;]<\/p>\n","protected":false},"author":1381,"featured_media":0,"parent":13614,"menu_order":0,"comment_status":"closed","ping_status":"closed","template":"page-templates\/page-subcoordenadoria.php","meta":{"footnotes":""},"coauthors":[372],"class_list":["post-14863","page","type-page","status-publish","hentry"],"yoast_head":"<!-- This site is optimized with the Yoast SEO plugin v26.2 - https:\/\/yoast.com\/wordpress\/plugins\/seo\/ -->\n<title>Projetos de Ensino - Medicina Veterin\u00e1ria - CPAR - Campus de Parana\u00edba<\/title>\n<meta name=\"robots\" content=\"index, follow, max-snippet:-1, max-image-preview:large, max-video-preview:-1\" \/>\n<link rel=\"canonical\" href=\"https:\/\/cpar.ufms.br\/graduacao\/medicina-veterinaria\/projetos-de-ensino-medicina-veterinaria\/\" \/>\n<meta property=\"og:locale\" content=\"en_US\" \/>\n<meta property=\"og:type\" content=\"article\" \/>\n<meta property=\"og:title\" content=\"Projetos de Ensino - Medicina Veterin\u00e1ria - CPAR - Campus de Parana\u00edba\" \/>\n<meta property=\"og:description\" content=\"Prof\u00aa. Dr\u00aa. Adriana Caroprezo Morini ENSINO PR\u00c1TICO DE ANATOMIA DOS ANIMAIS DOM\u00c9STICOS O projeto foi elaborado para confec\u00e7\u00e3o de material did\u00e1tico para ensino das pr\u00e1ticas de anatomia dos animais dom\u00e9sticos no primeiro e segundo semestres do curso de Medicina Veterin\u00e1ria do campus de Parana\u00edba. Ovinos, c\u00e3es, bovinos su\u00ednos ou outras esp\u00e9cies doados pelo CCZ, por [&hellip;]\" \/>\n<meta property=\"og:url\" content=\"https:\/\/cpar.ufms.br\/graduacao\/medicina-veterinaria\/projetos-de-ensino-medicina-veterinaria\/\" \/>\n<meta property=\"og:site_name\" content=\"CPAR - Campus de Parana\u00edba\" \/>\n<meta property=\"article:modified_time\" content=\"2025-08-26T17:33:59+00:00\" \/>\n<meta name=\"twitter:label1\" content=\"Written by\" \/>\n\t<meta name=\"twitter:data1\" content=\"dirceu.matos\" \/>\n<script type=\"application\/ld+json\" class=\"yoast-schema-graph\">{\"@context\":\"https:\/\/schema.org\",\"@graph\":[{\"@type\":\"WebPage\",\"@id\":\"https:\/\/cpar.ufms.br\/graduacao\/medicina-veterinaria\/projetos-de-ensino-medicina-veterinaria\/\",\"url\":\"https:\/\/cpar.ufms.br\/graduacao\/medicina-veterinaria\/projetos-de-ensino-medicina-veterinaria\/\",\"name\":\"Projetos de Ensino - Medicina Veterin\u00e1ria - CPAR - Campus de Parana\u00edba\",\"isPartOf\":{\"@id\":\"https:\/\/cpar.ufms.br\/#website\"},\"datePublished\":\"2023-05-06T02:02:01+00:00\",\"dateModified\":\"2025-08-26T17:33:59+00:00\",\"breadcrumb\":{\"@id\":\"https:\/\/cpar.ufms.br\/graduacao\/medicina-veterinaria\/projetos-de-ensino-medicina-veterinaria\/#breadcrumb\"},\"inLanguage\":\"en-US\",\"potentialAction\":[{\"@type\":\"ReadAction\",\"target\":[\"https:\/\/cpar.ufms.br\/graduacao\/medicina-veterinaria\/projetos-de-ensino-medicina-veterinaria\/\"]}]},{\"@type\":\"BreadcrumbList\",\"@id\":\"https:\/\/cpar.ufms.br\/graduacao\/medicina-veterinaria\/projetos-de-ensino-medicina-veterinaria\/#breadcrumb\",\"itemListElement\":[{\"@type\":\"ListItem\",\"position\":1,\"name\":\"In\u00edcio\",\"item\":\"https:\/\/cpar.ufms.br\/\"},{\"@type\":\"ListItem\",\"position\":2,\"name\":\"Gradua\u00e7\u00e3o\",\"item\":\"https:\/\/cpar.ufms.br\/graduacao\/\"},{\"@type\":\"ListItem\",\"position\":3,\"name\":\"Medicina Veterin\u00e1ria\",\"item\":\"https:\/\/cpar.ufms.br\/graduacao\/medicina-veterinaria\/\"},{\"@type\":\"ListItem\",\"position\":4,\"name\":\"Projetos de Ensino &#8211; Medicina Veterin\u00e1ria\"}]},{\"@type\":\"WebSite\",\"@id\":\"https:\/\/cpar.ufms.br\/#website\",\"url\":\"https:\/\/cpar.ufms.br\/\",\"name\":\"CPAR - Campus de Parana\u00edba\",\"description\":\"Universidade Federal de Mato Grosso do Sul\",\"potentialAction\":[{\"@type\":\"SearchAction\",\"target\":{\"@type\":\"EntryPoint\",\"urlTemplate\":\"https:\/\/cpar.ufms.br\/?s={search_term_string}\"},\"query-input\":{\"@type\":\"PropertyValueSpecification\",\"valueRequired\":true,\"valueName\":\"search_term_string\"}}],\"inLanguage\":\"en-US\"}]}<\/script>\n<!-- \/ Yoast SEO plugin. -->","yoast_head_json":{"title":"Projetos de Ensino - Medicina Veterin\u00e1ria - CPAR - Campus de Parana\u00edba","robots":{"index":"index","follow":"follow","max-snippet":"max-snippet:-1","max-image-preview":"max-image-preview:large","max-video-preview":"max-video-preview:-1"},"canonical":"https:\/\/cpar.ufms.br\/graduacao\/medicina-veterinaria\/projetos-de-ensino-medicina-veterinaria\/","og_locale":"en_US","og_type":"article","og_title":"Projetos de Ensino - Medicina Veterin\u00e1ria - CPAR - Campus de Parana\u00edba","og_description":"Prof\u00aa. Dr\u00aa. Adriana Caroprezo Morini ENSINO PR\u00c1TICO DE ANATOMIA DOS ANIMAIS DOM\u00c9STICOS O projeto foi elaborado para confec\u00e7\u00e3o de material did\u00e1tico para ensino das pr\u00e1ticas de anatomia dos animais dom\u00e9sticos no primeiro e segundo semestres do curso de Medicina Veterin\u00e1ria do campus de Parana\u00edba. Ovinos, c\u00e3es, bovinos su\u00ednos ou outras esp\u00e9cies doados pelo CCZ, por [&hellip;]","og_url":"https:\/\/cpar.ufms.br\/graduacao\/medicina-veterinaria\/projetos-de-ensino-medicina-veterinaria\/","og_site_name":"CPAR - Campus de Parana\u00edba","article_modified_time":"2025-08-26T17:33:59+00:00","twitter_misc":{"Written by":"dirceu.matos"},"schema":{"@context":"https:\/\/schema.org","@graph":[{"@type":"WebPage","@id":"https:\/\/cpar.ufms.br\/graduacao\/medicina-veterinaria\/projetos-de-ensino-medicina-veterinaria\/","url":"https:\/\/cpar.ufms.br\/graduacao\/medicina-veterinaria\/projetos-de-ensino-medicina-veterinaria\/","name":"Projetos de Ensino - Medicina Veterin\u00e1ria - CPAR - Campus de Parana\u00edba","isPartOf":{"@id":"https:\/\/cpar.ufms.br\/#website"},"datePublished":"2023-05-06T02:02:01+00:00","dateModified":"2025-08-26T17:33:59+00:00","breadcrumb":{"@id":"https:\/\/cpar.ufms.br\/graduacao\/medicina-veterinaria\/projetos-de-ensino-medicina-veterinaria\/#breadcrumb"},"inLanguage":"en-US","potentialAction":[{"@type":"ReadAction","target":["https:\/\/cpar.ufms.br\/graduacao\/medicina-veterinaria\/projetos-de-ensino-medicina-veterinaria\/"]}]},{"@type":"BreadcrumbList","@id":"https:\/\/cpar.ufms.br\/graduacao\/medicina-veterinaria\/projetos-de-ensino-medicina-veterinaria\/#breadcrumb","itemListElement":[{"@type":"ListItem","position":1,"name":"In\u00edcio","item":"https:\/\/cpar.ufms.br\/"},{"@type":"ListItem","position":2,"name":"Gradua\u00e7\u00e3o","item":"https:\/\/cpar.ufms.br\/graduacao\/"},{"@type":"ListItem","position":3,"name":"Medicina Veterin\u00e1ria","item":"https:\/\/cpar.ufms.br\/graduacao\/medicina-veterinaria\/"},{"@type":"ListItem","position":4,"name":"Projetos de Ensino &#8211; Medicina Veterin\u00e1ria"}]},{"@type":"WebSite","@id":"https:\/\/cpar.ufms.br\/#website","url":"https:\/\/cpar.ufms.br\/","name":"CPAR - Campus de Parana\u00edba","description":"Universidade Federal de Mato Grosso do Sul","potentialAction":[{"@type":"SearchAction","target":{"@type":"EntryPoint","urlTemplate":"https:\/\/cpar.ufms.br\/?s={search_term_string}"},"query-input":{"@type":"PropertyValueSpecification","valueRequired":true,"valueName":"search_term_string"}}],"inLanguage":"en-US"}]}},"_links":{"self":[{"href":"https:\/\/cpar.ufms.br\/en\/wp-json\/wp\/v2\/pages\/14863","targetHints":{"allow":["GET"]}}],"collection":[{"href":"https:\/\/cpar.ufms.br\/en\/wp-json\/wp\/v2\/pages"}],"about":[{"href":"https:\/\/cpar.ufms.br\/en\/wp-json\/wp\/v2\/types\/page"}],"author":[{"embeddable":true,"href":"https:\/\/cpar.ufms.br\/en\/wp-json\/wp\/v2\/users\/1381"}],"replies":[{"embeddable":true,"href":"https:\/\/cpar.ufms.br\/en\/wp-json\/wp\/v2\/comments?post=14863"}],"version-history":[{"count":2,"href":"https:\/\/cpar.ufms.br\/en\/wp-json\/wp\/v2\/pages\/14863\/revisions"}],"predecessor-version":[{"id":16945,"href":"https:\/\/cpar.ufms.br\/en\/wp-json\/wp\/v2\/pages\/14863\/revisions\/16945"}],"up":[{"embeddable":true,"href":"https:\/\/cpar.ufms.br\/en\/wp-json\/wp\/v2\/pages\/13614"}],"wp:attachment":[{"href":"https:\/\/cpar.ufms.br\/en\/wp-json\/wp\/v2\/media?parent=14863"}],"wp:term":[{"taxonomy":"author","embeddable":true,"href":"https:\/\/cpar.ufms.br\/en\/wp-json\/wp\/v2\/coauthors?post=14863"}],"curies":[{"name":"wp","href":"https:\/\/api.w.org\/{rel}","templated":true}]}}