{"id":1537,"date":"2015-01-23T14:25:26","date_gmt":"2015-01-23T18:25:26","guid":{"rendered":"http:\/\/cpar.draconis.ufms.br\/?page_id=1537"},"modified":"2023-08-30T16:54:22","modified_gmt":"2023-08-30T20:54:22","slug":"utilizacao-micro-onibus","status":"publish","type":"page","link":"https:\/\/cpar.ufms.br\/en\/institucional\/utilizacao-micro-onibus\/","title":{"rendered":"Utiliza\u00e7\u00e3o do Micro-\u00f4nibus"},"content":{"rendered":"<p>O C\u00e2mpus de Parana\u00edba disp\u00f5e de um ve\u00edculo micro-\u00f4nibus para o transporte da comunidade acad\u00eamica para atividades\/eventos de ensino, pesquisa e extens\u00e3o.<\/p>\n<p>Para agendar o uso do micro-\u00f4nibus acesse abaixo o Sistema de Gerenciamento de Transportes da UFMS.<\/p>\n<p>&nbsp;<\/p>\n<p><a href=\"https:\/\/sigetran.ufms.br\/users\/login\"><img fetchpriority=\"high\" decoding=\"async\" class=\"aligncenter size-full wp-image-15433\" src=\"https:\/\/cpar.ufms.br\/files\/2023\/08\/flat_icon.png\" alt=\"\" width=\"418\" height=\"417\" srcset=\"https:\/\/cpar.ufms.br\/files\/2023\/08\/flat_icon.png 418w, https:\/\/cpar.ufms.br\/files\/2023\/08\/flat_icon-300x300.png 300w, https:\/\/cpar.ufms.br\/files\/2023\/08\/flat_icon-150x150.png 150w, https:\/\/cpar.ufms.br\/files\/2023\/08\/flat_icon-321x320.png 321w\" sizes=\"(max-width: 418px) 100vw, 418px\" \/><\/a><\/p>\n<p>&nbsp;<\/p>\n","protected":false},"excerpt":{"rendered":"<p>O C\u00e2mpus de Parana\u00edba disp\u00f5e de um ve\u00edculo micro-\u00f4nibus para o transporte da comunidade acad\u00eamica para atividades\/eventos de ensino, pesquisa e extens\u00e3o. Para agendar o uso do micro-\u00f4nibus acesse abaixo o Sistema de Gerenciamento de Transportes da UFMS. &nbsp; &nbsp;<\/p>\n","protected":false},"author":1381,"featured_media":0,"parent":346,"menu_order":1,"comment_status":"closed","ping_status":"open","template":"page-templates\/page-coordenadorias.php","meta":{"footnotes":""},"coauthors":[],"class_list":["post-1537","page","type-page","status-publish","hentry"],"yoast_head":"<!-- This site is optimized with the Yoast SEO plugin v26.2 - https:\/\/yoast.com\/wordpress\/plugins\/seo\/ -->\n<title>Utiliza\u00e7\u00e3o do Micro-\u00f4nibus - CPAR - Campus de Parana\u00edba<\/title>\n<meta name=\"robots\" content=\"index, follow, max-snippet:-1, max-image-preview:large, max-video-preview:-1\" \/>\n<link rel=\"canonical\" href=\"https:\/\/cpar.ufms.br\/institucional\/utilizacao-micro-onibus\/\" \/>\n<meta property=\"og:locale\" content=\"en_US\" \/>\n<meta property=\"og:type\" content=\"article\" \/>\n<meta property=\"og:title\" content=\"Utiliza\u00e7\u00e3o do Micro-\u00f4nibus - CPAR - Campus de Parana\u00edba\" \/>\n<meta property=\"og:description\" content=\"O C\u00e2mpus de Parana\u00edba disp\u00f5e de um ve\u00edculo micro-\u00f4nibus para o transporte da comunidade acad\u00eamica para atividades\/eventos de ensino, pesquisa e extens\u00e3o. Para agendar o uso do micro-\u00f4nibus acesse abaixo o Sistema de Gerenciamento de Transportes da UFMS. &nbsp; &nbsp;\" \/>\n<meta property=\"og:url\" content=\"https:\/\/cpar.ufms.br\/institucional\/utilizacao-micro-onibus\/\" \/>\n<meta property=\"og:site_name\" content=\"CPAR - Campus de Parana\u00edba\" \/>\n<meta property=\"article:modified_time\" content=\"2023-08-30T20:54:22+00:00\" \/>\n<meta property=\"og:image\" content=\"https:\/\/cpar.ufms.br\/files\/2023\/08\/flat_icon.png\" \/>\n<meta name=\"twitter:label1\" content=\"Est. reading time\" \/>\n\t<meta name=\"twitter:data1\" content=\"1 minute\" \/>\n\t<meta name=\"twitter:label2\" content=\"Written by\" \/>\n\t<meta name=\"twitter:data2\" content=\"dirceu.matos\" \/>\n<script type=\"application\/ld+json\" class=\"yoast-schema-graph\">{\"@context\":\"https:\/\/schema.org\",\"@graph\":[{\"@type\":\"WebPage\",\"@id\":\"https:\/\/cpar.ufms.br\/institucional\/utilizacao-micro-onibus\/\",\"url\":\"https:\/\/cpar.ufms.br\/institucional\/utilizacao-micro-onibus\/\",\"name\":\"Utiliza\u00e7\u00e3o do Micro-\u00f4nibus - CPAR - Campus de Parana\u00edba\",\"isPartOf\":{\"@id\":\"https:\/\/cpar.ufms.br\/#website\"},\"primaryImageOfPage\":{\"@id\":\"https:\/\/cpar.ufms.br\/institucional\/utilizacao-micro-onibus\/#primaryimage\"},\"image\":{\"@id\":\"https:\/\/cpar.ufms.br\/institucional\/utilizacao-micro-onibus\/#primaryimage\"},\"thumbnailUrl\":\"https:\/\/cpar.ufms.br\/files\/2023\/08\/flat_icon.png\",\"datePublished\":\"2015-01-23T18:25:26+00:00\",\"dateModified\":\"2023-08-30T20:54:22+00:00\",\"breadcrumb\":{\"@id\":\"https:\/\/cpar.ufms.br\/institucional\/utilizacao-micro-onibus\/#breadcrumb\"},\"inLanguage\":\"en-US\",\"potentialAction\":[{\"@type\":\"ReadAction\",\"target\":[\"https:\/\/cpar.ufms.br\/institucional\/utilizacao-micro-onibus\/\"]}]},{\"@type\":\"ImageObject\",\"inLanguage\":\"en-US\",\"@id\":\"https:\/\/cpar.ufms.br\/institucional\/utilizacao-micro-onibus\/#primaryimage\",\"url\":\"https:\/\/cpar.ufms.br\/files\/2023\/08\/flat_icon.png\",\"contentUrl\":\"https:\/\/cpar.ufms.br\/files\/2023\/08\/flat_icon.png\"},{\"@type\":\"BreadcrumbList\",\"@id\":\"https:\/\/cpar.ufms.br\/institucional\/utilizacao-micro-onibus\/#breadcrumb\",\"itemListElement\":[{\"@type\":\"ListItem\",\"position\":1,\"name\":\"In\u00edcio\",\"item\":\"https:\/\/cpar.ufms.br\/\"},{\"@type\":\"ListItem\",\"position\":2,\"name\":\"Institucional\",\"item\":\"https:\/\/cpar.ufms.br\/institucional\/\"},{\"@type\":\"ListItem\",\"position\":3,\"name\":\"Utiliza\u00e7\u00e3o do Micro-\u00f4nibus\"}]},{\"@type\":\"WebSite\",\"@id\":\"https:\/\/cpar.ufms.br\/#website\",\"url\":\"https:\/\/cpar.ufms.br\/\",\"name\":\"CPAR - Campus de Parana\u00edba\",\"description\":\"Universidade Federal de Mato Grosso do Sul\",\"potentialAction\":[{\"@type\":\"SearchAction\",\"target\":{\"@type\":\"EntryPoint\",\"urlTemplate\":\"https:\/\/cpar.ufms.br\/?s={search_term_string}\"},\"query-input\":{\"@type\":\"PropertyValueSpecification\",\"valueRequired\":true,\"valueName\":\"search_term_string\"}}],\"inLanguage\":\"en-US\"}]}<\/script>\n<!-- \/ Yoast SEO plugin. -->","yoast_head_json":{"title":"Utiliza\u00e7\u00e3o do Micro-\u00f4nibus - CPAR - Campus de Parana\u00edba","robots":{"index":"index","follow":"follow","max-snippet":"max-snippet:-1","max-image-preview":"max-image-preview:large","max-video-preview":"max-video-preview:-1"},"canonical":"https:\/\/cpar.ufms.br\/institucional\/utilizacao-micro-onibus\/","og_locale":"en_US","og_type":"article","og_title":"Utiliza\u00e7\u00e3o do Micro-\u00f4nibus - CPAR - Campus de Parana\u00edba","og_description":"O C\u00e2mpus de Parana\u00edba disp\u00f5e de um ve\u00edculo micro-\u00f4nibus para o transporte da comunidade acad\u00eamica para atividades\/eventos de ensino, pesquisa e extens\u00e3o. Para agendar o uso do micro-\u00f4nibus acesse abaixo o Sistema de Gerenciamento de Transportes da UFMS. &nbsp; &nbsp;","og_url":"https:\/\/cpar.ufms.br\/institucional\/utilizacao-micro-onibus\/","og_site_name":"CPAR - Campus de Parana\u00edba","article_modified_time":"2023-08-30T20:54:22+00:00","og_image":[{"url":"https:\/\/cpar.ufms.br\/files\/2023\/08\/flat_icon.png","type":"","width":"","height":""}],"twitter_misc":{"Est. reading time":"1 minute","Written by":"dirceu.matos"},"schema":{"@context":"https:\/\/schema.org","@graph":[{"@type":"WebPage","@id":"https:\/\/cpar.ufms.br\/institucional\/utilizacao-micro-onibus\/","url":"https:\/\/cpar.ufms.br\/institucional\/utilizacao-micro-onibus\/","name":"Utiliza\u00e7\u00e3o do Micro-\u00f4nibus - CPAR - Campus de Parana\u00edba","isPartOf":{"@id":"https:\/\/cpar.ufms.br\/#website"},"primaryImageOfPage":{"@id":"https:\/\/cpar.ufms.br\/institucional\/utilizacao-micro-onibus\/#primaryimage"},"image":{"@id":"https:\/\/cpar.ufms.br\/institucional\/utilizacao-micro-onibus\/#primaryimage"},"thumbnailUrl":"https:\/\/cpar.ufms.br\/files\/2023\/08\/flat_icon.png","datePublished":"2015-01-23T18:25:26+00:00","dateModified":"2023-08-30T20:54:22+00:00","breadcrumb":{"@id":"https:\/\/cpar.ufms.br\/institucional\/utilizacao-micro-onibus\/#breadcrumb"},"inLanguage":"en-US","potentialAction":[{"@type":"ReadAction","target":["https:\/\/cpar.ufms.br\/institucional\/utilizacao-micro-onibus\/"]}]},{"@type":"ImageObject","inLanguage":"en-US","@id":"https:\/\/cpar.ufms.br\/institucional\/utilizacao-micro-onibus\/#primaryimage","url":"https:\/\/cpar.ufms.br\/files\/2023\/08\/flat_icon.png","contentUrl":"https:\/\/cpar.ufms.br\/files\/2023\/08\/flat_icon.png"},{"@type":"BreadcrumbList","@id":"https:\/\/cpar.ufms.br\/institucional\/utilizacao-micro-onibus\/#breadcrumb","itemListElement":[{"@type":"ListItem","position":1,"name":"In\u00edcio","item":"https:\/\/cpar.ufms.br\/"},{"@type":"ListItem","position":2,"name":"Institucional","item":"https:\/\/cpar.ufms.br\/institucional\/"},{"@type":"ListItem","position":3,"name":"Utiliza\u00e7\u00e3o do Micro-\u00f4nibus"}]},{"@type":"WebSite","@id":"https:\/\/cpar.ufms.br\/#website","url":"https:\/\/cpar.ufms.br\/","name":"CPAR - Campus de Parana\u00edba","description":"Universidade Federal de Mato Grosso do Sul","potentialAction":[{"@type":"SearchAction","target":{"@type":"EntryPoint","urlTemplate":"https:\/\/cpar.ufms.br\/?s={search_term_string}"},"query-input":{"@type":"PropertyValueSpecification","valueRequired":true,"valueName":"search_term_string"}}],"inLanguage":"en-US"}]}},"_links":{"self":[{"href":"https:\/\/cpar.ufms.br\/en\/wp-json\/wp\/v2\/pages\/1537","targetHints":{"allow":["GET"]}}],"collection":[{"href":"https:\/\/cpar.ufms.br\/en\/wp-json\/wp\/v2\/pages"}],"about":[{"href":"https:\/\/cpar.ufms.br\/en\/wp-json\/wp\/v2\/types\/page"}],"author":[{"embeddable":true,"href":"https:\/\/cpar.ufms.br\/en\/wp-json\/wp\/v2\/users\/1381"}],"replies":[{"embeddable":true,"href":"https:\/\/cpar.ufms.br\/en\/wp-json\/wp\/v2\/comments?post=1537"}],"version-history":[{"count":40,"href":"https:\/\/cpar.ufms.br\/en\/wp-json\/wp\/v2\/pages\/1537\/revisions"}],"predecessor-version":[{"id":15435,"href":"https:\/\/cpar.ufms.br\/en\/wp-json\/wp\/v2\/pages\/1537\/revisions\/15435"}],"up":[{"embeddable":true,"href":"https:\/\/cpar.ufms.br\/en\/wp-json\/wp\/v2\/pages\/346"}],"wp:attachment":[{"href":"https:\/\/cpar.ufms.br\/en\/wp-json\/wp\/v2\/media?parent=1537"}],"wp:term":[{"taxonomy":"author","embeddable":true,"href":"https:\/\/cpar.ufms.br\/en\/wp-json\/wp\/v2\/coauthors?post=1537"}],"curies":[{"name":"wp","href":"https:\/\/api.w.org\/{rel}","templated":true}]}}