{"id":15499,"date":"2023-09-19T15:42:40","date_gmt":"2023-09-19T19:42:40","guid":{"rendered":"https:\/\/cpar.ufms.br\/?page_id=15499"},"modified":"2023-10-28T21:27:37","modified_gmt":"2023-10-29T01:27:37","slug":"i-jornada-de-psicologia-social-resistencia-transformacao-abraspo-cpar","status":"publish","type":"page","link":"https:\/\/cpar.ufms.br\/en\/i-jornada-de-psicologia-social-resistencia-transformacao-abraspo-cpar\/","title":{"rendered":"I Jornada de PSICOLOGIA SOCIAL &#8211; Resist\u00eancia &amp; Transforma\u00e7\u00e3o ABRAPSO-CPAR"},"content":{"rendered":"<p style=\"text-align: justify\">O N\u00daCLEO ABRAPSO-Cpar &#8211; Associa\u00e7\u00e3o Brasileira de Psicologia Social e o C\u00e2mpus de Parana\u00edba da Universidade Federal de Mato Grosso do Sul, realizar\u00e3o a 1\u00b0 Jornada de Psicologia Social, com a tem\u00e1tica Resist\u00eancia e Transforma\u00e7\u00e3o. O evento acontecer\u00e1 nos dias 30 e 31 de outubro de 2023, no CPAR.<\/p>\n<p>Confira a programa\u00e7\u00e3o do evento:<\/p>\n<p>&nbsp;<\/p>\n<p><a href=\"https:\/\/cpar.ufms.br\/files\/2023\/09\/Normas-submissao-de-trabalho-ABRAPSO-CPAR-2023.pdf\"><strong>Acesse aqui as normas para submiss\u00e3o de trabalhos!<\/strong><\/a><\/p>\n<p><a href=\"http:\/\/www.instagram.com\/abrapso_cpar\"><strong>Acesse a p\u00e1gina no INSTAGRAM do N\u00daCLEO ABRAPSO-Cpar<\/strong><\/a>\n<p style=\"text-align: justify\">O N\u00daCLEO ABRAPSO-Cpar &#8211; Associa\u00e7\u00e3o Brasileira de Psicologia Social e o C\u00e2mpus de Parana\u00edba da Universidade Federal de Mato Grosso do Sul, realizar\u00e3o a 1\u00b0 Jornada de Psicologia Social, com a tem\u00e1tica Resist\u00eancia e Transforma\u00e7\u00e3o. O evento acontecer\u00e1 nos dias 30 e 31 de outubro de 2023, no CPAR.<\/p>\n<p>Confira a programa\u00e7\u00e3o do evento:<\/p>\n<p>&nbsp;<\/p>\n<p><a href=\"https:\/\/cpar.ufms.br\/files\/2023\/09\/Normas-submissao-de-trabalho-ABRAPSO-CPAR-2023.pdf\"><strong>Acesse aqui as normas para submiss\u00e3o de trabalhos!<\/strong><\/a><\/p>\n<p><a href=\"http:\/\/www.instagram.com\/abrapso_cpar\"><strong>Acesse a p\u00e1gina no INSTAGRAM do N\u00daCLEO ABRAPSO-Cpar<\/strong><\/a>\n<p style=\"text-align: justify\">O N\u00daCLEO ABRAPSO-Cpar &#8211; Associa\u00e7\u00e3o Brasileira de Psicologia Social e o C\u00e2mpus de Parana\u00edba da Universidade Federal de Mato Grosso do Sul, realizar\u00e3o a 1\u00b0 Jornada de Psicologia Social, com a tem\u00e1tica Resist\u00eancia e Transforma\u00e7\u00e3o. O evento acontecer\u00e1 nos dias 30 e 31 de outubro de 2023, no CPAR.<\/p>\n<p>Confira a programa\u00e7\u00e3o do evento:<\/p>\n<p><a href=\"https:\/\/cpar.ufms.br\/files\/2023\/10\/Programacao-Jornada.png\"><img decoding=\"async\" class=\"aligncenter size-full wp-image-15589\" src=\"https:\/\/cpar.ufms.br\/files\/2023\/10\/Programacao-Jornada.png\" alt=\"\" width=\"796\" height=\"796\" \/><\/a><\/p>\n<p><a href=\"https:\/\/cpar.ufms.br\/files\/2023\/09\/Normas-submissao-de-trabalho-ABRAPSO-CPAR-2023.pdf\"><strong>Acesse aqui as normas para submiss\u00e3o de trabalhos!<\/strong><\/a><\/p>\n<p><a href=\"http:\/\/www.instagram.com\/abrapso_cpar\"><strong>Acesse a p\u00e1gina no INSTAGRAM do N\u00daCLEO ABRAPSO-Cpar<\/strong><\/a><\/p>\n<p style=\"text-align: justify\">O N\u00daCLEO ABRAPSO-Cpar &#8211; Associa\u00e7\u00e3o Brasileira de Psicologia Social e o C\u00e2mpus de Parana\u00edba da Universidade Federal de Mato Grosso do Sul, realizar\u00e3o a 1\u00b0 Jornada de Psicologia Social, com a tem\u00e1tica Resist\u00eancia e Transforma\u00e7\u00e3o. O evento acontecer\u00e1 nos dias 30 e 31 de outubro de 2023, no CPAR.<\/p>\n<p>Confira a programa\u00e7\u00e3o do evento:<\/p>\n<p><a href=\"https:\/\/cpar.ufms.br\/files\/2023\/09\/programacao-2.png\"><img decoding=\"async\" class=\"aligncenter size-full wp-image-15502\" src=\"https:\/\/cpar.ufms.br\/files\/2023\/09\/programacao-2.png\" alt=\"\" width=\"794\" height=\"788\" srcset=\"https:\/\/cpar.ufms.br\/files\/2023\/09\/programacao-2.png 794w, https:\/\/cpar.ufms.br\/files\/2023\/09\/programacao-2-300x298.png 300w, https:\/\/cpar.ufms.br\/files\/2023\/09\/programacao-2-150x150.png 150w, https:\/\/cpar.ufms.br\/files\/2023\/09\/programacao-2-768x762.png 768w, https:\/\/cpar.ufms.br\/files\/2023\/09\/programacao-2-322x320.png 322w\" sizes=\"(max-width: 794px) 100vw, 794px\" \/><\/a><\/p>\n<p><a href=\"https:\/\/cpar.ufms.br\/files\/2023\/09\/Normas-submissao-de-trabalho-ABRAPSO-CPAR-2023.pdf\"><strong>Acesse aqui as normas para submiss\u00e3o de trabalhos!<\/strong><\/a><\/p>\n<p><a href=\"http:\/\/www.instagram.com\/abrapso_cpar\"><strong>Acesse a p\u00e1gina no INSTAGRAM do N\u00daCLEO ABRAPSO-Cpar<\/strong><\/a>","protected":false},"excerpt":{"rendered":"<p>O N\u00daCLEO ABRAPSO-Cpar &#8211; Associa\u00e7\u00e3o Brasileira de Psicologia Social e o C\u00e2mpus de Parana\u00edba da Universidade Federal de Mato Grosso do Sul, realizar\u00e3o a 1\u00b0 Jornada de Psicologia Social, com a tem\u00e1tica Resist\u00eancia e Transforma\u00e7\u00e3o. O evento acontecer\u00e1 nos dias 30 e 31 de outubro de 2023, no CPAR. Confira a programa\u00e7\u00e3o do evento: &nbsp; [&hellip;]<\/p>\n","protected":false},"author":1381,"featured_media":15500,"parent":0,"menu_order":0,"comment_status":"closed","ping_status":"closed","template":"page-templates\/page-coordenadorias.php","meta":{"footnotes":""},"coauthors":[],"class_list":["post-15499","page","type-page","status-publish","has-post-thumbnail","hentry"],"yoast_head":"<!-- This site is optimized with the Yoast SEO plugin v26.2 - https:\/\/yoast.com\/wordpress\/plugins\/seo\/ -->\n<title>I Jornada de PSICOLOGIA SOCIAL - Resist\u00eancia &amp; Transforma\u00e7\u00e3o ABRAPSO-CPAR - CPAR - Campus de Parana\u00edba<\/title>\n<meta name=\"robots\" content=\"index, follow, max-snippet:-1, max-image-preview:large, max-video-preview:-1\" \/>\n<link rel=\"canonical\" href=\"https:\/\/cpar.ufms.br\/i-jornada-de-psicologia-social-resistencia-transformacao-abraspo-cpar\/\" \/>\n<meta property=\"og:locale\" content=\"en_US\" \/>\n<meta property=\"og:type\" content=\"article\" \/>\n<meta property=\"og:title\" content=\"I Jornada de PSICOLOGIA SOCIAL - Resist\u00eancia &amp; Transforma\u00e7\u00e3o ABRAPSO-CPAR - CPAR - Campus de Parana\u00edba\" \/>\n<meta property=\"og:description\" content=\"O N\u00daCLEO ABRAPSO-Cpar &#8211; Associa\u00e7\u00e3o Brasileira de Psicologia Social e o C\u00e2mpus de Parana\u00edba da Universidade Federal de Mato Grosso do Sul, realizar\u00e3o a 1\u00b0 Jornada de Psicologia Social, com a tem\u00e1tica Resist\u00eancia e Transforma\u00e7\u00e3o. O evento acontecer\u00e1 nos dias 30 e 31 de outubro de 2023, no CPAR. Confira a programa\u00e7\u00e3o do evento: &nbsp; [&hellip;]\" \/>\n<meta property=\"og:url\" content=\"https:\/\/cpar.ufms.br\/i-jornada-de-psicologia-social-resistencia-transformacao-abraspo-cpar\/\" \/>\n<meta property=\"og:site_name\" content=\"CPAR - Campus de Parana\u00edba\" \/>\n<meta property=\"article:modified_time\" content=\"2023-10-29T01:27:37+00:00\" \/>\n<meta property=\"og:image\" content=\"https:\/\/cpar.ufms.br\/files\/2023\/09\/logo-longo-1.png\" \/>\n\t<meta property=\"og:image:width\" content=\"1359\" \/>\n\t<meta property=\"og:image:height\" content=\"430\" \/>\n\t<meta property=\"og:image:type\" content=\"image\/png\" \/>\n<meta name=\"twitter:label1\" content=\"Est. reading time\" \/>\n\t<meta name=\"twitter:data1\" content=\"4 minutes\" \/>\n\t<meta name=\"twitter:label2\" content=\"Written by\" \/>\n\t<meta name=\"twitter:data2\" content=\"dirceu.matos\" \/>\n<script type=\"application\/ld+json\" class=\"yoast-schema-graph\">{\"@context\":\"https:\/\/schema.org\",\"@graph\":[{\"@type\":\"WebPage\",\"@id\":\"https:\/\/cpar.ufms.br\/i-jornada-de-psicologia-social-resistencia-transformacao-abraspo-cpar\/\",\"url\":\"https:\/\/cpar.ufms.br\/i-jornada-de-psicologia-social-resistencia-transformacao-abraspo-cpar\/\",\"name\":\"I Jornada de PSICOLOGIA SOCIAL - Resist\u00eancia &amp; Transforma\u00e7\u00e3o ABRAPSO-CPAR - CPAR - Campus de Parana\u00edba\",\"isPartOf\":{\"@id\":\"https:\/\/cpar.ufms.br\/#website\"},\"primaryImageOfPage\":{\"@id\":\"https:\/\/cpar.ufms.br\/i-jornada-de-psicologia-social-resistencia-transformacao-abraspo-cpar\/#primaryimage\"},\"image\":{\"@id\":\"https:\/\/cpar.ufms.br\/i-jornada-de-psicologia-social-resistencia-transformacao-abraspo-cpar\/#primaryimage\"},\"thumbnailUrl\":\"https:\/\/cpar.ufms.br\/files\/2023\/09\/logo-longo-1.png\",\"datePublished\":\"2023-09-19T19:42:40+00:00\",\"dateModified\":\"2023-10-29T01:27:37+00:00\",\"breadcrumb\":{\"@id\":\"https:\/\/cpar.ufms.br\/i-jornada-de-psicologia-social-resistencia-transformacao-abraspo-cpar\/#breadcrumb\"},\"inLanguage\":\"en-US\",\"potentialAction\":[{\"@type\":\"ReadAction\",\"target\":[\"https:\/\/cpar.ufms.br\/i-jornada-de-psicologia-social-resistencia-transformacao-abraspo-cpar\/\"]}]},{\"@type\":\"ImageObject\",\"inLanguage\":\"en-US\",\"@id\":\"https:\/\/cpar.ufms.br\/i-jornada-de-psicologia-social-resistencia-transformacao-abraspo-cpar\/#primaryimage\",\"url\":\"https:\/\/cpar.ufms.br\/files\/2023\/09\/logo-longo-1.png\",\"contentUrl\":\"https:\/\/cpar.ufms.br\/files\/2023\/09\/logo-longo-1.png\",\"width\":1359,\"height\":430},{\"@type\":\"BreadcrumbList\",\"@id\":\"https:\/\/cpar.ufms.br\/i-jornada-de-psicologia-social-resistencia-transformacao-abraspo-cpar\/#breadcrumb\",\"itemListElement\":[{\"@type\":\"ListItem\",\"position\":1,\"name\":\"In\u00edcio\",\"item\":\"https:\/\/cpar.ufms.br\/\"},{\"@type\":\"ListItem\",\"position\":2,\"name\":\"I Jornada de PSICOLOGIA SOCIAL &#8211; Resist\u00eancia &amp; Transforma\u00e7\u00e3o ABRAPSO-CPAR\"}]},{\"@type\":\"WebSite\",\"@id\":\"https:\/\/cpar.ufms.br\/#website\",\"url\":\"https:\/\/cpar.ufms.br\/\",\"name\":\"CPAR - Campus de Parana\u00edba\",\"description\":\"Universidade Federal de Mato Grosso do Sul\",\"potentialAction\":[{\"@type\":\"SearchAction\",\"target\":{\"@type\":\"EntryPoint\",\"urlTemplate\":\"https:\/\/cpar.ufms.br\/?s={search_term_string}\"},\"query-input\":{\"@type\":\"PropertyValueSpecification\",\"valueRequired\":true,\"valueName\":\"search_term_string\"}}],\"inLanguage\":\"en-US\"}]}<\/script>\n<!-- \/ Yoast SEO plugin. -->","yoast_head_json":{"title":"I Jornada de PSICOLOGIA SOCIAL - Resist\u00eancia &amp; Transforma\u00e7\u00e3o ABRAPSO-CPAR - CPAR - Campus de Parana\u00edba","robots":{"index":"index","follow":"follow","max-snippet":"max-snippet:-1","max-image-preview":"max-image-preview:large","max-video-preview":"max-video-preview:-1"},"canonical":"https:\/\/cpar.ufms.br\/i-jornada-de-psicologia-social-resistencia-transformacao-abraspo-cpar\/","og_locale":"en_US","og_type":"article","og_title":"I Jornada de PSICOLOGIA SOCIAL - Resist\u00eancia &amp; Transforma\u00e7\u00e3o ABRAPSO-CPAR - CPAR - Campus de Parana\u00edba","og_description":"O N\u00daCLEO ABRAPSO-Cpar &#8211; Associa\u00e7\u00e3o Brasileira de Psicologia Social e o C\u00e2mpus de Parana\u00edba da Universidade Federal de Mato Grosso do Sul, realizar\u00e3o a 1\u00b0 Jornada de Psicologia Social, com a tem\u00e1tica Resist\u00eancia e Transforma\u00e7\u00e3o. O evento acontecer\u00e1 nos dias 30 e 31 de outubro de 2023, no CPAR. Confira a programa\u00e7\u00e3o do evento: &nbsp; [&hellip;]","og_url":"https:\/\/cpar.ufms.br\/i-jornada-de-psicologia-social-resistencia-transformacao-abraspo-cpar\/","og_site_name":"CPAR - Campus de Parana\u00edba","article_modified_time":"2023-10-29T01:27:37+00:00","og_image":[{"width":1359,"height":430,"url":"https:\/\/cpar.ufms.br\/files\/2023\/09\/logo-longo-1.png","type":"image\/png"}],"twitter_misc":{"Est. reading time":"4 minutes","Written by":"dirceu.matos"},"schema":{"@context":"https:\/\/schema.org","@graph":[{"@type":"WebPage","@id":"https:\/\/cpar.ufms.br\/i-jornada-de-psicologia-social-resistencia-transformacao-abraspo-cpar\/","url":"https:\/\/cpar.ufms.br\/i-jornada-de-psicologia-social-resistencia-transformacao-abraspo-cpar\/","name":"I Jornada de PSICOLOGIA SOCIAL - Resist\u00eancia &amp; Transforma\u00e7\u00e3o ABRAPSO-CPAR - CPAR - Campus de Parana\u00edba","isPartOf":{"@id":"https:\/\/cpar.ufms.br\/#website"},"primaryImageOfPage":{"@id":"https:\/\/cpar.ufms.br\/i-jornada-de-psicologia-social-resistencia-transformacao-abraspo-cpar\/#primaryimage"},"image":{"@id":"https:\/\/cpar.ufms.br\/i-jornada-de-psicologia-social-resistencia-transformacao-abraspo-cpar\/#primaryimage"},"thumbnailUrl":"https:\/\/cpar.ufms.br\/files\/2023\/09\/logo-longo-1.png","datePublished":"2023-09-19T19:42:40+00:00","dateModified":"2023-10-29T01:27:37+00:00","breadcrumb":{"@id":"https:\/\/cpar.ufms.br\/i-jornada-de-psicologia-social-resistencia-transformacao-abraspo-cpar\/#breadcrumb"},"inLanguage":"en-US","potentialAction":[{"@type":"ReadAction","target":["https:\/\/cpar.ufms.br\/i-jornada-de-psicologia-social-resistencia-transformacao-abraspo-cpar\/"]}]},{"@type":"ImageObject","inLanguage":"en-US","@id":"https:\/\/cpar.ufms.br\/i-jornada-de-psicologia-social-resistencia-transformacao-abraspo-cpar\/#primaryimage","url":"https:\/\/cpar.ufms.br\/files\/2023\/09\/logo-longo-1.png","contentUrl":"https:\/\/cpar.ufms.br\/files\/2023\/09\/logo-longo-1.png","width":1359,"height":430},{"@type":"BreadcrumbList","@id":"https:\/\/cpar.ufms.br\/i-jornada-de-psicologia-social-resistencia-transformacao-abraspo-cpar\/#breadcrumb","itemListElement":[{"@type":"ListItem","position":1,"name":"In\u00edcio","item":"https:\/\/cpar.ufms.br\/"},{"@type":"ListItem","position":2,"name":"I Jornada de PSICOLOGIA SOCIAL &#8211; Resist\u00eancia &amp; Transforma\u00e7\u00e3o ABRAPSO-CPAR"}]},{"@type":"WebSite","@id":"https:\/\/cpar.ufms.br\/#website","url":"https:\/\/cpar.ufms.br\/","name":"CPAR - Campus de Parana\u00edba","description":"Universidade Federal de Mato Grosso do Sul","potentialAction":[{"@type":"SearchAction","target":{"@type":"EntryPoint","urlTemplate":"https:\/\/cpar.ufms.br\/?s={search_term_string}"},"query-input":{"@type":"PropertyValueSpecification","valueRequired":true,"valueName":"search_term_string"}}],"inLanguage":"en-US"}]}},"_links":{"self":[{"href":"https:\/\/cpar.ufms.br\/en\/wp-json\/wp\/v2\/pages\/15499","targetHints":{"allow":["GET"]}}],"collection":[{"href":"https:\/\/cpar.ufms.br\/en\/wp-json\/wp\/v2\/pages"}],"about":[{"href":"https:\/\/cpar.ufms.br\/en\/wp-json\/wp\/v2\/types\/page"}],"author":[{"embeddable":true,"href":"https:\/\/cpar.ufms.br\/en\/wp-json\/wp\/v2\/users\/1381"}],"replies":[{"embeddable":true,"href":"https:\/\/cpar.ufms.br\/en\/wp-json\/wp\/v2\/comments?post=15499"}],"version-history":[{"count":11,"href":"https:\/\/cpar.ufms.br\/en\/wp-json\/wp\/v2\/pages\/15499\/revisions"}],"predecessor-version":[{"id":15603,"href":"https:\/\/cpar.ufms.br\/en\/wp-json\/wp\/v2\/pages\/15499\/revisions\/15603"}],"wp:featuredmedia":[{"embeddable":true,"href":"https:\/\/cpar.ufms.br\/en\/wp-json\/wp\/v2\/media\/15500"}],"wp:attachment":[{"href":"https:\/\/cpar.ufms.br\/en\/wp-json\/wp\/v2\/media?parent=15499"}],"wp:term":[{"taxonomy":"author","embeddable":true,"href":"https:\/\/cpar.ufms.br\/en\/wp-json\/wp\/v2\/coauthors?post=15499"}],"curies":[{"name":"wp","href":"https:\/\/api.w.org\/{rel}","templated":true}]}}