{"id":15551,"date":"2023-10-16T14:25:41","date_gmt":"2023-10-16T18:25:41","guid":{"rendered":"https:\/\/cpar.ufms.br\/?page_id=15551"},"modified":"2025-11-13T16:31:22","modified_gmt":"2025-11-13T20:31:22","slug":"eleicoes","status":"publish","type":"page","link":"https:\/\/cpar.ufms.br\/en\/eleicoes\/","title":{"rendered":"Elei\u00e7\u00f5es"},"content":{"rendered":"<h3><span style=\"color: #008000\">EM ANDAMENTO<br \/>\n<\/span><br \/>\nColegiados e Coordenadores de Curso &#8211; bi\u00eanio 2026-2028<\/h3>\n<p><a href=\"https:\/\/cpar.ufms.br\/files\/2025\/11\/edital-32-1.pdf\" target=\"_blank\" rel=\"noopener\">EDITAL CPAR\/UFMS N\u00b0 32, DE 12 DE NOVEMBRO DE 202<\/a>5 &#8211; <span style=\"color: #0000ff\"><strong>Links de vota\u00e7\u00e3o<\/strong><\/span><\/p>\n<p><a href=\"https:\/\/cpar.ufms.br\/files\/2025\/11\/Edital-31-1.pdf\" target=\"_blank\" rel=\"noopener\">EDITAL CPAR\/UFMS N\u00b0 31, DE 11 DE NOVEMBRO DE 2025<\/a> &#8211; Inscri\u00e7\u00f5es deferidas para elei\u00e7\u00e3o dos Coordenadores dos Cursos de Gradua\u00e7\u00e3o do C\u00e2mpus de Parana\u00edba<\/p>\n<p><a href=\"https:\/\/boletimoficial.ufms.br\/bse\/publicacao?id=577586\">EDITAL CPAR\/UFMS N\u00b0 30, DE 3 DE NOVEMBRO DE 2025<\/a> &#8211; Resultado das Elei\u00e7\u00f5es para os membros dos Colegiados de Curso<\/p>\n<p><a href=\"https:\/\/boletimoficial.ufms.br\/bse\/publicacao?id=576976\">EDITAL CPAR\/UFMS No 29, DE 27 DE OUTUBRO DE 2025<\/a> &#8211; Divulga os links para vota\u00e7\u00e3o.<\/p>\n<p><a href=\"https:\/\/boletimoficial.ufms.br\/bse\/publicacao?id=576975\">EDITAL CPAR\/UFMS No 28, DE 27 DE OUTUBRO DE 2025<\/a> &#8211; Divulga a lista final dos eleitores dos cursos de gradua\u00e7\u00e3o do C\u00e2mpus de Parana\u00edba.<\/p>\n<p><a href=\"https:\/\/boletimoficial.ufms.br\/bse\/publicacao?id=576878\">EDITAL CPAR\/UFMS N\u00b0 27, DE 22 DE OUTUBRO DE 2025(*)<\/a> &#8211; Divuga\u00e7\u00e3o das inscri\u00e7\u00f5es deferidas ou indeferidas<br \/>\n<a href=\"https:\/\/boletimoficial.ufms.br\/bse\/publicacao?id=576317\">EDITAL CPAR\/UFMS N\u00ba 26, DE 21 DE OUTUBRO DE 2025\u00a0<\/a> &#8211; Lista Preliminar dos Eleitores Aptos a Votarem (professores e estudantes)<br \/>\n<a href=\"https:\/\/boletimoficial.ufms.br\/bse\/publicacao?id=575723\">EDITAL CPAR\/UFMS N\u00ba 25, DE 14 DE OUTUBRO DE 2025<\/a> &#8211; Regras das Elei\u00e7\u00f5es<br \/>\n<a href=\"https:\/\/boletimoficial.ufms.br\/bse\/publicacao?id=575234\">RESOLU\u00c7\u00c3O N\u00ba 817-CAS\/CPAR\/UFMS, DE 08 DE OUTUBRO DE 2025 (*)<\/a> &#8211; Constitui a Comiss\u00e3o Eleitoral<br \/>\n<a href=\"https:\/\/boletimoficial.ufms.br\/bse\/publicacao?id=575186\">RESOLU\u00c7\u00c3O N\u00ba 816-CAS\/CPAR\/UFMS, DE 08 DE OUTUBRO DE 2025<\/a> &#8211; Normas Complementares emitidas pelo Conselho de C\u00e2mpus<br \/>\n<a href=\"https:\/\/boletimoficial.ufms.br\/bse\/publicacao?id=574332\">PORTARIA N\u00ba 1.424-RTR\/UFMS, DE 29 DE SETEMBRO DE 2025<\/a> &#8211; Determina a realiza\u00e7\u00e3o das Elei\u00e7\u00f5es<\/p>\n<h2><span style=\"color: #ff0000\">CONCLU\u00cdDAS<\/span><\/h2>\n<p>Colegiados e coordenadores de curso<\/p>\n<ol>\n<li><a href=\"https:\/\/cpar.ufms.br\/files\/2023\/10\/SEI_UFMS-4388784-Resolucao.pdf\" target=\"_blank\" rel=\"noopener\">Resolu\u00e7\u00e3o n\u00b0554<\/a><\/li>\n<li><a href=\"https:\/\/cpar.ufms.br\/files\/2023\/10\/SEI_23456.000732_2023_41-2.pdf\" target=\"_blank\" rel=\"noopener\">Edital CPAR n\u00b0 28<\/a><\/li>\n<li><a href=\"https:\/\/cpar.ufms.br\/files\/2023\/10\/SEI_UFMS-4404256-Edital.pdf\" target=\"_blank\" rel=\"noopener\">Edital CPAR n\u00b0 29<\/a><\/li>\n<li><a href=\"https:\/\/cpar.ufms.br\/files\/2023\/10\/SEI_UFMS-4411993-Edital.pdf\" target=\"_blank\" rel=\"noopener\">Edital CPAR n\u00b0 30<\/a><\/li>\n<li><a href=\"https:\/\/cpar.ufms.br\/files\/2023\/11\/RESOLUCAO-N-560-CAS_CPAR_UFMS-DE-31-DE-OUTUBRO-DE-2023.pdf\" target=\"_blank\" rel=\"noopener\">Resolu\u00e7\u00e3o n\u00b0560 &#8211; CAS\/CPAR<\/a><\/li>\n<li><a href=\"https:\/\/cpar.ufms.br\/files\/2023\/11\/EDITAL-CPAR_UFMS-N-31-DE-31-DE-OUTUBRO-DE-2023.pdf\" target=\"_blank\" rel=\"noopener\">Edital CPAR n\u00b0 31<\/a><\/li>\n<li><a href=\"https:\/\/cpar.ufms.br\/files\/2023\/11\/SEI_UFMS-4434027-Ata.pdf\" target=\"_blank\" rel=\"noopener\">Ata da 1\u00aa reuni\u00e3o<\/a><\/li>\n<li><a href=\"https:\/\/cpar.ufms.br\/files\/2023\/11\/SEI_UFMS-4434034-Edital-1.pdf\" target=\"_blank\" rel=\"noopener\">Edital CPAR n\u00b0 32<\/a><\/li>\n<li><a href=\"https:\/\/cpar.ufms.br\/files\/2023\/11\/SEI_UFMS-4436593-Edital.pdf\" target=\"_blank\" rel=\"noopener\">Edital CPAR n\u00b0 33<\/a><\/li>\n<li><a href=\"https:\/\/cpar.ufms.br\/files\/2023\/11\/SEI_UFMS-4436610-Resolucao.pdf\" target=\"_blank\" rel=\"noopener\">Resolu\u00e7\u00e3o n\u00b0 563 CAS\/CPAR<\/a><\/li>\n<li><a href=\"https:\/\/cpar.ufms.br\/files\/2023\/11\/SEI_UFMS-4436632-Portaria-de-Pessoal.pdf\" target=\"_blank\" rel=\"noopener\">Portaria CPAR n\u00b0 146<\/a><\/li>\n<li><a href=\"https:\/\/cpar.ufms.br\/files\/2023\/11\/SEI_UFMS-4443849-Anexo.pdf\" target=\"_blank\" rel=\"noopener\">Lista dos eleitores aptos a votar<\/a><\/li>\n<li><a href=\"https:\/\/cpar.ufms.br\/files\/2023\/11\/SEI_UFMS-4450725-Edital-1.pdf\" target=\"_blank\" rel=\"noopener\">Edital CPAR n\u00b0 34<\/a><\/li>\n<li><a href=\"https:\/\/cpar.ufms.br\/files\/2023\/11\/SEI_UFMS-4465173-Edital.pdf\" target=\"_blank\" rel=\"noopener\">Edital CPAR n\u00b0 37 &#8211; Resultado preliminar<\/a><\/li>\n<li><a href=\"https:\/\/cpar.ufms.br\/files\/2024\/02\/EDITAL__CPAR__n_6__de_02_02_2024.pdf\">Edital CPAR n.06 de 2024 &#8211; homologa\u00e7\u00e3o das inscri\u00e7\u00f5es<\/a><\/li>\n<\/ol>\n","protected":false},"excerpt":{"rendered":"<p>EM ANDAMENTO Colegiados e Coordenadores de Curso &#8211; bi\u00eanio 2026-2028 EDITAL CPAR\/UFMS N\u00b0 32, DE 12 DE NOVEMBRO DE 2025 &#8211; Links de vota\u00e7\u00e3o EDITAL CPAR\/UFMS N\u00b0 31, DE 11 DE NOVEMBRO DE 2025 &#8211; Inscri\u00e7\u00f5es deferidas para elei\u00e7\u00e3o dos Coordenadores dos Cursos de Gradua\u00e7\u00e3o do C\u00e2mpus de Parana\u00edba EDITAL CPAR\/UFMS N\u00b0 30, DE 3 [&hellip;]<\/p>\n","protected":false},"author":6362,"featured_media":0,"parent":0,"menu_order":0,"comment_status":"closed","ping_status":"closed","template":"","meta":{"footnotes":""},"coauthors":[371],"class_list":["post-15551","page","type-page","status-publish","hentry"],"yoast_head":"<!-- This site is optimized with the Yoast SEO plugin v26.2 - https:\/\/yoast.com\/wordpress\/plugins\/seo\/ -->\n<title>Elei\u00e7\u00f5es - CPAR - Campus de Parana\u00edba<\/title>\n<meta name=\"robots\" content=\"index, follow, max-snippet:-1, max-image-preview:large, max-video-preview:-1\" \/>\n<link rel=\"canonical\" href=\"https:\/\/cpar.ufms.br\/eleicoes\/\" \/>\n<meta property=\"og:locale\" content=\"en_US\" \/>\n<meta property=\"og:type\" content=\"article\" \/>\n<meta property=\"og:title\" content=\"Elei\u00e7\u00f5es - CPAR - Campus de Parana\u00edba\" \/>\n<meta property=\"og:description\" content=\"EM ANDAMENTO Colegiados e Coordenadores de Curso &#8211; bi\u00eanio 2026-2028 EDITAL CPAR\/UFMS N\u00b0 32, DE 12 DE NOVEMBRO DE 2025 &#8211; Links de vota\u00e7\u00e3o EDITAL CPAR\/UFMS N\u00b0 31, DE 11 DE NOVEMBRO DE 2025 &#8211; Inscri\u00e7\u00f5es deferidas para elei\u00e7\u00e3o dos Coordenadores dos Cursos de Gradua\u00e7\u00e3o do C\u00e2mpus de Parana\u00edba EDITAL CPAR\/UFMS N\u00b0 30, DE 3 [&hellip;]\" \/>\n<meta property=\"og:url\" content=\"https:\/\/cpar.ufms.br\/eleicoes\/\" \/>\n<meta property=\"og:site_name\" content=\"CPAR - Campus de Parana\u00edba\" \/>\n<meta property=\"article:modified_time\" content=\"2025-11-13T20:31:22+00:00\" \/>\n<meta name=\"twitter:label1\" content=\"Est. reading time\" \/>\n\t<meta name=\"twitter:data1\" content=\"2 minutes\" \/>\n\t<meta name=\"twitter:label2\" content=\"Written by\" \/>\n\t<meta name=\"twitter:data2\" content=\"Ailton Junior\" \/>\n<script type=\"application\/ld+json\" class=\"yoast-schema-graph\">{\"@context\":\"https:\/\/schema.org\",\"@graph\":[{\"@type\":\"WebPage\",\"@id\":\"https:\/\/cpar.ufms.br\/eleicoes\/\",\"url\":\"https:\/\/cpar.ufms.br\/eleicoes\/\",\"name\":\"Elei\u00e7\u00f5es - CPAR - Campus de Parana\u00edba\",\"isPartOf\":{\"@id\":\"https:\/\/cpar.ufms.br\/#website\"},\"datePublished\":\"2023-10-16T18:25:41+00:00\",\"dateModified\":\"2025-11-13T20:31:22+00:00\",\"breadcrumb\":{\"@id\":\"https:\/\/cpar.ufms.br\/eleicoes\/#breadcrumb\"},\"inLanguage\":\"en-US\",\"potentialAction\":[{\"@type\":\"ReadAction\",\"target\":[\"https:\/\/cpar.ufms.br\/eleicoes\/\"]}]},{\"@type\":\"BreadcrumbList\",\"@id\":\"https:\/\/cpar.ufms.br\/eleicoes\/#breadcrumb\",\"itemListElement\":[{\"@type\":\"ListItem\",\"position\":1,\"name\":\"In\u00edcio\",\"item\":\"https:\/\/cpar.ufms.br\/\"},{\"@type\":\"ListItem\",\"position\":2,\"name\":\"Elei\u00e7\u00f5es\"}]},{\"@type\":\"WebSite\",\"@id\":\"https:\/\/cpar.ufms.br\/#website\",\"url\":\"https:\/\/cpar.ufms.br\/\",\"name\":\"CPAR - Campus de Parana\u00edba\",\"description\":\"Universidade Federal de Mato Grosso do Sul\",\"potentialAction\":[{\"@type\":\"SearchAction\",\"target\":{\"@type\":\"EntryPoint\",\"urlTemplate\":\"https:\/\/cpar.ufms.br\/?s={search_term_string}\"},\"query-input\":{\"@type\":\"PropertyValueSpecification\",\"valueRequired\":true,\"valueName\":\"search_term_string\"}}],\"inLanguage\":\"en-US\"}]}<\/script>\n<!-- \/ Yoast SEO plugin. -->","yoast_head_json":{"title":"Elei\u00e7\u00f5es - CPAR - Campus de Parana\u00edba","robots":{"index":"index","follow":"follow","max-snippet":"max-snippet:-1","max-image-preview":"max-image-preview:large","max-video-preview":"max-video-preview:-1"},"canonical":"https:\/\/cpar.ufms.br\/eleicoes\/","og_locale":"en_US","og_type":"article","og_title":"Elei\u00e7\u00f5es - CPAR - Campus de Parana\u00edba","og_description":"EM ANDAMENTO Colegiados e Coordenadores de Curso &#8211; bi\u00eanio 2026-2028 EDITAL CPAR\/UFMS N\u00b0 32, DE 12 DE NOVEMBRO DE 2025 &#8211; Links de vota\u00e7\u00e3o EDITAL CPAR\/UFMS N\u00b0 31, DE 11 DE NOVEMBRO DE 2025 &#8211; Inscri\u00e7\u00f5es deferidas para elei\u00e7\u00e3o dos Coordenadores dos Cursos de Gradua\u00e7\u00e3o do C\u00e2mpus de Parana\u00edba EDITAL CPAR\/UFMS N\u00b0 30, DE 3 [&hellip;]","og_url":"https:\/\/cpar.ufms.br\/eleicoes\/","og_site_name":"CPAR - Campus de Parana\u00edba","article_modified_time":"2025-11-13T20:31:22+00:00","twitter_misc":{"Est. reading time":"2 minutes","Written by":"Ailton Junior"},"schema":{"@context":"https:\/\/schema.org","@graph":[{"@type":"WebPage","@id":"https:\/\/cpar.ufms.br\/eleicoes\/","url":"https:\/\/cpar.ufms.br\/eleicoes\/","name":"Elei\u00e7\u00f5es - CPAR - Campus de Parana\u00edba","isPartOf":{"@id":"https:\/\/cpar.ufms.br\/#website"},"datePublished":"2023-10-16T18:25:41+00:00","dateModified":"2025-11-13T20:31:22+00:00","breadcrumb":{"@id":"https:\/\/cpar.ufms.br\/eleicoes\/#breadcrumb"},"inLanguage":"en-US","potentialAction":[{"@type":"ReadAction","target":["https:\/\/cpar.ufms.br\/eleicoes\/"]}]},{"@type":"BreadcrumbList","@id":"https:\/\/cpar.ufms.br\/eleicoes\/#breadcrumb","itemListElement":[{"@type":"ListItem","position":1,"name":"In\u00edcio","item":"https:\/\/cpar.ufms.br\/"},{"@type":"ListItem","position":2,"name":"Elei\u00e7\u00f5es"}]},{"@type":"WebSite","@id":"https:\/\/cpar.ufms.br\/#website","url":"https:\/\/cpar.ufms.br\/","name":"CPAR - Campus de Parana\u00edba","description":"Universidade Federal de Mato Grosso do Sul","potentialAction":[{"@type":"SearchAction","target":{"@type":"EntryPoint","urlTemplate":"https:\/\/cpar.ufms.br\/?s={search_term_string}"},"query-input":{"@type":"PropertyValueSpecification","valueRequired":true,"valueName":"search_term_string"}}],"inLanguage":"en-US"}]}},"_links":{"self":[{"href":"https:\/\/cpar.ufms.br\/en\/wp-json\/wp\/v2\/pages\/15551","targetHints":{"allow":["GET"]}}],"collection":[{"href":"https:\/\/cpar.ufms.br\/en\/wp-json\/wp\/v2\/pages"}],"about":[{"href":"https:\/\/cpar.ufms.br\/en\/wp-json\/wp\/v2\/types\/page"}],"author":[{"embeddable":true,"href":"https:\/\/cpar.ufms.br\/en\/wp-json\/wp\/v2\/users\/6362"}],"replies":[{"embeddable":true,"href":"https:\/\/cpar.ufms.br\/en\/wp-json\/wp\/v2\/comments?post=15551"}],"version-history":[{"count":24,"href":"https:\/\/cpar.ufms.br\/en\/wp-json\/wp\/v2\/pages\/15551\/revisions"}],"predecessor-version":[{"id":17188,"href":"https:\/\/cpar.ufms.br\/en\/wp-json\/wp\/v2\/pages\/15551\/revisions\/17188"}],"wp:attachment":[{"href":"https:\/\/cpar.ufms.br\/en\/wp-json\/wp\/v2\/media?parent=15551"}],"wp:term":[{"taxonomy":"author","embeddable":true,"href":"https:\/\/cpar.ufms.br\/en\/wp-json\/wp\/v2\/coauthors?post=15551"}],"curies":[{"name":"wp","href":"https:\/\/api.w.org\/{rel}","templated":true}]}}