{"id":16289,"date":"2024-09-23T14:19:45","date_gmt":"2024-09-23T18:19:45","guid":{"rendered":"https:\/\/cpar.ufms.br\/?page_id=16289"},"modified":"2025-12-11T16:18:50","modified_gmt":"2025-12-11T20:18:50","slug":"ppc-de-psicologia","status":"publish","type":"page","link":"https:\/\/cpar.ufms.br\/en\/ppc-de-psicologia\/","title":{"rendered":"Projeto Pedag\u00f3gico &#8211; Psicologia"},"content":{"rendered":"<p><strong><span style=\"color: #008000\">VIGENTE<\/span><\/strong><\/p>\n<p><a href=\"https:\/\/boletimoficial.ufms.br\/bse\/publicacao?id=582186\">Projeto Pedag\u00f3gico (a partir de 2026.1)\u00a0<\/a><\/p>\n<p>&nbsp;<\/p>\n<p><span style=\"color: #ff0000\"><strong>ANTERIORES<\/strong><\/span><\/p>\n<p><a href=\"https:\/\/cpar.ufms.br\/files\/2022\/11\/PPC-psico-a-partir-de-2023.1-RESOLUCAO-COGRAD-n-643-de-25-11-2022.pdf\">Projeto Pedag\u00f3gico (2022-<\/a><a href=\"https:\/\/cpar.ufms.br\/files\/2019\/04\/PPP-psicologia.pdf\">2025)<\/a><\/p>\n<p>&nbsp;<\/p>\n","protected":false},"excerpt":{"rendered":"<p>VIGENTE Projeto Pedag\u00f3gico (a partir de 2026.1)\u00a0 &nbsp; ANTERIORES Projeto Pedag\u00f3gico (2022-2025) &nbsp;<\/p>\n","protected":false},"author":1381,"featured_media":0,"parent":0,"menu_order":0,"comment_status":"closed","ping_status":"closed","template":"","meta":{"footnotes":""},"coauthors":[372],"class_list":["post-16289","page","type-page","status-publish","hentry"],"yoast_head":"<!-- This site is optimized with the Yoast SEO plugin v26.2 - https:\/\/yoast.com\/wordpress\/plugins\/seo\/ -->\n<title>Projeto Pedag\u00f3gico - Psicologia - CPAR - Campus de Parana\u00edba<\/title>\n<meta name=\"robots\" content=\"index, follow, max-snippet:-1, max-image-preview:large, max-video-preview:-1\" \/>\n<link rel=\"canonical\" href=\"https:\/\/cpar.ufms.br\/ppc-de-psicologia\/\" \/>\n<meta property=\"og:locale\" content=\"en_US\" \/>\n<meta property=\"og:type\" content=\"article\" \/>\n<meta property=\"og:title\" content=\"Projeto Pedag\u00f3gico - Psicologia - CPAR - Campus de Parana\u00edba\" \/>\n<meta property=\"og:description\" content=\"VIGENTE Projeto Pedag\u00f3gico (a partir de 2026.1)\u00a0 &nbsp; ANTERIORES Projeto Pedag\u00f3gico (2022-2025) &nbsp;\" \/>\n<meta property=\"og:url\" content=\"https:\/\/cpar.ufms.br\/ppc-de-psicologia\/\" \/>\n<meta property=\"og:site_name\" content=\"CPAR - Campus de Parana\u00edba\" \/>\n<meta property=\"article:modified_time\" content=\"2025-12-11T20:18:50+00:00\" \/>\n<meta name=\"twitter:label1\" content=\"Est. reading time\" \/>\n\t<meta name=\"twitter:data1\" content=\"1 minute\" \/>\n\t<meta name=\"twitter:label2\" content=\"Written by\" \/>\n\t<meta name=\"twitter:data2\" content=\"dirceu.matos\" \/>\n<script type=\"application\/ld+json\" class=\"yoast-schema-graph\">{\"@context\":\"https:\/\/schema.org\",\"@graph\":[{\"@type\":\"WebPage\",\"@id\":\"https:\/\/cpar.ufms.br\/ppc-de-psicologia\/\",\"url\":\"https:\/\/cpar.ufms.br\/ppc-de-psicologia\/\",\"name\":\"Projeto Pedag\u00f3gico - Psicologia - CPAR - Campus de Parana\u00edba\",\"isPartOf\":{\"@id\":\"https:\/\/cpar.ufms.br\/#website\"},\"datePublished\":\"2024-09-23T18:19:45+00:00\",\"dateModified\":\"2025-12-11T20:18:50+00:00\",\"breadcrumb\":{\"@id\":\"https:\/\/cpar.ufms.br\/ppc-de-psicologia\/#breadcrumb\"},\"inLanguage\":\"en-US\",\"potentialAction\":[{\"@type\":\"ReadAction\",\"target\":[\"https:\/\/cpar.ufms.br\/ppc-de-psicologia\/\"]}]},{\"@type\":\"BreadcrumbList\",\"@id\":\"https:\/\/cpar.ufms.br\/ppc-de-psicologia\/#breadcrumb\",\"itemListElement\":[{\"@type\":\"ListItem\",\"position\":1,\"name\":\"In\u00edcio\",\"item\":\"https:\/\/cpar.ufms.br\/\"},{\"@type\":\"ListItem\",\"position\":2,\"name\":\"Projeto Pedag\u00f3gico &#8211; Psicologia\"}]},{\"@type\":\"WebSite\",\"@id\":\"https:\/\/cpar.ufms.br\/#website\",\"url\":\"https:\/\/cpar.ufms.br\/\",\"name\":\"CPAR - Campus de Parana\u00edba\",\"description\":\"Universidade Federal de Mato Grosso do Sul\",\"potentialAction\":[{\"@type\":\"SearchAction\",\"target\":{\"@type\":\"EntryPoint\",\"urlTemplate\":\"https:\/\/cpar.ufms.br\/?s={search_term_string}\"},\"query-input\":{\"@type\":\"PropertyValueSpecification\",\"valueRequired\":true,\"valueName\":\"search_term_string\"}}],\"inLanguage\":\"en-US\"}]}<\/script>\n<!-- \/ Yoast SEO plugin. -->","yoast_head_json":{"title":"Projeto Pedag\u00f3gico - Psicologia - CPAR - Campus de Parana\u00edba","robots":{"index":"index","follow":"follow","max-snippet":"max-snippet:-1","max-image-preview":"max-image-preview:large","max-video-preview":"max-video-preview:-1"},"canonical":"https:\/\/cpar.ufms.br\/ppc-de-psicologia\/","og_locale":"en_US","og_type":"article","og_title":"Projeto Pedag\u00f3gico - Psicologia - CPAR - Campus de Parana\u00edba","og_description":"VIGENTE Projeto Pedag\u00f3gico (a partir de 2026.1)\u00a0 &nbsp; ANTERIORES Projeto Pedag\u00f3gico (2022-2025) &nbsp;","og_url":"https:\/\/cpar.ufms.br\/ppc-de-psicologia\/","og_site_name":"CPAR - Campus de Parana\u00edba","article_modified_time":"2025-12-11T20:18:50+00:00","twitter_misc":{"Est. reading time":"1 minute","Written by":"dirceu.matos"},"schema":{"@context":"https:\/\/schema.org","@graph":[{"@type":"WebPage","@id":"https:\/\/cpar.ufms.br\/ppc-de-psicologia\/","url":"https:\/\/cpar.ufms.br\/ppc-de-psicologia\/","name":"Projeto Pedag\u00f3gico - Psicologia - CPAR - Campus de Parana\u00edba","isPartOf":{"@id":"https:\/\/cpar.ufms.br\/#website"},"datePublished":"2024-09-23T18:19:45+00:00","dateModified":"2025-12-11T20:18:50+00:00","breadcrumb":{"@id":"https:\/\/cpar.ufms.br\/ppc-de-psicologia\/#breadcrumb"},"inLanguage":"en-US","potentialAction":[{"@type":"ReadAction","target":["https:\/\/cpar.ufms.br\/ppc-de-psicologia\/"]}]},{"@type":"BreadcrumbList","@id":"https:\/\/cpar.ufms.br\/ppc-de-psicologia\/#breadcrumb","itemListElement":[{"@type":"ListItem","position":1,"name":"In\u00edcio","item":"https:\/\/cpar.ufms.br\/"},{"@type":"ListItem","position":2,"name":"Projeto Pedag\u00f3gico &#8211; Psicologia"}]},{"@type":"WebSite","@id":"https:\/\/cpar.ufms.br\/#website","url":"https:\/\/cpar.ufms.br\/","name":"CPAR - Campus de Parana\u00edba","description":"Universidade Federal de Mato Grosso do Sul","potentialAction":[{"@type":"SearchAction","target":{"@type":"EntryPoint","urlTemplate":"https:\/\/cpar.ufms.br\/?s={search_term_string}"},"query-input":{"@type":"PropertyValueSpecification","valueRequired":true,"valueName":"search_term_string"}}],"inLanguage":"en-US"}]}},"_links":{"self":[{"href":"https:\/\/cpar.ufms.br\/en\/wp-json\/wp\/v2\/pages\/16289","targetHints":{"allow":["GET"]}}],"collection":[{"href":"https:\/\/cpar.ufms.br\/en\/wp-json\/wp\/v2\/pages"}],"about":[{"href":"https:\/\/cpar.ufms.br\/en\/wp-json\/wp\/v2\/types\/page"}],"author":[{"embeddable":true,"href":"https:\/\/cpar.ufms.br\/en\/wp-json\/wp\/v2\/users\/1381"}],"replies":[{"embeddable":true,"href":"https:\/\/cpar.ufms.br\/en\/wp-json\/wp\/v2\/comments?post=16289"}],"version-history":[{"count":6,"href":"https:\/\/cpar.ufms.br\/en\/wp-json\/wp\/v2\/pages\/16289\/revisions"}],"predecessor-version":[{"id":17237,"href":"https:\/\/cpar.ufms.br\/en\/wp-json\/wp\/v2\/pages\/16289\/revisions\/17237"}],"wp:attachment":[{"href":"https:\/\/cpar.ufms.br\/en\/wp-json\/wp\/v2\/media?parent=16289"}],"wp:term":[{"taxonomy":"author","embeddable":true,"href":"https:\/\/cpar.ufms.br\/en\/wp-json\/wp\/v2\/coauthors?post=16289"}],"curies":[{"name":"wp","href":"https:\/\/api.w.org\/{rel}","templated":true}]}}