{"id":17228,"date":"2025-12-11T16:07:07","date_gmt":"2025-12-11T20:07:07","guid":{"rendered":"https:\/\/cpar.ufms.br\/?page_id=17228"},"modified":"2025-12-29T23:36:21","modified_gmt":"2025-12-30T03:36:21","slug":"projeto-pedagogico-do-curso","status":"publish","type":"page","link":"https:\/\/cpar.ufms.br\/en\/graduacao\/medicina-veterinaria\/projeto-pedagogico-do-curso\/","title":{"rendered":"Projeto Pedag\u00f3gico  &#8211; Medicina Veterin\u00e1ria"},"content":{"rendered":"<p><strong><span style=\"color: #008000\">VIGENTE<\/span><\/strong><\/p>\n<p><strong><a href=\"https:\/\/boletimoficial.ufms.br\/bse\/publicacao?id=582183\">Resolu\u00e7\u00e3o n\u00b0 1.320-COGRAD\/UFMS\/2025<\/a> &#8211; <\/strong>Altera a Resolu\u00e7\u00e3o n\u00ba 623, de 22 de novembro de 2022, que aprova o Projeto Pedag\u00f3gico do Curso de Medicina Veterin\u00e1ria, do C\u00e2mpus de Parana\u00edba.<\/p>\n<p><strong><a href=\"https:\/\/cpar.ufms.br\/files\/2022\/11\/RESOLUCAO-COGRAD-n-623-de-22-11-2022.pdf\">Resolu\u00e7\u00e3o n\u00ba 623-COGRAD\/UFMS\/2022<\/a>&#8211;<\/strong> Aprova o Projeto Pedag\u00f3gico do Curso Medicina Veterin\u00e1ria, do C\u00e2mpus de Parana\u00edba.<\/p>\n","protected":false},"excerpt":{"rendered":"<p>VIGENTE Resolu\u00e7\u00e3o n\u00b0 1.320-COGRAD\/UFMS\/2025 &#8211; Altera a Resolu\u00e7\u00e3o n\u00ba 623, de 22 de novembro de 2022, que aprova o Projeto Pedag\u00f3gico do Curso de Medicina Veterin\u00e1ria, do C\u00e2mpus de Parana\u00edba. Resolu\u00e7\u00e3o n\u00ba 623-COGRAD\/UFMS\/2022&#8211; Aprova o Projeto Pedag\u00f3gico do Curso Medicina Veterin\u00e1ria, do C\u00e2mpus de Parana\u00edba.<\/p>\n","protected":false},"author":26785,"featured_media":0,"parent":13614,"menu_order":0,"comment_status":"closed","ping_status":"closed","template":"","meta":{"footnotes":""},"coauthors":[375],"class_list":["post-17228","page","type-page","status-publish","hentry"],"yoast_head":"<!-- This site is optimized with the Yoast SEO plugin v26.2 - https:\/\/yoast.com\/wordpress\/plugins\/seo\/ -->\n<title>Projeto Pedag\u00f3gico - Medicina Veterin\u00e1ria - CPAR - Campus de Parana\u00edba<\/title>\n<meta name=\"robots\" content=\"index, follow, max-snippet:-1, max-image-preview:large, max-video-preview:-1\" \/>\n<link rel=\"canonical\" href=\"https:\/\/cpar.ufms.br\/graduacao\/medicina-veterinaria\/projeto-pedagogico-do-curso\/\" \/>\n<meta property=\"og:locale\" content=\"en_US\" \/>\n<meta property=\"og:type\" content=\"article\" \/>\n<meta property=\"og:title\" content=\"Projeto Pedag\u00f3gico - Medicina Veterin\u00e1ria - CPAR - Campus de Parana\u00edba\" \/>\n<meta property=\"og:description\" content=\"VIGENTE Resolu\u00e7\u00e3o n\u00b0 1.320-COGRAD\/UFMS\/2025 &#8211; Altera a Resolu\u00e7\u00e3o n\u00ba 623, de 22 de novembro de 2022, que aprova o Projeto Pedag\u00f3gico do Curso de Medicina Veterin\u00e1ria, do C\u00e2mpus de Parana\u00edba. Resolu\u00e7\u00e3o n\u00ba 623-COGRAD\/UFMS\/2022&#8211; Aprova o Projeto Pedag\u00f3gico do Curso Medicina Veterin\u00e1ria, do C\u00e2mpus de Parana\u00edba.\" \/>\n<meta property=\"og:url\" content=\"https:\/\/cpar.ufms.br\/graduacao\/medicina-veterinaria\/projeto-pedagogico-do-curso\/\" \/>\n<meta property=\"og:site_name\" content=\"CPAR - Campus de Parana\u00edba\" \/>\n<meta property=\"article:modified_time\" content=\"2025-12-30T03:36:21+00:00\" \/>\n<meta name=\"twitter:label1\" content=\"Est. reading time\" \/>\n\t<meta name=\"twitter:data1\" content=\"1 minute\" \/>\n\t<meta name=\"twitter:label2\" content=\"Written by\" \/>\n\t<meta name=\"twitter:data2\" content=\"Aurelio Mateus Araujo Souza\" \/>\n<script type=\"application\/ld+json\" class=\"yoast-schema-graph\">{\"@context\":\"https:\/\/schema.org\",\"@graph\":[{\"@type\":\"WebPage\",\"@id\":\"https:\/\/cpar.ufms.br\/graduacao\/medicina-veterinaria\/projeto-pedagogico-do-curso\/\",\"url\":\"https:\/\/cpar.ufms.br\/graduacao\/medicina-veterinaria\/projeto-pedagogico-do-curso\/\",\"name\":\"Projeto Pedag\u00f3gico - Medicina Veterin\u00e1ria - CPAR - Campus de Parana\u00edba\",\"isPartOf\":{\"@id\":\"https:\/\/cpar.ufms.br\/#website\"},\"datePublished\":\"2025-12-11T20:07:07+00:00\",\"dateModified\":\"2025-12-30T03:36:21+00:00\",\"breadcrumb\":{\"@id\":\"https:\/\/cpar.ufms.br\/graduacao\/medicina-veterinaria\/projeto-pedagogico-do-curso\/#breadcrumb\"},\"inLanguage\":\"en-US\",\"potentialAction\":[{\"@type\":\"ReadAction\",\"target\":[\"https:\/\/cpar.ufms.br\/graduacao\/medicina-veterinaria\/projeto-pedagogico-do-curso\/\"]}]},{\"@type\":\"BreadcrumbList\",\"@id\":\"https:\/\/cpar.ufms.br\/graduacao\/medicina-veterinaria\/projeto-pedagogico-do-curso\/#breadcrumb\",\"itemListElement\":[{\"@type\":\"ListItem\",\"position\":1,\"name\":\"In\u00edcio\",\"item\":\"https:\/\/cpar.ufms.br\/\"},{\"@type\":\"ListItem\",\"position\":2,\"name\":\"Gradua\u00e7\u00e3o\",\"item\":\"https:\/\/cpar.ufms.br\/graduacao\/\"},{\"@type\":\"ListItem\",\"position\":3,\"name\":\"Medicina Veterin\u00e1ria\",\"item\":\"https:\/\/cpar.ufms.br\/graduacao\/medicina-veterinaria\/\"},{\"@type\":\"ListItem\",\"position\":4,\"name\":\"Projeto Pedag\u00f3gico &#8211; Medicina Veterin\u00e1ria\"}]},{\"@type\":\"WebSite\",\"@id\":\"https:\/\/cpar.ufms.br\/#website\",\"url\":\"https:\/\/cpar.ufms.br\/\",\"name\":\"CPAR - Campus de Parana\u00edba\",\"description\":\"Universidade Federal de Mato Grosso do Sul\",\"potentialAction\":[{\"@type\":\"SearchAction\",\"target\":{\"@type\":\"EntryPoint\",\"urlTemplate\":\"https:\/\/cpar.ufms.br\/?s={search_term_string}\"},\"query-input\":{\"@type\":\"PropertyValueSpecification\",\"valueRequired\":true,\"valueName\":\"search_term_string\"}}],\"inLanguage\":\"en-US\"}]}<\/script>\n<!-- \/ Yoast SEO plugin. -->","yoast_head_json":{"title":"Projeto Pedag\u00f3gico - Medicina Veterin\u00e1ria - CPAR - Campus de Parana\u00edba","robots":{"index":"index","follow":"follow","max-snippet":"max-snippet:-1","max-image-preview":"max-image-preview:large","max-video-preview":"max-video-preview:-1"},"canonical":"https:\/\/cpar.ufms.br\/graduacao\/medicina-veterinaria\/projeto-pedagogico-do-curso\/","og_locale":"en_US","og_type":"article","og_title":"Projeto Pedag\u00f3gico - Medicina Veterin\u00e1ria - CPAR - Campus de Parana\u00edba","og_description":"VIGENTE Resolu\u00e7\u00e3o n\u00b0 1.320-COGRAD\/UFMS\/2025 &#8211; Altera a Resolu\u00e7\u00e3o n\u00ba 623, de 22 de novembro de 2022, que aprova o Projeto Pedag\u00f3gico do Curso de Medicina Veterin\u00e1ria, do C\u00e2mpus de Parana\u00edba. Resolu\u00e7\u00e3o n\u00ba 623-COGRAD\/UFMS\/2022&#8211; Aprova o Projeto Pedag\u00f3gico do Curso Medicina Veterin\u00e1ria, do C\u00e2mpus de Parana\u00edba.","og_url":"https:\/\/cpar.ufms.br\/graduacao\/medicina-veterinaria\/projeto-pedagogico-do-curso\/","og_site_name":"CPAR - Campus de Parana\u00edba","article_modified_time":"2025-12-30T03:36:21+00:00","twitter_misc":{"Est. reading time":"1 minute","Written by":"Aurelio Mateus Araujo Souza"},"schema":{"@context":"https:\/\/schema.org","@graph":[{"@type":"WebPage","@id":"https:\/\/cpar.ufms.br\/graduacao\/medicina-veterinaria\/projeto-pedagogico-do-curso\/","url":"https:\/\/cpar.ufms.br\/graduacao\/medicina-veterinaria\/projeto-pedagogico-do-curso\/","name":"Projeto Pedag\u00f3gico - Medicina Veterin\u00e1ria - CPAR - Campus de Parana\u00edba","isPartOf":{"@id":"https:\/\/cpar.ufms.br\/#website"},"datePublished":"2025-12-11T20:07:07+00:00","dateModified":"2025-12-30T03:36:21+00:00","breadcrumb":{"@id":"https:\/\/cpar.ufms.br\/graduacao\/medicina-veterinaria\/projeto-pedagogico-do-curso\/#breadcrumb"},"inLanguage":"en-US","potentialAction":[{"@type":"ReadAction","target":["https:\/\/cpar.ufms.br\/graduacao\/medicina-veterinaria\/projeto-pedagogico-do-curso\/"]}]},{"@type":"BreadcrumbList","@id":"https:\/\/cpar.ufms.br\/graduacao\/medicina-veterinaria\/projeto-pedagogico-do-curso\/#breadcrumb","itemListElement":[{"@type":"ListItem","position":1,"name":"In\u00edcio","item":"https:\/\/cpar.ufms.br\/"},{"@type":"ListItem","position":2,"name":"Gradua\u00e7\u00e3o","item":"https:\/\/cpar.ufms.br\/graduacao\/"},{"@type":"ListItem","position":3,"name":"Medicina Veterin\u00e1ria","item":"https:\/\/cpar.ufms.br\/graduacao\/medicina-veterinaria\/"},{"@type":"ListItem","position":4,"name":"Projeto Pedag\u00f3gico &#8211; Medicina Veterin\u00e1ria"}]},{"@type":"WebSite","@id":"https:\/\/cpar.ufms.br\/#website","url":"https:\/\/cpar.ufms.br\/","name":"CPAR - Campus de Parana\u00edba","description":"Universidade Federal de Mato Grosso do Sul","potentialAction":[{"@type":"SearchAction","target":{"@type":"EntryPoint","urlTemplate":"https:\/\/cpar.ufms.br\/?s={search_term_string}"},"query-input":{"@type":"PropertyValueSpecification","valueRequired":true,"valueName":"search_term_string"}}],"inLanguage":"en-US"}]}},"_links":{"self":[{"href":"https:\/\/cpar.ufms.br\/en\/wp-json\/wp\/v2\/pages\/17228","targetHints":{"allow":["GET"]}}],"collection":[{"href":"https:\/\/cpar.ufms.br\/en\/wp-json\/wp\/v2\/pages"}],"about":[{"href":"https:\/\/cpar.ufms.br\/en\/wp-json\/wp\/v2\/types\/page"}],"author":[{"embeddable":true,"href":"https:\/\/cpar.ufms.br\/en\/wp-json\/wp\/v2\/users\/26785"}],"replies":[{"embeddable":true,"href":"https:\/\/cpar.ufms.br\/en\/wp-json\/wp\/v2\/comments?post=17228"}],"version-history":[{"count":5,"href":"https:\/\/cpar.ufms.br\/en\/wp-json\/wp\/v2\/pages\/17228\/revisions"}],"predecessor-version":[{"id":17231,"href":"https:\/\/cpar.ufms.br\/en\/wp-json\/wp\/v2\/pages\/17228\/revisions\/17231"}],"up":[{"embeddable":true,"href":"https:\/\/cpar.ufms.br\/en\/wp-json\/wp\/v2\/pages\/13614"}],"wp:attachment":[{"href":"https:\/\/cpar.ufms.br\/en\/wp-json\/wp\/v2\/media?parent=17228"}],"wp:term":[{"taxonomy":"author","embeddable":true,"href":"https:\/\/cpar.ufms.br\/en\/wp-json\/wp\/v2\/coauthors?post=17228"}],"curies":[{"name":"wp","href":"https:\/\/api.w.org\/{rel}","templated":true}]}}