{"id":17238,"date":"2025-12-11T16:25:48","date_gmt":"2025-12-11T20:25:48","guid":{"rendered":"https:\/\/cpar.ufms.br\/?page_id=17238"},"modified":"2025-12-16T15:52:51","modified_gmt":"2025-12-16T19:52:51","slug":"projeto-pedagogico-matematica-2","status":"publish","type":"page","link":"https:\/\/cpar.ufms.br\/en\/graduacao\/matematica-licenciatura\/projeto-pedagogico-matematica-2\/","title":{"rendered":"Projeto Pedag\u00f3gico &#8211; Matem\u00e1tica"},"content":{"rendered":"<p><strong><span style=\"color: #008000\">VIGENTE<\/span><\/strong><\/p>\n<p><a href=\"https:\/\/boletimoficial.ufms.br\/bse\/publicacao?id=582187\"><strong>Resolu\u00e7\u00e3o n\u00b0 1.328-COGRAD\/UFMS\/2025 &#8211;\u00a0<\/strong><\/a> Altera a Resolu\u00e7\u00e3o n\u00ba 669, de 1\u00ba de dezembro de 2022, que aprova o Projeto Pedag\u00f3gico do Curso de Matem\u00e1tica \u2013 Licenciatura do C\u00e2mpus de Parana\u00edba.<\/p>\n<p><a href=\"https:\/\/cpar.ufms.br\/files\/2022\/12\/RESOLUCAO-COGRAD-n-669-de-01-12-2022.pdf\"><strong>Resolu\u00e7\u00e3o n\u00b0 669-COGRAD\/UFMS\/2022<\/strong> &#8211; <\/a>Aprova o Projeto Pedag\u00f3gico Do Curso de Matem\u00e1tica &#8211; Licenciatura do C\u00e2mpus de Parana\u00edba.<\/p>\n<p>&nbsp;<\/p>\n","protected":false},"excerpt":{"rendered":"<p>VIGENTE Resolu\u00e7\u00e3o n\u00b0 1.328-COGRAD\/UFMS\/2025 &#8211;\u00a0 Altera a Resolu\u00e7\u00e3o n\u00ba 669, de 1\u00ba de dezembro de 2022, que aprova o Projeto Pedag\u00f3gico do Curso de Matem\u00e1tica \u2013 Licenciatura do C\u00e2mpus de Parana\u00edba. Resolu\u00e7\u00e3o n\u00b0 669-COGRAD\/UFMS\/2022 &#8211; Aprova o Projeto Pedag\u00f3gico Do Curso de Matem\u00e1tica &#8211; Licenciatura do C\u00e2mpus de Parana\u00edba. &nbsp;<\/p>\n","protected":false},"author":1381,"featured_media":0,"parent":63,"menu_order":0,"comment_status":"closed","ping_status":"closed","template":"","meta":{"footnotes":""},"coauthors":[372],"class_list":["post-17238","page","type-page","status-publish","hentry"],"yoast_head":"<!-- This site is optimized with the Yoast SEO plugin v26.2 - https:\/\/yoast.com\/wordpress\/plugins\/seo\/ -->\n<title>Projeto Pedag\u00f3gico - Matem\u00e1tica - CPAR - Campus de Parana\u00edba<\/title>\n<meta name=\"robots\" content=\"index, follow, max-snippet:-1, max-image-preview:large, max-video-preview:-1\" \/>\n<link rel=\"canonical\" href=\"https:\/\/cpar.ufms.br\/graduacao\/matematica-licenciatura\/projeto-pedagogico-matematica-2\/\" \/>\n<meta property=\"og:locale\" content=\"en_US\" \/>\n<meta property=\"og:type\" content=\"article\" \/>\n<meta property=\"og:title\" content=\"Projeto Pedag\u00f3gico - Matem\u00e1tica - CPAR - Campus de Parana\u00edba\" \/>\n<meta property=\"og:description\" content=\"VIGENTE Resolu\u00e7\u00e3o n\u00b0 1.328-COGRAD\/UFMS\/2025 &#8211;\u00a0 Altera a Resolu\u00e7\u00e3o n\u00ba 669, de 1\u00ba de dezembro de 2022, que aprova o Projeto Pedag\u00f3gico do Curso de Matem\u00e1tica \u2013 Licenciatura do C\u00e2mpus de Parana\u00edba. Resolu\u00e7\u00e3o n\u00b0 669-COGRAD\/UFMS\/2022 &#8211; Aprova o Projeto Pedag\u00f3gico Do Curso de Matem\u00e1tica &#8211; Licenciatura do C\u00e2mpus de Parana\u00edba. &nbsp;\" \/>\n<meta property=\"og:url\" content=\"https:\/\/cpar.ufms.br\/graduacao\/matematica-licenciatura\/projeto-pedagogico-matematica-2\/\" \/>\n<meta property=\"og:site_name\" content=\"CPAR - Campus de Parana\u00edba\" \/>\n<meta property=\"article:modified_time\" content=\"2025-12-16T19:52:51+00:00\" \/>\n<meta name=\"twitter:label1\" content=\"Est. reading time\" \/>\n\t<meta name=\"twitter:data1\" content=\"1 minute\" \/>\n\t<meta name=\"twitter:label2\" content=\"Written by\" \/>\n\t<meta name=\"twitter:data2\" content=\"dirceu.matos\" \/>\n<script type=\"application\/ld+json\" class=\"yoast-schema-graph\">{\"@context\":\"https:\/\/schema.org\",\"@graph\":[{\"@type\":\"WebPage\",\"@id\":\"https:\/\/cpar.ufms.br\/graduacao\/matematica-licenciatura\/projeto-pedagogico-matematica-2\/\",\"url\":\"https:\/\/cpar.ufms.br\/graduacao\/matematica-licenciatura\/projeto-pedagogico-matematica-2\/\",\"name\":\"Projeto Pedag\u00f3gico - Matem\u00e1tica - CPAR - Campus de Parana\u00edba\",\"isPartOf\":{\"@id\":\"https:\/\/cpar.ufms.br\/#website\"},\"datePublished\":\"2025-12-11T20:25:48+00:00\",\"dateModified\":\"2025-12-16T19:52:51+00:00\",\"breadcrumb\":{\"@id\":\"https:\/\/cpar.ufms.br\/graduacao\/matematica-licenciatura\/projeto-pedagogico-matematica-2\/#breadcrumb\"},\"inLanguage\":\"en-US\",\"potentialAction\":[{\"@type\":\"ReadAction\",\"target\":[\"https:\/\/cpar.ufms.br\/graduacao\/matematica-licenciatura\/projeto-pedagogico-matematica-2\/\"]}]},{\"@type\":\"BreadcrumbList\",\"@id\":\"https:\/\/cpar.ufms.br\/graduacao\/matematica-licenciatura\/projeto-pedagogico-matematica-2\/#breadcrumb\",\"itemListElement\":[{\"@type\":\"ListItem\",\"position\":1,\"name\":\"In\u00edcio\",\"item\":\"https:\/\/cpar.ufms.br\/\"},{\"@type\":\"ListItem\",\"position\":2,\"name\":\"Gradua\u00e7\u00e3o\",\"item\":\"https:\/\/cpar.ufms.br\/graduacao\/\"},{\"@type\":\"ListItem\",\"position\":3,\"name\":\"Matem\u00e1tica\",\"item\":\"https:\/\/cpar.ufms.br\/graduacao\/matematica-licenciatura\/\"},{\"@type\":\"ListItem\",\"position\":4,\"name\":\"Projeto Pedag\u00f3gico &#8211; Matem\u00e1tica\"}]},{\"@type\":\"WebSite\",\"@id\":\"https:\/\/cpar.ufms.br\/#website\",\"url\":\"https:\/\/cpar.ufms.br\/\",\"name\":\"CPAR - Campus de Parana\u00edba\",\"description\":\"Universidade Federal de Mato Grosso do Sul\",\"potentialAction\":[{\"@type\":\"SearchAction\",\"target\":{\"@type\":\"EntryPoint\",\"urlTemplate\":\"https:\/\/cpar.ufms.br\/?s={search_term_string}\"},\"query-input\":{\"@type\":\"PropertyValueSpecification\",\"valueRequired\":true,\"valueName\":\"search_term_string\"}}],\"inLanguage\":\"en-US\"}]}<\/script>\n<!-- \/ Yoast SEO plugin. -->","yoast_head_json":{"title":"Projeto Pedag\u00f3gico - Matem\u00e1tica - CPAR - Campus de Parana\u00edba","robots":{"index":"index","follow":"follow","max-snippet":"max-snippet:-1","max-image-preview":"max-image-preview:large","max-video-preview":"max-video-preview:-1"},"canonical":"https:\/\/cpar.ufms.br\/graduacao\/matematica-licenciatura\/projeto-pedagogico-matematica-2\/","og_locale":"en_US","og_type":"article","og_title":"Projeto Pedag\u00f3gico - Matem\u00e1tica - CPAR - Campus de Parana\u00edba","og_description":"VIGENTE Resolu\u00e7\u00e3o n\u00b0 1.328-COGRAD\/UFMS\/2025 &#8211;\u00a0 Altera a Resolu\u00e7\u00e3o n\u00ba 669, de 1\u00ba de dezembro de 2022, que aprova o Projeto Pedag\u00f3gico do Curso de Matem\u00e1tica \u2013 Licenciatura do C\u00e2mpus de Parana\u00edba. Resolu\u00e7\u00e3o n\u00b0 669-COGRAD\/UFMS\/2022 &#8211; Aprova o Projeto Pedag\u00f3gico Do Curso de Matem\u00e1tica &#8211; Licenciatura do C\u00e2mpus de Parana\u00edba. &nbsp;","og_url":"https:\/\/cpar.ufms.br\/graduacao\/matematica-licenciatura\/projeto-pedagogico-matematica-2\/","og_site_name":"CPAR - Campus de Parana\u00edba","article_modified_time":"2025-12-16T19:52:51+00:00","twitter_misc":{"Est. reading time":"1 minute","Written by":"dirceu.matos"},"schema":{"@context":"https:\/\/schema.org","@graph":[{"@type":"WebPage","@id":"https:\/\/cpar.ufms.br\/graduacao\/matematica-licenciatura\/projeto-pedagogico-matematica-2\/","url":"https:\/\/cpar.ufms.br\/graduacao\/matematica-licenciatura\/projeto-pedagogico-matematica-2\/","name":"Projeto Pedag\u00f3gico - Matem\u00e1tica - CPAR - Campus de Parana\u00edba","isPartOf":{"@id":"https:\/\/cpar.ufms.br\/#website"},"datePublished":"2025-12-11T20:25:48+00:00","dateModified":"2025-12-16T19:52:51+00:00","breadcrumb":{"@id":"https:\/\/cpar.ufms.br\/graduacao\/matematica-licenciatura\/projeto-pedagogico-matematica-2\/#breadcrumb"},"inLanguage":"en-US","potentialAction":[{"@type":"ReadAction","target":["https:\/\/cpar.ufms.br\/graduacao\/matematica-licenciatura\/projeto-pedagogico-matematica-2\/"]}]},{"@type":"BreadcrumbList","@id":"https:\/\/cpar.ufms.br\/graduacao\/matematica-licenciatura\/projeto-pedagogico-matematica-2\/#breadcrumb","itemListElement":[{"@type":"ListItem","position":1,"name":"In\u00edcio","item":"https:\/\/cpar.ufms.br\/"},{"@type":"ListItem","position":2,"name":"Gradua\u00e7\u00e3o","item":"https:\/\/cpar.ufms.br\/graduacao\/"},{"@type":"ListItem","position":3,"name":"Matem\u00e1tica","item":"https:\/\/cpar.ufms.br\/graduacao\/matematica-licenciatura\/"},{"@type":"ListItem","position":4,"name":"Projeto Pedag\u00f3gico &#8211; Matem\u00e1tica"}]},{"@type":"WebSite","@id":"https:\/\/cpar.ufms.br\/#website","url":"https:\/\/cpar.ufms.br\/","name":"CPAR - Campus de Parana\u00edba","description":"Universidade Federal de Mato Grosso do Sul","potentialAction":[{"@type":"SearchAction","target":{"@type":"EntryPoint","urlTemplate":"https:\/\/cpar.ufms.br\/?s={search_term_string}"},"query-input":{"@type":"PropertyValueSpecification","valueRequired":true,"valueName":"search_term_string"}}],"inLanguage":"en-US"}]}},"_links":{"self":[{"href":"https:\/\/cpar.ufms.br\/en\/wp-json\/wp\/v2\/pages\/17238","targetHints":{"allow":["GET"]}}],"collection":[{"href":"https:\/\/cpar.ufms.br\/en\/wp-json\/wp\/v2\/pages"}],"about":[{"href":"https:\/\/cpar.ufms.br\/en\/wp-json\/wp\/v2\/types\/page"}],"author":[{"embeddable":true,"href":"https:\/\/cpar.ufms.br\/en\/wp-json\/wp\/v2\/users\/1381"}],"replies":[{"embeddable":true,"href":"https:\/\/cpar.ufms.br\/en\/wp-json\/wp\/v2\/comments?post=17238"}],"version-history":[{"count":3,"href":"https:\/\/cpar.ufms.br\/en\/wp-json\/wp\/v2\/pages\/17238\/revisions"}],"predecessor-version":[{"id":17241,"href":"https:\/\/cpar.ufms.br\/en\/wp-json\/wp\/v2\/pages\/17238\/revisions\/17241"}],"up":[{"embeddable":true,"href":"https:\/\/cpar.ufms.br\/en\/wp-json\/wp\/v2\/pages\/63"}],"wp:attachment":[{"href":"https:\/\/cpar.ufms.br\/en\/wp-json\/wp\/v2\/media?parent=17238"}],"wp:term":[{"taxonomy":"author","embeddable":true,"href":"https:\/\/cpar.ufms.br\/en\/wp-json\/wp\/v2\/coauthors?post=17238"}],"curies":[{"name":"wp","href":"https:\/\/api.w.org\/{rel}","templated":true}]}}