{"id":17469,"date":"2026-02-09T11:17:12","date_gmt":"2026-02-09T15:17:12","guid":{"rendered":"https:\/\/cpar.ufms.br\/?page_id=17469"},"modified":"2026-02-09T11:17:12","modified_gmt":"2026-02-09T15:17:12","slug":"residencia-uniprofissional-em-psicologia-clinicapos-graduacao","status":"publish","type":"page","link":"https:\/\/cpar.ufms.br\/en\/residencia-uniprofissional-em-psicologia-clinicapos-graduacao\/","title":{"rendered":"Programa de Resid\u00eancia Uniprofissional em Psicologia Cl\u00ednica"},"content":{"rendered":"<h3><strong>Programa de Resid\u00eancia Uniprofissional em Psicologia Cl\u00ednica<\/strong><\/h3>\n<p><strong>Coordenador:<\/strong> Gabriel Luis Pereira Nolasco<br \/>\n<strong>Secret\u00e1ria:<\/strong> Patr\u00edcia Queiroz Peli<br \/>\n<strong>Telefone:<\/strong> (67)3669-0101<\/p>\n","protected":false},"excerpt":{"rendered":"<p>Programa de Resid\u00eancia Uniprofissional em Psicologia Cl\u00ednica Coordenador: Gabriel Luis Pereira Nolasco Secret\u00e1ria: Patr\u00edcia Queiroz Peli Telefone: (67)3669-0101<\/p>\n","protected":false},"author":26785,"featured_media":0,"parent":0,"menu_order":0,"comment_status":"closed","ping_status":"closed","template":"","meta":{"footnotes":""},"coauthors":[375],"class_list":["post-17469","page","type-page","status-publish","hentry"],"yoast_head":"<!-- This site is optimized with the Yoast SEO plugin v26.2 - https:\/\/yoast.com\/wordpress\/plugins\/seo\/ -->\n<title>Programa de Resid\u00eancia Uniprofissional em Psicologia Cl\u00ednica - CPAR - Campus de Parana\u00edba<\/title>\n<meta name=\"robots\" content=\"index, follow, max-snippet:-1, max-image-preview:large, max-video-preview:-1\" \/>\n<link rel=\"canonical\" href=\"https:\/\/cpar.ufms.br\/residencia-uniprofissional-em-psicologia-clinicapos-graduacao\/\" \/>\n<meta property=\"og:locale\" content=\"en_US\" \/>\n<meta property=\"og:type\" content=\"article\" \/>\n<meta property=\"og:title\" content=\"Programa de Resid\u00eancia Uniprofissional em Psicologia Cl\u00ednica - CPAR - Campus de Parana\u00edba\" \/>\n<meta property=\"og:description\" content=\"Programa de Resid\u00eancia Uniprofissional em Psicologia Cl\u00ednica Coordenador: Gabriel Luis Pereira Nolasco Secret\u00e1ria: Patr\u00edcia Queiroz Peli Telefone: (67)3669-0101\" \/>\n<meta property=\"og:url\" content=\"https:\/\/cpar.ufms.br\/residencia-uniprofissional-em-psicologia-clinicapos-graduacao\/\" \/>\n<meta property=\"og:site_name\" content=\"CPAR - Campus de Parana\u00edba\" \/>\n<meta name=\"twitter:label1\" content=\"Est. reading time\" \/>\n\t<meta name=\"twitter:data1\" content=\"1 minute\" \/>\n\t<meta name=\"twitter:label2\" content=\"Written by\" \/>\n\t<meta name=\"twitter:data2\" content=\"Aurelio Mateus Araujo Souza\" \/>\n<script type=\"application\/ld+json\" class=\"yoast-schema-graph\">{\"@context\":\"https:\/\/schema.org\",\"@graph\":[{\"@type\":\"WebPage\",\"@id\":\"https:\/\/cpar.ufms.br\/residencia-uniprofissional-em-psicologia-clinicapos-graduacao\/\",\"url\":\"https:\/\/cpar.ufms.br\/residencia-uniprofissional-em-psicologia-clinicapos-graduacao\/\",\"name\":\"Programa de Resid\u00eancia Uniprofissional em Psicologia Cl\u00ednica - CPAR - Campus de Parana\u00edba\",\"isPartOf\":{\"@id\":\"https:\/\/cpar.ufms.br\/#website\"},\"datePublished\":\"2026-02-09T15:17:12+00:00\",\"breadcrumb\":{\"@id\":\"https:\/\/cpar.ufms.br\/residencia-uniprofissional-em-psicologia-clinicapos-graduacao\/#breadcrumb\"},\"inLanguage\":\"en-US\",\"potentialAction\":[{\"@type\":\"ReadAction\",\"target\":[\"https:\/\/cpar.ufms.br\/residencia-uniprofissional-em-psicologia-clinicapos-graduacao\/\"]}]},{\"@type\":\"BreadcrumbList\",\"@id\":\"https:\/\/cpar.ufms.br\/residencia-uniprofissional-em-psicologia-clinicapos-graduacao\/#breadcrumb\",\"itemListElement\":[{\"@type\":\"ListItem\",\"position\":1,\"name\":\"In\u00edcio\",\"item\":\"https:\/\/cpar.ufms.br\/\"},{\"@type\":\"ListItem\",\"position\":2,\"name\":\"Programa de Resid\u00eancia Uniprofissional em Psicologia Cl\u00ednica\"}]},{\"@type\":\"WebSite\",\"@id\":\"https:\/\/cpar.ufms.br\/#website\",\"url\":\"https:\/\/cpar.ufms.br\/\",\"name\":\"CPAR - Campus de Parana\u00edba\",\"description\":\"Universidade Federal de Mato Grosso do Sul\",\"potentialAction\":[{\"@type\":\"SearchAction\",\"target\":{\"@type\":\"EntryPoint\",\"urlTemplate\":\"https:\/\/cpar.ufms.br\/?s={search_term_string}\"},\"query-input\":{\"@type\":\"PropertyValueSpecification\",\"valueRequired\":true,\"valueName\":\"search_term_string\"}}],\"inLanguage\":\"en-US\"}]}<\/script>\n<!-- \/ Yoast SEO plugin. -->","yoast_head_json":{"title":"Programa de Resid\u00eancia Uniprofissional em Psicologia Cl\u00ednica - CPAR - Campus de Parana\u00edba","robots":{"index":"index","follow":"follow","max-snippet":"max-snippet:-1","max-image-preview":"max-image-preview:large","max-video-preview":"max-video-preview:-1"},"canonical":"https:\/\/cpar.ufms.br\/residencia-uniprofissional-em-psicologia-clinicapos-graduacao\/","og_locale":"en_US","og_type":"article","og_title":"Programa de Resid\u00eancia Uniprofissional em Psicologia Cl\u00ednica - CPAR - Campus de Parana\u00edba","og_description":"Programa de Resid\u00eancia Uniprofissional em Psicologia Cl\u00ednica Coordenador: Gabriel Luis Pereira Nolasco Secret\u00e1ria: Patr\u00edcia Queiroz Peli Telefone: (67)3669-0101","og_url":"https:\/\/cpar.ufms.br\/residencia-uniprofissional-em-psicologia-clinicapos-graduacao\/","og_site_name":"CPAR - Campus de Parana\u00edba","twitter_misc":{"Est. reading time":"1 minute","Written by":"Aurelio Mateus Araujo Souza"},"schema":{"@context":"https:\/\/schema.org","@graph":[{"@type":"WebPage","@id":"https:\/\/cpar.ufms.br\/residencia-uniprofissional-em-psicologia-clinicapos-graduacao\/","url":"https:\/\/cpar.ufms.br\/residencia-uniprofissional-em-psicologia-clinicapos-graduacao\/","name":"Programa de Resid\u00eancia Uniprofissional em Psicologia Cl\u00ednica - CPAR - Campus de Parana\u00edba","isPartOf":{"@id":"https:\/\/cpar.ufms.br\/#website"},"datePublished":"2026-02-09T15:17:12+00:00","breadcrumb":{"@id":"https:\/\/cpar.ufms.br\/residencia-uniprofissional-em-psicologia-clinicapos-graduacao\/#breadcrumb"},"inLanguage":"en-US","potentialAction":[{"@type":"ReadAction","target":["https:\/\/cpar.ufms.br\/residencia-uniprofissional-em-psicologia-clinicapos-graduacao\/"]}]},{"@type":"BreadcrumbList","@id":"https:\/\/cpar.ufms.br\/residencia-uniprofissional-em-psicologia-clinicapos-graduacao\/#breadcrumb","itemListElement":[{"@type":"ListItem","position":1,"name":"In\u00edcio","item":"https:\/\/cpar.ufms.br\/"},{"@type":"ListItem","position":2,"name":"Programa de Resid\u00eancia Uniprofissional em Psicologia Cl\u00ednica"}]},{"@type":"WebSite","@id":"https:\/\/cpar.ufms.br\/#website","url":"https:\/\/cpar.ufms.br\/","name":"CPAR - Campus de Parana\u00edba","description":"Universidade Federal de Mato Grosso do Sul","potentialAction":[{"@type":"SearchAction","target":{"@type":"EntryPoint","urlTemplate":"https:\/\/cpar.ufms.br\/?s={search_term_string}"},"query-input":{"@type":"PropertyValueSpecification","valueRequired":true,"valueName":"search_term_string"}}],"inLanguage":"en-US"}]}},"_links":{"self":[{"href":"https:\/\/cpar.ufms.br\/en\/wp-json\/wp\/v2\/pages\/17469","targetHints":{"allow":["GET"]}}],"collection":[{"href":"https:\/\/cpar.ufms.br\/en\/wp-json\/wp\/v2\/pages"}],"about":[{"href":"https:\/\/cpar.ufms.br\/en\/wp-json\/wp\/v2\/types\/page"}],"author":[{"embeddable":true,"href":"https:\/\/cpar.ufms.br\/en\/wp-json\/wp\/v2\/users\/26785"}],"replies":[{"embeddable":true,"href":"https:\/\/cpar.ufms.br\/en\/wp-json\/wp\/v2\/comments?post=17469"}],"version-history":[{"count":2,"href":"https:\/\/cpar.ufms.br\/en\/wp-json\/wp\/v2\/pages\/17469\/revisions"}],"predecessor-version":[{"id":17472,"href":"https:\/\/cpar.ufms.br\/en\/wp-json\/wp\/v2\/pages\/17469\/revisions\/17472"}],"wp:attachment":[{"href":"https:\/\/cpar.ufms.br\/en\/wp-json\/wp\/v2\/media?parent=17469"}],"wp:term":[{"taxonomy":"author","embeddable":true,"href":"https:\/\/cpar.ufms.br\/en\/wp-json\/wp\/v2\/coauthors?post=17469"}],"curies":[{"name":"wp","href":"https:\/\/api.w.org\/{rel}","templated":true}]}}