{"id":17630,"date":"2026-03-27T10:33:46","date_gmt":"2026-03-27T14:33:46","guid":{"rendered":"https:\/\/cpar.ufms.br\/?page_id=17630"},"modified":"2026-03-27T10:33:46","modified_gmt":"2026-03-27T14:33:46","slug":"bolsa-permanencia-do-ministerio-da-educacao-mec","status":"publish","type":"page","link":"https:\/\/cpar.ufms.br\/en\/academico\/setor-assistencia-estutantil\/bolsa-permanencia-do-ministerio-da-educacao-mec\/","title":{"rendered":"(Portugu\u00eas do Brasil) Bolsa perman\u00eancia do Minist\u00e9rio da Educa\u00e7\u00e3o (MEC)"},"content":{"rendered":"<p class=\"qtranxs-available-languages-message qtranxs-available-languages-message-en\">Sorry, this entry is only available in <a href=\"https:\/\/cpar.ufms.br\/pb\/wp-json\/wp\/v2\/pages\/17630\" class=\"qtranxs-available-language-link qtranxs-available-language-link-pb\" title=\"Portugu\u00eas do Brasil\">Portugu\u00eas do Brasil<\/a>.<\/p>","protected":false},"excerpt":{"rendered":"<p>Sorry, this entry is only available in Portugu\u00eas do Brasil.<\/p>\n","protected":false},"author":6362,"featured_media":0,"parent":4988,"menu_order":0,"comment_status":"closed","ping_status":"closed","template":"","meta":{"footnotes":""},"coauthors":[371],"class_list":["post-17630","page","type-page","status-publish","hentry"],"yoast_head":"<!-- This site is optimized with the Yoast SEO plugin v26.2 - https:\/\/yoast.com\/wordpress\/plugins\/seo\/ -->\n<title><\/title>\n<meta name=\"robots\" content=\"index, follow, max-snippet:-1, max-image-preview:large, max-video-preview:-1\" \/>\n<link rel=\"canonical\" href=\"https:\/\/cpar.ufms.br\/academico\/setor-assistencia-estutantil\/bolsa-permanencia-do-ministerio-da-educacao-mec\/\" \/>\n<meta property=\"og:locale\" content=\"en_US\" \/>\n<meta property=\"og:type\" content=\"article\" \/>\n<meta property=\"og:title\" content=\"[:pb]Bolsa perman\u00eancia do Minist\u00e9rio da Educa\u00e7\u00e3o (MEC)[:] - CPAR - Campus de Parana\u00edba\" \/>\n<meta property=\"og:description\" content=\"Sorry, this entry is only available in Portugu\u00eas do Brasil.\" \/>\n<meta property=\"og:url\" content=\"https:\/\/cpar.ufms.br\/academico\/setor-assistencia-estutantil\/bolsa-permanencia-do-ministerio-da-educacao-mec\/\" \/>\n<meta property=\"og:site_name\" content=\"CPAR - Campus de Parana\u00edba\" \/>\n<meta name=\"twitter:label1\" content=\"Est. reading time\" \/>\n\t<meta name=\"twitter:data1\" content=\"1 minute\" \/>\n\t<meta name=\"twitter:label2\" content=\"Written by\" \/>\n\t<meta name=\"twitter:data2\" content=\"Ailton Junior\" \/>\n<script type=\"application\/ld+json\" class=\"yoast-schema-graph\">{\"@context\":\"https:\/\/schema.org\",\"@graph\":[{\"@type\":\"WebPage\",\"@id\":\"https:\/\/cpar.ufms.br\/academico\/setor-assistencia-estutantil\/bolsa-permanencia-do-ministerio-da-educacao-mec\/\",\"url\":\"https:\/\/cpar.ufms.br\/academico\/setor-assistencia-estutantil\/bolsa-permanencia-do-ministerio-da-educacao-mec\/\",\"name\":\"[:pb]Bolsa perman\u00eancia do Minist\u00e9rio da Educa\u00e7\u00e3o (MEC)[:] - CPAR - Campus de Parana\u00edba\",\"isPartOf\":{\"@id\":\"https:\/\/cpar.ufms.br\/#website\"},\"datePublished\":\"2026-03-27T14:33:46+00:00\",\"breadcrumb\":{\"@id\":\"https:\/\/cpar.ufms.br\/academico\/setor-assistencia-estutantil\/bolsa-permanencia-do-ministerio-da-educacao-mec\/#breadcrumb\"},\"inLanguage\":\"en-US\",\"potentialAction\":[{\"@type\":\"ReadAction\",\"target\":[\"https:\/\/cpar.ufms.br\/academico\/setor-assistencia-estutantil\/bolsa-permanencia-do-ministerio-da-educacao-mec\/\"]}]},{\"@type\":\"BreadcrumbList\",\"@id\":\"https:\/\/cpar.ufms.br\/academico\/setor-assistencia-estutantil\/bolsa-permanencia-do-ministerio-da-educacao-mec\/#breadcrumb\",\"itemListElement\":[{\"@type\":\"ListItem\",\"position\":1,\"name\":\"In\u00edcio\",\"item\":\"https:\/\/cpar.ufms.br\/\"},{\"@type\":\"ListItem\",\"position\":2,\"name\":\"Acad\u00eamico\",\"item\":\"https:\/\/cpar.ufms.br\/academico\/\"},{\"@type\":\"ListItem\",\"position\":3,\"name\":\"Setor de Assist\u00eancia Estudantil\",\"item\":\"https:\/\/cpar.ufms.br\/academico\/setor-assistencia-estutantil\/\"},{\"@type\":\"ListItem\",\"position\":4,\"name\":\"Bolsa perman\u00eancia do Minist\u00e9rio da Educa\u00e7\u00e3o (MEC)\"}]},{\"@type\":\"WebSite\",\"@id\":\"https:\/\/cpar.ufms.br\/#website\",\"url\":\"https:\/\/cpar.ufms.br\/\",\"name\":\"CPAR - Campus de Parana\u00edba\",\"description\":\"Universidade Federal de Mato Grosso do Sul\",\"potentialAction\":[{\"@type\":\"SearchAction\",\"target\":{\"@type\":\"EntryPoint\",\"urlTemplate\":\"https:\/\/cpar.ufms.br\/?s={search_term_string}\"},\"query-input\":{\"@type\":\"PropertyValueSpecification\",\"valueRequired\":true,\"valueName\":\"search_term_string\"}}],\"inLanguage\":\"en-US\"}]}<\/script>\n<!-- \/ Yoast SEO plugin. -->","yoast_head_json":{"title":"[:pb]Bolsa perman\u00eancia do Minist\u00e9rio da Educa\u00e7\u00e3o (MEC)[:] - CPAR - Campus de Parana\u00edba","robots":{"index":"index","follow":"follow","max-snippet":"max-snippet:-1","max-image-preview":"max-image-preview:large","max-video-preview":"max-video-preview:-1"},"canonical":"https:\/\/cpar.ufms.br\/academico\/setor-assistencia-estutantil\/bolsa-permanencia-do-ministerio-da-educacao-mec\/","og_locale":"en_US","og_type":"article","og_title":"[:pb]Bolsa perman\u00eancia do Minist\u00e9rio da Educa\u00e7\u00e3o (MEC)[:] - CPAR - Campus de Parana\u00edba","og_description":"Sorry, this entry is only available in Portugu\u00eas do Brasil.","og_url":"https:\/\/cpar.ufms.br\/academico\/setor-assistencia-estutantil\/bolsa-permanencia-do-ministerio-da-educacao-mec\/","og_site_name":"CPAR - Campus de Parana\u00edba","twitter_misc":{"Est. reading time":"1 minute","Written by":"Ailton Junior"},"schema":{"@context":"https:\/\/schema.org","@graph":[{"@type":"WebPage","@id":"https:\/\/cpar.ufms.br\/academico\/setor-assistencia-estutantil\/bolsa-permanencia-do-ministerio-da-educacao-mec\/","url":"https:\/\/cpar.ufms.br\/academico\/setor-assistencia-estutantil\/bolsa-permanencia-do-ministerio-da-educacao-mec\/","name":"[:pb]Bolsa perman\u00eancia do Minist\u00e9rio da Educa\u00e7\u00e3o (MEC)[:] - CPAR - Campus de Parana\u00edba","isPartOf":{"@id":"https:\/\/cpar.ufms.br\/#website"},"datePublished":"2026-03-27T14:33:46+00:00","breadcrumb":{"@id":"https:\/\/cpar.ufms.br\/academico\/setor-assistencia-estutantil\/bolsa-permanencia-do-ministerio-da-educacao-mec\/#breadcrumb"},"inLanguage":"en-US","potentialAction":[{"@type":"ReadAction","target":["https:\/\/cpar.ufms.br\/academico\/setor-assistencia-estutantil\/bolsa-permanencia-do-ministerio-da-educacao-mec\/"]}]},{"@type":"BreadcrumbList","@id":"https:\/\/cpar.ufms.br\/academico\/setor-assistencia-estutantil\/bolsa-permanencia-do-ministerio-da-educacao-mec\/#breadcrumb","itemListElement":[{"@type":"ListItem","position":1,"name":"In\u00edcio","item":"https:\/\/cpar.ufms.br\/"},{"@type":"ListItem","position":2,"name":"Acad\u00eamico","item":"https:\/\/cpar.ufms.br\/academico\/"},{"@type":"ListItem","position":3,"name":"Setor de Assist\u00eancia Estudantil","item":"https:\/\/cpar.ufms.br\/academico\/setor-assistencia-estutantil\/"},{"@type":"ListItem","position":4,"name":"Bolsa perman\u00eancia do Minist\u00e9rio da Educa\u00e7\u00e3o (MEC)"}]},{"@type":"WebSite","@id":"https:\/\/cpar.ufms.br\/#website","url":"https:\/\/cpar.ufms.br\/","name":"CPAR - Campus de Parana\u00edba","description":"Universidade Federal de Mato Grosso do Sul","potentialAction":[{"@type":"SearchAction","target":{"@type":"EntryPoint","urlTemplate":"https:\/\/cpar.ufms.br\/?s={search_term_string}"},"query-input":{"@type":"PropertyValueSpecification","valueRequired":true,"valueName":"search_term_string"}}],"inLanguage":"en-US"}]}},"_links":{"self":[{"href":"https:\/\/cpar.ufms.br\/en\/wp-json\/wp\/v2\/pages\/17630","targetHints":{"allow":["GET"]}}],"collection":[{"href":"https:\/\/cpar.ufms.br\/en\/wp-json\/wp\/v2\/pages"}],"about":[{"href":"https:\/\/cpar.ufms.br\/en\/wp-json\/wp\/v2\/types\/page"}],"author":[{"embeddable":true,"href":"https:\/\/cpar.ufms.br\/en\/wp-json\/wp\/v2\/users\/6362"}],"replies":[{"embeddable":true,"href":"https:\/\/cpar.ufms.br\/en\/wp-json\/wp\/v2\/comments?post=17630"}],"version-history":[{"count":1,"href":"https:\/\/cpar.ufms.br\/en\/wp-json\/wp\/v2\/pages\/17630\/revisions"}],"predecessor-version":[{"id":17631,"href":"https:\/\/cpar.ufms.br\/en\/wp-json\/wp\/v2\/pages\/17630\/revisions\/17631"}],"up":[{"embeddable":true,"href":"https:\/\/cpar.ufms.br\/en\/wp-json\/wp\/v2\/pages\/4988"}],"wp:attachment":[{"href":"https:\/\/cpar.ufms.br\/en\/wp-json\/wp\/v2\/media?parent=17630"}],"wp:term":[{"taxonomy":"author","embeddable":true,"href":"https:\/\/cpar.ufms.br\/en\/wp-json\/wp\/v2\/coauthors?post=17630"}],"curies":[{"name":"wp","href":"https:\/\/api.w.org\/{rel}","templated":true}]}}