{"id":2039,"date":"2015-03-05T08:12:38","date_gmt":"2015-03-05T12:12:38","guid":{"rendered":"http:\/\/cpar.draconis.ufms.br\/?page_id=2039"},"modified":"2023-06-15T16:42:34","modified_gmt":"2023-06-15T20:42:34","slug":"reunioes","status":"publish","type":"page","link":"https:\/\/cpar.ufms.br\/en\/institucional\/conselho-de-campus\/reunioes\/","title":{"rendered":"Reuni\u00f5es"},"content":{"rendered":"<h4 style=\"text-align: center\"><strong>Editais de Convoca\u00e7\u00e3o e ATA das Reuni\u00f5es do CAS-CPAR do ano de 2023<\/strong><\/h4>\n<p><a href=\"https:\/\/cpar.ufms.br\/files\/2023\/03\/Calendario-das-reunioes-ordinarias-de-2023.pdf\"><strong>Calend\u00e1rio de Reuni\u00f5es de 2023<\/strong><\/a><\/p>\n<p>&nbsp;<\/p>\n<p><strong>Reuni\u00e3o ordin\u00e1ria de 7 de mar\u00e7o de 2023<\/strong><\/p>\n<p><a href=\"https:\/\/cpar.ufms.br\/files\/2023\/03\/EDITAL_DE_CONVOCACAO_N_1_2023___CAS_CPAR_UFMS.pdf\">Edital n.1<\/a><\/p>\n<p><a href=\"https:\/\/cpar.ufms.br\/files\/2023\/06\/ATA-CAS_CPAR-Reuniao-Ordinaria-n-233-de-07-03-2023.pdf\">Ata da Reuni\u00e3o<\/a><\/p>\n<p>&nbsp;<\/p>\n<p><strong>Reuni\u00e3o extraordin\u00e1ria de 23 de mar\u00e7o de 2023<\/strong><\/p>\n<p><a href=\"https:\/\/cpar.ufms.br\/files\/2023\/06\/EDITAL_DE_CONVOCACAO_N_2_2023___CAS_CPAR_UFMS.pdf\">Edital n. 2<\/a><\/p>\n<p><a href=\"https:\/\/cpar.ufms.br\/files\/2023\/06\/ATA-CAS_CPAR-Reuniao-Extraordinaria-de-23-03-2023.pdf\">Ata da Reuni\u00e3o<\/a><\/p>\n<p>&nbsp;<\/p>\n<p><strong>Reuni\u00e3o ordin\u00e1ria de 04 de maio de 2023<\/strong><\/p>\n<p><a href=\"https:\/\/cpar.ufms.br\/files\/2023\/06\/EDITAL_DE_CONVOCACAO_N_3_2023___CAS_CPAR_UFMS.pdf\">Edital n. 3<\/a><\/p>\n<p><a href=\"https:\/\/cpar.ufms.br\/files\/2023\/06\/ATA-CAS_CPAR-Reuniao-Extraordinaria-de-04-05-2023.pdf\">Ata da Reuni\u00e3o<\/a><\/p>\n<p>&nbsp;<\/p>\n<p><strong>Reuni\u00e3o ordin\u00e1ria de 06 de junho de 2023<\/strong><\/p>\n<p><a href=\"https:\/\/cpar.ufms.br\/files\/2023\/06\/EDITAL_DE_CONVOCACAO_N_4_2023___CAS_CPAR_UFMS.pdf\">Edital n. 4<\/a><\/p>\n<hr \/>\n<h4><\/h4>\n<h4><\/h4>\n<h4 style=\"text-align: center\"><span style=\"color: #000000\"><strong>Editais de Convoca\u00e7\u00e3o e ATA das Reuni\u00f5es do CAS-CPAR do ano de 2022<\/strong><\/span><\/h4>\n<p><a href=\"https:\/\/cpar.ufms.br\/files\/2021\/11\/RESOLUCAO-N-308.pdf\"><strong>Calend\u00e1rio de Reuni\u00f5es de 2022<\/strong><\/a><\/p>\n<p>&nbsp;<\/p>\n<p style=\"margin: 0cm;margin-bottom: .0001pt\"><strong>Reuni\u00e3o ordin\u00e1ria de 25 de fevereiro de 2022<\/strong><\/p>\n<p style=\"margin: 0cm;margin-bottom: .0001pt\"><a href=\"https:\/\/cpar.ufms.br\/files\/2022\/02\/Edital-de-Convocacao-n.-1.pdf\">Edital n. 1<\/a><\/p>\n<p style=\"margin: 0cm;margin-bottom: .0001pt\"><a href=\"https:\/\/cpar.ufms.br\/files\/2022\/02\/Resolucao-n.-333.pdf\">Resolu\u00e7\u00e3o de antecipa\u00e7\u00e3o da data<\/a><\/p>\n<p style=\"margin: 0cm;margin-bottom: .0001pt\"><a href=\"https:\/\/cpar.ufms.br\/files\/2022\/06\/ATA-CAS_CPAR-Reuniao-Ordinaria-n-229-de-25-02-2022.pdf\">Ata da Reuni\u00e3o<\/a><\/p>\n<hr \/>\n<p><strong>Reuni\u00e3o extraordin\u00e1ria de 25 de abril de 2022<\/strong><\/p>\n<p style=\"margin: 0cm;margin-bottom: .0001pt\"><a href=\"https:\/\/cpar.ufms.br\/files\/2022\/04\/EDITAL-DE-CONVOCACAO-N-2_2022-CAS_CPAR_UFMS.pdf\">Edital n. 2<\/a><\/p>\n<p style=\"margin: 0cm;margin-bottom: .0001pt\"><a href=\"https:\/\/cpar.ufms.br\/files\/2022\/06\/ATA-CAS_CPAR-Reuniao-Extraordinaria-de-25-04-2022.pdf\">Ata da reuni\u00e3o<\/a><\/p>\n<hr \/>\n<p><strong>Reuni\u00e3o extraordin\u00e1ria de 01 de junho de 2022<\/strong><\/p>\n<p style=\"margin: 0cm;margin-bottom: .0001pt\"><a href=\"https:\/\/cpar.ufms.br\/files\/2022\/06\/EDITAL_DE_CONVOCACAO_N_3_2022___CAS_CPAR_UFMS.pdf\">Edital n. 3<\/a><\/p>\n<p style=\"margin: 0cm;margin-bottom: .0001pt\"><a href=\"https:\/\/cpar.ufms.br\/files\/2022\/06\/RESOLUCAO-N-375-CAS_CPAR_UFMS-DE-25-DE-MAIO-DE-2022.pdf\">Resolu\u00e7\u00e3o de antecipa\u00e7\u00e3o da data<\/a><\/p>\n<p style=\"margin-top: 0cm\"><a href=\"https:\/\/cpar.ufms.br\/files\/2022\/09\/ATA-CAS_CPAR_UFMS-Reuniao-Ordinaria-n-230-de-01-06-2022.pdf\">Ata da reuni\u00e3o<\/a><\/p>\n<hr \/>\n<p><strong>Reuni\u00e3o extraordin\u00e1ria de 16 de agosto de 2022<\/strong><\/p>\n<p style=\"margin: 0cm;margin-bottom: .0001pt\"><a href=\"https:\/\/cpar.ufms.br\/files\/2022\/08\/EDITAL_DE_CONVOCACAO_N_4_2022___CAS_CPAR_UFMS.pdf\">Edital n. 4<\/a><\/p>\n<p style=\"margin: 0cm;margin-bottom: .0001pt\"><a href=\"https:\/\/cpar.ufms.br\/files\/2022\/08\/RESOLUCAO_N_395_CAS_CPAR_UFMS__DE_15_DE_AGOSTO_DE_2022..pdf\">Resolu\u00e7\u00e3o de antecipa\u00e7\u00e3o da data<\/a><\/p>\n<p style=\"margin: 0cm;margin-bottom: .0001pt\"><a href=\"https:\/\/cpar.ufms.br\/files\/2022\/09\/ATA-CAS_CPAR_UFMS-Reuniao-Extraordinaria-de-16-08-2022.pdf\">Ata da reuni\u00e3o<\/a><\/p>\n<hr \/>\n<p><strong>Reuni\u00e3o extraordin\u00e1ria de 02 de setembro de 2022<\/strong><\/p>\n<p><a href=\"https:\/\/cpar.ufms.br\/files\/2022\/08\/EDITAL_DE_CONVOCACAO_N_5_2022___CAS_CPAR_UFMS.pdf\">Edital n. 5<\/a><\/p>\n<hr \/>\n<h4>Reuni\u00e3o ordin\u00e1ria de 22 de novembro de 2022<\/h4>\n<p><a href=\"https:\/\/cpar.ufms.br\/files\/2023\/03\/ATA__CAS_CPAR__Reuniao_Ordinaria_n_232__de_22_11_2022.pdf\">Ata da reuni\u00e3o<\/a><\/p>\n<hr \/>\n<p>&nbsp;<\/p>\n<h4><\/h4>\n<h4 style=\"text-align: center\"><span style=\"color: #000000\"><strong>Editais de Convoca\u00e7\u00e3o e ATA das Reuni\u00f5es do CAS-CPAR do ano de 2021<\/strong><\/span><\/h4>\n<p style=\"margin: 0cm;margin-bottom: .0001pt\"><strong>Reuni\u00e3o Ordin\u00e1ria 25 de janeiro: <\/strong><\/p>\n<p style=\"margin: 0cm;margin-bottom: .0001pt\"><a href=\"https:\/\/cpar.ufms.br\/files\/2021\/07\/EDITAL__CAS_CPAR_UFMS__n_1__de_21_01_2021.pdf\">Edital n 1<\/a><\/p>\n<p style=\"margin: 0cm;margin-bottom: .0001pt\"><a href=\"https:\/\/cpar.ufms.br\/files\/2021\/07\/ATA-CAS_CPAR_UFMS-Reuniao-Ordinaria-n-217-de-25-01-2021.pdf\">Ata da reuni\u00e3o<\/a><\/p>\n<hr \/>\n<p style=\"margin: 0cm;margin-bottom: .0001pt\"><strong>Reuni\u00e3o Extraordin\u00e1ria de 11 de mar\u00e7o<\/strong><\/p>\n<p style=\"margin: 0cm;margin-bottom: .0001pt\"><a href=\"https:\/\/cpar.ufms.br\/files\/2021\/07\/EDITAL_DE_CONVOCACAO_N_2_2021___CAS_CPAR_UFMS.pdf\">Edital n 2<\/a><\/p>\n<p style=\"margin: 0cm;margin-bottom: .0001pt\"><a href=\"https:\/\/cpar.ufms.br\/files\/2021\/07\/ATA-CAS_CPAR_UFMS-Reuniao-Extraordinaria-de-11-03-2021.pdf\">Ata da reuni\u00e3o<\/a><\/p>\n<hr \/>\n<p style=\"margin: 0cm;margin-bottom: .0001pt\"><strong>Reuni\u00e3o Ordin\u00e1ria de 29 de Mar\u00e7o<\/strong><\/p>\n<p style=\"margin: 0cm;margin-bottom: .0001pt\"><a href=\"https:\/\/cpar.ufms.br\/files\/2021\/06\/EDITAL_DE_CONVOCACAO_N_3_2021___CAS_CPAR_UFMS.pdf\">Edital n 3<\/a><\/p>\n<p style=\"margin: 0cm;margin-bottom: .0001pt\"><a href=\"https:\/\/cpar.ufms.br\/files\/2021\/07\/ATA-CAS_CPAR_UFMS-Reuniao-Ordinaria-n-219-de-29-03-2021.pdf\">Ata da Reuni\u00e3o<\/a><\/p>\n<hr \/>\n<p style=\"margin: 0cm;margin-bottom: .0001pt\"><strong>Reuni\u00e3o Extraordin\u00e1ria de 26 de abril<\/strong><\/p>\n<p style=\"margin: 0cm;margin-bottom: .0001pt\"><a href=\"https:\/\/cpar.ufms.br\/files\/2021\/06\/EDITAL_DE_CONVOCACAO_N_4_2021___CAS_CPAR_UFMS.pdf\">Edital n 4<\/a><\/p>\n<p style=\"margin: 0cm;margin-bottom: .0001pt\"><a href=\"https:\/\/cpar.ufms.br\/files\/2021\/07\/ATA-CPAR-Reuniao-Extraordinaria-de-26-04-2021.pdf\">Ata da reuni\u00e3o<\/a><\/p>\n<hr \/>\n<p style=\"margin: 0cm;margin-bottom: .0001pt\"><strong>Reuni\u00e3o Ordin\u00e1ria de 13 de maio<\/strong><\/p>\n<p style=\"margin: 0cm;margin-bottom: .0001pt\"><a href=\"https:\/\/cpar.ufms.br\/files\/2021\/07\/EDITAL__CAS_CPAR_UFMS__n_5__de_10_05_2021.pdf\">Edital n 5<\/a><\/p>\n<p style=\"margin: 0cm;margin-bottom: .0001pt\"><a href=\"https:\/\/cpar.ufms.br\/files\/2021\/07\/ATA-CAS_CPAR_UFMS-Reuniao-Ordinaria-n-220-de-13-05-2021.pdf\">Ata da reuni\u00e3o<\/a><\/p>\n<hr \/>\n<p style=\"margin: 0cm;margin-bottom: .0001pt\"><strong>Reuni\u00e3o Ordin\u00e1ria de 31 de maio<\/strong><\/p>\n<p style=\"margin: 0cm;margin-bottom: .0001pt\"><a href=\"https:\/\/cpar.ufms.br\/files\/2021\/06\/EDITAL_DE_CONVOCACAO_N_6_2021___CAS_CPAR_UFMS.pdf\">Edital n 6<\/a><\/p>\n<p style=\"margin: 0cm;margin-bottom: .0001pt\"><a href=\"https:\/\/cpar.ufms.br\/files\/2021\/07\/ATA-CAS_CPAR_UFMS-Reuniao-Ordinaria-n-221-de-31-05-2021.pdf\">Ata da reuni\u00e3o<\/a><\/p>\n<hr \/>\n<p style=\"margin: 0cm;margin-bottom: .0001pt\"><strong>Reuni\u00e3o Extraordin\u00e1ria de 21 de junho<\/strong><\/p>\n<p style=\"margin: 0cm;margin-bottom: .0001pt\"><a href=\"https:\/\/cpar.ufms.br\/files\/2021\/06\/Edital-CAS-n.7.pdf\">Edital n 7<\/a><\/p>\n<p style=\"margin: 0cm;margin-bottom: .0001pt\"><a href=\"https:\/\/cpar.ufms.br\/files\/2021\/07\/ATA-CAS_CPAR_UFMS-Reuniao-Extraordinaria-de-21-06-2021.pdf\">Ata da reuni\u00e3o<\/a><\/p>\n<hr \/>\n<p style=\"margin: 0cm;margin-bottom: .0001pt\"><strong>Reuni\u00e3o Ordin\u00e1ria de 28 de junho<\/strong><\/p>\n<p style=\"margin: 0cm;margin-bottom: .0001pt\"><a href=\"https:\/\/cpar.ufms.br\/files\/2021\/07\/EDITAL_DE_CONVOCACAO_N_8_2021___CAS_CPAR_UFMS.pdf\">Edital n. 8<\/a><\/p>\n<p style=\"margin: 0cm;margin-bottom: .0001pt\"><a href=\"https:\/\/cpar.ufms.br\/files\/2021\/07\/ATA__CAS_CPAR_UFMS__Reuniao_Ordinaria_n_222__de_28_06_2021.pdf\">Ata da reuni\u00e3o<\/a><\/p>\n<hr \/>\n<p style=\"margin: 0cm;margin-bottom: .0001pt\"><strong>Reuni\u00e3o Ordin\u00e1ria de 21 de Julho<\/strong><\/p>\n<p style=\"margin: 0cm;margin-bottom: .0001pt\"><a href=\"https:\/\/cpar.ufms.br\/files\/2021\/07\/EDITAL_DE_CONVOCACAO_N__9.2021___CAS_CPAR_UFMS.pdf\">Edital n. 9<\/a><\/p>\n<p style=\"margin: 0cm;margin-bottom: .0001pt\"><a href=\"https:\/\/cpar.ufms.br\/files\/2021\/08\/ATA-CAS_CPAR_UFMS-Reuniao-Ordinaria-n-223-de-21-07-2021.pdf\">Ata da reuni\u00e3o<\/a><\/p>\n<hr \/>\n<p style=\"margin: 0cm;margin-bottom: .0001pt\"><strong>Reuni\u00e3o Ordin\u00e1ria de 30 de Agosto<\/strong><\/p>\n<p style=\"margin: 0cm;margin-bottom: .0001pt\"><a href=\"https:\/\/cpar.ufms.br\/files\/2021\/08\/Edital-n.-10-224-reuniao-conselho.pdf\">Edital n. 10<\/a><\/p>\n<p style=\"margin: 0cm;margin-bottom: .0001pt\"><a href=\"https:\/\/cpar.ufms.br\/files\/2021\/10\/ATA__CAS_CPAR_UFMS__Reuniao_Ordinaria_n_224__de_30_08_2021.pdf\">Ata da reuni\u00e3o<\/a><\/p>\n<hr \/>\n<p style=\"margin: 0cm;margin-bottom: .0001pt\"><strong>Reuni\u00e3o Ordin\u00e1ria de 20 de Setembro<\/strong><\/p>\n<p style=\"margin: 0cm;margin-bottom: .0001pt\"><a href=\"https:\/\/cpar.ufms.br\/files\/2021\/09\/edital-de-convocacao-CAs-CPAR-n.-11.pdf\">Edital n. 11<\/a><\/p>\n<p style=\"margin: 0cm;margin-bottom: .0001pt\"><a href=\"https:\/\/cpar.ufms.br\/files\/2021\/10\/ATA__CAS_CPAR_UFMS__Reuniao_Ordinaria_n_225__de_20_09_2021.pdf\">Ata da reuni\u00e3o<\/a><\/p>\n<hr \/>\n<p style=\"margin: 0cm;margin-bottom: .0001pt\"><strong>Reuni\u00e3o Ordin\u00e1ria de 25 de Outubro<\/strong><\/p>\n<p style=\"margin: 0cm;margin-bottom: .0001pt\"><a href=\"https:\/\/cpar.ufms.br\/files\/2021\/10\/EDITAL_DE_CONVOCACAO_N_12_2021___CAS_CPAR_UFMS.pdf\">Edital n. 12<\/a><\/p>\n<p style=\"margin: 0cm;margin-bottom: .0001pt\"><a href=\"https:\/\/cpar.ufms.br\/files\/2021\/11\/ATA-CPAR-226.pdf\">Ata da reuni\u00e3o<\/a><\/p>\n<hr \/>\n<p style=\"margin: 0cm;margin-bottom: .0001pt\"><strong>Reuni\u00e3o Ordin\u00e1ria de 29 de Novembro<\/strong><\/p>\n<p style=\"margin: 0cm;margin-bottom: .0001pt\"><a href=\"https:\/\/cpar.ufms.br\/files\/2021\/11\/EDITAL-CPAR-13.pdf\">Edital n. 13<\/a><\/p>\n<p><a href=\"https:\/\/cpar.ufms.br\/files\/2022\/03\/ATA-CAS_CPAR_UFMS-Reuniao-Ordinaria-n-227-de-29-11-2022.pdf\">Ata da reuni\u00e3o<\/a><\/p>\n<hr \/>\n<p style=\"margin: 0cm;margin-bottom: .0001pt\"><strong>Reuni\u00e3o Ordin\u00e1ria de 13 de Dezembro [<span style=\"color: red\">CANCELADA<\/span>]<\/strong><\/p>\n<p style=\"margin: 0cm;margin-bottom: .0001pt\"><a href=\"https:\/\/cpar.ufms.br\/files\/2021\/11\/RESOLUCAO-N-309.pdf\">Resolu\u00e7\u00e3o n. 309 (CAS\/CPAR\/UFMS)<\/a><\/p>\n<hr \/>\n<h4><\/h4>\n<p>&nbsp;<\/p>\n<p>&nbsp;<\/p>\n<p>&nbsp;<\/p>\n<p>&nbsp;<\/p>\n<p>&nbsp;<\/p>\n<p>&nbsp;<\/p>\n<p>&nbsp;<\/p>\n<p>&nbsp;<\/p>\n","protected":false},"excerpt":{"rendered":"<p>Editais de Convoca\u00e7\u00e3o e ATA das Reuni\u00f5es do CAS-CPAR do ano de 2023 Calend\u00e1rio de Reuni\u00f5es de 2023 &nbsp; Reuni\u00e3o ordin\u00e1ria de 7 de mar\u00e7o de 2023 Edital n.1 Ata da Reuni\u00e3o &nbsp; Reuni\u00e3o extraordin\u00e1ria de 23 de mar\u00e7o de 2023 Edital n. 2 Ata da Reuni\u00e3o &nbsp; Reuni\u00e3o ordin\u00e1ria de 04 de maio de [&hellip;]<\/p>\n","protected":false},"author":1582,"featured_media":0,"parent":639,"menu_order":0,"comment_status":"closed","ping_status":"open","template":"","meta":{"footnotes":""},"coauthors":[],"class_list":["post-2039","page","type-page","status-publish","hentry"],"yoast_head":"<!-- This site is optimized with the Yoast SEO plugin v26.2 - https:\/\/yoast.com\/wordpress\/plugins\/seo\/ -->\n<title>Reuni\u00f5es - CPAR - Campus de Parana\u00edba<\/title>\n<meta name=\"robots\" content=\"index, follow, max-snippet:-1, max-image-preview:large, max-video-preview:-1\" \/>\n<link rel=\"canonical\" href=\"https:\/\/cpar.ufms.br\/institucional\/conselho-de-campus\/reunioes\/\" \/>\n<meta property=\"og:locale\" content=\"en_US\" \/>\n<meta property=\"og:type\" content=\"article\" \/>\n<meta property=\"og:title\" content=\"Reuni\u00f5es - CPAR - Campus de Parana\u00edba\" \/>\n<meta property=\"og:description\" content=\"Editais de Convoca\u00e7\u00e3o e ATA das Reuni\u00f5es do CAS-CPAR do ano de 2023 Calend\u00e1rio de Reuni\u00f5es de 2023 &nbsp; Reuni\u00e3o ordin\u00e1ria de 7 de mar\u00e7o de 2023 Edital n.1 Ata da Reuni\u00e3o &nbsp; Reuni\u00e3o extraordin\u00e1ria de 23 de mar\u00e7o de 2023 Edital n. 2 Ata da Reuni\u00e3o &nbsp; Reuni\u00e3o ordin\u00e1ria de 04 de maio de [&hellip;]\" \/>\n<meta property=\"og:url\" content=\"https:\/\/cpar.ufms.br\/institucional\/conselho-de-campus\/reunioes\/\" \/>\n<meta property=\"og:site_name\" content=\"CPAR - Campus de Parana\u00edba\" \/>\n<meta property=\"article:modified_time\" content=\"2023-06-15T20:42:34+00:00\" \/>\n<meta name=\"twitter:label1\" content=\"Est. reading time\" \/>\n\t<meta name=\"twitter:data1\" content=\"2 minutes\" \/>\n\t<meta name=\"twitter:label2\" content=\"Written by\" \/>\n\t<meta name=\"twitter:data2\" content=\"CPAR.UFMS\" \/>\n<script type=\"application\/ld+json\" class=\"yoast-schema-graph\">{\"@context\":\"https:\/\/schema.org\",\"@graph\":[{\"@type\":\"WebPage\",\"@id\":\"https:\/\/cpar.ufms.br\/institucional\/conselho-de-campus\/reunioes\/\",\"url\":\"https:\/\/cpar.ufms.br\/institucional\/conselho-de-campus\/reunioes\/\",\"name\":\"Reuni\u00f5es - CPAR - Campus de Parana\u00edba\",\"isPartOf\":{\"@id\":\"https:\/\/cpar.ufms.br\/#website\"},\"datePublished\":\"2015-03-05T12:12:38+00:00\",\"dateModified\":\"2023-06-15T20:42:34+00:00\",\"breadcrumb\":{\"@id\":\"https:\/\/cpar.ufms.br\/institucional\/conselho-de-campus\/reunioes\/#breadcrumb\"},\"inLanguage\":\"en-US\",\"potentialAction\":[{\"@type\":\"ReadAction\",\"target\":[\"https:\/\/cpar.ufms.br\/institucional\/conselho-de-campus\/reunioes\/\"]}]},{\"@type\":\"BreadcrumbList\",\"@id\":\"https:\/\/cpar.ufms.br\/institucional\/conselho-de-campus\/reunioes\/#breadcrumb\",\"itemListElement\":[{\"@type\":\"ListItem\",\"position\":1,\"name\":\"In\u00edcio\",\"item\":\"https:\/\/cpar.ufms.br\/\"},{\"@type\":\"ListItem\",\"position\":2,\"name\":\"Institucional\",\"item\":\"https:\/\/cpar.ufms.br\/institucional\/\"},{\"@type\":\"ListItem\",\"position\":3,\"name\":\"Conselho de C\u00e2mpus\",\"item\":\"https:\/\/cpar.ufms.br\/institucional\/conselho-de-campus\/\"},{\"@type\":\"ListItem\",\"position\":4,\"name\":\"Reuni\u00f5es\"}]},{\"@type\":\"WebSite\",\"@id\":\"https:\/\/cpar.ufms.br\/#website\",\"url\":\"https:\/\/cpar.ufms.br\/\",\"name\":\"CPAR - Campus de Parana\u00edba\",\"description\":\"Universidade Federal de Mato Grosso do Sul\",\"potentialAction\":[{\"@type\":\"SearchAction\",\"target\":{\"@type\":\"EntryPoint\",\"urlTemplate\":\"https:\/\/cpar.ufms.br\/?s={search_term_string}\"},\"query-input\":{\"@type\":\"PropertyValueSpecification\",\"valueRequired\":true,\"valueName\":\"search_term_string\"}}],\"inLanguage\":\"en-US\"}]}<\/script>\n<!-- \/ Yoast SEO plugin. -->","yoast_head_json":{"title":"Reuni\u00f5es - CPAR - Campus de Parana\u00edba","robots":{"index":"index","follow":"follow","max-snippet":"max-snippet:-1","max-image-preview":"max-image-preview:large","max-video-preview":"max-video-preview:-1"},"canonical":"https:\/\/cpar.ufms.br\/institucional\/conselho-de-campus\/reunioes\/","og_locale":"en_US","og_type":"article","og_title":"Reuni\u00f5es - CPAR - Campus de Parana\u00edba","og_description":"Editais de Convoca\u00e7\u00e3o e ATA das Reuni\u00f5es do CAS-CPAR do ano de 2023 Calend\u00e1rio de Reuni\u00f5es de 2023 &nbsp; Reuni\u00e3o ordin\u00e1ria de 7 de mar\u00e7o de 2023 Edital n.1 Ata da Reuni\u00e3o &nbsp; Reuni\u00e3o extraordin\u00e1ria de 23 de mar\u00e7o de 2023 Edital n. 2 Ata da Reuni\u00e3o &nbsp; Reuni\u00e3o ordin\u00e1ria de 04 de maio de [&hellip;]","og_url":"https:\/\/cpar.ufms.br\/institucional\/conselho-de-campus\/reunioes\/","og_site_name":"CPAR - Campus de Parana\u00edba","article_modified_time":"2023-06-15T20:42:34+00:00","twitter_misc":{"Est. reading time":"2 minutes","Written by":"CPAR.UFMS"},"schema":{"@context":"https:\/\/schema.org","@graph":[{"@type":"WebPage","@id":"https:\/\/cpar.ufms.br\/institucional\/conselho-de-campus\/reunioes\/","url":"https:\/\/cpar.ufms.br\/institucional\/conselho-de-campus\/reunioes\/","name":"Reuni\u00f5es - CPAR - Campus de Parana\u00edba","isPartOf":{"@id":"https:\/\/cpar.ufms.br\/#website"},"datePublished":"2015-03-05T12:12:38+00:00","dateModified":"2023-06-15T20:42:34+00:00","breadcrumb":{"@id":"https:\/\/cpar.ufms.br\/institucional\/conselho-de-campus\/reunioes\/#breadcrumb"},"inLanguage":"en-US","potentialAction":[{"@type":"ReadAction","target":["https:\/\/cpar.ufms.br\/institucional\/conselho-de-campus\/reunioes\/"]}]},{"@type":"BreadcrumbList","@id":"https:\/\/cpar.ufms.br\/institucional\/conselho-de-campus\/reunioes\/#breadcrumb","itemListElement":[{"@type":"ListItem","position":1,"name":"In\u00edcio","item":"https:\/\/cpar.ufms.br\/"},{"@type":"ListItem","position":2,"name":"Institucional","item":"https:\/\/cpar.ufms.br\/institucional\/"},{"@type":"ListItem","position":3,"name":"Conselho de C\u00e2mpus","item":"https:\/\/cpar.ufms.br\/institucional\/conselho-de-campus\/"},{"@type":"ListItem","position":4,"name":"Reuni\u00f5es"}]},{"@type":"WebSite","@id":"https:\/\/cpar.ufms.br\/#website","url":"https:\/\/cpar.ufms.br\/","name":"CPAR - Campus de Parana\u00edba","description":"Universidade Federal de Mato Grosso do Sul","potentialAction":[{"@type":"SearchAction","target":{"@type":"EntryPoint","urlTemplate":"https:\/\/cpar.ufms.br\/?s={search_term_string}"},"query-input":{"@type":"PropertyValueSpecification","valueRequired":true,"valueName":"search_term_string"}}],"inLanguage":"en-US"}]}},"_links":{"self":[{"href":"https:\/\/cpar.ufms.br\/en\/wp-json\/wp\/v2\/pages\/2039","targetHints":{"allow":["GET"]}}],"collection":[{"href":"https:\/\/cpar.ufms.br\/en\/wp-json\/wp\/v2\/pages"}],"about":[{"href":"https:\/\/cpar.ufms.br\/en\/wp-json\/wp\/v2\/types\/page"}],"author":[{"embeddable":true,"href":"https:\/\/cpar.ufms.br\/en\/wp-json\/wp\/v2\/users\/1582"}],"replies":[{"embeddable":true,"href":"https:\/\/cpar.ufms.br\/en\/wp-json\/wp\/v2\/comments?post=2039"}],"version-history":[{"count":155,"href":"https:\/\/cpar.ufms.br\/en\/wp-json\/wp\/v2\/pages\/2039\/revisions"}],"predecessor-version":[{"id":15103,"href":"https:\/\/cpar.ufms.br\/en\/wp-json\/wp\/v2\/pages\/2039\/revisions\/15103"}],"up":[{"embeddable":true,"href":"https:\/\/cpar.ufms.br\/en\/wp-json\/wp\/v2\/pages\/639"}],"wp:attachment":[{"href":"https:\/\/cpar.ufms.br\/en\/wp-json\/wp\/v2\/media?parent=2039"}],"wp:term":[{"taxonomy":"author","embeddable":true,"href":"https:\/\/cpar.ufms.br\/en\/wp-json\/wp\/v2\/coauthors?post=2039"}],"curies":[{"name":"wp","href":"https:\/\/api.w.org\/{rel}","templated":true}]}}