{"id":2048,"date":"2025-11-25T13:55:30","date_gmt":"2025-11-25T17:55:30","guid":{"rendered":"http:\/\/cpar.draconis.ufms.br\/?page_id=2048"},"modified":"2025-11-25T15:13:30","modified_gmt":"2025-11-25T19:13:30","slug":"servico-de-psicologia","status":"publish","type":"page","link":"https:\/\/cpar.ufms.br\/en\/servico-de-psicologia\/","title":{"rendered":"Servi\u00e7o de Psicologia"},"content":{"rendered":"<div class=\"gmail_default\">\n<p>O Servi\u00e7o de Psicologia tem o objetivo de oferecer assist\u00eancia\u00a0psicol\u00f3gica \u00e0 comunidade CPAR, ou seja, aos alunos e servidores do Campus, por meio do acolhimento, identifica\u00e7\u00e3o e encaminhamento da demanda em sa\u00fade mental dos assistidos.<\/p>\n<p>Para a assist\u00eancia psicol\u00f3gica aos alunos, observamos a pol\u00edtica de aten\u00e7\u00e3o \u00e0 sa\u00fade dos estudantes UFMS, institu\u00edda pela Resolu\u00e7\u00e3o N\u00ba 126-COUN\/UFMS, de 31 de agosto de 2021.<\/p>\n<p>Assim, nossa agenda de servi\u00e7os inclui a\u00e7\u00f5es coletivas e individuais para o acolhimento, a orienta\u00e7\u00e3o e o suporte psicol\u00f3gico aos acad\u00eamicos CPAR.<\/p>\n<p>Atividades:<\/p>\n<p>\u2013 Roda de conversa, juntamente com a Assistente Social do CPAR, Joyce Leal, para a discuss\u00f5es de tem\u00e1tica relacionadas as viv\u00eancias acad\u00eamicas e suas implica\u00e7\u00f5es na perman\u00eancia estudantil na institui\u00e7\u00e3o;<\/p>\n<p>\u2013 Atendimentos psicol\u00f3gicos individuais de car\u00e1ter breve e pontual, com o objetivo de acolher, identificar e encaminhar a demanda em sa\u00fade mental dos acad\u00eamicos.<\/p>\n<p>&nbsp;<\/p>\n<p>Os estudantes ser\u00e3o chamados para atendimento considerando a ordem de urg\u00eancia definida no formul\u00e1rio de inscri\u00e7\u00e3o, o tempo de espera em fila e a disponibilidade de agenda da psic\u00f3loga da institui\u00e7\u00e3o.<\/p>\n<p>Os atendimentos psicol\u00f3gicos oferecidos podem ser solicitados pelo estudante atrav\u00e9s do link de inscri\u00e7\u00e3o ou pelo e-mail do servi\u00e7o.<\/p>\n<p>&nbsp;<\/p>\n<p>No \u00e2mbito da Sa\u00fade Mental dos Servidores, o Servi\u00e7o de Psicologia CPAR\/UFMS oferece atendimento psicol\u00f3gico breve e pontual, para escuta e orienta\u00e7\u00e3o, conforme as normativas da PROGEP\/UFMS.<\/p>\n<p>Tamb\u00e9m, visando a promo\u00e7\u00e3o de sa\u00fade mental e preven\u00e7\u00e3o de doen\u00e7as mentais, ser\u00e3o ofertadas rodas de conversas para a abordagem coletiva de demandas pertinentes a esse segmento da comunidade universit\u00e1ria.<\/p>\n<p>&nbsp;<\/p>\n<p>Agendamentos, d\u00favidas, esclarecimentos, sugest\u00f5es, apresenta\u00e7\u00e3o de demandas, etc., podem ser solicitadas pelo e-mail: psicologia.cpar@ufms.br<\/p>\n<p>&nbsp;<\/p>\n<h1>Servi\u00e7o de Psicologia \u2013 Acad\u00eamicos<\/h1>\n<p>O Servi\u00e7o de Psicologia tem o objetivo de oferecer assist\u00eancia psicol\u00f3gica aos alunos vinculados ao Campus de Parana\u00edba da Universidade Federal de Mato Grosso do Sul, observado o que consta na pol\u00edtica de aten\u00e7\u00e3o \u00e0 sa\u00fade dos estudantes UFMS, institu\u00edda pela Resolu\u00e7\u00e3o N\u00ba 126-COUN\/UFMS, de 31 de agosto de 2021.<\/p>\n<p>Nossa agenda de servi\u00e7os inclui a\u00e7\u00f5es coletivas e individuais para o acolhimento, a orienta\u00e7\u00e3o e o suporte psicol\u00f3gico aos acad\u00eamicos CPAR.<\/p>\n<p>O atendimento psicol\u00f3gico individual oferecido pelo Servi\u00e7o de Psicologia CPAR\/UFMS tem o objetivo de acolher, identificar e encaminhar a demanda em sa\u00fade mental de estudantes do CPAR\/UFMS.<\/p>\n<p>&nbsp;<\/p>\n<p>Os atendimentos ser\u00e3o realizados presencialmente pela psic\u00f3loga Lorannoelly Vargas Costa Paz (CRP14\/05371-9) e n\u00e3o acarretar\u00e3o em nenhum custo ou gratifica\u00e7\u00e3o \u00e0 pessoa atendida. O agendamento ser\u00e1 realizado por e-mail respeitando os dias e hor\u00e1rio de funcionamento do Servi\u00e7o de Psicologia CPAR\/UFMS.\u00a0 Os dias e hor\u00e1rios de realiza\u00e7\u00e3o das sess\u00f5es ser\u00e3o definidos de acordo com a disponibilidade da profissional e do estudante a partir do e-mail inicial de contato. Ser\u00e3o oferecidas em torno de tr\u00eas sess\u00f5es com dura\u00e7\u00e3o de 50 minutos cada.<\/p>\n<p>Ap\u00f3s este acolhimento inicial, caso seja verificada a necessidade de psicoterapia, a pessoa atendida ser\u00e1 encaminhada para profissional de psicologia externo ao campus &#8211; estabelecimentos locais do Sistema \u00danico de Sa\u00fade (SUS), plano de sa\u00fade (caso o acad\u00eamico possua) ou psic\u00f3logos que se disponibilizem a oferecer psicoterapia com valores sociais.<\/p>\n<p>*Psicoterapia \u00e9 uma pr\u00e1tica de interven\u00e7\u00e3o psicol\u00f3gica em contexto cl\u00ednico com o objetivo de promover sa\u00fade mental e propiciar condi\u00e7\u00f5es para o enfrentamento de conflitos ou transtornos ps\u00edquicos.<\/p>\n<p>&nbsp;<\/p>\n<p>Respons\u00e1vel: Psic\u00f3loga Me. Lorannoelly Vargas Costa Paz \u2013 CRP14\/05371-9<\/p>\n<p><strong>Local:<\/strong>\u00a0<em>a sala do Servi\u00e7o de Psicologia CPAR fica no pr\u00e9dio do Servi\u00e7o-Escola de Psicologia CPAR\/UFMS<\/em><\/p>\n<h5><strong>Contato: psicologia.cpar<\/strong><em>@ufms.br \/ Telefone: (67) 3669-0119 <\/em><\/h5>\n<p>Hor\u00e1rios de funcionamento:<\/p>\n<table>\n<tbody>\n<tr>\n<td width=\"123\">\n<table width=\"439\">\n<tbody>\n<tr>\n<td width=\"82\"><\/td>\n<td width=\"70\"><strong>SEG<\/strong><\/td>\n<td width=\"70\"><strong>TER<\/strong><\/td>\n<td width=\"78\"><strong>QUA<\/strong><\/td>\n<td width=\"70\"><strong>QUI<\/strong><\/td>\n<td width=\"70\"><strong>SEX<\/strong><\/td>\n<\/tr>\n<tr>\n<td width=\"82\"><strong>MAT<\/strong><\/td>\n<td width=\"70\">7H<\/p>\n<p>11H<\/td>\n<td width=\"70\">7H<\/p>\n<p>11H<\/td>\n<td width=\"78\">7H<\/p>\n<p>11H<\/td>\n<td width=\"70\">7H<\/p>\n<p>11H<\/td>\n<td width=\"70\">7H<\/p>\n<p>11H<\/td>\n<\/tr>\n<tr>\n<td width=\"82\"><strong>VESP<\/strong><\/td>\n<td width=\"70\"><\/td>\n<td width=\"70\">13H<\/p>\n<p>17H<\/td>\n<td width=\"78\"><\/td>\n<td width=\"70\">13H<\/p>\n<p>17H<\/td>\n<td width=\"70\">13H<\/p>\n<p>17H<\/td>\n<\/tr>\n<tr>\n<td width=\"82\"><strong>NOT<\/strong><\/td>\n<td width=\"70\">18H<\/p>\n<p>22H<\/td>\n<td width=\"70\"><\/td>\n<td width=\"78\">18H<\/p>\n<p>22H<\/td>\n<td width=\"70\"><\/td>\n<td width=\"70\"><\/td>\n<\/tr>\n<\/tbody>\n<\/table>\n<\/td>\n<td width=\"114\"><\/td>\n<td width=\"119\"><\/td>\n<td width=\"116\"><\/td>\n<td width=\"94\"><\/td>\n<\/tr>\n<tr>\n<td width=\"123\"><\/td>\n<td width=\"114\"><\/td>\n<td width=\"119\"><\/td>\n<td width=\"116\"><\/td>\n<td width=\"94\"><\/td>\n<\/tr>\n<tr>\n<td width=\"123\">Para solicitar atendimento: https:\/\/forms.gle\/e9CafL4eVNYaAJoV9<\/td>\n<td width=\"114\"><\/td>\n<td width=\"119\"><\/td>\n<td width=\"116\"><\/td>\n<td width=\"94\"><\/td>\n<\/tr>\n<tr>\n<td width=\"123\"><\/td>\n<td width=\"114\"><\/td>\n<td width=\"119\"><\/td>\n<td width=\"116\"><\/td>\n<td width=\"94\"><\/td>\n<\/tr>\n<\/tbody>\n<\/table>\n<p>&nbsp;<\/p>\n<h1>Grupos<\/h1>\n<p>Estar na Universidade \u00e9 o in\u00edcio de uma travessia entre uma situa\u00e7\u00e3o de vida e outra, que foi sonhada. Nessa travessia, o confronto entre o que se imaginou sobre a vida universit\u00e1ria e a realidade encontrada pode gerar ang\u00fastias e at\u00e9 mesmo um estado de crise.<\/p>\n<p>Nessa hora, encontrar apoio em outras pessoas pode ajudar a lidar com as demandas da Universidade e a entender seus c\u00f3digos e regras.<\/p>\n<p>Os grupos t\u00eam a fun\u00e7\u00e3o de promover esse espa\u00e7o de apoio m\u00fatuo, compartilhar viv\u00eancias, fortalecer v\u00ednculos e transformar a crise em pot\u00eancia de transforma\u00e7\u00e3o.<\/p>\n<p>S\u00e3o espa\u00e7os em que os participantes podem conversar livremente sobre como est\u00e3o se sentindo neste momento de travessia universit\u00e1ria ou sobre temas espec\u00edficos.<\/p>\n<p><strong>RODA DE CONVERSA MENSAL<\/strong><\/p>\n<p><strong>O que \u00e9:<\/strong>\u00a0Espa\u00e7o de discuss\u00e3o grupal centrado em um tema espec\u00edfico (acompanhar programa\u00e7\u00e3o nas redes sociais do CPAR)<\/p>\n<p><strong>Quando?<\/strong>\u00a0Na \u00faltima semana no m\u00eas (em dias a serem definidos)<\/p>\n<p><strong>Hor\u00e1rio<\/strong>: 17h30min \u00e0s 19h<\/p>\n<p><strong>Local:<\/strong>\u00a0Anfiteatro<\/p>\n<p><strong>P\u00fablico-alvo:\u00a0<\/strong><em>Estudantes da gradua\u00e7\u00e3o CPAR\/UFMS<\/em><\/p>\n<p><strong>Coordena\u00e7\u00e3o do grupo:<\/strong>\u00a0Psic\u00f3loga Me. Lorannoelly Vargas Costa Paz CRP 14\/05371-9.<\/p>\n<p><strong>Como ter acesso:\u00a0<\/strong><a href=\"https:\/\/forms.gle\/fYGjrkcjxTusDX5X9\"><strong>Clique aqui para preencher o formul\u00e1rio!<\/strong><\/a><\/p>\n<p>&nbsp;<\/p>\n<p><strong>Contato do Servi\u00e7o de Psicologia CPAR\/UFMS:<\/strong><\/p>\n<p><strong>E-mail:<\/strong>\u00a0psicologia.cpar@ufms.br<\/p>\n<p><strong>Telefone:<\/strong><em>\u00a0<\/em><em>(67) 3669-0119<\/em> <em>Ramal: 21<\/em><em>19<\/em><\/p>\n<\/div>\n<p>&nbsp;<\/p>\n<p>&nbsp;<\/p>\n<p>&nbsp;<\/p>\n<p>&nbsp;<\/p>\n<p>&nbsp;<\/p>\n<p>&nbsp;<\/p>\n<p>&nbsp;<\/p>\n<p>&nbsp;<\/p>\n<p>&nbsp;<\/p>\n<p>&nbsp;<\/p>\n<p>&nbsp;<\/p>\n<p>&nbsp;<\/p>\n<p>&nbsp;<\/p>\n<p>&nbsp;<\/p>\n<p>&nbsp;<\/p>\n<p>&nbsp;<\/p>\n","protected":false},"excerpt":{"rendered":"<p>O Servi\u00e7o de Psicologia tem o objetivo de oferecer assist\u00eancia\u00a0psicol\u00f3gica \u00e0 comunidade CPAR, ou seja, aos alunos e servidores do Campus, por meio do acolhimento, identifica\u00e7\u00e3o e encaminhamento da demanda em sa\u00fade mental dos assistidos. Para a assist\u00eancia psicol\u00f3gica aos alunos, observamos a pol\u00edtica de aten\u00e7\u00e3o \u00e0 sa\u00fade dos estudantes UFMS, institu\u00edda pela Resolu\u00e7\u00e3o N\u00ba [&hellip;]<\/p>\n","protected":false},"author":6362,"featured_media":0,"parent":0,"menu_order":0,"comment_status":"closed","ping_status":"closed","template":"page-templates\/page-coordenadorias.php","meta":{"footnotes":""},"coauthors":[371],"class_list":["post-2048","page","type-page","status-publish","hentry"],"yoast_head":"<!-- This site is optimized with the Yoast SEO plugin v26.2 - https:\/\/yoast.com\/wordpress\/plugins\/seo\/ -->\n<title>Servi\u00e7o de Psicologia - CPAR - Campus de Parana\u00edba<\/title>\n<meta name=\"robots\" content=\"index, follow, max-snippet:-1, max-image-preview:large, max-video-preview:-1\" \/>\n<link rel=\"canonical\" href=\"https:\/\/cpar.ufms.br\/servico-de-psicologia\/\" \/>\n<meta property=\"og:locale\" content=\"en_US\" \/>\n<meta property=\"og:type\" content=\"article\" \/>\n<meta property=\"og:title\" content=\"Servi\u00e7o de Psicologia - CPAR - Campus de Parana\u00edba\" \/>\n<meta property=\"og:description\" content=\"O Servi\u00e7o de Psicologia tem o objetivo de oferecer assist\u00eancia\u00a0psicol\u00f3gica \u00e0 comunidade CPAR, ou seja, aos alunos e servidores do Campus, por meio do acolhimento, identifica\u00e7\u00e3o e encaminhamento da demanda em sa\u00fade mental dos assistidos. Para a assist\u00eancia psicol\u00f3gica aos alunos, observamos a pol\u00edtica de aten\u00e7\u00e3o \u00e0 sa\u00fade dos estudantes UFMS, institu\u00edda pela Resolu\u00e7\u00e3o N\u00ba [&hellip;]\" \/>\n<meta property=\"og:url\" content=\"https:\/\/cpar.ufms.br\/servico-de-psicologia\/\" \/>\n<meta property=\"og:site_name\" content=\"CPAR - Campus de Parana\u00edba\" \/>\n<meta property=\"article:modified_time\" content=\"2025-11-25T19:13:30+00:00\" \/>\n<meta name=\"twitter:label1\" content=\"Est. reading time\" \/>\n\t<meta name=\"twitter:data1\" content=\"5 minutes\" \/>\n\t<meta name=\"twitter:label2\" content=\"Written by\" \/>\n\t<meta name=\"twitter:data2\" content=\"Ailton Junior\" \/>\n<script type=\"application\/ld+json\" class=\"yoast-schema-graph\">{\"@context\":\"https:\/\/schema.org\",\"@graph\":[{\"@type\":\"WebPage\",\"@id\":\"https:\/\/cpar.ufms.br\/servico-de-psicologia\/\",\"url\":\"https:\/\/cpar.ufms.br\/servico-de-psicologia\/\",\"name\":\"Servi\u00e7o de Psicologia - CPAR - Campus de Parana\u00edba\",\"isPartOf\":{\"@id\":\"https:\/\/cpar.ufms.br\/#website\"},\"datePublished\":\"2025-11-25T17:55:30+00:00\",\"dateModified\":\"2025-11-25T19:13:30+00:00\",\"breadcrumb\":{\"@id\":\"https:\/\/cpar.ufms.br\/servico-de-psicologia\/#breadcrumb\"},\"inLanguage\":\"en-US\",\"potentialAction\":[{\"@type\":\"ReadAction\",\"target\":[\"https:\/\/cpar.ufms.br\/servico-de-psicologia\/\"]}]},{\"@type\":\"BreadcrumbList\",\"@id\":\"https:\/\/cpar.ufms.br\/servico-de-psicologia\/#breadcrumb\",\"itemListElement\":[{\"@type\":\"ListItem\",\"position\":1,\"name\":\"In\u00edcio\",\"item\":\"https:\/\/cpar.ufms.br\/\"},{\"@type\":\"ListItem\",\"position\":2,\"name\":\"Servi\u00e7o de Psicologia\"}]},{\"@type\":\"WebSite\",\"@id\":\"https:\/\/cpar.ufms.br\/#website\",\"url\":\"https:\/\/cpar.ufms.br\/\",\"name\":\"CPAR - Campus de Parana\u00edba\",\"description\":\"Universidade Federal de Mato Grosso do Sul\",\"potentialAction\":[{\"@type\":\"SearchAction\",\"target\":{\"@type\":\"EntryPoint\",\"urlTemplate\":\"https:\/\/cpar.ufms.br\/?s={search_term_string}\"},\"query-input\":{\"@type\":\"PropertyValueSpecification\",\"valueRequired\":true,\"valueName\":\"search_term_string\"}}],\"inLanguage\":\"en-US\"}]}<\/script>\n<!-- \/ Yoast SEO plugin. -->","yoast_head_json":{"title":"Servi\u00e7o de Psicologia - CPAR - Campus de Parana\u00edba","robots":{"index":"index","follow":"follow","max-snippet":"max-snippet:-1","max-image-preview":"max-image-preview:large","max-video-preview":"max-video-preview:-1"},"canonical":"https:\/\/cpar.ufms.br\/servico-de-psicologia\/","og_locale":"en_US","og_type":"article","og_title":"Servi\u00e7o de Psicologia - CPAR - Campus de Parana\u00edba","og_description":"O Servi\u00e7o de Psicologia tem o objetivo de oferecer assist\u00eancia\u00a0psicol\u00f3gica \u00e0 comunidade CPAR, ou seja, aos alunos e servidores do Campus, por meio do acolhimento, identifica\u00e7\u00e3o e encaminhamento da demanda em sa\u00fade mental dos assistidos. Para a assist\u00eancia psicol\u00f3gica aos alunos, observamos a pol\u00edtica de aten\u00e7\u00e3o \u00e0 sa\u00fade dos estudantes UFMS, institu\u00edda pela Resolu\u00e7\u00e3o N\u00ba [&hellip;]","og_url":"https:\/\/cpar.ufms.br\/servico-de-psicologia\/","og_site_name":"CPAR - Campus de Parana\u00edba","article_modified_time":"2025-11-25T19:13:30+00:00","twitter_misc":{"Est. reading time":"5 minutes","Written by":"Ailton Junior"},"schema":{"@context":"https:\/\/schema.org","@graph":[{"@type":"WebPage","@id":"https:\/\/cpar.ufms.br\/servico-de-psicologia\/","url":"https:\/\/cpar.ufms.br\/servico-de-psicologia\/","name":"Servi\u00e7o de Psicologia - CPAR - Campus de Parana\u00edba","isPartOf":{"@id":"https:\/\/cpar.ufms.br\/#website"},"datePublished":"2025-11-25T17:55:30+00:00","dateModified":"2025-11-25T19:13:30+00:00","breadcrumb":{"@id":"https:\/\/cpar.ufms.br\/servico-de-psicologia\/#breadcrumb"},"inLanguage":"en-US","potentialAction":[{"@type":"ReadAction","target":["https:\/\/cpar.ufms.br\/servico-de-psicologia\/"]}]},{"@type":"BreadcrumbList","@id":"https:\/\/cpar.ufms.br\/servico-de-psicologia\/#breadcrumb","itemListElement":[{"@type":"ListItem","position":1,"name":"In\u00edcio","item":"https:\/\/cpar.ufms.br\/"},{"@type":"ListItem","position":2,"name":"Servi\u00e7o de Psicologia"}]},{"@type":"WebSite","@id":"https:\/\/cpar.ufms.br\/#website","url":"https:\/\/cpar.ufms.br\/","name":"CPAR - Campus de Parana\u00edba","description":"Universidade Federal de Mato Grosso do Sul","potentialAction":[{"@type":"SearchAction","target":{"@type":"EntryPoint","urlTemplate":"https:\/\/cpar.ufms.br\/?s={search_term_string}"},"query-input":{"@type":"PropertyValueSpecification","valueRequired":true,"valueName":"search_term_string"}}],"inLanguage":"en-US"}]}},"_links":{"self":[{"href":"https:\/\/cpar.ufms.br\/en\/wp-json\/wp\/v2\/pages\/2048","targetHints":{"allow":["GET"]}}],"collection":[{"href":"https:\/\/cpar.ufms.br\/en\/wp-json\/wp\/v2\/pages"}],"about":[{"href":"https:\/\/cpar.ufms.br\/en\/wp-json\/wp\/v2\/types\/page"}],"author":[{"embeddable":true,"href":"https:\/\/cpar.ufms.br\/en\/wp-json\/wp\/v2\/users\/6362"}],"replies":[{"embeddable":true,"href":"https:\/\/cpar.ufms.br\/en\/wp-json\/wp\/v2\/comments?post=2048"}],"version-history":[{"count":45,"href":"https:\/\/cpar.ufms.br\/en\/wp-json\/wp\/v2\/pages\/2048\/revisions"}],"predecessor-version":[{"id":17206,"href":"https:\/\/cpar.ufms.br\/en\/wp-json\/wp\/v2\/pages\/2048\/revisions\/17206"}],"wp:attachment":[{"href":"https:\/\/cpar.ufms.br\/en\/wp-json\/wp\/v2\/media?parent=2048"}],"wp:term":[{"taxonomy":"author","embeddable":true,"href":"https:\/\/cpar.ufms.br\/en\/wp-json\/wp\/v2\/coauthors?post=2048"}],"curies":[{"name":"wp","href":"https:\/\/api.w.org\/{rel}","templated":true}]}}