{"id":225,"date":"2014-03-07T15:42:21","date_gmt":"2014-03-07T19:42:21","guid":{"rendered":"http:\/\/cpar.draconis.ufms.br\/?page_id=225"},"modified":"2026-03-31T10:51:36","modified_gmt":"2026-03-31T14:51:36","slug":"biblioteca","status":"publish","type":"page","link":"https:\/\/cpar.ufms.br\/en\/academico\/biblioteca\/","title":{"rendered":"Biblioteca"},"content":{"rendered":"A Biblioteca do c\u00e2mpus de Parana\u00edba tem trabalhado para atender a comunidade acad\u00eamica da melhor e mais segura forma poss\u00edvel.<\/p>\n<p>&nbsp;<\/p>\n<p><strong>Hor\u00e1rio de funcionamento<\/strong><\/p>\n<p><em>Segunda, quarta e quinta-feira<\/em>: 8h \u00e0s 17h\u00a0 <em>|\u00a0 18:30 \u00e0s 21:30<\/em><\/p>\n<p><em>Ter\u00e7a e sexta-feira: 8h \u00e0s 12h\u00a0 |\u00a0 13h \u00e0s 17h<\/em><\/p>\n<p>&nbsp;<\/p>\n<p><strong>Guia do Sistema de Bibliotecas<\/strong><br \/>\nPreparamos um Guia com informa\u00e7\u00f5es sobre os principais produtos e servi\u00e7os do Sistema de Bibliotecas<\/p>\n<p>Acesse: <a href=\"https:\/\/cpar.ufms.br\/files\/2025\/09\/GUIA-DO-SISTEMA-DE-BIBLIOTECAS-2025.pdf\" target=\"_blank\" rel=\"noopener\">https:\/\/cpar.ufms.br\/files\/2025\/09\/GUIA-DO-SISTEMA-DE-BIBLIOTECAS-2025.pdf<\/a><\/p>\n<p>&nbsp;<\/p>\n<p><strong>Cadastro de usu\u00e1rios<\/strong><br \/>\nAcesse: <a href=\"https:\/\/bibliotecas.ufms.br\/cadastro-usuarios\/\" target=\"_blank\" rel=\"noopener\">https:\/\/bibliotecas.ufms.br\/cadastro-usuarios\/<\/a><\/p>\n<p style=\"text-align: justify\"><strong>Contato<\/strong><\/p>\n<p style=\"text-align: justify\">E-mail: biblioteca.cpar@ufms.br<\/p>\n<p>Respons\u00e1vel T\u00e9nico(a): Gisele Aparecida Sanches<\/p>\n<p style=\"text-align: justify\"><a href=\"https:\/\/cpar.ufms.br\/files\/2014\/03\/Comunicado.jpg\">\u00a0 <\/a><\/p>\n<p style=\"text-align: justify\"><span style=\"color: #ffffff\">.<\/span><\/p>\n<p>&nbsp;<\/p>\n<p style=\"text-align: center\">","protected":false},"excerpt":{"rendered":"<p>A Biblioteca do c\u00e2mpus de Parana\u00edba tem trabalhado para atender a comunidade acad\u00eamica da melhor e mais segura forma poss\u00edvel. &nbsp; Hor\u00e1rio de funcionamento Segunda, quarta e quinta-feira: 8h \u00e0s 17h\u00a0 |\u00a0 18:30 \u00e0s 21:30 Ter\u00e7a e sexta-feira: 8h \u00e0s 12h\u00a0 |\u00a0 13h \u00e0s 17h &nbsp; Guia do Sistema de Bibliotecas Preparamos um Guia com [&hellip;]<\/p>\n","protected":false},"author":1381,"featured_media":0,"parent":611,"menu_order":0,"comment_status":"closed","ping_status":"closed","template":"page-templates\/page-coordenadorias.php","meta":{"footnotes":""},"coauthors":[372],"class_list":["post-225","page","type-page","status-publish","hentry"],"yoast_head":"<!-- This site is optimized with the Yoast SEO plugin v26.2 - https:\/\/yoast.com\/wordpress\/plugins\/seo\/ -->\n<title>Biblioteca - CPAR - Campus de Parana\u00edba<\/title>\n<meta name=\"robots\" content=\"index, follow, max-snippet:-1, max-image-preview:large, max-video-preview:-1\" \/>\n<link rel=\"canonical\" href=\"https:\/\/cpar.ufms.br\/academico\/biblioteca\/\" \/>\n<meta property=\"og:locale\" content=\"en_US\" \/>\n<meta property=\"og:type\" content=\"article\" \/>\n<meta property=\"og:title\" content=\"Biblioteca - CPAR - Campus de Parana\u00edba\" \/>\n<meta property=\"og:description\" content=\"A Biblioteca do c\u00e2mpus de Parana\u00edba tem trabalhado para atender a comunidade acad\u00eamica da melhor e mais segura forma poss\u00edvel. &nbsp; Hor\u00e1rio de funcionamento Segunda, quarta e quinta-feira: 8h \u00e0s 17h\u00a0 |\u00a0 18:30 \u00e0s 21:30 Ter\u00e7a e sexta-feira: 8h \u00e0s 12h\u00a0 |\u00a0 13h \u00e0s 17h &nbsp; Guia do Sistema de Bibliotecas Preparamos um Guia com [&hellip;]\" \/>\n<meta property=\"og:url\" content=\"https:\/\/cpar.ufms.br\/academico\/biblioteca\/\" \/>\n<meta property=\"og:site_name\" content=\"CPAR - Campus de Parana\u00edba\" \/>\n<meta property=\"article:modified_time\" content=\"2026-03-31T14:51:36+00:00\" \/>\n<meta name=\"twitter:label1\" content=\"Est. reading time\" \/>\n\t<meta name=\"twitter:data1\" content=\"1 minute\" \/>\n\t<meta name=\"twitter:label2\" content=\"Written by\" \/>\n\t<meta name=\"twitter:data2\" content=\"dirceu.matos\" \/>\n<script type=\"application\/ld+json\" class=\"yoast-schema-graph\">{\"@context\":\"https:\/\/schema.org\",\"@graph\":[{\"@type\":\"WebPage\",\"@id\":\"https:\/\/cpar.ufms.br\/academico\/biblioteca\/\",\"url\":\"https:\/\/cpar.ufms.br\/academico\/biblioteca\/\",\"name\":\"Biblioteca - CPAR - Campus de Parana\u00edba\",\"isPartOf\":{\"@id\":\"https:\/\/cpar.ufms.br\/#website\"},\"datePublished\":\"2014-03-07T19:42:21+00:00\",\"dateModified\":\"2026-03-31T14:51:36+00:00\",\"breadcrumb\":{\"@id\":\"https:\/\/cpar.ufms.br\/academico\/biblioteca\/#breadcrumb\"},\"inLanguage\":\"en-US\",\"potentialAction\":[{\"@type\":\"ReadAction\",\"target\":[\"https:\/\/cpar.ufms.br\/academico\/biblioteca\/\"]}]},{\"@type\":\"BreadcrumbList\",\"@id\":\"https:\/\/cpar.ufms.br\/academico\/biblioteca\/#breadcrumb\",\"itemListElement\":[{\"@type\":\"ListItem\",\"position\":1,\"name\":\"In\u00edcio\",\"item\":\"https:\/\/cpar.ufms.br\/\"},{\"@type\":\"ListItem\",\"position\":2,\"name\":\"Acad\u00eamico\",\"item\":\"https:\/\/cpar.ufms.br\/academico\/\"},{\"@type\":\"ListItem\",\"position\":3,\"name\":\"Biblioteca\"}]},{\"@type\":\"WebSite\",\"@id\":\"https:\/\/cpar.ufms.br\/#website\",\"url\":\"https:\/\/cpar.ufms.br\/\",\"name\":\"CPAR - Campus de Parana\u00edba\",\"description\":\"Universidade Federal de Mato Grosso do Sul\",\"potentialAction\":[{\"@type\":\"SearchAction\",\"target\":{\"@type\":\"EntryPoint\",\"urlTemplate\":\"https:\/\/cpar.ufms.br\/?s={search_term_string}\"},\"query-input\":{\"@type\":\"PropertyValueSpecification\",\"valueRequired\":true,\"valueName\":\"search_term_string\"}}],\"inLanguage\":\"en-US\"}]}<\/script>\n<!-- \/ Yoast SEO plugin. -->","yoast_head_json":{"title":"Biblioteca - CPAR - Campus de Parana\u00edba","robots":{"index":"index","follow":"follow","max-snippet":"max-snippet:-1","max-image-preview":"max-image-preview:large","max-video-preview":"max-video-preview:-1"},"canonical":"https:\/\/cpar.ufms.br\/academico\/biblioteca\/","og_locale":"en_US","og_type":"article","og_title":"Biblioteca - CPAR - Campus de Parana\u00edba","og_description":"A Biblioteca do c\u00e2mpus de Parana\u00edba tem trabalhado para atender a comunidade acad\u00eamica da melhor e mais segura forma poss\u00edvel. &nbsp; Hor\u00e1rio de funcionamento Segunda, quarta e quinta-feira: 8h \u00e0s 17h\u00a0 |\u00a0 18:30 \u00e0s 21:30 Ter\u00e7a e sexta-feira: 8h \u00e0s 12h\u00a0 |\u00a0 13h \u00e0s 17h &nbsp; Guia do Sistema de Bibliotecas Preparamos um Guia com [&hellip;]","og_url":"https:\/\/cpar.ufms.br\/academico\/biblioteca\/","og_site_name":"CPAR - Campus de Parana\u00edba","article_modified_time":"2026-03-31T14:51:36+00:00","twitter_misc":{"Est. reading time":"1 minute","Written by":"dirceu.matos"},"schema":{"@context":"https:\/\/schema.org","@graph":[{"@type":"WebPage","@id":"https:\/\/cpar.ufms.br\/academico\/biblioteca\/","url":"https:\/\/cpar.ufms.br\/academico\/biblioteca\/","name":"Biblioteca - CPAR - Campus de Parana\u00edba","isPartOf":{"@id":"https:\/\/cpar.ufms.br\/#website"},"datePublished":"2014-03-07T19:42:21+00:00","dateModified":"2026-03-31T14:51:36+00:00","breadcrumb":{"@id":"https:\/\/cpar.ufms.br\/academico\/biblioteca\/#breadcrumb"},"inLanguage":"en-US","potentialAction":[{"@type":"ReadAction","target":["https:\/\/cpar.ufms.br\/academico\/biblioteca\/"]}]},{"@type":"BreadcrumbList","@id":"https:\/\/cpar.ufms.br\/academico\/biblioteca\/#breadcrumb","itemListElement":[{"@type":"ListItem","position":1,"name":"In\u00edcio","item":"https:\/\/cpar.ufms.br\/"},{"@type":"ListItem","position":2,"name":"Acad\u00eamico","item":"https:\/\/cpar.ufms.br\/academico\/"},{"@type":"ListItem","position":3,"name":"Biblioteca"}]},{"@type":"WebSite","@id":"https:\/\/cpar.ufms.br\/#website","url":"https:\/\/cpar.ufms.br\/","name":"CPAR - Campus de Parana\u00edba","description":"Universidade Federal de Mato Grosso do Sul","potentialAction":[{"@type":"SearchAction","target":{"@type":"EntryPoint","urlTemplate":"https:\/\/cpar.ufms.br\/?s={search_term_string}"},"query-input":{"@type":"PropertyValueSpecification","valueRequired":true,"valueName":"search_term_string"}}],"inLanguage":"en-US"}]}},"_links":{"self":[{"href":"https:\/\/cpar.ufms.br\/en\/wp-json\/wp\/v2\/pages\/225","targetHints":{"allow":["GET"]}}],"collection":[{"href":"https:\/\/cpar.ufms.br\/en\/wp-json\/wp\/v2\/pages"}],"about":[{"href":"https:\/\/cpar.ufms.br\/en\/wp-json\/wp\/v2\/types\/page"}],"author":[{"embeddable":true,"href":"https:\/\/cpar.ufms.br\/en\/wp-json\/wp\/v2\/users\/1381"}],"replies":[{"embeddable":true,"href":"https:\/\/cpar.ufms.br\/en\/wp-json\/wp\/v2\/comments?post=225"}],"version-history":[{"count":100,"href":"https:\/\/cpar.ufms.br\/en\/wp-json\/wp\/v2\/pages\/225\/revisions"}],"predecessor-version":[{"id":17668,"href":"https:\/\/cpar.ufms.br\/en\/wp-json\/wp\/v2\/pages\/225\/revisions\/17668"}],"up":[{"embeddable":true,"href":"https:\/\/cpar.ufms.br\/en\/wp-json\/wp\/v2\/pages\/611"}],"wp:attachment":[{"href":"https:\/\/cpar.ufms.br\/en\/wp-json\/wp\/v2\/media?parent=225"}],"wp:term":[{"taxonomy":"author","embeddable":true,"href":"https:\/\/cpar.ufms.br\/en\/wp-json\/wp\/v2\/coauthors?post=225"}],"curies":[{"name":"wp","href":"https:\/\/api.w.org\/{rel}","templated":true}]}}