{"id":2288,"date":"2015-03-17T21:54:10","date_gmt":"2015-03-18T01:54:10","guid":{"rendered":"http:\/\/cpar.draconis.ufms.br\/?page_id=2288"},"modified":"2021-07-29T15:41:31","modified_gmt":"2021-07-29T19:41:31","slug":"servico-de-psicologia-servidores","status":"publish","type":"page","link":"https:\/\/cpar.ufms.br\/en\/clinica-de-psicologia\/servico-de-psicologia-servidores\/","title":{"rendered":"Servi\u00e7o de Psicologia &#8211; Servidores"},"content":{"rendered":"<p>O atendimento aos servidores da UFMS ocorre no \u00e2mbito do Programa de Assist\u00eancia \u00e0 Sa\u00fade (PAS\/UFMS), em que a psic\u00f3loga do campus realiza o atendimento inicial e autoriza formalmente o tratamento psicol\u00f3gico do benefici\u00e1rio com psic\u00f3logos credenciados ao PAS\/UFMS em cl\u00ednica ou consult\u00f3rio e, quando solicitado por profissional m\u00e9dico, em ambiente hospitalar ou ambulatorial.<\/p>\n<p>Os assuntos relacionados \u00e0 sa\u00fade do trabalhador ser\u00e3o abordados conforme o interesse dos servidores por meio de atendimentos individuais e\/ou grupais com foco na orienta\u00e7\u00e3o psicol\u00f3gica.<\/p>\n<p>Os atendimentos podem ser agendados diretamente com a psic\u00f3loga Mayara Coutinho, pelo telefone no ramal 2120, ou ainda na Cl\u00ednica-Escola de Psicologia.<\/p>\n<p>&nbsp;<\/p>\n","protected":false},"excerpt":{"rendered":"<p>O atendimento aos servidores da UFMS ocorre no \u00e2mbito do Programa de Assist\u00eancia \u00e0 Sa\u00fade (PAS\/UFMS), em que a psic\u00f3loga do campus realiza o atendimento inicial e autoriza formalmente o tratamento psicol\u00f3gico do benefici\u00e1rio com psic\u00f3logos credenciados ao PAS\/UFMS em cl\u00ednica ou consult\u00f3rio e, quando solicitado por profissional m\u00e9dico, em ambiente hospitalar ou ambulatorial. Os [&hellip;]<\/p>\n","protected":false},"author":1381,"featured_media":0,"parent":1384,"menu_order":0,"comment_status":"closed","ping_status":"open","template":"page-templates\/page-coordenadorias.php","meta":{"footnotes":""},"coauthors":[],"class_list":["post-2288","page","type-page","status-publish","hentry"],"yoast_head":"<!-- This site is optimized with the Yoast SEO plugin v26.2 - https:\/\/yoast.com\/wordpress\/plugins\/seo\/ -->\n<title>Servi\u00e7o de Psicologia - Servidores - CPAR - Campus de Parana\u00edba<\/title>\n<meta name=\"robots\" content=\"index, follow, max-snippet:-1, max-image-preview:large, max-video-preview:-1\" \/>\n<link rel=\"canonical\" href=\"https:\/\/cpar.ufms.br\/clinica-de-psicologia\/servico-de-psicologia-servidores\/\" \/>\n<meta property=\"og:locale\" content=\"en_US\" \/>\n<meta property=\"og:type\" content=\"article\" \/>\n<meta property=\"og:title\" content=\"Servi\u00e7o de Psicologia - Servidores - CPAR - Campus de Parana\u00edba\" \/>\n<meta property=\"og:description\" content=\"O atendimento aos servidores da UFMS ocorre no \u00e2mbito do Programa de Assist\u00eancia \u00e0 Sa\u00fade (PAS\/UFMS), em que a psic\u00f3loga do campus realiza o atendimento inicial e autoriza formalmente o tratamento psicol\u00f3gico do benefici\u00e1rio com psic\u00f3logos credenciados ao PAS\/UFMS em cl\u00ednica ou consult\u00f3rio e, quando solicitado por profissional m\u00e9dico, em ambiente hospitalar ou ambulatorial. Os [&hellip;]\" \/>\n<meta property=\"og:url\" content=\"https:\/\/cpar.ufms.br\/clinica-de-psicologia\/servico-de-psicologia-servidores\/\" \/>\n<meta property=\"og:site_name\" content=\"CPAR - Campus de Parana\u00edba\" \/>\n<meta property=\"article:modified_time\" content=\"2021-07-29T19:41:31+00:00\" \/>\n<meta name=\"twitter:label1\" content=\"Est. reading time\" \/>\n\t<meta name=\"twitter:data1\" content=\"1 minute\" \/>\n\t<meta name=\"twitter:label2\" content=\"Written by\" \/>\n\t<meta name=\"twitter:data2\" content=\"dirceu.matos\" \/>\n<script type=\"application\/ld+json\" class=\"yoast-schema-graph\">{\"@context\":\"https:\/\/schema.org\",\"@graph\":[{\"@type\":\"WebPage\",\"@id\":\"https:\/\/cpar.ufms.br\/clinica-de-psicologia\/servico-de-psicologia-servidores\/\",\"url\":\"https:\/\/cpar.ufms.br\/clinica-de-psicologia\/servico-de-psicologia-servidores\/\",\"name\":\"Servi\u00e7o de Psicologia - Servidores - CPAR - Campus de Parana\u00edba\",\"isPartOf\":{\"@id\":\"https:\/\/cpar.ufms.br\/#website\"},\"datePublished\":\"2015-03-18T01:54:10+00:00\",\"dateModified\":\"2021-07-29T19:41:31+00:00\",\"breadcrumb\":{\"@id\":\"https:\/\/cpar.ufms.br\/clinica-de-psicologia\/servico-de-psicologia-servidores\/#breadcrumb\"},\"inLanguage\":\"en-US\",\"potentialAction\":[{\"@type\":\"ReadAction\",\"target\":[\"https:\/\/cpar.ufms.br\/clinica-de-psicologia\/servico-de-psicologia-servidores\/\"]}]},{\"@type\":\"BreadcrumbList\",\"@id\":\"https:\/\/cpar.ufms.br\/clinica-de-psicologia\/servico-de-psicologia-servidores\/#breadcrumb\",\"itemListElement\":[{\"@type\":\"ListItem\",\"position\":1,\"name\":\"In\u00edcio\",\"item\":\"https:\/\/cpar.ufms.br\/\"},{\"@type\":\"ListItem\",\"position\":2,\"name\":\"Cl\u00ednica-Escola de Psicologia\",\"item\":\"https:\/\/cpar.ufms.br\/clinica-de-psicologia\/\"},{\"@type\":\"ListItem\",\"position\":3,\"name\":\"Servi\u00e7o de Psicologia &#8211; Servidores\"}]},{\"@type\":\"WebSite\",\"@id\":\"https:\/\/cpar.ufms.br\/#website\",\"url\":\"https:\/\/cpar.ufms.br\/\",\"name\":\"CPAR - Campus de Parana\u00edba\",\"description\":\"Universidade Federal de Mato Grosso do Sul\",\"potentialAction\":[{\"@type\":\"SearchAction\",\"target\":{\"@type\":\"EntryPoint\",\"urlTemplate\":\"https:\/\/cpar.ufms.br\/?s={search_term_string}\"},\"query-input\":{\"@type\":\"PropertyValueSpecification\",\"valueRequired\":true,\"valueName\":\"search_term_string\"}}],\"inLanguage\":\"en-US\"}]}<\/script>\n<!-- \/ Yoast SEO plugin. -->","yoast_head_json":{"title":"Servi\u00e7o de Psicologia - Servidores - CPAR - Campus de Parana\u00edba","robots":{"index":"index","follow":"follow","max-snippet":"max-snippet:-1","max-image-preview":"max-image-preview:large","max-video-preview":"max-video-preview:-1"},"canonical":"https:\/\/cpar.ufms.br\/clinica-de-psicologia\/servico-de-psicologia-servidores\/","og_locale":"en_US","og_type":"article","og_title":"Servi\u00e7o de Psicologia - Servidores - CPAR - Campus de Parana\u00edba","og_description":"O atendimento aos servidores da UFMS ocorre no \u00e2mbito do Programa de Assist\u00eancia \u00e0 Sa\u00fade (PAS\/UFMS), em que a psic\u00f3loga do campus realiza o atendimento inicial e autoriza formalmente o tratamento psicol\u00f3gico do benefici\u00e1rio com psic\u00f3logos credenciados ao PAS\/UFMS em cl\u00ednica ou consult\u00f3rio e, quando solicitado por profissional m\u00e9dico, em ambiente hospitalar ou ambulatorial. Os [&hellip;]","og_url":"https:\/\/cpar.ufms.br\/clinica-de-psicologia\/servico-de-psicologia-servidores\/","og_site_name":"CPAR - Campus de Parana\u00edba","article_modified_time":"2021-07-29T19:41:31+00:00","twitter_misc":{"Est. reading time":"1 minute","Written by":"dirceu.matos"},"schema":{"@context":"https:\/\/schema.org","@graph":[{"@type":"WebPage","@id":"https:\/\/cpar.ufms.br\/clinica-de-psicologia\/servico-de-psicologia-servidores\/","url":"https:\/\/cpar.ufms.br\/clinica-de-psicologia\/servico-de-psicologia-servidores\/","name":"Servi\u00e7o de Psicologia - Servidores - CPAR - Campus de Parana\u00edba","isPartOf":{"@id":"https:\/\/cpar.ufms.br\/#website"},"datePublished":"2015-03-18T01:54:10+00:00","dateModified":"2021-07-29T19:41:31+00:00","breadcrumb":{"@id":"https:\/\/cpar.ufms.br\/clinica-de-psicologia\/servico-de-psicologia-servidores\/#breadcrumb"},"inLanguage":"en-US","potentialAction":[{"@type":"ReadAction","target":["https:\/\/cpar.ufms.br\/clinica-de-psicologia\/servico-de-psicologia-servidores\/"]}]},{"@type":"BreadcrumbList","@id":"https:\/\/cpar.ufms.br\/clinica-de-psicologia\/servico-de-psicologia-servidores\/#breadcrumb","itemListElement":[{"@type":"ListItem","position":1,"name":"In\u00edcio","item":"https:\/\/cpar.ufms.br\/"},{"@type":"ListItem","position":2,"name":"Cl\u00ednica-Escola de Psicologia","item":"https:\/\/cpar.ufms.br\/clinica-de-psicologia\/"},{"@type":"ListItem","position":3,"name":"Servi\u00e7o de Psicologia &#8211; Servidores"}]},{"@type":"WebSite","@id":"https:\/\/cpar.ufms.br\/#website","url":"https:\/\/cpar.ufms.br\/","name":"CPAR - Campus de Parana\u00edba","description":"Universidade Federal de Mato Grosso do Sul","potentialAction":[{"@type":"SearchAction","target":{"@type":"EntryPoint","urlTemplate":"https:\/\/cpar.ufms.br\/?s={search_term_string}"},"query-input":{"@type":"PropertyValueSpecification","valueRequired":true,"valueName":"search_term_string"}}],"inLanguage":"en-US"}]}},"_links":{"self":[{"href":"https:\/\/cpar.ufms.br\/en\/wp-json\/wp\/v2\/pages\/2288","targetHints":{"allow":["GET"]}}],"collection":[{"href":"https:\/\/cpar.ufms.br\/en\/wp-json\/wp\/v2\/pages"}],"about":[{"href":"https:\/\/cpar.ufms.br\/en\/wp-json\/wp\/v2\/types\/page"}],"author":[{"embeddable":true,"href":"https:\/\/cpar.ufms.br\/en\/wp-json\/wp\/v2\/users\/1381"}],"replies":[{"embeddable":true,"href":"https:\/\/cpar.ufms.br\/en\/wp-json\/wp\/v2\/comments?post=2288"}],"version-history":[{"count":2,"href":"https:\/\/cpar.ufms.br\/en\/wp-json\/wp\/v2\/pages\/2288\/revisions"}],"predecessor-version":[{"id":2292,"href":"https:\/\/cpar.ufms.br\/en\/wp-json\/wp\/v2\/pages\/2288\/revisions\/2292"}],"up":[{"embeddable":true,"href":"https:\/\/cpar.ufms.br\/en\/wp-json\/wp\/v2\/pages\/1384"}],"wp:attachment":[{"href":"https:\/\/cpar.ufms.br\/en\/wp-json\/wp\/v2\/media?parent=2288"}],"wp:term":[{"taxonomy":"author","embeddable":true,"href":"https:\/\/cpar.ufms.br\/en\/wp-json\/wp\/v2\/coauthors?post=2288"}],"curies":[{"name":"wp","href":"https:\/\/api.w.org\/{rel}","templated":true}]}}