{"id":2798,"date":"2015-05-08T08:32:36","date_gmt":"2015-05-08T12:32:36","guid":{"rendered":"http:\/\/cpar.draconis.ufms.br\/?page_id=2798"},"modified":"2023-09-04T15:45:06","modified_gmt":"2023-09-04T19:45:06","slug":"historico","status":"publish","type":"page","link":"https:\/\/cpar.ufms.br\/en\/institucional\/historico\/","title":{"rendered":"Hist\u00f3rico"},"content":{"rendered":"<p style=\"text-align: justify;margin: 0cm 0cm 7.9pt 0cm\"><span style=\"font-size: 12pt;font-family: georgia, palatino, serif;color: #2c3e50\">O objetivo maior da cria\u00e7\u00e3o do C\u00e2mpus de Parana\u00edba (CPAR) foi o de contribuir para o desenvolvimento social, ambiental, cultural, cient\u00edfico e profissional de uma vasta regi\u00e3o do Estado de Mato Grosso do Sul, englobando o munic\u00edpio de Parana\u00edba e outros da regi\u00e3o. Destaca-se a import\u00e2ncia econ\u00f4mica e hist\u00f3rica do munic\u00edpio de Parana\u00edba, cuja trajet\u00f3ria est\u00e1 preenchida por fatos relevantes para a pr\u00f3pria hist\u00f3ria do pa\u00eds, passando pelos desafios da conquista da regi\u00e3o sul do Mato Grosso. Contemporaneamente, o munic\u00edpio de Parana\u00edba participa da expans\u00e3o e da moderniza\u00e7\u00e3o do Estado de Mato Grosso do Sul, ampliando sua ind\u00fastria, pecu\u00e1ria, com\u00e9rcio e op\u00e7\u00f5es de educa\u00e7\u00e3o.<\/span><\/p>\n<p style=\"text-align: justify;margin: 0cm 0cm 7.9pt 0cm\"><span style=\"font-size: 12pt;font-family: georgia, palatino, serif;color: #2c3e50\">Em 26 de fevereiro de 1999, o Conselho Diretor da UFMS, emite a Resolu\u00e7\u00e3o CD n\u00ba 8\/2000, em que se altera a proposta de Estatuto, definindo-se, no inciso VIII, do Art. 13, da Se\u00e7\u00e3o II, referente \u00e0 Estrutura, os \u201c\u00d3rg\u00e3os da Administra\u00e7\u00e3o Setorial\u201d, o nome do C\u00e2mpus de Parana\u00edba. No dia 24 de maio de 2000, o Conselho Universit\u00e1rio da UFMS aprova, por interm\u00e9dio da Resolu\u00e7\u00e3o Coun n\u00ba 18, o Regimento Geral da UFMS, em vigor na \u00e9poca, em cujo inciso VIII, do Art. 17, do Cap\u00edtulo II, referente \u00e0 organiza\u00e7\u00e3o administrativa, consta o C\u00e2mpus de Parana\u00edba.<\/span><\/p>\n<p style=\"text-align: justify;margin: 0cm 0cm 7.9pt 0cm\"><span style=\"font-size: 12pt;font-family: georgia, palatino, serif;color: #2c3e50\">Pela Resolu\u00e7\u00e3o Coun n\u00ba 10, de 03 de maio de 2001, foram criados tr\u00eas cursos superiores de gradua\u00e7\u00e3o: Administra\u00e7\u00e3o, Matem\u00e1tica e Psicologia, para os quais foram abertas inscri\u00e7\u00f5es para o Concurso Vestibular de Inverno 2001. Durante o primeiro semestre de 2001, montou-se o Processo n\u00ba 23104.005016\/2001-35, contendo minuta de conv\u00eanio de coopera\u00e7\u00e3o m\u00fatua entre a UFMS e a Prefeitura de Parana\u00edba. Ap\u00f3s parecer favor\u00e1vel da PROJUR\/UFMS, o Conv\u00eanio de Coopera\u00e7\u00e3o M\u00fatua foi celebrado no dia 5 de agosto de 2001, com dura\u00e7\u00e3o de cinco anos, cujo objetivo maior \u00e9 o de dar apoio financeiro para o bom funcionamento do C\u00e2mpus.<\/span><\/p>\n<p style=\"text-align: justify;margin: 0cm 0cm 7.9pt 0cm\"><span style=\"font-size: 12pt;font-family: georgia, palatino, serif;color: #2c3e50\">A partir da data de sua implanta\u00e7\u00e3o, o C\u00e2mpus de Parana\u00edba passou a funcionar no Educand\u00e1rio Santa Clara \u2013 PREV\u00ca-Objetivo por meio de conv\u00eanio celebrado entre a Prefeitura Municipal de Parana\u00edba e a Associa\u00e7\u00e3o Brasileira das Franciscanas de Agudos.<\/span><\/p>\n<p style=\"text-align: justify;margin: 0cm 0cm 7.9pt 0cm\"><span style=\"font-size: 12pt;font-family: georgia, palatino, serif;color: #2c3e50\">Em agosto de 2003, em decorr\u00eancia da insufici\u00eancia de espa\u00e7o f\u00edsico para abrigar as novas turmas ingressantes, o CPAR mudou-se para uma escola municipal \u2013 Escola Municipal Maria Lu\u00edza Corr\u00eaa Machado.<\/span><\/p>\n<p style=\"text-align: justify;margin: 0cm 0cm 7.9pt 0cm\"><span style=\"font-size: 12pt;font-family: georgia, palatino, serif;color: #2c3e50\">Em agosto de 2005, para atender \u00e0s necessidades de adequa\u00e7\u00e3o das instala\u00e7\u00f5es f\u00edsicas, a Prefeitura Municipal de Parana\u00edba, por meio de conv\u00eanio com o Governo do Estado de Mato Grosso do Sul, disponibilizou parte do col\u00e9gio Educacional Valmir Lopes Can\u00e7ado para o CPAR.<\/span><\/p>\n<p style=\"text-align: justify;margin: 0cm 0cm 7.9pt 0cm\"><span style=\"font-size: 12pt;font-family: georgia, palatino, serif;color: #2c3e50\">Em 11 de Janeiro de 2006 foi iniciada a constru\u00e7\u00e3o do pr\u00e9dio definitivo do C\u00e2mpus de Parana\u00edba, em um terreno doado pela Prefeitura Municipal de Parana\u00edba, onde as atividades acad\u00eamicas iniciaram-se no segundo semestre de 2007.<\/span><\/p>\n<p style=\"text-align: justify;margin: 0cm 0cm 7.9pt 0cm\"><span style=\"font-size: 12pt;font-family: georgia, palatino, serif;color: #2c3e50\">Ao longo dos anos, atrav\u00e9s de um estudo realizado entre os docentes do C\u00e2mpus, sobre os perfis de cursos necess\u00e1rios \u00e0 regi\u00e3o, foi apresentado a proposta de criar o Curso de Medicina Veterin\u00e1ria, ao presidente do Conselho de Campus, que opinou favoravelmente \u00e0 proposta de criar o curso e, em seguida, foi feita a manifesta\u00e7\u00e3o do Conselho de Ensino de Gradua\u00e7\u00e3o da UFMS, que tamb\u00e9m se declarou favor\u00e1vel.<\/span><\/p>\n<p style=\"text-align: justify;margin: 0cm 0cm 7.9pt 0cm\"><span style=\"font-size: 12pt;font-family: georgia, palatino, serif;color: #2c3e50\">O Curso de Medicina Veterin\u00e1ria foi aprovado pelo Conselho Universit\u00e1rio da institui\u00e7\u00e3o, atrav\u00e9s da resolu\u00e7\u00e3o COUN n\u00b029, de 16 de abril de 2013 e, em seguida, foi emitida a Portaria n\u00b0 646, de 30 de outubro de 2014, pelo Secret\u00e1rio de Regula\u00e7\u00e3o e Supervis\u00e3o da Educa\u00e7\u00e3o Superior do Minist\u00e9rio da Educa\u00e7\u00e3o, autorizando a cria\u00e7\u00e3o do curso. <\/span><\/p>\n<p style=\"text-align: justify;margin: 0cm 0cm 7.9pt 0cm\"><span style=\"font-size: 12pt;font-family: georgia, palatino, serif;color: #2c3e50\">Em 2014, foi doada pelo Munic\u00edpio de Parana\u00edba\/MS a \u00e1rea de 110,81,32 hectares para implanta\u00e7\u00e3o da Fazenda Escola do Curso de Medicina Veterin\u00e1ria. Finalmente, em 2022, o Curso de Medicina Veterin\u00e1ria foi oferecido nos processos seletivos da UFMS, com a primeira turma ingressante em mar\u00e7o de 2023. Atualmente, o CPAR conta com os cursos de Administra\u00e7\u00e3o, Matem\u00e1tica, Psicologia e Medicina Veterin\u00e1ria, bem como o curso de p\u00f3s-gradua\u00e7\u00e3o MBA Gest\u00e3o Estrat\u00e9gica de Neg\u00f3cios.<\/span><\/p>\n<p><a href=\"https:\/\/www.ufms.br\/universidade\/historico\/\" target=\"_blank\" rel=\"noopener\">Hist\u00f3rico da UFMS<\/a><\/p>\n<p><a href=\"https:\/\/www.youtube.com\/watch?v=mwZ0Kt2Rl08\" target=\"_blank\" rel=\"noopener\">V\u00eddeo Institucional da UFMS<\/a><\/p>\n<h4 style=\"text-align: center\">Estrutura Organizacional da UFMS<\/h4>\n<h4 style=\"text-align: center\"><a href=\"https:\/\/cpar.ufms.br\/files\/2014\/05\/Organograma-2017-UFMS.jpg\"><img fetchpriority=\"high\" decoding=\"async\" class=\"alignnone wp-image-4919\" src=\"https:\/\/cpar.ufms.br\/files\/2014\/05\/Organograma-2017-UFMS-300x212.jpg\" alt=\"Organograma 2017 - UFMS\" width=\"368\" height=\"260\" srcset=\"https:\/\/cpar.ufms.br\/files\/2014\/05\/Organograma-2017-UFMS-300x212.jpg 300w, https:\/\/cpar.ufms.br\/files\/2014\/05\/Organograma-2017-UFMS-768x543.jpg 768w, https:\/\/cpar.ufms.br\/files\/2014\/05\/Organograma-2017-UFMS-1024x724.jpg 1024w, https:\/\/cpar.ufms.br\/files\/2014\/05\/Organograma-2017-UFMS-453x320.jpg 453w, https:\/\/cpar.ufms.br\/files\/2014\/05\/Organograma-2017-UFMS.jpg 1422w\" sizes=\"(max-width: 368px) 100vw, 368px\" \/><\/a><\/h4>\n<h4 style=\"text-align: center\"><\/h4>\n<p style=\"text-align: center\">\n<h4 style=\"text-align: center\">Organograma do C\u00e2mpus de Parana\u00edba (CPAR)<\/h4>\n<p style=\"text-align: center\"><a href=\"https:\/\/cpar.ufms.br\/files\/2014\/05\/Organograma-2017-CPAR.jpg\"><img decoding=\"async\" class=\"alignnone wp-image-4920\" src=\"https:\/\/cpar.ufms.br\/files\/2014\/05\/Organograma-2017-CPAR-300x211.jpg\" alt=\"Organograma 2017 - CPAR\" width=\"369\" height=\"260\" srcset=\"https:\/\/cpar.ufms.br\/files\/2014\/05\/Organograma-2017-CPAR-300x211.jpg 300w, https:\/\/cpar.ufms.br\/files\/2014\/05\/Organograma-2017-CPAR-768x540.jpg 768w, https:\/\/cpar.ufms.br\/files\/2014\/05\/Organograma-2017-CPAR-1024x720.jpg 1024w, https:\/\/cpar.ufms.br\/files\/2014\/05\/Organograma-2017-CPAR-455x320.jpg 455w, https:\/\/cpar.ufms.br\/files\/2014\/05\/Organograma-2017-CPAR.jpg 1423w\" sizes=\"(max-width: 369px) 100vw, 369px\" \/><\/a><\/p>\n<p style=\"text-align: center\">\n","protected":false},"excerpt":{"rendered":"<p>O objetivo maior da cria\u00e7\u00e3o do C\u00e2mpus de Parana\u00edba (CPAR) foi o de contribuir para o desenvolvimento social, ambiental, cultural, cient\u00edfico e profissional de uma vasta regi\u00e3o do Estado de Mato Grosso do Sul, englobando o munic\u00edpio de Parana\u00edba e outros da regi\u00e3o. Destaca-se a import\u00e2ncia econ\u00f4mica e hist\u00f3rica do munic\u00edpio de Parana\u00edba, cuja trajet\u00f3ria [&hellip;]<\/p>\n","protected":false},"author":1582,"featured_media":0,"parent":346,"menu_order":0,"comment_status":"closed","ping_status":"open","template":"page-templates\/page-subcoordenadoria.php","meta":{"footnotes":""},"coauthors":[],"class_list":["post-2798","page","type-page","status-publish","hentry"],"yoast_head":"<!-- This site is optimized with the Yoast SEO plugin v26.2 - https:\/\/yoast.com\/wordpress\/plugins\/seo\/ -->\n<title>Hist\u00f3rico - CPAR - Campus de Parana\u00edba<\/title>\n<meta name=\"robots\" content=\"index, follow, max-snippet:-1, max-image-preview:large, max-video-preview:-1\" \/>\n<link rel=\"canonical\" href=\"https:\/\/cpar.ufms.br\/institucional\/historico\/\" \/>\n<meta property=\"og:locale\" content=\"en_US\" \/>\n<meta property=\"og:type\" content=\"article\" \/>\n<meta property=\"og:title\" content=\"Hist\u00f3rico - CPAR - Campus de Parana\u00edba\" \/>\n<meta property=\"og:description\" content=\"O objetivo maior da cria\u00e7\u00e3o do C\u00e2mpus de Parana\u00edba (CPAR) foi o de contribuir para o desenvolvimento social, ambiental, cultural, cient\u00edfico e profissional de uma vasta regi\u00e3o do Estado de Mato Grosso do Sul, englobando o munic\u00edpio de Parana\u00edba e outros da regi\u00e3o. Destaca-se a import\u00e2ncia econ\u00f4mica e hist\u00f3rica do munic\u00edpio de Parana\u00edba, cuja trajet\u00f3ria [&hellip;]\" \/>\n<meta property=\"og:url\" content=\"https:\/\/cpar.ufms.br\/institucional\/historico\/\" \/>\n<meta property=\"og:site_name\" content=\"CPAR - Campus de Parana\u00edba\" \/>\n<meta property=\"article:modified_time\" content=\"2023-09-04T19:45:06+00:00\" \/>\n<meta property=\"og:image\" content=\"https:\/\/cpar.ufms.br\/files\/2014\/05\/Organograma-2017-UFMS-300x212.jpg\" \/>\n<meta name=\"twitter:label1\" content=\"Est. reading time\" \/>\n\t<meta name=\"twitter:data1\" content=\"5 minutes\" \/>\n\t<meta name=\"twitter:label2\" content=\"Written by\" \/>\n\t<meta name=\"twitter:data2\" content=\"CPAR.UFMS\" \/>\n<script type=\"application\/ld+json\" class=\"yoast-schema-graph\">{\"@context\":\"https:\/\/schema.org\",\"@graph\":[{\"@type\":\"WebPage\",\"@id\":\"https:\/\/cpar.ufms.br\/institucional\/historico\/\",\"url\":\"https:\/\/cpar.ufms.br\/institucional\/historico\/\",\"name\":\"Hist\u00f3rico - CPAR - Campus de Parana\u00edba\",\"isPartOf\":{\"@id\":\"https:\/\/cpar.ufms.br\/#website\"},\"primaryImageOfPage\":{\"@id\":\"https:\/\/cpar.ufms.br\/institucional\/historico\/#primaryimage\"},\"image\":{\"@id\":\"https:\/\/cpar.ufms.br\/institucional\/historico\/#primaryimage\"},\"thumbnailUrl\":\"https:\/\/cpar.ufms.br\/files\/2014\/05\/Organograma-2017-UFMS-300x212.jpg\",\"datePublished\":\"2015-05-08T12:32:36+00:00\",\"dateModified\":\"2023-09-04T19:45:06+00:00\",\"breadcrumb\":{\"@id\":\"https:\/\/cpar.ufms.br\/institucional\/historico\/#breadcrumb\"},\"inLanguage\":\"en-US\",\"potentialAction\":[{\"@type\":\"ReadAction\",\"target\":[\"https:\/\/cpar.ufms.br\/institucional\/historico\/\"]}]},{\"@type\":\"ImageObject\",\"inLanguage\":\"en-US\",\"@id\":\"https:\/\/cpar.ufms.br\/institucional\/historico\/#primaryimage\",\"url\":\"https:\/\/cpar.ufms.br\/files\/2014\/05\/Organograma-2017-UFMS-300x212.jpg\",\"contentUrl\":\"https:\/\/cpar.ufms.br\/files\/2014\/05\/Organograma-2017-UFMS-300x212.jpg\"},{\"@type\":\"BreadcrumbList\",\"@id\":\"https:\/\/cpar.ufms.br\/institucional\/historico\/#breadcrumb\",\"itemListElement\":[{\"@type\":\"ListItem\",\"position\":1,\"name\":\"In\u00edcio\",\"item\":\"https:\/\/cpar.ufms.br\/\"},{\"@type\":\"ListItem\",\"position\":2,\"name\":\"Institucional\",\"item\":\"https:\/\/cpar.ufms.br\/institucional\/\"},{\"@type\":\"ListItem\",\"position\":3,\"name\":\"Hist\u00f3rico\"}]},{\"@type\":\"WebSite\",\"@id\":\"https:\/\/cpar.ufms.br\/#website\",\"url\":\"https:\/\/cpar.ufms.br\/\",\"name\":\"CPAR - Campus de Parana\u00edba\",\"description\":\"Universidade Federal de Mato Grosso do Sul\",\"potentialAction\":[{\"@type\":\"SearchAction\",\"target\":{\"@type\":\"EntryPoint\",\"urlTemplate\":\"https:\/\/cpar.ufms.br\/?s={search_term_string}\"},\"query-input\":{\"@type\":\"PropertyValueSpecification\",\"valueRequired\":true,\"valueName\":\"search_term_string\"}}],\"inLanguage\":\"en-US\"}]}<\/script>\n<!-- \/ Yoast SEO plugin. -->","yoast_head_json":{"title":"Hist\u00f3rico - CPAR - Campus de Parana\u00edba","robots":{"index":"index","follow":"follow","max-snippet":"max-snippet:-1","max-image-preview":"max-image-preview:large","max-video-preview":"max-video-preview:-1"},"canonical":"https:\/\/cpar.ufms.br\/institucional\/historico\/","og_locale":"en_US","og_type":"article","og_title":"Hist\u00f3rico - CPAR - Campus de Parana\u00edba","og_description":"O objetivo maior da cria\u00e7\u00e3o do C\u00e2mpus de Parana\u00edba (CPAR) foi o de contribuir para o desenvolvimento social, ambiental, cultural, cient\u00edfico e profissional de uma vasta regi\u00e3o do Estado de Mato Grosso do Sul, englobando o munic\u00edpio de Parana\u00edba e outros da regi\u00e3o. Destaca-se a import\u00e2ncia econ\u00f4mica e hist\u00f3rica do munic\u00edpio de Parana\u00edba, cuja trajet\u00f3ria [&hellip;]","og_url":"https:\/\/cpar.ufms.br\/institucional\/historico\/","og_site_name":"CPAR - Campus de Parana\u00edba","article_modified_time":"2023-09-04T19:45:06+00:00","og_image":[{"url":"https:\/\/cpar.ufms.br\/files\/2014\/05\/Organograma-2017-UFMS-300x212.jpg","type":"","width":"","height":""}],"twitter_misc":{"Est. reading time":"5 minutes","Written by":"CPAR.UFMS"},"schema":{"@context":"https:\/\/schema.org","@graph":[{"@type":"WebPage","@id":"https:\/\/cpar.ufms.br\/institucional\/historico\/","url":"https:\/\/cpar.ufms.br\/institucional\/historico\/","name":"Hist\u00f3rico - CPAR - Campus de Parana\u00edba","isPartOf":{"@id":"https:\/\/cpar.ufms.br\/#website"},"primaryImageOfPage":{"@id":"https:\/\/cpar.ufms.br\/institucional\/historico\/#primaryimage"},"image":{"@id":"https:\/\/cpar.ufms.br\/institucional\/historico\/#primaryimage"},"thumbnailUrl":"https:\/\/cpar.ufms.br\/files\/2014\/05\/Organograma-2017-UFMS-300x212.jpg","datePublished":"2015-05-08T12:32:36+00:00","dateModified":"2023-09-04T19:45:06+00:00","breadcrumb":{"@id":"https:\/\/cpar.ufms.br\/institucional\/historico\/#breadcrumb"},"inLanguage":"en-US","potentialAction":[{"@type":"ReadAction","target":["https:\/\/cpar.ufms.br\/institucional\/historico\/"]}]},{"@type":"ImageObject","inLanguage":"en-US","@id":"https:\/\/cpar.ufms.br\/institucional\/historico\/#primaryimage","url":"https:\/\/cpar.ufms.br\/files\/2014\/05\/Organograma-2017-UFMS-300x212.jpg","contentUrl":"https:\/\/cpar.ufms.br\/files\/2014\/05\/Organograma-2017-UFMS-300x212.jpg"},{"@type":"BreadcrumbList","@id":"https:\/\/cpar.ufms.br\/institucional\/historico\/#breadcrumb","itemListElement":[{"@type":"ListItem","position":1,"name":"In\u00edcio","item":"https:\/\/cpar.ufms.br\/"},{"@type":"ListItem","position":2,"name":"Institucional","item":"https:\/\/cpar.ufms.br\/institucional\/"},{"@type":"ListItem","position":3,"name":"Hist\u00f3rico"}]},{"@type":"WebSite","@id":"https:\/\/cpar.ufms.br\/#website","url":"https:\/\/cpar.ufms.br\/","name":"CPAR - Campus de Parana\u00edba","description":"Universidade Federal de Mato Grosso do Sul","potentialAction":[{"@type":"SearchAction","target":{"@type":"EntryPoint","urlTemplate":"https:\/\/cpar.ufms.br\/?s={search_term_string}"},"query-input":{"@type":"PropertyValueSpecification","valueRequired":true,"valueName":"search_term_string"}}],"inLanguage":"en-US"}]}},"_links":{"self":[{"href":"https:\/\/cpar.ufms.br\/en\/wp-json\/wp\/v2\/pages\/2798","targetHints":{"allow":["GET"]}}],"collection":[{"href":"https:\/\/cpar.ufms.br\/en\/wp-json\/wp\/v2\/pages"}],"about":[{"href":"https:\/\/cpar.ufms.br\/en\/wp-json\/wp\/v2\/types\/page"}],"author":[{"embeddable":true,"href":"https:\/\/cpar.ufms.br\/en\/wp-json\/wp\/v2\/users\/1582"}],"replies":[{"embeddable":true,"href":"https:\/\/cpar.ufms.br\/en\/wp-json\/wp\/v2\/comments?post=2798"}],"version-history":[{"count":7,"href":"https:\/\/cpar.ufms.br\/en\/wp-json\/wp\/v2\/pages\/2798\/revisions"}],"predecessor-version":[{"id":15451,"href":"https:\/\/cpar.ufms.br\/en\/wp-json\/wp\/v2\/pages\/2798\/revisions\/15451"}],"up":[{"embeddable":true,"href":"https:\/\/cpar.ufms.br\/en\/wp-json\/wp\/v2\/pages\/346"}],"wp:attachment":[{"href":"https:\/\/cpar.ufms.br\/en\/wp-json\/wp\/v2\/media?parent=2798"}],"wp:term":[{"taxonomy":"author","embeddable":true,"href":"https:\/\/cpar.ufms.br\/en\/wp-json\/wp\/v2\/coauthors?post=2798"}],"curies":[{"name":"wp","href":"https:\/\/api.w.org\/{rel}","templated":true}]}}