{"id":346,"date":"2014-05-21T19:43:09","date_gmt":"2014-05-21T23:43:09","guid":{"rendered":"http:\/\/cpar.draconis.ufms.br\/?page_id=346"},"modified":"2014-09-17T14:31:46","modified_gmt":"2014-09-17T18:31:46","slug":"institucional","status":"publish","type":"page","link":"https:\/\/cpar.ufms.br\/en\/institucional\/","title":{"rendered":"Institucional"},"content":{"rendered":"<h3>Resumo hist\u00f3rico da UFMS<\/h3>\n<p style=\"text-align: justify\">A Universidade Federal de Mato Grosso do Sul (UFMS), teve sua origem em 1962, com a cria\u00e7\u00e3o da Faculdade de Farm\u00e1cia e Odontologia de Campo Grande, na cidade de Campo Grande, que seria o embri\u00e3o do ensino superior p\u00fablico no sul do ent\u00e3o Estado de Mato Grosso.<\/p>\n<p style=\"text-align: justify\">Em 26.07.1966, pela Lei Estadual n\u00ba 2.620, esses cursos foram absorvidos com a cria\u00e7\u00e3o do Instituto de Ci\u00eancias Biol\u00f3gicas de Campo Grande (ICBCG), que reformulou a estrutura anterior, instituiu departamentos e criou o curso de Medicina.<\/p>\n<p style=\"text-align: justify\">O Governo de Estado de Mato Grosso, em 1967, criou em Corumb\u00e1 o Instituto Superior de Pedagogia e, em Tr\u00eas Lagoas, o Instituto de Ci\u00eancias Humanas e Letras, ampliando assim a rede p\u00fablica estadual de ensino superior.<\/p>\n<p style=\"text-align: justify\">Integrando os Institutos de Campo Grande, Corumb\u00e1 e Tr\u00eas Lagoas, a Lei Estadual n\u00ba 2.947, de 16.09.1969, criou a Universidade Estadual de Mato Grosso (UEMT).<\/p>\n<p style=\"text-align: justify\">Em 1970, foram criados os Centros Pedag\u00f3gicos de Aquidauana e Dourados; incorporados \u00e0 UEMT.<\/p>\n<p style=\"text-align: justify\">Com a divis\u00e3o do Estado de Mato Grosso, foi concretizada a federaliza\u00e7\u00e3o da institui\u00e7\u00e3o que passou a denominar-se Funda\u00e7\u00e3o Universidade Federal de Mato Grosso do Sul, pela Lei Federal n\u00ba 6.674, de 5 de julho de 1979. O ent\u00e3o Centro Pedag\u00f3gico de Rondon\u00f3polis, sediado em Rondon\u00f3polis\/MT, passou a\u00a0integrar a Universidade Federal de Mato Grosso (UFMT).<\/p>\n<p style=\"text-align: justify\">Al\u00e9m da sede em Campo Grande, em que funcionam seis unidades setoriais: Centro de Ci\u00eancias Biol\u00f3gicas e da Sa\u00fade (CCBS), Centro de Ci\u00eancias Exatas e Tecnologia (CCET), Centro de Ci\u00eancias Humanas e Sociais (CCHS), Faculdade de Medicina (FAMED), Faculdade de Medicina Veterin\u00e1ria e Zootecnia (FAMEZ) e Faculdade de Odontologia (FAODO); a UFMS mant\u00e9m C\u00e2mpus em Aquidauana, Campo Grande, Chapad\u00e3o do Sul, Corumb\u00e1, Coxim, Navira\u00ed, Nova Andradina, Parana\u00edba, Ponta Por\u00e3 e Tr\u00eas Lagoas, descentralizando o ensino para atender aos principais p\u00f3los de desenvolvimento do Estado.<\/p>\n<p style=\"text-align: justify\">A UFMS possui cursos de gradua\u00e7\u00e3o e p\u00f3s-gradua\u00e7\u00e3o, ambos presenciais e a dist\u00e2ncia. Os cursos de p\u00f3s-gradua\u00e7\u00e3o englobam os cursos de especializa\u00e7\u00e3o e os programas de mestrado e doutorado.<\/p>\n<p style=\"text-align: justify\">Visando atingir os objetivos essenciais de aprimoramento do ensino e est\u00edmulo \u00e0s atividades de pesquisa e de extens\u00e3o, a UFMS vem participando ativamente da preserva\u00e7\u00e3o dos recursos naturais do meio ambiente de Mato Grosso do Sul, especialmente da fauna e flora do Pantanal, regi\u00e3o onde est\u00e1 inserida.<\/p>\n<h3 style=\"text-align: justify\"><\/h3>\n<p style=\"text-align: justify\">\n","protected":false},"excerpt":{"rendered":"<p>Resumo hist\u00f3rico da UFMS A Universidade Federal de Mato Grosso do Sul (UFMS), teve sua origem em 1962, com a cria\u00e7\u00e3o da Faculdade de Farm\u00e1cia e Odontologia de Campo Grande, na cidade de Campo Grande, que seria o embri\u00e3o do ensino superior p\u00fablico no sul do ent\u00e3o Estado de Mato Grosso. Em 26.07.1966, pela Lei [&hellip;]<\/p>\n","protected":false},"author":1381,"featured_media":0,"parent":0,"menu_order":0,"comment_status":"closed","ping_status":"open","template":"","meta":{"footnotes":""},"coauthors":[],"class_list":["post-346","page","type-page","status-publish","hentry"],"yoast_head":"<!-- This site is optimized with the Yoast SEO plugin v26.2 - https:\/\/yoast.com\/wordpress\/plugins\/seo\/ -->\n<title>Institucional - CPAR - Campus de Parana\u00edba<\/title>\n<meta name=\"robots\" content=\"index, follow, max-snippet:-1, max-image-preview:large, max-video-preview:-1\" \/>\n<link rel=\"canonical\" href=\"https:\/\/cpar.ufms.br\/institucional\/\" \/>\n<meta property=\"og:locale\" content=\"en_US\" \/>\n<meta property=\"og:type\" content=\"article\" \/>\n<meta property=\"og:title\" content=\"Institucional - CPAR - Campus de Parana\u00edba\" \/>\n<meta property=\"og:description\" content=\"Resumo hist\u00f3rico da UFMS A Universidade Federal de Mato Grosso do Sul (UFMS), teve sua origem em 1962, com a cria\u00e7\u00e3o da Faculdade de Farm\u00e1cia e Odontologia de Campo Grande, na cidade de Campo Grande, que seria o embri\u00e3o do ensino superior p\u00fablico no sul do ent\u00e3o Estado de Mato Grosso. Em 26.07.1966, pela Lei [&hellip;]\" \/>\n<meta property=\"og:url\" content=\"https:\/\/cpar.ufms.br\/institucional\/\" \/>\n<meta property=\"og:site_name\" content=\"CPAR - Campus de Parana\u00edba\" \/>\n<meta property=\"article:modified_time\" content=\"2014-09-17T18:31:46+00:00\" \/>\n<meta name=\"twitter:label1\" content=\"Est. reading time\" \/>\n\t<meta name=\"twitter:data1\" content=\"2 minutes\" \/>\n\t<meta name=\"twitter:label2\" content=\"Written by\" \/>\n\t<meta name=\"twitter:data2\" content=\"dirceu.matos\" \/>\n<script type=\"application\/ld+json\" class=\"yoast-schema-graph\">{\"@context\":\"https:\/\/schema.org\",\"@graph\":[{\"@type\":\"WebPage\",\"@id\":\"https:\/\/cpar.ufms.br\/institucional\/\",\"url\":\"https:\/\/cpar.ufms.br\/institucional\/\",\"name\":\"Institucional - CPAR - Campus de Parana\u00edba\",\"isPartOf\":{\"@id\":\"https:\/\/cpar.ufms.br\/#website\"},\"datePublished\":\"2014-05-21T23:43:09+00:00\",\"dateModified\":\"2014-09-17T18:31:46+00:00\",\"breadcrumb\":{\"@id\":\"https:\/\/cpar.ufms.br\/institucional\/#breadcrumb\"},\"inLanguage\":\"en-US\",\"potentialAction\":[{\"@type\":\"ReadAction\",\"target\":[\"https:\/\/cpar.ufms.br\/institucional\/\"]}]},{\"@type\":\"BreadcrumbList\",\"@id\":\"https:\/\/cpar.ufms.br\/institucional\/#breadcrumb\",\"itemListElement\":[{\"@type\":\"ListItem\",\"position\":1,\"name\":\"In\u00edcio\",\"item\":\"https:\/\/cpar.ufms.br\/\"},{\"@type\":\"ListItem\",\"position\":2,\"name\":\"Institucional\"}]},{\"@type\":\"WebSite\",\"@id\":\"https:\/\/cpar.ufms.br\/#website\",\"url\":\"https:\/\/cpar.ufms.br\/\",\"name\":\"CPAR - Campus de Parana\u00edba\",\"description\":\"Universidade Federal de Mato Grosso do Sul\",\"potentialAction\":[{\"@type\":\"SearchAction\",\"target\":{\"@type\":\"EntryPoint\",\"urlTemplate\":\"https:\/\/cpar.ufms.br\/?s={search_term_string}\"},\"query-input\":{\"@type\":\"PropertyValueSpecification\",\"valueRequired\":true,\"valueName\":\"search_term_string\"}}],\"inLanguage\":\"en-US\"}]}<\/script>\n<!-- \/ Yoast SEO plugin. -->","yoast_head_json":{"title":"Institucional - CPAR - Campus de Parana\u00edba","robots":{"index":"index","follow":"follow","max-snippet":"max-snippet:-1","max-image-preview":"max-image-preview:large","max-video-preview":"max-video-preview:-1"},"canonical":"https:\/\/cpar.ufms.br\/institucional\/","og_locale":"en_US","og_type":"article","og_title":"Institucional - CPAR - Campus de Parana\u00edba","og_description":"Resumo hist\u00f3rico da UFMS A Universidade Federal de Mato Grosso do Sul (UFMS), teve sua origem em 1962, com a cria\u00e7\u00e3o da Faculdade de Farm\u00e1cia e Odontologia de Campo Grande, na cidade de Campo Grande, que seria o embri\u00e3o do ensino superior p\u00fablico no sul do ent\u00e3o Estado de Mato Grosso. Em 26.07.1966, pela Lei [&hellip;]","og_url":"https:\/\/cpar.ufms.br\/institucional\/","og_site_name":"CPAR - Campus de Parana\u00edba","article_modified_time":"2014-09-17T18:31:46+00:00","twitter_misc":{"Est. reading time":"2 minutes","Written by":"dirceu.matos"},"schema":{"@context":"https:\/\/schema.org","@graph":[{"@type":"WebPage","@id":"https:\/\/cpar.ufms.br\/institucional\/","url":"https:\/\/cpar.ufms.br\/institucional\/","name":"Institucional - CPAR - Campus de Parana\u00edba","isPartOf":{"@id":"https:\/\/cpar.ufms.br\/#website"},"datePublished":"2014-05-21T23:43:09+00:00","dateModified":"2014-09-17T18:31:46+00:00","breadcrumb":{"@id":"https:\/\/cpar.ufms.br\/institucional\/#breadcrumb"},"inLanguage":"en-US","potentialAction":[{"@type":"ReadAction","target":["https:\/\/cpar.ufms.br\/institucional\/"]}]},{"@type":"BreadcrumbList","@id":"https:\/\/cpar.ufms.br\/institucional\/#breadcrumb","itemListElement":[{"@type":"ListItem","position":1,"name":"In\u00edcio","item":"https:\/\/cpar.ufms.br\/"},{"@type":"ListItem","position":2,"name":"Institucional"}]},{"@type":"WebSite","@id":"https:\/\/cpar.ufms.br\/#website","url":"https:\/\/cpar.ufms.br\/","name":"CPAR - Campus de Parana\u00edba","description":"Universidade Federal de Mato Grosso do Sul","potentialAction":[{"@type":"SearchAction","target":{"@type":"EntryPoint","urlTemplate":"https:\/\/cpar.ufms.br\/?s={search_term_string}"},"query-input":{"@type":"PropertyValueSpecification","valueRequired":true,"valueName":"search_term_string"}}],"inLanguage":"en-US"}]}},"_links":{"self":[{"href":"https:\/\/cpar.ufms.br\/en\/wp-json\/wp\/v2\/pages\/346","targetHints":{"allow":["GET"]}}],"collection":[{"href":"https:\/\/cpar.ufms.br\/en\/wp-json\/wp\/v2\/pages"}],"about":[{"href":"https:\/\/cpar.ufms.br\/en\/wp-json\/wp\/v2\/types\/page"}],"author":[{"embeddable":true,"href":"https:\/\/cpar.ufms.br\/en\/wp-json\/wp\/v2\/users\/1381"}],"replies":[{"embeddable":true,"href":"https:\/\/cpar.ufms.br\/en\/wp-json\/wp\/v2\/comments?post=346"}],"version-history":[{"count":4,"href":"https:\/\/cpar.ufms.br\/en\/wp-json\/wp\/v2\/pages\/346\/revisions"}],"predecessor-version":[{"id":964,"href":"https:\/\/cpar.ufms.br\/en\/wp-json\/wp\/v2\/pages\/346\/revisions\/964"}],"wp:attachment":[{"href":"https:\/\/cpar.ufms.br\/en\/wp-json\/wp\/v2\/media?parent=346"}],"wp:term":[{"taxonomy":"author","embeddable":true,"href":"https:\/\/cpar.ufms.br\/en\/wp-json\/wp\/v2\/coauthors?post=346"}],"curies":[{"name":"wp","href":"https:\/\/api.w.org\/{rel}","templated":true}]}}