{"id":390,"date":"2017-08-25T17:15:18","date_gmt":"2017-08-25T21:15:18","guid":{"rendered":"http:\/\/cpar.draconis.ufms.br\/?page_id=390"},"modified":"2026-03-11T14:19:29","modified_gmt":"2026-03-11T18:19:29","slug":"processos-seletivos","status":"publish","type":"page","link":"https:\/\/cpar.ufms.br\/en\/selecoes\/processos-seletivos\/","title":{"rendered":"Processos Seletivos"},"content":{"rendered":"<h1><span style=\"color: #008000\">PROCESSO SELETIVO PROFESSOR SUBSTITUTO &#8211; 2026.1<\/span><\/h1>\n<h1>Ci\u00eancias Exatas e da Terra \/ Probabilidade e Estat\u00edstica<\/h1>\n<p><a href=\"https:\/\/drive.google.com\/file\/d\/1qazaF1IzSxdIODIHPdB50CNe-6zlXfZu\/view?usp=sharing\">Ata Final<\/a><\/p>\n<p><a href=\"https:\/\/drive.google.com\/file\/d\/1h7VTy14-flGRnKP330oLO1Su5Yjy9en_\/view?usp=sharing\">Quadro de Notas Geral<\/a><\/p>\n<p><a href=\"https:\/\/drive.google.com\/file\/d\/1_XWFy-MyTlM4s3XotRGxSJxSi4k_gJXT\/view?usp=sharing\">Quadro de Notas &#8211; Prova de T\u00edtulos<\/a><\/p>\n<p><a href=\"https:\/\/drive.google.com\/file\/d\/15T0TrKVjmzhSsLF8W1tjvcRLGxY0flYU\/view?usp=sharing\">Quadro de Notas &#8211; Prova Did\u00e1tica<\/a><\/p>\n<p><a href=\"https:\/\/drive.google.com\/file\/d\/1d_Uq6EHHuOXfqdDF6t4CspDkKKcPCwNK\/view?usp=sharing\">Ata Resultado da Prova Escrita<\/a><\/p>\n<p><a href=\"https:\/\/drive.google.com\/file\/d\/1tBNHX8HF992lYHjpJUOMbgQQw5WMj37L\/view?usp=sharing\">Ata Sorteio do Tema da Prova Did\u00e1tica<\/a><\/p>\n<p><a href=\"https:\/\/boletimoficial.ufms.br\/bse\/publicacao?id=588411\">EDITAL N\u00ba 8 &#8211; CPAR\/UFMS, DE 2 DE MAR\u00c7O DE 2026<\/a> &#8211; Resultado Preliminar das Inscri\u00e7\u00f5es<\/p>\n<p><a href=\"https:\/\/boletimoficial.ufms.br\/bse\/publicacao?id=587703\">EDITAL N\u00ba 7 &#8211; CPAR\/UFMS, DE 24 DE FEVEREIRO DE 2026<\/a> &#8211; Abertura de sele\u00e7\u00e3o para a vaga na \u00e1rea de Ci\u00eancias Exatas e da Terra \/ Probabiliade e Estat\u00edstica<\/p>\n<p><a href=\"https:\/\/boletimoficial.ufms.br\/bse\/publicacao?id=587079\">EDITAL PROGEP\/UFMS N\u00ba 11, DE 19 DE FEVEREIRO DE 2026<\/a> &#8211; Complementa\u00e7\u00e3o do Quadro de Vagas Gerais<\/p>\n<p><a href=\"https:\/\/boletimoficial.ufms.br\/bse\/publicacao?id=587078\">EDITAL PROGEP\/UFMS N\u00ba 10, DE 19 DE FEVEREIRO DE 2026\u00a0<\/a> &#8211; Altera\u00e7\u00e3o no Quadro de Vagas Gerais<\/p>\n<p><a href=\"https:\/\/boletimoficial.ufms.br\/bse\/publicacao?id=586743\">EDITAL PROGEP\/UFMS N 03, DE 13 DE FEVEREIRO DE 2026<\/a> &#8211; Processo Seletivo para Professor Substituto na UFMS<\/p>\n<p>&nbsp;<\/p>\n<p>&nbsp;<\/p>\n<p>&nbsp;<\/p>\n<p>&nbsp;<\/p>\n<p><span style=\"font-family: impact, sans-serif;font-size: 24pt\">PROCESSOS ANTERIORES<\/span><\/p>\n<p>&nbsp;<\/p>\n<h1><span style=\"color: #008000\">PROCESSO SELETIVO PROFESSOR SUBSTITUTO &#8211; 2025.2<\/span><\/h1>\n<p><span style=\"font-size: 18pt\"><strong><span style=\"color: #ff0000\">Comunicado<\/span><\/strong><\/span><\/p>\n<p>Este processo seletivo foi encerrado no dia 07 de agosto de 2025, e o <strong>resultado final<\/strong> ser\u00e1 disponibilizado no portal dos concursos da UFMS, no site\u00a0<a href=\"https:\/\/www.concursos.ufms.br\/\" target=\"_blank\" rel=\"noopener\" data-saferedirecturl=\"https:\/\/www.google.com\/url?q=https:\/\/www.concursos.ufms.br\/&amp;source=gmail&amp;ust=1754681725249000&amp;usg=AOvVaw3AwuLc-11nCUgj5ypRpPl9\">https:\/\/www.concursos.ufms.br\/,\u00a0<\/a>conforme cronograma do\u00a0<a href=\"https:\/\/boletimoficial.ufms.br\/bse\/publicacao?id=565606\" target=\"_blank\" rel=\"noopener\" data-saferedirecturl=\"https:\/\/www.google.com\/url?q=https:\/\/boletimoficial.ufms.br\/bse\/publicacao?id%3D565606&amp;source=gmail&amp;ust=1754681725249000&amp;usg=AOvVaw1_v05jLTIUn8e8RTgve3FP\">Edital n\u00b0 100-Progep\/UFMS\/2025.<\/a><\/p>\n<p>&nbsp;<\/p>\n<hr \/>\n<p><strong>Ci\u00eancias Humanas \/ Psicologia \/ Psicologia Social &#8211; 2025.2<\/strong><\/p>\n<p>O resultado preliminar e final ser\u00e1 disponibilizado no portal dos concursos da UFMS, no site <a href=\"https:\/\/www.concursos.ufms.br\/\">https:\/\/www.concursos.ufms.br\/, <\/a>conforme cronograma do <a href=\"https:\/\/boletimoficial.ufms.br\/bse\/publicacao?id=565606\">Edital n\u00b0 100-Progep\/UFMS\/2025.<\/a><\/p>\n<p>&nbsp;<\/p>\n<p><a href=\"https:\/\/drive.google.com\/file\/d\/1SJp2iQqVIvSaF2KphsSFssjZIrZx3Yne\/view?usp=sharing\"><strong>ATA FINAL<\/strong><\/a><\/p>\n<p><a href=\"https:\/\/drive.google.com\/file\/d\/12-84Mh7DUEhuUsRQxEw9arWhIma1meVs\/view?usp=sharing\">Quadro Geral de Notas<\/a><\/p>\n<p><a href=\"https:\/\/drive.google.com\/file\/d\/1YrYfn_TzpJSbi4NJbyDbKbuV2iz-rpbI\/view?usp=sharing\">Quadro de Notas da Prova de T\u00edtulos<\/a><\/p>\n<p><a href=\"https:\/\/drive.google.com\/file\/d\/1Y9bJ7e0MVjWZ8zTbQKr4BOH8wP4GCs_y\/view?usp=sharing\">Quadro de Notas da Prova Did\u00e1tica<\/a><\/p>\n<p><strong><a href=\"https:\/\/drive.google.com\/file\/d\/1lcG92_S7VQXDmJQkDnb5u_tXjS1OnXQg\/view?usp=sharing\">ATA DE RESULTADO DA PROVA ESCRITA<\/a><\/strong><\/p>\n<p><a href=\"https:\/\/drive.google.com\/file\/d\/1AZZswbaQ5ucm33M5GiPSelFxNQleFPp5\/view?usp=sharing\">ATA DO SORTEIO DO TEMA DA PROVA DID\u00c1TICA<\/a><\/p>\n<p><a href=\"https:\/\/drive.google.com\/file\/d\/17Os1EfDG3-7VdJ2YdsfBKCx4ctO3FgUX\/view?usp=sharing\">Gabarito da Prova Escrita<\/a><\/p>\n<p><a href=\"https:\/\/drive.google.com\/file\/d\/1015uK4XlqwUXVLOfjzDTfJ8F16NNmWDF\/view?usp=sharing\">EDITAL No 18 &#8211; CPAR\/UFMS, DE 31 DE JULHO DE 2025<\/a> &#8211; homologa\u00e7\u00e3o das inscri\u00e7\u00f5es e convoca\u00e7\u00e3o para a prova escrita.<\/p>\n<p>Per\u00edodo de recurso do resultado preliminar das inscri\u00e7\u00f5es e dos pedidos de atendimento diferenciado 29 e 30\/07\/2025, no site <a href=\"http:\/\/www.concursos.ufms.br\">www.concursos.ufms.br<\/a>.<strong><br \/>\n<\/strong><\/p>\n<p><a href=\"https:\/\/drive.google.com\/file\/d\/1at-ToFqRwGAtlgbGpsUUJAHE8Rz3EmWg\/view?usp=sharing\">EDITAL N\u00ba 16 &#8211; CPARUFMS, DE 29 DE JULHO DE 2025 &#8211; resultado preliminar das incri\u00e7\u00f5es<\/a><\/p>\n<p><a href=\"https:\/\/boletimoficial.ufms.br\/bse\/publicacao?id=566084\">EDITAL N\u00ba 13 &#8211; CPAR\/UFMS, DE 22 DE JULHO DE 2025 &#8211; abertura das inscri\u00e7\u00f5es<\/a><\/p>\n<p><a href=\"https:\/\/boletimoficial.ufms.br\/bse\/publicacao?id=565606\">EDITAL N\u00ba 100 &#8211; PROGEP\/UFMS, DE 17 DE JULHO DE 2025 &#8211; sele\u00e7\u00e3o de professor substituto na UFMS<\/a><\/p>\n<p>&nbsp;<\/p>\n<p>&nbsp;<\/p>\n<p><strong>Ci\u00eancias Humanas \/ Psicologia \/ Psicologia do Ensino e da Aprendizagem &#8211; 2025.2<\/strong><\/p>\n<p>O resultado preliminar e final ser\u00e1 disponibilizado no portal dos concursos da UFMS, no site <a href=\"https:\/\/www.concursos.ufms.br\/\">https:\/\/www.concursos.ufms.br\/, <\/a>conforme cronograma do <a href=\"https:\/\/boletimoficial.ufms.br\/bse\/publicacao?id=565606\">Edital n\u00b0 100-Progep\/UFMS\/2025.<\/a><\/p>\n<p>&nbsp;<\/p>\n<p><strong><a href=\"https:\/\/drive.google.com\/file\/d\/1-3-Q3WvMZam3oB-DesBhs7I6zPRpA4Ks\/view?usp=sharing\">QUADRO DE NOTAS<\/a><\/strong><\/p>\n<p><a href=\"https:\/\/drive.google.com\/file\/d\/1OEjWjkVDsdJ5ftgcDFDD-TO2ypFtSgxH\/view?usp=sharing\">Quadro Geral de Notas<\/a><\/p>\n<p><a href=\"https:\/\/drive.google.com\/file\/d\/11wuoEWqeyhQ59EmAaT2lPnRDJ3IOPQBl\/view?usp=sharing\">Quadro de Notas da Prova de T\u00edtulos<\/a><\/p>\n<p><a href=\"https:\/\/drive.google.com\/file\/d\/1GAfyfzekkvvk03BpGEs05o8FaIKXZmdi\/view?usp=sharing\">Quadro de Notas da Prova Did\u00e1tica<\/a><\/p>\n<p><strong><a href=\"https:\/\/drive.google.com\/file\/d\/1B99mjw2UP8fQYMDsKeldg3jVFlbYLGFN\/view?usp=sharing\">ATA DE DIVULGA\u00c7\u00c3O DE RESULTADO RETIFICADO \u2013 PROVA ESCRITA<\/a><\/strong><\/p>\n<p><a href=\"https:\/\/drive.google.com\/file\/d\/196uAbxO4zEtnLNGFWlTBFPsLvkfLM5-Y\/view?usp=sharing\">Gabarito Definitivo da Prova Escrita<\/a><\/p>\n<p><a href=\"https:\/\/drive.google.com\/file\/d\/1bYpO1bEI14qZ5UtXX8yUNqitI7EdcTDc\/view?usp=sharing\">ATA DE RESULTADO DA PROVA ESCRITA<\/a><\/p>\n<p><a href=\"https:\/\/drive.google.com\/file\/d\/1ak0LoypX-yz3lF_RUsB1Vjcu4UP_OoGT\/view?usp=sharing\">ATA DO SORTEIO DO TEMA DA PROVA DID\u00c1TICA<\/a><\/p>\n<p><a href=\"https:\/\/drive.google.com\/file\/d\/1YS8HYQ2yBwxmBv2Hw77xMdEnmF_DimL-\/view?usp=sharing\"><strong>Gabarito da Prova Escrita<\/strong><\/a><\/p>\n<p><a href=\"https:\/\/drive.google.com\/file\/d\/1_9SIPGEZBZYF4FZX4R4nlm8DCzNQbVKq\/view?usp=sharing\">EDITAL No 19 &#8211; CPAR\/UFMS, DE 31 DE JULHO DE 2025<\/a> &#8211; homologa\u00e7\u00e3o das inscri\u00e7\u00f5es e convoca\u00e7\u00e3o para a prova escrita.<\/p>\n<p>Per\u00edodo de recurso do resultado preliminar das inscri\u00e7\u00f5es e dos pedidos de atendimento diferenciado 29 e 30\/07\/2025, no site <a href=\"http:\/\/www.concursos.ufms.br\">www.concursos.ufms.br<\/a>.<\/p>\n<p><a href=\"https:\/\/drive.google.com\/file\/d\/12gr327euoGC9nOE6X-7ZuMf7LKzRFSDG\/view?usp=sharing\">EDITAL N\u00ba 15 CPARUFMS, DE 29 DE JULHO DE 2025 &#8211; resultado preliminar das inscri\u00e7\u00f5es<\/a><\/p>\n<p><a href=\"https:\/\/boletimoficial.ufms.br\/bse\/publicacao?id=566121\">EDITAL N\u00ba 12 &#8211; CPAR\/UFMS, DE 22 DE JULHO DE 2025 &#8211; abertura das inscri\u00e7\u00f5es<\/a><\/p>\n<p><a href=\"https:\/\/boletimoficial.ufms.br\/bse\/publicacao?id=565606\">EDITAL N\u00ba 100 &#8211; PROGEP\/UFMS, DE 17 DE JULHO DE 2025 &#8211; sele\u00e7\u00e3o de professor substituto na UFMS<\/a><\/p>\n<p>&nbsp;<\/p>\n<p>&nbsp;<\/p>\n<p>&nbsp;<\/p>\n<h1><span style=\"color: #008000\">PROCESSO SELETIVO PROFESSOR SUBSTITUTO &#8211; 2025.1<\/span><\/h1>\n<p><a href=\"https:\/\/boletimoficial.ufms.br\/bse\/publicacao?id=557569\">EDITAL N\u00ba 51 &#8211; PROGEP\/UFMS, DE 25 DE ABRIL DE 2025: HOMOLOGA\u00c7\u00c3O DOS RESULTADOS DO PROCESSO SELETIVO PARA PROFESSOR SUBSTITUTO<\/a><\/p>\n<p><a href=\"https:\/\/drive.google.com\/file\/d\/14uCwl7kROE-HGyakl_dGKB-ufLRUrHwL\/view?usp=sharing\">QUADRO GERAL DE NOTAS<\/a><\/p>\n<p><a href=\"https:\/\/drive.google.com\/file\/d\/1GdaFcjJMeebVQBb6gRhe2vQljoZ9jj2K\/view?usp=sharing\">EDITAL N\u00ba 8, DE 9 DE ABRIL DE 2025 &#8211; RESULTADO FINAL DA PROVA OBJETIVA<\/a><\/p>\n<p><a href=\"https:\/\/drive.google.com\/file\/d\/17Hp1q8Enz2m_Pg9EehoXyDKJT_2iUI56\/view?usp=sharing\">ATA DE RESULTADO DA PROVA ESCRITA<\/a><\/p>\n<p><a href=\"https:\/\/drive.google.com\/file\/d\/1CdA8vdlx3uDqpCP4f-dU_dMdBxhMdt6Z\/view?usp=sharing\">GABARITO OFICIAL<\/a><\/p>\n<p><a href=\"https:\/\/drive.google.com\/file\/d\/1NMzt7epiRmx2xWIxpvIUVitrZSXb8q_2\/view?usp=sharing\">ATA DE SORTEIO DE TEMA PARA PROVA DID\u00c1TICA<\/a><\/p>\n<p><a href=\"https:\/\/drive.google.com\/file\/d\/15kgoQ9H66nwr2AHBmURaA5mEx5vsdlcC\/view?usp=sharing\">EDITAL N\u00b0 4, DE 3 DE ABRIL DE 2025: HOMOLOGA\u00c7\u00c3O DAS INSCRI\u00c7\u00d5ES PARA SELE\u00c7\u00c3O DE CANDIDATOS A PROFESSOR SUBSTITUTO<\/a><\/p>\n<p><a href=\"https:\/\/drive.google.com\/file\/d\/1CRsrwPKuWneEOyRhXc0mzdGJN3A4qCm7\/view?usp=sharing\">EDITAL N\u00b03,\u00a0 DE RETIFICA\u00c7\u00c3O DA SELE\u00c7\u00c3O DE CANDIDATOS A PROFESSOR SUBSTITUTO<\/a><\/p>\n<p><a href=\"https:\/\/boletimoficial.ufms.br\/bse\/publicacao?id=554647\">EDITAL N\u00ba 2, DE 31 DE MAR\u00c7O DE 2025: RESULTADO PRELIMINAR DAS INSCRI\u00c7\u00d5ES\u00a0DAS INSCRI\u00c7\u00d5ES PARA SELE\u00c7\u00c3O DE CANDIDATOS A PROFESSOR SUBSTITUTO<\/a><\/p>\n<p><a href=\"https:\/\/cpar.ufms.br\/files\/2025\/03\/edital-n1-prof.-substituto-CPAR.pdf\">EDITAL N\u00b01 CPAR\/UFMS &#8211; ABERTURA DE SELE\u00c7\u00c3O DE CANDIDATOS<\/a><\/p>\n<p><a href=\"https:\/\/boletimoficial.ufms.br\/bse\/publicacao?id=552318\">EDITAL N\u00ba 22 &#8211; PROGEP\/UFMS, DE 13 DE MAR\u00c7O DE 2025<\/a><\/p>\n<p>&nbsp;<\/p>\n<h1><span style=\"color: #008000\">PROCESSO SELETIVO PROFESSOR SUBSTITUTO &#8211; 2024<\/span><\/h1>\n<h2><span style=\"color: #008000\">A divulga\u00e7\u00e3o do resultado preliminar ocorrer\u00e1 no dia 28\/08, no endere\u00e7o eletr\u00f4nico https:\/\/www.concursos.ufms.br<\/span><\/h2>\n<p>&nbsp;<\/p>\n<h3><a href=\"https:\/\/boletimoficial.ufms.br\/bse\/publicacao?id=529441\" target=\"_blank\" rel=\"noopener\">Edital n\u00b0107 PROGEP\/UFMS &#8211; Processo seletivo de candidatos a Professor Substituto para o segundo semestre de 2024.<\/a><\/h3>\n<h3>CI\u00caNCIAS HUMANAS\/ EDUCA\u00c7\u00c3O<\/h3>\n<h3><strong><a href=\"https:\/\/drive.google.com\/file\/d\/1W3fcIroGYZuKRJ0j1wArwDgiCeFPXLXu\/view?usp=sharing\">ATA n\u00b0 4 &#8211; Avalia\u00e7\u00e3o da Prova de T\u00edtulos<\/a><br \/>\n<a href=\"https:\/\/drive.google.com\/file\/d\/1g9pW8GLWcsiAYc29PJeqdL41xsG7T1CQ\/view?usp=sharing\">ATA n\u00b0 3 &#8211; Avalia\u00e7\u00e3o da Prova Did\u00e1tica<\/a><br \/>\n<a href=\"https:\/\/drive.google.com\/file\/d\/14e5OBFaTZx54ID9kLYSsvQ3RKnf0wVra\/view?usp=sharing\">ATA n\u00b0 2 &#8211; Avalia\u00e7\u00e3o da Prova Escrita<\/a><br \/>\n<a href=\"https:\/\/drive.google.com\/file\/d\/19HOMTSCI7pnw8x9PdbyUaG9r2kc-VMxG\/view?usp=drive_link\">ATA n\u00ba 1 &#8211; Sorteio do Tema da Prova Did\u00e1tica<\/a><br \/>\n<\/strong><strong><a style=\"color: #0000ff\" href=\"https:\/\/cpar.ufms.br\/files\/2024\/08\/EDITAL-CPAR-n-32-de-14-08-2024.pdf\" target=\"_blank\" rel=\"noopener\">Edital n.32 &#8211; Homologa\u00e7\u00e3o das inscri\u00e7\u00f5es<\/a><br \/>\n<a href=\"https:\/\/cpar.ufms.br\/files\/2024\/08\/EDITAL-CPAR-n-28-de-06-08-2024.pdf\">Edital n. 28 &#8211;\u00a0 Edital de Abertura das Inscri\u00e7\u00f5es<\/a><\/strong><\/h3>\n<p>&nbsp;<\/p>\n<h3><strong>CI\u00caNCIAS EXATAS E DA TERRA\/MATEM\u00c1TICA<\/strong><\/h3>\n<p><strong><a href=\"https:\/\/drive.google.com\/file\/d\/1dceasirsNzAtMLHbXkrFRGtaDHUjv9f4\/view?usp=sharing\">ATA n\u00b0 4 &#8211; Avalia\u00e7\u00e3o da Prova de T\u00edtulos<\/a><br \/>\n<a href=\"https:\/\/drive.google.com\/file\/d\/1FqMWJOyPDha-C0I023JYQTFZpD1qs9cL\/view?usp=sharing\">ATA n\u00b0 3 &#8211; Avalia\u00e7\u00e3o da Prova Did\u00e1tica<\/a><br \/>\n<\/strong><strong><a href=\"https:\/\/drive.google.com\/file\/d\/1xAYemWixGTExJlFPMmqELM2FQIcol2I1\/view?usp=sharing\">ATA n\u00b0 2 &#8211; Avalia\u00e7\u00e3o da Prova Escrita<\/a><\/strong><br \/>\n<strong><a href=\"https:\/\/drive.google.com\/file\/d\/1o0Bc-pJIZ4ncavNwefCozyJQCQBwvAYZ\/view?usp=sharing\" target=\"_blank\" rel=\"noopener\">ATA n\u00ba 1 &#8211; Sorteio do Tema da Prova Did\u00e1tica<\/a><br \/>\n<span class=\"fontstyle0\"><span style=\"color: #0000ff\"><a style=\"color: #0000ff\" href=\"https:\/\/cpar.ufms.br\/files\/2024\/08\/EDITAL-CPAR-n-31-de-14-08-2024.pdf\" target=\"_blank\" rel=\"noopener\">Edital n.31 &#8211; Homologa\u00e7\u00e3o das inscri\u00e7\u00f5es<\/a><\/span><\/span><br \/>\n<a href=\"https:\/\/drive.google.com\/file\/d\/1lQT-rGqTXOb8E0_9nnDzedyW3ag0Lpkh\/view?usp=sharing\">Edital n. 29 &#8211;\u00a0 Edital de Abertura das Inscri\u00e7\u00f5es<\/a><\/strong><\/p>\n<h3>MULTIDISCIPLINAR \/ ENSINO DE CI\u00caNCIAS E MATEM\u00c1TICA<\/h3>\n<p><strong><a href=\"https:\/\/drive.google.com\/file\/d\/1JmsBN2D2nd1tDnJE1IORMrzxxhyJU_NI\/view?usp=sharing\">ATA n\u00b0 4 &#8211; Avalia\u00e7\u00e3o da Prova de T\u00edtulos<\/a><br \/>\n<a href=\"https:\/\/drive.google.com\/file\/d\/1dKtndNxA5TUW2739id7w_zNQSzmhVG0Q\/view?usp=sharing\">ATA n\u00b0 3 &#8211; Avalia\u00e7\u00e3o da Prova Did\u00e1tica<\/a><br \/>\n<\/strong><strong><a href=\"https:\/\/drive.google.com\/file\/d\/11ohpgAd2xyHDDIGqtwFw3wAT6ptb_4tx\/view?usp=drive_link\">ATA n\u00b0 2 &#8211; Avalia\u00e7\u00e3o da Prova Escrita<\/a><br \/>\n<a href=\"https:\/\/drive.google.com\/file\/d\/1niw_Y06NV958SXQSik6Eq4JD57l8MRYA\/view?usp=drive_link\" target=\"_blank\" rel=\"noopener\">ATA n\u00ba 1 &#8211; Sorteio do Tema da Prova Did\u00e1tica<\/a><br \/>\n<a style=\"color: #0000ff\" href=\"https:\/\/cpar.ufms.br\/files\/2024\/08\/EDITAL-CPAR-n-31-de-14-08-2024.pdf\" target=\"_blank\" rel=\"noopener\">Edital n.31 &#8211; Homologa\u00e7\u00e3o das inscri\u00e7\u00f5es<\/a><br \/>\n<a href=\"https:\/\/drive.google.com\/file\/d\/1lpwC_okUN9j46DJi_gj9wkU_gM68HJGL\/view?usp=sharing\">Edital n.30 &#8211; <span class=\"fontstyle0\">Edital de Abertura das Inscri\u00e7\u00f5es<\/span><\/a><\/strong><\/p>\n<p>&nbsp;<\/p>\n<p>&nbsp;","protected":false},"excerpt":{"rendered":"<p>PROCESSO SELETIVO PROFESSOR SUBSTITUTO &#8211; 2026.1 Ci\u00eancias Exatas e da Terra \/ Probabilidade e Estat\u00edstica Ata Final Quadro de Notas Geral Quadro de Notas &#8211; Prova de T\u00edtulos Quadro de Notas &#8211; Prova Did\u00e1tica Ata Resultado da Prova Escrita Ata Sorteio do Tema da Prova Did\u00e1tica EDITAL N\u00ba 8 &#8211; CPAR\/UFMS, DE 2 DE MAR\u00c7O [&hellip;]<\/p>\n","protected":false},"author":1381,"featured_media":4944,"parent":614,"menu_order":0,"comment_status":"closed","ping_status":"open","template":"","meta":{"footnotes":""},"coauthors":[372],"class_list":["post-390","page","type-page","status-publish","has-post-thumbnail","hentry"],"yoast_head":"<!-- This site is optimized with the Yoast SEO plugin v26.2 - https:\/\/yoast.com\/wordpress\/plugins\/seo\/ -->\n<title>Processos Seletivos - CPAR - Campus de Parana\u00edba<\/title>\n<meta name=\"robots\" content=\"index, follow, max-snippet:-1, max-image-preview:large, max-video-preview:-1\" \/>\n<link rel=\"canonical\" href=\"https:\/\/cpar.ufms.br\/selecoes\/processos-seletivos\/\" \/>\n<meta property=\"og:locale\" content=\"en_US\" \/>\n<meta property=\"og:type\" content=\"article\" \/>\n<meta property=\"og:title\" content=\"Processos Seletivos - CPAR - Campus de Parana\u00edba\" \/>\n<meta property=\"og:description\" content=\"PROCESSO SELETIVO PROFESSOR SUBSTITUTO &#8211; 2026.1 Ci\u00eancias Exatas e da Terra \/ Probabilidade e Estat\u00edstica Ata Final Quadro de Notas Geral Quadro de Notas &#8211; Prova de T\u00edtulos Quadro de Notas &#8211; Prova Did\u00e1tica Ata Resultado da Prova Escrita Ata Sorteio do Tema da Prova Did\u00e1tica EDITAL N\u00ba 8 &#8211; CPAR\/UFMS, DE 2 DE MAR\u00c7O [&hellip;]\" \/>\n<meta property=\"og:url\" content=\"https:\/\/cpar.ufms.br\/selecoes\/processos-seletivos\/\" \/>\n<meta property=\"og:site_name\" content=\"CPAR - Campus de Parana\u00edba\" \/>\n<meta property=\"article:modified_time\" content=\"2026-03-11T18:19:29+00:00\" \/>\n<meta property=\"og:image\" content=\"https:\/\/cpar.ufms.br\/files\/2017\/03\/UFMS.LOGO_.jpg\" \/>\n\t<meta property=\"og:image:width\" content=\"1630\" \/>\n\t<meta property=\"og:image:height\" content=\"778\" \/>\n\t<meta property=\"og:image:type\" content=\"image\/jpeg\" \/>\n<meta name=\"twitter:label1\" content=\"Est. reading time\" \/>\n\t<meta name=\"twitter:data1\" content=\"5 minutes\" \/>\n\t<meta name=\"twitter:label2\" content=\"Written by\" \/>\n\t<meta name=\"twitter:data2\" content=\"dirceu.matos\" \/>\n<script type=\"application\/ld+json\" class=\"yoast-schema-graph\">{\"@context\":\"https:\/\/schema.org\",\"@graph\":[{\"@type\":\"WebPage\",\"@id\":\"https:\/\/cpar.ufms.br\/selecoes\/processos-seletivos\/\",\"url\":\"https:\/\/cpar.ufms.br\/selecoes\/processos-seletivos\/\",\"name\":\"Processos Seletivos - CPAR - Campus de Parana\u00edba\",\"isPartOf\":{\"@id\":\"https:\/\/cpar.ufms.br\/#website\"},\"primaryImageOfPage\":{\"@id\":\"https:\/\/cpar.ufms.br\/selecoes\/processos-seletivos\/#primaryimage\"},\"image\":{\"@id\":\"https:\/\/cpar.ufms.br\/selecoes\/processos-seletivos\/#primaryimage\"},\"thumbnailUrl\":\"https:\/\/cpar.ufms.br\/files\/2017\/03\/UFMS.LOGO_.jpg\",\"datePublished\":\"2017-08-25T21:15:18+00:00\",\"dateModified\":\"2026-03-11T18:19:29+00:00\",\"breadcrumb\":{\"@id\":\"https:\/\/cpar.ufms.br\/selecoes\/processos-seletivos\/#breadcrumb\"},\"inLanguage\":\"en-US\",\"potentialAction\":[{\"@type\":\"ReadAction\",\"target\":[\"https:\/\/cpar.ufms.br\/selecoes\/processos-seletivos\/\"]}]},{\"@type\":\"ImageObject\",\"inLanguage\":\"en-US\",\"@id\":\"https:\/\/cpar.ufms.br\/selecoes\/processos-seletivos\/#primaryimage\",\"url\":\"https:\/\/cpar.ufms.br\/files\/2017\/03\/UFMS.LOGO_.jpg\",\"contentUrl\":\"https:\/\/cpar.ufms.br\/files\/2017\/03\/UFMS.LOGO_.jpg\",\"width\":1630,\"height\":778},{\"@type\":\"BreadcrumbList\",\"@id\":\"https:\/\/cpar.ufms.br\/selecoes\/processos-seletivos\/#breadcrumb\",\"itemListElement\":[{\"@type\":\"ListItem\",\"position\":1,\"name\":\"In\u00edcio\",\"item\":\"https:\/\/cpar.ufms.br\/\"},{\"@type\":\"ListItem\",\"position\":2,\"name\":\"Sele\u00e7\u00f5es\",\"item\":\"https:\/\/cpar.ufms.br\/selecoes\/\"},{\"@type\":\"ListItem\",\"position\":3,\"name\":\"Processos Seletivos\"}]},{\"@type\":\"WebSite\",\"@id\":\"https:\/\/cpar.ufms.br\/#website\",\"url\":\"https:\/\/cpar.ufms.br\/\",\"name\":\"CPAR - Campus de Parana\u00edba\",\"description\":\"Universidade Federal de Mato Grosso do Sul\",\"potentialAction\":[{\"@type\":\"SearchAction\",\"target\":{\"@type\":\"EntryPoint\",\"urlTemplate\":\"https:\/\/cpar.ufms.br\/?s={search_term_string}\"},\"query-input\":{\"@type\":\"PropertyValueSpecification\",\"valueRequired\":true,\"valueName\":\"search_term_string\"}}],\"inLanguage\":\"en-US\"}]}<\/script>\n<!-- \/ Yoast SEO plugin. -->","yoast_head_json":{"title":"Processos Seletivos - CPAR - Campus de Parana\u00edba","robots":{"index":"index","follow":"follow","max-snippet":"max-snippet:-1","max-image-preview":"max-image-preview:large","max-video-preview":"max-video-preview:-1"},"canonical":"https:\/\/cpar.ufms.br\/selecoes\/processos-seletivos\/","og_locale":"en_US","og_type":"article","og_title":"Processos Seletivos - CPAR - Campus de Parana\u00edba","og_description":"PROCESSO SELETIVO PROFESSOR SUBSTITUTO &#8211; 2026.1 Ci\u00eancias Exatas e da Terra \/ Probabilidade e Estat\u00edstica Ata Final Quadro de Notas Geral Quadro de Notas &#8211; Prova de T\u00edtulos Quadro de Notas &#8211; Prova Did\u00e1tica Ata Resultado da Prova Escrita Ata Sorteio do Tema da Prova Did\u00e1tica EDITAL N\u00ba 8 &#8211; CPAR\/UFMS, DE 2 DE MAR\u00c7O [&hellip;]","og_url":"https:\/\/cpar.ufms.br\/selecoes\/processos-seletivos\/","og_site_name":"CPAR - Campus de Parana\u00edba","article_modified_time":"2026-03-11T18:19:29+00:00","og_image":[{"width":1630,"height":778,"url":"https:\/\/cpar.ufms.br\/files\/2017\/03\/UFMS.LOGO_.jpg","type":"image\/jpeg"}],"twitter_misc":{"Est. reading time":"5 minutes","Written by":"dirceu.matos"},"schema":{"@context":"https:\/\/schema.org","@graph":[{"@type":"WebPage","@id":"https:\/\/cpar.ufms.br\/selecoes\/processos-seletivos\/","url":"https:\/\/cpar.ufms.br\/selecoes\/processos-seletivos\/","name":"Processos Seletivos - CPAR - Campus de Parana\u00edba","isPartOf":{"@id":"https:\/\/cpar.ufms.br\/#website"},"primaryImageOfPage":{"@id":"https:\/\/cpar.ufms.br\/selecoes\/processos-seletivos\/#primaryimage"},"image":{"@id":"https:\/\/cpar.ufms.br\/selecoes\/processos-seletivos\/#primaryimage"},"thumbnailUrl":"https:\/\/cpar.ufms.br\/files\/2017\/03\/UFMS.LOGO_.jpg","datePublished":"2017-08-25T21:15:18+00:00","dateModified":"2026-03-11T18:19:29+00:00","breadcrumb":{"@id":"https:\/\/cpar.ufms.br\/selecoes\/processos-seletivos\/#breadcrumb"},"inLanguage":"en-US","potentialAction":[{"@type":"ReadAction","target":["https:\/\/cpar.ufms.br\/selecoes\/processos-seletivos\/"]}]},{"@type":"ImageObject","inLanguage":"en-US","@id":"https:\/\/cpar.ufms.br\/selecoes\/processos-seletivos\/#primaryimage","url":"https:\/\/cpar.ufms.br\/files\/2017\/03\/UFMS.LOGO_.jpg","contentUrl":"https:\/\/cpar.ufms.br\/files\/2017\/03\/UFMS.LOGO_.jpg","width":1630,"height":778},{"@type":"BreadcrumbList","@id":"https:\/\/cpar.ufms.br\/selecoes\/processos-seletivos\/#breadcrumb","itemListElement":[{"@type":"ListItem","position":1,"name":"In\u00edcio","item":"https:\/\/cpar.ufms.br\/"},{"@type":"ListItem","position":2,"name":"Sele\u00e7\u00f5es","item":"https:\/\/cpar.ufms.br\/selecoes\/"},{"@type":"ListItem","position":3,"name":"Processos Seletivos"}]},{"@type":"WebSite","@id":"https:\/\/cpar.ufms.br\/#website","url":"https:\/\/cpar.ufms.br\/","name":"CPAR - Campus de Parana\u00edba","description":"Universidade Federal de Mato Grosso do Sul","potentialAction":[{"@type":"SearchAction","target":{"@type":"EntryPoint","urlTemplate":"https:\/\/cpar.ufms.br\/?s={search_term_string}"},"query-input":{"@type":"PropertyValueSpecification","valueRequired":true,"valueName":"search_term_string"}}],"inLanguage":"en-US"}]}},"_links":{"self":[{"href":"https:\/\/cpar.ufms.br\/en\/wp-json\/wp\/v2\/pages\/390","targetHints":{"allow":["GET"]}}],"collection":[{"href":"https:\/\/cpar.ufms.br\/en\/wp-json\/wp\/v2\/pages"}],"about":[{"href":"https:\/\/cpar.ufms.br\/en\/wp-json\/wp\/v2\/types\/page"}],"author":[{"embeddable":true,"href":"https:\/\/cpar.ufms.br\/en\/wp-json\/wp\/v2\/users\/1381"}],"replies":[{"embeddable":true,"href":"https:\/\/cpar.ufms.br\/en\/wp-json\/wp\/v2\/comments?post=390"}],"version-history":[{"count":367,"href":"https:\/\/cpar.ufms.br\/en\/wp-json\/wp\/v2\/pages\/390\/revisions"}],"predecessor-version":[{"id":17583,"href":"https:\/\/cpar.ufms.br\/en\/wp-json\/wp\/v2\/pages\/390\/revisions\/17583"}],"up":[{"embeddable":true,"href":"https:\/\/cpar.ufms.br\/en\/wp-json\/wp\/v2\/pages\/614"}],"wp:featuredmedia":[{"embeddable":true,"href":"https:\/\/cpar.ufms.br\/en\/wp-json\/wp\/v2\/media\/4944"}],"wp:attachment":[{"href":"https:\/\/cpar.ufms.br\/en\/wp-json\/wp\/v2\/media?parent=390"}],"wp:term":[{"taxonomy":"author","embeddable":true,"href":"https:\/\/cpar.ufms.br\/en\/wp-json\/wp\/v2\/coauthors?post=390"}],"curies":[{"name":"wp","href":"https:\/\/api.w.org\/{rel}","templated":true}]}}