{"id":482,"date":"2014-09-02T16:34:41","date_gmt":"2014-09-02T20:34:41","guid":{"rendered":"http:\/\/cpar.draconis.ufms.br\/?page_id=482"},"modified":"2026-03-24T13:55:15","modified_gmt":"2026-03-24T17:55:15","slug":"corpo-docente","status":"publish","type":"page","link":"https:\/\/cpar.ufms.br\/en\/graduacao\/administracao\/corpo-docente\/","title":{"rendered":"Docentes de Administra\u00e7\u00e3o"},"content":{"rendered":"<p style=\"margin: 12.0pt 0cm .0001pt 0cm\"><a title=\"Prof. Me. Carlos Rodrigues da Silva\" href=\"http:\/\/cpar.draconis.ufms.br\/?page_id=519\"><strong>Prof. Dr. Carlos Rodrigues da Silva<\/strong><\/a><\/p>\n<p style=\"margin: 0cm;margin-bottom: .0001pt\">e-mail: carlos.rodrigues@ufms.br<\/p>\n<p style=\"margin: 0cm;margin-bottom: .0001pt\">Telefone: (67) 3669-0154<\/p>\n<p style=\"margin: 0cm;margin-bottom: .0001pt\">Sala de professores 06<br \/>\n<a href=\"https:\/\/ensino.ufms.br\/docentes\/disciplinas\/4401\">Disciplinas Ministradas<\/a><\/p>\n<p>&nbsp;<\/p>\n<p style=\"margin: 12.0pt 0cm .0001pt 0cm\"><strong><u><span style=\"color: blue\"><a title=\"Prof. Me. Dalton de Souza\" href=\"http:\/\/cpar.draconis.ufms.br\/?page_id=526\">Prof. Dr. Dalton de Sousa<\/a><\/span><\/u><\/strong><\/p>\n<p style=\"margin: 0cm;margin-bottom: .0001pt\">e-mail: dalton.sousa@ufms.br<\/p>\n<p style=\"margin: 0cm;margin-bottom: .0001pt\">Telefone: (67) 3669-0154<\/p>\n<p style=\"margin: 0cm;margin-bottom: .0001pt\">Sala de professores 06<br \/>\n<a href=\"https:\/\/ensino.ufms.br\/docentes\/disciplinas\/4832\">Disciplinas Ministradas<\/a><\/p>\n<p>&nbsp;<\/p>\n<p style=\"margin: 12.0pt 0cm .0001pt 0cm\"><strong><u><span style=\"color: blue\"><a title=\"Prof. Me. Elton Gean Ara\u00fajo\" href=\"http:\/\/cpar.draconis.ufms.br\/?page_id=529\">Prof. Dr. Elton Gean Ara\u00fajo<\/a><\/span><\/u><\/strong><\/p>\n<p style=\"margin: 0cm;margin-bottom: .0001pt\">e-mail: elton.araujo@ufms.br<\/p>\n<p style=\"margin: 0cm;margin-bottom: .0001pt\">Telefone: (67) 3669-0156<\/p>\n<p style=\"margin: 0cm;margin-bottom: .0001pt\">Sala de professores 08<br \/>\n<a href=\"https:\/\/ensino.ufms.br\/docentes\/disciplinas\/5087\">Disciplinas Ministradas<\/a><\/p>\n<p>&nbsp;<\/p>\n<p><strong><a href=\"https:\/\/cpar.ufms.br\/graduacao\/administracao\/corpo-docente\/prof-dr-fabiano-martin-tiossi\/\">Prof. Dr. Fabiano Martin Tiossi<\/a><\/strong><br \/>\ne-mail: fabiano.tiossi@ufms.br<br \/>\nTelefone: (67) 3669-0162<br \/>\nSala de professores 14 &#8211; Sala de Coordena\u00e7\u00e3o do curso de Administra\u00e7\u00e3o<br \/>\n<a href=\"https:\/\/ensino.ufms.br\/docentes\/disciplinas\/10372\">Disciplinas Ministradas<\/a><\/p>\n<p>&nbsp;<\/p>\n<p style=\"margin: 12.0pt 0cm .0001pt 0cm\"><strong><u><span style=\"color: blue\"><a href=\"https:\/\/cpar.ufms.br\/prof-dr-rafael-pazeto-alvarenga\/\">Prof. Dr. Rafael Pazeto Alvarenga<\/a><\/span><\/u><\/strong><\/p>\n<p style=\"margin: 0cm;margin-bottom: .0001pt\">e-mail: rafael.pazeto@ufms.br<\/p>\n<p style=\"margin: 0cm;margin-bottom: .0001pt\">Telefone: (67) 3669-0164<\/p>\n<p style=\"margin: 0cm;margin-bottom: .0001pt\">Sala de professores 16<br \/>\n<a href=\"https:\/\/ensino.ufms.br\/docentes\/disciplinas\/9918\">Disciplinas Ministradas<\/a><\/p>\n<p>&nbsp;<\/p>\n<p data-uw-styling-context=\"true\"><strong><a href=\"https:\/\/cpar.ufms.br\/graduacao\/medicina-veterinaria\/docentes-de-medicina-veterinaria\/professor-dr-ricardo-jose-dos-santos\/\" target=\"_blank\" rel=\"noopener\">Prof. Dr. Ricardo Jos\u00e9 dos Santos<\/a><\/strong><\/p>\n<p>e-mail: ricardo.jose@ufms.br<br \/>\nTelefone: (67) 3669-0156<br \/>\nSala de professores 08<br \/>\n<a href=\"https:\/\/ensino.ufms.br\/docentes\/disciplinas\/8628\">Disciplinas Ministradas<\/a><\/p>\n<p>&nbsp;<\/p>\n<p><a href=\"https:\/\/cpar.ufms.br\/graduacao\/administracao\/corpo-docente\/prof-dr-richardson-coimbra-borges\/\" target=\"_blank\" rel=\"noopener\"><strong>Prof. Dr. Richardson Coimbra Borges<\/strong><\/a><br \/>\ne-mail: richardson.borges@ufms.br<br \/>\nTelefone: (67) 3669-0162<br \/>\nSala de professores 14<br \/>\n<a href=\"https:\/\/ensino.ufms.br\/docentes\/view\/9969\">Disciplinas Ministradas<\/a><\/p>\n<p>&nbsp;<\/p>\n<p style=\"margin: 0cm\"><strong><a href=\"https:\/\/cpar.ufms.br\/graduacao\/administracao\/corpo-docente\/prof-dr-sergio-paiva\/\">Prof. Dr. S\u00e9rgio Paiva<\/a><\/strong><\/p>\n<p style=\"margin: 0cm\">e-mail: sergio.paiva@ufms.br<\/p>\n<p style=\"margin: 0cm\">Telefone: (67) 3669-0162<\/p>\n<p style=\"margin: 0cm\">Sala de professores 14<br \/>\n<a href=\"https:\/\/ensino.ufms.br\/docentes\/disciplinas\/8307\">Disciplinas Ministradas<\/a><\/p>\n<p>&nbsp;<\/p>\n<p style=\"margin: 12.0pt 0cm .0001pt 0cm\"><a title=\"Prof. Me. Wesley Ricardo de Souza Freitas\" href=\"http:\/\/cpar.draconis.ufms.br\/?page_id=565\"><strong>Prof. Dr. Wesley Ricardo de Souza Freitas<\/strong><\/a><\/p>\n<p style=\"margin: 0cm;margin-bottom: .0001pt\">e-mail: wesley.freitas@ufms.br<\/p>\n<p style=\"margin: 0cm;margin-bottom: .0001pt\">Telefone: (67) 3669-0161<\/p>\n<p style=\"margin: 0cm;margin-bottom: .0001pt\">Sala de professores 06<br \/>\n<a href=\"https:\/\/ensino.ufms.br\/docentes\/disciplinas\/5757\">Disciplinas Ministradas<\/a><\/p>\n<p>&nbsp;<\/p>\n<p>&nbsp;","protected":false},"excerpt":{"rendered":"<p>Prof. Dr. Carlos Rodrigues da Silva e-mail: carlos.rodrigues@ufms.br Telefone: (67) 3669-0154 Sala de professores 06 Disciplinas Ministradas &nbsp; Prof. Dr. Dalton de Sousa e-mail: dalton.sousa@ufms.br Telefone: (67) 3669-0154 Sala de professores 06 Disciplinas Ministradas &nbsp; Prof. Dr. Elton Gean Ara\u00fajo e-mail: elton.araujo@ufms.br Telefone: (67) 3669-0156 Sala de professores 08 Disciplinas Ministradas &nbsp; Prof. Dr. Fabiano [&hellip;]<\/p>\n","protected":false},"author":1381,"featured_media":0,"parent":83,"menu_order":0,"comment_status":"closed","ping_status":"closed","template":"","meta":{"footnotes":""},"coauthors":[372],"class_list":["post-482","page","type-page","status-publish","hentry"],"yoast_head":"<!-- This site is optimized with the Yoast SEO plugin v26.2 - https:\/\/yoast.com\/wordpress\/plugins\/seo\/ -->\n<title>Docentes de Administra\u00e7\u00e3o - CPAR - Campus de Parana\u00edba<\/title>\n<meta name=\"robots\" content=\"index, follow, max-snippet:-1, max-image-preview:large, max-video-preview:-1\" \/>\n<link rel=\"canonical\" href=\"https:\/\/cpar.ufms.br\/graduacao\/administracao\/corpo-docente\/\" \/>\n<meta property=\"og:locale\" content=\"en_US\" \/>\n<meta property=\"og:type\" content=\"article\" \/>\n<meta property=\"og:title\" content=\"Docentes de Administra\u00e7\u00e3o - CPAR - Campus de Parana\u00edba\" \/>\n<meta property=\"og:description\" content=\"Prof. Dr. Carlos Rodrigues da Silva e-mail: carlos.rodrigues@ufms.br Telefone: (67) 3669-0154 Sala de professores 06 Disciplinas Ministradas &nbsp; Prof. Dr. Dalton de Sousa e-mail: dalton.sousa@ufms.br Telefone: (67) 3669-0154 Sala de professores 06 Disciplinas Ministradas &nbsp; Prof. Dr. Elton Gean Ara\u00fajo e-mail: elton.araujo@ufms.br Telefone: (67) 3669-0156 Sala de professores 08 Disciplinas Ministradas &nbsp; Prof. Dr. Fabiano [&hellip;]\" \/>\n<meta property=\"og:url\" content=\"https:\/\/cpar.ufms.br\/graduacao\/administracao\/corpo-docente\/\" \/>\n<meta property=\"og:site_name\" content=\"CPAR - Campus de Parana\u00edba\" \/>\n<meta property=\"article:modified_time\" content=\"2026-03-24T17:55:15+00:00\" \/>\n<meta name=\"twitter:label1\" content=\"Est. reading time\" \/>\n\t<meta name=\"twitter:data1\" content=\"1 minute\" \/>\n\t<meta name=\"twitter:label2\" content=\"Written by\" \/>\n\t<meta name=\"twitter:data2\" content=\"dirceu.matos\" \/>\n<script type=\"application\/ld+json\" class=\"yoast-schema-graph\">{\"@context\":\"https:\/\/schema.org\",\"@graph\":[{\"@type\":\"WebPage\",\"@id\":\"https:\/\/cpar.ufms.br\/graduacao\/administracao\/corpo-docente\/\",\"url\":\"https:\/\/cpar.ufms.br\/graduacao\/administracao\/corpo-docente\/\",\"name\":\"Docentes de Administra\u00e7\u00e3o - CPAR - Campus de Parana\u00edba\",\"isPartOf\":{\"@id\":\"https:\/\/cpar.ufms.br\/#website\"},\"datePublished\":\"2014-09-02T20:34:41+00:00\",\"dateModified\":\"2026-03-24T17:55:15+00:00\",\"breadcrumb\":{\"@id\":\"https:\/\/cpar.ufms.br\/graduacao\/administracao\/corpo-docente\/#breadcrumb\"},\"inLanguage\":\"en-US\",\"potentialAction\":[{\"@type\":\"ReadAction\",\"target\":[\"https:\/\/cpar.ufms.br\/graduacao\/administracao\/corpo-docente\/\"]}]},{\"@type\":\"BreadcrumbList\",\"@id\":\"https:\/\/cpar.ufms.br\/graduacao\/administracao\/corpo-docente\/#breadcrumb\",\"itemListElement\":[{\"@type\":\"ListItem\",\"position\":1,\"name\":\"In\u00edcio\",\"item\":\"https:\/\/cpar.ufms.br\/\"},{\"@type\":\"ListItem\",\"position\":2,\"name\":\"Gradua\u00e7\u00e3o\",\"item\":\"https:\/\/cpar.ufms.br\/graduacao\/\"},{\"@type\":\"ListItem\",\"position\":3,\"name\":\"Administra\u00e7\u00e3o\",\"item\":\"https:\/\/cpar.ufms.br\/graduacao\/administracao\/\"},{\"@type\":\"ListItem\",\"position\":4,\"name\":\"Docentes de Administra\u00e7\u00e3o\"}]},{\"@type\":\"WebSite\",\"@id\":\"https:\/\/cpar.ufms.br\/#website\",\"url\":\"https:\/\/cpar.ufms.br\/\",\"name\":\"CPAR - Campus de Parana\u00edba\",\"description\":\"Universidade Federal de Mato Grosso do Sul\",\"potentialAction\":[{\"@type\":\"SearchAction\",\"target\":{\"@type\":\"EntryPoint\",\"urlTemplate\":\"https:\/\/cpar.ufms.br\/?s={search_term_string}\"},\"query-input\":{\"@type\":\"PropertyValueSpecification\",\"valueRequired\":true,\"valueName\":\"search_term_string\"}}],\"inLanguage\":\"en-US\"}]}<\/script>\n<!-- \/ Yoast SEO plugin. -->","yoast_head_json":{"title":"Docentes de Administra\u00e7\u00e3o - CPAR - Campus de Parana\u00edba","robots":{"index":"index","follow":"follow","max-snippet":"max-snippet:-1","max-image-preview":"max-image-preview:large","max-video-preview":"max-video-preview:-1"},"canonical":"https:\/\/cpar.ufms.br\/graduacao\/administracao\/corpo-docente\/","og_locale":"en_US","og_type":"article","og_title":"Docentes de Administra\u00e7\u00e3o - CPAR - Campus de Parana\u00edba","og_description":"Prof. Dr. Carlos Rodrigues da Silva e-mail: carlos.rodrigues@ufms.br Telefone: (67) 3669-0154 Sala de professores 06 Disciplinas Ministradas &nbsp; Prof. Dr. Dalton de Sousa e-mail: dalton.sousa@ufms.br Telefone: (67) 3669-0154 Sala de professores 06 Disciplinas Ministradas &nbsp; Prof. Dr. Elton Gean Ara\u00fajo e-mail: elton.araujo@ufms.br Telefone: (67) 3669-0156 Sala de professores 08 Disciplinas Ministradas &nbsp; Prof. Dr. Fabiano [&hellip;]","og_url":"https:\/\/cpar.ufms.br\/graduacao\/administracao\/corpo-docente\/","og_site_name":"CPAR - Campus de Parana\u00edba","article_modified_time":"2026-03-24T17:55:15+00:00","twitter_misc":{"Est. reading time":"1 minute","Written by":"dirceu.matos"},"schema":{"@context":"https:\/\/schema.org","@graph":[{"@type":"WebPage","@id":"https:\/\/cpar.ufms.br\/graduacao\/administracao\/corpo-docente\/","url":"https:\/\/cpar.ufms.br\/graduacao\/administracao\/corpo-docente\/","name":"Docentes de Administra\u00e7\u00e3o - CPAR - Campus de Parana\u00edba","isPartOf":{"@id":"https:\/\/cpar.ufms.br\/#website"},"datePublished":"2014-09-02T20:34:41+00:00","dateModified":"2026-03-24T17:55:15+00:00","breadcrumb":{"@id":"https:\/\/cpar.ufms.br\/graduacao\/administracao\/corpo-docente\/#breadcrumb"},"inLanguage":"en-US","potentialAction":[{"@type":"ReadAction","target":["https:\/\/cpar.ufms.br\/graduacao\/administracao\/corpo-docente\/"]}]},{"@type":"BreadcrumbList","@id":"https:\/\/cpar.ufms.br\/graduacao\/administracao\/corpo-docente\/#breadcrumb","itemListElement":[{"@type":"ListItem","position":1,"name":"In\u00edcio","item":"https:\/\/cpar.ufms.br\/"},{"@type":"ListItem","position":2,"name":"Gradua\u00e7\u00e3o","item":"https:\/\/cpar.ufms.br\/graduacao\/"},{"@type":"ListItem","position":3,"name":"Administra\u00e7\u00e3o","item":"https:\/\/cpar.ufms.br\/graduacao\/administracao\/"},{"@type":"ListItem","position":4,"name":"Docentes de Administra\u00e7\u00e3o"}]},{"@type":"WebSite","@id":"https:\/\/cpar.ufms.br\/#website","url":"https:\/\/cpar.ufms.br\/","name":"CPAR - Campus de Parana\u00edba","description":"Universidade Federal de Mato Grosso do Sul","potentialAction":[{"@type":"SearchAction","target":{"@type":"EntryPoint","urlTemplate":"https:\/\/cpar.ufms.br\/?s={search_term_string}"},"query-input":{"@type":"PropertyValueSpecification","valueRequired":true,"valueName":"search_term_string"}}],"inLanguage":"en-US"}]}},"_links":{"self":[{"href":"https:\/\/cpar.ufms.br\/en\/wp-json\/wp\/v2\/pages\/482","targetHints":{"allow":["GET"]}}],"collection":[{"href":"https:\/\/cpar.ufms.br\/en\/wp-json\/wp\/v2\/pages"}],"about":[{"href":"https:\/\/cpar.ufms.br\/en\/wp-json\/wp\/v2\/types\/page"}],"author":[{"embeddable":true,"href":"https:\/\/cpar.ufms.br\/en\/wp-json\/wp\/v2\/users\/1381"}],"replies":[{"embeddable":true,"href":"https:\/\/cpar.ufms.br\/en\/wp-json\/wp\/v2\/comments?post=482"}],"version-history":[{"count":55,"href":"https:\/\/cpar.ufms.br\/en\/wp-json\/wp\/v2\/pages\/482\/revisions"}],"predecessor-version":[{"id":17610,"href":"https:\/\/cpar.ufms.br\/en\/wp-json\/wp\/v2\/pages\/482\/revisions\/17610"}],"up":[{"embeddable":true,"href":"https:\/\/cpar.ufms.br\/en\/wp-json\/wp\/v2\/pages\/83"}],"wp:attachment":[{"href":"https:\/\/cpar.ufms.br\/en\/wp-json\/wp\/v2\/media?parent=482"}],"wp:term":[{"taxonomy":"author","embeddable":true,"href":"https:\/\/cpar.ufms.br\/en\/wp-json\/wp\/v2\/coauthors?post=482"}],"curies":[{"name":"wp","href":"https:\/\/api.w.org\/{rel}","templated":true}]}}