{"id":4988,"date":"2017-03-24T16:52:11","date_gmt":"2017-03-24T20:52:11","guid":{"rendered":"https:\/\/cpar.ufms.br\/?page_id=4988"},"modified":"2026-03-27T14:35:25","modified_gmt":"2026-03-27T18:35:25","slug":"setor-assistencia-estutantil","status":"publish","type":"page","link":"https:\/\/cpar.ufms.br\/en\/academico\/setor-assistencia-estutantil\/","title":{"rendered":"Setor de Assist\u00eancia Estudantil"},"content":{"rendered":"<div>\n<p style=\"text-align: justify\"><strong>Setor de Assist\u00eancia Estudantil<\/strong><\/p>\n<p style=\"text-align: justify\">\u00c9 o setor respons\u00e1vel pela orienta\u00e7\u00e3o, apoio, execu\u00e7\u00e3o e o acompanhamento das atividades assistenciais, psicol\u00f3gicas, sociais e educacionais, relacionadas ao corpo discente do Campus de Parana\u00edba.<\/p>\n<p style=\"text-align: justify\">A SETAES est\u00e1 diretamente ligada \u00e0 Pr\u00f3-Reitoria de Assuntos Estudantis (PROAES), que gerencia o Programa de Assist\u00eancia Estudantil na UFMS, com a finalidade de ampliar as condi\u00e7\u00f5es de perman\u00eancia dos estudantes na Institui\u00e7\u00e3o. Conhe\u00e7a os aux\u00edlios da <a href=\"https:\/\/proaes.ufms.br\/auxilios-de-assistencia-estudantil\/\"><strong>Assist\u00eancia Estudantil aqui!<\/strong><\/a><\/p>\n<p style=\"text-align: justify\"><strong>EQUIPE SETAES\/CPAR:<\/strong><\/p>\n<p style=\"text-align: justify\"><strong>Anderson da Silva Nascimento<\/strong>\u00a0\u2013\u00a0Tradutor e Int\u00e9rprete de Libras<\/p>\n<p>Email: <a href=\"mailto:anderson.silva@ufms.br\">anderson.silva@ufms.br<\/a><\/p>\n<div>Joyce Helena Martins Leal<\/div>\n<div>CRESS 5556- 21\u00aa Regi\u00e3o\/MS<\/div>\n<div>Email:\u00a0<a href=\"mailto:joyce.leal@ufms.br\" target=\"_blank\" rel=\"noopener\">joyce.leal@ufms.br<\/a><\/div>\n<div><\/div>\n<div>Setor:\u00a0<a href=\"mailto:setaes.cpar@ufms.br\" target=\"_blank\" rel=\"noopener\">setaes.cpar@ufms.br<\/a><\/div>\n<div>Telefone: 3669-0106<\/div>\n<p style=\"text-align: justify\">Expediente:<\/p>\n<\/div>\n<div>\n<table style=\"border-collapse: collapse;width: 100%\">\n<tbody>\n<tr>\n<td style=\"width: 238.182px;background-color: #369af7;text-align: center\"><span style=\"color: #ffffff\"><strong>Segunda<\/strong><\/span><\/td>\n<td style=\"width: 238.182px;background-color: #369af7;text-align: center\"><span style=\"color: #ffffff\"><strong>Ter\u00e7a<\/strong><\/span><\/td>\n<td style=\"width: 238.182px;background-color: #369af7;text-align: center\"><span style=\"color: #ffffff\"><strong>Quarta<\/strong><\/span><\/td>\n<td style=\"width: 238.182px;background-color: #369af7;text-align: center\"><span style=\"color: #ffffff\"><strong>Quinta<\/strong><\/span><\/td>\n<td style=\"width: 238.239px;background-color: #369af7;text-align: center\"><span style=\"color: #ffffff\"><strong>Sexta<\/strong><\/span><\/td>\n<\/tr>\n<tr>\n<td style=\"width: 238.182px;text-align: center;background-color: #e0f3ff\">11h \u00e0s 17h<\/td>\n<td style=\"width: 238.182px;text-align: center;background-color: #e0f3ff\">7h \u00e0s 11h<\/td>\n<td style=\"width: 238.182px;text-align: center;background-color: #e0f3ff\">11h \u00e0s 17h<\/td>\n<td style=\"width: 238.182px;text-align: center;background-color: #e0f3ff\">7h \u00e0s 11h<\/td>\n<td style=\"width: 238.239px;text-align: center;background-color: #e0f3ff\">7h \u00e0s 11h<\/td>\n<\/tr>\n<tr>\n<td style=\"width: 238.182px;text-align: center;background-color: #c9e0f5\">19h \u00e0s 21h<\/td>\n<td style=\"width: 238.182px;text-align: center;background-color: #c9e0f5\">13h \u00e0s 17h<\/td>\n<td style=\"width: 238.182px;text-align: center;background-color: #c9e0f5\">19h \u00e0s 21h<\/td>\n<td style=\"width: 238.182px;text-align: center;background-color: #c9e0f5\">13h \u00e0s 17h<\/td>\n<td style=\"width: 238.239px;text-align: center;background-color: #c9e0f5\">13h \u00e0s 17h<\/td>\n<\/tr>\n<\/tbody>\n<\/table>\n<\/div>\n<div><\/div>\n<div>\n<p style=\"text-align: justify\"><strong><span style=\"color: #000000\">NORMAS IMPORTANTES<\/span><\/strong><\/p>\n<p style=\"text-align: justify\"><a href=\"https:\/\/cpar.ufms.br\/files\/2021\/09\/Res.-124_2021_Aprova-Programa-de-Assistencia-Estudantil.pdf\" target=\"_blank\" rel=\"noopener\" data-saferedirecturl=\"https:\/\/www.google.com\/url?q=https:\/\/cpar.ufms.br\/files\/2021\/09\/Res.-124_2021_Aprova-Programa-de-Assistencia-Estudantil.pdf&amp;source=gmail&amp;ust=1657218354705000&amp;usg=AOvVaw1wjBCurRSH2_PZVp5HcLzT\"><strong>Resolu\u00e7\u00e3o n\u00b0 124 COUN\/UFMS, de 31 de Agosto de 2021<\/strong><\/a>\u00a0<span style=\"color: #000000\">\u2013 Aprova o\u00a0Programa de Assist\u00eancia Estudantil\u00a0no \u00e2mbito da Funda\u00e7\u00e3o Universidade Federal de Mato Grosso do Sul.<\/span><\/p>\n<p style=\"text-align: justify\"><a href=\"https:\/\/cpar.ufms.br\/files\/2022\/05\/INSTRUCAO-NORMATIVA-n%C2%B0-17-GAB-PROAES.pdf\" target=\"_blank\" rel=\"noopener\" data-saferedirecturl=\"https:\/\/www.google.com\/url?q=https:\/\/cpar.ufms.br\/files\/2022\/05\/INSTRUCAO-NORMATIVA-n%25C2%25B0-17-GAB-PROAES.pdf&amp;source=gmail&amp;ust=1657218354705000&amp;usg=AOvVaw3IsKZzEZ5F4tE4lu-5mGG-\"><strong>Instru\u00e7\u00e3o Normativa n\u00b0 17 GAB\/PROAES\/UFMS, de 25 de mar\u00e7o de\u00a0<\/strong><strong><u>2022<\/u><\/strong><\/a>\u00a0<span style=\"color: #000000\">\u2013\u00a0Disp\u00f5e sobre a aplica\u00e7\u00e3o do Recurso do Plano Nacional de Assist\u00eancia Estudantil (PNAES), sele\u00e7\u00e3o de estudantes para ingresso e crit\u00e9rios para perman\u00eancia nas a\u00e7\u00f5es de Assist\u00eancia Estudantil no \u00e2mbito da Funda\u00e7\u00e3o Universidade Federal de Mato Grosso do Sul.<\/span><\/p>\n<p style=\"text-align: justify\"><a href=\"https:\/\/cpar.ufms.br\/files\/2021\/09\/RESOLUCAO_N_271_CAS_CPAR_UFMS__DE_20_DE_SETEMBRO_DE_2021.-UAP-Assuntos-Estudantis.pdf\" target=\"_blank\" rel=\"noopener\" data-saferedirecturl=\"https:\/\/www.google.com\/url?q=https:\/\/cpar.ufms.br\/files\/2021\/09\/RESOLUCAO_N_271_CAS_CPAR_UFMS__DE_20_DE_SETEMBRO_DE_2021.-UAP-Assuntos-Estudantis.pdf&amp;source=gmail&amp;ust=1657218354705000&amp;usg=AOvVaw1WnOiz9qFiIJXiqypPkMy_\"><strong>Resolu\u00e7\u00e3o n\u00ba 271 CAS\/CPAR, de 20 de Setembro de 2021<\/strong><\/a>\u00a0<span style=\"color: #000000\">\u2013\u00a0Regulamento da Unidade de Apoio para Assuntos Estudantis do C\u00e2mpus de Parana\u00edba.<\/span><\/p>\n<p style=\"text-align: justify\"><a href=\"https:\/\/cpar.ufms.br\/files\/2017\/03\/RESOLUCAO-CPAR-n-40-de-05-04-2018-Regras-de-funcionamento-e-uso-da-Copa-Academica.pdf\" target=\"_blank\" rel=\"noopener\" data-saferedirecturl=\"https:\/\/www.google.com\/url?q=https:\/\/cpar.ufms.br\/files\/2017\/03\/RESOLUCAO-CPAR-n-40-de-05-04-2018-Regras-de-funcionamento-e-uso-da-Copa-Academica.pdf&amp;source=gmail&amp;ust=1657218354705000&amp;usg=AOvVaw1AgB5-ErS6YI9tGFte6cwb\"><strong>Resolu\u00e7\u00e3o n\u00ba 40 CPAR\/UFMS, de 05 de Abril de 2018<\/strong><span style=\"color: #000000\">\u2013 Regras de funcionamento e uso da Copa Acad\u00eamica<\/span><\/a><\/p>\n<\/div>\n<div>\n<p><strong><a href=\"https:\/\/cptl.ufms.br\/files\/2021\/09\/Res.-125_2021_Aprova-Politica-de-Inclusao-e-Acoes-Afirmativas.pdf\">Resolu\u00e7\u00e3o n\u00ba 125 COUN\/UFMS, de 31 de agosto de 2021.<\/a><\/strong> Aprova a Pol\u00edtica de Inclus\u00e3o e A\u00e7\u00f5es Afirmativas no \u00e2mbito da Funda\u00e7\u00e3o Universidade Federal de Mato Grosso do Sul.<\/p>\n<p><strong><a href=\"https:\/\/cptl.ufms.br\/files\/2021\/09\/Res.-126_2021_Aprova-Politica-de-Atencao-a-Saude-dos-Estudantes.pdf\">Resolu\u00e7\u00e3o n\u00ba 126 -COUN\/UFMS, de 31 de agosto de 2021.<\/a><\/strong> Aprova a Pol\u00edtica de Aten\u00e7\u00e3o \u00e0 Sa\u00fade dos estudantes no \u00e2mbito da Funda\u00e7\u00e3o Universidade Federal de Mato Grosso do Sul.<\/p>\n<p><strong><a href=\"https:\/\/cptl.ufms.br\/files\/2021\/09\/Res.-127_2021_Politica-de-Prevencao-e-Enfrentamento-do-Assedio-Moral.pdf\">Resolu\u00e7\u00e3o n\u00ba 127, de 31 de agosto de 2021<\/a><\/strong>. Aprova a Pol\u00edtica de Preven\u00e7\u00e3o e Enfrentamento do Ass\u00e9dio Moral e Sexual no \u00e2mbito da Funda\u00e7\u00e3o Universidade Federal de Mato Grosso do Sul.<\/p>\n<p><strong><a href=\"https:\/\/cpar.ufms.br\/files\/2014\/10\/Resolucao-COUN-n.-73.2018-Regime-Disciplinar-dos-Estudantes-da-UFMS.pdf\">Resolu\u00e7\u00e3o n\u00ba73, de 23 de agosto de 2018.<\/a><\/strong> Regulamenta o regime disciplinar dos estudantes no \u00e2mbito da Funda\u00e7\u00e3o Universidade Federal de Mato Grosso do Sul.<\/p>\n<\/div>\n<div><\/div>","protected":false},"excerpt":{"rendered":"<p>Setor de Assist\u00eancia Estudantil \u00c9 o setor respons\u00e1vel pela orienta\u00e7\u00e3o, apoio, execu\u00e7\u00e3o e o acompanhamento das atividades assistenciais, psicol\u00f3gicas, sociais e educacionais, relacionadas ao corpo discente do Campus de Parana\u00edba. A SETAES est\u00e1 diretamente ligada \u00e0 Pr\u00f3-Reitoria de Assuntos Estudantis (PROAES), que gerencia o Programa de Assist\u00eancia Estudantil na UFMS, com a finalidade de ampliar [&hellip;]<\/p>\n","protected":false},"author":1381,"featured_media":0,"parent":611,"menu_order":0,"comment_status":"closed","ping_status":"closed","template":"page-templates\/page-coordenadorias.php","meta":{"footnotes":""},"coauthors":[372],"class_list":["post-4988","page","type-page","status-publish","hentry"],"yoast_head":"<!-- This site is optimized with the Yoast SEO plugin v26.2 - https:\/\/yoast.com\/wordpress\/plugins\/seo\/ -->\n<title>Setor de Assist\u00eancia Estudantil - CPAR - Campus de Parana\u00edba<\/title>\n<meta name=\"robots\" content=\"index, follow, max-snippet:-1, max-image-preview:large, max-video-preview:-1\" \/>\n<link rel=\"canonical\" href=\"https:\/\/cpar.ufms.br\/academico\/setor-assistencia-estutantil\/\" \/>\n<meta property=\"og:locale\" content=\"en_US\" \/>\n<meta property=\"og:type\" content=\"article\" \/>\n<meta property=\"og:title\" content=\"Setor de Assist\u00eancia Estudantil - CPAR - Campus de Parana\u00edba\" \/>\n<meta property=\"og:description\" content=\"Setor de Assist\u00eancia Estudantil \u00c9 o setor respons\u00e1vel pela orienta\u00e7\u00e3o, apoio, execu\u00e7\u00e3o e o acompanhamento das atividades assistenciais, psicol\u00f3gicas, sociais e educacionais, relacionadas ao corpo discente do Campus de Parana\u00edba. A SETAES est\u00e1 diretamente ligada \u00e0 Pr\u00f3-Reitoria de Assuntos Estudantis (PROAES), que gerencia o Programa de Assist\u00eancia Estudantil na UFMS, com a finalidade de ampliar [&hellip;]\" \/>\n<meta property=\"og:url\" content=\"https:\/\/cpar.ufms.br\/academico\/setor-assistencia-estutantil\/\" \/>\n<meta property=\"og:site_name\" content=\"CPAR - Campus de Parana\u00edba\" \/>\n<meta property=\"article:modified_time\" content=\"2026-03-27T18:35:25+00:00\" \/>\n<meta name=\"twitter:label1\" content=\"Est. reading time\" \/>\n\t<meta name=\"twitter:data1\" content=\"1 minute\" \/>\n\t<meta name=\"twitter:label2\" content=\"Written by\" \/>\n\t<meta name=\"twitter:data2\" content=\"dirceu.matos\" \/>\n<script type=\"application\/ld+json\" class=\"yoast-schema-graph\">{\"@context\":\"https:\/\/schema.org\",\"@graph\":[{\"@type\":\"WebPage\",\"@id\":\"https:\/\/cpar.ufms.br\/academico\/setor-assistencia-estutantil\/\",\"url\":\"https:\/\/cpar.ufms.br\/academico\/setor-assistencia-estutantil\/\",\"name\":\"Setor de Assist\u00eancia Estudantil - CPAR - Campus de Parana\u00edba\",\"isPartOf\":{\"@id\":\"https:\/\/cpar.ufms.br\/#website\"},\"datePublished\":\"2017-03-24T20:52:11+00:00\",\"dateModified\":\"2026-03-27T18:35:25+00:00\",\"breadcrumb\":{\"@id\":\"https:\/\/cpar.ufms.br\/academico\/setor-assistencia-estutantil\/#breadcrumb\"},\"inLanguage\":\"en-US\",\"potentialAction\":[{\"@type\":\"ReadAction\",\"target\":[\"https:\/\/cpar.ufms.br\/academico\/setor-assistencia-estutantil\/\"]}]},{\"@type\":\"BreadcrumbList\",\"@id\":\"https:\/\/cpar.ufms.br\/academico\/setor-assistencia-estutantil\/#breadcrumb\",\"itemListElement\":[{\"@type\":\"ListItem\",\"position\":1,\"name\":\"In\u00edcio\",\"item\":\"https:\/\/cpar.ufms.br\/\"},{\"@type\":\"ListItem\",\"position\":2,\"name\":\"Acad\u00eamico\",\"item\":\"https:\/\/cpar.ufms.br\/academico\/\"},{\"@type\":\"ListItem\",\"position\":3,\"name\":\"Setor de Assist\u00eancia Estudantil\"}]},{\"@type\":\"WebSite\",\"@id\":\"https:\/\/cpar.ufms.br\/#website\",\"url\":\"https:\/\/cpar.ufms.br\/\",\"name\":\"CPAR - Campus de Parana\u00edba\",\"description\":\"Universidade Federal de Mato Grosso do Sul\",\"potentialAction\":[{\"@type\":\"SearchAction\",\"target\":{\"@type\":\"EntryPoint\",\"urlTemplate\":\"https:\/\/cpar.ufms.br\/?s={search_term_string}\"},\"query-input\":{\"@type\":\"PropertyValueSpecification\",\"valueRequired\":true,\"valueName\":\"search_term_string\"}}],\"inLanguage\":\"en-US\"}]}<\/script>\n<!-- \/ Yoast SEO plugin. -->","yoast_head_json":{"title":"Setor de Assist\u00eancia Estudantil - CPAR - Campus de Parana\u00edba","robots":{"index":"index","follow":"follow","max-snippet":"max-snippet:-1","max-image-preview":"max-image-preview:large","max-video-preview":"max-video-preview:-1"},"canonical":"https:\/\/cpar.ufms.br\/academico\/setor-assistencia-estutantil\/","og_locale":"en_US","og_type":"article","og_title":"Setor de Assist\u00eancia Estudantil - CPAR - Campus de Parana\u00edba","og_description":"Setor de Assist\u00eancia Estudantil \u00c9 o setor respons\u00e1vel pela orienta\u00e7\u00e3o, apoio, execu\u00e7\u00e3o e o acompanhamento das atividades assistenciais, psicol\u00f3gicas, sociais e educacionais, relacionadas ao corpo discente do Campus de Parana\u00edba. A SETAES est\u00e1 diretamente ligada \u00e0 Pr\u00f3-Reitoria de Assuntos Estudantis (PROAES), que gerencia o Programa de Assist\u00eancia Estudantil na UFMS, com a finalidade de ampliar [&hellip;]","og_url":"https:\/\/cpar.ufms.br\/academico\/setor-assistencia-estutantil\/","og_site_name":"CPAR - Campus de Parana\u00edba","article_modified_time":"2026-03-27T18:35:25+00:00","twitter_misc":{"Est. reading time":"1 minute","Written by":"dirceu.matos"},"schema":{"@context":"https:\/\/schema.org","@graph":[{"@type":"WebPage","@id":"https:\/\/cpar.ufms.br\/academico\/setor-assistencia-estutantil\/","url":"https:\/\/cpar.ufms.br\/academico\/setor-assistencia-estutantil\/","name":"Setor de Assist\u00eancia Estudantil - CPAR - Campus de Parana\u00edba","isPartOf":{"@id":"https:\/\/cpar.ufms.br\/#website"},"datePublished":"2017-03-24T20:52:11+00:00","dateModified":"2026-03-27T18:35:25+00:00","breadcrumb":{"@id":"https:\/\/cpar.ufms.br\/academico\/setor-assistencia-estutantil\/#breadcrumb"},"inLanguage":"en-US","potentialAction":[{"@type":"ReadAction","target":["https:\/\/cpar.ufms.br\/academico\/setor-assistencia-estutantil\/"]}]},{"@type":"BreadcrumbList","@id":"https:\/\/cpar.ufms.br\/academico\/setor-assistencia-estutantil\/#breadcrumb","itemListElement":[{"@type":"ListItem","position":1,"name":"In\u00edcio","item":"https:\/\/cpar.ufms.br\/"},{"@type":"ListItem","position":2,"name":"Acad\u00eamico","item":"https:\/\/cpar.ufms.br\/academico\/"},{"@type":"ListItem","position":3,"name":"Setor de Assist\u00eancia Estudantil"}]},{"@type":"WebSite","@id":"https:\/\/cpar.ufms.br\/#website","url":"https:\/\/cpar.ufms.br\/","name":"CPAR - Campus de Parana\u00edba","description":"Universidade Federal de Mato Grosso do Sul","potentialAction":[{"@type":"SearchAction","target":{"@type":"EntryPoint","urlTemplate":"https:\/\/cpar.ufms.br\/?s={search_term_string}"},"query-input":{"@type":"PropertyValueSpecification","valueRequired":true,"valueName":"search_term_string"}}],"inLanguage":"en-US"}]}},"_links":{"self":[{"href":"https:\/\/cpar.ufms.br\/en\/wp-json\/wp\/v2\/pages\/4988","targetHints":{"allow":["GET"]}}],"collection":[{"href":"https:\/\/cpar.ufms.br\/en\/wp-json\/wp\/v2\/pages"}],"about":[{"href":"https:\/\/cpar.ufms.br\/en\/wp-json\/wp\/v2\/types\/page"}],"author":[{"embeddable":true,"href":"https:\/\/cpar.ufms.br\/en\/wp-json\/wp\/v2\/users\/1381"}],"replies":[{"embeddable":true,"href":"https:\/\/cpar.ufms.br\/en\/wp-json\/wp\/v2\/comments?post=4988"}],"version-history":[{"count":72,"href":"https:\/\/cpar.ufms.br\/en\/wp-json\/wp\/v2\/pages\/4988\/revisions"}],"predecessor-version":[{"id":17662,"href":"https:\/\/cpar.ufms.br\/en\/wp-json\/wp\/v2\/pages\/4988\/revisions\/17662"}],"up":[{"embeddable":true,"href":"https:\/\/cpar.ufms.br\/en\/wp-json\/wp\/v2\/pages\/611"}],"wp:attachment":[{"href":"https:\/\/cpar.ufms.br\/en\/wp-json\/wp\/v2\/media?parent=4988"}],"wp:term":[{"taxonomy":"author","embeddable":true,"href":"https:\/\/cpar.ufms.br\/en\/wp-json\/wp\/v2\/coauthors?post=4988"}],"curies":[{"name":"wp","href":"https:\/\/api.w.org\/{rel}","templated":true}]}}