{"id":5425,"date":"2018-03-12T07:55:44","date_gmt":"2018-03-12T11:55:44","guid":{"rendered":"https:\/\/cpar.ufms.br\/?page_id=5425"},"modified":"2026-04-02T11:06:10","modified_gmt":"2026-04-02T15:06:10","slug":"audiovisual","status":"publish","type":"page","link":"https:\/\/cpar.ufms.br\/en\/institucional\/audiovisual\/","title":{"rendered":"Audiovisual"},"content":{"rendered":"<h2>O Setor de Audiovisual do CPAR \u00e9 respons\u00e1vel por montar e manejar os equipamentos de audiovisual utilizados no C\u00e2mpus, bem como atuar em\u00a0grava\u00e7\u00f5es, filmagens e registros fotogr\u00e1ficos nas mais diversas atividades da UFMS (ensino, pesquisa, extens\u00e3o, confer\u00eancias etc)<\/h2>\n<p>&nbsp;<\/p>\n<p>&nbsp;<\/p>\n<p>&nbsp;<\/p>\n<h3><strong>Hor\u00e1rio de atendimento<\/strong><\/h3>\n<p>13h \u00e0s 17h | 18h \u00e0s 22h &#8211; de segunda a sexta-feira<\/p>\n<p>&nbsp;<\/p>\n<p>A Sala do Audiovisual fica no Bloco B, pr\u00f3ximo \u00e0 Biblioteca.<\/p>\n<p>&nbsp;<\/p>\n<h4><strong>T\u00e9cnico respons\u00e1vel<\/strong><\/h4>\n<p>Ailton Barbosa Junior &#8211; &#8220;Tom&#8221;<\/p>\n<p><em>siape 2326785<\/em><\/p>\n<p>&nbsp;<\/p>\n<h4><strong>Contato<\/strong><\/h4>\n<p>Ramal: 2145<\/p>\n<p>E-mails: <em>ailton.barbosa@ufms.br<\/em><\/p>\n<p>&nbsp;<\/p>\n<hr \/>\n\n<!-- iframe plugin v.5.2 wordpress.org\/plugins\/iframe\/ -->\n<iframe src=\"https:\/\/calendar.google.com\/calendar\/embed?src=ailton.barbosa%40ufms.br&#038;ctz=America%2FCampo_Grande\" style=\"border: 0\" width=\"800\" height=\"600\" frameborder=\"0\" scrolling=\"no\" class=\"iframe-class\"><\/iframe>\n\n<p>&nbsp;","protected":false},"excerpt":{"rendered":"<p>O Setor de Audiovisual do CPAR \u00e9 respons\u00e1vel por montar e manejar os equipamentos de audiovisual utilizados no C\u00e2mpus, bem como atuar em\u00a0grava\u00e7\u00f5es, filmagens e registros fotogr\u00e1ficos nas mais diversas atividades da UFMS (ensino, pesquisa, extens\u00e3o, confer\u00eancias etc) &nbsp; &nbsp; &nbsp; Hor\u00e1rio de atendimento 13h \u00e0s 17h | 18h \u00e0s 22h &#8211; de segunda a [&hellip;]<\/p>\n","protected":false},"author":6362,"featured_media":5524,"parent":346,"menu_order":0,"comment_status":"closed","ping_status":"closed","template":"page-templates\/full-width.php","meta":{"footnotes":""},"coauthors":[371],"class_list":["post-5425","page","type-page","status-publish","has-post-thumbnail","hentry"],"yoast_head":"<!-- This site is optimized with the Yoast SEO plugin v26.2 - https:\/\/yoast.com\/wordpress\/plugins\/seo\/ -->\n<title>Audiovisual - CPAR - Campus de Parana\u00edba<\/title>\n<meta name=\"robots\" content=\"index, follow, max-snippet:-1, max-image-preview:large, max-video-preview:-1\" \/>\n<link rel=\"canonical\" href=\"https:\/\/cpar.ufms.br\/institucional\/audiovisual\/\" \/>\n<meta property=\"og:locale\" content=\"en_US\" \/>\n<meta property=\"og:type\" content=\"article\" \/>\n<meta property=\"og:title\" content=\"Audiovisual - CPAR - Campus de Parana\u00edba\" \/>\n<meta property=\"og:description\" content=\"O Setor de Audiovisual do CPAR \u00e9 respons\u00e1vel por montar e manejar os equipamentos de audiovisual utilizados no C\u00e2mpus, bem como atuar em\u00a0grava\u00e7\u00f5es, filmagens e registros fotogr\u00e1ficos nas mais diversas atividades da UFMS (ensino, pesquisa, extens\u00e3o, confer\u00eancias etc) &nbsp; &nbsp; &nbsp; Hor\u00e1rio de atendimento 13h \u00e0s 17h | 18h \u00e0s 22h &#8211; de segunda a [&hellip;]\" \/>\n<meta property=\"og:url\" content=\"https:\/\/cpar.ufms.br\/institucional\/audiovisual\/\" \/>\n<meta property=\"og:site_name\" content=\"CPAR - Campus de Parana\u00edba\" \/>\n<meta property=\"article:modified_time\" content=\"2026-04-02T15:06:10+00:00\" \/>\n<meta property=\"og:image\" content=\"https:\/\/cpar.ufms.br\/files\/2017\/08\/audiovisual-1.png\" \/>\n\t<meta property=\"og:image:width\" content=\"1000\" \/>\n\t<meta property=\"og:image:height\" content=\"241\" \/>\n\t<meta property=\"og:image:type\" content=\"image\/png\" \/>\n<meta name=\"twitter:label1\" content=\"Est. reading time\" \/>\n\t<meta name=\"twitter:data1\" content=\"1 minute\" \/>\n\t<meta name=\"twitter:label2\" content=\"Written by\" \/>\n\t<meta name=\"twitter:data2\" content=\"Ailton Junior\" \/>\n<script type=\"application\/ld+json\" class=\"yoast-schema-graph\">{\"@context\":\"https:\/\/schema.org\",\"@graph\":[{\"@type\":\"WebPage\",\"@id\":\"https:\/\/cpar.ufms.br\/institucional\/audiovisual\/\",\"url\":\"https:\/\/cpar.ufms.br\/institucional\/audiovisual\/\",\"name\":\"Audiovisual - CPAR - Campus de Parana\u00edba\",\"isPartOf\":{\"@id\":\"https:\/\/cpar.ufms.br\/#website\"},\"primaryImageOfPage\":{\"@id\":\"https:\/\/cpar.ufms.br\/institucional\/audiovisual\/#primaryimage\"},\"image\":{\"@id\":\"https:\/\/cpar.ufms.br\/institucional\/audiovisual\/#primaryimage\"},\"thumbnailUrl\":\"https:\/\/cpar.ufms.br\/files\/2017\/08\/audiovisual-1.png\",\"datePublished\":\"2018-03-12T11:55:44+00:00\",\"dateModified\":\"2026-04-02T15:06:10+00:00\",\"breadcrumb\":{\"@id\":\"https:\/\/cpar.ufms.br\/institucional\/audiovisual\/#breadcrumb\"},\"inLanguage\":\"en-US\",\"potentialAction\":[{\"@type\":\"ReadAction\",\"target\":[\"https:\/\/cpar.ufms.br\/institucional\/audiovisual\/\"]}]},{\"@type\":\"ImageObject\",\"inLanguage\":\"en-US\",\"@id\":\"https:\/\/cpar.ufms.br\/institucional\/audiovisual\/#primaryimage\",\"url\":\"https:\/\/cpar.ufms.br\/files\/2017\/08\/audiovisual-1.png\",\"contentUrl\":\"https:\/\/cpar.ufms.br\/files\/2017\/08\/audiovisual-1.png\",\"width\":1000,\"height\":241},{\"@type\":\"BreadcrumbList\",\"@id\":\"https:\/\/cpar.ufms.br\/institucional\/audiovisual\/#breadcrumb\",\"itemListElement\":[{\"@type\":\"ListItem\",\"position\":1,\"name\":\"In\u00edcio\",\"item\":\"https:\/\/cpar.ufms.br\/\"},{\"@type\":\"ListItem\",\"position\":2,\"name\":\"Institucional\",\"item\":\"https:\/\/cpar.ufms.br\/institucional\/\"},{\"@type\":\"ListItem\",\"position\":3,\"name\":\"Audiovisual\"}]},{\"@type\":\"WebSite\",\"@id\":\"https:\/\/cpar.ufms.br\/#website\",\"url\":\"https:\/\/cpar.ufms.br\/\",\"name\":\"CPAR - Campus de Parana\u00edba\",\"description\":\"Universidade Federal de Mato Grosso do Sul\",\"potentialAction\":[{\"@type\":\"SearchAction\",\"target\":{\"@type\":\"EntryPoint\",\"urlTemplate\":\"https:\/\/cpar.ufms.br\/?s={search_term_string}\"},\"query-input\":{\"@type\":\"PropertyValueSpecification\",\"valueRequired\":true,\"valueName\":\"search_term_string\"}}],\"inLanguage\":\"en-US\"}]}<\/script>\n<!-- \/ Yoast SEO plugin. -->","yoast_head_json":{"title":"Audiovisual - CPAR - Campus de Parana\u00edba","robots":{"index":"index","follow":"follow","max-snippet":"max-snippet:-1","max-image-preview":"max-image-preview:large","max-video-preview":"max-video-preview:-1"},"canonical":"https:\/\/cpar.ufms.br\/institucional\/audiovisual\/","og_locale":"en_US","og_type":"article","og_title":"Audiovisual - CPAR - Campus de Parana\u00edba","og_description":"O Setor de Audiovisual do CPAR \u00e9 respons\u00e1vel por montar e manejar os equipamentos de audiovisual utilizados no C\u00e2mpus, bem como atuar em\u00a0grava\u00e7\u00f5es, filmagens e registros fotogr\u00e1ficos nas mais diversas atividades da UFMS (ensino, pesquisa, extens\u00e3o, confer\u00eancias etc) &nbsp; &nbsp; &nbsp; Hor\u00e1rio de atendimento 13h \u00e0s 17h | 18h \u00e0s 22h &#8211; de segunda a [&hellip;]","og_url":"https:\/\/cpar.ufms.br\/institucional\/audiovisual\/","og_site_name":"CPAR - Campus de Parana\u00edba","article_modified_time":"2026-04-02T15:06:10+00:00","og_image":[{"width":1000,"height":241,"url":"https:\/\/cpar.ufms.br\/files\/2017\/08\/audiovisual-1.png","type":"image\/png"}],"twitter_misc":{"Est. reading time":"1 minute","Written by":"Ailton Junior"},"schema":{"@context":"https:\/\/schema.org","@graph":[{"@type":"WebPage","@id":"https:\/\/cpar.ufms.br\/institucional\/audiovisual\/","url":"https:\/\/cpar.ufms.br\/institucional\/audiovisual\/","name":"Audiovisual - CPAR - Campus de Parana\u00edba","isPartOf":{"@id":"https:\/\/cpar.ufms.br\/#website"},"primaryImageOfPage":{"@id":"https:\/\/cpar.ufms.br\/institucional\/audiovisual\/#primaryimage"},"image":{"@id":"https:\/\/cpar.ufms.br\/institucional\/audiovisual\/#primaryimage"},"thumbnailUrl":"https:\/\/cpar.ufms.br\/files\/2017\/08\/audiovisual-1.png","datePublished":"2018-03-12T11:55:44+00:00","dateModified":"2026-04-02T15:06:10+00:00","breadcrumb":{"@id":"https:\/\/cpar.ufms.br\/institucional\/audiovisual\/#breadcrumb"},"inLanguage":"en-US","potentialAction":[{"@type":"ReadAction","target":["https:\/\/cpar.ufms.br\/institucional\/audiovisual\/"]}]},{"@type":"ImageObject","inLanguage":"en-US","@id":"https:\/\/cpar.ufms.br\/institucional\/audiovisual\/#primaryimage","url":"https:\/\/cpar.ufms.br\/files\/2017\/08\/audiovisual-1.png","contentUrl":"https:\/\/cpar.ufms.br\/files\/2017\/08\/audiovisual-1.png","width":1000,"height":241},{"@type":"BreadcrumbList","@id":"https:\/\/cpar.ufms.br\/institucional\/audiovisual\/#breadcrumb","itemListElement":[{"@type":"ListItem","position":1,"name":"In\u00edcio","item":"https:\/\/cpar.ufms.br\/"},{"@type":"ListItem","position":2,"name":"Institucional","item":"https:\/\/cpar.ufms.br\/institucional\/"},{"@type":"ListItem","position":3,"name":"Audiovisual"}]},{"@type":"WebSite","@id":"https:\/\/cpar.ufms.br\/#website","url":"https:\/\/cpar.ufms.br\/","name":"CPAR - Campus de Parana\u00edba","description":"Universidade Federal de Mato Grosso do Sul","potentialAction":[{"@type":"SearchAction","target":{"@type":"EntryPoint","urlTemplate":"https:\/\/cpar.ufms.br\/?s={search_term_string}"},"query-input":{"@type":"PropertyValueSpecification","valueRequired":true,"valueName":"search_term_string"}}],"inLanguage":"en-US"}]}},"_links":{"self":[{"href":"https:\/\/cpar.ufms.br\/en\/wp-json\/wp\/v2\/pages\/5425","targetHints":{"allow":["GET"]}}],"collection":[{"href":"https:\/\/cpar.ufms.br\/en\/wp-json\/wp\/v2\/pages"}],"about":[{"href":"https:\/\/cpar.ufms.br\/en\/wp-json\/wp\/v2\/types\/page"}],"author":[{"embeddable":true,"href":"https:\/\/cpar.ufms.br\/en\/wp-json\/wp\/v2\/users\/6362"}],"replies":[{"embeddable":true,"href":"https:\/\/cpar.ufms.br\/en\/wp-json\/wp\/v2\/comments?post=5425"}],"version-history":[{"count":62,"href":"https:\/\/cpar.ufms.br\/en\/wp-json\/wp\/v2\/pages\/5425\/revisions"}],"predecessor-version":[{"id":17678,"href":"https:\/\/cpar.ufms.br\/en\/wp-json\/wp\/v2\/pages\/5425\/revisions\/17678"}],"up":[{"embeddable":true,"href":"https:\/\/cpar.ufms.br\/en\/wp-json\/wp\/v2\/pages\/346"}],"wp:featuredmedia":[{"embeddable":true,"href":"https:\/\/cpar.ufms.br\/en\/wp-json\/wp\/v2\/media\/5524"}],"wp:attachment":[{"href":"https:\/\/cpar.ufms.br\/en\/wp-json\/wp\/v2\/media?parent=5425"}],"wp:term":[{"taxonomy":"author","embeddable":true,"href":"https:\/\/cpar.ufms.br\/en\/wp-json\/wp\/v2\/coauthors?post=5425"}],"curies":[{"name":"wp","href":"https:\/\/api.w.org\/{rel}","templated":true}]}}