{"id":5930,"date":"2017-09-26T07:35:55","date_gmt":"2017-09-26T11:35:55","guid":{"rendered":"https:\/\/cpar.ufms.br\/?page_id=5930"},"modified":"2021-08-24T07:53:50","modified_gmt":"2021-08-24T11:53:50","slug":"posadm-contato","status":"publish","type":"page","link":"https:\/\/cpar.ufms.br\/en\/posadm-contato\/","title":{"rendered":"Contato"},"content":{"rendered":"<p><span style=\"color: #000000\">P\u00f3s-Gradua\u00e7\u00e3o <em>Lato Sensu <strong>MBA Gest\u00e3o Estrat\u00e9gica de Organiza\u00e7\u00f5es<\/strong><\/em><\/span><\/p>\n<p><span style=\"color: #000000\">C\u00e2mpus de Parana\u00edba &#8211; Universidade Federal de Mato Grosso do Sul<\/span><\/p>\n<p><span style=\"color: #000000\">Av. Pedro Pedrossian, 725 \u2013 Jd. Universit\u00e1rio<\/span><\/p>\n<p><span style=\"color: #000000\">Parana\u00edba \u2013 MS<\/span><\/p>\n<p><span style=\"color: #000000\">CEP 79.500-000<\/span><\/p>\n<p><span style=\"color: #000000\">Telefone: (67) 3669-0147<\/span><\/p>\n<p><span style=\"color: #000000\">e-mail: <a style=\"color: #000000\" href=\"mailto:posadm.cpar@ufms.br\">posadm.cpar@ufms.br<\/a><\/span><\/p>\n<div><strong data-uw-styling-context=\"true\">Niely Fernandes Silva &#8211; Secret\u00e1ria da p\u00f3s-gradua\u00e7\u00e3o<br \/>\n<\/strong><\/div>\n","protected":false},"excerpt":{"rendered":"<p>P\u00f3s-Gradua\u00e7\u00e3o Lato Sensu MBA Gest\u00e3o Estrat\u00e9gica de Organiza\u00e7\u00f5es C\u00e2mpus de Parana\u00edba &#8211; Universidade Federal de Mato Grosso do Sul Av. Pedro Pedrossian, 725 \u2013 Jd. Universit\u00e1rio Parana\u00edba \u2013 MS CEP 79.500-000 Telefone: (67) 3669-0147 e-mail: posadm.cpar@ufms.br Niely Fernandes Silva &#8211; Secret\u00e1ria da p\u00f3s-gradua\u00e7\u00e3o<\/p>\n","protected":false},"author":2862,"featured_media":0,"parent":0,"menu_order":0,"comment_status":"closed","ping_status":"closed","template":"","meta":{"footnotes":""},"coauthors":[],"class_list":["post-5930","page","type-page","status-publish","hentry"],"yoast_head":"<!-- This site is optimized with the Yoast SEO plugin v26.2 - https:\/\/yoast.com\/wordpress\/plugins\/seo\/ -->\n<title>Contato - CPAR - Campus de Parana\u00edba<\/title>\n<meta name=\"robots\" content=\"index, follow, max-snippet:-1, max-image-preview:large, max-video-preview:-1\" \/>\n<link rel=\"canonical\" href=\"https:\/\/cpar.ufms.br\/posadm-contato\/\" \/>\n<meta property=\"og:locale\" content=\"en_US\" \/>\n<meta property=\"og:type\" content=\"article\" \/>\n<meta property=\"og:title\" content=\"Contato - CPAR - Campus de Parana\u00edba\" \/>\n<meta property=\"og:description\" content=\"P\u00f3s-Gradua\u00e7\u00e3o Lato Sensu MBA Gest\u00e3o Estrat\u00e9gica de Organiza\u00e7\u00f5es C\u00e2mpus de Parana\u00edba &#8211; Universidade Federal de Mato Grosso do Sul Av. Pedro Pedrossian, 725 \u2013 Jd. Universit\u00e1rio Parana\u00edba \u2013 MS CEP 79.500-000 Telefone: (67) 3669-0147 e-mail: posadm.cpar@ufms.br Niely Fernandes Silva &#8211; Secret\u00e1ria da p\u00f3s-gradua\u00e7\u00e3o\" \/>\n<meta property=\"og:url\" content=\"https:\/\/cpar.ufms.br\/posadm-contato\/\" \/>\n<meta property=\"og:site_name\" content=\"CPAR - Campus de Parana\u00edba\" \/>\n<meta property=\"article:modified_time\" content=\"2021-08-24T11:53:50+00:00\" \/>\n<meta name=\"twitter:label1\" content=\"Est. reading time\" \/>\n\t<meta name=\"twitter:data1\" content=\"1 minute\" \/>\n\t<meta name=\"twitter:label2\" content=\"Written by\" \/>\n\t<meta name=\"twitter:data2\" content=\"leonardo.chaves\" \/>\n<script type=\"application\/ld+json\" class=\"yoast-schema-graph\">{\"@context\":\"https:\/\/schema.org\",\"@graph\":[{\"@type\":\"WebPage\",\"@id\":\"https:\/\/cpar.ufms.br\/posadm-contato\/\",\"url\":\"https:\/\/cpar.ufms.br\/posadm-contato\/\",\"name\":\"Contato - CPAR - Campus de Parana\u00edba\",\"isPartOf\":{\"@id\":\"https:\/\/cpar.ufms.br\/#website\"},\"datePublished\":\"2017-09-26T11:35:55+00:00\",\"dateModified\":\"2021-08-24T11:53:50+00:00\",\"breadcrumb\":{\"@id\":\"https:\/\/cpar.ufms.br\/posadm-contato\/#breadcrumb\"},\"inLanguage\":\"en-US\",\"potentialAction\":[{\"@type\":\"ReadAction\",\"target\":[\"https:\/\/cpar.ufms.br\/posadm-contato\/\"]}]},{\"@type\":\"BreadcrumbList\",\"@id\":\"https:\/\/cpar.ufms.br\/posadm-contato\/#breadcrumb\",\"itemListElement\":[{\"@type\":\"ListItem\",\"position\":1,\"name\":\"In\u00edcio\",\"item\":\"https:\/\/cpar.ufms.br\/\"},{\"@type\":\"ListItem\",\"position\":2,\"name\":\"Contato\"}]},{\"@type\":\"WebSite\",\"@id\":\"https:\/\/cpar.ufms.br\/#website\",\"url\":\"https:\/\/cpar.ufms.br\/\",\"name\":\"CPAR - Campus de Parana\u00edba\",\"description\":\"Universidade Federal de Mato Grosso do Sul\",\"potentialAction\":[{\"@type\":\"SearchAction\",\"target\":{\"@type\":\"EntryPoint\",\"urlTemplate\":\"https:\/\/cpar.ufms.br\/?s={search_term_string}\"},\"query-input\":{\"@type\":\"PropertyValueSpecification\",\"valueRequired\":true,\"valueName\":\"search_term_string\"}}],\"inLanguage\":\"en-US\"}]}<\/script>\n<!-- \/ Yoast SEO plugin. -->","yoast_head_json":{"title":"Contato - CPAR - Campus de Parana\u00edba","robots":{"index":"index","follow":"follow","max-snippet":"max-snippet:-1","max-image-preview":"max-image-preview:large","max-video-preview":"max-video-preview:-1"},"canonical":"https:\/\/cpar.ufms.br\/posadm-contato\/","og_locale":"en_US","og_type":"article","og_title":"Contato - CPAR - Campus de Parana\u00edba","og_description":"P\u00f3s-Gradua\u00e7\u00e3o Lato Sensu MBA Gest\u00e3o Estrat\u00e9gica de Organiza\u00e7\u00f5es C\u00e2mpus de Parana\u00edba &#8211; Universidade Federal de Mato Grosso do Sul Av. Pedro Pedrossian, 725 \u2013 Jd. Universit\u00e1rio Parana\u00edba \u2013 MS CEP 79.500-000 Telefone: (67) 3669-0147 e-mail: posadm.cpar@ufms.br Niely Fernandes Silva &#8211; Secret\u00e1ria da p\u00f3s-gradua\u00e7\u00e3o","og_url":"https:\/\/cpar.ufms.br\/posadm-contato\/","og_site_name":"CPAR - Campus de Parana\u00edba","article_modified_time":"2021-08-24T11:53:50+00:00","twitter_misc":{"Est. reading time":"1 minute","Written by":"leonardo.chaves"},"schema":{"@context":"https:\/\/schema.org","@graph":[{"@type":"WebPage","@id":"https:\/\/cpar.ufms.br\/posadm-contato\/","url":"https:\/\/cpar.ufms.br\/posadm-contato\/","name":"Contato - CPAR - Campus de Parana\u00edba","isPartOf":{"@id":"https:\/\/cpar.ufms.br\/#website"},"datePublished":"2017-09-26T11:35:55+00:00","dateModified":"2021-08-24T11:53:50+00:00","breadcrumb":{"@id":"https:\/\/cpar.ufms.br\/posadm-contato\/#breadcrumb"},"inLanguage":"en-US","potentialAction":[{"@type":"ReadAction","target":["https:\/\/cpar.ufms.br\/posadm-contato\/"]}]},{"@type":"BreadcrumbList","@id":"https:\/\/cpar.ufms.br\/posadm-contato\/#breadcrumb","itemListElement":[{"@type":"ListItem","position":1,"name":"In\u00edcio","item":"https:\/\/cpar.ufms.br\/"},{"@type":"ListItem","position":2,"name":"Contato"}]},{"@type":"WebSite","@id":"https:\/\/cpar.ufms.br\/#website","url":"https:\/\/cpar.ufms.br\/","name":"CPAR - Campus de Parana\u00edba","description":"Universidade Federal de Mato Grosso do Sul","potentialAction":[{"@type":"SearchAction","target":{"@type":"EntryPoint","urlTemplate":"https:\/\/cpar.ufms.br\/?s={search_term_string}"},"query-input":{"@type":"PropertyValueSpecification","valueRequired":true,"valueName":"search_term_string"}}],"inLanguage":"en-US"}]}},"_links":{"self":[{"href":"https:\/\/cpar.ufms.br\/en\/wp-json\/wp\/v2\/pages\/5930","targetHints":{"allow":["GET"]}}],"collection":[{"href":"https:\/\/cpar.ufms.br\/en\/wp-json\/wp\/v2\/pages"}],"about":[{"href":"https:\/\/cpar.ufms.br\/en\/wp-json\/wp\/v2\/types\/page"}],"author":[{"embeddable":true,"href":"https:\/\/cpar.ufms.br\/en\/wp-json\/wp\/v2\/users\/2862"}],"replies":[{"embeddable":true,"href":"https:\/\/cpar.ufms.br\/en\/wp-json\/wp\/v2\/comments?post=5930"}],"version-history":[{"count":7,"href":"https:\/\/cpar.ufms.br\/en\/wp-json\/wp\/v2\/pages\/5930\/revisions"}],"predecessor-version":[{"id":11999,"href":"https:\/\/cpar.ufms.br\/en\/wp-json\/wp\/v2\/pages\/5930\/revisions\/11999"}],"wp:attachment":[{"href":"https:\/\/cpar.ufms.br\/en\/wp-json\/wp\/v2\/media?parent=5930"}],"wp:term":[{"taxonomy":"author","embeddable":true,"href":"https:\/\/cpar.ufms.br\/en\/wp-json\/wp\/v2\/coauthors?post=5930"}],"curies":[{"name":"wp","href":"https:\/\/api.w.org\/{rel}","templated":true}]}}