{"id":5979,"date":"2017-09-28T19:54:16","date_gmt":"2017-09-28T23:54:16","guid":{"rendered":"https:\/\/cpar.ufms.br\/?page_id=5979"},"modified":"2026-04-06T15:00:46","modified_gmt":"2026-04-06T19:00:46","slug":"eduroam","status":"publish","type":"page","link":"https:\/\/cpar.ufms.br\/en\/eduroam\/","title":{"rendered":"CPAR disponibiliza a rede Wifi eduroam para servidores e estudantes"},"content":{"rendered":"A UFMS\/CPAR agora faz parte da rede\u00a0<strong>EDUROAM<\/strong>.<\/p>\n<p>Principal iniciativa da<strong>\u00a0RNP (Rede Nacional de Ensino e Pesquisa)<\/strong>\u00a0dedicada \u00e0 quest\u00e3o da mobilidade, o\u00a0<strong>eduroam (education roaming)<\/strong>\u00a0\u00e9 um servi\u00e7o desenvolvido para a comunidade internacional de educa\u00e7\u00e3o e pesquisa que oferece acesso sem fio \u00e0 internet sem a necessidade de m\u00faltiplos logins e senhas, de forma simples, r\u00e1pida e segura. Lan\u00e7ado no Brasil em\u00a0<strong>2012<\/strong>, disp\u00f5e de ampla cobertura internacional e re\u00fane institui\u00e7\u00f5es de mais de\u00a0<strong>60 pa\u00edses<\/strong>, unindo diversos usu\u00e1rios na troca de experi\u00eancias e conhecimento.<\/p>\n<p>Atrav\u00e9s de uma rede wi-fi de alta velocidade, estudantes, pesquisadores, professores e outros funcion\u00e1rios das institui\u00e7\u00f5es cadastradas podem se conectar \u00e0 internet dentro de seus campi e em qualquer localidade do mundo, desde que haja pontos de acesso. Basta ter o eduroam configurado em seu computador, celular ou tablet para detectar a rede sem fio de forma autom\u00e1tica, garantindo comodidade e uma experi\u00eancia de alta qualidade ao usu\u00e1rio.<\/p>\n<p>Para utilizar a rede eduroam basta possuir um dispositivo eletr\u00f4nico equipado com receptor Wifi e fazer o login com seu\u00a0<strong>passaporte UFMS<\/strong>.<\/p>\n<h4>A rede wifi eduroam est\u00e1 dispon\u00edvel para\u00a0<strong>servidores e acad\u00eamicos<\/strong>\u00a0do CPAR e servidores e acad\u00eamicos de qualquer institui\u00e7\u00e3o do mundo cadastrada no projeto. Voc\u00ea pode utilizar a eduroam em qualquer institui\u00e7\u00e3o cadastrada do mundo com seu usu\u00e1rio e senha do Passaporte UFMS.<\/h4>\n<p>Links importantes:<\/p>\n<p><a href=\"https:\/\/agetic.ufms.br\/rede-sem-fio-ufmsnet\/\">MANUAL da AGETIC para acesso \u00e0 eduroam com seu dispositivo<\/a><\/p>\n<p><a href=\"https:\/\/www.eduroam.org\/\">Eduroam.org<\/a><\/p>\n<p><a href=\"https:\/\/www.rnp.br\/servicos\/servicos-avancados\/eduroam\">RNP (Rede Nacional de Ensino e Pesquisa)\/Eduroam<\/a><\/p>\n<p><a href=\"https:\/\/passaporte.ufms.br\/#\/\">Passaporte UFMS<\/a><\/p>\n<p>Abaixo \u00e9 apresentado um mapa com todos os pontos de acesso dispon\u00edveis no globo. O Brasil possui\u00a0aproximadamente\u00a0<strong>1780<\/strong>\u00a0pontos de acesso. Acesse o mapa interativo dispon\u00edvel no site da RNP clicando\u00a0<a href=\"https:\/\/monitor.eduroam.org\/eduroam_map.php?type=all\">AQUI<\/a><\/p>\n<p><a href=\"https:\/\/cpar.ufms.br\/files\/2017\/09\/mapa-eduroam.png\"><img fetchpriority=\"high\" decoding=\"async\" class=\"aligncenter wp-image-5970\" src=\"https:\/\/cpar.ufms.br\/files\/2017\/09\/mapa-eduroam-300x244.png\" alt=\"\" width=\"444\" height=\"361\" \/><\/a><\/p>\n<p>Quaisquer d\u00favidas em rela\u00e7\u00e3o ao uso da internet sem fio ou ao Passaporte UFMS, entrar em contato com:<\/p>\n<p>Dirceu Lorenzi de Matos<\/p>\n<p>T\u00e9cnico em TI<\/p>\n<p>email :dirceu.matos@ufms.br<\/p>\n<p>Telefone: 3669-0130","protected":false},"excerpt":{"rendered":"<p>A UFMS\/CPAR agora faz parte da rede\u00a0EDUROAM. Principal iniciativa da\u00a0RNP (Rede Nacional de Ensino e Pesquisa)\u00a0dedicada \u00e0 quest\u00e3o da mobilidade, o\u00a0eduroam (education roaming)\u00a0\u00e9 um servi\u00e7o desenvolvido para a comunidade internacional de educa\u00e7\u00e3o e pesquisa que oferece acesso sem fio \u00e0 internet sem a necessidade de m\u00faltiplos logins e senhas, de forma simples, r\u00e1pida e segura. [&hellip;]<\/p>\n","protected":false},"author":1381,"featured_media":0,"parent":0,"menu_order":0,"comment_status":"closed","ping_status":"closed","template":"","meta":{"footnotes":""},"coauthors":[372],"class_list":["post-5979","page","type-page","status-publish","hentry"],"yoast_head":"<!-- This site is optimized with the Yoast SEO plugin v26.2 - https:\/\/yoast.com\/wordpress\/plugins\/seo\/ -->\n<title>CPAR disponibiliza a rede Wifi eduroam para servidores e estudantes - CPAR - Campus de Parana\u00edba<\/title>\n<meta name=\"robots\" content=\"index, follow, max-snippet:-1, max-image-preview:large, max-video-preview:-1\" \/>\n<link rel=\"canonical\" href=\"https:\/\/cpar.ufms.br\/eduroam\/\" \/>\n<meta property=\"og:locale\" content=\"en_US\" \/>\n<meta property=\"og:type\" content=\"article\" \/>\n<meta property=\"og:title\" content=\"[:pb]Internet EDUROAM[:en]CPAR disponibiliza a rede Wifi eduroam para servidores e estudantes[:] - CPAR - Campus de Parana\u00edba\" \/>\n<meta property=\"og:description\" content=\"A UFMS\/CPAR agora faz parte da rede\u00a0EDUROAM. Principal iniciativa da\u00a0RNP (Rede Nacional de Ensino e Pesquisa)\u00a0dedicada \u00e0 quest\u00e3o da mobilidade, o\u00a0eduroam (education roaming)\u00a0\u00e9 um servi\u00e7o desenvolvido para a comunidade internacional de educa\u00e7\u00e3o e pesquisa que oferece acesso sem fio \u00e0 internet sem a necessidade de m\u00faltiplos logins e senhas, de forma simples, r\u00e1pida e segura. [&hellip;]\" \/>\n<meta property=\"og:url\" content=\"https:\/\/cpar.ufms.br\/eduroam\/\" \/>\n<meta property=\"og:site_name\" content=\"CPAR - Campus de Parana\u00edba\" \/>\n<meta property=\"article:modified_time\" content=\"2026-04-06T19:00:46+00:00\" \/>\n<meta name=\"twitter:label1\" content=\"Est. reading time\" \/>\n\t<meta name=\"twitter:data1\" content=\"2 minutes\" \/>\n\t<meta name=\"twitter:label2\" content=\"Written by\" \/>\n\t<meta name=\"twitter:data2\" content=\"dirceu.matos\" \/>\n<script type=\"application\/ld+json\" class=\"yoast-schema-graph\">{\"@context\":\"https:\/\/schema.org\",\"@graph\":[{\"@type\":\"WebPage\",\"@id\":\"https:\/\/cpar.ufms.br\/eduroam\/\",\"url\":\"https:\/\/cpar.ufms.br\/eduroam\/\",\"name\":\"[:pb]Internet EDUROAM[:en]CPAR disponibiliza a rede Wifi eduroam para servidores e estudantes[:] - CPAR - Campus de Parana\u00edba\",\"isPartOf\":{\"@id\":\"https:\/\/cpar.ufms.br\/#website\"},\"primaryImageOfPage\":{\"@id\":\"https:\/\/cpar.ufms.br\/eduroam\/#primaryimage\"},\"image\":{\"@id\":\"https:\/\/cpar.ufms.br\/eduroam\/#primaryimage\"},\"thumbnailUrl\":\"https:\/\/cpar.ufms.br\/files\/2017\/09\/mapa-eduroam-300x244.png\",\"datePublished\":\"2017-09-28T23:54:16+00:00\",\"dateModified\":\"2026-04-06T19:00:46+00:00\",\"breadcrumb\":{\"@id\":\"https:\/\/cpar.ufms.br\/eduroam\/#breadcrumb\"},\"inLanguage\":\"en-US\",\"potentialAction\":[{\"@type\":\"ReadAction\",\"target\":[\"https:\/\/cpar.ufms.br\/eduroam\/\"]}]},{\"@type\":\"ImageObject\",\"inLanguage\":\"en-US\",\"@id\":\"https:\/\/cpar.ufms.br\/eduroam\/#primaryimage\",\"url\":\"https:\/\/cpar.ufms.br\/files\/2017\/09\/mapa-eduroam-300x244.png\",\"contentUrl\":\"https:\/\/cpar.ufms.br\/files\/2017\/09\/mapa-eduroam-300x244.png\"},{\"@type\":\"BreadcrumbList\",\"@id\":\"https:\/\/cpar.ufms.br\/eduroam\/#breadcrumb\",\"itemListElement\":[{\"@type\":\"ListItem\",\"position\":1,\"name\":\"In\u00edcio\",\"item\":\"https:\/\/cpar.ufms.br\/\"},{\"@type\":\"ListItem\",\"position\":2,\"name\":\"Internet EDUROAM\"}]},{\"@type\":\"WebSite\",\"@id\":\"https:\/\/cpar.ufms.br\/#website\",\"url\":\"https:\/\/cpar.ufms.br\/\",\"name\":\"CPAR - Campus de Parana\u00edba\",\"description\":\"Universidade Federal de Mato Grosso do Sul\",\"potentialAction\":[{\"@type\":\"SearchAction\",\"target\":{\"@type\":\"EntryPoint\",\"urlTemplate\":\"https:\/\/cpar.ufms.br\/?s={search_term_string}\"},\"query-input\":{\"@type\":\"PropertyValueSpecification\",\"valueRequired\":true,\"valueName\":\"search_term_string\"}}],\"inLanguage\":\"en-US\"}]}<\/script>\n<!-- \/ Yoast SEO plugin. -->","yoast_head_json":{"title":"[:pb]Internet EDUROAM[:en]CPAR disponibiliza a rede Wifi eduroam para servidores e estudantes[:] - CPAR - Campus de Parana\u00edba","robots":{"index":"index","follow":"follow","max-snippet":"max-snippet:-1","max-image-preview":"max-image-preview:large","max-video-preview":"max-video-preview:-1"},"canonical":"https:\/\/cpar.ufms.br\/eduroam\/","og_locale":"en_US","og_type":"article","og_title":"[:pb]Internet EDUROAM[:en]CPAR disponibiliza a rede Wifi eduroam para servidores e estudantes[:] - CPAR - Campus de Parana\u00edba","og_description":"A UFMS\/CPAR agora faz parte da rede\u00a0EDUROAM. Principal iniciativa da\u00a0RNP (Rede Nacional de Ensino e Pesquisa)\u00a0dedicada \u00e0 quest\u00e3o da mobilidade, o\u00a0eduroam (education roaming)\u00a0\u00e9 um servi\u00e7o desenvolvido para a comunidade internacional de educa\u00e7\u00e3o e pesquisa que oferece acesso sem fio \u00e0 internet sem a necessidade de m\u00faltiplos logins e senhas, de forma simples, r\u00e1pida e segura. [&hellip;]","og_url":"https:\/\/cpar.ufms.br\/eduroam\/","og_site_name":"CPAR - Campus de Parana\u00edba","article_modified_time":"2026-04-06T19:00:46+00:00","twitter_misc":{"Est. reading time":"2 minutes","Written by":"dirceu.matos"},"schema":{"@context":"https:\/\/schema.org","@graph":[{"@type":"WebPage","@id":"https:\/\/cpar.ufms.br\/eduroam\/","url":"https:\/\/cpar.ufms.br\/eduroam\/","name":"[:pb]Internet EDUROAM[:en]CPAR disponibiliza a rede Wifi eduroam para servidores e estudantes[:] - CPAR - Campus de Parana\u00edba","isPartOf":{"@id":"https:\/\/cpar.ufms.br\/#website"},"primaryImageOfPage":{"@id":"https:\/\/cpar.ufms.br\/eduroam\/#primaryimage"},"image":{"@id":"https:\/\/cpar.ufms.br\/eduroam\/#primaryimage"},"thumbnailUrl":"https:\/\/cpar.ufms.br\/files\/2017\/09\/mapa-eduroam-300x244.png","datePublished":"2017-09-28T23:54:16+00:00","dateModified":"2026-04-06T19:00:46+00:00","breadcrumb":{"@id":"https:\/\/cpar.ufms.br\/eduroam\/#breadcrumb"},"inLanguage":"en-US","potentialAction":[{"@type":"ReadAction","target":["https:\/\/cpar.ufms.br\/eduroam\/"]}]},{"@type":"ImageObject","inLanguage":"en-US","@id":"https:\/\/cpar.ufms.br\/eduroam\/#primaryimage","url":"https:\/\/cpar.ufms.br\/files\/2017\/09\/mapa-eduroam-300x244.png","contentUrl":"https:\/\/cpar.ufms.br\/files\/2017\/09\/mapa-eduroam-300x244.png"},{"@type":"BreadcrumbList","@id":"https:\/\/cpar.ufms.br\/eduroam\/#breadcrumb","itemListElement":[{"@type":"ListItem","position":1,"name":"In\u00edcio","item":"https:\/\/cpar.ufms.br\/"},{"@type":"ListItem","position":2,"name":"Internet EDUROAM"}]},{"@type":"WebSite","@id":"https:\/\/cpar.ufms.br\/#website","url":"https:\/\/cpar.ufms.br\/","name":"CPAR - Campus de Parana\u00edba","description":"Universidade Federal de Mato Grosso do Sul","potentialAction":[{"@type":"SearchAction","target":{"@type":"EntryPoint","urlTemplate":"https:\/\/cpar.ufms.br\/?s={search_term_string}"},"query-input":{"@type":"PropertyValueSpecification","valueRequired":true,"valueName":"search_term_string"}}],"inLanguage":"en-US"}]}},"_links":{"self":[{"href":"https:\/\/cpar.ufms.br\/en\/wp-json\/wp\/v2\/pages\/5979","targetHints":{"allow":["GET"]}}],"collection":[{"href":"https:\/\/cpar.ufms.br\/en\/wp-json\/wp\/v2\/pages"}],"about":[{"href":"https:\/\/cpar.ufms.br\/en\/wp-json\/wp\/v2\/types\/page"}],"author":[{"embeddable":true,"href":"https:\/\/cpar.ufms.br\/en\/wp-json\/wp\/v2\/users\/1381"}],"replies":[{"embeddable":true,"href":"https:\/\/cpar.ufms.br\/en\/wp-json\/wp\/v2\/comments?post=5979"}],"version-history":[{"count":3,"href":"https:\/\/cpar.ufms.br\/en\/wp-json\/wp\/v2\/pages\/5979\/revisions"}],"predecessor-version":[{"id":17684,"href":"https:\/\/cpar.ufms.br\/en\/wp-json\/wp\/v2\/pages\/5979\/revisions\/17684"}],"wp:attachment":[{"href":"https:\/\/cpar.ufms.br\/en\/wp-json\/wp\/v2\/media?parent=5979"}],"wp:term":[{"taxonomy":"author","embeddable":true,"href":"https:\/\/cpar.ufms.br\/en\/wp-json\/wp\/v2\/coauthors?post=5979"}],"curies":[{"name":"wp","href":"https:\/\/api.w.org\/{rel}","templated":true}]}}