{"id":611,"date":"2014-09-12T15:44:59","date_gmt":"2014-09-12T19:44:59","guid":{"rendered":"http:\/\/cpar.draconis.ufms.br\/?page_id=611"},"modified":"2021-08-17T17:32:07","modified_gmt":"2021-08-17T21:32:07","slug":"academico","status":"publish","type":"page","link":"https:\/\/cpar.ufms.br\/en\/academico\/","title":{"rendered":"Acad\u00eamico"},"content":{"rendered":"<p><strong>Hor\u00e1rio de atendimento da Secretaria Acad\u00eamica:\u00a0<\/strong><\/p>\n<p>07:00 \u00e0s 11:00 (presencial)<br \/>\n13:00\u00a0\u00e0s 17:00 (remoto)<\/p>\n<p>Obs.:\u00a0hor\u00e1rios sujeitos a altera\u00e7\u00f5es.<\/p>\n<p><strong><i><br \/>\nT<\/i>elefone e Whatsapp:<\/strong><em>\u00a0(67) 3669 0100<br \/>\n<b>Email:<\/b>\u00a0<a href=\"mailto:secac.cpar@ufms.br\" target=\"_blank\" rel=\"noopener\">secac.cpar@ufms.br<\/a><\/em><\/p>\n<p>&nbsp;<\/p>\n<p><a href=\"https:\/\/prograd.ufms.br\/files\/2020\/10\/RES-COUN-n-60-Calendario-Academico-2021.pdf\"><strong>Calend\u00e1rio Acad\u00eamico do ano de 2021<\/strong><\/a><\/p>\n<p><strong><a href=\"https:\/\/prograd.ufms.br\/requerimento-academico\/\">Requerimento Acad\u00eamico\u00a0<\/a><br \/>\n<\/strong><br \/>\n<strong><a href=\"https:\/\/prograd.ufms.br\/legislacao\/normas\/\">Legisla\u00e7\u00f5es Atualizadas\u00a0<\/a><\/strong><span style=\"color: #38761d\"><br \/>\n<\/span><\/p>\n<p>&nbsp;<\/p>\n<p>&nbsp;<\/p>\n","protected":false},"excerpt":{"rendered":"<p>Hor\u00e1rio de atendimento da Secretaria Acad\u00eamica:\u00a0 07:00 \u00e0s 11:00 (presencial) 13:00\u00a0\u00e0s 17:00 (remoto) Obs.:\u00a0hor\u00e1rios sujeitos a altera\u00e7\u00f5es. Telefone e Whatsapp:\u00a0(67) 3669 0100 Email:\u00a0secac.cpar@ufms.br &nbsp; Calend\u00e1rio Acad\u00eamico do ano de 2021 Requerimento Acad\u00eamico\u00a0 Legisla\u00e7\u00f5es Atualizadas\u00a0 &nbsp; &nbsp;<\/p>\n","protected":false},"author":1381,"featured_media":0,"parent":0,"menu_order":0,"comment_status":"closed","ping_status":"open","template":"","meta":{"footnotes":""},"coauthors":[],"class_list":["post-611","page","type-page","status-publish","hentry"],"yoast_head":"<!-- This site is optimized with the Yoast SEO plugin v26.2 - https:\/\/yoast.com\/wordpress\/plugins\/seo\/ -->\n<title>Acad\u00eamico - CPAR - Campus de Parana\u00edba<\/title>\n<meta name=\"robots\" content=\"index, follow, max-snippet:-1, max-image-preview:large, max-video-preview:-1\" \/>\n<link rel=\"canonical\" href=\"https:\/\/cpar.ufms.br\/academico\/\" \/>\n<meta property=\"og:locale\" content=\"en_US\" \/>\n<meta property=\"og:type\" content=\"article\" \/>\n<meta property=\"og:title\" content=\"Acad\u00eamico - CPAR - Campus de Parana\u00edba\" \/>\n<meta property=\"og:description\" content=\"Hor\u00e1rio de atendimento da Secretaria Acad\u00eamica:\u00a0 07:00 \u00e0s 11:00 (presencial) 13:00\u00a0\u00e0s 17:00 (remoto) Obs.:\u00a0hor\u00e1rios sujeitos a altera\u00e7\u00f5es. Telefone e Whatsapp:\u00a0(67) 3669 0100 Email:\u00a0secac.cpar@ufms.br &nbsp; Calend\u00e1rio Acad\u00eamico do ano de 2021 Requerimento Acad\u00eamico\u00a0 Legisla\u00e7\u00f5es Atualizadas\u00a0 &nbsp; &nbsp;\" \/>\n<meta property=\"og:url\" content=\"https:\/\/cpar.ufms.br\/academico\/\" \/>\n<meta property=\"og:site_name\" content=\"CPAR - Campus de Parana\u00edba\" \/>\n<meta property=\"article:modified_time\" content=\"2021-08-17T21:32:07+00:00\" \/>\n<meta name=\"twitter:label1\" content=\"Est. reading time\" \/>\n\t<meta name=\"twitter:data1\" content=\"1 minute\" \/>\n\t<meta name=\"twitter:label2\" content=\"Written by\" \/>\n\t<meta name=\"twitter:data2\" content=\"dirceu.matos\" \/>\n<script type=\"application\/ld+json\" class=\"yoast-schema-graph\">{\"@context\":\"https:\/\/schema.org\",\"@graph\":[{\"@type\":\"WebPage\",\"@id\":\"https:\/\/cpar.ufms.br\/academico\/\",\"url\":\"https:\/\/cpar.ufms.br\/academico\/\",\"name\":\"Acad\u00eamico - CPAR - Campus de Parana\u00edba\",\"isPartOf\":{\"@id\":\"https:\/\/cpar.ufms.br\/#website\"},\"datePublished\":\"2014-09-12T19:44:59+00:00\",\"dateModified\":\"2021-08-17T21:32:07+00:00\",\"breadcrumb\":{\"@id\":\"https:\/\/cpar.ufms.br\/academico\/#breadcrumb\"},\"inLanguage\":\"en-US\",\"potentialAction\":[{\"@type\":\"ReadAction\",\"target\":[\"https:\/\/cpar.ufms.br\/academico\/\"]}]},{\"@type\":\"BreadcrumbList\",\"@id\":\"https:\/\/cpar.ufms.br\/academico\/#breadcrumb\",\"itemListElement\":[{\"@type\":\"ListItem\",\"position\":1,\"name\":\"In\u00edcio\",\"item\":\"https:\/\/cpar.ufms.br\/\"},{\"@type\":\"ListItem\",\"position\":2,\"name\":\"Acad\u00eamico\"}]},{\"@type\":\"WebSite\",\"@id\":\"https:\/\/cpar.ufms.br\/#website\",\"url\":\"https:\/\/cpar.ufms.br\/\",\"name\":\"CPAR - Campus de Parana\u00edba\",\"description\":\"Universidade Federal de Mato Grosso do Sul\",\"potentialAction\":[{\"@type\":\"SearchAction\",\"target\":{\"@type\":\"EntryPoint\",\"urlTemplate\":\"https:\/\/cpar.ufms.br\/?s={search_term_string}\"},\"query-input\":{\"@type\":\"PropertyValueSpecification\",\"valueRequired\":true,\"valueName\":\"search_term_string\"}}],\"inLanguage\":\"en-US\"}]}<\/script>\n<!-- \/ Yoast SEO plugin. -->","yoast_head_json":{"title":"Acad\u00eamico - CPAR - Campus de Parana\u00edba","robots":{"index":"index","follow":"follow","max-snippet":"max-snippet:-1","max-image-preview":"max-image-preview:large","max-video-preview":"max-video-preview:-1"},"canonical":"https:\/\/cpar.ufms.br\/academico\/","og_locale":"en_US","og_type":"article","og_title":"Acad\u00eamico - CPAR - Campus de Parana\u00edba","og_description":"Hor\u00e1rio de atendimento da Secretaria Acad\u00eamica:\u00a0 07:00 \u00e0s 11:00 (presencial) 13:00\u00a0\u00e0s 17:00 (remoto) Obs.:\u00a0hor\u00e1rios sujeitos a altera\u00e7\u00f5es. Telefone e Whatsapp:\u00a0(67) 3669 0100 Email:\u00a0secac.cpar@ufms.br &nbsp; Calend\u00e1rio Acad\u00eamico do ano de 2021 Requerimento Acad\u00eamico\u00a0 Legisla\u00e7\u00f5es Atualizadas\u00a0 &nbsp; &nbsp;","og_url":"https:\/\/cpar.ufms.br\/academico\/","og_site_name":"CPAR - Campus de Parana\u00edba","article_modified_time":"2021-08-17T21:32:07+00:00","twitter_misc":{"Est. reading time":"1 minute","Written by":"dirceu.matos"},"schema":{"@context":"https:\/\/schema.org","@graph":[{"@type":"WebPage","@id":"https:\/\/cpar.ufms.br\/academico\/","url":"https:\/\/cpar.ufms.br\/academico\/","name":"Acad\u00eamico - CPAR - Campus de Parana\u00edba","isPartOf":{"@id":"https:\/\/cpar.ufms.br\/#website"},"datePublished":"2014-09-12T19:44:59+00:00","dateModified":"2021-08-17T21:32:07+00:00","breadcrumb":{"@id":"https:\/\/cpar.ufms.br\/academico\/#breadcrumb"},"inLanguage":"en-US","potentialAction":[{"@type":"ReadAction","target":["https:\/\/cpar.ufms.br\/academico\/"]}]},{"@type":"BreadcrumbList","@id":"https:\/\/cpar.ufms.br\/academico\/#breadcrumb","itemListElement":[{"@type":"ListItem","position":1,"name":"In\u00edcio","item":"https:\/\/cpar.ufms.br\/"},{"@type":"ListItem","position":2,"name":"Acad\u00eamico"}]},{"@type":"WebSite","@id":"https:\/\/cpar.ufms.br\/#website","url":"https:\/\/cpar.ufms.br\/","name":"CPAR - Campus de Parana\u00edba","description":"Universidade Federal de Mato Grosso do Sul","potentialAction":[{"@type":"SearchAction","target":{"@type":"EntryPoint","urlTemplate":"https:\/\/cpar.ufms.br\/?s={search_term_string}"},"query-input":{"@type":"PropertyValueSpecification","valueRequired":true,"valueName":"search_term_string"}}],"inLanguage":"en-US"}]}},"_links":{"self":[{"href":"https:\/\/cpar.ufms.br\/en\/wp-json\/wp\/v2\/pages\/611","targetHints":{"allow":["GET"]}}],"collection":[{"href":"https:\/\/cpar.ufms.br\/en\/wp-json\/wp\/v2\/pages"}],"about":[{"href":"https:\/\/cpar.ufms.br\/en\/wp-json\/wp\/v2\/types\/page"}],"author":[{"embeddable":true,"href":"https:\/\/cpar.ufms.br\/en\/wp-json\/wp\/v2\/users\/1381"}],"replies":[{"embeddable":true,"href":"https:\/\/cpar.ufms.br\/en\/wp-json\/wp\/v2\/comments?post=611"}],"version-history":[{"count":14,"href":"https:\/\/cpar.ufms.br\/en\/wp-json\/wp\/v2\/pages\/611\/revisions"}],"predecessor-version":[{"id":11933,"href":"https:\/\/cpar.ufms.br\/en\/wp-json\/wp\/v2\/pages\/611\/revisions\/11933"}],"wp:attachment":[{"href":"https:\/\/cpar.ufms.br\/en\/wp-json\/wp\/v2\/media?parent=611"}],"wp:term":[{"taxonomy":"author","embeddable":true,"href":"https:\/\/cpar.ufms.br\/en\/wp-json\/wp\/v2\/coauthors?post=611"}],"curies":[{"name":"wp","href":"https:\/\/api.w.org\/{rel}","templated":true}]}}