{"id":6172,"date":"2017-11-16T14:23:37","date_gmt":"2017-11-16T18:23:37","guid":{"rendered":"https:\/\/cpar.ufms.br\/?page_id=6172"},"modified":"2023-12-04T14:17:12","modified_gmt":"2023-12-04T18:17:12","slug":"lista-telefonica-do-campus","status":"publish","type":"page","link":"https:\/\/cpar.ufms.br\/en\/institucional\/lista-telefonica-do-campus\/","title":{"rendered":"Lista telef\u00f4nica do c\u00e2mpus"},"content":{"rendered":"<p>Para acessar a lista completa de telefones de toda a Universidade Federal de Mato Grosso do Sul acesse:\u00a0<a href=\"https:\/\/sistemas.ufms.br\/index.php?page=telefones#\">Telefones e Ramais &#8211; UFMS<\/a><\/p>\n<p><a href=\"https:\/\/cpar.ufms.br\/files\/2023\/12\/tabela-de-ramais-externos.jpg\"><img fetchpriority=\"high\" decoding=\"async\" class=\"aligncenter size-full wp-image-15686\" src=\"https:\/\/cpar.ufms.br\/files\/2023\/12\/tabela-de-ramais-externos.jpg\" alt=\"\" width=\"532\" height=\"702\" srcset=\"https:\/\/cpar.ufms.br\/files\/2023\/12\/tabela-de-ramais-externos.jpg 532w, https:\/\/cpar.ufms.br\/files\/2023\/12\/tabela-de-ramais-externos-227x300.jpg 227w, https:\/\/cpar.ufms.br\/files\/2023\/12\/tabela-de-ramais-externos-243x320.jpg 243w\" sizes=\"(max-width: 532px) 100vw, 532px\" \/><\/a><\/p>\n","protected":false},"excerpt":{"rendered":"<p>Para acessar a lista completa de telefones de toda a Universidade Federal de Mato Grosso do Sul acesse:\u00a0Telefones e Ramais &#8211; UFMS<\/p>\n","protected":false},"author":6362,"featured_media":0,"parent":346,"menu_order":0,"comment_status":"closed","ping_status":"closed","template":"","meta":{"footnotes":""},"coauthors":[],"class_list":["post-6172","page","type-page","status-publish","hentry"],"yoast_head":"<!-- This site is optimized with the Yoast SEO plugin v26.2 - https:\/\/yoast.com\/wordpress\/plugins\/seo\/ -->\n<title>Lista telef\u00f4nica do c\u00e2mpus - CPAR - Campus de Parana\u00edba<\/title>\n<meta name=\"robots\" content=\"index, follow, max-snippet:-1, max-image-preview:large, max-video-preview:-1\" \/>\n<link rel=\"canonical\" href=\"https:\/\/cpar.ufms.br\/institucional\/lista-telefonica-do-campus\/\" \/>\n<meta property=\"og:locale\" content=\"en_US\" \/>\n<meta property=\"og:type\" content=\"article\" \/>\n<meta property=\"og:title\" content=\"Lista telef\u00f4nica do c\u00e2mpus - CPAR - Campus de Parana\u00edba\" \/>\n<meta property=\"og:description\" content=\"Para acessar a lista completa de telefones de toda a Universidade Federal de Mato Grosso do Sul acesse:\u00a0Telefones e Ramais &#8211; UFMS\" \/>\n<meta property=\"og:url\" content=\"https:\/\/cpar.ufms.br\/institucional\/lista-telefonica-do-campus\/\" \/>\n<meta property=\"og:site_name\" content=\"CPAR - Campus de Parana\u00edba\" \/>\n<meta property=\"article:modified_time\" content=\"2023-12-04T18:17:12+00:00\" \/>\n<meta property=\"og:image\" content=\"https:\/\/cpar.ufms.br\/files\/2023\/12\/tabela-de-ramais-externos.jpg\" \/>\n<meta name=\"twitter:label1\" content=\"Est. reading time\" \/>\n\t<meta name=\"twitter:data1\" content=\"1 minute\" \/>\n\t<meta name=\"twitter:label2\" content=\"Written by\" \/>\n\t<meta name=\"twitter:data2\" content=\"Ailton Junior\" \/>\n<script type=\"application\/ld+json\" class=\"yoast-schema-graph\">{\"@context\":\"https:\/\/schema.org\",\"@graph\":[{\"@type\":\"WebPage\",\"@id\":\"https:\/\/cpar.ufms.br\/institucional\/lista-telefonica-do-campus\/\",\"url\":\"https:\/\/cpar.ufms.br\/institucional\/lista-telefonica-do-campus\/\",\"name\":\"Lista telef\u00f4nica do c\u00e2mpus - CPAR - Campus de Parana\u00edba\",\"isPartOf\":{\"@id\":\"https:\/\/cpar.ufms.br\/#website\"},\"primaryImageOfPage\":{\"@id\":\"https:\/\/cpar.ufms.br\/institucional\/lista-telefonica-do-campus\/#primaryimage\"},\"image\":{\"@id\":\"https:\/\/cpar.ufms.br\/institucional\/lista-telefonica-do-campus\/#primaryimage\"},\"thumbnailUrl\":\"https:\/\/cpar.ufms.br\/files\/2023\/12\/tabela-de-ramais-externos.jpg\",\"datePublished\":\"2017-11-16T18:23:37+00:00\",\"dateModified\":\"2023-12-04T18:17:12+00:00\",\"breadcrumb\":{\"@id\":\"https:\/\/cpar.ufms.br\/institucional\/lista-telefonica-do-campus\/#breadcrumb\"},\"inLanguage\":\"en-US\",\"potentialAction\":[{\"@type\":\"ReadAction\",\"target\":[\"https:\/\/cpar.ufms.br\/institucional\/lista-telefonica-do-campus\/\"]}]},{\"@type\":\"ImageObject\",\"inLanguage\":\"en-US\",\"@id\":\"https:\/\/cpar.ufms.br\/institucional\/lista-telefonica-do-campus\/#primaryimage\",\"url\":\"https:\/\/cpar.ufms.br\/files\/2023\/12\/tabela-de-ramais-externos.jpg\",\"contentUrl\":\"https:\/\/cpar.ufms.br\/files\/2023\/12\/tabela-de-ramais-externos.jpg\"},{\"@type\":\"BreadcrumbList\",\"@id\":\"https:\/\/cpar.ufms.br\/institucional\/lista-telefonica-do-campus\/#breadcrumb\",\"itemListElement\":[{\"@type\":\"ListItem\",\"position\":1,\"name\":\"In\u00edcio\",\"item\":\"https:\/\/cpar.ufms.br\/\"},{\"@type\":\"ListItem\",\"position\":2,\"name\":\"Institucional\",\"item\":\"https:\/\/cpar.ufms.br\/institucional\/\"},{\"@type\":\"ListItem\",\"position\":3,\"name\":\"Lista telef\u00f4nica do c\u00e2mpus\"}]},{\"@type\":\"WebSite\",\"@id\":\"https:\/\/cpar.ufms.br\/#website\",\"url\":\"https:\/\/cpar.ufms.br\/\",\"name\":\"CPAR - Campus de Parana\u00edba\",\"description\":\"Universidade Federal de Mato Grosso do Sul\",\"potentialAction\":[{\"@type\":\"SearchAction\",\"target\":{\"@type\":\"EntryPoint\",\"urlTemplate\":\"https:\/\/cpar.ufms.br\/?s={search_term_string}\"},\"query-input\":{\"@type\":\"PropertyValueSpecification\",\"valueRequired\":true,\"valueName\":\"search_term_string\"}}],\"inLanguage\":\"en-US\"}]}<\/script>\n<!-- \/ Yoast SEO plugin. -->","yoast_head_json":{"title":"Lista telef\u00f4nica do c\u00e2mpus - CPAR - Campus de Parana\u00edba","robots":{"index":"index","follow":"follow","max-snippet":"max-snippet:-1","max-image-preview":"max-image-preview:large","max-video-preview":"max-video-preview:-1"},"canonical":"https:\/\/cpar.ufms.br\/institucional\/lista-telefonica-do-campus\/","og_locale":"en_US","og_type":"article","og_title":"Lista telef\u00f4nica do c\u00e2mpus - CPAR - Campus de Parana\u00edba","og_description":"Para acessar a lista completa de telefones de toda a Universidade Federal de Mato Grosso do Sul acesse:\u00a0Telefones e Ramais &#8211; UFMS","og_url":"https:\/\/cpar.ufms.br\/institucional\/lista-telefonica-do-campus\/","og_site_name":"CPAR - Campus de Parana\u00edba","article_modified_time":"2023-12-04T18:17:12+00:00","og_image":[{"url":"https:\/\/cpar.ufms.br\/files\/2023\/12\/tabela-de-ramais-externos.jpg","type":"","width":"","height":""}],"twitter_misc":{"Est. reading time":"1 minute","Written by":"Ailton Junior"},"schema":{"@context":"https:\/\/schema.org","@graph":[{"@type":"WebPage","@id":"https:\/\/cpar.ufms.br\/institucional\/lista-telefonica-do-campus\/","url":"https:\/\/cpar.ufms.br\/institucional\/lista-telefonica-do-campus\/","name":"Lista telef\u00f4nica do c\u00e2mpus - CPAR - Campus de Parana\u00edba","isPartOf":{"@id":"https:\/\/cpar.ufms.br\/#website"},"primaryImageOfPage":{"@id":"https:\/\/cpar.ufms.br\/institucional\/lista-telefonica-do-campus\/#primaryimage"},"image":{"@id":"https:\/\/cpar.ufms.br\/institucional\/lista-telefonica-do-campus\/#primaryimage"},"thumbnailUrl":"https:\/\/cpar.ufms.br\/files\/2023\/12\/tabela-de-ramais-externos.jpg","datePublished":"2017-11-16T18:23:37+00:00","dateModified":"2023-12-04T18:17:12+00:00","breadcrumb":{"@id":"https:\/\/cpar.ufms.br\/institucional\/lista-telefonica-do-campus\/#breadcrumb"},"inLanguage":"en-US","potentialAction":[{"@type":"ReadAction","target":["https:\/\/cpar.ufms.br\/institucional\/lista-telefonica-do-campus\/"]}]},{"@type":"ImageObject","inLanguage":"en-US","@id":"https:\/\/cpar.ufms.br\/institucional\/lista-telefonica-do-campus\/#primaryimage","url":"https:\/\/cpar.ufms.br\/files\/2023\/12\/tabela-de-ramais-externos.jpg","contentUrl":"https:\/\/cpar.ufms.br\/files\/2023\/12\/tabela-de-ramais-externos.jpg"},{"@type":"BreadcrumbList","@id":"https:\/\/cpar.ufms.br\/institucional\/lista-telefonica-do-campus\/#breadcrumb","itemListElement":[{"@type":"ListItem","position":1,"name":"In\u00edcio","item":"https:\/\/cpar.ufms.br\/"},{"@type":"ListItem","position":2,"name":"Institucional","item":"https:\/\/cpar.ufms.br\/institucional\/"},{"@type":"ListItem","position":3,"name":"Lista telef\u00f4nica do c\u00e2mpus"}]},{"@type":"WebSite","@id":"https:\/\/cpar.ufms.br\/#website","url":"https:\/\/cpar.ufms.br\/","name":"CPAR - Campus de Parana\u00edba","description":"Universidade Federal de Mato Grosso do Sul","potentialAction":[{"@type":"SearchAction","target":{"@type":"EntryPoint","urlTemplate":"https:\/\/cpar.ufms.br\/?s={search_term_string}"},"query-input":{"@type":"PropertyValueSpecification","valueRequired":true,"valueName":"search_term_string"}}],"inLanguage":"en-US"}]}},"_links":{"self":[{"href":"https:\/\/cpar.ufms.br\/en\/wp-json\/wp\/v2\/pages\/6172","targetHints":{"allow":["GET"]}}],"collection":[{"href":"https:\/\/cpar.ufms.br\/en\/wp-json\/wp\/v2\/pages"}],"about":[{"href":"https:\/\/cpar.ufms.br\/en\/wp-json\/wp\/v2\/types\/page"}],"author":[{"embeddable":true,"href":"https:\/\/cpar.ufms.br\/en\/wp-json\/wp\/v2\/users\/6362"}],"replies":[{"embeddable":true,"href":"https:\/\/cpar.ufms.br\/en\/wp-json\/wp\/v2\/comments?post=6172"}],"version-history":[{"count":15,"href":"https:\/\/cpar.ufms.br\/en\/wp-json\/wp\/v2\/pages\/6172\/revisions"}],"predecessor-version":[{"id":15687,"href":"https:\/\/cpar.ufms.br\/en\/wp-json\/wp\/v2\/pages\/6172\/revisions\/15687"}],"up":[{"embeddable":true,"href":"https:\/\/cpar.ufms.br\/en\/wp-json\/wp\/v2\/pages\/346"}],"wp:attachment":[{"href":"https:\/\/cpar.ufms.br\/en\/wp-json\/wp\/v2\/media?parent=6172"}],"wp:term":[{"taxonomy":"author","embeddable":true,"href":"https:\/\/cpar.ufms.br\/en\/wp-json\/wp\/v2\/coauthors?post=6172"}],"curies":[{"name":"wp","href":"https:\/\/api.w.org\/{rel}","templated":true}]}}