{"id":63,"date":"2013-02-23T16:04:05","date_gmt":"2013-02-23T20:04:05","guid":{"rendered":"http:\/\/cpar.draconis.ufms.br\/?page_id=63"},"modified":"2026-03-04T15:04:50","modified_gmt":"2026-03-04T19:04:50","slug":"matematica-licenciatura","status":"publish","type":"page","link":"https:\/\/cpar.ufms.br\/en\/graduacao\/matematica-licenciatura\/","title":{"rendered":"Matem\u00e1tica"},"content":{"rendered":"<p><strong>Coordenador: <\/strong><strong><a title=\"Prof. Dr. Raildo Santos de Lima\" href=\"https:\/\/cpar.ufms.br\/graduacao\/matematica-licenciatura\/prof-me-raildo-santos-de-lima\/\"><em>Prof. Dr. Raildo Santos Lima<\/em><\/a><\/strong><br \/>\n<strong>Substituto:<\/strong> <em><strong><a href=\"https:\/\/cpar.ufms.br\/graduacao\/matematica-licenciatura\/prof-dr-a-tatiana-bertoldi-carlos\/\" target=\"_blank\" rel=\"noopener\">Prof\u00aa. Dr\u00aa. Tatiana Bertoldi Carlos<\/a><\/strong><\/em><\/p>\n<p>Tel: (67)3669 &#8211; 0149<br \/>\nE-mail: <a href=\"mailto:mat.cpar@ufms.br\"><strong>mat.cpar@ufms.br<\/strong><\/a><\/p>\n<p>Plano de A\u00e7\u00e3o da Coordena\u00e7\u00e3o &#8211; 2026\/2027<br \/>\n<img fetchpriority=\"high\" decoding=\"async\" class=\"alignnone wp-image-15593 aligncenter\" src=\"https:\/\/cpar.ufms.br\/files\/2023\/10\/Guia_Estudante-236x300.png\" alt=\"\" width=\"399\" height=\"507\" srcset=\"https:\/\/cpar.ufms.br\/files\/2023\/10\/Guia_Estudante-236x300.png 236w, https:\/\/cpar.ufms.br\/files\/2023\/10\/Guia_Estudante-806x1024.png 806w, https:\/\/cpar.ufms.br\/files\/2023\/10\/Guia_Estudante-768x976.png 768w, https:\/\/cpar.ufms.br\/files\/2023\/10\/Guia_Estudante-252x320.png 252w, https:\/\/cpar.ufms.br\/files\/2023\/10\/Guia_Estudante.png 1024w\" sizes=\"(max-width: 399px) 100vw, 399px\" \/><\/p>\n","protected":false},"excerpt":{"rendered":"<p>Coordenador: Prof. Dr. Raildo Santos Lima Substituto: Prof\u00aa. Dr\u00aa. Tatiana Bertoldi Carlos Tel: (67)3669 &#8211; 0149 E-mail: mat.cpar@ufms.br Plano de A\u00e7\u00e3o da Coordena\u00e7\u00e3o &#8211; 2026\/2027<\/p>\n","protected":false},"author":1381,"featured_media":1327,"parent":1211,"menu_order":0,"comment_status":"closed","ping_status":"closed","template":"page-templates\/page-coordenadorias.php","meta":{"footnotes":""},"coauthors":[372],"class_list":["post-63","page","type-page","status-publish","has-post-thumbnail","hentry"],"yoast_head":"<!-- This site is optimized with the Yoast SEO plugin v26.2 - https:\/\/yoast.com\/wordpress\/plugins\/seo\/ -->\n<title>Matem\u00e1tica - CPAR - Campus de Parana\u00edba<\/title>\n<meta name=\"robots\" content=\"index, follow, max-snippet:-1, max-image-preview:large, max-video-preview:-1\" \/>\n<link rel=\"canonical\" href=\"https:\/\/cpar.ufms.br\/graduacao\/matematica-licenciatura\/\" \/>\n<meta property=\"og:locale\" content=\"en_US\" \/>\n<meta property=\"og:type\" content=\"article\" \/>\n<meta property=\"og:title\" content=\"Matem\u00e1tica - CPAR - Campus de Parana\u00edba\" \/>\n<meta property=\"og:description\" content=\"Coordenador: Prof. Dr. Raildo Santos Lima Substituto: Prof\u00aa. Dr\u00aa. Tatiana Bertoldi Carlos Tel: (67)3669 &#8211; 0149 E-mail: mat.cpar@ufms.br Plano de A\u00e7\u00e3o da Coordena\u00e7\u00e3o &#8211; 2026\/2027\" \/>\n<meta property=\"og:url\" content=\"https:\/\/cpar.ufms.br\/graduacao\/matematica-licenciatura\/\" \/>\n<meta property=\"og:site_name\" content=\"CPAR - Campus de Parana\u00edba\" \/>\n<meta property=\"article:modified_time\" content=\"2026-03-04T19:04:50+00:00\" \/>\n<meta property=\"og:image\" content=\"https:\/\/cpar.ufms.br\/files\/2013\/02\/Matem\u00e1tica-Arquitetura.jpg\" \/>\n\t<meta property=\"og:image:width\" content=\"1660\" \/>\n\t<meta property=\"og:image:height\" content=\"787\" \/>\n\t<meta property=\"og:image:type\" content=\"image\/jpeg\" \/>\n<meta name=\"twitter:label1\" content=\"Est. reading time\" \/>\n\t<meta name=\"twitter:data1\" content=\"1 minute\" \/>\n\t<meta name=\"twitter:label2\" content=\"Written by\" \/>\n\t<meta name=\"twitter:data2\" content=\"dirceu.matos\" \/>\n<script type=\"application\/ld+json\" class=\"yoast-schema-graph\">{\"@context\":\"https:\/\/schema.org\",\"@graph\":[{\"@type\":\"WebPage\",\"@id\":\"https:\/\/cpar.ufms.br\/graduacao\/matematica-licenciatura\/\",\"url\":\"https:\/\/cpar.ufms.br\/graduacao\/matematica-licenciatura\/\",\"name\":\"Matem\u00e1tica - CPAR - Campus de Parana\u00edba\",\"isPartOf\":{\"@id\":\"https:\/\/cpar.ufms.br\/#website\"},\"primaryImageOfPage\":{\"@id\":\"https:\/\/cpar.ufms.br\/graduacao\/matematica-licenciatura\/#primaryimage\"},\"image\":{\"@id\":\"https:\/\/cpar.ufms.br\/graduacao\/matematica-licenciatura\/#primaryimage\"},\"thumbnailUrl\":\"https:\/\/cpar.ufms.br\/files\/2013\/02\/Matem\u00e1tica-Arquitetura.jpg\",\"datePublished\":\"2013-02-23T20:04:05+00:00\",\"dateModified\":\"2026-03-04T19:04:50+00:00\",\"breadcrumb\":{\"@id\":\"https:\/\/cpar.ufms.br\/graduacao\/matematica-licenciatura\/#breadcrumb\"},\"inLanguage\":\"en-US\",\"potentialAction\":[{\"@type\":\"ReadAction\",\"target\":[\"https:\/\/cpar.ufms.br\/graduacao\/matematica-licenciatura\/\"]}]},{\"@type\":\"ImageObject\",\"inLanguage\":\"en-US\",\"@id\":\"https:\/\/cpar.ufms.br\/graduacao\/matematica-licenciatura\/#primaryimage\",\"url\":\"https:\/\/cpar.ufms.br\/files\/2013\/02\/Matem\u00e1tica-Arquitetura.jpg\",\"contentUrl\":\"https:\/\/cpar.ufms.br\/files\/2013\/02\/Matem\u00e1tica-Arquitetura.jpg\",\"width\":1660,\"height\":787},{\"@type\":\"BreadcrumbList\",\"@id\":\"https:\/\/cpar.ufms.br\/graduacao\/matematica-licenciatura\/#breadcrumb\",\"itemListElement\":[{\"@type\":\"ListItem\",\"position\":1,\"name\":\"In\u00edcio\",\"item\":\"https:\/\/cpar.ufms.br\/\"},{\"@type\":\"ListItem\",\"position\":2,\"name\":\"Gradua\u00e7\u00e3o\",\"item\":\"https:\/\/cpar.ufms.br\/graduacao\/\"},{\"@type\":\"ListItem\",\"position\":3,\"name\":\"Matem\u00e1tica\"}]},{\"@type\":\"WebSite\",\"@id\":\"https:\/\/cpar.ufms.br\/#website\",\"url\":\"https:\/\/cpar.ufms.br\/\",\"name\":\"CPAR - Campus de Parana\u00edba\",\"description\":\"Universidade Federal de Mato Grosso do Sul\",\"potentialAction\":[{\"@type\":\"SearchAction\",\"target\":{\"@type\":\"EntryPoint\",\"urlTemplate\":\"https:\/\/cpar.ufms.br\/?s={search_term_string}\"},\"query-input\":{\"@type\":\"PropertyValueSpecification\",\"valueRequired\":true,\"valueName\":\"search_term_string\"}}],\"inLanguage\":\"en-US\"}]}<\/script>\n<!-- \/ Yoast SEO plugin. -->","yoast_head_json":{"title":"Matem\u00e1tica - CPAR - Campus de Parana\u00edba","robots":{"index":"index","follow":"follow","max-snippet":"max-snippet:-1","max-image-preview":"max-image-preview:large","max-video-preview":"max-video-preview:-1"},"canonical":"https:\/\/cpar.ufms.br\/graduacao\/matematica-licenciatura\/","og_locale":"en_US","og_type":"article","og_title":"Matem\u00e1tica - CPAR - Campus de Parana\u00edba","og_description":"Coordenador: Prof. Dr. Raildo Santos Lima Substituto: Prof\u00aa. Dr\u00aa. Tatiana Bertoldi Carlos Tel: (67)3669 &#8211; 0149 E-mail: mat.cpar@ufms.br Plano de A\u00e7\u00e3o da Coordena\u00e7\u00e3o &#8211; 2026\/2027","og_url":"https:\/\/cpar.ufms.br\/graduacao\/matematica-licenciatura\/","og_site_name":"CPAR - Campus de Parana\u00edba","article_modified_time":"2026-03-04T19:04:50+00:00","og_image":[{"width":1660,"height":787,"url":"https:\/\/cpar.ufms.br\/files\/2013\/02\/Matem\u00e1tica-Arquitetura.jpg","type":"image\/jpeg"}],"twitter_misc":{"Est. reading time":"1 minute","Written by":"dirceu.matos"},"schema":{"@context":"https:\/\/schema.org","@graph":[{"@type":"WebPage","@id":"https:\/\/cpar.ufms.br\/graduacao\/matematica-licenciatura\/","url":"https:\/\/cpar.ufms.br\/graduacao\/matematica-licenciatura\/","name":"Matem\u00e1tica - CPAR - Campus de Parana\u00edba","isPartOf":{"@id":"https:\/\/cpar.ufms.br\/#website"},"primaryImageOfPage":{"@id":"https:\/\/cpar.ufms.br\/graduacao\/matematica-licenciatura\/#primaryimage"},"image":{"@id":"https:\/\/cpar.ufms.br\/graduacao\/matematica-licenciatura\/#primaryimage"},"thumbnailUrl":"https:\/\/cpar.ufms.br\/files\/2013\/02\/Matem\u00e1tica-Arquitetura.jpg","datePublished":"2013-02-23T20:04:05+00:00","dateModified":"2026-03-04T19:04:50+00:00","breadcrumb":{"@id":"https:\/\/cpar.ufms.br\/graduacao\/matematica-licenciatura\/#breadcrumb"},"inLanguage":"en-US","potentialAction":[{"@type":"ReadAction","target":["https:\/\/cpar.ufms.br\/graduacao\/matematica-licenciatura\/"]}]},{"@type":"ImageObject","inLanguage":"en-US","@id":"https:\/\/cpar.ufms.br\/graduacao\/matematica-licenciatura\/#primaryimage","url":"https:\/\/cpar.ufms.br\/files\/2013\/02\/Matem\u00e1tica-Arquitetura.jpg","contentUrl":"https:\/\/cpar.ufms.br\/files\/2013\/02\/Matem\u00e1tica-Arquitetura.jpg","width":1660,"height":787},{"@type":"BreadcrumbList","@id":"https:\/\/cpar.ufms.br\/graduacao\/matematica-licenciatura\/#breadcrumb","itemListElement":[{"@type":"ListItem","position":1,"name":"In\u00edcio","item":"https:\/\/cpar.ufms.br\/"},{"@type":"ListItem","position":2,"name":"Gradua\u00e7\u00e3o","item":"https:\/\/cpar.ufms.br\/graduacao\/"},{"@type":"ListItem","position":3,"name":"Matem\u00e1tica"}]},{"@type":"WebSite","@id":"https:\/\/cpar.ufms.br\/#website","url":"https:\/\/cpar.ufms.br\/","name":"CPAR - Campus de Parana\u00edba","description":"Universidade Federal de Mato Grosso do Sul","potentialAction":[{"@type":"SearchAction","target":{"@type":"EntryPoint","urlTemplate":"https:\/\/cpar.ufms.br\/?s={search_term_string}"},"query-input":{"@type":"PropertyValueSpecification","valueRequired":true,"valueName":"search_term_string"}}],"inLanguage":"en-US"}]}},"_links":{"self":[{"href":"https:\/\/cpar.ufms.br\/en\/wp-json\/wp\/v2\/pages\/63","targetHints":{"allow":["GET"]}}],"collection":[{"href":"https:\/\/cpar.ufms.br\/en\/wp-json\/wp\/v2\/pages"}],"about":[{"href":"https:\/\/cpar.ufms.br\/en\/wp-json\/wp\/v2\/types\/page"}],"author":[{"embeddable":true,"href":"https:\/\/cpar.ufms.br\/en\/wp-json\/wp\/v2\/users\/1381"}],"replies":[{"embeddable":true,"href":"https:\/\/cpar.ufms.br\/en\/wp-json\/wp\/v2\/comments?post=63"}],"version-history":[{"count":27,"href":"https:\/\/cpar.ufms.br\/en\/wp-json\/wp\/v2\/pages\/63\/revisions"}],"predecessor-version":[{"id":17555,"href":"https:\/\/cpar.ufms.br\/en\/wp-json\/wp\/v2\/pages\/63\/revisions\/17555"}],"up":[{"embeddable":true,"href":"https:\/\/cpar.ufms.br\/en\/wp-json\/wp\/v2\/pages\/1211"}],"wp:featuredmedia":[{"embeddable":true,"href":"https:\/\/cpar.ufms.br\/en\/wp-json\/wp\/v2\/media\/1327"}],"wp:attachment":[{"href":"https:\/\/cpar.ufms.br\/en\/wp-json\/wp\/v2\/media?parent=63"}],"wp:term":[{"taxonomy":"author","embeddable":true,"href":"https:\/\/cpar.ufms.br\/en\/wp-json\/wp\/v2\/coauthors?post=63"}],"curies":[{"name":"wp","href":"https:\/\/api.w.org\/{rel}","templated":true}]}}