{"id":639,"date":"2014-09-15T14:55:13","date_gmt":"2014-09-15T18:55:13","guid":{"rendered":"http:\/\/cpar.draconis.ufms.br\/?page_id=639"},"modified":"2023-11-22T14:05:54","modified_gmt":"2023-11-22T18:05:54","slug":"conselho-de-campus","status":"publish","type":"page","link":"https:\/\/cpar.ufms.br\/en\/institucional\/conselho-de-campus\/","title":{"rendered":"Conselho de C\u00e2mpus"},"content":{"rendered":"<p><strong>CONSELHO DE C\u00c2MPUS<\/strong><\/p>\n<div>RESOLU\u00c7\u00c3O N\u00ba 137-COUN\/UFMS, DE 29 DE OUTUBRO DE 2021. (*)<\/div>\n<div>\u00a0 CAP\u00cdTULO I DOS CONSELHOS E DAS UNIDADES DA ADMINISTRA\u00c7\u00c3O SETORIAL Art. 10. Compete aos Conselhos das Unidades da Administra\u00e7\u00e3o Setorial:<\/div>\n<div>I &#8211; aprovar o Plano de Desenvolvimento da Unidade (PDU);<\/div>\n<div>II \u2013 zelar pela execu\u00e7\u00e3o or\u00e7ament\u00e1ria da Unidade da Administra\u00e7\u00e3o Setorial de acordo com as prioridades estabelecidas no Plano de Desenvolvimento Institucional (PDI) integrado ao Projeto Pedag\u00f3gico Institucional (PPI) e no Plano de Desenvolvimento da Unidade (PDU);<\/div>\n<div>III \u2013 manifestar sobre os Projetos Pedag\u00f3gicos de Cursos de Gradua\u00e7\u00e3o; IV \u2013 manifestar sobre os Regulamentos e Curr\u00edculos dos Cursos de P\u00f3sgradua\u00e7\u00e3o;<\/div>\n<div>V \u2013 manifestar sobre afastamento para o exterior, licen\u00e7a capacita\u00e7\u00e3o e para o trato de assuntos particulares;<\/div>\n<div>VI \u2013 autorizar afastamento de servidores da Unidade, no Pa\u00eds, quando superior a trinta dias;<\/div>\n<div>VII \u2013 manifestar sobre a cria\u00e7\u00e3o, a suspens\u00e3o e a extin\u00e7\u00e3o de cursos vinculados \u00e0 Unidade da Administra\u00e7\u00e3o Setorial;<\/div>\n<div>VIII &#8211; manifestar sobre a altera\u00e7\u00e3o de nomenclatura, modalidades e habilita\u00e7\u00e3o, turno de funcionamento, n\u00famero de vagas e tempo de integraliza\u00e7\u00e3o dos Cursos de Gradua\u00e7\u00e3o; IX \u2013 aprovar o Plano de Desenvolvimento de Pessoas dos servidores lotados na Unidade, e encaminhar \u00e0 Pr\u00f3-Reitoria de Gest\u00e3o de Pessoas;<\/div>\n<div>X \u2013 aprovar a distribui\u00e7\u00e3o de encargos docentes da Unidade, na gradua\u00e7\u00e3o e na p\u00f3s-gradua\u00e7\u00e3o, elaborada pelo Diretor da Unidade;<\/div>\n<div>XI \u2013 aprovar a lista de oferta de disciplinas de gradua\u00e7\u00e3o e de p\u00f3s-gradua\u00e7\u00e3o;<\/div>\n<div>XII \u2013 aprovar, a cada per\u00edodo letivo, o Plano de Atividades Docente;<\/div>\n<div>XIII &#8211; aprovar, anualmente, a avalia\u00e7\u00e3o do desempenho dos servidores da Unidade;<\/div>\n<div>XIV \u2013 manifestar sobre a participa\u00e7\u00e3o de profissionais n\u00e3o integrantes do quadro regular, em atividades acad\u00eamicas e administrativas, na Unidade;<\/div>\n<div>XV \u2013 constituir comiss\u00f5es para estudar assuntos relativos \u00e0 Unidade da Administra\u00e7\u00e3o Setorial;<\/div>\n<div>XVI \u2013 manifestar sobre as a\u00e7\u00f5es, os programas e os projetos de ensino, pesquisa, extens\u00e3o, empreendedorismo, inova\u00e7\u00e3o, desenvolvimento sustent\u00e1vel e institucional no \u00e2mbito de sua Unidade;<\/div>\n<div>XVII \u2013 conduzir as elei\u00e7\u00f5es no \u00e2mbito da Unidade;<\/div>\n<div>\u00a0XVIII \u2013 homologar o resultado de elei\u00e7\u00f5es realizadas no \u00e2mbito de sua Unidade;<\/div>\n<div>\u00a0XIX \u2013 aprovar a lista tr\u00edplice de nomes a serem indicados para o cargo de Diretor da Unidade da Administra\u00e7\u00e3o Setorial;<\/div>\n<div>XX \u2013 propor \u00e0 autoridade competente a destitui\u00e7\u00e3o do Diretor da Unidade;<\/div>\n<div>XXI \u2013 fixar normas em mat\u00e9rias de sua compet\u00eancia; e<\/div>\n<div>XXII \u2013 resolver, na sua \u00e1rea de compet\u00eancia, os casos n\u00e3o previstos neste artigo.<\/div>\n<div>Art. 11. Para a elabora\u00e7\u00e3o da lista tr\u00edplice de nomes ao cargo de Diretor da Unidade da Administra\u00e7\u00e3o Setorial, os Conselhos dever\u00e3o realizar consulta pr\u00e9via \u00e0 Comunidade Universit\u00e1ria da Unidade.<\/div>\n<div>Art. 12. Na Unidade da Administra\u00e7\u00e3o Setorial em que a composi\u00e7\u00e3o do Conselho n\u00e3o atingir o m\u00ednimo de setenta por cento de membros do Corpo Docente, dever\u00e1 ser realizada elei\u00e7\u00e3o para complementa\u00e7\u00e3o da representa\u00e7\u00e3o docente.<\/div>\n<div>\u00a7 1\u00ba Os representantes ser\u00e3o eleitos pelos seus pares da Carreira do Magist\u00e9rio Superior da UFMS, em efetivo exerc\u00edcio, lotados na Unidade.<\/div>\n<div>\u00a7 2\u00ba O processo eleitoral dever\u00e1 ser regulamentado pelo Conselho da Unidade.<\/div>\n<div>\u00a7 3\u00ba O mandato dos representantes ser\u00e1 de dois anos, permitida uma recondu\u00e7\u00e3o por igual per\u00edodo.<\/p>\n<div class=\"yj6qo\"><\/div>\n<div class=\"adL\"><\/div>\n<\/div>\n<p>&nbsp;<\/p>\n<p>&nbsp;<\/p>\n","protected":false},"excerpt":{"rendered":"<p>CONSELHO DE C\u00c2MPUS RESOLU\u00c7\u00c3O N\u00ba 137-COUN\/UFMS, DE 29 DE OUTUBRO DE 2021. (*) \u00a0 CAP\u00cdTULO I DOS CONSELHOS E DAS UNIDADES DA ADMINISTRA\u00c7\u00c3O SETORIAL Art. 10. Compete aos Conselhos das Unidades da Administra\u00e7\u00e3o Setorial: I &#8211; aprovar o Plano de Desenvolvimento da Unidade (PDU); II \u2013 zelar pela execu\u00e7\u00e3o or\u00e7ament\u00e1ria da Unidade da Administra\u00e7\u00e3o Setorial [&hellip;]<\/p>\n","protected":false},"author":1582,"featured_media":0,"parent":346,"menu_order":0,"comment_status":"closed","ping_status":"closed","template":"","meta":{"footnotes":""},"coauthors":[],"class_list":["post-639","page","type-page","status-publish","hentry"],"yoast_head":"<!-- This site is optimized with the Yoast SEO plugin v26.2 - https:\/\/yoast.com\/wordpress\/plugins\/seo\/ -->\n<title>Conselho de C\u00e2mpus - CPAR - Campus de Parana\u00edba<\/title>\n<meta name=\"robots\" content=\"index, follow, max-snippet:-1, max-image-preview:large, max-video-preview:-1\" \/>\n<link rel=\"canonical\" href=\"https:\/\/cpar.ufms.br\/institucional\/conselho-de-campus\/\" \/>\n<meta property=\"og:locale\" content=\"en_US\" \/>\n<meta property=\"og:type\" content=\"article\" \/>\n<meta property=\"og:title\" content=\"Conselho de C\u00e2mpus - CPAR - Campus de Parana\u00edba\" \/>\n<meta property=\"og:description\" content=\"CONSELHO DE C\u00c2MPUS RESOLU\u00c7\u00c3O N\u00ba 137-COUN\/UFMS, DE 29 DE OUTUBRO DE 2021. (*) \u00a0 CAP\u00cdTULO I DOS CONSELHOS E DAS UNIDADES DA ADMINISTRA\u00c7\u00c3O SETORIAL Art. 10. Compete aos Conselhos das Unidades da Administra\u00e7\u00e3o Setorial: I &#8211; aprovar o Plano de Desenvolvimento da Unidade (PDU); II \u2013 zelar pela execu\u00e7\u00e3o or\u00e7ament\u00e1ria da Unidade da Administra\u00e7\u00e3o Setorial [&hellip;]\" \/>\n<meta property=\"og:url\" content=\"https:\/\/cpar.ufms.br\/institucional\/conselho-de-campus\/\" \/>\n<meta property=\"og:site_name\" content=\"CPAR - Campus de Parana\u00edba\" \/>\n<meta property=\"article:modified_time\" content=\"2023-11-22T18:05:54+00:00\" \/>\n<meta name=\"twitter:label1\" content=\"Est. reading time\" \/>\n\t<meta name=\"twitter:data1\" content=\"3 minutes\" \/>\n\t<meta name=\"twitter:label2\" content=\"Written by\" \/>\n\t<meta name=\"twitter:data2\" content=\"CPAR.UFMS\" \/>\n<script type=\"application\/ld+json\" class=\"yoast-schema-graph\">{\"@context\":\"https:\/\/schema.org\",\"@graph\":[{\"@type\":\"WebPage\",\"@id\":\"https:\/\/cpar.ufms.br\/institucional\/conselho-de-campus\/\",\"url\":\"https:\/\/cpar.ufms.br\/institucional\/conselho-de-campus\/\",\"name\":\"Conselho de C\u00e2mpus - CPAR - Campus de Parana\u00edba\",\"isPartOf\":{\"@id\":\"https:\/\/cpar.ufms.br\/#website\"},\"datePublished\":\"2014-09-15T18:55:13+00:00\",\"dateModified\":\"2023-11-22T18:05:54+00:00\",\"breadcrumb\":{\"@id\":\"https:\/\/cpar.ufms.br\/institucional\/conselho-de-campus\/#breadcrumb\"},\"inLanguage\":\"en-US\",\"potentialAction\":[{\"@type\":\"ReadAction\",\"target\":[\"https:\/\/cpar.ufms.br\/institucional\/conselho-de-campus\/\"]}]},{\"@type\":\"BreadcrumbList\",\"@id\":\"https:\/\/cpar.ufms.br\/institucional\/conselho-de-campus\/#breadcrumb\",\"itemListElement\":[{\"@type\":\"ListItem\",\"position\":1,\"name\":\"In\u00edcio\",\"item\":\"https:\/\/cpar.ufms.br\/\"},{\"@type\":\"ListItem\",\"position\":2,\"name\":\"Institucional\",\"item\":\"https:\/\/cpar.ufms.br\/institucional\/\"},{\"@type\":\"ListItem\",\"position\":3,\"name\":\"Conselho de C\u00e2mpus\"}]},{\"@type\":\"WebSite\",\"@id\":\"https:\/\/cpar.ufms.br\/#website\",\"url\":\"https:\/\/cpar.ufms.br\/\",\"name\":\"CPAR - Campus de Parana\u00edba\",\"description\":\"Universidade Federal de Mato Grosso do Sul\",\"potentialAction\":[{\"@type\":\"SearchAction\",\"target\":{\"@type\":\"EntryPoint\",\"urlTemplate\":\"https:\/\/cpar.ufms.br\/?s={search_term_string}\"},\"query-input\":{\"@type\":\"PropertyValueSpecification\",\"valueRequired\":true,\"valueName\":\"search_term_string\"}}],\"inLanguage\":\"en-US\"}]}<\/script>\n<!-- \/ Yoast SEO plugin. -->","yoast_head_json":{"title":"Conselho de C\u00e2mpus - CPAR - Campus de Parana\u00edba","robots":{"index":"index","follow":"follow","max-snippet":"max-snippet:-1","max-image-preview":"max-image-preview:large","max-video-preview":"max-video-preview:-1"},"canonical":"https:\/\/cpar.ufms.br\/institucional\/conselho-de-campus\/","og_locale":"en_US","og_type":"article","og_title":"Conselho de C\u00e2mpus - CPAR - Campus de Parana\u00edba","og_description":"CONSELHO DE C\u00c2MPUS RESOLU\u00c7\u00c3O N\u00ba 137-COUN\/UFMS, DE 29 DE OUTUBRO DE 2021. (*) \u00a0 CAP\u00cdTULO I DOS CONSELHOS E DAS UNIDADES DA ADMINISTRA\u00c7\u00c3O SETORIAL Art. 10. Compete aos Conselhos das Unidades da Administra\u00e7\u00e3o Setorial: I &#8211; aprovar o Plano de Desenvolvimento da Unidade (PDU); II \u2013 zelar pela execu\u00e7\u00e3o or\u00e7ament\u00e1ria da Unidade da Administra\u00e7\u00e3o Setorial [&hellip;]","og_url":"https:\/\/cpar.ufms.br\/institucional\/conselho-de-campus\/","og_site_name":"CPAR - Campus de Parana\u00edba","article_modified_time":"2023-11-22T18:05:54+00:00","twitter_misc":{"Est. reading time":"3 minutes","Written by":"CPAR.UFMS"},"schema":{"@context":"https:\/\/schema.org","@graph":[{"@type":"WebPage","@id":"https:\/\/cpar.ufms.br\/institucional\/conselho-de-campus\/","url":"https:\/\/cpar.ufms.br\/institucional\/conselho-de-campus\/","name":"Conselho de C\u00e2mpus - CPAR - Campus de Parana\u00edba","isPartOf":{"@id":"https:\/\/cpar.ufms.br\/#website"},"datePublished":"2014-09-15T18:55:13+00:00","dateModified":"2023-11-22T18:05:54+00:00","breadcrumb":{"@id":"https:\/\/cpar.ufms.br\/institucional\/conselho-de-campus\/#breadcrumb"},"inLanguage":"en-US","potentialAction":[{"@type":"ReadAction","target":["https:\/\/cpar.ufms.br\/institucional\/conselho-de-campus\/"]}]},{"@type":"BreadcrumbList","@id":"https:\/\/cpar.ufms.br\/institucional\/conselho-de-campus\/#breadcrumb","itemListElement":[{"@type":"ListItem","position":1,"name":"In\u00edcio","item":"https:\/\/cpar.ufms.br\/"},{"@type":"ListItem","position":2,"name":"Institucional","item":"https:\/\/cpar.ufms.br\/institucional\/"},{"@type":"ListItem","position":3,"name":"Conselho de C\u00e2mpus"}]},{"@type":"WebSite","@id":"https:\/\/cpar.ufms.br\/#website","url":"https:\/\/cpar.ufms.br\/","name":"CPAR - Campus de Parana\u00edba","description":"Universidade Federal de Mato Grosso do Sul","potentialAction":[{"@type":"SearchAction","target":{"@type":"EntryPoint","urlTemplate":"https:\/\/cpar.ufms.br\/?s={search_term_string}"},"query-input":{"@type":"PropertyValueSpecification","valueRequired":true,"valueName":"search_term_string"}}],"inLanguage":"en-US"}]}},"_links":{"self":[{"href":"https:\/\/cpar.ufms.br\/en\/wp-json\/wp\/v2\/pages\/639","targetHints":{"allow":["GET"]}}],"collection":[{"href":"https:\/\/cpar.ufms.br\/en\/wp-json\/wp\/v2\/pages"}],"about":[{"href":"https:\/\/cpar.ufms.br\/en\/wp-json\/wp\/v2\/types\/page"}],"author":[{"embeddable":true,"href":"https:\/\/cpar.ufms.br\/en\/wp-json\/wp\/v2\/users\/1582"}],"replies":[{"embeddable":true,"href":"https:\/\/cpar.ufms.br\/en\/wp-json\/wp\/v2\/comments?post=639"}],"version-history":[{"count":17,"href":"https:\/\/cpar.ufms.br\/en\/wp-json\/wp\/v2\/pages\/639\/revisions"}],"predecessor-version":[{"id":15662,"href":"https:\/\/cpar.ufms.br\/en\/wp-json\/wp\/v2\/pages\/639\/revisions\/15662"}],"up":[{"embeddable":true,"href":"https:\/\/cpar.ufms.br\/en\/wp-json\/wp\/v2\/pages\/346"}],"wp:attachment":[{"href":"https:\/\/cpar.ufms.br\/en\/wp-json\/wp\/v2\/media?parent=639"}],"wp:term":[{"taxonomy":"author","embeddable":true,"href":"https:\/\/cpar.ufms.br\/en\/wp-json\/wp\/v2\/coauthors?post=639"}],"curies":[{"name":"wp","href":"https:\/\/api.w.org\/{rel}","templated":true}]}}