{"id":642,"date":"2014-09-15T15:18:44","date_gmt":"2014-09-15T19:18:44","guid":{"rendered":"http:\/\/cpar.draconis.ufms.br\/?page_id=642"},"modified":"2023-08-18T11:41:05","modified_gmt":"2023-08-18T15:41:05","slug":"tecnicos-administrativos","status":"publish","type":"page","link":"https:\/\/cpar.ufms.br\/en\/institucional\/tecnicos-administrativos\/","title":{"rendered":"T\u00e9cnicos-Administrativos"},"content":{"rendered":"<p><a href=\"https:\/\/cpar.ufms.br\/files\/2014\/09\/2326785.jpg\"><img decoding=\"async\" class=\"alignnone wp-image-7937\" src=\"https:\/\/cpar.ufms.br\/files\/2014\/09\/2326785-200x300.jpg\" alt=\"\" width=\"157\" height=\"236\" srcset=\"https:\/\/cpar.ufms.br\/files\/2014\/09\/2326785-200x300.jpg 200w, https:\/\/cpar.ufms.br\/files\/2014\/09\/2326785-768x1152.jpg 768w, https:\/\/cpar.ufms.br\/files\/2014\/09\/2326785-683x1024.jpg 683w, https:\/\/cpar.ufms.br\/files\/2014\/09\/2326785-213x320.jpg 213w, https:\/\/cpar.ufms.br\/files\/2014\/09\/2326785.jpg 1280w\" sizes=\"(max-width: 157px) 100vw, 157px\" \/><\/a><\/p>\n<p><strong>Ailton Barbosa Junior<\/strong><em><br \/>\nT\u00e9cnico em Audiovisual<\/em><br \/>\nailton.barbosa@ufms.br<\/p>\n<p><a href=\"http:\/\/lattes.cnpq.br\/2110913989400351\"><img decoding=\"async\" class=\"alignnone wp-image-697\" src=\"http:\/\/cpar.draconis.ufms.br\/files\/2014\/09\/currculo_lattes-300x123.jpg\" alt=\"currculo_lattes\" width=\"118\" height=\"49\" \/><\/a><\/p>\n<p>&nbsp;<\/p>\n<p>&nbsp;<\/p>\n<p><a href=\"https:\/\/cpar.ufms.br\/files\/2021\/08\/anderson.png\"><img decoding=\"async\" class=\"wp-image-11872 alignnone\" src=\"https:\/\/cpar.ufms.br\/files\/2021\/08\/anderson-225x300.png\" alt=\"\" width=\"138\" height=\"184\" srcset=\"https:\/\/cpar.ufms.br\/files\/2021\/08\/anderson-225x300.png 225w, https:\/\/cpar.ufms.br\/files\/2021\/08\/anderson-240x320.png 240w, https:\/\/cpar.ufms.br\/files\/2021\/08\/anderson.png 245w\" sizes=\"(max-width: 138px) 100vw, 138px\" \/><\/a><\/p>\n<p><strong><em>Anderson da Silva Nascimento<\/em><\/strong><em><br \/>\nTradutor e Int\u00e9rprete de Linguagem de Sinais<br \/>\nanderson_silva@ufms.br<\/em><\/p>\n<p><a href=\"http:\/\/lattes.cnpq.br\/3005958814570171\"><img decoding=\"async\" class=\"alignnone wp-image-697\" src=\"http:\/\/cpar.draconis.ufms.br\/files\/2014\/09\/currculo_lattes-300x123.jpg\" alt=\"currculo_lattes\" width=\"118\" height=\"49\" \/><\/a><\/p>\n<p>&nbsp;<\/p>\n<p><a href=\"https:\/\/cpar.ufms.br\/files\/2014\/09\/Aurelio.jpg\"><img loading=\"lazy\" decoding=\"async\" class=\"alignnone wp-image-7834\" src=\"https:\/\/cpar.ufms.br\/files\/2014\/09\/Aurelio-199x300.jpg\" alt=\"\" width=\"128\" height=\"193\" srcset=\"https:\/\/cpar.ufms.br\/files\/2014\/09\/Aurelio-199x300.jpg 199w, https:\/\/cpar.ufms.br\/files\/2014\/09\/Aurelio-212x320.jpg 212w, https:\/\/cpar.ufms.br\/files\/2014\/09\/Aurelio.jpg 545w\" sizes=\"(max-width: 128px) 100vw, 128px\" \/><\/a><\/p>\n<p><strong>Aur\u00e9lio Mateus Ara\u00fajo Souza<\/strong><em><br \/>\nAssistente em Administra\u00e7\u00e3o &#8211; SECAC<br \/>\naurelio.araujo@ufms.br<\/em><\/p>\n<p><a href=\"http:\/\/lattes.cnpq.br\/0368879133997515\"><img decoding=\"async\" class=\"alignnone wp-image-697\" src=\"http:\/\/cpar.draconis.ufms.br\/files\/2014\/09\/currculo_lattes-300x123.jpg\" alt=\"currculo_lattes\" width=\"118\" height=\"49\" \/><\/a><\/p>\n<p>&nbsp;<\/p>\n<p><a href=\"https:\/\/cpar.ufms.br\/files\/2014\/09\/IMG_2000.jpg\"><img loading=\"lazy\" decoding=\"async\" class=\"alignnone wp-image-7985\" src=\"https:\/\/cpar.ufms.br\/files\/2014\/09\/IMG_2000-200x300.jpg\" alt=\"\" width=\"144\" height=\"216\" srcset=\"https:\/\/cpar.ufms.br\/files\/2014\/09\/IMG_2000-200x300.jpg 200w, https:\/\/cpar.ufms.br\/files\/2014\/09\/IMG_2000-768x1152.jpg 768w, https:\/\/cpar.ufms.br\/files\/2014\/09\/IMG_2000-683x1024.jpg 683w, https:\/\/cpar.ufms.br\/files\/2014\/09\/IMG_2000-213x320.jpg 213w, https:\/\/cpar.ufms.br\/files\/2014\/09\/IMG_2000.jpg 1280w\" sizes=\"(max-width: 144px) 100vw, 144px\" \/><\/a><\/p>\n<p><strong>Ang\u00e9lica Nunes Ferreira<\/strong><br \/>\n<em>Assistente em Administra\u00e7\u00e3o &#8211; SAP<\/em><br \/>\nangelica.nunes@ufms.br<\/p>\n<p><a href=\"http:\/\/lattes.cnpq.br\/2153112655531596\"><img decoding=\"async\" class=\"alignnone wp-image-697\" src=\"http:\/\/cpar.draconis.ufms.br\/files\/2014\/09\/currculo_lattes-300x123.jpg\" alt=\"currculo_lattes\" width=\"118\" height=\"49\" \/><\/a><\/p>\n<p>&nbsp;<\/p>\n<p><a href=\"https:\/\/cpar.ufms.br\/files\/2021\/08\/Ani.jpeg\"><img loading=\"lazy\" decoding=\"async\" class=\"wp-image-11841 alignnone\" src=\"https:\/\/cpar.ufms.br\/files\/2021\/08\/Ani-300x300.jpeg\" alt=\"\" width=\"158\" height=\"158\" srcset=\"https:\/\/cpar.ufms.br\/files\/2021\/08\/Ani-300x300.jpeg 300w, https:\/\/cpar.ufms.br\/files\/2021\/08\/Ani-150x150.jpeg 150w, https:\/\/cpar.ufms.br\/files\/2021\/08\/Ani-768x768.jpeg 768w, https:\/\/cpar.ufms.br\/files\/2021\/08\/Ani-320x320.jpeg 320w, https:\/\/cpar.ufms.br\/files\/2021\/08\/Ani.jpeg 960w\" sizes=\"(max-width: 158px) 100vw, 158px\" \/><\/a><\/p>\n<p><strong>Ani Caroline Machado<\/strong><br \/>\n<em>Assistente em Administra\u00e7\u00e3o &#8211; SECAC<\/em><br \/>\nani.machado@ufms.br<\/p>\n<p><a href=\"http:\/\/lattes.cnpq.br\/2462171393541422\"><img decoding=\"async\" class=\"alignnone wp-image-697\" src=\"http:\/\/cpar.draconis.ufms.br\/files\/2014\/09\/currculo_lattes-300x123.jpg\" alt=\"currculo_lattes\" width=\"118\" height=\"49\" \/><\/a><\/p>\n<p>&nbsp;<\/p>\n<p><a href=\"https:\/\/cpar.ufms.br\/files\/2021\/06\/131834954_398979521339887_2066477870892096079_n-e1623874431994.jpg\"><img loading=\"lazy\" decoding=\"async\" class=\" wp-image-11457 alignnone\" src=\"https:\/\/cpar.ufms.br\/files\/2021\/06\/131834954_398979521339887_2066477870892096079_n-e1623874431994-300x295.jpg\" alt=\"\" width=\"163\" height=\"160\" srcset=\"https:\/\/cpar.ufms.br\/files\/2021\/06\/131834954_398979521339887_2066477870892096079_n-e1623874431994-300x295.jpg 300w, https:\/\/cpar.ufms.br\/files\/2021\/06\/131834954_398979521339887_2066477870892096079_n-e1623874431994-325x320.jpg 325w, https:\/\/cpar.ufms.br\/files\/2021\/06\/131834954_398979521339887_2066477870892096079_n-e1623874431994.jpg 494w\" sizes=\"(max-width: 163px) 100vw, 163px\" \/><\/a><\/p>\n<p><strong>Dirceu Lorenzi de Matos<\/strong><br \/>\n<em>T\u00e9cnico de Tecnologia da Informa\u00e7\u00e3o<\/em><br \/>\nemail: dirceu.matos@ufms.br<\/p>\n<p><a href=\"http:\/\/lattes.cnpq.br\/3212890783386422\"><img decoding=\"async\" class=\"alignnone wp-image-697\" src=\"http:\/\/cpar.draconis.ufms.br\/files\/2014\/09\/currculo_lattes-300x123.jpg\" alt=\"currculo_lattes\" width=\"118\" height=\"49\" \/><\/a><\/p>\n<p>&nbsp;<\/p>\n<p><a href=\"http:\/\/cpar.draconis.ufms.br\/files\/2014\/09\/perfil-facebook.jpg\"><img loading=\"lazy\" decoding=\"async\" class=\"alignnone wp-image-2155\" src=\"http:\/\/cpar.draconis.ufms.br\/files\/2014\/09\/perfil-facebook-261x300.jpg\" alt=\"perfil facebook\" width=\"150\" height=\"173\" srcset=\"https:\/\/cpar.ufms.br\/files\/2014\/09\/perfil-facebook-261x300.jpg 261w, https:\/\/cpar.ufms.br\/files\/2014\/09\/perfil-facebook-279x320.jpg 279w, https:\/\/cpar.ufms.br\/files\/2014\/09\/perfil-facebook.jpg 683w\" sizes=\"(max-width: 150px) 100vw, 150px\" \/><\/a><\/p>\n<p style=\"margin: 0cm;margin-bottom: .0001pt\"><strong>Fab\u00edola Cristina de Freitas<\/strong><br \/>\n<em>Assistente em Administra\u00e7\u00e3o &#8211; Secretaria de Apoio Pedag\u00f3gico &#8211; SAP<\/em><\/p>\n<p style=\"margin: 0cm;margin-bottom: .0001pt\">email: fabiola.freitas@ufms.br<\/p>\n<p><a href=\"http:\/\/buscatextual.cnpq.br\/buscatextual\/visualizacv.do?id=K4773406J0\"><img decoding=\"async\" class=\"alignnone wp-image-697\" src=\"http:\/\/cpar.draconis.ufms.br\/files\/2014\/09\/currculo_lattes-300x123.jpg\" alt=\"currculo_lattes\" width=\"118\" height=\"49\" \/><\/a><\/p>\n<p>&nbsp;<\/p>\n<p><a href=\"http:\/\/cpar.draconis.ufms.br\/files\/2014\/09\/gisele-1.jpg\"><img loading=\"lazy\" decoding=\"async\" class=\"alignnone wp-image-908\" src=\"http:\/\/cpar.draconis.ufms.br\/files\/2014\/09\/gisele-1-300x268.jpg\" alt=\"gisele (1)\" width=\"162\" height=\"145\" \/><\/a><\/p>\n<p><strong>Gisele Aparecida Ribeiro Sanches<\/strong><br \/>\n<em>Bibliotec\u00e1ria &#8211; Documentalista<\/em><br \/>\ngisele.sanches@ufms.br<\/p>\n<p><a href=\"http:\/\/lattes.cnpq.br\/3902417609291454\"><img decoding=\"async\" class=\"alignnone wp-image-697\" src=\"http:\/\/cpar.draconis.ufms.br\/files\/2014\/09\/currculo_lattes-300x123.jpg\" alt=\"currculo_lattes\" width=\"118\" height=\"49\" \/><\/a><\/p>\n<p>&nbsp;<\/p>\n<p><a href=\"http:\/\/cpar.draconis.ufms.br\/files\/2014\/09\/hiran.jpg\"><img loading=\"lazy\" decoding=\"async\" class=\"alignnone wp-image-910\" src=\"http:\/\/cpar.draconis.ufms.br\/files\/2014\/09\/hiran-209x300.jpg\" alt=\"hiran\" width=\"132\" height=\"190\" \/><\/a><\/p>\n<p><strong>Hiran Aparecido da Silva<\/strong><br \/>\n<em>Assistente em Administra\u00e7\u00e3o &#8211; SECAD<\/em><br \/>\nemail: hiran.silva@ufms.br<\/p>\n<p><a href=\"http:\/\/lattes.cnpq.br\/6611746323687031\"><img decoding=\"async\" class=\"alignnone wp-image-697\" src=\"http:\/\/cpar.draconis.ufms.br\/files\/2014\/09\/currculo_lattes-300x123.jpg\" alt=\"currculo_lattes\" width=\"118\" height=\"49\" \/><\/a><\/p>\n<p>&nbsp;<\/p>\n<p><a href=\"https:\/\/cpar.ufms.br\/files\/2014\/09\/foto-2-1.jpg\"><img loading=\"lazy\" decoding=\"async\" class=\"alignnone wp-image-7086\" src=\"https:\/\/cpar.ufms.br\/files\/2014\/09\/foto-2-1-213x300.jpg\" alt=\"\" width=\"147\" height=\"207\" srcset=\"https:\/\/cpar.ufms.br\/files\/2014\/09\/foto-2-1-213x300.jpg 213w, https:\/\/cpar.ufms.br\/files\/2014\/09\/foto-2-1-227x320.jpg 227w, https:\/\/cpar.ufms.br\/files\/2014\/09\/foto-2-1.jpg 332w\" sizes=\"(max-width: 147px) 100vw, 147px\" \/><\/a><\/p>\n<p><strong>Leonardo Chaves de Carvalho<\/strong><br \/>\n<em>Assistente em Administra\u00e7\u00e3o <\/em><br \/>\nemail: leonardo.chaves@ufms.br<\/p>\n<p><a href=\"http:\/\/lattes.cnpq.br\/8961177388986184\"><img decoding=\"async\" class=\"alignnone wp-image-697\" src=\"http:\/\/cpar.draconis.ufms.br\/files\/2014\/09\/currculo_lattes-300x123.jpg\" alt=\"currculo_lattes\" width=\"118\" height=\"49\" \/><\/a><\/p>\n<p>&nbsp;<\/p>\n<p>&nbsp;<\/p>\n<p><a href=\"https:\/\/cpar.ufms.br\/files\/2023\/05\/fotoMayara_atual.png\"><img loading=\"lazy\" decoding=\"async\" class=\" wp-image-14955 alignnone\" src=\"https:\/\/cpar.ufms.br\/files\/2023\/05\/fotoMayara_atual.png\" alt=\"\" width=\"139\" height=\"185\" \/><\/a><\/p>\n<p><strong>Mayara Karolina Alvarenga Recaldes Gomes <\/strong><br \/>\n<em>Psic\u00f3loga-\u00e1rea \u2013 Servi\u00e7o de Psicologia<\/em><br \/>\nemail: mayara.alvarenga@ufms.br<\/p>\n<p><a href=\"http:\/\/lattes.cnpq.br\/9630146523593457\"><img decoding=\"async\" class=\"alignnone wp-image-697\" src=\"http:\/\/cpar.draconis.ufms.br\/files\/2014\/09\/currculo_lattes-300x123.jpg\" alt=\"currculo_lattes\" width=\"118\" height=\"49\" \/><\/a><\/p>\n<p>&nbsp;<\/p>\n<p><a href=\"https:\/\/cpar.ufms.br\/files\/2021\/06\/IMG_20210319_015030.jpg\"><img loading=\"lazy\" decoding=\"async\" class=\" wp-image-11467 alignnone\" src=\"https:\/\/cpar.ufms.br\/files\/2021\/06\/IMG_20210319_015030-300x223.jpg\" alt=\"\" width=\"183\" height=\"136\" srcset=\"https:\/\/cpar.ufms.br\/files\/2021\/06\/IMG_20210319_015030-300x223.jpg 300w, https:\/\/cpar.ufms.br\/files\/2021\/06\/IMG_20210319_015030-768x570.jpg 768w, https:\/\/cpar.ufms.br\/files\/2021\/06\/IMG_20210319_015030-1024x760.jpg 1024w, https:\/\/cpar.ufms.br\/files\/2021\/06\/IMG_20210319_015030-431x320.jpg 431w\" sizes=\"(max-width: 183px) 100vw, 183px\" \/><\/a><\/p>\n<p><strong>Murillo Evangelista Paiva<\/strong><br \/>\n<em>Assistente em Administra\u00e7\u00e3o \u2013 Servi\u00e7o de Psicologia<\/em><br \/>\nmurillo.paiva@ufms.br<\/p>\n<p><a href=\"http:\/\/lattes.cnpq.br\/6270683465888278\"><img decoding=\"async\" class=\"alignnone wp-image-697\" src=\"http:\/\/cpar.draconis.ufms.br\/files\/2014\/09\/currculo_lattes-300x123.jpg\" alt=\"currculo_lattes\" width=\"118\" height=\"49\" \/><\/a><\/p>\n<p>&nbsp;<\/p>\n<p><a href=\"https:\/\/cpar.ufms.br\/files\/2021\/06\/WhatsApp-Image-2021-06-16-at-15.40.07.jpeg\"><img loading=\"lazy\" decoding=\"async\" class=\" wp-image-11456 alignnone\" src=\"https:\/\/cpar.ufms.br\/files\/2021\/06\/WhatsApp-Image-2021-06-16-at-15.40.07-214x300.jpeg\" alt=\"\" width=\"151\" height=\"212\" srcset=\"https:\/\/cpar.ufms.br\/files\/2021\/06\/WhatsApp-Image-2021-06-16-at-15.40.07-214x300.jpeg 214w, https:\/\/cpar.ufms.br\/files\/2021\/06\/WhatsApp-Image-2021-06-16-at-15.40.07-228x320.jpeg 228w, https:\/\/cpar.ufms.br\/files\/2021\/06\/WhatsApp-Image-2021-06-16-at-15.40.07.jpeg 697w\" sizes=\"(max-width: 151px) 100vw, 151px\" \/><\/a><\/p>\n<div><strong>Niely Fernandes Silva<\/strong><\/div>\n<div>Assistente em Administra\u00e7\u00e3o &#8211; Biblioteca do Campus<\/div>\n<div>email: niely.fernandes@ufms.br<\/div>\n<div><a href=\"http:\/\/lattes.cnpq.br\/8582111400391584\"><img decoding=\"async\" class=\"alignnone wp-image-697\" src=\"http:\/\/cpar.draconis.ufms.br\/files\/2014\/09\/currculo_lattes-300x123.jpg\" alt=\"currculo_lattes\" width=\"118\" height=\"49\" \/><\/a><\/div>\n<div><\/div>\n<p><a href=\"http:\/\/cpar.draconis.ufms.br\/files\/2014\/09\/patricia.jpg\"><img loading=\"lazy\" decoding=\"async\" class=\"alignnone wp-image-916\" src=\"http:\/\/cpar.draconis.ufms.br\/files\/2014\/09\/patricia-226x300.jpg\" alt=\"patricia\" width=\"142\" height=\"188\" \/><\/a><\/p>\n<p><strong>Patricia Queiroz Peli<\/strong><br \/>\n<em>Assistente em Administra\u00e7\u00e3o \u2013 SECAE<\/em><br \/>\nemail: patr\u00edcia.queiroz@ufms.br<\/p>\n<p><a href=\"http:\/\/lattes.cnpq.br\/3070499742174597\"><img decoding=\"async\" class=\"alignnone wp-image-697\" src=\"http:\/\/cpar.draconis.ufms.br\/files\/2014\/09\/currculo_lattes-300x123.jpg\" alt=\"currculo_lattes\" width=\"118\" height=\"49\" \/><\/a><\/p>\n<p>&nbsp;<\/p>\n<p><a href=\"https:\/\/cpar.ufms.br\/files\/2014\/09\/Rapahel.Oliveira.jpg\"><img loading=\"lazy\" decoding=\"async\" class=\"alignnone wp-image-6899\" src=\"https:\/\/cpar.ufms.br\/files\/2014\/09\/Rapahel.Oliveira-200x300.jpg\" alt=\"\" width=\"145\" height=\"218\" srcset=\"https:\/\/cpar.ufms.br\/files\/2014\/09\/Rapahel.Oliveira-200x300.jpg 200w, https:\/\/cpar.ufms.br\/files\/2014\/09\/Rapahel.Oliveira-213x320.jpg 213w, https:\/\/cpar.ufms.br\/files\/2014\/09\/Rapahel.Oliveira.jpg 640w\" sizes=\"(max-width: 145px) 100vw, 145px\" \/><\/a><\/p>\n<p><strong>Raphael Antonio de Oliveira Silva<\/strong><br \/>\n<em>T\u00e9cnico em Assuntos Educacionais \u2013 Secretaria de Assuntos Estudantis &#8211; SECAE<\/em><br \/>\nemail: raphael_oliveira@ufms.br<\/p>\n<p><a href=\"http:\/\/lattes.cnpq.br\/3777659628939481\"><img decoding=\"async\" class=\"alignnone wp-image-697\" src=\"http:\/\/cpar.draconis.ufms.br\/files\/2014\/09\/currculo_lattes-300x123.jpg\" alt=\"currculo_lattes\" width=\"118\" height=\"49\" \/><\/a><\/p>\n<p>&nbsp;<\/p>\n<p><img loading=\"lazy\" decoding=\"async\" class=\"alignnone size-medium wp-image-15069\" src=\"https:\/\/cpar.ufms.br\/files\/2023\/06\/IMG_20211208_125222_740-188x300.jpg\" alt=\"\" width=\"188\" height=\"300\" srcset=\"https:\/\/cpar.ufms.br\/files\/2023\/06\/IMG_20211208_125222_740-188x300.jpg 188w, https:\/\/cpar.ufms.br\/files\/2023\/06\/IMG_20211208_125222_740-641x1024.jpg 641w, https:\/\/cpar.ufms.br\/files\/2023\/06\/IMG_20211208_125222_740-768x1227.jpg 768w, https:\/\/cpar.ufms.br\/files\/2023\/06\/IMG_20211208_125222_740-961x1536.jpg 961w, https:\/\/cpar.ufms.br\/files\/2023\/06\/IMG_20211208_125222_740-200x320.jpg 200w, https:\/\/cpar.ufms.br\/files\/2023\/06\/IMG_20211208_125222_740.jpg 1080w\" sizes=\"(max-width: 188px) 100vw, 188px\" \/><\/p>\n<p><strong>Raynne Ferreira Santos<\/strong><\/p>\n<p><em>Assistente social &#8211; SECAE<\/em><\/p>\n<p>E-mail: raynne.ferreira@ufms.br<\/p>\n<p><a href=\"http:\/\/lattes.cnpq.br\/4104247413829016\"><img decoding=\"async\" class=\"alignnone wp-image-697\" src=\"http:\/\/cpar.draconis.ufms.br\/files\/2014\/09\/currculo_lattes-300x123.jpg\" alt=\"currculo_lattes\" width=\"118\" height=\"49\" \/><\/a><\/p>\n<p>&nbsp;<\/p>\n<p><a href=\"http:\/\/cpar.draconis.ufms.br\/files\/2014\/09\/ronilson.jpg\"><img loading=\"lazy\" decoding=\"async\" class=\"alignnone wp-image-917\" src=\"http:\/\/cpar.draconis.ufms.br\/files\/2014\/09\/ronilson-204x300.jpg\" alt=\"ronilson\" width=\"130\" height=\"191\" \/><\/a><\/p>\n<p><strong>Ronilson Vilela dos Reis<\/strong><br \/>\n<em>T\u00e9cnico em Contabilidade\u2013 SECAD<\/em><br \/>\nemail: ronilson.vilela@ufms.br<\/p>\n","protected":false},"excerpt":{"rendered":"<p>Ailton Barbosa Junior T\u00e9cnico em Audiovisual ailton.barbosa@ufms.br &nbsp; &nbsp; Anderson da Silva Nascimento Tradutor e Int\u00e9rprete de Linguagem de Sinais anderson_silva@ufms.br &nbsp; Aur\u00e9lio Mateus Ara\u00fajo Souza Assistente em Administra\u00e7\u00e3o &#8211; SECAC aurelio.araujo@ufms.br &nbsp; Ang\u00e9lica Nunes Ferreira Assistente em Administra\u00e7\u00e3o &#8211; SAP angelica.nunes@ufms.br &nbsp; Ani Caroline Machado Assistente em Administra\u00e7\u00e3o &#8211; SECAC ani.machado@ufms.br &nbsp; Dirceu Lorenzi [&hellip;]<\/p>\n","protected":false},"author":1582,"featured_media":0,"parent":346,"menu_order":0,"comment_status":"closed","ping_status":"closed","template":"","meta":{"footnotes":""},"coauthors":[],"class_list":["post-642","page","type-page","status-publish","hentry"],"yoast_head":"<!-- This site is optimized with the Yoast SEO plugin v26.2 - https:\/\/yoast.com\/wordpress\/plugins\/seo\/ -->\n<title>T\u00e9cnicos-Administrativos - CPAR - Campus de Parana\u00edba<\/title>\n<meta name=\"robots\" content=\"index, follow, max-snippet:-1, max-image-preview:large, max-video-preview:-1\" \/>\n<link rel=\"canonical\" href=\"https:\/\/cpar.ufms.br\/institucional\/tecnicos-administrativos\/\" \/>\n<meta property=\"og:locale\" content=\"en_US\" \/>\n<meta property=\"og:type\" content=\"article\" \/>\n<meta property=\"og:title\" content=\"T\u00e9cnicos-Administrativos - CPAR - Campus de Parana\u00edba\" \/>\n<meta property=\"og:description\" content=\"Ailton Barbosa Junior T\u00e9cnico em Audiovisual ailton.barbosa@ufms.br &nbsp; &nbsp; Anderson da Silva Nascimento Tradutor e Int\u00e9rprete de Linguagem de Sinais anderson_silva@ufms.br &nbsp; Aur\u00e9lio Mateus Ara\u00fajo Souza Assistente em Administra\u00e7\u00e3o &#8211; SECAC aurelio.araujo@ufms.br &nbsp; Ang\u00e9lica Nunes Ferreira Assistente em Administra\u00e7\u00e3o &#8211; SAP angelica.nunes@ufms.br &nbsp; Ani Caroline Machado Assistente em Administra\u00e7\u00e3o &#8211; SECAC ani.machado@ufms.br &nbsp; Dirceu Lorenzi [&hellip;]\" \/>\n<meta property=\"og:url\" content=\"https:\/\/cpar.ufms.br\/institucional\/tecnicos-administrativos\/\" \/>\n<meta property=\"og:site_name\" content=\"CPAR - Campus de Parana\u00edba\" \/>\n<meta property=\"article:modified_time\" content=\"2023-08-18T15:41:05+00:00\" \/>\n<meta property=\"og:image\" content=\"https:\/\/cpar.ufms.br\/files\/2014\/09\/2326785-200x300.jpg\" \/>\n<meta name=\"twitter:label1\" content=\"Est. reading time\" \/>\n\t<meta name=\"twitter:data1\" content=\"8 minutes\" \/>\n\t<meta name=\"twitter:label2\" content=\"Written by\" \/>\n\t<meta name=\"twitter:data2\" content=\"CPAR.UFMS\" \/>\n<script type=\"application\/ld+json\" class=\"yoast-schema-graph\">{\"@context\":\"https:\/\/schema.org\",\"@graph\":[{\"@type\":\"WebPage\",\"@id\":\"https:\/\/cpar.ufms.br\/institucional\/tecnicos-administrativos\/\",\"url\":\"https:\/\/cpar.ufms.br\/institucional\/tecnicos-administrativos\/\",\"name\":\"T\u00e9cnicos-Administrativos - CPAR - Campus de Parana\u00edba\",\"isPartOf\":{\"@id\":\"https:\/\/cpar.ufms.br\/#website\"},\"primaryImageOfPage\":{\"@id\":\"https:\/\/cpar.ufms.br\/institucional\/tecnicos-administrativos\/#primaryimage\"},\"image\":{\"@id\":\"https:\/\/cpar.ufms.br\/institucional\/tecnicos-administrativos\/#primaryimage\"},\"thumbnailUrl\":\"https:\/\/cpar.ufms.br\/files\/2014\/09\/2326785-200x300.jpg\",\"datePublished\":\"2014-09-15T19:18:44+00:00\",\"dateModified\":\"2023-08-18T15:41:05+00:00\",\"breadcrumb\":{\"@id\":\"https:\/\/cpar.ufms.br\/institucional\/tecnicos-administrativos\/#breadcrumb\"},\"inLanguage\":\"en-US\",\"potentialAction\":[{\"@type\":\"ReadAction\",\"target\":[\"https:\/\/cpar.ufms.br\/institucional\/tecnicos-administrativos\/\"]}]},{\"@type\":\"ImageObject\",\"inLanguage\":\"en-US\",\"@id\":\"https:\/\/cpar.ufms.br\/institucional\/tecnicos-administrativos\/#primaryimage\",\"url\":\"https:\/\/cpar.ufms.br\/files\/2014\/09\/2326785-200x300.jpg\",\"contentUrl\":\"https:\/\/cpar.ufms.br\/files\/2014\/09\/2326785-200x300.jpg\"},{\"@type\":\"BreadcrumbList\",\"@id\":\"https:\/\/cpar.ufms.br\/institucional\/tecnicos-administrativos\/#breadcrumb\",\"itemListElement\":[{\"@type\":\"ListItem\",\"position\":1,\"name\":\"In\u00edcio\",\"item\":\"https:\/\/cpar.ufms.br\/\"},{\"@type\":\"ListItem\",\"position\":2,\"name\":\"Institucional\",\"item\":\"https:\/\/cpar.ufms.br\/institucional\/\"},{\"@type\":\"ListItem\",\"position\":3,\"name\":\"T\u00e9cnicos-Administrativos\"}]},{\"@type\":\"WebSite\",\"@id\":\"https:\/\/cpar.ufms.br\/#website\",\"url\":\"https:\/\/cpar.ufms.br\/\",\"name\":\"CPAR - Campus de Parana\u00edba\",\"description\":\"Universidade Federal de Mato Grosso do Sul\",\"potentialAction\":[{\"@type\":\"SearchAction\",\"target\":{\"@type\":\"EntryPoint\",\"urlTemplate\":\"https:\/\/cpar.ufms.br\/?s={search_term_string}\"},\"query-input\":{\"@type\":\"PropertyValueSpecification\",\"valueRequired\":true,\"valueName\":\"search_term_string\"}}],\"inLanguage\":\"en-US\"}]}<\/script>\n<!-- \/ Yoast SEO plugin. -->","yoast_head_json":{"title":"T\u00e9cnicos-Administrativos - CPAR - Campus de Parana\u00edba","robots":{"index":"index","follow":"follow","max-snippet":"max-snippet:-1","max-image-preview":"max-image-preview:large","max-video-preview":"max-video-preview:-1"},"canonical":"https:\/\/cpar.ufms.br\/institucional\/tecnicos-administrativos\/","og_locale":"en_US","og_type":"article","og_title":"T\u00e9cnicos-Administrativos - CPAR - Campus de Parana\u00edba","og_description":"Ailton Barbosa Junior T\u00e9cnico em Audiovisual ailton.barbosa@ufms.br &nbsp; &nbsp; Anderson da Silva Nascimento Tradutor e Int\u00e9rprete de Linguagem de Sinais anderson_silva@ufms.br &nbsp; Aur\u00e9lio Mateus Ara\u00fajo Souza Assistente em Administra\u00e7\u00e3o &#8211; SECAC aurelio.araujo@ufms.br &nbsp; Ang\u00e9lica Nunes Ferreira Assistente em Administra\u00e7\u00e3o &#8211; SAP angelica.nunes@ufms.br &nbsp; Ani Caroline Machado Assistente em Administra\u00e7\u00e3o &#8211; SECAC ani.machado@ufms.br &nbsp; Dirceu Lorenzi [&hellip;]","og_url":"https:\/\/cpar.ufms.br\/institucional\/tecnicos-administrativos\/","og_site_name":"CPAR - Campus de Parana\u00edba","article_modified_time":"2023-08-18T15:41:05+00:00","og_image":[{"url":"https:\/\/cpar.ufms.br\/files\/2014\/09\/2326785-200x300.jpg","type":"","width":"","height":""}],"twitter_misc":{"Est. reading time":"8 minutes","Written by":"CPAR.UFMS"},"schema":{"@context":"https:\/\/schema.org","@graph":[{"@type":"WebPage","@id":"https:\/\/cpar.ufms.br\/institucional\/tecnicos-administrativos\/","url":"https:\/\/cpar.ufms.br\/institucional\/tecnicos-administrativos\/","name":"T\u00e9cnicos-Administrativos - CPAR - Campus de Parana\u00edba","isPartOf":{"@id":"https:\/\/cpar.ufms.br\/#website"},"primaryImageOfPage":{"@id":"https:\/\/cpar.ufms.br\/institucional\/tecnicos-administrativos\/#primaryimage"},"image":{"@id":"https:\/\/cpar.ufms.br\/institucional\/tecnicos-administrativos\/#primaryimage"},"thumbnailUrl":"https:\/\/cpar.ufms.br\/files\/2014\/09\/2326785-200x300.jpg","datePublished":"2014-09-15T19:18:44+00:00","dateModified":"2023-08-18T15:41:05+00:00","breadcrumb":{"@id":"https:\/\/cpar.ufms.br\/institucional\/tecnicos-administrativos\/#breadcrumb"},"inLanguage":"en-US","potentialAction":[{"@type":"ReadAction","target":["https:\/\/cpar.ufms.br\/institucional\/tecnicos-administrativos\/"]}]},{"@type":"ImageObject","inLanguage":"en-US","@id":"https:\/\/cpar.ufms.br\/institucional\/tecnicos-administrativos\/#primaryimage","url":"https:\/\/cpar.ufms.br\/files\/2014\/09\/2326785-200x300.jpg","contentUrl":"https:\/\/cpar.ufms.br\/files\/2014\/09\/2326785-200x300.jpg"},{"@type":"BreadcrumbList","@id":"https:\/\/cpar.ufms.br\/institucional\/tecnicos-administrativos\/#breadcrumb","itemListElement":[{"@type":"ListItem","position":1,"name":"In\u00edcio","item":"https:\/\/cpar.ufms.br\/"},{"@type":"ListItem","position":2,"name":"Institucional","item":"https:\/\/cpar.ufms.br\/institucional\/"},{"@type":"ListItem","position":3,"name":"T\u00e9cnicos-Administrativos"}]},{"@type":"WebSite","@id":"https:\/\/cpar.ufms.br\/#website","url":"https:\/\/cpar.ufms.br\/","name":"CPAR - Campus de Parana\u00edba","description":"Universidade Federal de Mato Grosso do Sul","potentialAction":[{"@type":"SearchAction","target":{"@type":"EntryPoint","urlTemplate":"https:\/\/cpar.ufms.br\/?s={search_term_string}"},"query-input":{"@type":"PropertyValueSpecification","valueRequired":true,"valueName":"search_term_string"}}],"inLanguage":"en-US"}]}},"_links":{"self":[{"href":"https:\/\/cpar.ufms.br\/en\/wp-json\/wp\/v2\/pages\/642","targetHints":{"allow":["GET"]}}],"collection":[{"href":"https:\/\/cpar.ufms.br\/en\/wp-json\/wp\/v2\/pages"}],"about":[{"href":"https:\/\/cpar.ufms.br\/en\/wp-json\/wp\/v2\/types\/page"}],"author":[{"embeddable":true,"href":"https:\/\/cpar.ufms.br\/en\/wp-json\/wp\/v2\/users\/1582"}],"replies":[{"embeddable":true,"href":"https:\/\/cpar.ufms.br\/en\/wp-json\/wp\/v2\/comments?post=642"}],"version-history":[{"count":61,"href":"https:\/\/cpar.ufms.br\/en\/wp-json\/wp\/v2\/pages\/642\/revisions"}],"predecessor-version":[{"id":15334,"href":"https:\/\/cpar.ufms.br\/en\/wp-json\/wp\/v2\/pages\/642\/revisions\/15334"}],"up":[{"embeddable":true,"href":"https:\/\/cpar.ufms.br\/en\/wp-json\/wp\/v2\/pages\/346"}],"wp:attachment":[{"href":"https:\/\/cpar.ufms.br\/en\/wp-json\/wp\/v2\/media?parent=642"}],"wp:term":[{"taxonomy":"author","embeddable":true,"href":"https:\/\/cpar.ufms.br\/en\/wp-json\/wp\/v2\/coauthors?post=642"}],"curies":[{"name":"wp","href":"https:\/\/api.w.org\/{rel}","templated":true}]}}