{"id":645,"date":"2014-09-15T15:28:22","date_gmt":"2014-09-15T19:28:22","guid":{"rendered":"http:\/\/cpar.draconis.ufms.br\/?page_id=645"},"modified":"2023-05-15T14:10:45","modified_gmt":"2023-05-15T18:10:45","slug":"legislacao-e-normas-da-ufms","status":"publish","type":"page","link":"https:\/\/cpar.ufms.br\/en\/institucional\/legislacao-e-normas-da-ufms\/","title":{"rendered":"Legisla\u00e7\u00e3o e Normas da UFMS"},"content":{"rendered":"<p><span style=\"color: #0000ff\"><strong><a style=\"color: #0000ff\" href=\"https:\/\/cpar.ufms.br\/files\/2019\/06\/Estatuto-UFMS.pdf\">Estatuto da UFMS<\/a><\/strong><\/span><\/p>\n<p><span style=\"color: #0000ff\"><strong><a style=\"color: #0000ff\" href=\"https:\/\/cpar.ufms.br\/files\/2019\/06\/Regimento-Geral-da-UFMS.pdf\">Regimento Geral da UFMS<\/a><\/strong><\/span><\/p>\n<p><span style=\"color: #0000ff\"><strong><a style=\"color: #0000ff\" href=\"https:\/\/cpar.ufms.br\/files\/2019\/06\/Regimento-das-Unidades-da-Administra\u00e7\u00e3o-Setorial-da-UFMS.pdf\">Regimento das Unidades da Administra\u00e7\u00e3o Setorial da UFMS<\/a><\/strong><\/span><\/p>\n<p><a href=\"https:\/\/cpar.ufms.br\/files\/2022\/02\/RESOLUCAO-COUN-n-159-de-28-01-2022.pdf\"><strong> Ordem de c<\/strong><span class=\"fontstyle0\"><strong>ria\u00e7\u00e3o\/implanta\u00e7\u00e3o das Unidades da Administra\u00e7\u00e3o Setorial<\/strong> <\/span><\/a><\/p>\n<p><span style=\"color: #0000ff\"><strong><a style=\"color: #0000ff\" href=\"https:\/\/cpar.ufms.br\/files\/2019\/06\/Regimento-dos-Colegiados-de-Curso-da-UFMS.pdf\">Regimento dos Colegiados de Curso da UFMS<\/a><\/strong><\/span><\/p>\n<p><span style=\"color: #0000ff\"><strong><a style=\"color: #0000ff\" href=\"https:\/\/cpar.ufms.br\/files\/2019\/06\/Regulamento-N\u00facleo-Docente-Estruturante.pdf\">Regulamento N\u00facleo Docente Estruturante<\/a> <\/strong><\/span><\/p>\n<p><span style=\"color: #0000ff\"><strong><a style=\"color: #0000ff\" href=\"https:\/\/cpar.ufms.br\/files\/2019\/06\/Regulamento-de-Est\u00e1gio.pdf\">Regulamento de Est\u00e1gio<br \/>\n<\/a><\/strong><\/span><\/p>\n<p><a href=\"https:\/\/cpar.ufms.br\/files\/2021\/09\/RESOLUCAO-Conselho-de-Campus_CPAR-n-68-de-25-05-2020.-1.pdf\"><span style=\"color: #0000ff\"><strong>Regulamento do Laborat\u00f3rio de Inform\u00e1tica do CPAR<\/strong><\/span><\/a><\/p>\n<p><span style=\"color: #0000ff\"><strong><a style=\"color: #0000ff\" href=\"http:\/\/cpar.draconis.ufms.br\/files\/2014\/09\/Altera\u00e7\u00e3o-Regulamento-de-Est\u00e1gio.pdf\">Altera\u00e7\u00e3o Regulamento de Est\u00e1gio<\/a><\/strong><\/span><\/p>\n<p><span style=\"color: #0000ff\"><strong><a style=\"color: #0000ff\" href=\"https:\/\/cpar.ufms.br\/files\/2014\/10\/Resolucao-COUN-n.-73.2018-Regime-Disciplinar-dos-Estudantes-da-UFMS.pdf\">Resolucao COUN n. 73.2018 &#8211; Regime Disciplinar dos Estudantes da UFMS<\/a><\/strong><\/span><\/p>\n<p><span style=\"color: #0000ff\"><strong><a style=\"color: #0000ff\" href=\"http:\/\/cpar.draconis.ufms.br\/files\/2014\/09\/Manual-de-Compet\u00eancias-da-UFMS.pdf\">Manual de Compet\u00eancias da UFMS<\/a><\/strong><\/span><\/p>\n<p><span style=\"color: #0000ff\"><strong><a style=\"color: #0000ff\" href=\"https:\/\/cpar.ufms.br\/files\/2019\/06\/Manual-de-Correspondencias-e-Atos-Oficiais-da-UFMS-2015.pdf\">Manual de Correspond\u00eancias e Atos Oficiais da UFMS<\/a><\/strong><\/span><\/p>\n<p><span style=\"color: #0000ff\"><strong><a style=\"color: #0000ff\" href=\"http:\/\/cpar.draconis.ufms.br\/files\/2014\/09\/Resolu\u00e7\u00e3o-269-Regulamento-Geral-dos-Cursos-de-Gradua\u00e7\u00e3o-Presenciais.pdf\">Resolu\u00e7\u00e3o n.\u00ba 269\/2013 &#8211; Regulamento Geral dos Cursos de Gradua\u00e7\u00e3o Presenciais<\/a><\/strong><\/span><\/p>\n<p><span style=\"color: #0000ff\"><strong><a style=\"color: #0000ff\" href=\"http:\/\/cpar.draconis.ufms.br\/files\/2014\/09\/Resolucao-160.2015-COEG.pdf\">Resolu\u00e7\u00e3o COEG n.\u00ba 160\/2015 &#8211; Altera\u00e7\u00f5es na Resolu\u00e7\u00e3o n.\u00ba 269\/2013<\/a><\/strong><\/span><\/p>\n<p><span style=\"color: #0000ff\"><strong><a style=\"color: #0000ff\" href=\"https:\/\/cpar.ufms.br\/files\/2019\/06\/RESOLUCAO-COUN-COC_RTR-n-31-de-18-06-2015.-1.pdf\">C\u00f3digo de \u00c9tica Profissional dos Servidores em Exerc\u00edcio na UFMS &#8211; Resolu\u00e7\u00e3o n.\u00ba 31\/2015 &#8211; COUN<\/a><\/strong><\/span><\/p>\n<p><span style=\"color: #0000ff\"><strong><a style=\"color: #0000ff\" href=\"https:\/\/cpar.ufms.br\/files\/2015\/01\/Resolucao-CD-n.-93.2018-Regulamenta-as-condutas-e-principios-para-a-utilizacao-de-veiculos-oficiais-no-ambito-da-UFMS.pdf\">Resolucao CD n. 93.2018 &#8211; Regulamenta as condutas e principios para a utilizacao de veiculos oficiais no ambito da UFMS<\/a><\/strong><\/span><\/p>\n<p><span style=\"color: #0000ff\"><strong><a style=\"color: #0000ff\" href=\"https:\/\/cpar.ufms.br\/files\/2014\/09\/Uso-dos-espacos-fisicos-da-UFMS-Resolucao-CD-n.134.2017.pdf\">Uso dos espa\u00e7os f\u00edsicos da UFMS &#8211; Resolu\u00e7\u00e3o CD n.\u00ba134\/2017<\/a><\/strong><\/span><\/p>\n<p><span style=\"color: #0000ff\"><strong><a style=\"color: #0000ff\" href=\"https:\/\/cpar.ufms.br\/files\/2019\/06\/RESOLUCAO-CD-n-132-de-25-07-2017.-Normas-para-o-Programa-de-Qualificacao-Capacitacao-e-Aperfeicoamento-docente-UFMS.pdf\">Normas para o Programa de Qualifica\u00e7\u00e3o, Capacita\u00e7\u00e3o e Aperfei\u00e7oamento docente UFMS &#8211; Resolu\u00e7\u00e3o CD n.\u00ba132\/2017<\/a> <\/strong><\/span><\/p>\n<p><span style=\"color: #0000ff\"><strong><a style=\"color: #0000ff\" href=\"https:\/\/cpar.ufms.br\/files\/2014\/09\/Plano-de-Governanca-de-bolsas-e-auxilios-Resolucao-CD-n.133.2017.pdf\">Plano de Governan\u00e7a de bolsas e aux\u00edlios &#8211; Resolu\u00e7\u00e3o CD n.\u00ba133\/2017<\/a><\/strong><\/span><\/p>\n<p><span style=\"color: #0000ff\"><strong><a style=\"color: #0000ff\" href=\"https:\/\/cpar.ufms.br\/files\/2014\/09\/RESOLUCAO-CD-n-276-de-15-12-2017-Normas-Regulamentadoras-para-Ades\u00e3o-e-Atua\u00e7\u00e3o-de-Docentes-Volunt\u00e1rios.pdf\">Normas Regulamentadoras para Ades\u00e3o e Atua\u00e7\u00e3o de Docentes Volunt\u00e1rios<\/a><\/strong><\/span><\/p>\n<p><span style=\"color: #0000ff\"><strong><a style=\"color: #0000ff\" href=\"https:\/\/cpar.ufms.br\/files\/2014\/09\/Normas-regulamentadoras-do-pagamento-do-adiconal-noturno.pdf\">Normas regulamentadoras do pagamento do adicional noturno<\/a><\/strong><\/span><\/p>\n<p><strong><span style=\"color: #0000ff\"><a style=\"color: #0000ff\" href=\"https:\/\/cpar.ufms.br\/files\/2014\/09\/Normatiza-a-remo\u00e7\u00e3o-de-servidores-licen\u00e7a-por-motivo-de-afastamento-do-c\u00f4njuge-e-a-redistribui\u00e7\u00e3o-de-cargos-no-\u00e2mbito-da-UFMS.pdf\">Normatiza a remo\u00e7\u00e3o de servidores, licen\u00e7a por motivo de afastamento do c\u00f4njuge e a redistribui\u00e7\u00e3o de cargos no \u00e2mbito da UFMS<\/a><\/span><\/strong><\/p>\n<p><strong><span style=\"color: #0000ff\"><a style=\"color: #0000ff\" href=\"https:\/\/cpar.ufms.br\/files\/2014\/09\/Estabelece-as-Normas-Regulamentadoras-das-rela\u00e7\u00f5es-entre-a-UFMS-e-as-Funda\u00e7\u00f5es-de-Apoio.pdf\">Estabelece as Normas Regulamentadoras das rela\u00e7\u00f5es entre a UFMS e as Funda\u00e7\u00f5es de Apoio<\/a><\/span><\/strong><\/p>\n<p><span style=\"color: #0000ff\"><strong><a style=\"color: #0000ff\" href=\"https:\/\/cpar.ufms.br\/files\/2014\/09\/Resolucao-CD-51.2018-Ferias-de-servidores.pdf\">Resolucao CD 51.2018 &#8211; F\u00e9rias de servidores<\/a><\/strong><\/span><\/p>\n<p><span style=\"color: #0000ff\"><strong><a href=\"https:\/\/cpar.ufms.br\/files\/2020\/02\/Resolucao-CD-n.7.2020-Normas-dos-afastamentos-DO-e-NO-pais-e-concessao-de-diarias-para-servidores.pdf\"><span style=\"color: #993366\">Resolucao CD n.7.2020 &#8211; Normas dos afastamentos DO e NO pais e concessao de diarias para servidores<\/span><\/a><\/strong><\/span><\/p>\n<p><span style=\"color: #0000ff\"><strong><a style=\"color: #0000ff\" href=\"https:\/\/cpar.ufms.br\/files\/2014\/09\/Resolucao-COUN-n.130.2018-Normas-do-Cerimonial-da-UFMS.pdf\">Resolucao COUN n.130.2018 &#8211; Normas do Cerimonial da UFMS<\/a><\/strong><\/span><\/p>\n<p><strong><span style=\"color: #993366\"><a style=\"color: #993366\" href=\"https:\/\/cpar.ufms.br\/files\/2014\/09\/Resolucao-COGRAD-n.-550.2018-Regulamento-Geral-dos-Cursos-de-Graduacao-da-UFMS-Republicacao.pdf\">Resolucao COGRAD n. 550.2018 &#8211; Regulamento Geral dos Cursos de Graduacao da UFMS &#8211; Republicacao<\/a><\/span><\/strong><\/p>\n","protected":false},"excerpt":{"rendered":"<p>Estatuto da UFMS Regimento Geral da UFMS Regimento das Unidades da Administra\u00e7\u00e3o Setorial da UFMS Ordem de cria\u00e7\u00e3o\/implanta\u00e7\u00e3o das Unidades da Administra\u00e7\u00e3o Setorial Regimento dos Colegiados de Curso da UFMS Regulamento N\u00facleo Docente Estruturante Regulamento de Est\u00e1gio Regulamento do Laborat\u00f3rio de Inform\u00e1tica do CPAR Altera\u00e7\u00e3o Regulamento de Est\u00e1gio Resolucao COUN n. 73.2018 &#8211; Regime Disciplinar [&hellip;]<\/p>\n","protected":false},"author":1582,"featured_media":0,"parent":346,"menu_order":0,"comment_status":"closed","ping_status":"closed","template":"","meta":{"footnotes":""},"coauthors":[],"class_list":["post-645","page","type-page","status-publish","hentry"],"yoast_head":"<!-- This site is optimized with the Yoast SEO plugin v26.2 - https:\/\/yoast.com\/wordpress\/plugins\/seo\/ -->\n<title>Legisla\u00e7\u00e3o e Normas da UFMS - CPAR - Campus de Parana\u00edba<\/title>\n<meta name=\"robots\" content=\"index, follow, max-snippet:-1, max-image-preview:large, max-video-preview:-1\" \/>\n<link rel=\"canonical\" href=\"https:\/\/cpar.ufms.br\/institucional\/legislacao-e-normas-da-ufms\/\" \/>\n<meta property=\"og:locale\" content=\"en_US\" \/>\n<meta property=\"og:type\" content=\"article\" \/>\n<meta property=\"og:title\" content=\"Legisla\u00e7\u00e3o e Normas da UFMS - CPAR - Campus de Parana\u00edba\" \/>\n<meta property=\"og:description\" content=\"Estatuto da UFMS Regimento Geral da UFMS Regimento das Unidades da Administra\u00e7\u00e3o Setorial da UFMS Ordem de cria\u00e7\u00e3o\/implanta\u00e7\u00e3o das Unidades da Administra\u00e7\u00e3o Setorial Regimento dos Colegiados de Curso da UFMS Regulamento N\u00facleo Docente Estruturante Regulamento de Est\u00e1gio Regulamento do Laborat\u00f3rio de Inform\u00e1tica do CPAR Altera\u00e7\u00e3o Regulamento de Est\u00e1gio Resolucao COUN n. 73.2018 &#8211; Regime Disciplinar [&hellip;]\" \/>\n<meta property=\"og:url\" content=\"https:\/\/cpar.ufms.br\/institucional\/legislacao-e-normas-da-ufms\/\" \/>\n<meta property=\"og:site_name\" content=\"CPAR - Campus de Parana\u00edba\" \/>\n<meta property=\"article:modified_time\" content=\"2023-05-15T18:10:45+00:00\" \/>\n<meta name=\"twitter:label1\" content=\"Est. reading time\" \/>\n\t<meta name=\"twitter:data1\" content=\"2 minutes\" \/>\n\t<meta name=\"twitter:label2\" content=\"Written by\" \/>\n\t<meta name=\"twitter:data2\" content=\"CPAR.UFMS\" \/>\n<script type=\"application\/ld+json\" class=\"yoast-schema-graph\">{\"@context\":\"https:\/\/schema.org\",\"@graph\":[{\"@type\":\"WebPage\",\"@id\":\"https:\/\/cpar.ufms.br\/institucional\/legislacao-e-normas-da-ufms\/\",\"url\":\"https:\/\/cpar.ufms.br\/institucional\/legislacao-e-normas-da-ufms\/\",\"name\":\"Legisla\u00e7\u00e3o e Normas da UFMS - CPAR - Campus de Parana\u00edba\",\"isPartOf\":{\"@id\":\"https:\/\/cpar.ufms.br\/#website\"},\"datePublished\":\"2014-09-15T19:28:22+00:00\",\"dateModified\":\"2023-05-15T18:10:45+00:00\",\"breadcrumb\":{\"@id\":\"https:\/\/cpar.ufms.br\/institucional\/legislacao-e-normas-da-ufms\/#breadcrumb\"},\"inLanguage\":\"en-US\",\"potentialAction\":[{\"@type\":\"ReadAction\",\"target\":[\"https:\/\/cpar.ufms.br\/institucional\/legislacao-e-normas-da-ufms\/\"]}]},{\"@type\":\"BreadcrumbList\",\"@id\":\"https:\/\/cpar.ufms.br\/institucional\/legislacao-e-normas-da-ufms\/#breadcrumb\",\"itemListElement\":[{\"@type\":\"ListItem\",\"position\":1,\"name\":\"In\u00edcio\",\"item\":\"https:\/\/cpar.ufms.br\/\"},{\"@type\":\"ListItem\",\"position\":2,\"name\":\"Institucional\",\"item\":\"https:\/\/cpar.ufms.br\/institucional\/\"},{\"@type\":\"ListItem\",\"position\":3,\"name\":\"Legisla\u00e7\u00e3o e Normas da UFMS\"}]},{\"@type\":\"WebSite\",\"@id\":\"https:\/\/cpar.ufms.br\/#website\",\"url\":\"https:\/\/cpar.ufms.br\/\",\"name\":\"CPAR - Campus de Parana\u00edba\",\"description\":\"Universidade Federal de Mato Grosso do Sul\",\"potentialAction\":[{\"@type\":\"SearchAction\",\"target\":{\"@type\":\"EntryPoint\",\"urlTemplate\":\"https:\/\/cpar.ufms.br\/?s={search_term_string}\"},\"query-input\":{\"@type\":\"PropertyValueSpecification\",\"valueRequired\":true,\"valueName\":\"search_term_string\"}}],\"inLanguage\":\"en-US\"}]}<\/script>\n<!-- \/ Yoast SEO plugin. -->","yoast_head_json":{"title":"Legisla\u00e7\u00e3o e Normas da UFMS - CPAR - Campus de Parana\u00edba","robots":{"index":"index","follow":"follow","max-snippet":"max-snippet:-1","max-image-preview":"max-image-preview:large","max-video-preview":"max-video-preview:-1"},"canonical":"https:\/\/cpar.ufms.br\/institucional\/legislacao-e-normas-da-ufms\/","og_locale":"en_US","og_type":"article","og_title":"Legisla\u00e7\u00e3o e Normas da UFMS - CPAR - Campus de Parana\u00edba","og_description":"Estatuto da UFMS Regimento Geral da UFMS Regimento das Unidades da Administra\u00e7\u00e3o Setorial da UFMS Ordem de cria\u00e7\u00e3o\/implanta\u00e7\u00e3o das Unidades da Administra\u00e7\u00e3o Setorial Regimento dos Colegiados de Curso da UFMS Regulamento N\u00facleo Docente Estruturante Regulamento de Est\u00e1gio Regulamento do Laborat\u00f3rio de Inform\u00e1tica do CPAR Altera\u00e7\u00e3o Regulamento de Est\u00e1gio Resolucao COUN n. 73.2018 &#8211; Regime Disciplinar [&hellip;]","og_url":"https:\/\/cpar.ufms.br\/institucional\/legislacao-e-normas-da-ufms\/","og_site_name":"CPAR - Campus de Parana\u00edba","article_modified_time":"2023-05-15T18:10:45+00:00","twitter_misc":{"Est. reading time":"2 minutes","Written by":"CPAR.UFMS"},"schema":{"@context":"https:\/\/schema.org","@graph":[{"@type":"WebPage","@id":"https:\/\/cpar.ufms.br\/institucional\/legislacao-e-normas-da-ufms\/","url":"https:\/\/cpar.ufms.br\/institucional\/legislacao-e-normas-da-ufms\/","name":"Legisla\u00e7\u00e3o e Normas da UFMS - CPAR - Campus de Parana\u00edba","isPartOf":{"@id":"https:\/\/cpar.ufms.br\/#website"},"datePublished":"2014-09-15T19:28:22+00:00","dateModified":"2023-05-15T18:10:45+00:00","breadcrumb":{"@id":"https:\/\/cpar.ufms.br\/institucional\/legislacao-e-normas-da-ufms\/#breadcrumb"},"inLanguage":"en-US","potentialAction":[{"@type":"ReadAction","target":["https:\/\/cpar.ufms.br\/institucional\/legislacao-e-normas-da-ufms\/"]}]},{"@type":"BreadcrumbList","@id":"https:\/\/cpar.ufms.br\/institucional\/legislacao-e-normas-da-ufms\/#breadcrumb","itemListElement":[{"@type":"ListItem","position":1,"name":"In\u00edcio","item":"https:\/\/cpar.ufms.br\/"},{"@type":"ListItem","position":2,"name":"Institucional","item":"https:\/\/cpar.ufms.br\/institucional\/"},{"@type":"ListItem","position":3,"name":"Legisla\u00e7\u00e3o e Normas da UFMS"}]},{"@type":"WebSite","@id":"https:\/\/cpar.ufms.br\/#website","url":"https:\/\/cpar.ufms.br\/","name":"CPAR - Campus de Parana\u00edba","description":"Universidade Federal de Mato Grosso do Sul","potentialAction":[{"@type":"SearchAction","target":{"@type":"EntryPoint","urlTemplate":"https:\/\/cpar.ufms.br\/?s={search_term_string}"},"query-input":{"@type":"PropertyValueSpecification","valueRequired":true,"valueName":"search_term_string"}}],"inLanguage":"en-US"}]}},"_links":{"self":[{"href":"https:\/\/cpar.ufms.br\/en\/wp-json\/wp\/v2\/pages\/645","targetHints":{"allow":["GET"]}}],"collection":[{"href":"https:\/\/cpar.ufms.br\/en\/wp-json\/wp\/v2\/pages"}],"about":[{"href":"https:\/\/cpar.ufms.br\/en\/wp-json\/wp\/v2\/types\/page"}],"author":[{"embeddable":true,"href":"https:\/\/cpar.ufms.br\/en\/wp-json\/wp\/v2\/users\/1582"}],"replies":[{"embeddable":true,"href":"https:\/\/cpar.ufms.br\/en\/wp-json\/wp\/v2\/comments?post=645"}],"version-history":[{"count":36,"href":"https:\/\/cpar.ufms.br\/en\/wp-json\/wp\/v2\/pages\/645\/revisions"}],"predecessor-version":[{"id":14904,"href":"https:\/\/cpar.ufms.br\/en\/wp-json\/wp\/v2\/pages\/645\/revisions\/14904"}],"up":[{"embeddable":true,"href":"https:\/\/cpar.ufms.br\/en\/wp-json\/wp\/v2\/pages\/346"}],"wp:attachment":[{"href":"https:\/\/cpar.ufms.br\/en\/wp-json\/wp\/v2\/media?parent=645"}],"wp:term":[{"taxonomy":"author","embeddable":true,"href":"https:\/\/cpar.ufms.br\/en\/wp-json\/wp\/v2\/coauthors?post=645"}],"curies":[{"name":"wp","href":"https:\/\/api.w.org\/{rel}","templated":true}]}}