{"id":6617,"date":"2018-02-28T14:26:09","date_gmt":"2018-02-28T18:26:09","guid":{"rendered":"https:\/\/cpar.ufms.br\/?page_id=6617"},"modified":"2021-03-09T13:34:10","modified_gmt":"2021-03-09T17:34:10","slug":"depoimentos-de-egressos","status":"publish","type":"page","link":"https:\/\/cpar.ufms.br\/en\/graduacao\/administracao\/depoimentos-de-egressos\/","title":{"rendered":"Depoimentos de Egressos"},"content":{"rendered":"<p>&nbsp;<\/p>\n<p>Esta \u00e9 uma s\u00e9rie de depoimentos colhidos de egressos do curso de Bacharelado em Administra\u00e7\u00e3o, da Universidade Federal de Mato Grosso do Sul, campus de Parana\u00edba.<\/p>\n<h1>#SouUFMS &#8211; Administra\u00e7\u00e3o<\/h1>\n<h3>Ant\u00f4nio Augusto Pinto Junior<\/h3>\n<p><iframe title=\"#SouUFMS - Administra\u00e7\u00e3o\" width=\"500\" height=\"281\" src=\"https:\/\/www.youtube.com\/embed\/RRsylN8dxWw?feature=oembed\" frameborder=\"0\" allow=\"accelerometer; autoplay; clipboard-write; encrypted-media; gyroscope; picture-in-picture; web-share\" referrerpolicy=\"strict-origin-when-cross-origin\" allowfullscreen><\/iframe><\/p>\n<h1><\/h1>\n<h3>Henrique<\/h3>\n<p><iframe title=\"#SouUFMS - Administra\u00e7\u00e3o\" width=\"500\" height=\"281\" src=\"https:\/\/www.youtube.com\/embed\/xx8zKXvnoAk?feature=oembed\" frameborder=\"0\" allow=\"accelerometer; autoplay; clipboard-write; encrypted-media; gyroscope; picture-in-picture; web-share\" referrerpolicy=\"strict-origin-when-cross-origin\" allowfullscreen><\/iframe><\/p>\n<h1><\/h1>\n<h3>Ma\u00edsa<\/h3>\n<p><iframe title=\"#SouUFMS - Administra\u00e7\u00e3o\" width=\"500\" height=\"281\" src=\"https:\/\/www.youtube.com\/embed\/sYUiSEikZkE?feature=oembed\" frameborder=\"0\" allow=\"accelerometer; autoplay; clipboard-write; encrypted-media; gyroscope; picture-in-picture; web-share\" referrerpolicy=\"strict-origin-when-cross-origin\" allowfullscreen><\/iframe><\/p>\n<h1><\/h1>\n<h3>Talia Martins<\/h3>\n<p><iframe title=\"#SouUFMS - Administra\u00e7\u00e3o\" width=\"500\" height=\"281\" src=\"https:\/\/www.youtube.com\/embed\/QysKKlVNxY8?feature=oembed\" frameborder=\"0\" allow=\"accelerometer; autoplay; clipboard-write; encrypted-media; gyroscope; picture-in-picture; web-share\" referrerpolicy=\"strict-origin-when-cross-origin\" allowfullscreen><\/iframe><\/p>\n<p>&nbsp;<\/p>\n<h1><\/h1>\n<h3>Lucas<\/h3>\n<p><iframe title=\"#SouUFMS - Administra\u00e7\u00e3o\" width=\"500\" height=\"281\" src=\"https:\/\/www.youtube.com\/embed\/6-LKDeXEk2Q?feature=oembed\" frameborder=\"0\" allow=\"accelerometer; autoplay; clipboard-write; encrypted-media; gyroscope; picture-in-picture; web-share\" referrerpolicy=\"strict-origin-when-cross-origin\" allowfullscreen><\/iframe><\/p>\n<p>&nbsp;<\/p>\n<h1><\/h1>\n<h3>Marlon<\/h3>\n<p><iframe title=\"#SouUFMS - Administra\u00e7\u00e3o\" width=\"500\" height=\"281\" src=\"https:\/\/www.youtube.com\/embed\/4FM_zY-pL-I?feature=oembed\" frameborder=\"0\" allow=\"accelerometer; autoplay; clipboard-write; encrypted-media; gyroscope; picture-in-picture; web-share\" referrerpolicy=\"strict-origin-when-cross-origin\" allowfullscreen><\/iframe><\/p>\n<h1 class=\"title style-scope ytd-video-primary-info-renderer\"><\/h1>\n<h3>Monique Gon\u00e7alves<\/h3>\n<p><iframe title=\"#SouUFMS - Administra\u00e7\u00e3o\" width=\"500\" height=\"281\" src=\"https:\/\/www.youtube.com\/embed\/NQlwcqSca-M?feature=oembed\" frameborder=\"0\" allow=\"accelerometer; autoplay; clipboard-write; encrypted-media; gyroscope; picture-in-picture; web-share\" referrerpolicy=\"strict-origin-when-cross-origin\" allowfullscreen><\/iframe><\/p>\n<h3>Giovanni Alves<\/h3>\n<p><iframe title=\"#SouUFMS - Administra\u00e7\u00e3o\" width=\"500\" height=\"281\" src=\"https:\/\/www.youtube.com\/embed\/kR8-pQqPBkY?feature=oembed\" frameborder=\"0\" allow=\"accelerometer; autoplay; clipboard-write; encrypted-media; gyroscope; picture-in-picture; web-share\" referrerpolicy=\"strict-origin-when-cross-origin\" allowfullscreen><\/iframe><\/p>\n<h3>Francis Neffe Queiroz Arantes<\/h3>\n<p><iframe title=\"#SouUFMS - Administra\u00e7\u00e3o\" width=\"500\" height=\"281\" src=\"https:\/\/www.youtube.com\/embed\/ffCbBwTIZTo?feature=oembed\" frameborder=\"0\" allow=\"accelerometer; autoplay; clipboard-write; encrypted-media; gyroscope; picture-in-picture; web-share\" referrerpolicy=\"strict-origin-when-cross-origin\" allowfullscreen><\/iframe><\/p>\n<h3><\/h3>\n<h3>Hillen Cristiny Preti de Freitas<\/h3>\n<p><iframe title=\"#SouUFMS - Administra\u00e7\u00e3o\" width=\"500\" height=\"281\" src=\"https:\/\/www.youtube.com\/embed\/KLNbXIcv7ls?feature=oembed\" frameborder=\"0\" allow=\"accelerometer; autoplay; clipboard-write; encrypted-media; gyroscope; picture-in-picture; web-share\" referrerpolicy=\"strict-origin-when-cross-origin\" allowfullscreen><\/iframe><\/p>\n<p>&nbsp;<\/p>\n<h3><strong>Redivaguiner Ant\u00f4nio Souza Dias<\/strong><\/h3>\n<p><iframe title=\"#SouUFMS - Administra\u00e7\u00e3o\" width=\"600\" height=\"338\" src=\"https:\/\/www.youtube.com\/embed\/ZJQomktgsPE?feature=oembed\" frameborder=\"0\" allow=\"accelerometer; autoplay; clipboard-write; encrypted-media; gyroscope; picture-in-picture; web-share\" referrerpolicy=\"strict-origin-when-cross-origin\" allowfullscreen><\/iframe><\/p>\n<p>&nbsp;<\/p>\n<h3><strong>Maria Rosa Quintino Link<\/strong><\/h3>\n<p><iframe title=\"#SouUFMS - Administra\u00e7\u00e3o\" width=\"600\" height=\"338\" src=\"https:\/\/www.youtube.com\/embed\/Q_YHj12xzBw?feature=oembed\" frameborder=\"0\" allow=\"accelerometer; autoplay; clipboard-write; encrypted-media; gyroscope; picture-in-picture; web-share\" referrerpolicy=\"strict-origin-when-cross-origin\" allowfullscreen><\/iframe><\/p>\n<p>&nbsp;<\/p>\n<h3><strong>Paulo Ricardo Souza Silva<\/strong><\/h3>\n<p><iframe title=\"#SouUFMS - Administra\u00e7\u00e3o\" width=\"600\" height=\"338\" src=\"https:\/\/www.youtube.com\/embed\/x3ydcV4E1_A?feature=oembed\" frameborder=\"0\" allow=\"accelerometer; autoplay; clipboard-write; encrypted-media; gyroscope; picture-in-picture; web-share\" referrerpolicy=\"strict-origin-when-cross-origin\" allowfullscreen><\/iframe><\/p>\n<p>&nbsp;<\/p>\n<h3>Guilherme Domont M. Serrar<\/h3>\n<p><iframe title=\"#SouUFMS - Administra\u00e7\u00e3o\" width=\"600\" height=\"338\" src=\"https:\/\/www.youtube.com\/embed\/o4JTqfEpZJY?feature=oembed\" frameborder=\"0\" allow=\"accelerometer; autoplay; clipboard-write; encrypted-media; gyroscope; picture-in-picture; web-share\" referrerpolicy=\"strict-origin-when-cross-origin\" allowfullscreen><\/iframe><\/p>\n<p>&nbsp;<\/p>\n<h3><strong>Luciano Costa Maia<\/strong><\/h3>\n<p><iframe title=\"#SouUFMS - Administra\u00e7\u00e3o\" width=\"600\" height=\"338\" src=\"https:\/\/www.youtube.com\/embed\/Y7sfcbIMF0g?feature=oembed\" frameborder=\"0\" allow=\"accelerometer; autoplay; clipboard-write; encrypted-media; gyroscope; picture-in-picture; web-share\" referrerpolicy=\"strict-origin-when-cross-origin\" allowfullscreen><\/iframe><\/p>\n<p>&nbsp;<\/p>\n<h3><strong>Tito Borges<\/strong><\/h3>\n<p><iframe title=\"#SouUFMS - Administra\u00e7\u00e3o\" width=\"500\" height=\"281\" src=\"https:\/\/www.youtube.com\/embed\/QLbCXPVjS4E?feature=oembed\" frameborder=\"0\" allow=\"accelerometer; autoplay; clipboard-write; encrypted-media; gyroscope; picture-in-picture; web-share\" referrerpolicy=\"strict-origin-when-cross-origin\" allowfullscreen><\/iframe><\/p>\n<p>&nbsp;<\/p>\n<h3><strong>Jessica Alves Pereira<\/strong><\/h3>\n<p><iframe title=\"#SouUFMS - Administra\u00e7\u00e3o\" width=\"500\" height=\"281\" src=\"https:\/\/www.youtube.com\/embed\/qaCTdcILd-Q?feature=oembed\" frameborder=\"0\" allow=\"accelerometer; autoplay; clipboard-write; encrypted-media; gyroscope; picture-in-picture; web-share\" referrerpolicy=\"strict-origin-when-cross-origin\" allowfullscreen><\/iframe><\/p>\n<p>&nbsp;<\/p>\n<h3>Jos\u00e9 Cicero Melo<\/h3>\n<p><iframe title=\"#SouUFMS - Administra\u00e7\u00e3o\" width=\"500\" height=\"281\" src=\"https:\/\/www.youtube.com\/embed\/HVdABNrNlOw?feature=oembed\" frameborder=\"0\" allow=\"accelerometer; autoplay; clipboard-write; encrypted-media; gyroscope; picture-in-picture; web-share\" referrerpolicy=\"strict-origin-when-cross-origin\" allowfullscreen><\/iframe><\/p>\n<p>&nbsp;<\/p>\n<h3>Cintia de Souza Nascimento Andrade Santos<\/h3>\n<p><iframe title=\"#SouUFMS - Administra\u00e7\u00e3o\" width=\"500\" height=\"281\" src=\"https:\/\/www.youtube.com\/embed\/NtqZ34pMHBo?feature=oembed\" frameborder=\"0\" allow=\"accelerometer; autoplay; clipboard-write; encrypted-media; gyroscope; picture-in-picture; web-share\" referrerpolicy=\"strict-origin-when-cross-origin\" allowfullscreen><\/iframe><\/p>\n<p>&nbsp;<\/p>\n<h3>Jaqueline Correa Gomes<\/h3>\n<p><iframe title=\"#SouUFMS - Administra\u00e7\u00e3o\" width=\"500\" height=\"281\" src=\"https:\/\/www.youtube.com\/embed\/S2XtmyxHJDc?feature=oembed\" frameborder=\"0\" allow=\"accelerometer; autoplay; clipboard-write; encrypted-media; gyroscope; picture-in-picture; web-share\" referrerpolicy=\"strict-origin-when-cross-origin\" allowfullscreen><\/iframe><\/p>\n","protected":false},"excerpt":{"rendered":"<p>&nbsp; Esta \u00e9 uma s\u00e9rie de depoimentos colhidos de egressos do curso de Bacharelado em Administra\u00e7\u00e3o, da Universidade Federal de Mato Grosso do Sul, campus de Parana\u00edba. #SouUFMS &#8211; Administra\u00e7\u00e3o Ant\u00f4nio Augusto Pinto Junior Henrique Ma\u00edsa Talia Martins &nbsp; Lucas &nbsp; Marlon Monique Gon\u00e7alves Giovanni Alves Francis Neffe Queiroz Arantes Hillen Cristiny Preti de Freitas [&hellip;]<\/p>\n","protected":false},"author":1381,"featured_media":1324,"parent":83,"menu_order":0,"comment_status":"closed","ping_status":"closed","template":"page-templates\/page-coordenadorias.php","meta":{"footnotes":""},"coauthors":[],"class_list":["post-6617","page","type-page","status-publish","has-post-thumbnail","hentry"],"yoast_head":"<!-- This site is optimized with the Yoast SEO plugin v26.2 - https:\/\/yoast.com\/wordpress\/plugins\/seo\/ -->\n<title>Depoimentos de Egressos - CPAR - Campus de Parana\u00edba<\/title>\n<meta name=\"robots\" content=\"index, follow, max-snippet:-1, max-image-preview:large, max-video-preview:-1\" \/>\n<link rel=\"canonical\" href=\"https:\/\/cpar.ufms.br\/graduacao\/administracao\/depoimentos-de-egressos\/\" \/>\n<meta property=\"og:locale\" content=\"en_US\" \/>\n<meta property=\"og:type\" content=\"article\" \/>\n<meta property=\"og:title\" content=\"Depoimentos de Egressos - CPAR - Campus de Parana\u00edba\" \/>\n<meta property=\"og:description\" content=\"&nbsp; Esta \u00e9 uma s\u00e9rie de depoimentos colhidos de egressos do curso de Bacharelado em Administra\u00e7\u00e3o, da Universidade Federal de Mato Grosso do Sul, campus de Parana\u00edba. #SouUFMS &#8211; Administra\u00e7\u00e3o Ant\u00f4nio Augusto Pinto Junior Henrique Ma\u00edsa Talia Martins &nbsp; Lucas &nbsp; Marlon Monique Gon\u00e7alves Giovanni Alves Francis Neffe Queiroz Arantes Hillen Cristiny Preti de Freitas [&hellip;]\" \/>\n<meta property=\"og:url\" content=\"https:\/\/cpar.ufms.br\/graduacao\/administracao\/depoimentos-de-egressos\/\" \/>\n<meta property=\"og:site_name\" content=\"CPAR - Campus de Parana\u00edba\" \/>\n<meta property=\"article:modified_time\" content=\"2021-03-09T17:34:10+00:00\" \/>\n<meta property=\"og:image\" content=\"https:\/\/cpar.ufms.br\/files\/2013\/02\/NEWSd0dd99b933.jpg\" \/>\n\t<meta property=\"og:image:width\" content=\"400\" \/>\n\t<meta property=\"og:image:height\" content=\"300\" \/>\n\t<meta property=\"og:image:type\" content=\"image\/jpeg\" \/>\n<meta name=\"twitter:label1\" content=\"Est. reading time\" \/>\n\t<meta name=\"twitter:data1\" content=\"1 minute\" \/>\n\t<meta name=\"twitter:label2\" content=\"Written by\" \/>\n\t<meta name=\"twitter:data2\" content=\"dirceu.matos\" \/>\n<script type=\"application\/ld+json\" class=\"yoast-schema-graph\">{\"@context\":\"https:\/\/schema.org\",\"@graph\":[{\"@type\":\"WebPage\",\"@id\":\"https:\/\/cpar.ufms.br\/graduacao\/administracao\/depoimentos-de-egressos\/\",\"url\":\"https:\/\/cpar.ufms.br\/graduacao\/administracao\/depoimentos-de-egressos\/\",\"name\":\"Depoimentos de Egressos - CPAR - Campus de Parana\u00edba\",\"isPartOf\":{\"@id\":\"https:\/\/cpar.ufms.br\/#website\"},\"primaryImageOfPage\":{\"@id\":\"https:\/\/cpar.ufms.br\/graduacao\/administracao\/depoimentos-de-egressos\/#primaryimage\"},\"image\":{\"@id\":\"https:\/\/cpar.ufms.br\/graduacao\/administracao\/depoimentos-de-egressos\/#primaryimage\"},\"thumbnailUrl\":\"https:\/\/cpar.ufms.br\/files\/2013\/02\/NEWSd0dd99b933.jpg\",\"datePublished\":\"2018-02-28T18:26:09+00:00\",\"dateModified\":\"2021-03-09T17:34:10+00:00\",\"breadcrumb\":{\"@id\":\"https:\/\/cpar.ufms.br\/graduacao\/administracao\/depoimentos-de-egressos\/#breadcrumb\"},\"inLanguage\":\"en-US\",\"potentialAction\":[{\"@type\":\"ReadAction\",\"target\":[\"https:\/\/cpar.ufms.br\/graduacao\/administracao\/depoimentos-de-egressos\/\"]}]},{\"@type\":\"ImageObject\",\"inLanguage\":\"en-US\",\"@id\":\"https:\/\/cpar.ufms.br\/graduacao\/administracao\/depoimentos-de-egressos\/#primaryimage\",\"url\":\"https:\/\/cpar.ufms.br\/files\/2013\/02\/NEWSd0dd99b933.jpg\",\"contentUrl\":\"https:\/\/cpar.ufms.br\/files\/2013\/02\/NEWSd0dd99b933.jpg\",\"width\":400,\"height\":300},{\"@type\":\"BreadcrumbList\",\"@id\":\"https:\/\/cpar.ufms.br\/graduacao\/administracao\/depoimentos-de-egressos\/#breadcrumb\",\"itemListElement\":[{\"@type\":\"ListItem\",\"position\":1,\"name\":\"In\u00edcio\",\"item\":\"https:\/\/cpar.ufms.br\/\"},{\"@type\":\"ListItem\",\"position\":2,\"name\":\"Gradua\u00e7\u00e3o\",\"item\":\"https:\/\/cpar.ufms.br\/graduacao\/\"},{\"@type\":\"ListItem\",\"position\":3,\"name\":\"Administra\u00e7\u00e3o\",\"item\":\"https:\/\/cpar.ufms.br\/graduacao\/administracao\/\"},{\"@type\":\"ListItem\",\"position\":4,\"name\":\"Depoimentos de Egressos\"}]},{\"@type\":\"WebSite\",\"@id\":\"https:\/\/cpar.ufms.br\/#website\",\"url\":\"https:\/\/cpar.ufms.br\/\",\"name\":\"CPAR - Campus de Parana\u00edba\",\"description\":\"Universidade Federal de Mato Grosso do Sul\",\"potentialAction\":[{\"@type\":\"SearchAction\",\"target\":{\"@type\":\"EntryPoint\",\"urlTemplate\":\"https:\/\/cpar.ufms.br\/?s={search_term_string}\"},\"query-input\":{\"@type\":\"PropertyValueSpecification\",\"valueRequired\":true,\"valueName\":\"search_term_string\"}}],\"inLanguage\":\"en-US\"}]}<\/script>\n<!-- \/ Yoast SEO plugin. -->","yoast_head_json":{"title":"Depoimentos de Egressos - CPAR - Campus de Parana\u00edba","robots":{"index":"index","follow":"follow","max-snippet":"max-snippet:-1","max-image-preview":"max-image-preview:large","max-video-preview":"max-video-preview:-1"},"canonical":"https:\/\/cpar.ufms.br\/graduacao\/administracao\/depoimentos-de-egressos\/","og_locale":"en_US","og_type":"article","og_title":"Depoimentos de Egressos - CPAR - Campus de Parana\u00edba","og_description":"&nbsp; Esta \u00e9 uma s\u00e9rie de depoimentos colhidos de egressos do curso de Bacharelado em Administra\u00e7\u00e3o, da Universidade Federal de Mato Grosso do Sul, campus de Parana\u00edba. #SouUFMS &#8211; Administra\u00e7\u00e3o Ant\u00f4nio Augusto Pinto Junior Henrique Ma\u00edsa Talia Martins &nbsp; Lucas &nbsp; Marlon Monique Gon\u00e7alves Giovanni Alves Francis Neffe Queiroz Arantes Hillen Cristiny Preti de Freitas [&hellip;]","og_url":"https:\/\/cpar.ufms.br\/graduacao\/administracao\/depoimentos-de-egressos\/","og_site_name":"CPAR - Campus de Parana\u00edba","article_modified_time":"2021-03-09T17:34:10+00:00","og_image":[{"width":400,"height":300,"url":"https:\/\/cpar.ufms.br\/files\/2013\/02\/NEWSd0dd99b933.jpg","type":"image\/jpeg"}],"twitter_misc":{"Est. reading time":"1 minute","Written by":"dirceu.matos"},"schema":{"@context":"https:\/\/schema.org","@graph":[{"@type":"WebPage","@id":"https:\/\/cpar.ufms.br\/graduacao\/administracao\/depoimentos-de-egressos\/","url":"https:\/\/cpar.ufms.br\/graduacao\/administracao\/depoimentos-de-egressos\/","name":"Depoimentos de Egressos - CPAR - Campus de Parana\u00edba","isPartOf":{"@id":"https:\/\/cpar.ufms.br\/#website"},"primaryImageOfPage":{"@id":"https:\/\/cpar.ufms.br\/graduacao\/administracao\/depoimentos-de-egressos\/#primaryimage"},"image":{"@id":"https:\/\/cpar.ufms.br\/graduacao\/administracao\/depoimentos-de-egressos\/#primaryimage"},"thumbnailUrl":"https:\/\/cpar.ufms.br\/files\/2013\/02\/NEWSd0dd99b933.jpg","datePublished":"2018-02-28T18:26:09+00:00","dateModified":"2021-03-09T17:34:10+00:00","breadcrumb":{"@id":"https:\/\/cpar.ufms.br\/graduacao\/administracao\/depoimentos-de-egressos\/#breadcrumb"},"inLanguage":"en-US","potentialAction":[{"@type":"ReadAction","target":["https:\/\/cpar.ufms.br\/graduacao\/administracao\/depoimentos-de-egressos\/"]}]},{"@type":"ImageObject","inLanguage":"en-US","@id":"https:\/\/cpar.ufms.br\/graduacao\/administracao\/depoimentos-de-egressos\/#primaryimage","url":"https:\/\/cpar.ufms.br\/files\/2013\/02\/NEWSd0dd99b933.jpg","contentUrl":"https:\/\/cpar.ufms.br\/files\/2013\/02\/NEWSd0dd99b933.jpg","width":400,"height":300},{"@type":"BreadcrumbList","@id":"https:\/\/cpar.ufms.br\/graduacao\/administracao\/depoimentos-de-egressos\/#breadcrumb","itemListElement":[{"@type":"ListItem","position":1,"name":"In\u00edcio","item":"https:\/\/cpar.ufms.br\/"},{"@type":"ListItem","position":2,"name":"Gradua\u00e7\u00e3o","item":"https:\/\/cpar.ufms.br\/graduacao\/"},{"@type":"ListItem","position":3,"name":"Administra\u00e7\u00e3o","item":"https:\/\/cpar.ufms.br\/graduacao\/administracao\/"},{"@type":"ListItem","position":4,"name":"Depoimentos de Egressos"}]},{"@type":"WebSite","@id":"https:\/\/cpar.ufms.br\/#website","url":"https:\/\/cpar.ufms.br\/","name":"CPAR - Campus de Parana\u00edba","description":"Universidade Federal de Mato Grosso do Sul","potentialAction":[{"@type":"SearchAction","target":{"@type":"EntryPoint","urlTemplate":"https:\/\/cpar.ufms.br\/?s={search_term_string}"},"query-input":{"@type":"PropertyValueSpecification","valueRequired":true,"valueName":"search_term_string"}}],"inLanguage":"en-US"}]}},"_links":{"self":[{"href":"https:\/\/cpar.ufms.br\/en\/wp-json\/wp\/v2\/pages\/6617","targetHints":{"allow":["GET"]}}],"collection":[{"href":"https:\/\/cpar.ufms.br\/en\/wp-json\/wp\/v2\/pages"}],"about":[{"href":"https:\/\/cpar.ufms.br\/en\/wp-json\/wp\/v2\/types\/page"}],"author":[{"embeddable":true,"href":"https:\/\/cpar.ufms.br\/en\/wp-json\/wp\/v2\/users\/1381"}],"replies":[{"embeddable":true,"href":"https:\/\/cpar.ufms.br\/en\/wp-json\/wp\/v2\/comments?post=6617"}],"version-history":[{"count":25,"href":"https:\/\/cpar.ufms.br\/en\/wp-json\/wp\/v2\/pages\/6617\/revisions"}],"predecessor-version":[{"id":10998,"href":"https:\/\/cpar.ufms.br\/en\/wp-json\/wp\/v2\/pages\/6617\/revisions\/10998"}],"up":[{"embeddable":true,"href":"https:\/\/cpar.ufms.br\/en\/wp-json\/wp\/v2\/pages\/83"}],"wp:featuredmedia":[{"embeddable":true,"href":"https:\/\/cpar.ufms.br\/en\/wp-json\/wp\/v2\/media\/1324"}],"wp:attachment":[{"href":"https:\/\/cpar.ufms.br\/en\/wp-json\/wp\/v2\/media?parent=6617"}],"wp:term":[{"taxonomy":"author","embeddable":true,"href":"https:\/\/cpar.ufms.br\/en\/wp-json\/wp\/v2\/coauthors?post=6617"}],"curies":[{"name":"wp","href":"https:\/\/api.w.org\/{rel}","templated":true}]}}