{"id":6991,"date":"2018-05-15T15:15:53","date_gmt":"2018-05-15T19:15:53","guid":{"rendered":"https:\/\/cpar.ufms.br\/?page_id=6991"},"modified":"2025-04-16T13:06:32","modified_gmt":"2025-04-16T17:06:32","slug":"acolhimento-psicologico-comunidade-externa","status":"publish","type":"page","link":"https:\/\/cpar.ufms.br\/en\/clinica-de-psicologia\/acolhimento-psicologico-comunidade-externa\/","title":{"rendered":"Acolhimento Psicol\u00f3gico \u00e0 Comunidade Externa"},"content":{"rendered":"<h4><strong>SERVI\u00c7O-ESCOLA<br \/>\n<\/strong><\/h4>\n<p style=\"text-align: justify\">A Se\u00e7\u00e3o de Psicologia da Universidade Federal de Mato Grosso do Sul, C\u00e2mpus de Parana\u00edba (UFMS\/CPAR\/SEPS), um Servi\u00e7o-Escola, \u00e9 a inst\u00e2ncia administrativa e pedag\u00f3gica de gerenciamento dos projetos de est\u00e1gios e extens\u00e3o do Curso de Gradua\u00e7\u00e3o em Psicologia.<\/p>\n<p style=\"text-align: justify\">Com a crescente procura por atendimento, a fila de espera da Cl\u00ednica-Escola j\u00e1 chegou a ter mais de 300 (trezentas) pessoas em aguardo, algumas h\u00e1 mais de quatro anos!<\/p>\n<p style=\"text-align: justify\">Preocupados em promover o acesso ao cuidado psicol\u00f3gico de fato e na busca de reverter essa realidade, docentes, acad\u00eamicos e servidores da recep\u00e7\u00e3o se empenharam em desenvolver um novo modelo de funcionamento \u2013 mais \u00e9tico, humanizado e melhor ajustado \u00e0s poss\u00edveis necessidades daqueles que buscam um apoio e uma orienta\u00e7\u00e3o psicol\u00f3gica.<\/p>\n<p style=\"text-align: justify\">Implantado a partir de outubro de 2017, o novo modelo de funcionamento tem como atividade central o <strong>\u201cPlant\u00e3o de Acolhimento\u201d<\/strong>.<\/p>\n<p style=\"text-align: justify\">Nesta atividade, atuam mais de 40 (quarenta) acad\u00eamicos supervisionados por 10 (dez) professor-psic\u00f3logos. Com turnos de plant\u00f5es fixos, todos os dias da semana \u00fatil (segunda-feira \u00e0 sexta-feira), e nos tr\u00eas per\u00edodos (manh\u00e3, tarde e noite), a Cl\u00ednica-Escola passou a acolher mais prontamente as pessoas que buscam um apoio psicol\u00f3gico, sem que seja necess\u00e1rio aguardar em fila de espera, no primeiro momento.<\/p>\n<p style=\"text-align: justify\">O Curso de Psicologia da Universidade Federal de Mato Grosso do Sul (UFMS), por meio da Se\u00e7\u00e3o de Psicologia (SEPS), busca contribuir com o desenvolvimento humano e a melhora da qualidade de vida da popula\u00e7\u00e3o de Parana\u00edba e da regi\u00e3o. Esta, por sua vez, ao nos procurar, colabora, tamb\u00e9m, com o desenvolvimento profissional de nossos acad\u00eamicos, os psic\u00f3logos em forma\u00e7\u00e3o, a partir da confian\u00e7a depositada. Por fim, empenhamos nossos esfor\u00e7os, conhecimentos e sensibilidade para que esse encontro seja humanizado e de crescimento para os envolvidos.<\/p>\n<p><a href=\"https:\/\/cpar.ufms.br\/acolhimento-psicologico-comunidade-externa\/mudando-para-humanizar-acolhendo\/\">MUDANDO PARA HUMANIZAR: ACOLHENDO<\/a><\/p>\n<p><a href=\"https:\/\/cpar.ufms.br\/acolhimento-psicologico-comunidade-externa\/como-acontece-o-acolhimento\/\">COMO ACONTECE O ACOLHIMENTO<\/a><\/p>\n<p><a href=\"https:\/\/cpar.ufms.br\/acolhimento-psicologico-comunidade-externa\/quando-o-acolhimento-pode-ajudar-situacoes-problemas-da-vida\/\">QUANDO O ACOLHIMENTO PODE AJUDAR: SITUA\u00c7\u00d5ES-PROBLEMAS DA VIDA<\/a><\/p>\n<hr \/>\n<h3><strong>Hor\u00e1rio de funcionamento da Secretaria e Contato<\/strong><\/h3>\n<div><i><b><\/b><\/i><b><br \/>\n<\/b><\/div>\n<div><b>Segunda a Quinta-feira<\/b><\/div>\n<div>08h \u00e0s 20h<\/div>\n<div><\/div>\n<div><strong>Sexta-feira<\/strong><\/div>\n<div>07h \u00e0s 11h<\/div>\n<div>13h \u00e0s 17h<\/div>\n<p>&nbsp;<\/p>\n<p>Endere\u00e7o: Avenida Pedro Pedrossian, N\u00b0 725 &#8211; Bairro Universit\u00e1rio &#8211; UFMS<\/p>\n<p>Telefone: (67) 3669-0117<\/p>\n","protected":false},"excerpt":{"rendered":"<p>SERVI\u00c7O-ESCOLA A Se\u00e7\u00e3o de Psicologia da Universidade Federal de Mato Grosso do Sul, C\u00e2mpus de Parana\u00edba (UFMS\/CPAR\/SEPS), um Servi\u00e7o-Escola, \u00e9 a inst\u00e2ncia administrativa e pedag\u00f3gica de gerenciamento dos projetos de est\u00e1gios e extens\u00e3o do Curso de Gradua\u00e7\u00e3o em Psicologia. Com a crescente procura por atendimento, a fila de espera da Cl\u00ednica-Escola j\u00e1 chegou a ter [&hellip;]<\/p>\n","protected":false},"author":6362,"featured_media":0,"parent":1384,"menu_order":0,"comment_status":"closed","ping_status":"closed","template":"page-templates\/page-coordenadorias.php","meta":{"footnotes":""},"coauthors":[],"class_list":["post-6991","page","type-page","status-publish","hentry"],"yoast_head":"<!-- This site is optimized with the Yoast SEO plugin v26.2 - https:\/\/yoast.com\/wordpress\/plugins\/seo\/ -->\n<title>Acolhimento Psicol\u00f3gico \u00e0 Comunidade Externa - CPAR - Campus de Parana\u00edba<\/title>\n<meta name=\"robots\" content=\"index, follow, max-snippet:-1, max-image-preview:large, max-video-preview:-1\" \/>\n<link rel=\"canonical\" href=\"https:\/\/cpar.ufms.br\/clinica-de-psicologia\/acolhimento-psicologico-comunidade-externa\/\" \/>\n<meta property=\"og:locale\" content=\"en_US\" \/>\n<meta property=\"og:type\" content=\"article\" \/>\n<meta property=\"og:title\" content=\"Acolhimento Psicol\u00f3gico \u00e0 Comunidade Externa - CPAR - Campus de Parana\u00edba\" \/>\n<meta property=\"og:description\" content=\"SERVI\u00c7O-ESCOLA A Se\u00e7\u00e3o de Psicologia da Universidade Federal de Mato Grosso do Sul, C\u00e2mpus de Parana\u00edba (UFMS\/CPAR\/SEPS), um Servi\u00e7o-Escola, \u00e9 a inst\u00e2ncia administrativa e pedag\u00f3gica de gerenciamento dos projetos de est\u00e1gios e extens\u00e3o do Curso de Gradua\u00e7\u00e3o em Psicologia. Com a crescente procura por atendimento, a fila de espera da Cl\u00ednica-Escola j\u00e1 chegou a ter [&hellip;]\" \/>\n<meta property=\"og:url\" content=\"https:\/\/cpar.ufms.br\/clinica-de-psicologia\/acolhimento-psicologico-comunidade-externa\/\" \/>\n<meta property=\"og:site_name\" content=\"CPAR - Campus de Parana\u00edba\" \/>\n<meta property=\"article:modified_time\" content=\"2025-04-16T17:06:32+00:00\" \/>\n<meta name=\"twitter:label1\" content=\"Est. reading time\" \/>\n\t<meta name=\"twitter:data1\" content=\"2 minutes\" \/>\n\t<meta name=\"twitter:label2\" content=\"Written by\" \/>\n\t<meta name=\"twitter:data2\" content=\"Ailton Junior\" \/>\n<script type=\"application\/ld+json\" class=\"yoast-schema-graph\">{\"@context\":\"https:\/\/schema.org\",\"@graph\":[{\"@type\":\"WebPage\",\"@id\":\"https:\/\/cpar.ufms.br\/clinica-de-psicologia\/acolhimento-psicologico-comunidade-externa\/\",\"url\":\"https:\/\/cpar.ufms.br\/clinica-de-psicologia\/acolhimento-psicologico-comunidade-externa\/\",\"name\":\"Acolhimento Psicol\u00f3gico \u00e0 Comunidade Externa - CPAR - Campus de Parana\u00edba\",\"isPartOf\":{\"@id\":\"https:\/\/cpar.ufms.br\/#website\"},\"datePublished\":\"2018-05-15T19:15:53+00:00\",\"dateModified\":\"2025-04-16T17:06:32+00:00\",\"breadcrumb\":{\"@id\":\"https:\/\/cpar.ufms.br\/clinica-de-psicologia\/acolhimento-psicologico-comunidade-externa\/#breadcrumb\"},\"inLanguage\":\"en-US\",\"potentialAction\":[{\"@type\":\"ReadAction\",\"target\":[\"https:\/\/cpar.ufms.br\/clinica-de-psicologia\/acolhimento-psicologico-comunidade-externa\/\"]}]},{\"@type\":\"BreadcrumbList\",\"@id\":\"https:\/\/cpar.ufms.br\/clinica-de-psicologia\/acolhimento-psicologico-comunidade-externa\/#breadcrumb\",\"itemListElement\":[{\"@type\":\"ListItem\",\"position\":1,\"name\":\"In\u00edcio\",\"item\":\"https:\/\/cpar.ufms.br\/\"},{\"@type\":\"ListItem\",\"position\":2,\"name\":\"Cl\u00ednica-Escola de Psicologia\",\"item\":\"https:\/\/cpar.ufms.br\/clinica-de-psicologia\/\"},{\"@type\":\"ListItem\",\"position\":3,\"name\":\"Acolhimento Psicol\u00f3gico \u00e0 Comunidade Externa\"}]},{\"@type\":\"WebSite\",\"@id\":\"https:\/\/cpar.ufms.br\/#website\",\"url\":\"https:\/\/cpar.ufms.br\/\",\"name\":\"CPAR - Campus de Parana\u00edba\",\"description\":\"Universidade Federal de Mato Grosso do Sul\",\"potentialAction\":[{\"@type\":\"SearchAction\",\"target\":{\"@type\":\"EntryPoint\",\"urlTemplate\":\"https:\/\/cpar.ufms.br\/?s={search_term_string}\"},\"query-input\":{\"@type\":\"PropertyValueSpecification\",\"valueRequired\":true,\"valueName\":\"search_term_string\"}}],\"inLanguage\":\"en-US\"}]}<\/script>\n<!-- \/ Yoast SEO plugin. -->","yoast_head_json":{"title":"Acolhimento Psicol\u00f3gico \u00e0 Comunidade Externa - CPAR - Campus de Parana\u00edba","robots":{"index":"index","follow":"follow","max-snippet":"max-snippet:-1","max-image-preview":"max-image-preview:large","max-video-preview":"max-video-preview:-1"},"canonical":"https:\/\/cpar.ufms.br\/clinica-de-psicologia\/acolhimento-psicologico-comunidade-externa\/","og_locale":"en_US","og_type":"article","og_title":"Acolhimento Psicol\u00f3gico \u00e0 Comunidade Externa - CPAR - Campus de Parana\u00edba","og_description":"SERVI\u00c7O-ESCOLA A Se\u00e7\u00e3o de Psicologia da Universidade Federal de Mato Grosso do Sul, C\u00e2mpus de Parana\u00edba (UFMS\/CPAR\/SEPS), um Servi\u00e7o-Escola, \u00e9 a inst\u00e2ncia administrativa e pedag\u00f3gica de gerenciamento dos projetos de est\u00e1gios e extens\u00e3o do Curso de Gradua\u00e7\u00e3o em Psicologia. Com a crescente procura por atendimento, a fila de espera da Cl\u00ednica-Escola j\u00e1 chegou a ter [&hellip;]","og_url":"https:\/\/cpar.ufms.br\/clinica-de-psicologia\/acolhimento-psicologico-comunidade-externa\/","og_site_name":"CPAR - Campus de Parana\u00edba","article_modified_time":"2025-04-16T17:06:32+00:00","twitter_misc":{"Est. reading time":"2 minutes","Written by":"Ailton Junior"},"schema":{"@context":"https:\/\/schema.org","@graph":[{"@type":"WebPage","@id":"https:\/\/cpar.ufms.br\/clinica-de-psicologia\/acolhimento-psicologico-comunidade-externa\/","url":"https:\/\/cpar.ufms.br\/clinica-de-psicologia\/acolhimento-psicologico-comunidade-externa\/","name":"Acolhimento Psicol\u00f3gico \u00e0 Comunidade Externa - CPAR - Campus de Parana\u00edba","isPartOf":{"@id":"https:\/\/cpar.ufms.br\/#website"},"datePublished":"2018-05-15T19:15:53+00:00","dateModified":"2025-04-16T17:06:32+00:00","breadcrumb":{"@id":"https:\/\/cpar.ufms.br\/clinica-de-psicologia\/acolhimento-psicologico-comunidade-externa\/#breadcrumb"},"inLanguage":"en-US","potentialAction":[{"@type":"ReadAction","target":["https:\/\/cpar.ufms.br\/clinica-de-psicologia\/acolhimento-psicologico-comunidade-externa\/"]}]},{"@type":"BreadcrumbList","@id":"https:\/\/cpar.ufms.br\/clinica-de-psicologia\/acolhimento-psicologico-comunidade-externa\/#breadcrumb","itemListElement":[{"@type":"ListItem","position":1,"name":"In\u00edcio","item":"https:\/\/cpar.ufms.br\/"},{"@type":"ListItem","position":2,"name":"Cl\u00ednica-Escola de Psicologia","item":"https:\/\/cpar.ufms.br\/clinica-de-psicologia\/"},{"@type":"ListItem","position":3,"name":"Acolhimento Psicol\u00f3gico \u00e0 Comunidade Externa"}]},{"@type":"WebSite","@id":"https:\/\/cpar.ufms.br\/#website","url":"https:\/\/cpar.ufms.br\/","name":"CPAR - Campus de Parana\u00edba","description":"Universidade Federal de Mato Grosso do Sul","potentialAction":[{"@type":"SearchAction","target":{"@type":"EntryPoint","urlTemplate":"https:\/\/cpar.ufms.br\/?s={search_term_string}"},"query-input":{"@type":"PropertyValueSpecification","valueRequired":true,"valueName":"search_term_string"}}],"inLanguage":"en-US"}]}},"_links":{"self":[{"href":"https:\/\/cpar.ufms.br\/en\/wp-json\/wp\/v2\/pages\/6991","targetHints":{"allow":["GET"]}}],"collection":[{"href":"https:\/\/cpar.ufms.br\/en\/wp-json\/wp\/v2\/pages"}],"about":[{"href":"https:\/\/cpar.ufms.br\/en\/wp-json\/wp\/v2\/types\/page"}],"author":[{"embeddable":true,"href":"https:\/\/cpar.ufms.br\/en\/wp-json\/wp\/v2\/users\/6362"}],"replies":[{"embeddable":true,"href":"https:\/\/cpar.ufms.br\/en\/wp-json\/wp\/v2\/comments?post=6991"}],"version-history":[{"count":21,"href":"https:\/\/cpar.ufms.br\/en\/wp-json\/wp\/v2\/pages\/6991\/revisions"}],"predecessor-version":[{"id":16712,"href":"https:\/\/cpar.ufms.br\/en\/wp-json\/wp\/v2\/pages\/6991\/revisions\/16712"}],"up":[{"embeddable":true,"href":"https:\/\/cpar.ufms.br\/en\/wp-json\/wp\/v2\/pages\/1384"}],"wp:attachment":[{"href":"https:\/\/cpar.ufms.br\/en\/wp-json\/wp\/v2\/media?parent=6991"}],"wp:term":[{"taxonomy":"author","embeddable":true,"href":"https:\/\/cpar.ufms.br\/en\/wp-json\/wp\/v2\/coauthors?post=6991"}],"curies":[{"name":"wp","href":"https:\/\/api.w.org\/{rel}","templated":true}]}}